{"id":31734,"date":"2026-01-22T20:45:23","date_gmt":"2026-01-22T19:45:23","guid":{"rendered":"https:\/\/sysmatec.ch\/?post_type=product&#038;p=31734"},"modified":"2026-01-22T21:34:37","modified_gmt":"2026-01-22T20:34:37","slug":"digitales-kraftmessgeraet-fs","status":"publish","type":"product","link":"https:\/\/sysmatec.ch\/de\/Produkt\/digitales-kraftmessgeraet-fs\/","title":{"rendered":"Digitales Kraftmessger\u00e4t FS"},"content":{"rendered":"<ul>\n<li>Premium Kraftmessger\u00e4t mit integrierter Messzelle und Anschlussm\u00f6glichkeit f\u00fcr bis zu 4 externe Messzellen<\/li>\n<li>Verwendung mit integrierter Messzelle<br \/>\nDas Premium Kraftmessger\u00e4t SAUTER FS verf\u00fcgt \u00fcber eine integrierte Messzelle f\u00fcr Zug- und Druckkraftanwendungen. Ob mobil zum schnellen Testen oder station\u00e4r in einen Pr\u00fcfstand oder einer Produktionslinie integriert, \u00fcber das Multifunktionsdisplay lassen sich alle erhobenen Werte in Echtzeit auf einen Blick ablesen. \u00dcber die integrierte Schnittstelle k\u00f6nnen die Daten an einen PC oder Laptop zur weiteren Verarbeitung gesendet werden.<\/li>\n<li>Verwendung mit externen Messzellen<br \/>\nDas Premium Kraftmessger\u00e4t SAUTER FS ist mit allen SAUTER Dehnungsmessstreifen-Messzellen kompatibel. Es k\u00f6nnen bis zu 4 externe Messzellen gleichzeitig angeschlossen werden. Bei Nutzung aller verf\u00fcgbarer, externer Messkan\u00e4le wird die interne Messzelle so lange deaktiviert, wie eine externe Messzelle angeschlossen ist.<\/li>\n<li>Messen von Kr\u00e4ften in verschiedenen Zug- oder Druckrichtungen mit nur einem Messger\u00e4t m\u00f6glich<\/li>\n<li>3,5&#8243; Touchscreen mit Touchpen<\/li>\n<li>Standardausf\u00fchrung mit 2 Messkan\u00e4len f\u00fcr externe Kraftsensoren (nachtr\u00e4glich erweiterbar von 2 auf 4)<\/li>\n<li>Eine interne Messzelle ist m\u00f6glich (wird deaktiviert, wenn eine externe Messzelle angesteckt wird)<\/li>\n<li>Geeignet f\u00fcr 4-Leiter- und 6-Leiter-Sensoren mit Dehnungsmessstreifen<\/li>\n<li>Zweipunktjustierung mit Gewichten oder numerische Justierung m\u00f6glich<\/li>\n<li>Die spezifischen Daten eines externen Sensors sind direkt im Stecker gespeichert<\/li>\n<li>USB-Schnittstelle zur Daten\u00fcbertragung und Spannungsversorgung serienm\u00e4\u00dfig<\/li>\n<li>Interner Ger\u00e4tespeicher (16 GB)<\/li>\n<li>Toleranzfunktion<\/li>\n<li>Track-Funktion zur kontinuierlichen Messanzeige<\/li>\n<li>Spitzenwertmessung<\/li>\n<li>Montierbar an alle SAUTER-Pr\u00fcfst\u00e4nde<\/li>\n<li>Lieferung im hochwertigen und robusten System-Koffer (systainer\u00ae T-LOC) inklusive Steckernetzteil und USB-Kabel Typ C<\/li>\n<li>Tipp: Bestellen Sie den praktischen System-Koffer (systainer\u00ae T-LOC) zum Lagern und Transportieren von Zubeh\u00f6r, Klemmen, Sensoren, etc. gleich mit dazu, SAUTER FS TKZ<\/li>\n<li>Aufl\u00f6sung: bis zu 10000 Punkte je Messkanal<\/li>\n<li>Speicherung und \u00dcbertragung an Schnittstelle von Messwerten mit bis zu 1000 Hz je Messkanal<\/li>\n<li>Messgenauigkeiten: &#8211; mit interner Messzelle: 0,1 % von [Max] &#8211; mit externer Messzelle: u. a. von den einge setzten Messzellen abh\u00e4ngig<\/li>\n<li>\u00dcberlastschutz: 150 % von [Max] bei interner Messzelle<\/li>\n<li>Gewinde am Lastaufnehmer: M6 (au\u00dfen)<\/li>\n<li>Akkubetrieb intern, im Lieferumfang enthalten, Betriebsdauer bis zu 8 h ohne Hinterleuchtung, Ladezeit ca. 8 h<\/li>\n<li>Netzadapter extern, zum Anschluss an die USB-C Buchse, serienm\u00e4\u00dfig<\/li>\n<li>Gesamtabmessungen B\u00d7T\u00d7H 71\u00d731\u00d7180 mm<\/li>\n<li>Nettogewicht ca. 0,40 kg<\/li>\n<li>Version F2 f\u00fcr 2 Sensoren, Version F4 f\u00fcr 4 Sensoren<\/li>\n<li>Verf\u00fcgbare externe Sensoren [Max.]: 0,5, 2, 5, 20, 50, 120, 250<\/li>\n<\/ul>\n<table border=\"1\" width=\"442\" cellspacing=\"0\" cellpadding=\"2\">\n<tbody>\n<tr>\n<td><\/td>\n<td width=\"10%\">Ablesbarkeit<\/td>\n<td width=\"10%\">Messbereich<\/td>\n<\/tr>\n<tr>\n<td>Kraftmessger\u00e4t Modell<\/td>\n<td width=\"10%\">N<\/td>\n<td width=\"10%\">N<\/td>\n<\/tr>\n<tr>\n<td>FS 2<\/td>\n<td width=\"10%\">nur Steuereinheit<\/td>\n<td width=\"10%\">&#8211;<\/td>\n<\/tr>\n<tr>\n<td>FS 2-20<\/td>\n<td width=\"10%\">0.004<\/td>\n<td width=\"10%\">20<\/td>\n<\/tr>\n<tr>\n<td>FS 2-50<\/td>\n<td width=\"10%\">0.01<\/td>\n<td width=\"10%\">50<\/td>\n<\/tr>\n<tr>\n<td>FS 2-100<\/td>\n<td width=\"10%\">0.02<\/td>\n<td width=\"10%\">100<\/td>\n<\/tr>\n<tr>\n<td>FS 2-200<\/td>\n<td width=\"10%\">0.04<\/td>\n<td width=\"10%\">200<\/td>\n<\/tr>\n<tr>\n<td>FS 2-500<\/td>\n<td width=\"10%\">0.1<\/td>\n<td width=\"10%\">500<\/td>\n<\/tr>\n<tr>\n<td>FS 4<\/td>\n<td width=\"10%\">nur Steuereinheit<\/td>\n<td width=\"10%\">&#8211;<\/td>\n<\/tr>\n<tr>\n<td>FS 4-20<\/td>\n<td width=\"10%\">0.004<\/td>\n<td width=\"10%\">20<\/td>\n<\/tr>\n<tr>\n<td>FS 4-50<\/td>\n<td width=\"10%\">0.01<\/td>\n<td width=\"10%\">50<\/td>\n<\/tr>\n<tr>\n<td>FS 4-100<\/td>\n<td width=\"10%\">0.02<\/td>\n<td width=\"10%\">100<\/td>\n<\/tr>\n<tr>\n<td>FS 4-200<\/td>\n<td width=\"10%\">0.04<\/td>\n<td width=\"10%\">200<\/td>\n<\/tr>\n<tr>\n<td>FS 4-500<\/td>\n<td width=\"10%\">0.1<\/td>\n<td width=\"10%\">500<\/td>\n<\/tr>\n<\/tbody>\n<\/table>\n","protected":false},"excerpt":{"rendered":"<p>Hochwertiger digitaler Kraftmessger\u00e4t<\/p>\n","protected":false},"featured_media":31762,"template":"","meta":{"_crdt_document":""},"product_brand":[],"product_cat":[318,180],"product_tag":[],"class_list":{"0":"post-31734","1":"product","2":"type-product","3":"status-publish","4":"has-post-thumbnail","6":"product_cat-kraft","7":"product_cat-messung","9":"first","10":"instock","11":"taxable","12":"shipping-taxable","13":"purchasable","14":"product-type-variable","15":"has-default-attributes"},"yoast_head":"<!-- This site is optimized with the Yoast SEO plugin v27.4 - https:\/\/yoast.com\/product\/yoast-seo-wordpress\/ -->\n<title>Digitales Kraftmessger\u00e4t FS - Sysmatec<\/title>\n<meta name=\"description\" content=\"Tragbares Kraftmessger\u00e4t f\u00fcr Messbereiche von 0,2 bis 0,500 N mit internen Sensoren und 0,5 kN bis 0,250 kN mit externen Sensoren. Einheiten: Newton, lb oder kg.\" \/>\n<meta name=\"robots\" content=\"index, follow, max-snippet:-1, max-image-preview:large, max-video-preview:-1\" \/>\n<link rel=\"canonical\" href=\"https:\/\/sysmatec.ch\/de\/Produkt\/digitales-kraftmessgeraet-fs\/\" \/>\n<meta property=\"og:locale\" content=\"de_DE\" \/>\n<meta property=\"og:type\" content=\"article\" \/>\n<meta property=\"og:title\" content=\"Digitales Kraftmessger\u00e4t FS - Sysmatec\" \/>\n<meta property=\"og:description\" content=\"Tragbares Kraftmessger\u00e4t f\u00fcr Messbereiche von 0,2 bis 0,500 N mit internen Sensoren und 0,5 kN bis 0,250 kN mit externen Sensoren. Einheiten: Newton, lb oder kg.\" \/>\n<meta property=\"og:url\" content=\"https:\/\/sysmatec.ch\/de\/Produkt\/digitales-kraftmessgeraet-fs\/\" \/>\n<meta property=\"og:site_name\" content=\"Sysmatec\" \/>\n<meta property=\"article:modified_time\" content=\"2026-01-22T20:34:37+00:00\" \/>\n<meta property=\"og:image\" content=\"https:\/\/sysmatec.ch\/wp-content\/uploads\/2026\/01\/Dynamometre_KernFS1.jpg\" \/>\n\t<meta property=\"og:image:width\" content=\"514\" \/>\n\t<meta property=\"og:image:height\" content=\"499\" \/>\n\t<meta property=\"og:image:type\" content=\"image\/jpeg\" \/>\n<meta name=\"twitter:card\" content=\"summary_large_image\" \/>\n<meta name=\"twitter:label1\" content=\"Gesch\u00e4tzte Lesezeit\" \/>\n\t<meta name=\"twitter:data1\" content=\"3\u00a0Minuten\" \/>\n<script type=\"application\/ld+json\" class=\"yoast-schema-graph\">{\"@context\":\"https:\\\/\\\/schema.org\",\"@graph\":[{\"@type\":\"WebPage\",\"@id\":\"https:\\\/\\\/sysmatec.ch\\\/de\\\/Produkt\\\/digitales-kraftmessgeraet-fs\\\/\",\"url\":\"https:\\\/\\\/sysmatec.ch\\\/de\\\/Produkt\\\/digitales-kraftmessgeraet-fs\\\/\",\"name\":\"Digitales Kraftmessger\u00e4t FS - Sysmatec\",\"isPartOf\":{\"@id\":\"https:\\\/\\\/sysmatec.ch\\\/de\\\/#website\"},\"primaryImageOfPage\":{\"@id\":\"https:\\\/\\\/sysmatec.ch\\\/de\\\/Produkt\\\/digitales-kraftmessgeraet-fs\\\/#primaryimage\"},\"image\":{\"@id\":\"https:\\\/\\\/sysmatec.ch\\\/de\\\/Produkt\\\/digitales-kraftmessgeraet-fs\\\/#primaryimage\"},\"thumbnailUrl\":\"https:\\\/\\\/sysmatec.ch\\\/wp-content\\\/uploads\\\/2026\\\/01\\\/Dynamometre_KernFS1.jpg\",\"datePublished\":\"2026-01-22T19:45:23+00:00\",\"dateModified\":\"2026-01-22T20:34:37+00:00\",\"description\":\"Tragbares Kraftmessger\u00e4t f\u00fcr Messbereiche von 0,2 bis 0,500 N mit internen Sensoren und 0,5 kN bis 0,250 kN mit externen Sensoren. Einheiten: Newton, lb oder kg.\",\"breadcrumb\":{\"@id\":\"https:\\\/\\\/sysmatec.ch\\\/de\\\/Produkt\\\/digitales-kraftmessgeraet-fs\\\/#breadcrumb\"},\"inLanguage\":\"de\",\"potentialAction\":[{\"@type\":\"ReadAction\",\"target\":[\"https:\\\/\\\/sysmatec.ch\\\/de\\\/Produkt\\\/digitales-kraftmessgeraet-fs\\\/\"]}]},{\"@type\":\"ImageObject\",\"inLanguage\":\"de\",\"@id\":\"https:\\\/\\\/sysmatec.ch\\\/de\\\/Produkt\\\/digitales-kraftmessgeraet-fs\\\/#primaryimage\",\"url\":\"https:\\\/\\\/sysmatec.ch\\\/wp-content\\\/uploads\\\/2026\\\/01\\\/Dynamometre_KernFS1.jpg\",\"contentUrl\":\"https:\\\/\\\/sysmatec.ch\\\/wp-content\\\/uploads\\\/2026\\\/01\\\/Dynamometre_KernFS1.jpg\",\"width\":514,\"height\":499},{\"@type\":\"BreadcrumbList\",\"@id\":\"https:\\\/\\\/sysmatec.ch\\\/de\\\/Produkt\\\/digitales-kraftmessgeraet-fs\\\/#breadcrumb\",\"itemListElement\":[{\"@type\":\"ListItem\",\"position\":1,\"name\":\"Accueil\",\"item\":\"https:\\\/\\\/sysmatec.ch\\\/de\\\/\"},{\"@type\":\"ListItem\",\"position\":2,\"name\":\"Die Aktivit\u00e4t von Sysmatec\",\"item\":\"https:\\\/\\\/sysmatec.ch\\\/de\\\/\"},{\"@type\":\"ListItem\",\"position\":3,\"name\":\"Digitales Kraftmessger\u00e4t FS\"}]},{\"@type\":\"WebSite\",\"@id\":\"https:\\\/\\\/sysmatec.ch\\\/de\\\/#website\",\"url\":\"https:\\\/\\\/sysmatec.ch\\\/de\\\/\",\"name\":\"Sysmatec\",\"description\":\"Equipement de laboratoire et logiciels\",\"publisher\":{\"@id\":\"https:\\\/\\\/sysmatec.ch\\\/de\\\/#organization\"},\"potentialAction\":[{\"@type\":\"SearchAction\",\"target\":{\"@type\":\"EntryPoint\",\"urlTemplate\":\"https:\\\/\\\/sysmatec.ch\\\/de\\\/?s={search_term_string}\"},\"query-input\":{\"@type\":\"PropertyValueSpecification\",\"valueRequired\":true,\"valueName\":\"search_term_string\"}}],\"inLanguage\":\"de\"},{\"@type\":\"Organization\",\"@id\":\"https:\\\/\\\/sysmatec.ch\\\/de\\\/#organization\",\"name\":\"Sysmatec\",\"url\":\"https:\\\/\\\/sysmatec.ch\\\/de\\\/\",\"logo\":{\"@type\":\"ImageObject\",\"inLanguage\":\"de\",\"@id\":\"https:\\\/\\\/sysmatec.ch\\\/de\\\/#\\\/schema\\\/logo\\\/image\\\/\",\"url\":\"https:\\\/\\\/sysmatec.ch\\\/wp-content\\\/uploads\\\/2018\\\/11\\\/LogoSysmatec.jpg\",\"contentUrl\":\"https:\\\/\\\/sysmatec.ch\\\/wp-content\\\/uploads\\\/2018\\\/11\\\/LogoSysmatec.jpg\",\"width\":301,\"height\":297,\"caption\":\"Sysmatec\"},\"image\":{\"@id\":\"https:\\\/\\\/sysmatec.ch\\\/de\\\/#\\\/schema\\\/logo\\\/image\\\/\"}}]}<\/script>\n<!-- \/ Yoast SEO plugin. -->","yoast_head_json":{"title":"Digitales Kraftmessger\u00e4t FS - Sysmatec","description":"Tragbares Kraftmessger\u00e4t f\u00fcr Messbereiche von 0,2 bis 0,500 N mit internen Sensoren und 0,5 kN bis 0,250 kN mit externen Sensoren. Einheiten: Newton, lb oder kg.","robots":{"index":"index","follow":"follow","max-snippet":"max-snippet:-1","max-image-preview":"max-image-preview:large","max-video-preview":"max-video-preview:-1"},"canonical":"https:\/\/sysmatec.ch\/de\/Produkt\/digitales-kraftmessgeraet-fs\/","og_locale":"de_DE","og_type":"article","og_title":"Digitales Kraftmessger\u00e4t FS - Sysmatec","og_description":"Tragbares Kraftmessger\u00e4t f\u00fcr Messbereiche von 0,2 bis 0,500 N mit internen Sensoren und 0,5 kN bis 0,250 kN mit externen Sensoren. Einheiten: Newton, lb oder kg.","og_url":"https:\/\/sysmatec.ch\/de\/Produkt\/digitales-kraftmessgeraet-fs\/","og_site_name":"Sysmatec","article_modified_time":"2026-01-22T20:34:37+00:00","og_image":[{"width":514,"height":499,"url":"https:\/\/sysmatec.ch\/wp-content\/uploads\/2026\/01\/Dynamometre_KernFS1.jpg","type":"image\/jpeg"}],"twitter_card":"summary_large_image","twitter_misc":{"Gesch\u00e4tzte Lesezeit":"3\u00a0Minuten"},"schema":{"@context":"https:\/\/schema.org","@graph":[{"@type":"WebPage","@id":"https:\/\/sysmatec.ch\/de\/Produkt\/digitales-kraftmessgeraet-fs\/","url":"https:\/\/sysmatec.ch\/de\/Produkt\/digitales-kraftmessgeraet-fs\/","name":"Digitales Kraftmessger\u00e4t FS - Sysmatec","isPartOf":{"@id":"https:\/\/sysmatec.ch\/de\/#website"},"primaryImageOfPage":{"@id":"https:\/\/sysmatec.ch\/de\/Produkt\/digitales-kraftmessgeraet-fs\/#primaryimage"},"image":{"@id":"https:\/\/sysmatec.ch\/de\/Produkt\/digitales-kraftmessgeraet-fs\/#primaryimage"},"thumbnailUrl":"https:\/\/sysmatec.ch\/wp-content\/uploads\/2026\/01\/Dynamometre_KernFS1.jpg","datePublished":"2026-01-22T19:45:23+00:00","dateModified":"2026-01-22T20:34:37+00:00","description":"Tragbares Kraftmessger\u00e4t f\u00fcr Messbereiche von 0,2 bis 0,500 N mit internen Sensoren und 0,5 kN bis 0,250 kN mit externen Sensoren. Einheiten: Newton, lb oder kg.","breadcrumb":{"@id":"https:\/\/sysmatec.ch\/de\/Produkt\/digitales-kraftmessgeraet-fs\/#breadcrumb"},"inLanguage":"de","potentialAction":[{"@type":"ReadAction","target":["https:\/\/sysmatec.ch\/de\/Produkt\/digitales-kraftmessgeraet-fs\/"]}]},{"@type":"ImageObject","inLanguage":"de","@id":"https:\/\/sysmatec.ch\/de\/Produkt\/digitales-kraftmessgeraet-fs\/#primaryimage","url":"https:\/\/sysmatec.ch\/wp-content\/uploads\/2026\/01\/Dynamometre_KernFS1.jpg","contentUrl":"https:\/\/sysmatec.ch\/wp-content\/uploads\/2026\/01\/Dynamometre_KernFS1.jpg","width":514,"height":499},{"@type":"BreadcrumbList","@id":"https:\/\/sysmatec.ch\/de\/Produkt\/digitales-kraftmessgeraet-fs\/#breadcrumb","itemListElement":[{"@type":"ListItem","position":1,"name":"Accueil","item":"https:\/\/sysmatec.ch\/de\/"},{"@type":"ListItem","position":2,"name":"Die Aktivit\u00e4t von Sysmatec","item":"https:\/\/sysmatec.ch\/de\/"},{"@type":"ListItem","position":3,"name":"Digitales Kraftmessger\u00e4t FS"}]},{"@type":"WebSite","@id":"https:\/\/sysmatec.ch\/de\/#website","url":"https:\/\/sysmatec.ch\/de\/","name":"Sysmatec","description":"Equipement de laboratoire et logiciels","publisher":{"@id":"https:\/\/sysmatec.ch\/de\/#organization"},"potentialAction":[{"@type":"SearchAction","target":{"@type":"EntryPoint","urlTemplate":"https:\/\/sysmatec.ch\/de\/?s={search_term_string}"},"query-input":{"@type":"PropertyValueSpecification","valueRequired":true,"valueName":"search_term_string"}}],"inLanguage":"de"},{"@type":"Organization","@id":"https:\/\/sysmatec.ch\/de\/#organization","name":"Sysmatec","url":"https:\/\/sysmatec.ch\/de\/","logo":{"@type":"ImageObject","inLanguage":"de","@id":"https:\/\/sysmatec.ch\/de\/#\/schema\/logo\/image\/","url":"https:\/\/sysmatec.ch\/wp-content\/uploads\/2018\/11\/LogoSysmatec.jpg","contentUrl":"https:\/\/sysmatec.ch\/wp-content\/uploads\/2018\/11\/LogoSysmatec.jpg","width":301,"height":297,"caption":"Sysmatec"},"image":{"@id":"https:\/\/sysmatec.ch\/de\/#\/schema\/logo\/image\/"}}]}},"_links":{"self":[{"href":"https:\/\/sysmatec.ch\/de\/wp-json\/wp\/v2\/product\/31734","targetHints":{"allow":["GET"]}}],"collection":[{"href":"https:\/\/sysmatec.ch\/de\/wp-json\/wp\/v2\/product"}],"about":[{"href":"https:\/\/sysmatec.ch\/de\/wp-json\/wp\/v2\/types\/product"}],"wp:featuredmedia":[{"embeddable":true,"href":"https:\/\/sysmatec.ch\/de\/wp-json\/wp\/v2\/media\/31762"}],"wp:attachment":[{"href":"https:\/\/sysmatec.ch\/de\/wp-json\/wp\/v2\/media?parent=31734"}],"wp:term":[{"taxonomy":"product_brand","embeddable":true,"href":"https:\/\/sysmatec.ch\/de\/wp-json\/wp\/v2\/product_brand?post=31734"},{"taxonomy":"product_cat","embeddable":true,"href":"https:\/\/sysmatec.ch\/de\/wp-json\/wp\/v2\/product_cat?post=31734"},{"taxonomy":"product_tag","embeddable":true,"href":"https:\/\/sysmatec.ch\/de\/wp-json\/wp\/v2\/product_tag?post=31734"}],"curies":[{"name":"wp","href":"https:\/\/api.w.org\/{rel}","templated":true}]}}