{"id":31707,"date":"2026-01-21T18:53:40","date_gmt":"2026-01-21T17:53:40","guid":{"rendered":"https:\/\/sysmatec.ch\/?post_type=product&#038;p=31707"},"modified":"2026-01-21T19:14:19","modified_gmt":"2026-01-21T18:14:19","slug":"stuhlwaage-mcn","status":"publish","type":"product","link":"https:\/\/sysmatec.ch\/de\/Produkt\/stuhlwaage-mcn\/","title":{"rendered":"Stuhlwaage MCN"},"content":{"rendered":"<ul id=\"kernList1\">\n<li>Mobile integrationsf\u00e4hige Stuhlwaage zum drahtlosen \u00dcbertragen der W\u00e4gedaten an EMR- oder EHR-Systeme<\/li>\n<li>Eichklasse III (Eichung\u00a0optional)<\/li>\n<li>Medizinzulassung nach VO (EU) 2017\/745<\/li>\n<li>Dank der integrierten WLAN-Schnittstelle ist dieses Modell vorbereitet f\u00fcr das drahtlose \u00dcbertragen von Gewichtswerten direkt in die digitale Patientenakte. Dadurch werden etwaige Dokumentations- oder \u00dcbertragungsfehler, wie sie bei der manuellen Daten\u00fcbernahme vorkommen k\u00f6nnen, ausgeschlossen. Dank dieser Technologie l\u00e4sst sich dieses Modell in bestehende oder zuk\u00fcnftige EMR- und EHR-Systeme integrieren und sichert schon jetzt die Zukunftsf\u00e4higkeit Ihrer Investition<\/li>\n<li>KERN Universal Port (KUP): erlaubt den Anschluss externer KUP Schnittstellenadapter, wie z. B. RS-232, USB, Bluetooth, WLAN oder Ethernet, zum Austausch von Daten und Steuerbefehlen, ohne Einbauaufwand<\/li>\n<li>Diese Stuhlwaage ist das ideale Messinstrument f\u00fcr die Altenpflege und Paramedizin, einschlie\u00dflich Wiegungen im adip\u00f6sen Bereich bis 250 kg<\/li>\n<li>Fahrbare Ausf\u00fchrung mit zwei lenkbaren Rollen und besonders komfortablen Feststellbremsen hinten<\/li>\n<li>Durch ihre vier R\u00e4der gew\u00e4hrleistet diese Stuhlwaage ein H\u00f6chstma\u00df an Mobilit\u00e4t im Verbringen zum Patienten. Dadurch wird eine h\u00f6here Zeiteffizienz des Klinikpersonals sowie eine verbesserte Sicherheit der Patienten erreicht, die in ihrem gewohnten Umfeld gewogen werden k\u00f6nnen<\/li>\n<li>Die Rollen erm\u00f6glichen durch ihren gro\u00dfen Querschnitt ein bequemes \u00dcberwinden von T\u00fcrschwellen, Kanten und Spalten von Personenaufz\u00fcgen<\/li>\n<li>F\u00fcr gebrechliche Patienten bietet die bequeme, ergonomisch optimierte Sitzschale sicheren Halt w\u00e4hrend der Wiegung<\/li>\n<li>Sitzfl\u00e4che, Fu\u00df- und Armauflagen in deutlich kontrastierendem Schwarz, dadurch ideal f\u00fcr Demenzpatienten geeignet<\/li>\n<li>Zwei umklappbare Armlehnen und Fu\u00dfst\u00fctzen erleichtern das Platznehmen. Ideal f\u00fcr \u00fcbergewichtige Patienten oder zum barrierefreien Umsetzen z. B. vom Bett auf die Stuhlwaage<\/li>\n<li>Ergonomisch angeordnete Handgriffe<\/li>\n<li>Hold-Funktion: Bei unruhig sitzenden Patienten wird \u00fcber Mittelwertbildung ein stabiler W\u00e4gewert ermittelt und &#8222;eingefroren&#8220;. So bleibt gen\u00fcgend Zeit, sich dem Patienten zu widmen und anschlie\u00dfend in Ruhe den W\u00e4gewert abzulesen<\/li>\n<li>BMI-Funktion zur Ermittlung von Untergewicht\/Normalgewicht\/\u00dcbergewicht<\/li>\n<li>Feinanzeige: durch Tastendruck kann die Ablesbarkeit [d] f\u00fcr 5 s um 1 Stelle erh\u00f6ht werden<\/li>\n<li>Batterie- und Netzbetrieb m\u00f6glich, Akkubetrieb optional<\/li>\n<li>In der EU ist bei Waagen mit Zweckbestimmung als Medizinprodukt die\u00a0Eichung\u00a0(Konformit\u00e4tsbewertung\u00a0nach NAWI 2014\/31\/EU) gesetzlich vorgeschrieben, bitte unter Angabe von Aufstellungsort und PLZ mitbestellen.<\/li>\n<li>Abmessungen Sitzfl\u00e4che B\u00d7T 390\u00d7360 mm<\/li>\n<li>Abmessungen Auswerteger\u00e4t B\u00d7T\u00d7H 210\u00d754\u00d7100 mm<\/li>\n<li>Batteriebetrieb m\u00f6glich, 6\u00d71.5 V AA, nicht inklusive, Betriebsdauer bis zu 20 h<\/li>\n<li>Externer Netzadapter serienm\u00e4\u00dfig<\/li>\n<li>Gewicht: 24 kg<\/li>\n<\/ul>\n<table border=\"1\" width=\"437\" cellspacing=\"0\" cellpadding=\"2\">\n<tbody>\n<tr>\n<td>Modell<\/td>\n<td width=\"10%\">Ablesbarkeit<\/td>\n<td width=\"10%\">W\u00e4gebereich<\/td>\n<\/tr>\n<tr>\n<td><\/td>\n<td width=\"10%\">kg<\/td>\n<td width=\"10%\">kg<\/td>\n<\/tr>\n<tr>\n<td>MCN 200K-1M<\/td>\n<td width=\"10%\">0.1<\/td>\n<td width=\"10%\">250<\/td>\n<\/tr>\n<\/tbody>\n<\/table>\n","protected":false},"excerpt":{"rendered":"<p>Ergonomische Stuhlwaage mit Homologation und medizinischer Zulassung f\u00fcr den professionellen Einsatz in der medizinischen Diagnostik. Norm 93\/42\/EWG.<\/p>\n","protected":false},"featured_media":31713,"template":"","meta":{"_crdt_document":""},"product_brand":[],"product_cat":[165,330],"product_tag":[],"class_list":{"0":"post-31707","1":"product","2":"type-product","3":"status-publish","4":"has-post-thumbnail","6":"product_cat-gewicht","7":"product_cat-medizinisch","9":"first","10":"instock","11":"taxable","12":"shipping-taxable","13":"purchasable","14":"product-type-simple"},"yoast_head":"<!-- This site is optimized with the Yoast SEO plugin v27.4 - https:\/\/yoast.com\/product\/yoast-seo-wordpress\/ -->\n<title>Stuhlwaage MCN - Sysmatec<\/title>\n<meta name=\"description\" content=\"Rollstuhl mit medizinischer Waage, zugelassen gem\u00e4\u00df 93\/42\/EWG. Gewichtsbereich von 0 bis 250 kg. Zugelassen f\u00fcr die Verwendung mit verschiedenen Kommunikationsschnittstellen (WLAN, Bluetooth).\" \/>\n<meta name=\"robots\" content=\"index, follow, max-snippet:-1, max-image-preview:large, max-video-preview:-1\" \/>\n<link rel=\"canonical\" href=\"https:\/\/sysmatec.ch\/de\/Produkt\/stuhlwaage-mcn\/\" \/>\n<meta property=\"og:locale\" content=\"de_DE\" \/>\n<meta property=\"og:type\" content=\"article\" \/>\n<meta property=\"og:title\" content=\"Stuhlwaage MCN - Sysmatec\" \/>\n<meta property=\"og:description\" content=\"Rollstuhl mit medizinischer Waage, zugelassen gem\u00e4\u00df 93\/42\/EWG. Gewichtsbereich von 0 bis 250 kg. Zugelassen f\u00fcr die Verwendung mit verschiedenen Kommunikationsschnittstellen (WLAN, Bluetooth).\" \/>\n<meta property=\"og:url\" content=\"https:\/\/sysmatec.ch\/de\/Produkt\/stuhlwaage-mcn\/\" \/>\n<meta property=\"og:site_name\" content=\"Sysmatec\" \/>\n<meta property=\"article:modified_time\" content=\"2026-01-21T18:14:19+00:00\" \/>\n<meta property=\"og:image\" content=\"https:\/\/sysmatec.ch\/wp-content\/uploads\/2026\/01\/Balance_KernMCN1.jpg\" \/>\n\t<meta property=\"og:image:width\" content=\"480\" \/>\n\t<meta property=\"og:image:height\" content=\"546\" \/>\n\t<meta property=\"og:image:type\" content=\"image\/jpeg\" \/>\n<meta name=\"twitter:card\" content=\"summary_large_image\" \/>\n<meta name=\"twitter:label1\" content=\"Gesch\u00e4tzte Lesezeit\" \/>\n\t<meta name=\"twitter:data1\" content=\"3\u00a0Minuten\" \/>\n<script type=\"application\/ld+json\" class=\"yoast-schema-graph\">{\"@context\":\"https:\\\/\\\/schema.org\",\"@graph\":[{\"@type\":\"WebPage\",\"@id\":\"https:\\\/\\\/sysmatec.ch\\\/de\\\/Produkt\\\/stuhlwaage-mcn\\\/\",\"url\":\"https:\\\/\\\/sysmatec.ch\\\/de\\\/Produkt\\\/stuhlwaage-mcn\\\/\",\"name\":\"Stuhlwaage MCN - Sysmatec\",\"isPartOf\":{\"@id\":\"https:\\\/\\\/sysmatec.ch\\\/de\\\/#website\"},\"primaryImageOfPage\":{\"@id\":\"https:\\\/\\\/sysmatec.ch\\\/de\\\/Produkt\\\/stuhlwaage-mcn\\\/#primaryimage\"},\"image\":{\"@id\":\"https:\\\/\\\/sysmatec.ch\\\/de\\\/Produkt\\\/stuhlwaage-mcn\\\/#primaryimage\"},\"thumbnailUrl\":\"https:\\\/\\\/sysmatec.ch\\\/wp-content\\\/uploads\\\/2026\\\/01\\\/Balance_KernMCN1.jpg\",\"datePublished\":\"2026-01-21T17:53:40+00:00\",\"dateModified\":\"2026-01-21T18:14:19+00:00\",\"description\":\"Rollstuhl mit medizinischer Waage, zugelassen gem\u00e4\u00df 93\\\/42\\\/EWG. Gewichtsbereich von 0 bis 250 kg. Zugelassen f\u00fcr die Verwendung mit verschiedenen Kommunikationsschnittstellen (WLAN, Bluetooth).\",\"breadcrumb\":{\"@id\":\"https:\\\/\\\/sysmatec.ch\\\/de\\\/Produkt\\\/stuhlwaage-mcn\\\/#breadcrumb\"},\"inLanguage\":\"de\",\"potentialAction\":[{\"@type\":\"ReadAction\",\"target\":[\"https:\\\/\\\/sysmatec.ch\\\/de\\\/Produkt\\\/stuhlwaage-mcn\\\/\"]}]},{\"@type\":\"ImageObject\",\"inLanguage\":\"de\",\"@id\":\"https:\\\/\\\/sysmatec.ch\\\/de\\\/Produkt\\\/stuhlwaage-mcn\\\/#primaryimage\",\"url\":\"https:\\\/\\\/sysmatec.ch\\\/wp-content\\\/uploads\\\/2026\\\/01\\\/Balance_KernMCN1.jpg\",\"contentUrl\":\"https:\\\/\\\/sysmatec.ch\\\/wp-content\\\/uploads\\\/2026\\\/01\\\/Balance_KernMCN1.jpg\",\"width\":480,\"height\":546},{\"@type\":\"BreadcrumbList\",\"@id\":\"https:\\\/\\\/sysmatec.ch\\\/de\\\/Produkt\\\/stuhlwaage-mcn\\\/#breadcrumb\",\"itemListElement\":[{\"@type\":\"ListItem\",\"position\":1,\"name\":\"Accueil\",\"item\":\"https:\\\/\\\/sysmatec.ch\\\/de\\\/\"},{\"@type\":\"ListItem\",\"position\":2,\"name\":\"Die Aktivit\u00e4t von Sysmatec\",\"item\":\"https:\\\/\\\/sysmatec.ch\\\/de\\\/\"},{\"@type\":\"ListItem\",\"position\":3,\"name\":\"Stuhlwaage MCN\"}]},{\"@type\":\"WebSite\",\"@id\":\"https:\\\/\\\/sysmatec.ch\\\/de\\\/#website\",\"url\":\"https:\\\/\\\/sysmatec.ch\\\/de\\\/\",\"name\":\"Sysmatec\",\"description\":\"Equipement de laboratoire et logiciels\",\"publisher\":{\"@id\":\"https:\\\/\\\/sysmatec.ch\\\/de\\\/#organization\"},\"potentialAction\":[{\"@type\":\"SearchAction\",\"target\":{\"@type\":\"EntryPoint\",\"urlTemplate\":\"https:\\\/\\\/sysmatec.ch\\\/de\\\/?s={search_term_string}\"},\"query-input\":{\"@type\":\"PropertyValueSpecification\",\"valueRequired\":true,\"valueName\":\"search_term_string\"}}],\"inLanguage\":\"de\"},{\"@type\":\"Organization\",\"@id\":\"https:\\\/\\\/sysmatec.ch\\\/de\\\/#organization\",\"name\":\"Sysmatec\",\"url\":\"https:\\\/\\\/sysmatec.ch\\\/de\\\/\",\"logo\":{\"@type\":\"ImageObject\",\"inLanguage\":\"de\",\"@id\":\"https:\\\/\\\/sysmatec.ch\\\/de\\\/#\\\/schema\\\/logo\\\/image\\\/\",\"url\":\"https:\\\/\\\/sysmatec.ch\\\/wp-content\\\/uploads\\\/2018\\\/11\\\/LogoSysmatec.jpg\",\"contentUrl\":\"https:\\\/\\\/sysmatec.ch\\\/wp-content\\\/uploads\\\/2018\\\/11\\\/LogoSysmatec.jpg\",\"width\":301,\"height\":297,\"caption\":\"Sysmatec\"},\"image\":{\"@id\":\"https:\\\/\\\/sysmatec.ch\\\/de\\\/#\\\/schema\\\/logo\\\/image\\\/\"}}]}<\/script>\n<!-- \/ Yoast SEO plugin. -->","yoast_head_json":{"title":"Stuhlwaage MCN - Sysmatec","description":"Rollstuhl mit medizinischer Waage, zugelassen gem\u00e4\u00df 93\/42\/EWG. Gewichtsbereich von 0 bis 250 kg. Zugelassen f\u00fcr die Verwendung mit verschiedenen Kommunikationsschnittstellen (WLAN, Bluetooth).","robots":{"index":"index","follow":"follow","max-snippet":"max-snippet:-1","max-image-preview":"max-image-preview:large","max-video-preview":"max-video-preview:-1"},"canonical":"https:\/\/sysmatec.ch\/de\/Produkt\/stuhlwaage-mcn\/","og_locale":"de_DE","og_type":"article","og_title":"Stuhlwaage MCN - Sysmatec","og_description":"Rollstuhl mit medizinischer Waage, zugelassen gem\u00e4\u00df 93\/42\/EWG. Gewichtsbereich von 0 bis 250 kg. Zugelassen f\u00fcr die Verwendung mit verschiedenen Kommunikationsschnittstellen (WLAN, Bluetooth).","og_url":"https:\/\/sysmatec.ch\/de\/Produkt\/stuhlwaage-mcn\/","og_site_name":"Sysmatec","article_modified_time":"2026-01-21T18:14:19+00:00","og_image":[{"width":480,"height":546,"url":"https:\/\/sysmatec.ch\/wp-content\/uploads\/2026\/01\/Balance_KernMCN1.jpg","type":"image\/jpeg"}],"twitter_card":"summary_large_image","twitter_misc":{"Gesch\u00e4tzte Lesezeit":"3\u00a0Minuten"},"schema":{"@context":"https:\/\/schema.org","@graph":[{"@type":"WebPage","@id":"https:\/\/sysmatec.ch\/de\/Produkt\/stuhlwaage-mcn\/","url":"https:\/\/sysmatec.ch\/de\/Produkt\/stuhlwaage-mcn\/","name":"Stuhlwaage MCN - Sysmatec","isPartOf":{"@id":"https:\/\/sysmatec.ch\/de\/#website"},"primaryImageOfPage":{"@id":"https:\/\/sysmatec.ch\/de\/Produkt\/stuhlwaage-mcn\/#primaryimage"},"image":{"@id":"https:\/\/sysmatec.ch\/de\/Produkt\/stuhlwaage-mcn\/#primaryimage"},"thumbnailUrl":"https:\/\/sysmatec.ch\/wp-content\/uploads\/2026\/01\/Balance_KernMCN1.jpg","datePublished":"2026-01-21T17:53:40+00:00","dateModified":"2026-01-21T18:14:19+00:00","description":"Rollstuhl mit medizinischer Waage, zugelassen gem\u00e4\u00df 93\/42\/EWG. Gewichtsbereich von 0 bis 250 kg. Zugelassen f\u00fcr die Verwendung mit verschiedenen Kommunikationsschnittstellen (WLAN, Bluetooth).","breadcrumb":{"@id":"https:\/\/sysmatec.ch\/de\/Produkt\/stuhlwaage-mcn\/#breadcrumb"},"inLanguage":"de","potentialAction":[{"@type":"ReadAction","target":["https:\/\/sysmatec.ch\/de\/Produkt\/stuhlwaage-mcn\/"]}]},{"@type":"ImageObject","inLanguage":"de","@id":"https:\/\/sysmatec.ch\/de\/Produkt\/stuhlwaage-mcn\/#primaryimage","url":"https:\/\/sysmatec.ch\/wp-content\/uploads\/2026\/01\/Balance_KernMCN1.jpg","contentUrl":"https:\/\/sysmatec.ch\/wp-content\/uploads\/2026\/01\/Balance_KernMCN1.jpg","width":480,"height":546},{"@type":"BreadcrumbList","@id":"https:\/\/sysmatec.ch\/de\/Produkt\/stuhlwaage-mcn\/#breadcrumb","itemListElement":[{"@type":"ListItem","position":1,"name":"Accueil","item":"https:\/\/sysmatec.ch\/de\/"},{"@type":"ListItem","position":2,"name":"Die Aktivit\u00e4t von Sysmatec","item":"https:\/\/sysmatec.ch\/de\/"},{"@type":"ListItem","position":3,"name":"Stuhlwaage MCN"}]},{"@type":"WebSite","@id":"https:\/\/sysmatec.ch\/de\/#website","url":"https:\/\/sysmatec.ch\/de\/","name":"Sysmatec","description":"Equipement de laboratoire et logiciels","publisher":{"@id":"https:\/\/sysmatec.ch\/de\/#organization"},"potentialAction":[{"@type":"SearchAction","target":{"@type":"EntryPoint","urlTemplate":"https:\/\/sysmatec.ch\/de\/?s={search_term_string}"},"query-input":{"@type":"PropertyValueSpecification","valueRequired":true,"valueName":"search_term_string"}}],"inLanguage":"de"},{"@type":"Organization","@id":"https:\/\/sysmatec.ch\/de\/#organization","name":"Sysmatec","url":"https:\/\/sysmatec.ch\/de\/","logo":{"@type":"ImageObject","inLanguage":"de","@id":"https:\/\/sysmatec.ch\/de\/#\/schema\/logo\/image\/","url":"https:\/\/sysmatec.ch\/wp-content\/uploads\/2018\/11\/LogoSysmatec.jpg","contentUrl":"https:\/\/sysmatec.ch\/wp-content\/uploads\/2018\/11\/LogoSysmatec.jpg","width":301,"height":297,"caption":"Sysmatec"},"image":{"@id":"https:\/\/sysmatec.ch\/de\/#\/schema\/logo\/image\/"}}]}},"_links":{"self":[{"href":"https:\/\/sysmatec.ch\/de\/wp-json\/wp\/v2\/product\/31707","targetHints":{"allow":["GET"]}}],"collection":[{"href":"https:\/\/sysmatec.ch\/de\/wp-json\/wp\/v2\/product"}],"about":[{"href":"https:\/\/sysmatec.ch\/de\/wp-json\/wp\/v2\/types\/product"}],"wp:featuredmedia":[{"embeddable":true,"href":"https:\/\/sysmatec.ch\/de\/wp-json\/wp\/v2\/media\/31713"}],"wp:attachment":[{"href":"https:\/\/sysmatec.ch\/de\/wp-json\/wp\/v2\/media?parent=31707"}],"wp:term":[{"taxonomy":"product_brand","embeddable":true,"href":"https:\/\/sysmatec.ch\/de\/wp-json\/wp\/v2\/product_brand?post=31707"},{"taxonomy":"product_cat","embeddable":true,"href":"https:\/\/sysmatec.ch\/de\/wp-json\/wp\/v2\/product_cat?post=31707"},{"taxonomy":"product_tag","embeddable":true,"href":"https:\/\/sysmatec.ch\/de\/wp-json\/wp\/v2\/product_tag?post=31707"}],"curies":[{"name":"wp","href":"https:\/\/api.w.org\/{rel}","templated":true}]}}