{"id":31695,"date":"2026-01-20T19:29:38","date_gmt":"2026-01-20T18:29:38","guid":{"rendered":"https:\/\/sysmatec.ch\/?post_type=product&#038;p=31695"},"modified":"2026-01-20T20:48:00","modified_gmt":"2026-01-20T19:48:00","slug":"rollstuhlwaage-mwn","status":"publish","type":"product","link":"https:\/\/sysmatec.ch\/de\/Produkt\/rollstuhlwaage-mwn\/","title":{"rendered":"Rollstuhlwaage MWN"},"content":{"rendered":"<ul id=\"kernList1\">\n<li>Robuste integrationsf\u00e4hige Rollstuhlwaage zum drahtlosen \u00dcbertragen der W\u00e4gedaten an EMR- oder EHR-Systeme<\/li>\n<li>Eichklasse III (Eichung\u00a0optional)<\/li>\n<li>Medizinzulassung nach VO (EU) 2017\/745<\/li>\n<li>Dank der integrierten WLAN-Schnittstelle ist dieses Modell vorbereitet f\u00fcr das drahtlose \u00dcbertragen von Gewichtswerten direkt in die digitale Patientenakte. Dadurch werden etwaige Dokumentations- oder \u00dcbertragungsfehler, wie sie bei der manuellen Daten\u00fcbernahme vorkommen k\u00f6nnen, ausgeschlossen. Dank dieser Technologie l\u00e4sst sich dieses Modell in bestehende oder zuk\u00fcnftige EMR- und EHR-Systeme integrieren und sichert schon jetzt die Zukunftsf\u00e4higkeit Ihrer Investition<\/li>\n<li>KERN Universal Port (KUP): erlaubt den Anschluss externer KUP Schnittstellenadapter, wie z. B. RS-232, USB, Bluetooth, WLAN oder Ethernet, zum Austausch von Daten und Steuerbefehlen, ohne Einbauaufwand<\/li>\n<li>Durch die gro\u00dfen Abmessungen und den gro\u00dfen W\u00e4gebereich besonders geeignet zum Verwiegen von Patienten auf Transportliegen oder Rollst\u00fchlen<\/li>\n<li>Besonders geeignet f\u00fcr das Wiegen von Patienten in Rollst\u00fchlen, durch die beidseitig befahrbare Plattform mit niedriger Bauh\u00f6he<\/li>\n<li>Die gro\u00dfe W\u00e4geplatte aus Stahl eignet sich ebenfalls ideal zum Wiegen von Patienten im Adipositasbereich<\/li>\n<li>Sicheres und rutschfreies Aufstellen durch h\u00f6henverstellbare Gummif\u00fc\u00dfe<\/li>\n<li>Libelle zum exakten\u00a0Nivellieren\u00a0der Waage serienm\u00e4\u00dfig<\/li>\n<li>Hold-Funktion: Bei unruhig stehenden Patienten wird \u00fcber Mittelwertbildung ein stabiler W\u00e4gewert ermittelt und \u201eeingefroren\u201c. So bleibt gen\u00fcgend Zeit, sich dem Patienten zu widmen und anschlie\u00dfend in Ruhe den W\u00e4gewert abzulesen<\/li>\n<li>BMI-Funktion zur Ermittlung von Untergewicht\/Normalgewicht\/\u00dcbergewicht<\/li>\n<li>Auswerteger\u00e4t mit zwei Magneten auf der R\u00fcckseite, ideal zum Befestigen an metallischen Oberfl\u00e4chen, z. B. an der W\u00e4geplatte<\/li>\n<li>Waage kann mittels zwei Rollen und einem Handgriff bequem transportiert und platzsparend verstaut werden<\/li>\n<li>Wandhalterung zur Wandmontage des Auswerteger\u00e4ts serienm\u00e4\u00dfig<\/li>\n<li>Batterie- und Netzbetrieb m\u00f6glich, Akkubetrieb optional<\/li>\n<li>Gro\u00dfes LCD-Display, Ziffernh\u00f6he 25 mm<\/li>\n<li>Abmessungen Auswerteger\u00e4t B\u00d7T\u00d7H 210\u00d754\u00d7100 mm<\/li>\n<li>Kabell\u00e4nge Auswerteger\u00e4t ca. 1,8 m<\/li>\n<li>Batteriebetrieb m\u00f6glich, 6\u00d71.5 V AA, nicht inklusive, Betriebsdauer bis zu 20 h<\/li>\n<li>Externer Netzadapter serienm\u00e4\u00dfig In der EU ist bei Waagen mit Zweckbestimmung als Medizinprodukt die Eichung (Konformit\u00e4tsbewertung nach NAWI 2014\/31\/EU) gesetzlich vorgeschrieben, bitte unter Angabe von Aufstellungsort und PLZ mitbestellen.<\/li>\n<\/ul>\n<table border=\"1\" width=\"511\" cellspacing=\"0\" cellpadding=\"2\">\n<tbody>\n<tr>\n<td>Modell<\/td>\n<td width=\"10%\">Ablesbarkeit<\/td>\n<td width=\"10%\">W\u00e4gebereich<\/td>\n<td width=\"10%\">Platte<\/td>\n<\/tr>\n<tr>\n<td><\/td>\n<td width=\"10%\">g<\/td>\n<td width=\"10%\">kg<\/td>\n<td width=\"10%\">mm<\/td>\n<\/tr>\n<tr>\n<td>MWN 300K-1M<\/td>\n<td width=\"10%\">100<\/td>\n<td width=\"10%\">300<\/td>\n<td width=\"10%\">\u00a0740\u00d7901<\/td>\n<\/tr>\n<tr>\n<td>MWN 400K-1M<\/td>\n<td width=\"10%\">100\/200<\/td>\n<td width=\"10%\">300\/400<\/td>\n<td width=\"10%\">995\u00d7999<\/td>\n<\/tr>\n<tr>\n<td>MWN 300K-1LM<\/td>\n<td width=\"10%\">100<\/td>\n<td width=\"10%\">300<\/td>\n<td width=\"10%\">\u00a01196\u00d7797<\/td>\n<\/tr>\n<\/tbody>\n<\/table>\n","protected":false},"excerpt":{"rendered":"<p>Bodenwaage f\u00fcr Gewichtsbereiche von 0 bis 400 kg, ausgestattet mit Transportrollen und einer Rampe. Geeignet zum Wiegen von Personen im Rollstuhl.<\/p>\n","protected":false},"featured_media":31700,"template":"","meta":{"_crdt_document":""},"product_brand":[],"product_cat":[165,339],"product_tag":[],"class_list":{"0":"post-31695","1":"product","2":"type-product","3":"status-publish","4":"has-post-thumbnail","6":"product_cat-gewicht","7":"product_cat-plattform","9":"first","10":"instock","11":"taxable","12":"shipping-taxable","13":"product-type-simple"},"yoast_head":"<!-- This site is optimized with the Yoast SEO plugin v27.4 - https:\/\/yoast.com\/product\/yoast-seo-wordpress\/ -->\n<title>Rollstuhlwaage MWN - Sysmatec<\/title>\n<meta name=\"description\" content=\"Bodenwaage. Geeignet zum Wiegen von Rollst\u00fchlen. F\u00fcr Gewichte von 0 bis 400 kg. Integrierte Zugangsrampe. WLAN-Schnittstelle, Bluetooth optional.\" \/>\n<meta name=\"robots\" content=\"index, follow, max-snippet:-1, max-image-preview:large, max-video-preview:-1\" \/>\n<link rel=\"canonical\" href=\"https:\/\/sysmatec.ch\/de\/Produkt\/rollstuhlwaage-mwn\/\" \/>\n<meta property=\"og:locale\" content=\"de_DE\" \/>\n<meta property=\"og:type\" content=\"article\" \/>\n<meta property=\"og:title\" content=\"Rollstuhlwaage MWN - Sysmatec\" \/>\n<meta property=\"og:description\" content=\"Bodenwaage. Geeignet zum Wiegen von Rollst\u00fchlen. F\u00fcr Gewichte von 0 bis 400 kg. Integrierte Zugangsrampe. WLAN-Schnittstelle, Bluetooth optional.\" \/>\n<meta property=\"og:url\" content=\"https:\/\/sysmatec.ch\/de\/Produkt\/rollstuhlwaage-mwn\/\" \/>\n<meta property=\"og:site_name\" content=\"Sysmatec\" \/>\n<meta property=\"article:modified_time\" content=\"2026-01-20T19:48:00+00:00\" \/>\n<meta property=\"og:image\" content=\"https:\/\/sysmatec.ch\/wp-content\/uploads\/2026\/01\/Balance.KernMWN1.jpg\" \/>\n\t<meta property=\"og:image:width\" content=\"587\" \/>\n\t<meta property=\"og:image:height\" content=\"381\" \/>\n\t<meta property=\"og:image:type\" content=\"image\/jpeg\" \/>\n<meta name=\"twitter:card\" content=\"summary_large_image\" \/>\n<meta name=\"twitter:label1\" content=\"Gesch\u00e4tzte Lesezeit\" \/>\n\t<meta name=\"twitter:data1\" content=\"2\u00a0Minuten\" \/>\n<script type=\"application\/ld+json\" class=\"yoast-schema-graph\">{\"@context\":\"https:\\\/\\\/schema.org\",\"@graph\":[{\"@type\":\"WebPage\",\"@id\":\"https:\\\/\\\/sysmatec.ch\\\/de\\\/Produkt\\\/rollstuhlwaage-mwn\\\/\",\"url\":\"https:\\\/\\\/sysmatec.ch\\\/de\\\/Produkt\\\/rollstuhlwaage-mwn\\\/\",\"name\":\"Rollstuhlwaage MWN - Sysmatec\",\"isPartOf\":{\"@id\":\"https:\\\/\\\/sysmatec.ch\\\/de\\\/#website\"},\"primaryImageOfPage\":{\"@id\":\"https:\\\/\\\/sysmatec.ch\\\/de\\\/Produkt\\\/rollstuhlwaage-mwn\\\/#primaryimage\"},\"image\":{\"@id\":\"https:\\\/\\\/sysmatec.ch\\\/de\\\/Produkt\\\/rollstuhlwaage-mwn\\\/#primaryimage\"},\"thumbnailUrl\":\"https:\\\/\\\/sysmatec.ch\\\/wp-content\\\/uploads\\\/2026\\\/01\\\/Balance.KernMWN1.jpg\",\"datePublished\":\"2026-01-20T18:29:38+00:00\",\"dateModified\":\"2026-01-20T19:48:00+00:00\",\"description\":\"Bodenwaage. Geeignet zum Wiegen von Rollst\u00fchlen. F\u00fcr Gewichte von 0 bis 400 kg. Integrierte Zugangsrampe. WLAN-Schnittstelle, Bluetooth optional.\",\"breadcrumb\":{\"@id\":\"https:\\\/\\\/sysmatec.ch\\\/de\\\/Produkt\\\/rollstuhlwaage-mwn\\\/#breadcrumb\"},\"inLanguage\":\"de\",\"potentialAction\":[{\"@type\":\"ReadAction\",\"target\":[\"https:\\\/\\\/sysmatec.ch\\\/de\\\/Produkt\\\/rollstuhlwaage-mwn\\\/\"]}]},{\"@type\":\"ImageObject\",\"inLanguage\":\"de\",\"@id\":\"https:\\\/\\\/sysmatec.ch\\\/de\\\/Produkt\\\/rollstuhlwaage-mwn\\\/#primaryimage\",\"url\":\"https:\\\/\\\/sysmatec.ch\\\/wp-content\\\/uploads\\\/2026\\\/01\\\/Balance.KernMWN1.jpg\",\"contentUrl\":\"https:\\\/\\\/sysmatec.ch\\\/wp-content\\\/uploads\\\/2026\\\/01\\\/Balance.KernMWN1.jpg\",\"width\":587,\"height\":381},{\"@type\":\"BreadcrumbList\",\"@id\":\"https:\\\/\\\/sysmatec.ch\\\/de\\\/Produkt\\\/rollstuhlwaage-mwn\\\/#breadcrumb\",\"itemListElement\":[{\"@type\":\"ListItem\",\"position\":1,\"name\":\"Accueil\",\"item\":\"https:\\\/\\\/sysmatec.ch\\\/de\\\/\"},{\"@type\":\"ListItem\",\"position\":2,\"name\":\"Die Aktivit\u00e4t von Sysmatec\",\"item\":\"https:\\\/\\\/sysmatec.ch\\\/de\\\/\"},{\"@type\":\"ListItem\",\"position\":3,\"name\":\"Rollstuhlwaage MWN\"}]},{\"@type\":\"WebSite\",\"@id\":\"https:\\\/\\\/sysmatec.ch\\\/de\\\/#website\",\"url\":\"https:\\\/\\\/sysmatec.ch\\\/de\\\/\",\"name\":\"Sysmatec\",\"description\":\"Equipement de laboratoire et logiciels\",\"publisher\":{\"@id\":\"https:\\\/\\\/sysmatec.ch\\\/de\\\/#organization\"},\"potentialAction\":[{\"@type\":\"SearchAction\",\"target\":{\"@type\":\"EntryPoint\",\"urlTemplate\":\"https:\\\/\\\/sysmatec.ch\\\/de\\\/?s={search_term_string}\"},\"query-input\":{\"@type\":\"PropertyValueSpecification\",\"valueRequired\":true,\"valueName\":\"search_term_string\"}}],\"inLanguage\":\"de\"},{\"@type\":\"Organization\",\"@id\":\"https:\\\/\\\/sysmatec.ch\\\/de\\\/#organization\",\"name\":\"Sysmatec\",\"url\":\"https:\\\/\\\/sysmatec.ch\\\/de\\\/\",\"logo\":{\"@type\":\"ImageObject\",\"inLanguage\":\"de\",\"@id\":\"https:\\\/\\\/sysmatec.ch\\\/de\\\/#\\\/schema\\\/logo\\\/image\\\/\",\"url\":\"https:\\\/\\\/sysmatec.ch\\\/wp-content\\\/uploads\\\/2018\\\/11\\\/LogoSysmatec.jpg\",\"contentUrl\":\"https:\\\/\\\/sysmatec.ch\\\/wp-content\\\/uploads\\\/2018\\\/11\\\/LogoSysmatec.jpg\",\"width\":301,\"height\":297,\"caption\":\"Sysmatec\"},\"image\":{\"@id\":\"https:\\\/\\\/sysmatec.ch\\\/de\\\/#\\\/schema\\\/logo\\\/image\\\/\"}}]}<\/script>\n<!-- \/ Yoast SEO plugin. -->","yoast_head_json":{"title":"Rollstuhlwaage MWN - Sysmatec","description":"Bodenwaage. Geeignet zum Wiegen von Rollst\u00fchlen. F\u00fcr Gewichte von 0 bis 400 kg. Integrierte Zugangsrampe. WLAN-Schnittstelle, Bluetooth optional.","robots":{"index":"index","follow":"follow","max-snippet":"max-snippet:-1","max-image-preview":"max-image-preview:large","max-video-preview":"max-video-preview:-1"},"canonical":"https:\/\/sysmatec.ch\/de\/Produkt\/rollstuhlwaage-mwn\/","og_locale":"de_DE","og_type":"article","og_title":"Rollstuhlwaage MWN - Sysmatec","og_description":"Bodenwaage. Geeignet zum Wiegen von Rollst\u00fchlen. F\u00fcr Gewichte von 0 bis 400 kg. Integrierte Zugangsrampe. WLAN-Schnittstelle, Bluetooth optional.","og_url":"https:\/\/sysmatec.ch\/de\/Produkt\/rollstuhlwaage-mwn\/","og_site_name":"Sysmatec","article_modified_time":"2026-01-20T19:48:00+00:00","og_image":[{"width":587,"height":381,"url":"https:\/\/sysmatec.ch\/wp-content\/uploads\/2026\/01\/Balance.KernMWN1.jpg","type":"image\/jpeg"}],"twitter_card":"summary_large_image","twitter_misc":{"Gesch\u00e4tzte Lesezeit":"2\u00a0Minuten"},"schema":{"@context":"https:\/\/schema.org","@graph":[{"@type":"WebPage","@id":"https:\/\/sysmatec.ch\/de\/Produkt\/rollstuhlwaage-mwn\/","url":"https:\/\/sysmatec.ch\/de\/Produkt\/rollstuhlwaage-mwn\/","name":"Rollstuhlwaage MWN - Sysmatec","isPartOf":{"@id":"https:\/\/sysmatec.ch\/de\/#website"},"primaryImageOfPage":{"@id":"https:\/\/sysmatec.ch\/de\/Produkt\/rollstuhlwaage-mwn\/#primaryimage"},"image":{"@id":"https:\/\/sysmatec.ch\/de\/Produkt\/rollstuhlwaage-mwn\/#primaryimage"},"thumbnailUrl":"https:\/\/sysmatec.ch\/wp-content\/uploads\/2026\/01\/Balance.KernMWN1.jpg","datePublished":"2026-01-20T18:29:38+00:00","dateModified":"2026-01-20T19:48:00+00:00","description":"Bodenwaage. Geeignet zum Wiegen von Rollst\u00fchlen. F\u00fcr Gewichte von 0 bis 400 kg. Integrierte Zugangsrampe. WLAN-Schnittstelle, Bluetooth optional.","breadcrumb":{"@id":"https:\/\/sysmatec.ch\/de\/Produkt\/rollstuhlwaage-mwn\/#breadcrumb"},"inLanguage":"de","potentialAction":[{"@type":"ReadAction","target":["https:\/\/sysmatec.ch\/de\/Produkt\/rollstuhlwaage-mwn\/"]}]},{"@type":"ImageObject","inLanguage":"de","@id":"https:\/\/sysmatec.ch\/de\/Produkt\/rollstuhlwaage-mwn\/#primaryimage","url":"https:\/\/sysmatec.ch\/wp-content\/uploads\/2026\/01\/Balance.KernMWN1.jpg","contentUrl":"https:\/\/sysmatec.ch\/wp-content\/uploads\/2026\/01\/Balance.KernMWN1.jpg","width":587,"height":381},{"@type":"BreadcrumbList","@id":"https:\/\/sysmatec.ch\/de\/Produkt\/rollstuhlwaage-mwn\/#breadcrumb","itemListElement":[{"@type":"ListItem","position":1,"name":"Accueil","item":"https:\/\/sysmatec.ch\/de\/"},{"@type":"ListItem","position":2,"name":"Die Aktivit\u00e4t von Sysmatec","item":"https:\/\/sysmatec.ch\/de\/"},{"@type":"ListItem","position":3,"name":"Rollstuhlwaage MWN"}]},{"@type":"WebSite","@id":"https:\/\/sysmatec.ch\/de\/#website","url":"https:\/\/sysmatec.ch\/de\/","name":"Sysmatec","description":"Equipement de laboratoire et logiciels","publisher":{"@id":"https:\/\/sysmatec.ch\/de\/#organization"},"potentialAction":[{"@type":"SearchAction","target":{"@type":"EntryPoint","urlTemplate":"https:\/\/sysmatec.ch\/de\/?s={search_term_string}"},"query-input":{"@type":"PropertyValueSpecification","valueRequired":true,"valueName":"search_term_string"}}],"inLanguage":"de"},{"@type":"Organization","@id":"https:\/\/sysmatec.ch\/de\/#organization","name":"Sysmatec","url":"https:\/\/sysmatec.ch\/de\/","logo":{"@type":"ImageObject","inLanguage":"de","@id":"https:\/\/sysmatec.ch\/de\/#\/schema\/logo\/image\/","url":"https:\/\/sysmatec.ch\/wp-content\/uploads\/2018\/11\/LogoSysmatec.jpg","contentUrl":"https:\/\/sysmatec.ch\/wp-content\/uploads\/2018\/11\/LogoSysmatec.jpg","width":301,"height":297,"caption":"Sysmatec"},"image":{"@id":"https:\/\/sysmatec.ch\/de\/#\/schema\/logo\/image\/"}}]}},"_links":{"self":[{"href":"https:\/\/sysmatec.ch\/de\/wp-json\/wp\/v2\/product\/31695","targetHints":{"allow":["GET"]}}],"collection":[{"href":"https:\/\/sysmatec.ch\/de\/wp-json\/wp\/v2\/product"}],"about":[{"href":"https:\/\/sysmatec.ch\/de\/wp-json\/wp\/v2\/types\/product"}],"wp:featuredmedia":[{"embeddable":true,"href":"https:\/\/sysmatec.ch\/de\/wp-json\/wp\/v2\/media\/31700"}],"wp:attachment":[{"href":"https:\/\/sysmatec.ch\/de\/wp-json\/wp\/v2\/media?parent=31695"}],"wp:term":[{"taxonomy":"product_brand","embeddable":true,"href":"https:\/\/sysmatec.ch\/de\/wp-json\/wp\/v2\/product_brand?post=31695"},{"taxonomy":"product_cat","embeddable":true,"href":"https:\/\/sysmatec.ch\/de\/wp-json\/wp\/v2\/product_cat?post=31695"},{"taxonomy":"product_tag","embeddable":true,"href":"https:\/\/sysmatec.ch\/de\/wp-json\/wp\/v2\/product_tag?post=31695"}],"curies":[{"name":"wp","href":"https:\/\/api.w.org\/{rel}","templated":true}]}}