{"id":31675,"date":"2026-01-20T18:37:03","date_gmt":"2026-01-20T17:37:03","guid":{"rendered":"https:\/\/sysmatec.ch\/?post_type=product&#038;p=31675"},"modified":"2026-01-20T19:06:12","modified_gmt":"2026-01-20T18:06:12","slug":"personenwaage-mpn","status":"publish","type":"product","link":"https:\/\/sysmatec.ch\/de\/Produkt\/personenwaage-mpn\/","title":{"rendered":"Personenwaage MPN"},"content":{"rendered":"<ul id=\"kernList1\">\n<li>Integrationsf\u00e4hige Personenwaage zum drahtlosen \u00dcbertragen der W\u00e4gedaten an EMR- oder EHR-Systeme<\/li>\n<li>Eichklasse III (Eichung\u00a0optional)<\/li>\n<li>Medizinzulassung nach VO (EU) 2017\/745<\/li>\n<li>Dank der integrierten WLAN-Schnittstelle ist dieses Modell vorbereitet f\u00fcr das drahtlose \u00dcbertragen von Gewichtswerten direkt in die digitale Patientenakte. Dadurch werden etwaige Dokumentations- oder \u00dcbertragungsfehler, wie sie bei der manuellen Daten\u00fcbernahme vorkommen k\u00f6nnen, ausgeschlossen. Dank dieser Technologie l\u00e4sst sich dieses Modell in bestehende oder zuk\u00fcnftige EMR- und EHR-Systeme integrieren und sichert schon jetzt die Zukunftsf\u00e4higkeit Ihrer Investition<\/li>\n<li>KERN Universal Port (KUP): erlaubt den Anschluss externer KUP Schnittstellenadapter, wie z. B. RS-232, USB, Bluetooth, WLAN oder Ethernet, zum Austausch von Daten und Steuerbefehlen, ohne Einbauaufwand<\/li>\n<li>Praktische Zweitanzeige an der Waagenr\u00fcckseite, dadurch bequem vom Patienten und dem medizinischen Personal ablesbar<\/li>\n<li>Das Modell MPN-HM verf\u00fcgt \u00fcber einen elegant im Stativ integrierten, ausziehbaren Gr\u00f6\u00dfenmessstab, mit einem Kopfanschlag aus Kunststoff und einem Messbereich von 89\u2013205 cm<\/li>\n<li>Patienten mit einer K\u00f6rpergr\u00f6\u00dfe unter 80 cm k\u00f6nnen direkt mit dem am Stativ angebrachten Gr\u00f6\u00dfenma\u00df gemessen werden<\/li>\n<li>Die ergonomisch optimierte Bauform und die robuste Ausf\u00fchrung pr\u00e4destinieren diese Serie f\u00fcr den t\u00e4glichen Gebrauch im professionellen Umfeld<\/li>\n<li>Sicheres und rutschfreies Aufstellen durch h\u00f6henverstellbare Gummif\u00fc\u00dfe<\/li>\n<li>Gro\u00dfe Trittfl\u00e4che mit rutschfreier und abriebfester Oberfl\u00e4che aus Kunststoff, f\u00fcr optimale Standsicherheit des Patienten<\/li>\n<li>Hold-Funktion: Bei unruhig stehenden Patienten wird \u00fcber Mittelwertbildung ein stabiler W\u00e4gewert ermittelt und \u201eeingefroren\u201c. So bleibt gen\u00fcgend Zeit, sich dem Patienten zu widmen und anschlie\u00dfend in Ruhe den W\u00e4gewert abzulesen<\/li>\n<li>Eltern-Kind-Funktion: Das durch W\u00e4gung ermittelte Gewicht des Elternteils wird per Knopfdruck auf Null gestellt. Anschlie\u00dfend wird das Elternteil gemeinsam mit dem Kind gewogen. Das Gewicht des Kindes wird nun direkt im Display angezeigt. Besonders angenehm f\u00fcr Kleinkinder, die dadurch sicher und geborgen auf dem Arm des Elternteils gewogen werden k\u00f6nnen<\/li>\n<li>BMI-Funktion zur Ermittlung von Untergewicht\/Normalgewicht\/\u00dcbergewicht<\/li>\n<li>Feinanzeige: durch Tastendruck kann die Ablesbarkeit [d] f\u00fcr 5 s um 1 Stelle erh\u00f6ht werden<\/li>\n<li>Bequem zu transportieren dank der beiden integrierten Transportrollen<\/li>\n<li>Batterie- und Netzbetrieb m\u00f6glich, Akkubetrieb optional<\/li>\n<li>In der EU ist bei Waagen mit Zweckbestimmung als Medizinprodukt die\u00a0Eichung\u00a0(Konformit\u00e4tsbewertung\u00a0nach NAWI 2014\/31\/EU) gesetzlich vorgeschrieben, bitte unter Angabe von Aufstellungsort und PLZ mitbestellen.<\/li>\n<\/ul>\n<ul id=\"kernList1\"><\/ul>\n<table border=\"1\" width=\"437\" cellspacing=\"0\" cellpadding=\"2\">\n<tbody>\n<tr>\n<td>Modell<\/td>\n<td width=\"10%\">Ablesbarkeit<\/td>\n<td width=\"10%\">W\u00e4gebereich<\/td>\n<\/tr>\n<tr>\n<td><\/td>\n<td width=\"10%\">kg<\/td>\n<td width=\"10%\">kg<\/td>\n<\/tr>\n<tr>\n<td>MPN 200K-1PM<\/td>\n<td width=\"10%\">0.1<\/td>\n<td width=\"10%\">250<\/td>\n<\/tr>\n<tr>\n<td>MPN 200K-1HM<\/td>\n<td width=\"10%\">0.1<\/td>\n<td width=\"10%\">250<\/td>\n<\/tr>\n<\/tbody>\n<\/table>\n","protected":false},"excerpt":{"rendered":"<p>Medizinische Waage mit erhabener Anzeige, Messbereich 0-250 kg<\/p>\n","protected":false},"featured_media":31683,"template":"","meta":{"_crdt_document":""},"product_brand":[],"product_cat":[165,330],"product_tag":[],"class_list":{"0":"post-31675","1":"product","2":"type-product","3":"status-publish","4":"has-post-thumbnail","6":"product_cat-gewicht","7":"product_cat-medizinisch","9":"first","10":"instock","11":"taxable","12":"shipping-taxable","13":"purchasable","14":"product-type-variable"},"yoast_head":"<!-- This site is optimized with the Yoast SEO plugin v27.4 - https:\/\/yoast.com\/product\/yoast-seo-wordpress\/ -->\n<title>Personenwaage MPN - Sysmatec<\/title>\n<meta name=\"description\" content=\"Medizinische Waage mit erhabener Anzeige. Medizinische Zulassung gem\u00e4\u00df Verordnung (EU) 2017\/745. MPN-H mit H\u00f6henmesslatte. Diverse Kommunikationsschnittstellen.\" \/>\n<meta name=\"robots\" content=\"index, follow, max-snippet:-1, max-image-preview:large, max-video-preview:-1\" \/>\n<link rel=\"canonical\" href=\"https:\/\/sysmatec.ch\/de\/Produkt\/personenwaage-mpn\/\" \/>\n<meta property=\"og:locale\" content=\"de_DE\" \/>\n<meta property=\"og:type\" content=\"article\" \/>\n<meta property=\"og:title\" content=\"Personenwaage MPN - Sysmatec\" \/>\n<meta property=\"og:description\" content=\"Medizinische Waage mit erhabener Anzeige. Medizinische Zulassung gem\u00e4\u00df Verordnung (EU) 2017\/745. MPN-H mit H\u00f6henmesslatte. Diverse Kommunikationsschnittstellen.\" \/>\n<meta property=\"og:url\" content=\"https:\/\/sysmatec.ch\/de\/Produkt\/personenwaage-mpn\/\" \/>\n<meta property=\"og:site_name\" content=\"Sysmatec\" \/>\n<meta property=\"article:modified_time\" content=\"2026-01-20T18:06:12+00:00\" \/>\n<meta property=\"og:image\" content=\"https:\/\/sysmatec.ch\/wp-content\/uploads\/2026\/01\/Balance.KernMPN1.jpg\" \/>\n\t<meta property=\"og:image:width\" content=\"266\" \/>\n\t<meta property=\"og:image:height\" content=\"551\" \/>\n\t<meta property=\"og:image:type\" content=\"image\/jpeg\" \/>\n<meta name=\"twitter:card\" content=\"summary_large_image\" \/>\n<meta name=\"twitter:label1\" content=\"Gesch\u00e4tzte Lesezeit\" \/>\n\t<meta name=\"twitter:data1\" content=\"2\u00a0Minuten\" \/>\n<script type=\"application\/ld+json\" class=\"yoast-schema-graph\">{\"@context\":\"https:\\\/\\\/schema.org\",\"@graph\":[{\"@type\":\"WebPage\",\"@id\":\"https:\\\/\\\/sysmatec.ch\\\/de\\\/Produkt\\\/personenwaage-mpn\\\/\",\"url\":\"https:\\\/\\\/sysmatec.ch\\\/de\\\/Produkt\\\/personenwaage-mpn\\\/\",\"name\":\"Personenwaage MPN - Sysmatec\",\"isPartOf\":{\"@id\":\"https:\\\/\\\/sysmatec.ch\\\/de\\\/#website\"},\"primaryImageOfPage\":{\"@id\":\"https:\\\/\\\/sysmatec.ch\\\/de\\\/Produkt\\\/personenwaage-mpn\\\/#primaryimage\"},\"image\":{\"@id\":\"https:\\\/\\\/sysmatec.ch\\\/de\\\/Produkt\\\/personenwaage-mpn\\\/#primaryimage\"},\"thumbnailUrl\":\"https:\\\/\\\/sysmatec.ch\\\/wp-content\\\/uploads\\\/2026\\\/01\\\/Balance.KernMPN1.jpg\",\"datePublished\":\"2026-01-20T17:37:03+00:00\",\"dateModified\":\"2026-01-20T18:06:12+00:00\",\"description\":\"Medizinische Waage mit erhabener Anzeige. Medizinische Zulassung gem\u00e4\u00df Verordnung (EU) 2017\\\/745. MPN-H mit H\u00f6henmesslatte. Diverse Kommunikationsschnittstellen.\",\"breadcrumb\":{\"@id\":\"https:\\\/\\\/sysmatec.ch\\\/de\\\/Produkt\\\/personenwaage-mpn\\\/#breadcrumb\"},\"inLanguage\":\"de\",\"potentialAction\":[{\"@type\":\"ReadAction\",\"target\":[\"https:\\\/\\\/sysmatec.ch\\\/de\\\/Produkt\\\/personenwaage-mpn\\\/\"]}]},{\"@type\":\"ImageObject\",\"inLanguage\":\"de\",\"@id\":\"https:\\\/\\\/sysmatec.ch\\\/de\\\/Produkt\\\/personenwaage-mpn\\\/#primaryimage\",\"url\":\"https:\\\/\\\/sysmatec.ch\\\/wp-content\\\/uploads\\\/2026\\\/01\\\/Balance.KernMPN1.jpg\",\"contentUrl\":\"https:\\\/\\\/sysmatec.ch\\\/wp-content\\\/uploads\\\/2026\\\/01\\\/Balance.KernMPN1.jpg\",\"width\":266,\"height\":551},{\"@type\":\"BreadcrumbList\",\"@id\":\"https:\\\/\\\/sysmatec.ch\\\/de\\\/Produkt\\\/personenwaage-mpn\\\/#breadcrumb\",\"itemListElement\":[{\"@type\":\"ListItem\",\"position\":1,\"name\":\"Accueil\",\"item\":\"https:\\\/\\\/sysmatec.ch\\\/de\\\/\"},{\"@type\":\"ListItem\",\"position\":2,\"name\":\"Die Aktivit\u00e4t von Sysmatec\",\"item\":\"https:\\\/\\\/sysmatec.ch\\\/de\\\/\"},{\"@type\":\"ListItem\",\"position\":3,\"name\":\"Personenwaage MPN\"}]},{\"@type\":\"WebSite\",\"@id\":\"https:\\\/\\\/sysmatec.ch\\\/de\\\/#website\",\"url\":\"https:\\\/\\\/sysmatec.ch\\\/de\\\/\",\"name\":\"Sysmatec\",\"description\":\"Equipement de laboratoire et logiciels\",\"publisher\":{\"@id\":\"https:\\\/\\\/sysmatec.ch\\\/de\\\/#organization\"},\"potentialAction\":[{\"@type\":\"SearchAction\",\"target\":{\"@type\":\"EntryPoint\",\"urlTemplate\":\"https:\\\/\\\/sysmatec.ch\\\/de\\\/?s={search_term_string}\"},\"query-input\":{\"@type\":\"PropertyValueSpecification\",\"valueRequired\":true,\"valueName\":\"search_term_string\"}}],\"inLanguage\":\"de\"},{\"@type\":\"Organization\",\"@id\":\"https:\\\/\\\/sysmatec.ch\\\/de\\\/#organization\",\"name\":\"Sysmatec\",\"url\":\"https:\\\/\\\/sysmatec.ch\\\/de\\\/\",\"logo\":{\"@type\":\"ImageObject\",\"inLanguage\":\"de\",\"@id\":\"https:\\\/\\\/sysmatec.ch\\\/de\\\/#\\\/schema\\\/logo\\\/image\\\/\",\"url\":\"https:\\\/\\\/sysmatec.ch\\\/wp-content\\\/uploads\\\/2018\\\/11\\\/LogoSysmatec.jpg\",\"contentUrl\":\"https:\\\/\\\/sysmatec.ch\\\/wp-content\\\/uploads\\\/2018\\\/11\\\/LogoSysmatec.jpg\",\"width\":301,\"height\":297,\"caption\":\"Sysmatec\"},\"image\":{\"@id\":\"https:\\\/\\\/sysmatec.ch\\\/de\\\/#\\\/schema\\\/logo\\\/image\\\/\"}}]}<\/script>\n<!-- \/ Yoast SEO plugin. -->","yoast_head_json":{"title":"Personenwaage MPN - Sysmatec","description":"Medizinische Waage mit erhabener Anzeige. Medizinische Zulassung gem\u00e4\u00df Verordnung (EU) 2017\/745. MPN-H mit H\u00f6henmesslatte. Diverse Kommunikationsschnittstellen.","robots":{"index":"index","follow":"follow","max-snippet":"max-snippet:-1","max-image-preview":"max-image-preview:large","max-video-preview":"max-video-preview:-1"},"canonical":"https:\/\/sysmatec.ch\/de\/Produkt\/personenwaage-mpn\/","og_locale":"de_DE","og_type":"article","og_title":"Personenwaage MPN - Sysmatec","og_description":"Medizinische Waage mit erhabener Anzeige. Medizinische Zulassung gem\u00e4\u00df Verordnung (EU) 2017\/745. MPN-H mit H\u00f6henmesslatte. Diverse Kommunikationsschnittstellen.","og_url":"https:\/\/sysmatec.ch\/de\/Produkt\/personenwaage-mpn\/","og_site_name":"Sysmatec","article_modified_time":"2026-01-20T18:06:12+00:00","og_image":[{"width":266,"height":551,"url":"https:\/\/sysmatec.ch\/wp-content\/uploads\/2026\/01\/Balance.KernMPN1.jpg","type":"image\/jpeg"}],"twitter_card":"summary_large_image","twitter_misc":{"Gesch\u00e4tzte Lesezeit":"2\u00a0Minuten"},"schema":{"@context":"https:\/\/schema.org","@graph":[{"@type":"WebPage","@id":"https:\/\/sysmatec.ch\/de\/Produkt\/personenwaage-mpn\/","url":"https:\/\/sysmatec.ch\/de\/Produkt\/personenwaage-mpn\/","name":"Personenwaage MPN - Sysmatec","isPartOf":{"@id":"https:\/\/sysmatec.ch\/de\/#website"},"primaryImageOfPage":{"@id":"https:\/\/sysmatec.ch\/de\/Produkt\/personenwaage-mpn\/#primaryimage"},"image":{"@id":"https:\/\/sysmatec.ch\/de\/Produkt\/personenwaage-mpn\/#primaryimage"},"thumbnailUrl":"https:\/\/sysmatec.ch\/wp-content\/uploads\/2026\/01\/Balance.KernMPN1.jpg","datePublished":"2026-01-20T17:37:03+00:00","dateModified":"2026-01-20T18:06:12+00:00","description":"Medizinische Waage mit erhabener Anzeige. Medizinische Zulassung gem\u00e4\u00df Verordnung (EU) 2017\/745. MPN-H mit H\u00f6henmesslatte. Diverse Kommunikationsschnittstellen.","breadcrumb":{"@id":"https:\/\/sysmatec.ch\/de\/Produkt\/personenwaage-mpn\/#breadcrumb"},"inLanguage":"de","potentialAction":[{"@type":"ReadAction","target":["https:\/\/sysmatec.ch\/de\/Produkt\/personenwaage-mpn\/"]}]},{"@type":"ImageObject","inLanguage":"de","@id":"https:\/\/sysmatec.ch\/de\/Produkt\/personenwaage-mpn\/#primaryimage","url":"https:\/\/sysmatec.ch\/wp-content\/uploads\/2026\/01\/Balance.KernMPN1.jpg","contentUrl":"https:\/\/sysmatec.ch\/wp-content\/uploads\/2026\/01\/Balance.KernMPN1.jpg","width":266,"height":551},{"@type":"BreadcrumbList","@id":"https:\/\/sysmatec.ch\/de\/Produkt\/personenwaage-mpn\/#breadcrumb","itemListElement":[{"@type":"ListItem","position":1,"name":"Accueil","item":"https:\/\/sysmatec.ch\/de\/"},{"@type":"ListItem","position":2,"name":"Die Aktivit\u00e4t von Sysmatec","item":"https:\/\/sysmatec.ch\/de\/"},{"@type":"ListItem","position":3,"name":"Personenwaage MPN"}]},{"@type":"WebSite","@id":"https:\/\/sysmatec.ch\/de\/#website","url":"https:\/\/sysmatec.ch\/de\/","name":"Sysmatec","description":"Equipement de laboratoire et logiciels","publisher":{"@id":"https:\/\/sysmatec.ch\/de\/#organization"},"potentialAction":[{"@type":"SearchAction","target":{"@type":"EntryPoint","urlTemplate":"https:\/\/sysmatec.ch\/de\/?s={search_term_string}"},"query-input":{"@type":"PropertyValueSpecification","valueRequired":true,"valueName":"search_term_string"}}],"inLanguage":"de"},{"@type":"Organization","@id":"https:\/\/sysmatec.ch\/de\/#organization","name":"Sysmatec","url":"https:\/\/sysmatec.ch\/de\/","logo":{"@type":"ImageObject","inLanguage":"de","@id":"https:\/\/sysmatec.ch\/de\/#\/schema\/logo\/image\/","url":"https:\/\/sysmatec.ch\/wp-content\/uploads\/2018\/11\/LogoSysmatec.jpg","contentUrl":"https:\/\/sysmatec.ch\/wp-content\/uploads\/2018\/11\/LogoSysmatec.jpg","width":301,"height":297,"caption":"Sysmatec"},"image":{"@id":"https:\/\/sysmatec.ch\/de\/#\/schema\/logo\/image\/"}}]}},"_links":{"self":[{"href":"https:\/\/sysmatec.ch\/de\/wp-json\/wp\/v2\/product\/31675","targetHints":{"allow":["GET"]}}],"collection":[{"href":"https:\/\/sysmatec.ch\/de\/wp-json\/wp\/v2\/product"}],"about":[{"href":"https:\/\/sysmatec.ch\/de\/wp-json\/wp\/v2\/types\/product"}],"wp:featuredmedia":[{"embeddable":true,"href":"https:\/\/sysmatec.ch\/de\/wp-json\/wp\/v2\/media\/31683"}],"wp:attachment":[{"href":"https:\/\/sysmatec.ch\/de\/wp-json\/wp\/v2\/media?parent=31675"}],"wp:term":[{"taxonomy":"product_brand","embeddable":true,"href":"https:\/\/sysmatec.ch\/de\/wp-json\/wp\/v2\/product_brand?post=31675"},{"taxonomy":"product_cat","embeddable":true,"href":"https:\/\/sysmatec.ch\/de\/wp-json\/wp\/v2\/product_cat?post=31675"},{"taxonomy":"product_tag","embeddable":true,"href":"https:\/\/sysmatec.ch\/de\/wp-json\/wp\/v2\/product_tag?post=31675"}],"curies":[{"name":"wp","href":"https:\/\/api.w.org\/{rel}","templated":true}]}}