{"id":31665,"date":"2026-01-20T12:36:14","date_gmt":"2026-01-20T11:36:14","guid":{"rendered":"https:\/\/sysmatec.ch\/?post_type=product&#038;p=31665"},"modified":"2026-01-20T14:10:19","modified_gmt":"2026-01-20T13:10:19","slug":"bodenwaage-kern-bxc","status":"publish","type":"product","link":"https:\/\/sysmatec.ch\/de\/Produkt\/bodenwaage-kern-bxc\/","title":{"rendered":"Bodenwaage KERN BXC"},"content":{"rendered":"<ul>\n<li>Edelstahl-Bodenwaage mit verschraubter W\u00e4geplatte (IP67) und Edelstahl-Auswerteger\u00e4t (IP68), optional mit\u00a0Eichung<\/li>\n<li>W\u00e4geplatte von oben mit Edelstahlschrauben verschraubt, dadurch leicht abzunehmen und hygienisch und gut zu reinigen<\/li>\n<li>W\u00e4gebr\u00fccke: Edelstahl, extrem biegesteif durch hohe Materialst\u00e4rke, 4 hermetisch verschwei\u00dfte Edelstahl-W\u00e4gezellen, Staub- und Spritzwasserschutz IP68<\/li>\n<li>Bequemes\u00a0Nivellieren\u00a0der W\u00e4gebr\u00fccke sowie Zugang zur Junction-Box von oben<\/li>\n<li>Auswerteger\u00e4t: Edelstahl, Staub- und Spritzwasserschutz IP68, Details siehe KERN KXC-TM<\/li>\n<li>IoT-Line: vernetzbare Waage mit komfortabler Bedienphilosophie<\/li>\n<li>Industrie 4.0: Austausch von Daten und Steuerbefehlen optional \u00fcber bis zu vier Schnittstellen nach individuellem Bedarf: zwei kabelgebundene und zwei Funkschnittstellen, Details siehe KERN KXC-TM<\/li>\n<li>Optional mit\u00a0Alibispeicher\u00a0zur papierlosen Archivierung der W\u00e4geergebnisse. Damit lassen sich auch die Ergebnisse eichpflichtiger W\u00e4gungen vorschriftsgem\u00e4\u00df elektronisch auswerten und weiterverarbeiten<\/li>\n<li>Tischfu\u00df inklusive Wandhalterung f\u00fcr das Auswerteger\u00e4t serienm\u00e4\u00dfig<\/li>\n<li>F\u00fcr eichpflichtige Anwendung\u00a0Eichung\u00a0(Konformit\u00e4tsbewertung\u00a0nach NAWI 2014\/31\/EU) bitte gleich mitbestellen, eine nachtr\u00e4gliche Ersteichung ist nicht m\u00f6glich. F\u00fcr die\u00a0Eichung\u00a0ben\u00f6tigen wir die vollst\u00e4ndige Adresse des Aufstellungsortes<\/li>\n<li>Eine geeichte Waage, die Messwerte mittels Schnittstelle an externe Ger\u00e4te \u00fcbermittelt, ben\u00f6tigt zwingend einen\u00a0Alibispeicher\u00a0YMM-06. Eine nachtr\u00e4gliche Aufr\u00fcstung ist nicht m\u00f6glich.<\/li>\n<li>Bei geeichten Waagen sollte die W\u00e4gebr\u00fccke am Boden fixiert sein. Wahlweise durch eine Auffahrrampe, ein Fu\u00dfplattenpaar oder einen Grubenrahmen<\/li>\n<\/ul>\n<table border=\"1\" width=\"511\" cellspacing=\"0\" cellpadding=\"2\">\n<tbody>\n<tr>\n<td>Modell<\/td>\n<td width=\"10%\">Ablesbarkeit<\/td>\n<td width=\"10%\">W\u00e4gebereich<\/td>\n<td width=\"10%\">Platte<\/td>\n<\/tr>\n<tr>\n<td><\/td>\n<td width=\"10%\">g<\/td>\n<td width=\"10%\">kg<\/td>\n<td width=\"10%\">mm<\/td>\n<\/tr>\n<tr>\n<td>BXC 600K-1SM<\/td>\n<td width=\"10%\">200<\/td>\n<td width=\"10%\">600<\/td>\n<td width=\"10%\">1000&#215;1000<\/td>\n<\/tr>\n<tr>\n<td>BXC 1.5T-4SM<\/td>\n<td width=\"10%\">500<\/td>\n<td width=\"10%\">1500<\/td>\n<td width=\"10%\">1000&#215;1000<\/td>\n<\/tr>\n<tr>\n<td>BXC 1.5T-4M<\/td>\n<td width=\"10%\">500<\/td>\n<td width=\"10%\">1500<\/td>\n<td width=\"10%\">1500&#215;1250<\/td>\n<\/tr>\n<tr>\n<td>BXC 3T-3M<\/td>\n<td width=\"10%\">1000<\/td>\n<td width=\"10%\">3000<\/td>\n<td width=\"10%\">1500&#215;1250<\/td>\n<\/tr>\n<\/tbody>\n<\/table>\n","protected":false},"excerpt":{"rendered":"<p>Bodenwaage 0-600 bis 0-3000 kg, Schutzart IP68, optionale Eichung<\/p>\n","protected":false},"featured_media":31671,"template":"","meta":{"_crdt_document":""},"product_brand":[],"product_cat":[165,339],"product_tag":[],"class_list":{"0":"post-31665","1":"product","2":"type-product","3":"status-publish","4":"has-post-thumbnail","6":"product_cat-gewicht","7":"product_cat-plattform","9":"first","10":"instock","11":"taxable","12":"shipping-taxable","13":"product-type-simple"},"yoast_head":"<!-- This site is optimized with the Yoast SEO plugin v27.3 - https:\/\/yoast.com\/product\/yoast-seo-wordpress\/ -->\n<title>Bodenwaage KERN BXC - Sysmatec<\/title>\n<meta name=\"description\" content=\"Plattformwaage zur Bodenmontage oder zum Einbau in einen Schacht. Optionale Zugangsrampen. Wiegebereich: 0\u2013600 kg bis 0\u20133000 kg. Schutzart IP68. Eichung optional erh\u00e4ltlich.\" \/>\n<meta name=\"robots\" content=\"index, follow, max-snippet:-1, max-image-preview:large, max-video-preview:-1\" \/>\n<link rel=\"canonical\" href=\"https:\/\/sysmatec.ch\/de\/Produkt\/bodenwaage-kern-bxc\/\" \/>\n<meta property=\"og:locale\" content=\"de_DE\" \/>\n<meta property=\"og:type\" content=\"article\" \/>\n<meta property=\"og:title\" content=\"Bodenwaage KERN BXC - Sysmatec\" \/>\n<meta property=\"og:description\" content=\"Plattformwaage zur Bodenmontage oder zum Einbau in einen Schacht. Optionale Zugangsrampen. Wiegebereich: 0\u2013600 kg bis 0\u20133000 kg. Schutzart IP68. Eichung optional erh\u00e4ltlich.\" \/>\n<meta property=\"og:url\" content=\"https:\/\/sysmatec.ch\/de\/Produkt\/bodenwaage-kern-bxc\/\" \/>\n<meta property=\"og:site_name\" content=\"Sysmatec\" \/>\n<meta property=\"article:modified_time\" content=\"2026-01-20T13:10:19+00:00\" \/>\n<meta property=\"og:image\" content=\"https:\/\/sysmatec.ch\/wp-content\/uploads\/2026\/01\/Balance_KernBXC1.jpg\" \/>\n\t<meta property=\"og:image:width\" content=\"548\" \/>\n\t<meta property=\"og:image:height\" content=\"421\" \/>\n\t<meta property=\"og:image:type\" content=\"image\/jpeg\" \/>\n<meta name=\"twitter:card\" content=\"summary_large_image\" \/>\n<meta name=\"twitter:label1\" content=\"Gesch\u00e4tzte Lesezeit\" \/>\n\t<meta name=\"twitter:data1\" content=\"2\u00a0Minuten\" \/>\n<script type=\"application\/ld+json\" class=\"yoast-schema-graph\">{\"@context\":\"https:\\\/\\\/schema.org\",\"@graph\":[{\"@type\":\"WebPage\",\"@id\":\"https:\\\/\\\/sysmatec.ch\\\/de\\\/Produkt\\\/bodenwaage-kern-bxc\\\/\",\"url\":\"https:\\\/\\\/sysmatec.ch\\\/de\\\/Produkt\\\/bodenwaage-kern-bxc\\\/\",\"name\":\"Bodenwaage KERN BXC - Sysmatec\",\"isPartOf\":{\"@id\":\"https:\\\/\\\/sysmatec.ch\\\/de\\\/#website\"},\"primaryImageOfPage\":{\"@id\":\"https:\\\/\\\/sysmatec.ch\\\/de\\\/Produkt\\\/bodenwaage-kern-bxc\\\/#primaryimage\"},\"image\":{\"@id\":\"https:\\\/\\\/sysmatec.ch\\\/de\\\/Produkt\\\/bodenwaage-kern-bxc\\\/#primaryimage\"},\"thumbnailUrl\":\"https:\\\/\\\/sysmatec.ch\\\/wp-content\\\/uploads\\\/2026\\\/01\\\/Balance_KernBXC1.jpg\",\"datePublished\":\"2026-01-20T11:36:14+00:00\",\"dateModified\":\"2026-01-20T13:10:19+00:00\",\"description\":\"Plattformwaage zur Bodenmontage oder zum Einbau in einen Schacht. Optionale Zugangsrampen. Wiegebereich: 0\u2013600 kg bis 0\u20133000 kg. Schutzart IP68. Eichung optional erh\u00e4ltlich.\",\"breadcrumb\":{\"@id\":\"https:\\\/\\\/sysmatec.ch\\\/de\\\/Produkt\\\/bodenwaage-kern-bxc\\\/#breadcrumb\"},\"inLanguage\":\"de\",\"potentialAction\":[{\"@type\":\"ReadAction\",\"target\":[\"https:\\\/\\\/sysmatec.ch\\\/de\\\/Produkt\\\/bodenwaage-kern-bxc\\\/\"]}]},{\"@type\":\"ImageObject\",\"inLanguage\":\"de\",\"@id\":\"https:\\\/\\\/sysmatec.ch\\\/de\\\/Produkt\\\/bodenwaage-kern-bxc\\\/#primaryimage\",\"url\":\"https:\\\/\\\/sysmatec.ch\\\/wp-content\\\/uploads\\\/2026\\\/01\\\/Balance_KernBXC1.jpg\",\"contentUrl\":\"https:\\\/\\\/sysmatec.ch\\\/wp-content\\\/uploads\\\/2026\\\/01\\\/Balance_KernBXC1.jpg\",\"width\":548,\"height\":421},{\"@type\":\"BreadcrumbList\",\"@id\":\"https:\\\/\\\/sysmatec.ch\\\/de\\\/Produkt\\\/bodenwaage-kern-bxc\\\/#breadcrumb\",\"itemListElement\":[{\"@type\":\"ListItem\",\"position\":1,\"name\":\"Accueil\",\"item\":\"https:\\\/\\\/sysmatec.ch\\\/de\\\/\"},{\"@type\":\"ListItem\",\"position\":2,\"name\":\"Die Aktivit\u00e4t von Sysmatec\",\"item\":\"https:\\\/\\\/sysmatec.ch\\\/de\\\/\"},{\"@type\":\"ListItem\",\"position\":3,\"name\":\"Bodenwaage KERN BXC\"}]},{\"@type\":\"WebSite\",\"@id\":\"https:\\\/\\\/sysmatec.ch\\\/de\\\/#website\",\"url\":\"https:\\\/\\\/sysmatec.ch\\\/de\\\/\",\"name\":\"Sysmatec\",\"description\":\"Equipement de laboratoire et logiciels\",\"publisher\":{\"@id\":\"https:\\\/\\\/sysmatec.ch\\\/de\\\/#organization\"},\"potentialAction\":[{\"@type\":\"SearchAction\",\"target\":{\"@type\":\"EntryPoint\",\"urlTemplate\":\"https:\\\/\\\/sysmatec.ch\\\/de\\\/?s={search_term_string}\"},\"query-input\":{\"@type\":\"PropertyValueSpecification\",\"valueRequired\":true,\"valueName\":\"search_term_string\"}}],\"inLanguage\":\"de\"},{\"@type\":\"Organization\",\"@id\":\"https:\\\/\\\/sysmatec.ch\\\/de\\\/#organization\",\"name\":\"Sysmatec\",\"url\":\"https:\\\/\\\/sysmatec.ch\\\/de\\\/\",\"logo\":{\"@type\":\"ImageObject\",\"inLanguage\":\"de\",\"@id\":\"https:\\\/\\\/sysmatec.ch\\\/de\\\/#\\\/schema\\\/logo\\\/image\\\/\",\"url\":\"https:\\\/\\\/sysmatec.ch\\\/wp-content\\\/uploads\\\/2018\\\/11\\\/LogoSysmatec.jpg\",\"contentUrl\":\"https:\\\/\\\/sysmatec.ch\\\/wp-content\\\/uploads\\\/2018\\\/11\\\/LogoSysmatec.jpg\",\"width\":301,\"height\":297,\"caption\":\"Sysmatec\"},\"image\":{\"@id\":\"https:\\\/\\\/sysmatec.ch\\\/de\\\/#\\\/schema\\\/logo\\\/image\\\/\"}}]}<\/script>\n<!-- \/ Yoast SEO plugin. -->","yoast_head_json":{"title":"Bodenwaage KERN BXC - Sysmatec","description":"Plattformwaage zur Bodenmontage oder zum Einbau in einen Schacht. Optionale Zugangsrampen. Wiegebereich: 0\u2013600 kg bis 0\u20133000 kg. Schutzart IP68. Eichung optional erh\u00e4ltlich.","robots":{"index":"index","follow":"follow","max-snippet":"max-snippet:-1","max-image-preview":"max-image-preview:large","max-video-preview":"max-video-preview:-1"},"canonical":"https:\/\/sysmatec.ch\/de\/Produkt\/bodenwaage-kern-bxc\/","og_locale":"de_DE","og_type":"article","og_title":"Bodenwaage KERN BXC - Sysmatec","og_description":"Plattformwaage zur Bodenmontage oder zum Einbau in einen Schacht. Optionale Zugangsrampen. Wiegebereich: 0\u2013600 kg bis 0\u20133000 kg. Schutzart IP68. Eichung optional erh\u00e4ltlich.","og_url":"https:\/\/sysmatec.ch\/de\/Produkt\/bodenwaage-kern-bxc\/","og_site_name":"Sysmatec","article_modified_time":"2026-01-20T13:10:19+00:00","og_image":[{"width":548,"height":421,"url":"https:\/\/sysmatec.ch\/wp-content\/uploads\/2026\/01\/Balance_KernBXC1.jpg","type":"image\/jpeg"}],"twitter_card":"summary_large_image","twitter_misc":{"Gesch\u00e4tzte Lesezeit":"2\u00a0Minuten"},"schema":{"@context":"https:\/\/schema.org","@graph":[{"@type":"WebPage","@id":"https:\/\/sysmatec.ch\/de\/Produkt\/bodenwaage-kern-bxc\/","url":"https:\/\/sysmatec.ch\/de\/Produkt\/bodenwaage-kern-bxc\/","name":"Bodenwaage KERN BXC - Sysmatec","isPartOf":{"@id":"https:\/\/sysmatec.ch\/de\/#website"},"primaryImageOfPage":{"@id":"https:\/\/sysmatec.ch\/de\/Produkt\/bodenwaage-kern-bxc\/#primaryimage"},"image":{"@id":"https:\/\/sysmatec.ch\/de\/Produkt\/bodenwaage-kern-bxc\/#primaryimage"},"thumbnailUrl":"https:\/\/sysmatec.ch\/wp-content\/uploads\/2026\/01\/Balance_KernBXC1.jpg","datePublished":"2026-01-20T11:36:14+00:00","dateModified":"2026-01-20T13:10:19+00:00","description":"Plattformwaage zur Bodenmontage oder zum Einbau in einen Schacht. Optionale Zugangsrampen. Wiegebereich: 0\u2013600 kg bis 0\u20133000 kg. Schutzart IP68. Eichung optional erh\u00e4ltlich.","breadcrumb":{"@id":"https:\/\/sysmatec.ch\/de\/Produkt\/bodenwaage-kern-bxc\/#breadcrumb"},"inLanguage":"de","potentialAction":[{"@type":"ReadAction","target":["https:\/\/sysmatec.ch\/de\/Produkt\/bodenwaage-kern-bxc\/"]}]},{"@type":"ImageObject","inLanguage":"de","@id":"https:\/\/sysmatec.ch\/de\/Produkt\/bodenwaage-kern-bxc\/#primaryimage","url":"https:\/\/sysmatec.ch\/wp-content\/uploads\/2026\/01\/Balance_KernBXC1.jpg","contentUrl":"https:\/\/sysmatec.ch\/wp-content\/uploads\/2026\/01\/Balance_KernBXC1.jpg","width":548,"height":421},{"@type":"BreadcrumbList","@id":"https:\/\/sysmatec.ch\/de\/Produkt\/bodenwaage-kern-bxc\/#breadcrumb","itemListElement":[{"@type":"ListItem","position":1,"name":"Accueil","item":"https:\/\/sysmatec.ch\/de\/"},{"@type":"ListItem","position":2,"name":"Die Aktivit\u00e4t von Sysmatec","item":"https:\/\/sysmatec.ch\/de\/"},{"@type":"ListItem","position":3,"name":"Bodenwaage KERN BXC"}]},{"@type":"WebSite","@id":"https:\/\/sysmatec.ch\/de\/#website","url":"https:\/\/sysmatec.ch\/de\/","name":"Sysmatec","description":"Equipement de laboratoire et logiciels","publisher":{"@id":"https:\/\/sysmatec.ch\/de\/#organization"},"potentialAction":[{"@type":"SearchAction","target":{"@type":"EntryPoint","urlTemplate":"https:\/\/sysmatec.ch\/de\/?s={search_term_string}"},"query-input":{"@type":"PropertyValueSpecification","valueRequired":true,"valueName":"search_term_string"}}],"inLanguage":"de"},{"@type":"Organization","@id":"https:\/\/sysmatec.ch\/de\/#organization","name":"Sysmatec","url":"https:\/\/sysmatec.ch\/de\/","logo":{"@type":"ImageObject","inLanguage":"de","@id":"https:\/\/sysmatec.ch\/de\/#\/schema\/logo\/image\/","url":"https:\/\/sysmatec.ch\/wp-content\/uploads\/2018\/11\/LogoSysmatec.jpg","contentUrl":"https:\/\/sysmatec.ch\/wp-content\/uploads\/2018\/11\/LogoSysmatec.jpg","width":301,"height":297,"caption":"Sysmatec"},"image":{"@id":"https:\/\/sysmatec.ch\/de\/#\/schema\/logo\/image\/"}}]}},"_links":{"self":[{"href":"https:\/\/sysmatec.ch\/de\/wp-json\/wp\/v2\/product\/31665","targetHints":{"allow":["GET"]}}],"collection":[{"href":"https:\/\/sysmatec.ch\/de\/wp-json\/wp\/v2\/product"}],"about":[{"href":"https:\/\/sysmatec.ch\/de\/wp-json\/wp\/v2\/types\/product"}],"wp:featuredmedia":[{"embeddable":true,"href":"https:\/\/sysmatec.ch\/de\/wp-json\/wp\/v2\/media\/31671"}],"wp:attachment":[{"href":"https:\/\/sysmatec.ch\/de\/wp-json\/wp\/v2\/media?parent=31665"}],"wp:term":[{"taxonomy":"product_brand","embeddable":true,"href":"https:\/\/sysmatec.ch\/de\/wp-json\/wp\/v2\/product_brand?post=31665"},{"taxonomy":"product_cat","embeddable":true,"href":"https:\/\/sysmatec.ch\/de\/wp-json\/wp\/v2\/product_cat?post=31665"},{"taxonomy":"product_tag","embeddable":true,"href":"https:\/\/sysmatec.ch\/de\/wp-json\/wp\/v2\/product_tag?post=31665"}],"curies":[{"name":"wp","href":"https:\/\/api.w.org\/{rel}","templated":true}]}}