{"id":31652,"date":"2026-01-20T11:43:31","date_gmt":"2026-01-20T10:43:31","guid":{"rendered":"https:\/\/sysmatec.ch\/?post_type=product&#038;p=31652"},"modified":"2026-01-20T12:22:45","modified_gmt":"2026-01-20T11:22:45","slug":"bodenwaage-kern-bfc","status":"publish","type":"product","link":"https:\/\/sysmatec.ch\/de\/Produkt\/bodenwaage-kern-bfc\/","title":{"rendered":"Bodenwaage KERN BFC"},"content":{"rendered":"<ul>\n<li>Bodenwaage mit verschraubter W\u00e4geplatte (IP67), optional mit\u00a0Eichung<\/li>\n<li>W\u00e4geplatte: glatte Oberfl\u00e4che, von oben verschraubt, dadurch leicht abzunehmen und hygienisch und gut zu reinigen<\/li>\n<li>4 silikonbeschichtete legierte Stahl-W\u00e4gezellen, Staub- und Spritzwasserschutz IP67<\/li>\n<li>Auswerteger\u00e4t: Details siehe KERN KERN KFC-TM<\/li>\n<li>IoT-Line: vernetzbare Waage mit komfortabler Bedienphilosophie<\/li>\n<li>Industrie 4.0: Durch den KERN Universal Port (KUP) kann der Austausch von Daten und Steuerbefehlen \u00fcber eine Schnittstelle, anschlie\u00dfbar am Geh\u00e4use, erfolgen oder via KUP Extension-Box \u00fcber drei Schnittstellen parallel<\/li>\n<li>Mit serienm\u00e4\u00dfiger Real Time Clock: Erm\u00f6glicht es, W\u00e4geergebnisse mit genauer Zeitangabe zu protokollieren. Selbst nach unterbrochener Stromversorgung kann die Waage mit der korrekten Zeit weiterarbeiten<\/li>\n<li>Tischfu\u00df inklusive Wandhalterung f\u00fcr das Auswerteger\u00e4t serienm\u00e4\u00dfig<\/li>\n<li>Arbeitsschutzhaube im Lieferumfang enthalten<\/li>\n<li>F\u00fcr eichpflichtige Anwendung\u00a0Eichung\u00a0(Konformit\u00e4tsbewertung\u00a0nach NAWI 2014\/31\/EU) bitte gleich mitbestellen, eine nachtr\u00e4gliche Ersteichung ist nicht m\u00f6glich. F\u00fcr die\u00a0<a href=\"https:\/\/www.kern-sohn.com\/shop\/de\/produkte\/industriewaagen\/bodenwaagen\/tbfc-1-5t-4m-c\/#\" data-tippy-content=\"Eichen, nach neuer Begrifflichkeit \u201eKonformit\u00e4tsbewerten\u201c. Es k\u00f6nnen nur Waagen mit Bauartzulassung konformit\u00e4tsbewertet werden. Diese Waagen tragen das Metrologiekennzeichen M. Die Konformit\u00e4tsbewertung schreibt der Staat vor und sie dient dem Verbraucherschutz. Nach der EU-Richtlinie 2014\/31\/EU m\u00fcssen Waagen amtlich konformit\u00e4tsbewertet (\u201egeeicht\u201c) sein, wenn sie wie folgt verwendet werden: &lt;br&gt; &lt;br&gt; a) Im gesch\u00e4ftlichen Verkehr, wenn der Preis einer Ware durch W\u00e4gung bestimmt wird. &lt;br&gt; b) Bei der Herstellung von Arzneimitteln in Apotheken sowie bei Analysen im medizinischen und pharmazeutischen Labor.&lt;br&gt; c) Zu amtlichen Zwecken. &lt;br&gt; d) Bei der Herstellung von Fertigpackungen. &lt;br&gt; e) In der Heilkunde.&lt;br&gt; &lt;br&gt; Jede Waage wird von KERN gepr\u00fcft und mit der Konformit\u00e4tskennzeichnung versehen. Damit ist ihre Genauigkeit im Rahmen der zul\u00e4ssigen Toleranzen best\u00e4tigt. Der Geltungsbereich der EU-Eichung erstreckt sich auf alle Mitgliedsstaaten der EU (Europ\u00e4ische Union).\" aria-expanded=\"false\">Eichung<\/a>\u00a0ben\u00f6tigen wir die vollst\u00e4ndige Adresse des Aufstellungsortes<\/li>\n<li>Eine geeichte Waage, die Messwerte mittels Schnittstelle an externe Ger\u00e4te \u00fcbermittelt, ben\u00f6tigt zwingend einen\u00a0Alibispeicher\u00a0YMM-04. Eine nachtr\u00e4gliche Aufr\u00fcstung ist nicht m\u00f6glich.<\/li>\n<li>Une balance homologu\u00e9e qui transmet les valeurs mesur\u00e9es \u00e0 des appareils externes via une interface, le m\u00e9moire alibi est obligatoire YMM-04. Ne peut pas \u00eatre \u00e9quip\u00e9 ult\u00e9rieurement<\/li>\n<li>Dans le cas des balances homologu\u00e9es, le pont de pes\u00e9e doit \u00eatre fix\u00e9 au sol. Au choix avec une rampe d\u2019acc\u00e8s, une paire de plaques d\u2019assise ou un cadre de fosse<\/li>\n<li>Einige verf\u00fcgen \u00fcber einen automatisch ausgew\u00e4hlten dualen Messbereich.<\/li>\n<\/ul>\n<table border=\"1\" width=\"511\" cellspacing=\"0\" cellpadding=\"2\">\n<tbody>\n<tr>\n<td>Modell<\/td>\n<td width=\"10%\">Ablesbarkeit<\/td>\n<td width=\"10%\">W\u00e4gebereich<\/td>\n<td width=\"10%\">Platte<\/td>\n<\/tr>\n<tr>\n<td><\/td>\n<td width=\"10%\">g<\/td>\n<td width=\"10%\">kg<\/td>\n<td width=\"10%\">mm<\/td>\n<\/tr>\n<tr>\n<td>BFC 1T-5DS<\/td>\n<td width=\"10%\">20\/50<\/td>\n<td width=\"10%\">500\/1000<\/td>\n<td width=\"10%\">1000&#215;1000<\/td>\n<\/tr>\n<tr>\n<td>BFC 1T-5D<\/td>\n<td width=\"10%\">20\/50<\/td>\n<td width=\"10%\">500\/1000<\/td>\n<td width=\"10%\">1500\u00d71250<\/td>\n<\/tr>\n<tr>\n<td>BFC 2T-5DS<\/td>\n<td width=\"10%\">50\/100<\/td>\n<td width=\"10%\">1000\/2000<\/td>\n<td width=\"10%\">1000&#215;1000<\/td>\n<\/tr>\n<tr>\n<td>BFC 2T-5D<\/td>\n<td width=\"10%\">50\/100<\/td>\n<td width=\"10%\">1000\/2000<\/td>\n<td width=\"10%\">1500&#215;1250<\/td>\n<\/tr>\n<tr>\n<td>BFC 4T-4D<\/td>\n<td width=\"10%\">100\/200<\/td>\n<td width=\"10%\">2000\/4000<\/td>\n<td width=\"10%\">1500&#215;1250<\/td>\n<\/tr>\n<tr>\n<td>BFC 4T-4DL<\/td>\n<td width=\"10%\">100\/200<\/td>\n<td width=\"10%\">2000\/4000<\/td>\n<td width=\"10%\">1500\u00d71500<\/td>\n<\/tr>\n<tr>\n<td>BFC 8T-4D<\/td>\n<td width=\"10%\">200\/500<\/td>\n<td width=\"10%\">4000\/8000<\/td>\n<td width=\"10%\">1500\u00d71500<\/td>\n<\/tr>\n<tr>\n<td>BFC 600K-1SM<\/td>\n<td width=\"10%\">200<\/td>\n<td width=\"10%\">600<\/td>\n<td width=\"10%\">1000&#215;1000<\/td>\n<\/tr>\n<tr>\n<td>BFC 600K-1M<\/td>\n<td width=\"10%\">200<\/td>\n<td width=\"10%\">600<\/td>\n<td width=\"10%\">1500&#215;1250<\/td>\n<\/tr>\n<tr>\n<td>BFC 1.5T-4SM<\/td>\n<td width=\"10%\">500<\/td>\n<td width=\"10%\">1500<\/td>\n<td width=\"10%\">1000&#215;1000<\/td>\n<\/tr>\n<tr>\n<td>BFC 1.5T-4M<\/td>\n<td width=\"10%\">500<\/td>\n<td width=\"10%\">1500<\/td>\n<td width=\"10%\">1500&#215;1250<\/td>\n<\/tr>\n<tr>\n<td>BFC 3T-3M<\/td>\n<td width=\"10%\">1000<\/td>\n<td width=\"10%\">3000<\/td>\n<td width=\"10%\">1500\u00d71250<\/td>\n<\/tr>\n<tr>\n<td>BFC 3T-3LM<\/td>\n<td width=\"10%\">1000<\/td>\n<td width=\"10%\">3000<\/td>\n<td width=\"10%\">1500\u00d71500<\/td>\n<\/tr>\n<tr>\n<td>BFC 6T-3M<\/td>\n<td width=\"10%\">2000<\/td>\n<td width=\"10%\">6000<\/td>\n<td width=\"10%\">1500\u00d71500<\/td>\n<\/tr>\n<\/tbody>\n<\/table>\n","protected":false},"excerpt":{"rendered":"<p>Bodenwaage 0-600 bis 0-8000 kg, Schutzart IP67, optional zertifizierbar<\/p>\n","protected":false},"featured_media":31661,"template":"","meta":{"_crdt_document":""},"product_brand":[],"product_cat":[165,339],"product_tag":[],"class_list":{"0":"post-31652","1":"product","2":"type-product","3":"status-publish","4":"has-post-thumbnail","6":"product_cat-gewicht","7":"product_cat-plattform","9":"first","10":"instock","11":"taxable","12":"shipping-taxable","13":"product-type-simple"},"yoast_head":"<!-- This site is optimized with the Yoast SEO plugin v27.4 - https:\/\/yoast.com\/product\/yoast-seo-wordpress\/ -->\n<title>Bodenwaage KERN BFC - Sysmatec<\/title>\n<meta name=\"description\" content=\"Plateformwaage zur Bodenmontage oder zum Einbau in einen Schacht. Optionale Zugangsrampen. Wiegebereich: 0\u2013600 kg bis 0\u20138000 kg. Schutzart IP67. Zulassung optional erh\u00e4ltlich.\" \/>\n<meta name=\"robots\" content=\"index, follow, max-snippet:-1, max-image-preview:large, max-video-preview:-1\" \/>\n<link rel=\"canonical\" href=\"https:\/\/sysmatec.ch\/de\/Produkt\/bodenwaage-kern-bfc\/\" \/>\n<meta property=\"og:locale\" content=\"de_DE\" \/>\n<meta property=\"og:type\" content=\"article\" \/>\n<meta property=\"og:title\" content=\"Bodenwaage KERN BFC - Sysmatec\" \/>\n<meta property=\"og:description\" content=\"Plateformwaage zur Bodenmontage oder zum Einbau in einen Schacht. Optionale Zugangsrampen. Wiegebereich: 0\u2013600 kg bis 0\u20138000 kg. Schutzart IP67. Zulassung optional erh\u00e4ltlich.\" \/>\n<meta property=\"og:url\" content=\"https:\/\/sysmatec.ch\/de\/Produkt\/bodenwaage-kern-bfc\/\" \/>\n<meta property=\"og:site_name\" content=\"Sysmatec\" \/>\n<meta property=\"article:modified_time\" content=\"2026-01-20T11:22:45+00:00\" \/>\n<meta property=\"og:image\" content=\"https:\/\/sysmatec.ch\/wp-content\/uploads\/2026\/01\/Balance_KernBFC1.jpg\" \/>\n\t<meta property=\"og:image:width\" content=\"548\" \/>\n\t<meta property=\"og:image:height\" content=\"428\" \/>\n\t<meta property=\"og:image:type\" content=\"image\/jpeg\" \/>\n<meta name=\"twitter:card\" content=\"summary_large_image\" \/>\n<meta name=\"twitter:label1\" content=\"Gesch\u00e4tzte Lesezeit\" \/>\n\t<meta name=\"twitter:data1\" content=\"3\u00a0Minuten\" \/>\n<script type=\"application\/ld+json\" class=\"yoast-schema-graph\">{\"@context\":\"https:\\\/\\\/schema.org\",\"@graph\":[{\"@type\":\"WebPage\",\"@id\":\"https:\\\/\\\/sysmatec.ch\\\/de\\\/Produkt\\\/bodenwaage-kern-bfc\\\/\",\"url\":\"https:\\\/\\\/sysmatec.ch\\\/de\\\/Produkt\\\/bodenwaage-kern-bfc\\\/\",\"name\":\"Bodenwaage KERN BFC - Sysmatec\",\"isPartOf\":{\"@id\":\"https:\\\/\\\/sysmatec.ch\\\/de\\\/#website\"},\"primaryImageOfPage\":{\"@id\":\"https:\\\/\\\/sysmatec.ch\\\/de\\\/Produkt\\\/bodenwaage-kern-bfc\\\/#primaryimage\"},\"image\":{\"@id\":\"https:\\\/\\\/sysmatec.ch\\\/de\\\/Produkt\\\/bodenwaage-kern-bfc\\\/#primaryimage\"},\"thumbnailUrl\":\"https:\\\/\\\/sysmatec.ch\\\/wp-content\\\/uploads\\\/2026\\\/01\\\/Balance_KernBFC1.jpg\",\"datePublished\":\"2026-01-20T10:43:31+00:00\",\"dateModified\":\"2026-01-20T11:22:45+00:00\",\"description\":\"Plateformwaage zur Bodenmontage oder zum Einbau in einen Schacht. Optionale Zugangsrampen. Wiegebereich: 0\u2013600 kg bis 0\u20138000 kg. Schutzart IP67. Zulassung optional erh\u00e4ltlich.\",\"breadcrumb\":{\"@id\":\"https:\\\/\\\/sysmatec.ch\\\/de\\\/Produkt\\\/bodenwaage-kern-bfc\\\/#breadcrumb\"},\"inLanguage\":\"de\",\"potentialAction\":[{\"@type\":\"ReadAction\",\"target\":[\"https:\\\/\\\/sysmatec.ch\\\/de\\\/Produkt\\\/bodenwaage-kern-bfc\\\/\"]}]},{\"@type\":\"ImageObject\",\"inLanguage\":\"de\",\"@id\":\"https:\\\/\\\/sysmatec.ch\\\/de\\\/Produkt\\\/bodenwaage-kern-bfc\\\/#primaryimage\",\"url\":\"https:\\\/\\\/sysmatec.ch\\\/wp-content\\\/uploads\\\/2026\\\/01\\\/Balance_KernBFC1.jpg\",\"contentUrl\":\"https:\\\/\\\/sysmatec.ch\\\/wp-content\\\/uploads\\\/2026\\\/01\\\/Balance_KernBFC1.jpg\",\"width\":548,\"height\":428},{\"@type\":\"BreadcrumbList\",\"@id\":\"https:\\\/\\\/sysmatec.ch\\\/de\\\/Produkt\\\/bodenwaage-kern-bfc\\\/#breadcrumb\",\"itemListElement\":[{\"@type\":\"ListItem\",\"position\":1,\"name\":\"Accueil\",\"item\":\"https:\\\/\\\/sysmatec.ch\\\/de\\\/\"},{\"@type\":\"ListItem\",\"position\":2,\"name\":\"Die Aktivit\u00e4t von Sysmatec\",\"item\":\"https:\\\/\\\/sysmatec.ch\\\/de\\\/\"},{\"@type\":\"ListItem\",\"position\":3,\"name\":\"Bodenwaage KERN BFC\"}]},{\"@type\":\"WebSite\",\"@id\":\"https:\\\/\\\/sysmatec.ch\\\/de\\\/#website\",\"url\":\"https:\\\/\\\/sysmatec.ch\\\/de\\\/\",\"name\":\"Sysmatec\",\"description\":\"Equipement de laboratoire et logiciels\",\"publisher\":{\"@id\":\"https:\\\/\\\/sysmatec.ch\\\/de\\\/#organization\"},\"potentialAction\":[{\"@type\":\"SearchAction\",\"target\":{\"@type\":\"EntryPoint\",\"urlTemplate\":\"https:\\\/\\\/sysmatec.ch\\\/de\\\/?s={search_term_string}\"},\"query-input\":{\"@type\":\"PropertyValueSpecification\",\"valueRequired\":true,\"valueName\":\"search_term_string\"}}],\"inLanguage\":\"de\"},{\"@type\":\"Organization\",\"@id\":\"https:\\\/\\\/sysmatec.ch\\\/de\\\/#organization\",\"name\":\"Sysmatec\",\"url\":\"https:\\\/\\\/sysmatec.ch\\\/de\\\/\",\"logo\":{\"@type\":\"ImageObject\",\"inLanguage\":\"de\",\"@id\":\"https:\\\/\\\/sysmatec.ch\\\/de\\\/#\\\/schema\\\/logo\\\/image\\\/\",\"url\":\"https:\\\/\\\/sysmatec.ch\\\/wp-content\\\/uploads\\\/2018\\\/11\\\/LogoSysmatec.jpg\",\"contentUrl\":\"https:\\\/\\\/sysmatec.ch\\\/wp-content\\\/uploads\\\/2018\\\/11\\\/LogoSysmatec.jpg\",\"width\":301,\"height\":297,\"caption\":\"Sysmatec\"},\"image\":{\"@id\":\"https:\\\/\\\/sysmatec.ch\\\/de\\\/#\\\/schema\\\/logo\\\/image\\\/\"}}]}<\/script>\n<!-- \/ Yoast SEO plugin. -->","yoast_head_json":{"title":"Bodenwaage KERN BFC - Sysmatec","description":"Plateformwaage zur Bodenmontage oder zum Einbau in einen Schacht. Optionale Zugangsrampen. Wiegebereich: 0\u2013600 kg bis 0\u20138000 kg. Schutzart IP67. Zulassung optional erh\u00e4ltlich.","robots":{"index":"index","follow":"follow","max-snippet":"max-snippet:-1","max-image-preview":"max-image-preview:large","max-video-preview":"max-video-preview:-1"},"canonical":"https:\/\/sysmatec.ch\/de\/Produkt\/bodenwaage-kern-bfc\/","og_locale":"de_DE","og_type":"article","og_title":"Bodenwaage KERN BFC - Sysmatec","og_description":"Plateformwaage zur Bodenmontage oder zum Einbau in einen Schacht. Optionale Zugangsrampen. Wiegebereich: 0\u2013600 kg bis 0\u20138000 kg. Schutzart IP67. Zulassung optional erh\u00e4ltlich.","og_url":"https:\/\/sysmatec.ch\/de\/Produkt\/bodenwaage-kern-bfc\/","og_site_name":"Sysmatec","article_modified_time":"2026-01-20T11:22:45+00:00","og_image":[{"width":548,"height":428,"url":"https:\/\/sysmatec.ch\/wp-content\/uploads\/2026\/01\/Balance_KernBFC1.jpg","type":"image\/jpeg"}],"twitter_card":"summary_large_image","twitter_misc":{"Gesch\u00e4tzte Lesezeit":"3\u00a0Minuten"},"schema":{"@context":"https:\/\/schema.org","@graph":[{"@type":"WebPage","@id":"https:\/\/sysmatec.ch\/de\/Produkt\/bodenwaage-kern-bfc\/","url":"https:\/\/sysmatec.ch\/de\/Produkt\/bodenwaage-kern-bfc\/","name":"Bodenwaage KERN BFC - Sysmatec","isPartOf":{"@id":"https:\/\/sysmatec.ch\/de\/#website"},"primaryImageOfPage":{"@id":"https:\/\/sysmatec.ch\/de\/Produkt\/bodenwaage-kern-bfc\/#primaryimage"},"image":{"@id":"https:\/\/sysmatec.ch\/de\/Produkt\/bodenwaage-kern-bfc\/#primaryimage"},"thumbnailUrl":"https:\/\/sysmatec.ch\/wp-content\/uploads\/2026\/01\/Balance_KernBFC1.jpg","datePublished":"2026-01-20T10:43:31+00:00","dateModified":"2026-01-20T11:22:45+00:00","description":"Plateformwaage zur Bodenmontage oder zum Einbau in einen Schacht. Optionale Zugangsrampen. Wiegebereich: 0\u2013600 kg bis 0\u20138000 kg. Schutzart IP67. Zulassung optional erh\u00e4ltlich.","breadcrumb":{"@id":"https:\/\/sysmatec.ch\/de\/Produkt\/bodenwaage-kern-bfc\/#breadcrumb"},"inLanguage":"de","potentialAction":[{"@type":"ReadAction","target":["https:\/\/sysmatec.ch\/de\/Produkt\/bodenwaage-kern-bfc\/"]}]},{"@type":"ImageObject","inLanguage":"de","@id":"https:\/\/sysmatec.ch\/de\/Produkt\/bodenwaage-kern-bfc\/#primaryimage","url":"https:\/\/sysmatec.ch\/wp-content\/uploads\/2026\/01\/Balance_KernBFC1.jpg","contentUrl":"https:\/\/sysmatec.ch\/wp-content\/uploads\/2026\/01\/Balance_KernBFC1.jpg","width":548,"height":428},{"@type":"BreadcrumbList","@id":"https:\/\/sysmatec.ch\/de\/Produkt\/bodenwaage-kern-bfc\/#breadcrumb","itemListElement":[{"@type":"ListItem","position":1,"name":"Accueil","item":"https:\/\/sysmatec.ch\/de\/"},{"@type":"ListItem","position":2,"name":"Die Aktivit\u00e4t von Sysmatec","item":"https:\/\/sysmatec.ch\/de\/"},{"@type":"ListItem","position":3,"name":"Bodenwaage KERN BFC"}]},{"@type":"WebSite","@id":"https:\/\/sysmatec.ch\/de\/#website","url":"https:\/\/sysmatec.ch\/de\/","name":"Sysmatec","description":"Equipement de laboratoire et logiciels","publisher":{"@id":"https:\/\/sysmatec.ch\/de\/#organization"},"potentialAction":[{"@type":"SearchAction","target":{"@type":"EntryPoint","urlTemplate":"https:\/\/sysmatec.ch\/de\/?s={search_term_string}"},"query-input":{"@type":"PropertyValueSpecification","valueRequired":true,"valueName":"search_term_string"}}],"inLanguage":"de"},{"@type":"Organization","@id":"https:\/\/sysmatec.ch\/de\/#organization","name":"Sysmatec","url":"https:\/\/sysmatec.ch\/de\/","logo":{"@type":"ImageObject","inLanguage":"de","@id":"https:\/\/sysmatec.ch\/de\/#\/schema\/logo\/image\/","url":"https:\/\/sysmatec.ch\/wp-content\/uploads\/2018\/11\/LogoSysmatec.jpg","contentUrl":"https:\/\/sysmatec.ch\/wp-content\/uploads\/2018\/11\/LogoSysmatec.jpg","width":301,"height":297,"caption":"Sysmatec"},"image":{"@id":"https:\/\/sysmatec.ch\/de\/#\/schema\/logo\/image\/"}}]}},"_links":{"self":[{"href":"https:\/\/sysmatec.ch\/de\/wp-json\/wp\/v2\/product\/31652","targetHints":{"allow":["GET"]}}],"collection":[{"href":"https:\/\/sysmatec.ch\/de\/wp-json\/wp\/v2\/product"}],"about":[{"href":"https:\/\/sysmatec.ch\/de\/wp-json\/wp\/v2\/types\/product"}],"wp:featuredmedia":[{"embeddable":true,"href":"https:\/\/sysmatec.ch\/de\/wp-json\/wp\/v2\/media\/31661"}],"wp:attachment":[{"href":"https:\/\/sysmatec.ch\/de\/wp-json\/wp\/v2\/media?parent=31652"}],"wp:term":[{"taxonomy":"product_brand","embeddable":true,"href":"https:\/\/sysmatec.ch\/de\/wp-json\/wp\/v2\/product_brand?post=31652"},{"taxonomy":"product_cat","embeddable":true,"href":"https:\/\/sysmatec.ch\/de\/wp-json\/wp\/v2\/product_cat?post=31652"},{"taxonomy":"product_tag","embeddable":true,"href":"https:\/\/sysmatec.ch\/de\/wp-json\/wp\/v2\/product_tag?post=31652"}],"curies":[{"name":"wp","href":"https:\/\/api.w.org\/{rel}","templated":true}]}}