{"id":3161,"date":"2019-02-16T20:41:00","date_gmt":"2019-02-16T19:41:00","guid":{"rendered":"https:\/\/sysmatec.ch\/produit\/pese-bebe-kern-mbe-pour-nouveau-nes\/"},"modified":"2022-02-26T18:02:38","modified_gmt":"2022-02-26T17:02:38","slug":"neugeborenenwaage-kern-mbd","status":"publish","type":"product","link":"https:\/\/sysmatec.ch\/de\/Produkt\/neugeborenenwaage-kern-mbd\/","title":{"rendered":"Neugeborenenwaage KERN MBD"},"content":{"rendered":"<ul id=\"kernList1\">\n<li>Gro\u00dfe, ergonomisch optimierte Liegefl\u00e4che zum sicheren Wiegen von S\u00e4uglingen<\/li>\n<li>Unempfindliche Kunststoff-Liegefl\u00e4che<\/li>\n<li>Hygienisch und leicht zu reinigen<\/li>\n<li>Besonders flache und leichte Bauweise, dadurch leicht zu transportieren und zu verstauen<\/li>\n<li>Sicheres und rutschfreies Aufstellen durch Gummif\u00fc\u00dfe<\/li>\n<li>Einfache Bedienung<\/li>\n<li>Data-<a>Hold-Funktion<\/a>: zum bequemen Ablesen der Gewichtsanzeige<\/li>\n<li>Spezielle Funktion f\u00fcr Neonatologie-Stationen: Differenzfunktion zur Berechnung der Gewichtszunahme vor und nach der Nahrungsaufnahme<\/li>\n<li>Interner W\u00e4gewertspeicher f\u00fcr einen W\u00e4gewert<\/li>\n<li>Integrierte\u00a0<a>AUTO-OFF-Funktion<\/a>\u00a0zur Batterieschonung<\/li>\n<li>Einheitenumschaltung von kg auf lb m\u00f6glich<\/li>\n<li>Hinweis: Dieses Modell wird nur im 5er-Set geliefert. d.\u00a0h., der in der Tabelle angegebene Preis bezieht sich auf einen Lieferumfang von je 5 St\u00fcck. Einzellieferung nicht m\u00f6glich<\/li>\n<\/ul>\n<table border=\"1\" width=\"437\" cellspacing=\"0\" cellpadding=\"2\">\n<tbody>\n<tr>\n<td>Modell<\/td>\n<td width=\"10%\">Ablesbarkeit<\/td>\n<td width=\"10%\">W\u00e4gebereich<\/td>\n<\/tr>\n<tr>\n<td><\/td>\n<td width=\"10%\">kg<\/td>\n<td width=\"10%\">kg<\/td>\n<\/tr>\n<tr>\n<td>MBD 20K-2S05<\/td>\n<td width=\"10%\">0.01<\/td>\n<td width=\"10%\">15<\/td>\n<\/tr>\n<\/tbody>\n<\/table>\n","protected":false},"excerpt":{"rendered":"<p><span class=\"VIiyi\" lang=\"de\"><span class=\"JLqJ4b ChMk0b\" data-language-for-alternatives=\"de\" data-language-to-translate-into=\"fr\" data-phrase-index=\"0\">Medizinische Waage, Babywaage, gro\u00dfe Wiegefl\u00e4che, leicht zu transportieren und zu lagern, interner Speicher f\u00fcr die Aufzeichnung von W\u00e4gungen.<\/span><\/span><\/p>\n","protected":false},"featured_media":24898,"template":"","meta":{"_crdt_document":""},"product_brand":[],"product_cat":[165,330],"product_tag":[],"class_list":{"0":"post-3161","1":"product","2":"type-product","3":"status-publish","4":"has-post-thumbnail","6":"product_cat-gewicht","7":"product_cat-medizinisch","9":"first","10":"instock","11":"taxable","12":"shipping-taxable","13":"purchasable","14":"product-type-simple"},"yoast_head":"<!-- This site is optimized with the Yoast SEO plugin v27.3 - https:\/\/yoast.com\/product\/yoast-seo-wordpress\/ -->\n<title>Neugeborenenwaage KERN MBD - Sysmatec<\/title>\n<meta name=\"description\" content=\"Babywaage, flache und leichte Konstruktion, einfach zu tragen und zu lagern. Wiegebereich von 0 bis 15 kg.\" \/>\n<meta name=\"robots\" content=\"index, follow, max-snippet:-1, max-image-preview:large, max-video-preview:-1\" \/>\n<link rel=\"canonical\" href=\"https:\/\/sysmatec.ch\/de\/produit\/neugeborenenwaage-kern-mbd\/\" \/>\n<meta property=\"og:locale\" content=\"de_DE\" \/>\n<meta property=\"og:type\" content=\"article\" \/>\n<meta property=\"og:title\" content=\"Neugeborenenwaage KERN MBD - Sysmatec\" \/>\n<meta property=\"og:description\" content=\"Babywaage, flache und leichte Konstruktion, einfach zu tragen und zu lagern. Wiegebereich von 0 bis 15 kg.\" \/>\n<meta property=\"og:url\" content=\"https:\/\/sysmatec.ch\/de\/produit\/neugeborenenwaage-kern-mbd\/\" \/>\n<meta property=\"og:site_name\" content=\"Sysmatec\" \/>\n<meta property=\"article:modified_time\" content=\"2022-02-26T17:02:38+00:00\" \/>\n<meta property=\"og:image\" content=\"https:\/\/sysmatec.ch\/wp-content\/uploads\/2019\/02\/Balance_MBD-20K-2S05-scaled.jpg\" \/>\n\t<meta property=\"og:image:width\" content=\"2560\" \/>\n\t<meta property=\"og:image:height\" content=\"1344\" \/>\n\t<meta property=\"og:image:type\" content=\"image\/jpeg\" \/>\n<meta name=\"twitter:card\" content=\"summary_large_image\" \/>\n<meta name=\"twitter:label1\" content=\"Gesch\u00e4tzte Lesezeit\" \/>\n\t<meta name=\"twitter:data1\" content=\"1\u00a0Minute\" \/>\n<script type=\"application\/ld+json\" class=\"yoast-schema-graph\">{\"@context\":\"https:\\\/\\\/schema.org\",\"@graph\":[{\"@type\":\"WebPage\",\"@id\":\"https:\\\/\\\/sysmatec.ch\\\/de\\\/produit\\\/neugeborenenwaage-kern-mbd\\\/\",\"url\":\"https:\\\/\\\/sysmatec.ch\\\/de\\\/produit\\\/neugeborenenwaage-kern-mbd\\\/\",\"name\":\"Neugeborenenwaage KERN MBD - Sysmatec\",\"isPartOf\":{\"@id\":\"https:\\\/\\\/sysmatec.ch\\\/de\\\/#website\"},\"primaryImageOfPage\":{\"@id\":\"https:\\\/\\\/sysmatec.ch\\\/de\\\/produit\\\/neugeborenenwaage-kern-mbd\\\/#primaryimage\"},\"image\":{\"@id\":\"https:\\\/\\\/sysmatec.ch\\\/de\\\/produit\\\/neugeborenenwaage-kern-mbd\\\/#primaryimage\"},\"thumbnailUrl\":\"https:\\\/\\\/sysmatec.ch\\\/wp-content\\\/uploads\\\/2019\\\/02\\\/Balance_MBD-20K-2S05-scaled.jpg\",\"datePublished\":\"2019-02-16T19:41:00+00:00\",\"dateModified\":\"2022-02-26T17:02:38+00:00\",\"description\":\"Babywaage, flache und leichte Konstruktion, einfach zu tragen und zu lagern. Wiegebereich von 0 bis 15 kg.\",\"breadcrumb\":{\"@id\":\"https:\\\/\\\/sysmatec.ch\\\/de\\\/produit\\\/neugeborenenwaage-kern-mbd\\\/#breadcrumb\"},\"inLanguage\":\"de\",\"potentialAction\":[{\"@type\":\"ReadAction\",\"target\":[\"https:\\\/\\\/sysmatec.ch\\\/de\\\/produit\\\/neugeborenenwaage-kern-mbd\\\/\"]}]},{\"@type\":\"ImageObject\",\"inLanguage\":\"de\",\"@id\":\"https:\\\/\\\/sysmatec.ch\\\/de\\\/produit\\\/neugeborenenwaage-kern-mbd\\\/#primaryimage\",\"url\":\"https:\\\/\\\/sysmatec.ch\\\/wp-content\\\/uploads\\\/2019\\\/02\\\/Balance_MBD-20K-2S05-scaled.jpg\",\"contentUrl\":\"https:\\\/\\\/sysmatec.ch\\\/wp-content\\\/uploads\\\/2019\\\/02\\\/Balance_MBD-20K-2S05-scaled.jpg\",\"width\":2560,\"height\":1344},{\"@type\":\"BreadcrumbList\",\"@id\":\"https:\\\/\\\/sysmatec.ch\\\/de\\\/produit\\\/neugeborenenwaage-kern-mbd\\\/#breadcrumb\",\"itemListElement\":[{\"@type\":\"ListItem\",\"position\":1,\"name\":\"Accueil\",\"item\":\"https:\\\/\\\/sysmatec.ch\\\/de\\\/\"},{\"@type\":\"ListItem\",\"position\":2,\"name\":\"Die Aktivit\u00e4t von Sysmatec\",\"item\":\"https:\\\/\\\/sysmatec.ch\\\/de\\\/\"},{\"@type\":\"ListItem\",\"position\":3,\"name\":\"Neugeborenenwaage KERN MBD\"}]},{\"@type\":\"WebSite\",\"@id\":\"https:\\\/\\\/sysmatec.ch\\\/de\\\/#website\",\"url\":\"https:\\\/\\\/sysmatec.ch\\\/de\\\/\",\"name\":\"Sysmatec\",\"description\":\"Equipement de laboratoire et logiciels\",\"publisher\":{\"@id\":\"https:\\\/\\\/sysmatec.ch\\\/de\\\/#organization\"},\"potentialAction\":[{\"@type\":\"SearchAction\",\"target\":{\"@type\":\"EntryPoint\",\"urlTemplate\":\"https:\\\/\\\/sysmatec.ch\\\/de\\\/?s={search_term_string}\"},\"query-input\":{\"@type\":\"PropertyValueSpecification\",\"valueRequired\":true,\"valueName\":\"search_term_string\"}}],\"inLanguage\":\"de\"},{\"@type\":\"Organization\",\"@id\":\"https:\\\/\\\/sysmatec.ch\\\/de\\\/#organization\",\"name\":\"Sysmatec\",\"url\":\"https:\\\/\\\/sysmatec.ch\\\/de\\\/\",\"logo\":{\"@type\":\"ImageObject\",\"inLanguage\":\"de\",\"@id\":\"https:\\\/\\\/sysmatec.ch\\\/de\\\/#\\\/schema\\\/logo\\\/image\\\/\",\"url\":\"https:\\\/\\\/sysmatec.ch\\\/wp-content\\\/uploads\\\/2018\\\/11\\\/LogoSysmatec.jpg\",\"contentUrl\":\"https:\\\/\\\/sysmatec.ch\\\/wp-content\\\/uploads\\\/2018\\\/11\\\/LogoSysmatec.jpg\",\"width\":301,\"height\":297,\"caption\":\"Sysmatec\"},\"image\":{\"@id\":\"https:\\\/\\\/sysmatec.ch\\\/de\\\/#\\\/schema\\\/logo\\\/image\\\/\"}}]}<\/script>\n<!-- \/ Yoast SEO plugin. -->","yoast_head_json":{"title":"Neugeborenenwaage KERN MBD - Sysmatec","description":"Babywaage, flache und leichte Konstruktion, einfach zu tragen und zu lagern. Wiegebereich von 0 bis 15 kg.","robots":{"index":"index","follow":"follow","max-snippet":"max-snippet:-1","max-image-preview":"max-image-preview:large","max-video-preview":"max-video-preview:-1"},"canonical":"https:\/\/sysmatec.ch\/de\/produit\/neugeborenenwaage-kern-mbd\/","og_locale":"de_DE","og_type":"article","og_title":"Neugeborenenwaage KERN MBD - Sysmatec","og_description":"Babywaage, flache und leichte Konstruktion, einfach zu tragen und zu lagern. Wiegebereich von 0 bis 15 kg.","og_url":"https:\/\/sysmatec.ch\/de\/produit\/neugeborenenwaage-kern-mbd\/","og_site_name":"Sysmatec","article_modified_time":"2022-02-26T17:02:38+00:00","og_image":[{"width":2560,"height":1344,"url":"https:\/\/sysmatec.ch\/wp-content\/uploads\/2019\/02\/Balance_MBD-20K-2S05-scaled.jpg","type":"image\/jpeg"}],"twitter_card":"summary_large_image","twitter_misc":{"Gesch\u00e4tzte Lesezeit":"1\u00a0Minute"},"schema":{"@context":"https:\/\/schema.org","@graph":[{"@type":"WebPage","@id":"https:\/\/sysmatec.ch\/de\/produit\/neugeborenenwaage-kern-mbd\/","url":"https:\/\/sysmatec.ch\/de\/produit\/neugeborenenwaage-kern-mbd\/","name":"Neugeborenenwaage KERN MBD - Sysmatec","isPartOf":{"@id":"https:\/\/sysmatec.ch\/de\/#website"},"primaryImageOfPage":{"@id":"https:\/\/sysmatec.ch\/de\/produit\/neugeborenenwaage-kern-mbd\/#primaryimage"},"image":{"@id":"https:\/\/sysmatec.ch\/de\/produit\/neugeborenenwaage-kern-mbd\/#primaryimage"},"thumbnailUrl":"https:\/\/sysmatec.ch\/wp-content\/uploads\/2019\/02\/Balance_MBD-20K-2S05-scaled.jpg","datePublished":"2019-02-16T19:41:00+00:00","dateModified":"2022-02-26T17:02:38+00:00","description":"Babywaage, flache und leichte Konstruktion, einfach zu tragen und zu lagern. Wiegebereich von 0 bis 15 kg.","breadcrumb":{"@id":"https:\/\/sysmatec.ch\/de\/produit\/neugeborenenwaage-kern-mbd\/#breadcrumb"},"inLanguage":"de","potentialAction":[{"@type":"ReadAction","target":["https:\/\/sysmatec.ch\/de\/produit\/neugeborenenwaage-kern-mbd\/"]}]},{"@type":"ImageObject","inLanguage":"de","@id":"https:\/\/sysmatec.ch\/de\/produit\/neugeborenenwaage-kern-mbd\/#primaryimage","url":"https:\/\/sysmatec.ch\/wp-content\/uploads\/2019\/02\/Balance_MBD-20K-2S05-scaled.jpg","contentUrl":"https:\/\/sysmatec.ch\/wp-content\/uploads\/2019\/02\/Balance_MBD-20K-2S05-scaled.jpg","width":2560,"height":1344},{"@type":"BreadcrumbList","@id":"https:\/\/sysmatec.ch\/de\/produit\/neugeborenenwaage-kern-mbd\/#breadcrumb","itemListElement":[{"@type":"ListItem","position":1,"name":"Accueil","item":"https:\/\/sysmatec.ch\/de\/"},{"@type":"ListItem","position":2,"name":"Die Aktivit\u00e4t von Sysmatec","item":"https:\/\/sysmatec.ch\/de\/"},{"@type":"ListItem","position":3,"name":"Neugeborenenwaage KERN MBD"}]},{"@type":"WebSite","@id":"https:\/\/sysmatec.ch\/de\/#website","url":"https:\/\/sysmatec.ch\/de\/","name":"Sysmatec","description":"Equipement de laboratoire et logiciels","publisher":{"@id":"https:\/\/sysmatec.ch\/de\/#organization"},"potentialAction":[{"@type":"SearchAction","target":{"@type":"EntryPoint","urlTemplate":"https:\/\/sysmatec.ch\/de\/?s={search_term_string}"},"query-input":{"@type":"PropertyValueSpecification","valueRequired":true,"valueName":"search_term_string"}}],"inLanguage":"de"},{"@type":"Organization","@id":"https:\/\/sysmatec.ch\/de\/#organization","name":"Sysmatec","url":"https:\/\/sysmatec.ch\/de\/","logo":{"@type":"ImageObject","inLanguage":"de","@id":"https:\/\/sysmatec.ch\/de\/#\/schema\/logo\/image\/","url":"https:\/\/sysmatec.ch\/wp-content\/uploads\/2018\/11\/LogoSysmatec.jpg","contentUrl":"https:\/\/sysmatec.ch\/wp-content\/uploads\/2018\/11\/LogoSysmatec.jpg","width":301,"height":297,"caption":"Sysmatec"},"image":{"@id":"https:\/\/sysmatec.ch\/de\/#\/schema\/logo\/image\/"}}]}},"_links":{"self":[{"href":"https:\/\/sysmatec.ch\/de\/wp-json\/wp\/v2\/product\/3161","targetHints":{"allow":["GET"]}}],"collection":[{"href":"https:\/\/sysmatec.ch\/de\/wp-json\/wp\/v2\/product"}],"about":[{"href":"https:\/\/sysmatec.ch\/de\/wp-json\/wp\/v2\/types\/product"}],"wp:featuredmedia":[{"embeddable":true,"href":"https:\/\/sysmatec.ch\/de\/wp-json\/wp\/v2\/media\/24898"}],"wp:attachment":[{"href":"https:\/\/sysmatec.ch\/de\/wp-json\/wp\/v2\/media?parent=3161"}],"wp:term":[{"taxonomy":"product_brand","embeddable":true,"href":"https:\/\/sysmatec.ch\/de\/wp-json\/wp\/v2\/product_brand?post=3161"},{"taxonomy":"product_cat","embeddable":true,"href":"https:\/\/sysmatec.ch\/de\/wp-json\/wp\/v2\/product_cat?post=3161"},{"taxonomy":"product_tag","embeddable":true,"href":"https:\/\/sysmatec.ch\/de\/wp-json\/wp\/v2\/product_tag?post=3161"}],"curies":[{"name":"wp","href":"https:\/\/api.w.org\/{rel}","templated":true}]}}