{"id":31593,"date":"2026-01-19T21:10:25","date_gmt":"2026-01-19T20:10:25","guid":{"rendered":"https:\/\/sysmatec.ch\/?post_type=product&#038;p=31593"},"modified":"2026-03-05T11:22:20","modified_gmt":"2026-03-05T10:22:20","slug":"plattformwaage-kern-ixc","status":"publish","type":"product","link":"https:\/\/sysmatec.ch\/de\/Produkt\/plattformwaage-kern-ixc\/","title":{"rendered":"Plattformwaage KERN IXC"},"content":{"rendered":"<ul id=\"kernList1\">\n<li>Edelstahl-Plattformwaage mit bis zu vier Schnittstellen und intuitiver Bedienung, optional mit\u00a0Eichung<\/li>\n<li>Industrie 4.0: Austausch von Daten und Steuerbefehlen optional \u00fcber bis zu vier Schnittstellen nach individuellem Bedarf: zwei kabelgebundene (RS-232, Ethernet, USB oder Analogmodul) und zwei Funkschnittstellen (WLAN, Bluetooth)<\/li>\n<li>Jede Schnittstelle kann separat eingestellt werden, z. B.:<br \/>\n&#8211; Schnittstelle 1 (WLAN): Kontinuierliches Senden an einen PC zur Dokumentation eines Prozesses<br \/>\n&#8211; Schnittstelle 2 (RS-232): Stabilen W\u00e4gewert drucken<br \/>\n&#8211; Schnittstelle 3 (Analogmodul): Steuern einer Vorrichtung bei Erreichen des Zielgewichts<br \/>\n&#8211; Schnittstelle 4 (Bluetooth): Kontinuierliches Senden an ein Tablet zur \u00dcberwachung eines Prozesses<\/li>\n<li>Optional mit\u00a0Alibispeicher\u00a0zur papierlosen Archivierung der W\u00e4geergebnisse. Damit lassen sich auch die Ergebnisse eichpflichtiger W\u00e4gungen vorschriftsgem\u00e4\u00df elektronisch auswerten und weiterverarbeiten<\/li>\n<li>Abfrage und Fernsteuerung der Waage \u00fcber Computer oder CRM-\/ERP-Systeme mittels KERN Communication Protocol<\/li>\n<li>Plattform: W\u00e4geplatte Edelstahl, Unterbau Stahl lackiert, silikonbeschichtete Aluminium-W\u00e4gezelle mit Staub- und Spritzwasserschutz IP65<\/li>\n<li>Auswerteger\u00e4t: Edelstahl, Staub- und Spritzwasserschutz IP68. \u00dcberlegene Displaygr\u00f6\u00dfe: Ziffernh\u00f6he 48 mm, hell hinterleuchtet f\u00fcr bequemes Ablesen des W\u00e4gewerts auch bei schlechten Lichtverh\u00e4ltnissen, integriertes Netzteil<\/li>\n<li>Option: Akkubetrieb, KERN YKR-01, Option, nicht nachr\u00fcstbar<\/li>\n<li>F\u00fcr eichpflichtige Anwendung\u00a0Eichung\u00a0(Konformit\u00e4tsbewertung\u00a0nach NAWI 2014\/31\/EU) bitte gleich mitbestellen, eine nachtr\u00e4gliche Ersteichung ist nicht m\u00f6glich. F\u00fcr die\u00a0<a href=\"https:\/\/www.kern-sohn.com\/shop\/de\/produkte\/industriewaagen\/plattformwaagen\/tixc-150k-2lm-a\/#\" data-tippy-content=\"Eichen, nach neuer Begrifflichkeit \u201eKonformit\u00e4tsbewerten\u201c. Es k\u00f6nnen nur Waagen mit Bauartzulassung konformit\u00e4tsbewertet werden. Diese Waagen tragen das Metrologiekennzeichen M. Die Konformit\u00e4tsbewertung schreibt der Staat vor und sie dient dem Verbraucherschutz. Nach der EU-Richtlinie 2014\/31\/EU m\u00fcssen Waagen amtlich konformit\u00e4tsbewertet (\u201egeeicht\u201c) sein, wenn sie wie folgt verwendet werden: &lt;br&gt; &lt;br&gt; a) Im gesch\u00e4ftlichen Verkehr, wenn der Preis einer Ware durch W\u00e4gung bestimmt wird. &lt;br&gt; b) Bei der Herstellung von Arzneimitteln in Apotheken sowie bei Analysen im medizinischen und pharmazeutischen Labor.&lt;br&gt; c) Zu amtlichen Zwecken. &lt;br&gt; d) Bei der Herstellung von Fertigpackungen. &lt;br&gt; e) In der Heilkunde.&lt;br&gt; &lt;br&gt; Jede Waage wird von KERN gepr\u00fcft und mit der Konformit\u00e4tskennzeichnung versehen. Damit ist ihre Genauigkeit im Rahmen der zul\u00e4ssigen Toleranzen best\u00e4tigt. Der Geltungsbereich der EU-Eichung erstreckt sich auf alle Mitgliedsstaaten der EU (Europ\u00e4ische Union).\" aria-expanded=\"false\">Eichung<\/a>\u00a0ben\u00f6tigen wir die vollst\u00e4ndige Adresse des Aufstellungsortes<\/li>\n<li>Eine geeichte Waage, die Messwerte mittels Schnittstelle an externe Ger\u00e4te \u00fcbermittelt, ben\u00f6tigt zwingend einen\u00a0Alibispeicher\u00a0YMM-06. Eine nachtr\u00e4gliche Aufr\u00fcstung ist nicht m\u00f6glich.<\/li>\n<\/ul>\n<table border=\"1\" width=\"486\" cellspacing=\"0\" cellpadding=\"2\">\n<tbody>\n<tr>\n<td>Modell<\/td>\n<td width=\"10%\">Ablesbarkeit<\/td>\n<td width=\"10%\">W\u00e4gebereich<\/td>\n<td width=\"10%\">Platte<\/td>\n<\/tr>\n<tr>\n<td><\/td>\n<td width=\"10%\">g<\/td>\n<td width=\"10%\">kg<\/td>\n<td width=\"10%\">mm<\/td>\n<\/tr>\n<tr>\n<td>IXC 6K-4<\/td>\n<td width=\"10%\">0.2<\/td>\n<td width=\"10%\">6<\/td>\n<td width=\"10%\">300\u00d7240<\/td>\n<\/tr>\n<tr>\n<td>IXC 10K-4<\/td>\n<td width=\"10%\">0.5<\/td>\n<td width=\"10%\">15<\/td>\n<td width=\"10%\">300\u00d7240<\/td>\n<\/tr>\n<tr>\n<td>IXC 10K-4L<\/td>\n<td width=\"10%\">0.5<\/td>\n<td width=\"10%\">15<\/td>\n<td width=\"10%\">400&#215;300<\/td>\n<\/tr>\n<tr>\n<td>IXC 30K-3<\/td>\n<td width=\"10%\">1<\/td>\n<td width=\"10%\">30<\/td>\n<td width=\"10%\">400&#215;300<\/td>\n<\/tr>\n<tr>\n<td>IXC 30K-3L<\/td>\n<td width=\"10%\">1<\/td>\n<td width=\"10%\">30<\/td>\n<td width=\"10%\">500\u00d7400<\/td>\n<\/tr>\n<tr>\n<td>IXC 60K-3<\/td>\n<td width=\"10%\">2<\/td>\n<td width=\"10%\">60<\/td>\n<td width=\"10%\">400&#215;300<\/td>\n<\/tr>\n<tr>\n<td>IXC 60K-3L<\/td>\n<td width=\"10%\">2<\/td>\n<td width=\"10%\">60<\/td>\n<td width=\"10%\">500&#215;400<\/td>\n<\/tr>\n<tr>\n<td><a>IXC 100K-3<\/a><\/td>\n<td width=\"10%\">5<\/td>\n<td width=\"10%\">150<\/td>\n<td width=\"10%\">500\u00d7400<\/td>\n<\/tr>\n<tr>\n<td>IXC 100K-3L<\/td>\n<td width=\"10%\">5<\/td>\n<td width=\"10%\">150<\/td>\n<td width=\"10%\">650&#215;500<\/td>\n<\/tr>\n<tr>\n<td>IXC 300K-3<\/td>\n<td width=\"10%\">10<\/td>\n<td width=\"10%\">300<\/td>\n<td width=\"10%\">650&#215;500<\/td>\n<\/tr>\n<tr>\n<td>IXC 6K-3M<\/td>\n<td width=\"10%\">1\/2<\/td>\n<td width=\"10%\">3\/6<\/td>\n<td width=\"10%\">300\u00d7240<\/td>\n<\/tr>\n<tr>\n<td>IXC 10K-3M<\/td>\n<td width=\"10%\">2\/5<\/td>\n<td width=\"10%\">6\/15<\/td>\n<td width=\"10%\">300\u00d7240<\/td>\n<\/tr>\n<tr>\n<td>IXC 10K-3LM<\/td>\n<td width=\"10%\">2\/5<\/td>\n<td width=\"10%\">6\/15<\/td>\n<td width=\"10%\">400&#215;300<\/td>\n<\/tr>\n<tr>\n<td>IXC 30K-3M<\/td>\n<td width=\"10%\">5\/10<\/td>\n<td width=\"10%\">15\/30<\/td>\n<td width=\"10%\">400&#215;300<\/td>\n<\/tr>\n<tr>\n<td>IXC 30K-3LM<\/td>\n<td width=\"10%\">5\/10<\/td>\n<td width=\"10%\">15\/30<\/td>\n<td width=\"10%\">500\u00d7400<\/td>\n<\/tr>\n<tr>\n<td>IXC 60K-2M<\/td>\n<td width=\"10%\">10\/20<\/td>\n<td width=\"10%\">30\/60<\/td>\n<td width=\"10%\">400&#215;300<\/td>\n<\/tr>\n<tr>\n<td>IXC 60K-2LM<\/td>\n<td width=\"10%\">10\/20<\/td>\n<td width=\"10%\">30\/60<\/td>\n<td width=\"10%\">500&#215;400<\/td>\n<\/tr>\n<tr>\n<td>IXC 100K-2M<\/td>\n<td width=\"10%\">20\/50<\/td>\n<td width=\"10%\">60\/150<\/td>\n<td width=\"10%\">500\u00d7400<\/td>\n<\/tr>\n<tr>\n<td>IXC 100K-2LM<\/td>\n<td width=\"10%\">20\/50<\/td>\n<td width=\"10%\">60\/150<\/td>\n<td width=\"10%\">650&#215;500<\/td>\n<\/tr>\n<tr>\n<td>IXC 300K-2M<\/td>\n<td width=\"10%\">50\/100<\/td>\n<td width=\"10%\">150\/300<\/td>\n<td width=\"10%\">650&#215;500<\/td>\n<\/tr>\n<\/tbody>\n<\/table>\n<p>XC-M: Waage mit zwei Gewichtsbereichen und optionaler Eichung<\/p>\n","protected":false},"excerpt":{"rendered":"<p>Plattformwaage 0-6 kg bis 0-300 kg, optionale Eichung.<\/p>\n","protected":false},"featured_media":31638,"template":"","meta":{"_crdt_document":""},"product_brand":[],"product_cat":[165,339],"product_tag":[],"class_list":{"0":"post-31593","1":"product","2":"type-product","3":"status-publish","4":"has-post-thumbnail","6":"product_cat-gewicht","7":"product_cat-plattform","9":"first","10":"instock","11":"taxable","12":"shipping-taxable","13":"product-type-simple"},"yoast_head":"<!-- This site is optimized with the Yoast SEO plugin v27.4 - https:\/\/yoast.com\/product\/yoast-seo-wordpress\/ -->\n<title>Plattformwaage KERN IXC - Sysmatec<\/title>\n<meta name=\"description\" content=\"Plattformwaage; das Display ist vom Waagenk\u00f6rper getrennt und \u00fcber ein Kabel angeschlossen; Messbereich bis 300 kg. Eichung optional erh\u00e4ltlich.\" \/>\n<meta name=\"robots\" content=\"index, follow, max-snippet:-1, max-image-preview:large, max-video-preview:-1\" \/>\n<link rel=\"canonical\" href=\"https:\/\/sysmatec.ch\/de\/Produkt\/plattformwaage-kern-ixc\/\" \/>\n<meta property=\"og:locale\" content=\"de_DE\" \/>\n<meta property=\"og:type\" content=\"article\" \/>\n<meta property=\"og:title\" content=\"Plattformwaage KERN IXC - Sysmatec\" \/>\n<meta property=\"og:description\" content=\"Plattformwaage; das Display ist vom Waagenk\u00f6rper getrennt und \u00fcber ein Kabel angeschlossen; Messbereich bis 300 kg. Eichung optional erh\u00e4ltlich.\" \/>\n<meta property=\"og:url\" content=\"https:\/\/sysmatec.ch\/de\/Produkt\/plattformwaage-kern-ixc\/\" \/>\n<meta property=\"og:site_name\" content=\"Sysmatec\" \/>\n<meta property=\"article:modified_time\" content=\"2026-03-05T10:22:20+00:00\" \/>\n<meta property=\"og:image\" content=\"https:\/\/sysmatec.ch\/wp-content\/uploads\/2026\/01\/Balance_KernIXC1.jpg\" \/>\n\t<meta property=\"og:image:width\" content=\"529\" \/>\n\t<meta property=\"og:image:height\" content=\"395\" \/>\n\t<meta property=\"og:image:type\" content=\"image\/jpeg\" \/>\n<meta name=\"twitter:card\" content=\"summary_large_image\" \/>\n<meta name=\"twitter:label1\" content=\"Gesch\u00e4tzte Lesezeit\" \/>\n\t<meta name=\"twitter:data1\" content=\"3\u00a0Minuten\" \/>\n<script type=\"application\/ld+json\" class=\"yoast-schema-graph\">{\"@context\":\"https:\\\/\\\/schema.org\",\"@graph\":[{\"@type\":\"WebPage\",\"@id\":\"https:\\\/\\\/sysmatec.ch\\\/de\\\/Produkt\\\/plattformwaage-kern-ixc\\\/\",\"url\":\"https:\\\/\\\/sysmatec.ch\\\/de\\\/Produkt\\\/plattformwaage-kern-ixc\\\/\",\"name\":\"Plattformwaage KERN IXC - Sysmatec\",\"isPartOf\":{\"@id\":\"https:\\\/\\\/sysmatec.ch\\\/de\\\/#website\"},\"primaryImageOfPage\":{\"@id\":\"https:\\\/\\\/sysmatec.ch\\\/de\\\/Produkt\\\/plattformwaage-kern-ixc\\\/#primaryimage\"},\"image\":{\"@id\":\"https:\\\/\\\/sysmatec.ch\\\/de\\\/Produkt\\\/plattformwaage-kern-ixc\\\/#primaryimage\"},\"thumbnailUrl\":\"https:\\\/\\\/sysmatec.ch\\\/wp-content\\\/uploads\\\/2026\\\/01\\\/Balance_KernIXC1.jpg\",\"datePublished\":\"2026-01-19T20:10:25+00:00\",\"dateModified\":\"2026-03-05T10:22:20+00:00\",\"description\":\"Plattformwaage; das Display ist vom Waagenk\u00f6rper getrennt und \u00fcber ein Kabel angeschlossen; Messbereich bis 300 kg. Eichung optional erh\u00e4ltlich.\",\"breadcrumb\":{\"@id\":\"https:\\\/\\\/sysmatec.ch\\\/de\\\/Produkt\\\/plattformwaage-kern-ixc\\\/#breadcrumb\"},\"inLanguage\":\"de\",\"potentialAction\":[{\"@type\":\"ReadAction\",\"target\":[\"https:\\\/\\\/sysmatec.ch\\\/de\\\/Produkt\\\/plattformwaage-kern-ixc\\\/\"]}]},{\"@type\":\"ImageObject\",\"inLanguage\":\"de\",\"@id\":\"https:\\\/\\\/sysmatec.ch\\\/de\\\/Produkt\\\/plattformwaage-kern-ixc\\\/#primaryimage\",\"url\":\"https:\\\/\\\/sysmatec.ch\\\/wp-content\\\/uploads\\\/2026\\\/01\\\/Balance_KernIXC1.jpg\",\"contentUrl\":\"https:\\\/\\\/sysmatec.ch\\\/wp-content\\\/uploads\\\/2026\\\/01\\\/Balance_KernIXC1.jpg\",\"width\":529,\"height\":395},{\"@type\":\"BreadcrumbList\",\"@id\":\"https:\\\/\\\/sysmatec.ch\\\/de\\\/Produkt\\\/plattformwaage-kern-ixc\\\/#breadcrumb\",\"itemListElement\":[{\"@type\":\"ListItem\",\"position\":1,\"name\":\"Accueil\",\"item\":\"https:\\\/\\\/sysmatec.ch\\\/de\\\/\"},{\"@type\":\"ListItem\",\"position\":2,\"name\":\"Die Aktivit\u00e4t von Sysmatec\",\"item\":\"https:\\\/\\\/sysmatec.ch\\\/de\\\/\"},{\"@type\":\"ListItem\",\"position\":3,\"name\":\"Plattformwaage KERN IXC\"}]},{\"@type\":\"WebSite\",\"@id\":\"https:\\\/\\\/sysmatec.ch\\\/de\\\/#website\",\"url\":\"https:\\\/\\\/sysmatec.ch\\\/de\\\/\",\"name\":\"Sysmatec\",\"description\":\"Equipement de laboratoire et logiciels\",\"publisher\":{\"@id\":\"https:\\\/\\\/sysmatec.ch\\\/de\\\/#organization\"},\"potentialAction\":[{\"@type\":\"SearchAction\",\"target\":{\"@type\":\"EntryPoint\",\"urlTemplate\":\"https:\\\/\\\/sysmatec.ch\\\/de\\\/?s={search_term_string}\"},\"query-input\":{\"@type\":\"PropertyValueSpecification\",\"valueRequired\":true,\"valueName\":\"search_term_string\"}}],\"inLanguage\":\"de\"},{\"@type\":\"Organization\",\"@id\":\"https:\\\/\\\/sysmatec.ch\\\/de\\\/#organization\",\"name\":\"Sysmatec\",\"url\":\"https:\\\/\\\/sysmatec.ch\\\/de\\\/\",\"logo\":{\"@type\":\"ImageObject\",\"inLanguage\":\"de\",\"@id\":\"https:\\\/\\\/sysmatec.ch\\\/de\\\/#\\\/schema\\\/logo\\\/image\\\/\",\"url\":\"https:\\\/\\\/sysmatec.ch\\\/wp-content\\\/uploads\\\/2018\\\/11\\\/LogoSysmatec.jpg\",\"contentUrl\":\"https:\\\/\\\/sysmatec.ch\\\/wp-content\\\/uploads\\\/2018\\\/11\\\/LogoSysmatec.jpg\",\"width\":301,\"height\":297,\"caption\":\"Sysmatec\"},\"image\":{\"@id\":\"https:\\\/\\\/sysmatec.ch\\\/de\\\/#\\\/schema\\\/logo\\\/image\\\/\"}}]}<\/script>\n<!-- \/ Yoast SEO plugin. -->","yoast_head_json":{"title":"Plattformwaage KERN IXC - Sysmatec","description":"Plattformwaage; das Display ist vom Waagenk\u00f6rper getrennt und \u00fcber ein Kabel angeschlossen; Messbereich bis 300 kg. Eichung optional erh\u00e4ltlich.","robots":{"index":"index","follow":"follow","max-snippet":"max-snippet:-1","max-image-preview":"max-image-preview:large","max-video-preview":"max-video-preview:-1"},"canonical":"https:\/\/sysmatec.ch\/de\/Produkt\/plattformwaage-kern-ixc\/","og_locale":"de_DE","og_type":"article","og_title":"Plattformwaage KERN IXC - Sysmatec","og_description":"Plattformwaage; das Display ist vom Waagenk\u00f6rper getrennt und \u00fcber ein Kabel angeschlossen; Messbereich bis 300 kg. Eichung optional erh\u00e4ltlich.","og_url":"https:\/\/sysmatec.ch\/de\/Produkt\/plattformwaage-kern-ixc\/","og_site_name":"Sysmatec","article_modified_time":"2026-03-05T10:22:20+00:00","og_image":[{"width":529,"height":395,"url":"https:\/\/sysmatec.ch\/wp-content\/uploads\/2026\/01\/Balance_KernIXC1.jpg","type":"image\/jpeg"}],"twitter_card":"summary_large_image","twitter_misc":{"Gesch\u00e4tzte Lesezeit":"3\u00a0Minuten"},"schema":{"@context":"https:\/\/schema.org","@graph":[{"@type":"WebPage","@id":"https:\/\/sysmatec.ch\/de\/Produkt\/plattformwaage-kern-ixc\/","url":"https:\/\/sysmatec.ch\/de\/Produkt\/plattformwaage-kern-ixc\/","name":"Plattformwaage KERN IXC - Sysmatec","isPartOf":{"@id":"https:\/\/sysmatec.ch\/de\/#website"},"primaryImageOfPage":{"@id":"https:\/\/sysmatec.ch\/de\/Produkt\/plattformwaage-kern-ixc\/#primaryimage"},"image":{"@id":"https:\/\/sysmatec.ch\/de\/Produkt\/plattformwaage-kern-ixc\/#primaryimage"},"thumbnailUrl":"https:\/\/sysmatec.ch\/wp-content\/uploads\/2026\/01\/Balance_KernIXC1.jpg","datePublished":"2026-01-19T20:10:25+00:00","dateModified":"2026-03-05T10:22:20+00:00","description":"Plattformwaage; das Display ist vom Waagenk\u00f6rper getrennt und \u00fcber ein Kabel angeschlossen; Messbereich bis 300 kg. Eichung optional erh\u00e4ltlich.","breadcrumb":{"@id":"https:\/\/sysmatec.ch\/de\/Produkt\/plattformwaage-kern-ixc\/#breadcrumb"},"inLanguage":"de","potentialAction":[{"@type":"ReadAction","target":["https:\/\/sysmatec.ch\/de\/Produkt\/plattformwaage-kern-ixc\/"]}]},{"@type":"ImageObject","inLanguage":"de","@id":"https:\/\/sysmatec.ch\/de\/Produkt\/plattformwaage-kern-ixc\/#primaryimage","url":"https:\/\/sysmatec.ch\/wp-content\/uploads\/2026\/01\/Balance_KernIXC1.jpg","contentUrl":"https:\/\/sysmatec.ch\/wp-content\/uploads\/2026\/01\/Balance_KernIXC1.jpg","width":529,"height":395},{"@type":"BreadcrumbList","@id":"https:\/\/sysmatec.ch\/de\/Produkt\/plattformwaage-kern-ixc\/#breadcrumb","itemListElement":[{"@type":"ListItem","position":1,"name":"Accueil","item":"https:\/\/sysmatec.ch\/de\/"},{"@type":"ListItem","position":2,"name":"Die Aktivit\u00e4t von Sysmatec","item":"https:\/\/sysmatec.ch\/de\/"},{"@type":"ListItem","position":3,"name":"Plattformwaage KERN IXC"}]},{"@type":"WebSite","@id":"https:\/\/sysmatec.ch\/de\/#website","url":"https:\/\/sysmatec.ch\/de\/","name":"Sysmatec","description":"Equipement de laboratoire et logiciels","publisher":{"@id":"https:\/\/sysmatec.ch\/de\/#organization"},"potentialAction":[{"@type":"SearchAction","target":{"@type":"EntryPoint","urlTemplate":"https:\/\/sysmatec.ch\/de\/?s={search_term_string}"},"query-input":{"@type":"PropertyValueSpecification","valueRequired":true,"valueName":"search_term_string"}}],"inLanguage":"de"},{"@type":"Organization","@id":"https:\/\/sysmatec.ch\/de\/#organization","name":"Sysmatec","url":"https:\/\/sysmatec.ch\/de\/","logo":{"@type":"ImageObject","inLanguage":"de","@id":"https:\/\/sysmatec.ch\/de\/#\/schema\/logo\/image\/","url":"https:\/\/sysmatec.ch\/wp-content\/uploads\/2018\/11\/LogoSysmatec.jpg","contentUrl":"https:\/\/sysmatec.ch\/wp-content\/uploads\/2018\/11\/LogoSysmatec.jpg","width":301,"height":297,"caption":"Sysmatec"},"image":{"@id":"https:\/\/sysmatec.ch\/de\/#\/schema\/logo\/image\/"}}]}},"_links":{"self":[{"href":"https:\/\/sysmatec.ch\/de\/wp-json\/wp\/v2\/product\/31593","targetHints":{"allow":["GET"]}}],"collection":[{"href":"https:\/\/sysmatec.ch\/de\/wp-json\/wp\/v2\/product"}],"about":[{"href":"https:\/\/sysmatec.ch\/de\/wp-json\/wp\/v2\/types\/product"}],"wp:featuredmedia":[{"embeddable":true,"href":"https:\/\/sysmatec.ch\/de\/wp-json\/wp\/v2\/media\/31638"}],"wp:attachment":[{"href":"https:\/\/sysmatec.ch\/de\/wp-json\/wp\/v2\/media?parent=31593"}],"wp:term":[{"taxonomy":"product_brand","embeddable":true,"href":"https:\/\/sysmatec.ch\/de\/wp-json\/wp\/v2\/product_brand?post=31593"},{"taxonomy":"product_cat","embeddable":true,"href":"https:\/\/sysmatec.ch\/de\/wp-json\/wp\/v2\/product_cat?post=31593"},{"taxonomy":"product_tag","embeddable":true,"href":"https:\/\/sysmatec.ch\/de\/wp-json\/wp\/v2\/product_tag?post=31593"}],"curies":[{"name":"wp","href":"https:\/\/api.w.org\/{rel}","templated":true}]}}