{"id":31573,"date":"2026-01-18T21:27:22","date_gmt":"2026-01-18T20:27:22","guid":{"rendered":"https:\/\/sysmatec.ch\/?post_type=product&#038;p=31573"},"modified":"2026-01-18T22:01:30","modified_gmt":"2026-01-18T21:01:30","slug":"praezision-platformwaage-kern-fes-fej","status":"publish","type":"product","link":"https:\/\/sysmatec.ch\/de\/Produkt\/praezision-platformwaage-kern-fes-fej\/","title":{"rendered":"Pr\u00e4zision Platformwaage KERN FES\/FEJ"},"content":{"rendered":"<ul>\n<li>Hochlastige Pr\u00e4zisionswaage mit passwortgesch\u00fctzter Benutzerverwaltung, optional mit\u00a0<a href=\"https:\/\/www.kern-sohn.com\/shop\/de\/produkte\/laborwaagen\/praezisionswaagen\/tfej-17k-4m-a\/#\" data-tippy-content=\"Eichen, nach neuer Begrifflichkeit \u201eKonformit\u00e4tsbewerten\u201c. Es k\u00f6nnen nur Waagen mit Bauartzulassung konformit\u00e4tsbewertet werden. Diese Waagen tragen das Metrologiekennzeichen M. Die Konformit\u00e4tsbewertung schreibt der Staat vor und sie dient dem Verbraucherschutz. Nach der EU-Richtlinie 2014\/31\/EU m\u00fcssen Waagen amtlich konformit\u00e4tsbewertet (\u201egeeicht\u201c) sein, wenn sie wie folgt verwendet werden: &lt;br&gt; &lt;br&gt; a) Im gesch\u00e4ftlichen Verkehr, wenn der Preis einer Ware durch W\u00e4gung bestimmt wird. &lt;br&gt; b) Bei der Herstellung von Arzneimitteln in Apotheken sowie bei Analysen im medizinischen und pharmazeutischen Labor.&lt;br&gt; c) Zu amtlichen Zwecken. &lt;br&gt; d) Bei der Herstellung von Fertigpackungen. &lt;br&gt; e) In der Heilkunde.&lt;br&gt; &lt;br&gt; Jede Waage wird von KERN gepr\u00fcft und mit der Konformit\u00e4tskennzeichnung versehen. Damit ist ihre Genauigkeit im Rahmen der zul\u00e4ssigen Toleranzen best\u00e4tigt. Der Geltungsbereich der EU-Eichung erstreckt sich auf alle Mitgliedsstaaten der EU (Europ\u00e4ische Union).\" aria-expanded=\"false\">Eichung<\/a><\/li>\n<li>KERN FEJ: Interne Justierautomatik, garantiert hohe Genauigkeit und macht standortunabh\u00e4ngig<\/li>\n<li>KERN FES: Justierprogramm CAL zum Einstellen der Genauigkeit, externe Pr\u00fcfgewichte gegen Mehrpreis, siehe Pr\u00fcfgewichte<\/li>\n<li>Edelstahl Auswerteger\u00e4t mit Schutzgrad IP65, hygienisch und leicht zu reinigen<\/li>\n<li>Metallgeh\u00e4use: robust und standsicher<\/li>\n<li>Die Benutzerverwaltung erm\u00f6glicht eindeutige<\/li>\n<li>Zuordnung des Benutzers und sch\u00fctzt vor Fremdzugriffen<\/li>\n<li>Frei belegbare Funktionstasten erm\u00f6glichen eine individuelle Einstellung der Waage<\/li>\n<li>Staub- und Spritzwasserschutz IP65 (gem\u00e4\u00df EN 60529)<\/li>\n<li>U.S. FDA 21 Part 11: Unterst\u00fctzt in der Datenintegrit\u00e4t gem\u00e4\u00df U.S. FDA 21 Part 11 (z. B. Wiegeergebnis, Sample ID, Benutzername, Waagen ID &#8230;)<\/li>\n<li>Arbeitsschutzhaube im Lieferumfang enthalten<\/li>\n<li>Gro\u00dfes, hinterleuchtetes LCD-Display, Ziffernh\u00f6he 16,5 mm<\/li>\n<li>Abmessungen W\u00e4gefl\u00e4che, Edelstahl, B\u00d7T 350\u00d7400 mm<\/li>\n<li>Abmessungen Auswerteger\u00e4t B\u00d7T\u00d7H 290\u00d7180\u00d780 mm<\/li>\n<li>Gesamtabmessungen B\u00d7T\u00d7H 350\u00d7520\u00d7170 mm<\/li>\n<li>Nettogewicht ca. 19 kg<\/li>\n<li>Zul\u00e4ssiger Umgebungstemperaturbereich: 5 \u00b0C\/35 \u00b0C<\/li>\n<\/ul>\n<table border=\"1\" width=\"486\" cellspacing=\"0\" cellpadding=\"2\">\n<tbody>\n<tr>\n<td>Modell<\/td>\n<td width=\"10%\">Ablesbarkeit<\/td>\n<td width=\"10%\">W\u00e4gebereich<\/td>\n<td width=\"10%\">Linearit\u00e4t<\/td>\n<\/tr>\n<tr>\n<td><\/td>\n<td width=\"10%\">g<\/td>\n<td width=\"10%\">kg<\/td>\n<td width=\"10%\">g<\/td>\n<\/tr>\n<tr>\n<td>FES 17K-4<\/td>\n<td width=\"10%\">0.1<\/td>\n<td width=\"10%\">17<\/td>\n<td width=\"10%\">\u00b1 0.3<\/td>\n<\/tr>\n<tr>\n<td>FES 33K-4<\/td>\n<td width=\"10%\">0.1<\/td>\n<td width=\"10%\">33<\/td>\n<td width=\"10%\">\u00b1 0.3<\/td>\n<\/tr>\n<tr>\n<td>FES 62K-4D<\/td>\n<td width=\"10%\">0.1\/1<\/td>\n<td width=\"10%\">6.2 | 62<\/td>\n<td width=\"10%\">\u00a0\u00b1 0.3 | 3<\/td>\n<\/tr>\n<tr>\n<td>FEJ 17K-4M<\/td>\n<td width=\"10%\">0.1<\/td>\n<td width=\"10%\">17<\/td>\n<td width=\"10%\">\u00b1 0.3<\/td>\n<\/tr>\n<tr>\n<td>FEJ 33K-4M<\/td>\n<td width=\"10%\">0.1<\/td>\n<td width=\"10%\">33<\/td>\n<td width=\"10%\">\u00b1 0.3<\/td>\n<\/tr>\n<tr>\n<td>FEJ 62K-4DM<\/td>\n<td width=\"10%\">0.1\/1<\/td>\n<td width=\"10%\">6.2 | 62<\/td>\n<td width=\"10%\">\u00a0\u00b1 0.3 | 3<\/td>\n<\/tr>\n<\/tbody>\n<\/table>\n<p>FEJ-M: F\u00fcr eichpflichtige Anwendung\u00a0<a href=\"https:\/\/www.kern-sohn.com\/shop\/de\/produkte\/laborwaagen\/praezisionswaagen\/tfej-17k-4m-a\/#\" data-tippy-content=\"Eichen, nach neuer Begrifflichkeit \u201eKonformit\u00e4tsbewerten\u201c. Es k\u00f6nnen nur Waagen mit Bauartzulassung konformit\u00e4tsbewertet werden. Diese Waagen tragen das Metrologiekennzeichen M. Die Konformit\u00e4tsbewertung schreibt der Staat vor und sie dient dem Verbraucherschutz. Nach der EU-Richtlinie 2014\/31\/EU m\u00fcssen Waagen amtlich konformit\u00e4tsbewertet (\u201egeeicht\u201c) sein, wenn sie wie folgt verwendet werden: &lt;br&gt; &lt;br&gt; a) Im gesch\u00e4ftlichen Verkehr, wenn der Preis einer Ware durch W\u00e4gung bestimmt wird. &lt;br&gt; b) Bei der Herstellung von Arzneimitteln in Apotheken sowie bei Analysen im medizinischen und pharmazeutischen Labor.&lt;br&gt; c) Zu amtlichen Zwecken. &lt;br&gt; d) Bei der Herstellung von Fertigpackungen. &lt;br&gt; e) In der Heilkunde.&lt;br&gt; &lt;br&gt; Jede Waage wird von KERN gepr\u00fcft und mit der Konformit\u00e4tskennzeichnung versehen. Damit ist ihre Genauigkeit im Rahmen der zul\u00e4ssigen Toleranzen best\u00e4tigt. Der Geltungsbereich der EU-Eichung erstreckt sich auf alle Mitgliedsstaaten der EU (Europ\u00e4ische Union).\" aria-expanded=\"false\">Eichung<\/a>\u00a0(<a href=\"https:\/\/www.kern-sohn.com\/shop\/de\/produkte\/laborwaagen\/praezisionswaagen\/tfej-17k-4m-a\/#\" data-tippy-content=\"Verfahren zur Best\u00e4tigung von zugesicherten Eigenschaften nach anerkannten Regeln. Bei Waagen betrifft dies die Eichung.\" aria-expanded=\"false\">Konformit\u00e4tsbewertung<\/a>\u00a0nach NAWI 2014\/31\/EU) bitte gleich mitbestellen, eine nachtr\u00e4gliche Ersteichung ist nicht m\u00f6glich. F\u00fcr die\u00a0<a href=\"https:\/\/www.kern-sohn.com\/shop\/de\/produkte\/laborwaagen\/praezisionswaagen\/tfej-17k-4m-a\/#\" data-tippy-content=\"Eichen, nach neuer Begrifflichkeit \u201eKonformit\u00e4tsbewerten\u201c. Es k\u00f6nnen nur Waagen mit Bauartzulassung konformit\u00e4tsbewertet werden. Diese Waagen tragen das Metrologiekennzeichen M. Die Konformit\u00e4tsbewertung schreibt der Staat vor und sie dient dem Verbraucherschutz. Nach der EU-Richtlinie 2014\/31\/EU m\u00fcssen Waagen amtlich konformit\u00e4tsbewertet (\u201egeeicht\u201c) sein, wenn sie wie folgt verwendet werden: &lt;br&gt; &lt;br&gt; a) Im gesch\u00e4ftlichen Verkehr, wenn der Preis einer Ware durch W\u00e4gung bestimmt wird. &lt;br&gt; b) Bei der Herstellung von Arzneimitteln in Apotheken sowie bei Analysen im medizinischen und pharmazeutischen Labor.&lt;br&gt; c) Zu amtlichen Zwecken. &lt;br&gt; d) Bei der Herstellung von Fertigpackungen. &lt;br&gt; e) In der Heilkunde.&lt;br&gt; &lt;br&gt; Jede Waage wird von KERN gepr\u00fcft und mit der Konformit\u00e4tskennzeichnung versehen. Damit ist ihre Genauigkeit im Rahmen der zul\u00e4ssigen Toleranzen best\u00e4tigt. Der Geltungsbereich der EU-Eichung erstreckt sich auf alle Mitgliedsstaaten der EU (Europ\u00e4ische Union).\" aria-expanded=\"false\">Eichung<\/a>\u00a0ben\u00f6tigen wir die vollst\u00e4ndige Adresse des Aufstellungsortes<\/p>\n","protected":false},"excerpt":{"rendered":"<p>Pr\u00e4zision Plattformwaage 0\u20136,2 kg bis 0\u201362 kg, optionale Eichung<\/p>\n","protected":false},"featured_media":31577,"template":"","meta":{"_crdt_document":""},"product_brand":[],"product_cat":[165,339],"product_tag":[],"class_list":{"0":"post-31573","1":"product","2":"type-product","3":"status-publish","4":"has-post-thumbnail","6":"product_cat-gewicht","7":"product_cat-plattform","9":"first","10":"instock","11":"taxable","12":"shipping-taxable","13":"product-type-simple"},"yoast_head":"<!-- This site is optimized with the Yoast SEO plugin v27.4 - https:\/\/yoast.com\/product\/yoast-seo-wordpress\/ -->\n<title>Pr\u00e4zision Platformwaage KERN FES\/FEJ - Sysmatec<\/title>\n<meta name=\"description\" content=\"Pr\u00e4zision vom Plattformwaage, das Display ist von der Waage getrennt und \u00fcber ein Kabel verbunden, Messbereich von 0-6,2 kg bis 0-62 kg.\" \/>\n<meta name=\"robots\" content=\"index, follow, max-snippet:-1, max-image-preview:large, max-video-preview:-1\" \/>\n<link rel=\"canonical\" href=\"https:\/\/sysmatec.ch\/de\/Produkt\/praezision-platformwaage-kern-fes-fej\/\" \/>\n<meta property=\"og:locale\" content=\"de_DE\" \/>\n<meta property=\"og:type\" content=\"article\" \/>\n<meta property=\"og:title\" content=\"Pr\u00e4zision Platformwaage KERN FES\/FEJ - Sysmatec\" \/>\n<meta property=\"og:description\" content=\"Pr\u00e4zision vom Plattformwaage, das Display ist von der Waage getrennt und \u00fcber ein Kabel verbunden, Messbereich von 0-6,2 kg bis 0-62 kg.\" \/>\n<meta property=\"og:url\" content=\"https:\/\/sysmatec.ch\/de\/Produkt\/praezision-platformwaage-kern-fes-fej\/\" \/>\n<meta property=\"og:site_name\" content=\"Sysmatec\" \/>\n<meta property=\"article:modified_time\" content=\"2026-01-18T21:01:30+00:00\" \/>\n<meta property=\"og:image\" content=\"https:\/\/sysmatec.ch\/wp-content\/uploads\/2026\/01\/Balance_KernFEJ1.jpg\" \/>\n\t<meta property=\"og:image:width\" content=\"383\" \/>\n\t<meta property=\"og:image:height\" content=\"495\" \/>\n\t<meta property=\"og:image:type\" content=\"image\/jpeg\" \/>\n<meta name=\"twitter:card\" content=\"summary_large_image\" \/>\n<meta name=\"twitter:label1\" content=\"Gesch\u00e4tzte Lesezeit\" \/>\n\t<meta name=\"twitter:data1\" content=\"3\u00a0Minuten\" \/>\n<script type=\"application\/ld+json\" class=\"yoast-schema-graph\">{\"@context\":\"https:\\\/\\\/schema.org\",\"@graph\":[{\"@type\":\"WebPage\",\"@id\":\"https:\\\/\\\/sysmatec.ch\\\/de\\\/Produkt\\\/praezision-platformwaage-kern-fes-fej\\\/\",\"url\":\"https:\\\/\\\/sysmatec.ch\\\/de\\\/Produkt\\\/praezision-platformwaage-kern-fes-fej\\\/\",\"name\":\"Pr\u00e4zision Platformwaage KERN FES\\\/FEJ - Sysmatec\",\"isPartOf\":{\"@id\":\"https:\\\/\\\/sysmatec.ch\\\/de\\\/#website\"},\"primaryImageOfPage\":{\"@id\":\"https:\\\/\\\/sysmatec.ch\\\/de\\\/Produkt\\\/praezision-platformwaage-kern-fes-fej\\\/#primaryimage\"},\"image\":{\"@id\":\"https:\\\/\\\/sysmatec.ch\\\/de\\\/Produkt\\\/praezision-platformwaage-kern-fes-fej\\\/#primaryimage\"},\"thumbnailUrl\":\"https:\\\/\\\/sysmatec.ch\\\/wp-content\\\/uploads\\\/2026\\\/01\\\/Balance_KernFEJ1.jpg\",\"datePublished\":\"2026-01-18T20:27:22+00:00\",\"dateModified\":\"2026-01-18T21:01:30+00:00\",\"description\":\"Pr\u00e4zision vom Plattformwaage, das Display ist von der Waage getrennt und \u00fcber ein Kabel verbunden, Messbereich von 0-6,2 kg bis 0-62 kg.\",\"breadcrumb\":{\"@id\":\"https:\\\/\\\/sysmatec.ch\\\/de\\\/Produkt\\\/praezision-platformwaage-kern-fes-fej\\\/#breadcrumb\"},\"inLanguage\":\"de\",\"potentialAction\":[{\"@type\":\"ReadAction\",\"target\":[\"https:\\\/\\\/sysmatec.ch\\\/de\\\/Produkt\\\/praezision-platformwaage-kern-fes-fej\\\/\"]}]},{\"@type\":\"ImageObject\",\"inLanguage\":\"de\",\"@id\":\"https:\\\/\\\/sysmatec.ch\\\/de\\\/Produkt\\\/praezision-platformwaage-kern-fes-fej\\\/#primaryimage\",\"url\":\"https:\\\/\\\/sysmatec.ch\\\/wp-content\\\/uploads\\\/2026\\\/01\\\/Balance_KernFEJ1.jpg\",\"contentUrl\":\"https:\\\/\\\/sysmatec.ch\\\/wp-content\\\/uploads\\\/2026\\\/01\\\/Balance_KernFEJ1.jpg\",\"width\":383,\"height\":495},{\"@type\":\"BreadcrumbList\",\"@id\":\"https:\\\/\\\/sysmatec.ch\\\/de\\\/Produkt\\\/praezision-platformwaage-kern-fes-fej\\\/#breadcrumb\",\"itemListElement\":[{\"@type\":\"ListItem\",\"position\":1,\"name\":\"Accueil\",\"item\":\"https:\\\/\\\/sysmatec.ch\\\/de\\\/\"},{\"@type\":\"ListItem\",\"position\":2,\"name\":\"Die Aktivit\u00e4t von Sysmatec\",\"item\":\"https:\\\/\\\/sysmatec.ch\\\/de\\\/\"},{\"@type\":\"ListItem\",\"position\":3,\"name\":\"Pr\u00e4zision Platformwaage KERN FES\\\/FEJ\"}]},{\"@type\":\"WebSite\",\"@id\":\"https:\\\/\\\/sysmatec.ch\\\/de\\\/#website\",\"url\":\"https:\\\/\\\/sysmatec.ch\\\/de\\\/\",\"name\":\"Sysmatec\",\"description\":\"Equipement de laboratoire et logiciels\",\"publisher\":{\"@id\":\"https:\\\/\\\/sysmatec.ch\\\/de\\\/#organization\"},\"potentialAction\":[{\"@type\":\"SearchAction\",\"target\":{\"@type\":\"EntryPoint\",\"urlTemplate\":\"https:\\\/\\\/sysmatec.ch\\\/de\\\/?s={search_term_string}\"},\"query-input\":{\"@type\":\"PropertyValueSpecification\",\"valueRequired\":true,\"valueName\":\"search_term_string\"}}],\"inLanguage\":\"de\"},{\"@type\":\"Organization\",\"@id\":\"https:\\\/\\\/sysmatec.ch\\\/de\\\/#organization\",\"name\":\"Sysmatec\",\"url\":\"https:\\\/\\\/sysmatec.ch\\\/de\\\/\",\"logo\":{\"@type\":\"ImageObject\",\"inLanguage\":\"de\",\"@id\":\"https:\\\/\\\/sysmatec.ch\\\/de\\\/#\\\/schema\\\/logo\\\/image\\\/\",\"url\":\"https:\\\/\\\/sysmatec.ch\\\/wp-content\\\/uploads\\\/2018\\\/11\\\/LogoSysmatec.jpg\",\"contentUrl\":\"https:\\\/\\\/sysmatec.ch\\\/wp-content\\\/uploads\\\/2018\\\/11\\\/LogoSysmatec.jpg\",\"width\":301,\"height\":297,\"caption\":\"Sysmatec\"},\"image\":{\"@id\":\"https:\\\/\\\/sysmatec.ch\\\/de\\\/#\\\/schema\\\/logo\\\/image\\\/\"}}]}<\/script>\n<!-- \/ Yoast SEO plugin. -->","yoast_head_json":{"title":"Pr\u00e4zision Platformwaage KERN FES\/FEJ - Sysmatec","description":"Pr\u00e4zision vom Plattformwaage, das Display ist von der Waage getrennt und \u00fcber ein Kabel verbunden, Messbereich von 0-6,2 kg bis 0-62 kg.","robots":{"index":"index","follow":"follow","max-snippet":"max-snippet:-1","max-image-preview":"max-image-preview:large","max-video-preview":"max-video-preview:-1"},"canonical":"https:\/\/sysmatec.ch\/de\/Produkt\/praezision-platformwaage-kern-fes-fej\/","og_locale":"de_DE","og_type":"article","og_title":"Pr\u00e4zision Platformwaage KERN FES\/FEJ - Sysmatec","og_description":"Pr\u00e4zision vom Plattformwaage, das Display ist von der Waage getrennt und \u00fcber ein Kabel verbunden, Messbereich von 0-6,2 kg bis 0-62 kg.","og_url":"https:\/\/sysmatec.ch\/de\/Produkt\/praezision-platformwaage-kern-fes-fej\/","og_site_name":"Sysmatec","article_modified_time":"2026-01-18T21:01:30+00:00","og_image":[{"width":383,"height":495,"url":"https:\/\/sysmatec.ch\/wp-content\/uploads\/2026\/01\/Balance_KernFEJ1.jpg","type":"image\/jpeg"}],"twitter_card":"summary_large_image","twitter_misc":{"Gesch\u00e4tzte Lesezeit":"3\u00a0Minuten"},"schema":{"@context":"https:\/\/schema.org","@graph":[{"@type":"WebPage","@id":"https:\/\/sysmatec.ch\/de\/Produkt\/praezision-platformwaage-kern-fes-fej\/","url":"https:\/\/sysmatec.ch\/de\/Produkt\/praezision-platformwaage-kern-fes-fej\/","name":"Pr\u00e4zision Platformwaage KERN FES\/FEJ - Sysmatec","isPartOf":{"@id":"https:\/\/sysmatec.ch\/de\/#website"},"primaryImageOfPage":{"@id":"https:\/\/sysmatec.ch\/de\/Produkt\/praezision-platformwaage-kern-fes-fej\/#primaryimage"},"image":{"@id":"https:\/\/sysmatec.ch\/de\/Produkt\/praezision-platformwaage-kern-fes-fej\/#primaryimage"},"thumbnailUrl":"https:\/\/sysmatec.ch\/wp-content\/uploads\/2026\/01\/Balance_KernFEJ1.jpg","datePublished":"2026-01-18T20:27:22+00:00","dateModified":"2026-01-18T21:01:30+00:00","description":"Pr\u00e4zision vom Plattformwaage, das Display ist von der Waage getrennt und \u00fcber ein Kabel verbunden, Messbereich von 0-6,2 kg bis 0-62 kg.","breadcrumb":{"@id":"https:\/\/sysmatec.ch\/de\/Produkt\/praezision-platformwaage-kern-fes-fej\/#breadcrumb"},"inLanguage":"de","potentialAction":[{"@type":"ReadAction","target":["https:\/\/sysmatec.ch\/de\/Produkt\/praezision-platformwaage-kern-fes-fej\/"]}]},{"@type":"ImageObject","inLanguage":"de","@id":"https:\/\/sysmatec.ch\/de\/Produkt\/praezision-platformwaage-kern-fes-fej\/#primaryimage","url":"https:\/\/sysmatec.ch\/wp-content\/uploads\/2026\/01\/Balance_KernFEJ1.jpg","contentUrl":"https:\/\/sysmatec.ch\/wp-content\/uploads\/2026\/01\/Balance_KernFEJ1.jpg","width":383,"height":495},{"@type":"BreadcrumbList","@id":"https:\/\/sysmatec.ch\/de\/Produkt\/praezision-platformwaage-kern-fes-fej\/#breadcrumb","itemListElement":[{"@type":"ListItem","position":1,"name":"Accueil","item":"https:\/\/sysmatec.ch\/de\/"},{"@type":"ListItem","position":2,"name":"Die Aktivit\u00e4t von Sysmatec","item":"https:\/\/sysmatec.ch\/de\/"},{"@type":"ListItem","position":3,"name":"Pr\u00e4zision Platformwaage KERN FES\/FEJ"}]},{"@type":"WebSite","@id":"https:\/\/sysmatec.ch\/de\/#website","url":"https:\/\/sysmatec.ch\/de\/","name":"Sysmatec","description":"Equipement de laboratoire et logiciels","publisher":{"@id":"https:\/\/sysmatec.ch\/de\/#organization"},"potentialAction":[{"@type":"SearchAction","target":{"@type":"EntryPoint","urlTemplate":"https:\/\/sysmatec.ch\/de\/?s={search_term_string}"},"query-input":{"@type":"PropertyValueSpecification","valueRequired":true,"valueName":"search_term_string"}}],"inLanguage":"de"},{"@type":"Organization","@id":"https:\/\/sysmatec.ch\/de\/#organization","name":"Sysmatec","url":"https:\/\/sysmatec.ch\/de\/","logo":{"@type":"ImageObject","inLanguage":"de","@id":"https:\/\/sysmatec.ch\/de\/#\/schema\/logo\/image\/","url":"https:\/\/sysmatec.ch\/wp-content\/uploads\/2018\/11\/LogoSysmatec.jpg","contentUrl":"https:\/\/sysmatec.ch\/wp-content\/uploads\/2018\/11\/LogoSysmatec.jpg","width":301,"height":297,"caption":"Sysmatec"},"image":{"@id":"https:\/\/sysmatec.ch\/de\/#\/schema\/logo\/image\/"}}]}},"_links":{"self":[{"href":"https:\/\/sysmatec.ch\/de\/wp-json\/wp\/v2\/product\/31573","targetHints":{"allow":["GET"]}}],"collection":[{"href":"https:\/\/sysmatec.ch\/de\/wp-json\/wp\/v2\/product"}],"about":[{"href":"https:\/\/sysmatec.ch\/de\/wp-json\/wp\/v2\/types\/product"}],"wp:featuredmedia":[{"embeddable":true,"href":"https:\/\/sysmatec.ch\/de\/wp-json\/wp\/v2\/media\/31577"}],"wp:attachment":[{"href":"https:\/\/sysmatec.ch\/de\/wp-json\/wp\/v2\/media?parent=31573"}],"wp:term":[{"taxonomy":"product_brand","embeddable":true,"href":"https:\/\/sysmatec.ch\/de\/wp-json\/wp\/v2\/product_brand?post=31573"},{"taxonomy":"product_cat","embeddable":true,"href":"https:\/\/sysmatec.ch\/de\/wp-json\/wp\/v2\/product_cat?post=31573"},{"taxonomy":"product_tag","embeddable":true,"href":"https:\/\/sysmatec.ch\/de\/wp-json\/wp\/v2\/product_tag?post=31573"}],"curies":[{"name":"wp","href":"https:\/\/api.w.org\/{rel}","templated":true}]}}