{"id":31563,"date":"2026-01-18T19:11:09","date_gmt":"2026-01-18T18:11:09","guid":{"rendered":"https:\/\/sysmatec.ch\/?post_type=product&#038;p=31563"},"modified":"2026-01-18T20:36:56","modified_gmt":"2026-01-18T19:36:56","slug":"plattformwaage-kern-efc","status":"publish","type":"product","link":"https:\/\/sysmatec.ch\/de\/Produkt\/plattformwaage-kern-efc\/","title":{"rendered":"Plattformwaage KERN EFC"},"content":{"rendered":"<ul>\n<li>Plattformwaage mit integriertem Akku, einer leuchtstarken LED Anzeige und einem Stativ f\u00fcr optimale Bedienbarkeit<\/li>\n<li>W\u00e4geplatte Edelstahl, Unterbau Stahl lackiert<\/li>\n<li>\u00dcberlegene Displaygr\u00f6\u00dfe: Ziffernh\u00f6he 52 mm, leuchtstark mit hohem Kontrast, f\u00fcr bequemes Ablesen des W\u00e4gewerts auch bei ung\u00fcnstigen Lichtverh\u00e4ltnissen<\/li>\n<li>Hohe Mobilit\u00e4t: Dank Akkubetrieb und kompakter, leichter Bauweise geeignet zum Einsatz an mehreren Standorten (Produktion, Lager, Versand etc.)<\/li>\n<li>Wiegen mit Toleranzbereich (Checkweighing): Ein optisches und akustisches Signal unterst\u00fctzt das Portionieren, Dosieren oder\u00a0Sortieren<\/li>\n<li>Summieren\u00a0von Gewichtswerten<\/li>\n<li>Datenschnittstelle\u00a0RS-232 zum Anschluss eines Druckers serienm\u00e4\u00dfig<\/li>\n<\/ul>\n<table border=\"1\" width=\"486\" cellspacing=\"0\" cellpadding=\"2\">\n<tbody>\n<tr>\n<td>Modell<\/td>\n<td width=\"10%\">Ablesbarkeit<\/td>\n<td width=\"10%\">W\u00e4gebereich<\/td>\n<td width=\"10%\">Plate<\/td>\n<\/tr>\n<tr>\n<td><\/td>\n<td width=\"10%\">g<\/td>\n<td width=\"10%\">kg<\/td>\n<td width=\"10%\">mm<\/td>\n<\/tr>\n<tr>\n<td>EFC 30K-3<\/td>\n<td width=\"10%\">2<\/td>\n<td width=\"10%\">30<\/td>\n<td width=\"10%\">400\u00d7300<\/td>\n<\/tr>\n<tr>\n<td>EFC 30K-3L<\/td>\n<td width=\"10%\">2<\/td>\n<td width=\"10%\">30<\/td>\n<td width=\"10%\">500\u00d7400<\/td>\n<\/tr>\n<tr>\n<td>EFC 60K-3<\/td>\n<td width=\"10%\">5<\/td>\n<td width=\"10%\">60<\/td>\n<td width=\"10%\">400\u00d7300<\/td>\n<\/tr>\n<tr>\n<td>EFC 60K-3L<\/td>\n<td width=\"10%\">5<\/td>\n<td width=\"10%\">60<\/td>\n<td width=\"10%\">500\u00d7400<\/td>\n<\/tr>\n<tr>\n<td>EFC 100K-3<\/td>\n<td width=\"10%\">10<\/td>\n<td width=\"10%\">150<\/td>\n<td width=\"10%\">500\u00d7400<\/td>\n<\/tr>\n<tr>\n<td>EFC 100K-3L<\/td>\n<td width=\"10%\">10<\/td>\n<td width=\"10%\">150<\/td>\n<td width=\"10%\">600\u00d7500<\/td>\n<\/tr>\n<\/tbody>\n<\/table>\n<p>&nbsp;<\/p>\n","protected":false},"excerpt":{"rendered":"<p>Platform scale 0-30 kg to 0-150 kg<\/p>\n","protected":false},"featured_media":31568,"template":"","meta":{"_crdt_document":""},"product_brand":[],"product_cat":[165,339],"product_tag":[],"class_list":{"0":"post-31563","1":"product","2":"type-product","3":"status-publish","4":"has-post-thumbnail","6":"product_cat-gewicht","7":"product_cat-plattform","9":"first","10":"instock","11":"taxable","12":"shipping-taxable","13":"product-type-simple"},"yoast_head":"<!-- This site is optimized with the Yoast SEO plugin v27.4 - https:\/\/yoast.com\/product\/yoast-seo-wordpress\/ -->\n<title>Plattformwaage KERN EFC - Sysmatec<\/title>\n<meta name=\"description\" content=\"Platform type scale, the screen is separate from the scale, connected by a cable, for the range from 0-30 kg up to 0-150 kg.\" \/>\n<meta name=\"robots\" content=\"index, follow, max-snippet:-1, max-image-preview:large, max-video-preview:-1\" \/>\n<link rel=\"canonical\" href=\"https:\/\/sysmatec.ch\/de\/Produkt\/plattformwaage-kern-efc\/\" \/>\n<meta property=\"og:locale\" content=\"de_DE\" \/>\n<meta property=\"og:type\" content=\"article\" \/>\n<meta property=\"og:title\" content=\"Plattformwaage KERN EFC - Sysmatec\" \/>\n<meta property=\"og:description\" content=\"Platform type scale, the screen is separate from the scale, connected by a cable, for the range from 0-30 kg up to 0-150 kg.\" \/>\n<meta property=\"og:url\" content=\"https:\/\/sysmatec.ch\/de\/Produkt\/plattformwaage-kern-efc\/\" \/>\n<meta property=\"og:site_name\" content=\"Sysmatec\" \/>\n<meta property=\"article:modified_time\" content=\"2026-01-18T19:36:56+00:00\" \/>\n<meta property=\"og:image\" content=\"https:\/\/sysmatec.ch\/wp-content\/uploads\/2026\/01\/Balance_LernEFC1.jpg\" \/>\n\t<meta property=\"og:image:width\" content=\"318\" \/>\n\t<meta property=\"og:image:height\" content=\"522\" \/>\n\t<meta property=\"og:image:type\" content=\"image\/jpeg\" \/>\n<meta name=\"twitter:card\" content=\"summary_large_image\" \/>\n<meta name=\"twitter:label1\" content=\"Gesch\u00e4tzte Lesezeit\" \/>\n\t<meta name=\"twitter:data1\" content=\"1\u00a0Minute\" \/>\n<script type=\"application\/ld+json\" class=\"yoast-schema-graph\">{\"@context\":\"https:\\\/\\\/schema.org\",\"@graph\":[{\"@type\":\"WebPage\",\"@id\":\"https:\\\/\\\/sysmatec.ch\\\/de\\\/Produkt\\\/plattformwaage-kern-efc\\\/\",\"url\":\"https:\\\/\\\/sysmatec.ch\\\/de\\\/Produkt\\\/plattformwaage-kern-efc\\\/\",\"name\":\"Plattformwaage KERN EFC - Sysmatec\",\"isPartOf\":{\"@id\":\"https:\\\/\\\/sysmatec.ch\\\/de\\\/#website\"},\"primaryImageOfPage\":{\"@id\":\"https:\\\/\\\/sysmatec.ch\\\/de\\\/Produkt\\\/plattformwaage-kern-efc\\\/#primaryimage\"},\"image\":{\"@id\":\"https:\\\/\\\/sysmatec.ch\\\/de\\\/Produkt\\\/plattformwaage-kern-efc\\\/#primaryimage\"},\"thumbnailUrl\":\"https:\\\/\\\/sysmatec.ch\\\/wp-content\\\/uploads\\\/2026\\\/01\\\/Balance_LernEFC1.jpg\",\"datePublished\":\"2026-01-18T18:11:09+00:00\",\"dateModified\":\"2026-01-18T19:36:56+00:00\",\"description\":\"Platform type scale, the screen is separate from the scale, connected by a cable, for the range from 0-30 kg up to 0-150 kg.\",\"breadcrumb\":{\"@id\":\"https:\\\/\\\/sysmatec.ch\\\/de\\\/Produkt\\\/plattformwaage-kern-efc\\\/#breadcrumb\"},\"inLanguage\":\"de\",\"potentialAction\":[{\"@type\":\"ReadAction\",\"target\":[\"https:\\\/\\\/sysmatec.ch\\\/de\\\/Produkt\\\/plattformwaage-kern-efc\\\/\"]}]},{\"@type\":\"ImageObject\",\"inLanguage\":\"de\",\"@id\":\"https:\\\/\\\/sysmatec.ch\\\/de\\\/Produkt\\\/plattformwaage-kern-efc\\\/#primaryimage\",\"url\":\"https:\\\/\\\/sysmatec.ch\\\/wp-content\\\/uploads\\\/2026\\\/01\\\/Balance_LernEFC1.jpg\",\"contentUrl\":\"https:\\\/\\\/sysmatec.ch\\\/wp-content\\\/uploads\\\/2026\\\/01\\\/Balance_LernEFC1.jpg\",\"width\":318,\"height\":522},{\"@type\":\"BreadcrumbList\",\"@id\":\"https:\\\/\\\/sysmatec.ch\\\/de\\\/Produkt\\\/plattformwaage-kern-efc\\\/#breadcrumb\",\"itemListElement\":[{\"@type\":\"ListItem\",\"position\":1,\"name\":\"Accueil\",\"item\":\"https:\\\/\\\/sysmatec.ch\\\/de\\\/\"},{\"@type\":\"ListItem\",\"position\":2,\"name\":\"Die Aktivit\u00e4t von Sysmatec\",\"item\":\"https:\\\/\\\/sysmatec.ch\\\/de\\\/\"},{\"@type\":\"ListItem\",\"position\":3,\"name\":\"Plattformwaage KERN EFC\"}]},{\"@type\":\"WebSite\",\"@id\":\"https:\\\/\\\/sysmatec.ch\\\/de\\\/#website\",\"url\":\"https:\\\/\\\/sysmatec.ch\\\/de\\\/\",\"name\":\"Sysmatec\",\"description\":\"Equipement de laboratoire et logiciels\",\"publisher\":{\"@id\":\"https:\\\/\\\/sysmatec.ch\\\/de\\\/#organization\"},\"potentialAction\":[{\"@type\":\"SearchAction\",\"target\":{\"@type\":\"EntryPoint\",\"urlTemplate\":\"https:\\\/\\\/sysmatec.ch\\\/de\\\/?s={search_term_string}\"},\"query-input\":{\"@type\":\"PropertyValueSpecification\",\"valueRequired\":true,\"valueName\":\"search_term_string\"}}],\"inLanguage\":\"de\"},{\"@type\":\"Organization\",\"@id\":\"https:\\\/\\\/sysmatec.ch\\\/de\\\/#organization\",\"name\":\"Sysmatec\",\"url\":\"https:\\\/\\\/sysmatec.ch\\\/de\\\/\",\"logo\":{\"@type\":\"ImageObject\",\"inLanguage\":\"de\",\"@id\":\"https:\\\/\\\/sysmatec.ch\\\/de\\\/#\\\/schema\\\/logo\\\/image\\\/\",\"url\":\"https:\\\/\\\/sysmatec.ch\\\/wp-content\\\/uploads\\\/2018\\\/11\\\/LogoSysmatec.jpg\",\"contentUrl\":\"https:\\\/\\\/sysmatec.ch\\\/wp-content\\\/uploads\\\/2018\\\/11\\\/LogoSysmatec.jpg\",\"width\":301,\"height\":297,\"caption\":\"Sysmatec\"},\"image\":{\"@id\":\"https:\\\/\\\/sysmatec.ch\\\/de\\\/#\\\/schema\\\/logo\\\/image\\\/\"}}]}<\/script>\n<!-- \/ Yoast SEO plugin. -->","yoast_head_json":{"title":"Plattformwaage KERN EFC - Sysmatec","description":"Platform type scale, the screen is separate from the scale, connected by a cable, for the range from 0-30 kg up to 0-150 kg.","robots":{"index":"index","follow":"follow","max-snippet":"max-snippet:-1","max-image-preview":"max-image-preview:large","max-video-preview":"max-video-preview:-1"},"canonical":"https:\/\/sysmatec.ch\/de\/Produkt\/plattformwaage-kern-efc\/","og_locale":"de_DE","og_type":"article","og_title":"Plattformwaage KERN EFC - Sysmatec","og_description":"Platform type scale, the screen is separate from the scale, connected by a cable, for the range from 0-30 kg up to 0-150 kg.","og_url":"https:\/\/sysmatec.ch\/de\/Produkt\/plattformwaage-kern-efc\/","og_site_name":"Sysmatec","article_modified_time":"2026-01-18T19:36:56+00:00","og_image":[{"width":318,"height":522,"url":"https:\/\/sysmatec.ch\/wp-content\/uploads\/2026\/01\/Balance_LernEFC1.jpg","type":"image\/jpeg"}],"twitter_card":"summary_large_image","twitter_misc":{"Gesch\u00e4tzte Lesezeit":"1\u00a0Minute"},"schema":{"@context":"https:\/\/schema.org","@graph":[{"@type":"WebPage","@id":"https:\/\/sysmatec.ch\/de\/Produkt\/plattformwaage-kern-efc\/","url":"https:\/\/sysmatec.ch\/de\/Produkt\/plattformwaage-kern-efc\/","name":"Plattformwaage KERN EFC - Sysmatec","isPartOf":{"@id":"https:\/\/sysmatec.ch\/de\/#website"},"primaryImageOfPage":{"@id":"https:\/\/sysmatec.ch\/de\/Produkt\/plattformwaage-kern-efc\/#primaryimage"},"image":{"@id":"https:\/\/sysmatec.ch\/de\/Produkt\/plattformwaage-kern-efc\/#primaryimage"},"thumbnailUrl":"https:\/\/sysmatec.ch\/wp-content\/uploads\/2026\/01\/Balance_LernEFC1.jpg","datePublished":"2026-01-18T18:11:09+00:00","dateModified":"2026-01-18T19:36:56+00:00","description":"Platform type scale, the screen is separate from the scale, connected by a cable, for the range from 0-30 kg up to 0-150 kg.","breadcrumb":{"@id":"https:\/\/sysmatec.ch\/de\/Produkt\/plattformwaage-kern-efc\/#breadcrumb"},"inLanguage":"de","potentialAction":[{"@type":"ReadAction","target":["https:\/\/sysmatec.ch\/de\/Produkt\/plattformwaage-kern-efc\/"]}]},{"@type":"ImageObject","inLanguage":"de","@id":"https:\/\/sysmatec.ch\/de\/Produkt\/plattformwaage-kern-efc\/#primaryimage","url":"https:\/\/sysmatec.ch\/wp-content\/uploads\/2026\/01\/Balance_LernEFC1.jpg","contentUrl":"https:\/\/sysmatec.ch\/wp-content\/uploads\/2026\/01\/Balance_LernEFC1.jpg","width":318,"height":522},{"@type":"BreadcrumbList","@id":"https:\/\/sysmatec.ch\/de\/Produkt\/plattformwaage-kern-efc\/#breadcrumb","itemListElement":[{"@type":"ListItem","position":1,"name":"Accueil","item":"https:\/\/sysmatec.ch\/de\/"},{"@type":"ListItem","position":2,"name":"Die Aktivit\u00e4t von Sysmatec","item":"https:\/\/sysmatec.ch\/de\/"},{"@type":"ListItem","position":3,"name":"Plattformwaage KERN EFC"}]},{"@type":"WebSite","@id":"https:\/\/sysmatec.ch\/de\/#website","url":"https:\/\/sysmatec.ch\/de\/","name":"Sysmatec","description":"Equipement de laboratoire et logiciels","publisher":{"@id":"https:\/\/sysmatec.ch\/de\/#organization"},"potentialAction":[{"@type":"SearchAction","target":{"@type":"EntryPoint","urlTemplate":"https:\/\/sysmatec.ch\/de\/?s={search_term_string}"},"query-input":{"@type":"PropertyValueSpecification","valueRequired":true,"valueName":"search_term_string"}}],"inLanguage":"de"},{"@type":"Organization","@id":"https:\/\/sysmatec.ch\/de\/#organization","name":"Sysmatec","url":"https:\/\/sysmatec.ch\/de\/","logo":{"@type":"ImageObject","inLanguage":"de","@id":"https:\/\/sysmatec.ch\/de\/#\/schema\/logo\/image\/","url":"https:\/\/sysmatec.ch\/wp-content\/uploads\/2018\/11\/LogoSysmatec.jpg","contentUrl":"https:\/\/sysmatec.ch\/wp-content\/uploads\/2018\/11\/LogoSysmatec.jpg","width":301,"height":297,"caption":"Sysmatec"},"image":{"@id":"https:\/\/sysmatec.ch\/de\/#\/schema\/logo\/image\/"}}]}},"_links":{"self":[{"href":"https:\/\/sysmatec.ch\/de\/wp-json\/wp\/v2\/product\/31563","targetHints":{"allow":["GET"]}}],"collection":[{"href":"https:\/\/sysmatec.ch\/de\/wp-json\/wp\/v2\/product"}],"about":[{"href":"https:\/\/sysmatec.ch\/de\/wp-json\/wp\/v2\/types\/product"}],"wp:featuredmedia":[{"embeddable":true,"href":"https:\/\/sysmatec.ch\/de\/wp-json\/wp\/v2\/media\/31568"}],"wp:attachment":[{"href":"https:\/\/sysmatec.ch\/de\/wp-json\/wp\/v2\/media?parent=31563"}],"wp:term":[{"taxonomy":"product_brand","embeddable":true,"href":"https:\/\/sysmatec.ch\/de\/wp-json\/wp\/v2\/product_brand?post=31563"},{"taxonomy":"product_cat","embeddable":true,"href":"https:\/\/sysmatec.ch\/de\/wp-json\/wp\/v2\/product_cat?post=31563"},{"taxonomy":"product_tag","embeddable":true,"href":"https:\/\/sysmatec.ch\/de\/wp-json\/wp\/v2\/product_tag?post=31563"}],"curies":[{"name":"wp","href":"https:\/\/api.w.org\/{rel}","templated":true}]}}