{"id":31524,"date":"2026-01-18T18:29:17","date_gmt":"2026-01-18T17:29:17","guid":{"rendered":"https:\/\/sysmatec.ch\/?post_type=product&#038;p=31524"},"modified":"2026-01-18T18:55:01","modified_gmt":"2026-01-18T17:55:01","slug":"zaehlwaage-kern-cpb-2","status":"publish","type":"product","link":"https:\/\/sysmatec.ch\/de\/Produkt\/zaehlwaage-kern-cpb-2\/","title":{"rendered":"Z\u00e4hlwaage KERN CPB"},"content":{"rendered":"<ul>\n<li>Pr\u00e4zise, intuitiv bedienbar und digital \u2013 mit unseren Z\u00e4hlwaagen beschleunigen Sie Ihre Prozesse bei der j\u00e4hrlichen Inventur und sparen so Zeit und Kosten, Aufl\u00f6sung 60 000 Punkten<\/li>\n<li>Genaues Z\u00e4hlen: Die automatische Referenzoptimierung verbessert stufenweise den Durchschnittswert des Teilegewichts<\/li>\n<li>\u00dcber Tastenblock programmierbar:<br \/>\n&#8211; gew\u00fcnschte Referenzst\u00fcckzahl<br \/>\n&#8211; bekanntes Referenzgewicht<\/li>\n<li>Drei Displays f\u00fcr Gewichtsanzeige, Referenzgewicht, Gesamtst\u00fcckzahl<\/li>\n<li>Z\u00e4hlsummenspeicher: zum Aufsummieren von gleichen Z\u00e4hlteilen in Gesamtst\u00fcck und Gesamtgewicht<\/li>\n<li>Fill-to-target-Funktion: Zielst\u00fcckzahl bzw. Zielgewicht programmierbar. Das Erreichen des Zielwerts wird durch ein akustisches Signal angezeigt<\/li>\n<li>PRE-TARE-Funktion f\u00fcr manuellen Vorabzug eines bekannten Beh\u00e4ltergewichts, n\u00fctzlich bei F\u00fcllmengenkontrollen<\/li>\n<li>Hohe Mobilit\u00e4t: Dank Akkubetrieb (optional) und kompakter, leichter Bauweise geeignet zum Einsatz an mehreren Standorten (Produktion, Lager, Versand etc.)<\/li>\n<li>Zwei Waagen in einer: Umschaltung vom Z\u00e4hlmodus in den Wiegemodus per Tastendruck<\/li>\n<li>Arbeitsschutzhaube und RS232 Schnittstelle im Lieferumfang enthalten<\/li>\n<li>CKE-M-Version, optionale Eichung und dualer Messbereich<\/li>\n<\/ul>\n<table border=\"1\" width=\"458\" cellspacing=\"0\" cellpadding=\"2\">\n<tbody>\n<tr>\n<td>Modell<\/td>\n<td width=\"10%\">Ablesbarkeit<\/td>\n<td width=\"10%\">W\u00e4gebereich<\/td>\n<\/tr>\n<tr>\n<td><\/td>\n<td width=\"10%\">g<\/td>\n<td width=\"10%\">kg<\/td>\n<\/tr>\n<tr>\n<td>CPB 6K0.1N<\/td>\n<td width=\"10%\">0.1<\/td>\n<td width=\"10%\">6<\/td>\n<\/tr>\n<tr>\n<td>CPB 15K0.2N<\/td>\n<td width=\"10%\">0.2<\/td>\n<td width=\"10%\">15<\/td>\n<\/tr>\n<tr>\n<td>CPB 30K0.5N<\/td>\n<td width=\"10%\">0.5<\/td>\n<td width=\"10%\">30<\/td>\n<\/tr>\n<tr>\n<td>CPB 6K1DM<\/td>\n<td width=\"10%\">1\/2<\/td>\n<td width=\"10%\">3\/6<\/td>\n<\/tr>\n<tr>\n<td>CPB 15K2DM<\/td>\n<td width=\"10%\">2\/5<\/td>\n<td width=\"10%\">6\/15<\/td>\n<\/tr>\n<tr>\n<td>CPB 30K5DM<\/td>\n<td width=\"10%\">5\/10<\/td>\n<td width=\"10%\">15\/30<\/td>\n<\/tr>\n<\/tbody>\n<\/table>\n","protected":false},"excerpt":{"rendered":"<p>Z\u00e4hlwaage 0-6 kg bis 0-30 kg mit optionaler Eichung<\/p>\n","protected":false},"featured_media":31561,"template":"","meta":{"_crdt_document":""},"product_brand":[],"product_cat":[165,344],"product_tag":[],"class_list":{"0":"post-31524","1":"product","2":"type-product","3":"status-publish","4":"has-post-thumbnail","6":"product_cat-gewicht","7":"product_cat-zahlen","9":"first","10":"instock","11":"taxable","12":"shipping-taxable","13":"product-type-simple"},"yoast_head":"<!-- This site is optimized with the Yoast SEO plugin v27.5 - https:\/\/yoast.com\/product\/yoast-seo-wordpress\/ -->\n<title>Z\u00e4hlwaage KERN CPB - Sysmatec<\/title>\n<meta name=\"description\" content=\"Hochaufl\u00f6sende Z\u00e4hlwaage. Ideal f\u00fcr die Bestandsverwaltung. Wiegebereich von 0\u20136 kg bis 0\u201330 kg. Eichung optional.\" \/>\n<meta name=\"robots\" content=\"index, follow, max-snippet:-1, max-image-preview:large, max-video-preview:-1\" \/>\n<link rel=\"canonical\" href=\"https:\/\/sysmatec.ch\/de\/Produkt\/zaehlwaage-kern-cpb-2\/\" \/>\n<meta property=\"og:locale\" content=\"de_DE\" \/>\n<meta property=\"og:type\" content=\"article\" \/>\n<meta property=\"og:title\" content=\"Z\u00e4hlwaage KERN CPB - Sysmatec\" \/>\n<meta property=\"og:description\" content=\"Hochaufl\u00f6sende Z\u00e4hlwaage. Ideal f\u00fcr die Bestandsverwaltung. Wiegebereich von 0\u20136 kg bis 0\u201330 kg. Eichung optional.\" \/>\n<meta property=\"og:url\" content=\"https:\/\/sysmatec.ch\/de\/Produkt\/zaehlwaage-kern-cpb-2\/\" \/>\n<meta property=\"og:site_name\" content=\"Sysmatec\" \/>\n<meta property=\"article:modified_time\" content=\"2026-01-18T17:55:01+00:00\" \/>\n<meta property=\"og:image\" content=\"https:\/\/sysmatec.ch\/wp-content\/uploads\/2026\/01\/Balance_LernCPB1.jpg\" \/>\n\t<meta property=\"og:image:width\" content=\"561\" \/>\n\t<meta property=\"og:image:height\" content=\"430\" \/>\n\t<meta property=\"og:image:type\" content=\"image\/jpeg\" \/>\n<meta name=\"twitter:card\" content=\"summary_large_image\" \/>\n<meta name=\"twitter:label1\" content=\"Gesch\u00e4tzte Lesezeit\" \/>\n\t<meta name=\"twitter:data1\" content=\"2\u00a0Minuten\" \/>\n<script type=\"application\/ld+json\" class=\"yoast-schema-graph\">{\"@context\":\"https:\\\/\\\/schema.org\",\"@graph\":[{\"@type\":\"WebPage\",\"@id\":\"https:\\\/\\\/sysmatec.ch\\\/de\\\/Produkt\\\/zaehlwaage-kern-cpb-2\\\/\",\"url\":\"https:\\\/\\\/sysmatec.ch\\\/de\\\/Produkt\\\/zaehlwaage-kern-cpb-2\\\/\",\"name\":\"Z\u00e4hlwaage KERN CPB - Sysmatec\",\"isPartOf\":{\"@id\":\"https:\\\/\\\/sysmatec.ch\\\/de\\\/#website\"},\"primaryImageOfPage\":{\"@id\":\"https:\\\/\\\/sysmatec.ch\\\/de\\\/Produkt\\\/zaehlwaage-kern-cpb-2\\\/#primaryimage\"},\"image\":{\"@id\":\"https:\\\/\\\/sysmatec.ch\\\/de\\\/Produkt\\\/zaehlwaage-kern-cpb-2\\\/#primaryimage\"},\"thumbnailUrl\":\"https:\\\/\\\/sysmatec.ch\\\/wp-content\\\/uploads\\\/2026\\\/01\\\/Balance_LernCPB1.jpg\",\"datePublished\":\"2026-01-18T17:29:17+00:00\",\"dateModified\":\"2026-01-18T17:55:01+00:00\",\"description\":\"Hochaufl\u00f6sende Z\u00e4hlwaage. Ideal f\u00fcr die Bestandsverwaltung. Wiegebereich von 0\u20136 kg bis 0\u201330 kg. Eichung optional.\",\"breadcrumb\":{\"@id\":\"https:\\\/\\\/sysmatec.ch\\\/de\\\/Produkt\\\/zaehlwaage-kern-cpb-2\\\/#breadcrumb\"},\"inLanguage\":\"de\",\"potentialAction\":[{\"@type\":\"ReadAction\",\"target\":[\"https:\\\/\\\/sysmatec.ch\\\/de\\\/Produkt\\\/zaehlwaage-kern-cpb-2\\\/\"]}]},{\"@type\":\"ImageObject\",\"inLanguage\":\"de\",\"@id\":\"https:\\\/\\\/sysmatec.ch\\\/de\\\/Produkt\\\/zaehlwaage-kern-cpb-2\\\/#primaryimage\",\"url\":\"https:\\\/\\\/sysmatec.ch\\\/wp-content\\\/uploads\\\/2026\\\/01\\\/Balance_LernCPB1.jpg\",\"contentUrl\":\"https:\\\/\\\/sysmatec.ch\\\/wp-content\\\/uploads\\\/2026\\\/01\\\/Balance_LernCPB1.jpg\",\"width\":561,\"height\":430},{\"@type\":\"BreadcrumbList\",\"@id\":\"https:\\\/\\\/sysmatec.ch\\\/de\\\/Produkt\\\/zaehlwaage-kern-cpb-2\\\/#breadcrumb\",\"itemListElement\":[{\"@type\":\"ListItem\",\"position\":1,\"name\":\"Accueil\",\"item\":\"https:\\\/\\\/sysmatec.ch\\\/de\\\/\"},{\"@type\":\"ListItem\",\"position\":2,\"name\":\"Die Aktivit\u00e4t von Sysmatec\",\"item\":\"https:\\\/\\\/sysmatec.ch\\\/de\\\/\"},{\"@type\":\"ListItem\",\"position\":3,\"name\":\"Z\u00e4hlwaage KERN CPB\"}]},{\"@type\":\"WebSite\",\"@id\":\"https:\\\/\\\/sysmatec.ch\\\/de\\\/#website\",\"url\":\"https:\\\/\\\/sysmatec.ch\\\/de\\\/\",\"name\":\"Sysmatec\",\"description\":\"Equipement de laboratoire et logiciels\",\"publisher\":{\"@id\":\"https:\\\/\\\/sysmatec.ch\\\/de\\\/#organization\"},\"potentialAction\":[{\"@type\":\"SearchAction\",\"target\":{\"@type\":\"EntryPoint\",\"urlTemplate\":\"https:\\\/\\\/sysmatec.ch\\\/de\\\/?s={search_term_string}\"},\"query-input\":{\"@type\":\"PropertyValueSpecification\",\"valueRequired\":true,\"valueName\":\"search_term_string\"}}],\"inLanguage\":\"de\"},{\"@type\":\"Organization\",\"@id\":\"https:\\\/\\\/sysmatec.ch\\\/de\\\/#organization\",\"name\":\"Sysmatec\",\"url\":\"https:\\\/\\\/sysmatec.ch\\\/de\\\/\",\"logo\":{\"@type\":\"ImageObject\",\"inLanguage\":\"de\",\"@id\":\"https:\\\/\\\/sysmatec.ch\\\/de\\\/#\\\/schema\\\/logo\\\/image\\\/\",\"url\":\"https:\\\/\\\/sysmatec.ch\\\/wp-content\\\/uploads\\\/2018\\\/11\\\/LogoSysmatec.jpg\",\"contentUrl\":\"https:\\\/\\\/sysmatec.ch\\\/wp-content\\\/uploads\\\/2018\\\/11\\\/LogoSysmatec.jpg\",\"width\":301,\"height\":297,\"caption\":\"Sysmatec\"},\"image\":{\"@id\":\"https:\\\/\\\/sysmatec.ch\\\/de\\\/#\\\/schema\\\/logo\\\/image\\\/\"}}]}<\/script>\n<!-- \/ Yoast SEO plugin. -->","yoast_head_json":{"title":"Z\u00e4hlwaage KERN CPB - Sysmatec","description":"Hochaufl\u00f6sende Z\u00e4hlwaage. Ideal f\u00fcr die Bestandsverwaltung. Wiegebereich von 0\u20136 kg bis 0\u201330 kg. Eichung optional.","robots":{"index":"index","follow":"follow","max-snippet":"max-snippet:-1","max-image-preview":"max-image-preview:large","max-video-preview":"max-video-preview:-1"},"canonical":"https:\/\/sysmatec.ch\/de\/Produkt\/zaehlwaage-kern-cpb-2\/","og_locale":"de_DE","og_type":"article","og_title":"Z\u00e4hlwaage KERN CPB - Sysmatec","og_description":"Hochaufl\u00f6sende Z\u00e4hlwaage. Ideal f\u00fcr die Bestandsverwaltung. Wiegebereich von 0\u20136 kg bis 0\u201330 kg. Eichung optional.","og_url":"https:\/\/sysmatec.ch\/de\/Produkt\/zaehlwaage-kern-cpb-2\/","og_site_name":"Sysmatec","article_modified_time":"2026-01-18T17:55:01+00:00","og_image":[{"width":561,"height":430,"url":"https:\/\/sysmatec.ch\/wp-content\/uploads\/2026\/01\/Balance_LernCPB1.jpg","type":"image\/jpeg"}],"twitter_card":"summary_large_image","twitter_misc":{"Gesch\u00e4tzte Lesezeit":"2\u00a0Minuten"},"schema":{"@context":"https:\/\/schema.org","@graph":[{"@type":"WebPage","@id":"https:\/\/sysmatec.ch\/de\/Produkt\/zaehlwaage-kern-cpb-2\/","url":"https:\/\/sysmatec.ch\/de\/Produkt\/zaehlwaage-kern-cpb-2\/","name":"Z\u00e4hlwaage KERN CPB - Sysmatec","isPartOf":{"@id":"https:\/\/sysmatec.ch\/de\/#website"},"primaryImageOfPage":{"@id":"https:\/\/sysmatec.ch\/de\/Produkt\/zaehlwaage-kern-cpb-2\/#primaryimage"},"image":{"@id":"https:\/\/sysmatec.ch\/de\/Produkt\/zaehlwaage-kern-cpb-2\/#primaryimage"},"thumbnailUrl":"https:\/\/sysmatec.ch\/wp-content\/uploads\/2026\/01\/Balance_LernCPB1.jpg","datePublished":"2026-01-18T17:29:17+00:00","dateModified":"2026-01-18T17:55:01+00:00","description":"Hochaufl\u00f6sende Z\u00e4hlwaage. Ideal f\u00fcr die Bestandsverwaltung. Wiegebereich von 0\u20136 kg bis 0\u201330 kg. Eichung optional.","breadcrumb":{"@id":"https:\/\/sysmatec.ch\/de\/Produkt\/zaehlwaage-kern-cpb-2\/#breadcrumb"},"inLanguage":"de","potentialAction":[{"@type":"ReadAction","target":["https:\/\/sysmatec.ch\/de\/Produkt\/zaehlwaage-kern-cpb-2\/"]}]},{"@type":"ImageObject","inLanguage":"de","@id":"https:\/\/sysmatec.ch\/de\/Produkt\/zaehlwaage-kern-cpb-2\/#primaryimage","url":"https:\/\/sysmatec.ch\/wp-content\/uploads\/2026\/01\/Balance_LernCPB1.jpg","contentUrl":"https:\/\/sysmatec.ch\/wp-content\/uploads\/2026\/01\/Balance_LernCPB1.jpg","width":561,"height":430},{"@type":"BreadcrumbList","@id":"https:\/\/sysmatec.ch\/de\/Produkt\/zaehlwaage-kern-cpb-2\/#breadcrumb","itemListElement":[{"@type":"ListItem","position":1,"name":"Accueil","item":"https:\/\/sysmatec.ch\/de\/"},{"@type":"ListItem","position":2,"name":"Die Aktivit\u00e4t von Sysmatec","item":"https:\/\/sysmatec.ch\/de\/"},{"@type":"ListItem","position":3,"name":"Z\u00e4hlwaage KERN CPB"}]},{"@type":"WebSite","@id":"https:\/\/sysmatec.ch\/de\/#website","url":"https:\/\/sysmatec.ch\/de\/","name":"Sysmatec","description":"Equipement de laboratoire et logiciels","publisher":{"@id":"https:\/\/sysmatec.ch\/de\/#organization"},"potentialAction":[{"@type":"SearchAction","target":{"@type":"EntryPoint","urlTemplate":"https:\/\/sysmatec.ch\/de\/?s={search_term_string}"},"query-input":{"@type":"PropertyValueSpecification","valueRequired":true,"valueName":"search_term_string"}}],"inLanguage":"de"},{"@type":"Organization","@id":"https:\/\/sysmatec.ch\/de\/#organization","name":"Sysmatec","url":"https:\/\/sysmatec.ch\/de\/","logo":{"@type":"ImageObject","inLanguage":"de","@id":"https:\/\/sysmatec.ch\/de\/#\/schema\/logo\/image\/","url":"https:\/\/sysmatec.ch\/wp-content\/uploads\/2018\/11\/LogoSysmatec.jpg","contentUrl":"https:\/\/sysmatec.ch\/wp-content\/uploads\/2018\/11\/LogoSysmatec.jpg","width":301,"height":297,"caption":"Sysmatec"},"image":{"@id":"https:\/\/sysmatec.ch\/de\/#\/schema\/logo\/image\/"}}]}},"_links":{"self":[{"href":"https:\/\/sysmatec.ch\/de\/wp-json\/wp\/v2\/product\/31524","targetHints":{"allow":["GET"]}}],"collection":[{"href":"https:\/\/sysmatec.ch\/de\/wp-json\/wp\/v2\/product"}],"about":[{"href":"https:\/\/sysmatec.ch\/de\/wp-json\/wp\/v2\/types\/product"}],"wp:featuredmedia":[{"embeddable":true,"href":"https:\/\/sysmatec.ch\/de\/wp-json\/wp\/v2\/media\/31561"}],"wp:attachment":[{"href":"https:\/\/sysmatec.ch\/de\/wp-json\/wp\/v2\/media?parent=31524"}],"wp:term":[{"taxonomy":"product_brand","embeddable":true,"href":"https:\/\/sysmatec.ch\/de\/wp-json\/wp\/v2\/product_brand?post=31524"},{"taxonomy":"product_cat","embeddable":true,"href":"https:\/\/sysmatec.ch\/de\/wp-json\/wp\/v2\/product_cat?post=31524"},{"taxonomy":"product_tag","embeddable":true,"href":"https:\/\/sysmatec.ch\/de\/wp-json\/wp\/v2\/product_tag?post=31524"}],"curies":[{"name":"wp","href":"https:\/\/api.w.org\/{rel}","templated":true}]}}