{"id":31493,"date":"2026-01-18T10:28:07","date_gmt":"2026-01-18T09:28:07","guid":{"rendered":"https:\/\/sysmatec.ch\/?post_type=product&#038;p=31493"},"modified":"2026-01-18T11:11:30","modified_gmt":"2026-01-18T10:11:30","slug":"plattformwaage-kern-sxc","status":"publish","type":"product","link":"https:\/\/sysmatec.ch\/de\/Produkt\/plattformwaage-kern-sxc\/","title":{"rendered":"Plattformwaage KERN SXC"},"content":{"rendered":"<ul>\n<li>Edelstahl-Plattformwaage mit bis zu vier\u00a0Datenschnittstellen und optionalem\u00a0Alibispeicher, optional mit\u00a0Eichung<\/li>\n<li>Plattform: komplett aus Edelstahl, hermetisch verschwei\u00dfte Edelstahl-W\u00e4gezelle mit Staub- und Spritzwasserschutz IP68, IP69K<\/li>\n<li>Auswerteger\u00e4t: Edelstahl, Staub- und Spritzwasserschutz IP68, integriertes Netzteil<\/li>\n<li>Geeignet f\u00fcr die erh\u00f6hten hygienischen Anforderungen in der Nahrungsmittelindustrie<\/li>\n<li>\u00dcberlegene Displaygr\u00f6\u00dfe: Ziffernh\u00f6he 48 mm, hell hinterleuchtet f\u00fcr bequemes Ablesen des W\u00e4gewerts auch bei schlechten Lichtverh\u00e4ltnissen<\/li>\n<li>Einheitliche, komfortable KERN Bedienphilosophie, produkt\u00fcbergreifend konsistent in Design, Men\u00fcstruktur, Tastenfunktionen, Schnittstellen-Anschluss und Schnittstellenprotokoll<\/li>\n<li>Industrie 4.0: Austausch von Daten und Steuerbefehlen optional \u00fcber bis zu vier Schnittstellen nach individuellem Bedarf: zwei kabelgebundene (RS-232, Ethernet, USB oder Analogmodul) und zwei Funkschnittstellen (WLAN, Bluetooth)<\/li>\n<li>Jede Schnittstelle kann separat eingestellt werden, z. B.:<br \/>\n&#8211; Schnittstelle 1 (WLAN): Kontinuierliches Senden an einen PC zur Dokumentation eines Prozesses<br \/>\n&#8211; Schnittstelle 2 (RS-232): Stabilen W\u00e4gewert drucken<br \/>\n&#8211; Schnittstelle 3 (Analogmodul): Steuern einer Vorrichtung bei Erreichen des Zielgewichts<br \/>\n&#8211; Schnittstelle 4 (Bluetooth): Kontinuierliches Senden an ein Tablet zur \u00dcberwachung eines Prozesses<\/li>\n<li>Abfrage und Fernsteuerung der Waage \u00fcber Computer oder CRM-\/ERP-Systeme mittels KERN Communication Protocol<\/li>\n<li>Optional mit\u00a0Alibispeicher\u00a0zur papierlosen Archivierung der W\u00e4geergebnisse. Damit lassen sich auch die Ergebnisse eichpflichtiger W\u00e4gungen vorschriftsgem\u00e4\u00df elektronisch auswerten und weiterverarbeiten<\/li>\n<\/ul>\n<table border=\"1\" width=\"486\" cellspacing=\"0\" cellpadding=\"2\">\n<tbody>\n<tr>\n<td>Modell<\/td>\n<td width=\"10%\">Ablesbarkeit<\/td>\n<td width=\"10%\">W\u00e4gebereich<\/td>\n<td width=\"10%\">Platte<\/td>\n<\/tr>\n<tr>\n<td><\/td>\n<td width=\"10%\">g<\/td>\n<td width=\"10%\">kg<\/td>\n<td width=\"10%\">mm<\/td>\n<\/tr>\n<tr>\n<td>SXC 6K-4<\/td>\n<td width=\"10%\">0.5<\/td>\n<td width=\"10%\">6<\/td>\n<td width=\"10%\">300\u00d7240<\/td>\n<\/tr>\n<tr>\n<td>SXC 10K-3<\/td>\n<td width=\"10%\">1<\/td>\n<td width=\"10%\">15<\/td>\n<td width=\"10%\">300\u00d7240<\/td>\n<\/tr>\n<tr>\n<td>SXC 10K-3L<\/td>\n<td width=\"10%\">1<\/td>\n<td width=\"10%\">15<\/td>\n<td width=\"10%\">400\u00d7300<\/td>\n<\/tr>\n<tr>\n<td>SXC 30K-3<\/td>\n<td width=\"10%\">2<\/td>\n<td width=\"10%\">30<\/td>\n<td width=\"10%\">400\u00d7300<\/td>\n<\/tr>\n<tr>\n<td>SXC 30K-3L<\/td>\n<td width=\"10%\">2<\/td>\n<td width=\"10%\">30<\/td>\n<td width=\"10%\">500\u00d7400<\/td>\n<\/tr>\n<tr>\n<td>SXC 60K-3<\/td>\n<td width=\"10%\">5<\/td>\n<td width=\"10%\">60<\/td>\n<td width=\"10%\">400\u00d7300<\/td>\n<\/tr>\n<tr>\n<td>SXC 60K-3L<\/td>\n<td width=\"10%\">5<\/td>\n<td width=\"10%\">60<\/td>\n<td width=\"10%\">500\u00d7400<\/td>\n<\/tr>\n<tr>\n<td>SXC 100K-2<\/td>\n<td width=\"10%\">10<\/td>\n<td width=\"10%\">150<\/td>\n<td width=\"10%\">500\u00d7400<\/td>\n<\/tr>\n<tr>\n<td>SXC 100K-2L<\/td>\n<td width=\"10%\">10<\/td>\n<td width=\"10%\">150<\/td>\n<td width=\"10%\">650\u00d7500<\/td>\n<\/tr>\n<tr>\n<td>SXC 300K-2<\/td>\n<td width=\"10%\">20<\/td>\n<td width=\"10%\">300<\/td>\n<td width=\"10%\">650\u00d7500<\/td>\n<\/tr>\n<tr>\n<td>SXC 6K-3M<\/td>\n<td width=\"10%\">1\/2<\/td>\n<td width=\"10%\">3\/6<\/td>\n<td width=\"10%\">300\u00d7240<\/td>\n<\/tr>\n<tr>\n<td>SXC 10K-3M<\/td>\n<td width=\"10%\">2\/5<\/td>\n<td width=\"10%\">6\/15<\/td>\n<td width=\"10%\">300\u00d7240<\/td>\n<\/tr>\n<tr>\n<td>SXC 10K-3LM<\/td>\n<td width=\"10%\">2\/5<\/td>\n<td width=\"10%\">6\/15<\/td>\n<td width=\"10%\">400\u00d7300<\/td>\n<\/tr>\n<tr>\n<td>SXC 30K-3M<\/td>\n<td width=\"10%\">5\/10<\/td>\n<td width=\"10%\">15\/30<\/td>\n<td width=\"10%\">400\u00d7300<\/td>\n<\/tr>\n<tr>\n<td>SXC 30K-3LM<\/td>\n<td width=\"10%\">5\/10<\/td>\n<td width=\"10%\">15\/30<\/td>\n<td width=\"10%\">500\u00d7400<\/td>\n<\/tr>\n<tr>\n<td>SXC 60K-2M<\/td>\n<td width=\"10%\">10\/20<\/td>\n<td width=\"10%\">30\/60<\/td>\n<td width=\"10%\">400\u00d7300<\/td>\n<\/tr>\n<tr>\n<td>SXC 60K-2LM<\/td>\n<td width=\"10%\">10\/20<\/td>\n<td width=\"10%\">30\/60<\/td>\n<td width=\"10%\">500\u00d7400<\/td>\n<\/tr>\n<tr>\n<td>SXC 100K-2M<\/td>\n<td width=\"10%\">20\/50<\/td>\n<td width=\"10%\">60\/150<\/td>\n<td width=\"10%\">500\u00d7400<\/td>\n<\/tr>\n<tr>\n<td>SXC 100K-2LM<\/td>\n<td width=\"10%\">20\/50<\/td>\n<td width=\"10%\">60\/150<\/td>\n<td width=\"10%\">650\u00d7500<\/td>\n<\/tr>\n<tr>\n<td>SXC 300K-2M<\/td>\n<td width=\"10%\">50\/100<\/td>\n<td width=\"10%\">150\/300<\/td>\n<td width=\"10%\">650\u00d7500<\/td>\n<\/tr>\n<\/tbody>\n<\/table>\n<p>SXC-M: Dualer Messbereich und optionale Eichung<\/p>\n<p>F\u00fcr eichpflichtige Anwendung\u00a0Eichung\u00a0(Konformit\u00e4tsbewertung\u00a0nach NAWI 2014\/31\/EU) bitte gleich mitbestellen, eine nachtr\u00e4gliche Ersteichung ist nicht m\u00f6glich. F\u00fcr die\u00a0Eichung\u00a0ben\u00f6tigen wir die vollst\u00e4ndige Adresse des Aufstellungsortes<\/p>\n<p>Eine geeichte Waage, die Messwerte mittels Schnittstelle an externe Ger\u00e4te \u00fcbermittelt, ben\u00f6tigt zwingend einen\u00a0Alibispeicher\u00a0YMM-06. Eine nachtr\u00e4gliche Aufr\u00fcstung ist nicht m\u00f6glich.<\/p>\n<p>Es k\u00f6nnen nur zwei kabelgebundene (RS-232, Ethernet, USB oder Analogmodul) und zwei Funkschnittstellen (WLAN, Bluetooth) gleichzeitig genutzt werden<\/p>\n","protected":false},"excerpt":{"rendered":"<p>Plattformwaage 0-3 kg bis 0-300 kg, optionale Eichung<\/p>\n","protected":false},"featured_media":31498,"template":"","meta":{"_crdt_document":""},"product_brand":[],"product_cat":[165,339],"product_tag":[],"class_list":{"0":"post-31493","1":"product","2":"type-product","3":"status-publish","4":"has-post-thumbnail","6":"product_cat-gewicht","7":"product_cat-plattform","9":"first","10":"instock","11":"taxable","12":"shipping-taxable","13":"product-type-simple"},"yoast_head":"<!-- This site is optimized with the Yoast SEO plugin v27.4 - https:\/\/yoast.com\/product\/yoast-seo-wordpress\/ -->\n<title>Plattformwaage KERN SXC - Sysmatec<\/title>\n<meta name=\"description\" content=\"Plattformwaage, bei der der Bildschirm von der Waage getrennt und \u00fcber ein Kabel verbunden ist, f\u00fcr einen Messbereich von 0-3 kg bis 0-300 kg.\" \/>\n<meta name=\"robots\" content=\"index, follow, max-snippet:-1, max-image-preview:large, max-video-preview:-1\" \/>\n<link rel=\"canonical\" href=\"https:\/\/sysmatec.ch\/de\/Produkt\/plattformwaage-kern-sxc\/\" \/>\n<meta property=\"og:locale\" content=\"de_DE\" \/>\n<meta property=\"og:type\" content=\"article\" \/>\n<meta property=\"og:title\" content=\"Plattformwaage KERN SXC - Sysmatec\" \/>\n<meta property=\"og:description\" content=\"Plattformwaage, bei der der Bildschirm von der Waage getrennt und \u00fcber ein Kabel verbunden ist, f\u00fcr einen Messbereich von 0-3 kg bis 0-300 kg.\" \/>\n<meta property=\"og:url\" content=\"https:\/\/sysmatec.ch\/de\/Produkt\/plattformwaage-kern-sxc\/\" \/>\n<meta property=\"og:site_name\" content=\"Sysmatec\" \/>\n<meta property=\"article:modified_time\" content=\"2026-01-18T10:11:30+00:00\" \/>\n<meta property=\"og:image\" content=\"https:\/\/sysmatec.ch\/wp-content\/uploads\/2026\/01\/Balance_KernSCX1.jpg\" \/>\n\t<meta property=\"og:image:width\" content=\"530\" \/>\n\t<meta property=\"og:image:height\" content=\"351\" \/>\n\t<meta property=\"og:image:type\" content=\"image\/jpeg\" \/>\n<meta name=\"twitter:card\" content=\"summary_large_image\" \/>\n<meta name=\"twitter:label1\" content=\"Gesch\u00e4tzte Lesezeit\" \/>\n\t<meta name=\"twitter:data1\" content=\"3\u00a0Minuten\" \/>\n<script type=\"application\/ld+json\" class=\"yoast-schema-graph\">{\"@context\":\"https:\\\/\\\/schema.org\",\"@graph\":[{\"@type\":\"WebPage\",\"@id\":\"https:\\\/\\\/sysmatec.ch\\\/de\\\/Produkt\\\/plattformwaage-kern-sxc\\\/\",\"url\":\"https:\\\/\\\/sysmatec.ch\\\/de\\\/Produkt\\\/plattformwaage-kern-sxc\\\/\",\"name\":\"Plattformwaage KERN SXC - Sysmatec\",\"isPartOf\":{\"@id\":\"https:\\\/\\\/sysmatec.ch\\\/de\\\/#website\"},\"primaryImageOfPage\":{\"@id\":\"https:\\\/\\\/sysmatec.ch\\\/de\\\/Produkt\\\/plattformwaage-kern-sxc\\\/#primaryimage\"},\"image\":{\"@id\":\"https:\\\/\\\/sysmatec.ch\\\/de\\\/Produkt\\\/plattformwaage-kern-sxc\\\/#primaryimage\"},\"thumbnailUrl\":\"https:\\\/\\\/sysmatec.ch\\\/wp-content\\\/uploads\\\/2026\\\/01\\\/Balance_KernSCX1.jpg\",\"datePublished\":\"2026-01-18T09:28:07+00:00\",\"dateModified\":\"2026-01-18T10:11:30+00:00\",\"description\":\"Plattformwaage, bei der der Bildschirm von der Waage getrennt und \u00fcber ein Kabel verbunden ist, f\u00fcr einen Messbereich von 0-3 kg bis 0-300 kg.\",\"breadcrumb\":{\"@id\":\"https:\\\/\\\/sysmatec.ch\\\/de\\\/Produkt\\\/plattformwaage-kern-sxc\\\/#breadcrumb\"},\"inLanguage\":\"de\",\"potentialAction\":[{\"@type\":\"ReadAction\",\"target\":[\"https:\\\/\\\/sysmatec.ch\\\/de\\\/Produkt\\\/plattformwaage-kern-sxc\\\/\"]}]},{\"@type\":\"ImageObject\",\"inLanguage\":\"de\",\"@id\":\"https:\\\/\\\/sysmatec.ch\\\/de\\\/Produkt\\\/plattformwaage-kern-sxc\\\/#primaryimage\",\"url\":\"https:\\\/\\\/sysmatec.ch\\\/wp-content\\\/uploads\\\/2026\\\/01\\\/Balance_KernSCX1.jpg\",\"contentUrl\":\"https:\\\/\\\/sysmatec.ch\\\/wp-content\\\/uploads\\\/2026\\\/01\\\/Balance_KernSCX1.jpg\",\"width\":530,\"height\":351},{\"@type\":\"BreadcrumbList\",\"@id\":\"https:\\\/\\\/sysmatec.ch\\\/de\\\/Produkt\\\/plattformwaage-kern-sxc\\\/#breadcrumb\",\"itemListElement\":[{\"@type\":\"ListItem\",\"position\":1,\"name\":\"Accueil\",\"item\":\"https:\\\/\\\/sysmatec.ch\\\/de\\\/\"},{\"@type\":\"ListItem\",\"position\":2,\"name\":\"Die Aktivit\u00e4t von Sysmatec\",\"item\":\"https:\\\/\\\/sysmatec.ch\\\/de\\\/\"},{\"@type\":\"ListItem\",\"position\":3,\"name\":\"Plattformwaage KERN SXC\"}]},{\"@type\":\"WebSite\",\"@id\":\"https:\\\/\\\/sysmatec.ch\\\/de\\\/#website\",\"url\":\"https:\\\/\\\/sysmatec.ch\\\/de\\\/\",\"name\":\"Sysmatec\",\"description\":\"Equipement de laboratoire et logiciels\",\"publisher\":{\"@id\":\"https:\\\/\\\/sysmatec.ch\\\/de\\\/#organization\"},\"potentialAction\":[{\"@type\":\"SearchAction\",\"target\":{\"@type\":\"EntryPoint\",\"urlTemplate\":\"https:\\\/\\\/sysmatec.ch\\\/de\\\/?s={search_term_string}\"},\"query-input\":{\"@type\":\"PropertyValueSpecification\",\"valueRequired\":true,\"valueName\":\"search_term_string\"}}],\"inLanguage\":\"de\"},{\"@type\":\"Organization\",\"@id\":\"https:\\\/\\\/sysmatec.ch\\\/de\\\/#organization\",\"name\":\"Sysmatec\",\"url\":\"https:\\\/\\\/sysmatec.ch\\\/de\\\/\",\"logo\":{\"@type\":\"ImageObject\",\"inLanguage\":\"de\",\"@id\":\"https:\\\/\\\/sysmatec.ch\\\/de\\\/#\\\/schema\\\/logo\\\/image\\\/\",\"url\":\"https:\\\/\\\/sysmatec.ch\\\/wp-content\\\/uploads\\\/2018\\\/11\\\/LogoSysmatec.jpg\",\"contentUrl\":\"https:\\\/\\\/sysmatec.ch\\\/wp-content\\\/uploads\\\/2018\\\/11\\\/LogoSysmatec.jpg\",\"width\":301,\"height\":297,\"caption\":\"Sysmatec\"},\"image\":{\"@id\":\"https:\\\/\\\/sysmatec.ch\\\/de\\\/#\\\/schema\\\/logo\\\/image\\\/\"}}]}<\/script>\n<!-- \/ Yoast SEO plugin. -->","yoast_head_json":{"title":"Plattformwaage KERN SXC - Sysmatec","description":"Plattformwaage, bei der der Bildschirm von der Waage getrennt und \u00fcber ein Kabel verbunden ist, f\u00fcr einen Messbereich von 0-3 kg bis 0-300 kg.","robots":{"index":"index","follow":"follow","max-snippet":"max-snippet:-1","max-image-preview":"max-image-preview:large","max-video-preview":"max-video-preview:-1"},"canonical":"https:\/\/sysmatec.ch\/de\/Produkt\/plattformwaage-kern-sxc\/","og_locale":"de_DE","og_type":"article","og_title":"Plattformwaage KERN SXC - Sysmatec","og_description":"Plattformwaage, bei der der Bildschirm von der Waage getrennt und \u00fcber ein Kabel verbunden ist, f\u00fcr einen Messbereich von 0-3 kg bis 0-300 kg.","og_url":"https:\/\/sysmatec.ch\/de\/Produkt\/plattformwaage-kern-sxc\/","og_site_name":"Sysmatec","article_modified_time":"2026-01-18T10:11:30+00:00","og_image":[{"width":530,"height":351,"url":"https:\/\/sysmatec.ch\/wp-content\/uploads\/2026\/01\/Balance_KernSCX1.jpg","type":"image\/jpeg"}],"twitter_card":"summary_large_image","twitter_misc":{"Gesch\u00e4tzte Lesezeit":"3\u00a0Minuten"},"schema":{"@context":"https:\/\/schema.org","@graph":[{"@type":"WebPage","@id":"https:\/\/sysmatec.ch\/de\/Produkt\/plattformwaage-kern-sxc\/","url":"https:\/\/sysmatec.ch\/de\/Produkt\/plattformwaage-kern-sxc\/","name":"Plattformwaage KERN SXC - Sysmatec","isPartOf":{"@id":"https:\/\/sysmatec.ch\/de\/#website"},"primaryImageOfPage":{"@id":"https:\/\/sysmatec.ch\/de\/Produkt\/plattformwaage-kern-sxc\/#primaryimage"},"image":{"@id":"https:\/\/sysmatec.ch\/de\/Produkt\/plattformwaage-kern-sxc\/#primaryimage"},"thumbnailUrl":"https:\/\/sysmatec.ch\/wp-content\/uploads\/2026\/01\/Balance_KernSCX1.jpg","datePublished":"2026-01-18T09:28:07+00:00","dateModified":"2026-01-18T10:11:30+00:00","description":"Plattformwaage, bei der der Bildschirm von der Waage getrennt und \u00fcber ein Kabel verbunden ist, f\u00fcr einen Messbereich von 0-3 kg bis 0-300 kg.","breadcrumb":{"@id":"https:\/\/sysmatec.ch\/de\/Produkt\/plattformwaage-kern-sxc\/#breadcrumb"},"inLanguage":"de","potentialAction":[{"@type":"ReadAction","target":["https:\/\/sysmatec.ch\/de\/Produkt\/plattformwaage-kern-sxc\/"]}]},{"@type":"ImageObject","inLanguage":"de","@id":"https:\/\/sysmatec.ch\/de\/Produkt\/plattformwaage-kern-sxc\/#primaryimage","url":"https:\/\/sysmatec.ch\/wp-content\/uploads\/2026\/01\/Balance_KernSCX1.jpg","contentUrl":"https:\/\/sysmatec.ch\/wp-content\/uploads\/2026\/01\/Balance_KernSCX1.jpg","width":530,"height":351},{"@type":"BreadcrumbList","@id":"https:\/\/sysmatec.ch\/de\/Produkt\/plattformwaage-kern-sxc\/#breadcrumb","itemListElement":[{"@type":"ListItem","position":1,"name":"Accueil","item":"https:\/\/sysmatec.ch\/de\/"},{"@type":"ListItem","position":2,"name":"Die Aktivit\u00e4t von Sysmatec","item":"https:\/\/sysmatec.ch\/de\/"},{"@type":"ListItem","position":3,"name":"Plattformwaage KERN SXC"}]},{"@type":"WebSite","@id":"https:\/\/sysmatec.ch\/de\/#website","url":"https:\/\/sysmatec.ch\/de\/","name":"Sysmatec","description":"Equipement de laboratoire et logiciels","publisher":{"@id":"https:\/\/sysmatec.ch\/de\/#organization"},"potentialAction":[{"@type":"SearchAction","target":{"@type":"EntryPoint","urlTemplate":"https:\/\/sysmatec.ch\/de\/?s={search_term_string}"},"query-input":{"@type":"PropertyValueSpecification","valueRequired":true,"valueName":"search_term_string"}}],"inLanguage":"de"},{"@type":"Organization","@id":"https:\/\/sysmatec.ch\/de\/#organization","name":"Sysmatec","url":"https:\/\/sysmatec.ch\/de\/","logo":{"@type":"ImageObject","inLanguage":"de","@id":"https:\/\/sysmatec.ch\/de\/#\/schema\/logo\/image\/","url":"https:\/\/sysmatec.ch\/wp-content\/uploads\/2018\/11\/LogoSysmatec.jpg","contentUrl":"https:\/\/sysmatec.ch\/wp-content\/uploads\/2018\/11\/LogoSysmatec.jpg","width":301,"height":297,"caption":"Sysmatec"},"image":{"@id":"https:\/\/sysmatec.ch\/de\/#\/schema\/logo\/image\/"}}]}},"_links":{"self":[{"href":"https:\/\/sysmatec.ch\/de\/wp-json\/wp\/v2\/product\/31493","targetHints":{"allow":["GET"]}}],"collection":[{"href":"https:\/\/sysmatec.ch\/de\/wp-json\/wp\/v2\/product"}],"about":[{"href":"https:\/\/sysmatec.ch\/de\/wp-json\/wp\/v2\/types\/product"}],"wp:featuredmedia":[{"embeddable":true,"href":"https:\/\/sysmatec.ch\/de\/wp-json\/wp\/v2\/media\/31498"}],"wp:attachment":[{"href":"https:\/\/sysmatec.ch\/de\/wp-json\/wp\/v2\/media?parent=31493"}],"wp:term":[{"taxonomy":"product_brand","embeddable":true,"href":"https:\/\/sysmatec.ch\/de\/wp-json\/wp\/v2\/product_brand?post=31493"},{"taxonomy":"product_cat","embeddable":true,"href":"https:\/\/sysmatec.ch\/de\/wp-json\/wp\/v2\/product_cat?post=31493"},{"taxonomy":"product_tag","embeddable":true,"href":"https:\/\/sysmatec.ch\/de\/wp-json\/wp\/v2\/product_tag?post=31493"}],"curies":[{"name":"wp","href":"https:\/\/api.w.org\/{rel}","templated":true}]}}