{"id":31453,"date":"2026-01-18T09:41:43","date_gmt":"2026-01-18T08:41:43","guid":{"rendered":"https:\/\/sysmatec.ch\/?post_type=product&#038;p=31453"},"modified":"2026-01-18T10:25:24","modified_gmt":"2026-01-18T09:25:24","slug":"plattformwaage-kern-ifc","status":"publish","type":"product","link":"https:\/\/sysmatec.ch\/de\/Produkt\/plattformwaage-kern-ifc\/","title":{"rendered":"Plattformwaage KERN IFC"},"content":{"rendered":"<ul>\n<li>Robuste Industriewaage mit bis zu drei Schnittstellen (Wifi, Bluetooth, LAN,&#8230;), optional mit Eichung.<\/li>\n<li>Industrie 4.0: Durch den KERN Universal Port (KUP) kann der Austausch von Daten und Steuerbefehlen \u00fcber eine Schnittstelle, anschlie\u00dfbar am Geh\u00e4use, erfolgen oder via KUP Extension-Box \u00fcber drei Schnittstellen parallel. Wahlweise stehen folgende Schnittstellen zu Verf\u00fcgung: RS-232, USB, Ethernet, WLAN, Bluetooth<\/li>\n<li>Jede Schnittstelle kann separat eingestellt werden, z. B.:<br \/>\n&#8211; Schnittstelle 1 (WLAN): Kontinuierliches Senden an einen PC zur Dokumentation eines Prozesses<br \/>\n&#8211; Schnittstelle 2 (RS-232): Stabilen W\u00e4gewert drucken<br \/>\n&#8211; Schnittstelle 3 (Analogmodul): Steuern einer Vorrichtung bei Erreichen des Zielgewichts<\/li>\n<li>Mit serienm\u00e4\u00dfiger Real Time Clock: Erm\u00f6glicht es, W\u00e4geergebnisse mit genauer Zeitangabe zu protokollieren. Selbst nach unterbrochener Stromversorgung kann die Waage mit der korrekten Zeit weiterarbeiten<\/li>\n<li>Optional mit\u00a0Alibispeicher\u00a0zur papierlosen Archivierung der W\u00e4geergebnisse. Damit lassen sich auch die Ergebnisse eichpflichtiger W\u00e4gungen vorschriftsgem\u00e4\u00df elektronisch auswerten und weiterverarbeiten<\/li>\n<li>Abfrage und Fernsteuerung der Waage \u00fcber Computer oder CRM-\/ERP-Systeme mittels KERN Communication Protocol<\/li>\n<li>Vereinfachter Akku-Wechsel durch leicht zug\u00e4ngliches Geh\u00e4use. Besonders vorteilhaft bei Modellen mit optionaler\u00a0Eichung, da das Eichsiegel intakt bleibt<\/li>\n<li>Plattform: W\u00e4geplatte Edelstahl, Unterbau Stahl lackiert, silikonbeschichtete Aluminium-W\u00e4gezelle mit Staub- und Spritzwasserschutz IP65<\/li>\n<li>Tischfu\u00df inklusive Wandhalterung f\u00fcr das Auswerteger\u00e4t serienm\u00e4\u00dfig<\/li>\n<li>Arbeitsschutzhaube im Lieferumfang enthalten<\/li>\n<\/ul>\n<table border=\"1\" width=\"486\" cellspacing=\"0\" cellpadding=\"2\">\n<tbody>\n<tr>\n<td>Modell<\/td>\n<td width=\"10%\">Ablesbarkeit<\/td>\n<td width=\"10%\">W\u00e4gebereich<\/td>\n<td width=\"10%\">Platte<\/td>\n<\/tr>\n<tr>\n<td><\/td>\n<td width=\"10%\">g<\/td>\n<td width=\"10%\">kg<\/td>\n<td width=\"10%\">mm<\/td>\n<\/tr>\n<tr>\n<td>IFC 3K-4<\/td>\n<td width=\"10%\">0.1<\/td>\n<td width=\"10%\">3<\/td>\n<td width=\"10%\">\u00a0230\u00d7230<\/td>\n<\/tr>\n<tr>\n<td>IFC 6K-4S<\/td>\n<td width=\"10%\">0.2<\/td>\n<td width=\"10%\">6<\/td>\n<td width=\"10%\">230\u00d7230<\/td>\n<\/tr>\n<tr>\n<td>IFC 6K-4<\/td>\n<td width=\"10%\">0.2<\/td>\n<td width=\"10%\">6<\/td>\n<td width=\"10%\">300\u00d7240<\/td>\n<\/tr>\n<tr>\n<td>IFC 10K-4<\/td>\n<td width=\"10%\">0.5<\/td>\n<td width=\"10%\">15<\/td>\n<td width=\"10%\">300&#215;240<\/td>\n<\/tr>\n<tr>\n<td>IFC 10K-4L<\/td>\n<td width=\"10%\">0.5<\/td>\n<td width=\"10%\">15<\/td>\n<td width=\"10%\">400\u00d7300<\/td>\n<\/tr>\n<tr>\n<td>IFC 30K-3<\/td>\n<td width=\"10%\">1<\/td>\n<td width=\"10%\">30<\/td>\n<td width=\"10%\">400\u00d7300<\/td>\n<\/tr>\n<tr>\n<td>IFC 60K-3<\/td>\n<td width=\"10%\">2<\/td>\n<td width=\"10%\">60<\/td>\n<td width=\"10%\">400&#215;300<\/td>\n<\/tr>\n<tr>\n<td>IFC 60K-3L<\/td>\n<td width=\"10%\">2<\/td>\n<td width=\"10%\">60<\/td>\n<td width=\"10%\">500\u00d7400<\/td>\n<\/tr>\n<tr>\n<td>IFC 150K-3<\/td>\n<td width=\"10%\">5<\/td>\n<td width=\"10%\">150<\/td>\n<td width=\"10%\">500&#215;400<\/td>\n<\/tr>\n<tr>\n<td>IFC 150K-3L<\/td>\n<td width=\"10%\">5<\/td>\n<td width=\"10%\">150<\/td>\n<td width=\"10%\">650\u00d7500<\/td>\n<\/tr>\n<tr>\n<td>IFC 300K-2<\/td>\n<td width=\"10%\">10<\/td>\n<td width=\"10%\">300<\/td>\n<td width=\"10%\">650\u00d7500<\/td>\n<\/tr>\n<tr>\n<td>IFC 600K-2<\/td>\n<td width=\"10%\">20<\/td>\n<td width=\"10%\">600<\/td>\n<td width=\"10%\">800\u00d7600<\/td>\n<\/tr>\n<tr>\n<td>IFC 6K1DSM<\/td>\n<td width=\"10%\">1\/2<\/td>\n<td width=\"10%\">3\/6<\/td>\n<td width=\"10%\">230\u00d7230<\/td>\n<\/tr>\n<tr>\n<td>IFC 6K1DM<\/td>\n<td width=\"10%\">1\/2<\/td>\n<td width=\"10%\">3\/6<\/td>\n<td width=\"10%\">300\u00d7240<\/td>\n<\/tr>\n<tr>\n<td>IFC 15K2DM<\/td>\n<td width=\"10%\">2\/5<\/td>\n<td width=\"10%\">6\/15<\/td>\n<td width=\"10%\">300\u00d7240<\/td>\n<\/tr>\n<tr>\n<td>IFC 15K2DLM<\/td>\n<td width=\"10%\">2\/5<\/td>\n<td width=\"10%\">6\/15<\/td>\n<td width=\"10%\">400\u00d7300<\/td>\n<\/tr>\n<tr>\n<td>IFC 30K5DM<\/td>\n<td width=\"10%\">5\/10<\/td>\n<td width=\"10%\">15\/30<\/td>\n<td width=\"10%\">400\u00d7300<\/td>\n<\/tr>\n<tr>\n<td>IFC 60K10DM<\/td>\n<td width=\"10%\">10\/20<\/td>\n<td width=\"10%\">30\/60<\/td>\n<td width=\"10%\">400\u00d7300<\/td>\n<\/tr>\n<tr>\n<td>IFC 60K10DLM<\/td>\n<td width=\"10%\">10\/20<\/td>\n<td width=\"10%\">30\/60<\/td>\n<td width=\"10%\">500\u00d7400<\/td>\n<\/tr>\n<tr>\n<td>IFC 150K20DM<\/td>\n<td width=\"10%\">20\/50<\/td>\n<td width=\"10%\">60\/150<\/td>\n<td width=\"10%\">500\u00d7400<\/td>\n<\/tr>\n<tr>\n<td>IFC 150K20DLM<\/td>\n<td width=\"10%\">20\/50<\/td>\n<td width=\"10%\">60\/150<\/td>\n<td width=\"10%\">650\u00d7500<\/td>\n<\/tr>\n<tr>\n<td>IFC 300K50DM<\/td>\n<td width=\"10%\">50\/100<\/td>\n<td width=\"10%\">150\/300<\/td>\n<td width=\"10%\">650\u00d7500<\/td>\n<\/tr>\n<tr>\n<td>IFC 600K100DM<\/td>\n<td width=\"10%\">100\/200<\/td>\n<td width=\"10%\">300\/600<\/td>\n<td width=\"10%\">\u00a0800\u00d7600<\/td>\n<\/tr>\n<\/tbody>\n<\/table>\n<p>IFC-M: Dualer Messbereich und optional mit Eichung<\/p>\n<p>F\u00fcr eichpflichtige Anwendung\u00a0Eichung\u00a0(Konformit\u00e4tsbewertung\u00a0nach NAWI 2014\/31\/EU) bitte gleich mitbestellen, eine nachtr\u00e4gliche Ersteichung ist nicht m\u00f6glich. F\u00fcr die\u00a0Eichung\u00a0ben\u00f6tigen wir die vollst\u00e4ndige Adresse des Aufstellungsortes<\/p>\n<p>Der gleichzeitige Anschluss von bis zu drei optionalen Schnittstellen ist nur mit der Extension-Box KUP-A13 m\u00f6glich. Ohne Box kann immer nur eine optionale Schnittstelle genutzt werden.<\/p>\n<p>Eine geeichte Waage, die Messwerte mittels Schnittstelle an externe Ger\u00e4te \u00fcbermittelt, ben\u00f6tigt zwingend einen\u00a0Alibispeicher\u00a0YMM-04. Eine nachtr\u00e4gliche Aufr\u00fcstung ist nicht m\u00f6glich.<\/p>\n","protected":false},"excerpt":{"rendered":"<p>Plattformwaage 0-3 kg bis 0-600 kg, optional mit Eichung<\/p>\n","protected":false},"featured_media":31487,"template":"","meta":{"_crdt_document":""},"product_brand":[],"product_cat":[165,339],"product_tag":[],"class_list":{"0":"post-31453","1":"product","2":"type-product","3":"status-publish","4":"has-post-thumbnail","6":"product_cat-gewicht","7":"product_cat-plattform","9":"first","10":"instock","11":"taxable","12":"shipping-taxable","13":"product-type-simple"},"yoast_head":"<!-- This site is optimized with the Yoast SEO plugin v27.5 - https:\/\/yoast.com\/product\/yoast-seo-wordpress\/ -->\n<title>Plattformwaage KERN IFC - Sysmatec<\/title>\n<meta name=\"description\" content=\"Plattformwaage, bei der der Bildschirm von der Waage getrennt und \u00fcber ein Kabel verbunden ist, f\u00fcr einen Messbereich von 0-3 kg bis 0-600 kg.\" \/>\n<meta name=\"robots\" content=\"index, follow, max-snippet:-1, max-image-preview:large, max-video-preview:-1\" \/>\n<link rel=\"canonical\" href=\"https:\/\/sysmatec.ch\/de\/Produkt\/plattformwaage-kern-ifc\/\" \/>\n<meta property=\"og:locale\" content=\"de_DE\" \/>\n<meta property=\"og:type\" content=\"article\" \/>\n<meta property=\"og:title\" content=\"Plattformwaage KERN IFC - Sysmatec\" \/>\n<meta property=\"og:description\" content=\"Plattformwaage, bei der der Bildschirm von der Waage getrennt und \u00fcber ein Kabel verbunden ist, f\u00fcr einen Messbereich von 0-3 kg bis 0-600 kg.\" \/>\n<meta property=\"og:url\" content=\"https:\/\/sysmatec.ch\/de\/Produkt\/plattformwaage-kern-ifc\/\" \/>\n<meta property=\"og:site_name\" content=\"Sysmatec\" \/>\n<meta property=\"article:modified_time\" content=\"2026-01-18T09:25:24+00:00\" \/>\n<meta property=\"og:image\" content=\"https:\/\/sysmatec.ch\/wp-content\/uploads\/2026\/01\/Balance_KernIFC1.jpg\" \/>\n\t<meta property=\"og:image:width\" content=\"544\" \/>\n\t<meta property=\"og:image:height\" content=\"441\" \/>\n\t<meta property=\"og:image:type\" content=\"image\/jpeg\" \/>\n<meta name=\"twitter:card\" content=\"summary_large_image\" \/>\n<meta name=\"twitter:label1\" content=\"Gesch\u00e4tzte Lesezeit\" \/>\n\t<meta name=\"twitter:data1\" content=\"3\u00a0Minuten\" \/>\n<script type=\"application\/ld+json\" class=\"yoast-schema-graph\">{\"@context\":\"https:\\\/\\\/schema.org\",\"@graph\":[{\"@type\":\"WebPage\",\"@id\":\"https:\\\/\\\/sysmatec.ch\\\/de\\\/Produkt\\\/plattformwaage-kern-ifc\\\/\",\"url\":\"https:\\\/\\\/sysmatec.ch\\\/de\\\/Produkt\\\/plattformwaage-kern-ifc\\\/\",\"name\":\"Plattformwaage KERN IFC - Sysmatec\",\"isPartOf\":{\"@id\":\"https:\\\/\\\/sysmatec.ch\\\/de\\\/#website\"},\"primaryImageOfPage\":{\"@id\":\"https:\\\/\\\/sysmatec.ch\\\/de\\\/Produkt\\\/plattformwaage-kern-ifc\\\/#primaryimage\"},\"image\":{\"@id\":\"https:\\\/\\\/sysmatec.ch\\\/de\\\/Produkt\\\/plattformwaage-kern-ifc\\\/#primaryimage\"},\"thumbnailUrl\":\"https:\\\/\\\/sysmatec.ch\\\/wp-content\\\/uploads\\\/2026\\\/01\\\/Balance_KernIFC1.jpg\",\"datePublished\":\"2026-01-18T08:41:43+00:00\",\"dateModified\":\"2026-01-18T09:25:24+00:00\",\"description\":\"Plattformwaage, bei der der Bildschirm von der Waage getrennt und \u00fcber ein Kabel verbunden ist, f\u00fcr einen Messbereich von 0-3 kg bis 0-600 kg.\",\"breadcrumb\":{\"@id\":\"https:\\\/\\\/sysmatec.ch\\\/de\\\/Produkt\\\/plattformwaage-kern-ifc\\\/#breadcrumb\"},\"inLanguage\":\"de\",\"potentialAction\":[{\"@type\":\"ReadAction\",\"target\":[\"https:\\\/\\\/sysmatec.ch\\\/de\\\/Produkt\\\/plattformwaage-kern-ifc\\\/\"]}]},{\"@type\":\"ImageObject\",\"inLanguage\":\"de\",\"@id\":\"https:\\\/\\\/sysmatec.ch\\\/de\\\/Produkt\\\/plattformwaage-kern-ifc\\\/#primaryimage\",\"url\":\"https:\\\/\\\/sysmatec.ch\\\/wp-content\\\/uploads\\\/2026\\\/01\\\/Balance_KernIFC1.jpg\",\"contentUrl\":\"https:\\\/\\\/sysmatec.ch\\\/wp-content\\\/uploads\\\/2026\\\/01\\\/Balance_KernIFC1.jpg\",\"width\":544,\"height\":441},{\"@type\":\"BreadcrumbList\",\"@id\":\"https:\\\/\\\/sysmatec.ch\\\/de\\\/Produkt\\\/plattformwaage-kern-ifc\\\/#breadcrumb\",\"itemListElement\":[{\"@type\":\"ListItem\",\"position\":1,\"name\":\"Accueil\",\"item\":\"https:\\\/\\\/sysmatec.ch\\\/de\\\/\"},{\"@type\":\"ListItem\",\"position\":2,\"name\":\"Die Aktivit\u00e4t von Sysmatec\",\"item\":\"https:\\\/\\\/sysmatec.ch\\\/de\\\/\"},{\"@type\":\"ListItem\",\"position\":3,\"name\":\"Plattformwaage KERN IFC\"}]},{\"@type\":\"WebSite\",\"@id\":\"https:\\\/\\\/sysmatec.ch\\\/de\\\/#website\",\"url\":\"https:\\\/\\\/sysmatec.ch\\\/de\\\/\",\"name\":\"Sysmatec\",\"description\":\"Equipement de laboratoire et logiciels\",\"publisher\":{\"@id\":\"https:\\\/\\\/sysmatec.ch\\\/de\\\/#organization\"},\"potentialAction\":[{\"@type\":\"SearchAction\",\"target\":{\"@type\":\"EntryPoint\",\"urlTemplate\":\"https:\\\/\\\/sysmatec.ch\\\/de\\\/?s={search_term_string}\"},\"query-input\":{\"@type\":\"PropertyValueSpecification\",\"valueRequired\":true,\"valueName\":\"search_term_string\"}}],\"inLanguage\":\"de\"},{\"@type\":\"Organization\",\"@id\":\"https:\\\/\\\/sysmatec.ch\\\/de\\\/#organization\",\"name\":\"Sysmatec\",\"url\":\"https:\\\/\\\/sysmatec.ch\\\/de\\\/\",\"logo\":{\"@type\":\"ImageObject\",\"inLanguage\":\"de\",\"@id\":\"https:\\\/\\\/sysmatec.ch\\\/de\\\/#\\\/schema\\\/logo\\\/image\\\/\",\"url\":\"https:\\\/\\\/sysmatec.ch\\\/wp-content\\\/uploads\\\/2018\\\/11\\\/LogoSysmatec.jpg\",\"contentUrl\":\"https:\\\/\\\/sysmatec.ch\\\/wp-content\\\/uploads\\\/2018\\\/11\\\/LogoSysmatec.jpg\",\"width\":301,\"height\":297,\"caption\":\"Sysmatec\"},\"image\":{\"@id\":\"https:\\\/\\\/sysmatec.ch\\\/de\\\/#\\\/schema\\\/logo\\\/image\\\/\"}}]}<\/script>\n<!-- \/ Yoast SEO plugin. -->","yoast_head_json":{"title":"Plattformwaage KERN IFC - Sysmatec","description":"Plattformwaage, bei der der Bildschirm von der Waage getrennt und \u00fcber ein Kabel verbunden ist, f\u00fcr einen Messbereich von 0-3 kg bis 0-600 kg.","robots":{"index":"index","follow":"follow","max-snippet":"max-snippet:-1","max-image-preview":"max-image-preview:large","max-video-preview":"max-video-preview:-1"},"canonical":"https:\/\/sysmatec.ch\/de\/Produkt\/plattformwaage-kern-ifc\/","og_locale":"de_DE","og_type":"article","og_title":"Plattformwaage KERN IFC - Sysmatec","og_description":"Plattformwaage, bei der der Bildschirm von der Waage getrennt und \u00fcber ein Kabel verbunden ist, f\u00fcr einen Messbereich von 0-3 kg bis 0-600 kg.","og_url":"https:\/\/sysmatec.ch\/de\/Produkt\/plattformwaage-kern-ifc\/","og_site_name":"Sysmatec","article_modified_time":"2026-01-18T09:25:24+00:00","og_image":[{"width":544,"height":441,"url":"https:\/\/sysmatec.ch\/wp-content\/uploads\/2026\/01\/Balance_KernIFC1.jpg","type":"image\/jpeg"}],"twitter_card":"summary_large_image","twitter_misc":{"Gesch\u00e4tzte Lesezeit":"3\u00a0Minuten"},"schema":{"@context":"https:\/\/schema.org","@graph":[{"@type":"WebPage","@id":"https:\/\/sysmatec.ch\/de\/Produkt\/plattformwaage-kern-ifc\/","url":"https:\/\/sysmatec.ch\/de\/Produkt\/plattformwaage-kern-ifc\/","name":"Plattformwaage KERN IFC - Sysmatec","isPartOf":{"@id":"https:\/\/sysmatec.ch\/de\/#website"},"primaryImageOfPage":{"@id":"https:\/\/sysmatec.ch\/de\/Produkt\/plattformwaage-kern-ifc\/#primaryimage"},"image":{"@id":"https:\/\/sysmatec.ch\/de\/Produkt\/plattformwaage-kern-ifc\/#primaryimage"},"thumbnailUrl":"https:\/\/sysmatec.ch\/wp-content\/uploads\/2026\/01\/Balance_KernIFC1.jpg","datePublished":"2026-01-18T08:41:43+00:00","dateModified":"2026-01-18T09:25:24+00:00","description":"Plattformwaage, bei der der Bildschirm von der Waage getrennt und \u00fcber ein Kabel verbunden ist, f\u00fcr einen Messbereich von 0-3 kg bis 0-600 kg.","breadcrumb":{"@id":"https:\/\/sysmatec.ch\/de\/Produkt\/plattformwaage-kern-ifc\/#breadcrumb"},"inLanguage":"de","potentialAction":[{"@type":"ReadAction","target":["https:\/\/sysmatec.ch\/de\/Produkt\/plattformwaage-kern-ifc\/"]}]},{"@type":"ImageObject","inLanguage":"de","@id":"https:\/\/sysmatec.ch\/de\/Produkt\/plattformwaage-kern-ifc\/#primaryimage","url":"https:\/\/sysmatec.ch\/wp-content\/uploads\/2026\/01\/Balance_KernIFC1.jpg","contentUrl":"https:\/\/sysmatec.ch\/wp-content\/uploads\/2026\/01\/Balance_KernIFC1.jpg","width":544,"height":441},{"@type":"BreadcrumbList","@id":"https:\/\/sysmatec.ch\/de\/Produkt\/plattformwaage-kern-ifc\/#breadcrumb","itemListElement":[{"@type":"ListItem","position":1,"name":"Accueil","item":"https:\/\/sysmatec.ch\/de\/"},{"@type":"ListItem","position":2,"name":"Die Aktivit\u00e4t von Sysmatec","item":"https:\/\/sysmatec.ch\/de\/"},{"@type":"ListItem","position":3,"name":"Plattformwaage KERN IFC"}]},{"@type":"WebSite","@id":"https:\/\/sysmatec.ch\/de\/#website","url":"https:\/\/sysmatec.ch\/de\/","name":"Sysmatec","description":"Equipement de laboratoire et logiciels","publisher":{"@id":"https:\/\/sysmatec.ch\/de\/#organization"},"potentialAction":[{"@type":"SearchAction","target":{"@type":"EntryPoint","urlTemplate":"https:\/\/sysmatec.ch\/de\/?s={search_term_string}"},"query-input":{"@type":"PropertyValueSpecification","valueRequired":true,"valueName":"search_term_string"}}],"inLanguage":"de"},{"@type":"Organization","@id":"https:\/\/sysmatec.ch\/de\/#organization","name":"Sysmatec","url":"https:\/\/sysmatec.ch\/de\/","logo":{"@type":"ImageObject","inLanguage":"de","@id":"https:\/\/sysmatec.ch\/de\/#\/schema\/logo\/image\/","url":"https:\/\/sysmatec.ch\/wp-content\/uploads\/2018\/11\/LogoSysmatec.jpg","contentUrl":"https:\/\/sysmatec.ch\/wp-content\/uploads\/2018\/11\/LogoSysmatec.jpg","width":301,"height":297,"caption":"Sysmatec"},"image":{"@id":"https:\/\/sysmatec.ch\/de\/#\/schema\/logo\/image\/"}}]}},"_links":{"self":[{"href":"https:\/\/sysmatec.ch\/de\/wp-json\/wp\/v2\/product\/31453","targetHints":{"allow":["GET"]}}],"collection":[{"href":"https:\/\/sysmatec.ch\/de\/wp-json\/wp\/v2\/product"}],"about":[{"href":"https:\/\/sysmatec.ch\/de\/wp-json\/wp\/v2\/types\/product"}],"wp:featuredmedia":[{"embeddable":true,"href":"https:\/\/sysmatec.ch\/de\/wp-json\/wp\/v2\/media\/31487"}],"wp:attachment":[{"href":"https:\/\/sysmatec.ch\/de\/wp-json\/wp\/v2\/media?parent=31453"}],"wp:term":[{"taxonomy":"product_brand","embeddable":true,"href":"https:\/\/sysmatec.ch\/de\/wp-json\/wp\/v2\/product_brand?post=31453"},{"taxonomy":"product_cat","embeddable":true,"href":"https:\/\/sysmatec.ch\/de\/wp-json\/wp\/v2\/product_cat?post=31453"},{"taxonomy":"product_tag","embeddable":true,"href":"https:\/\/sysmatec.ch\/de\/wp-json\/wp\/v2\/product_tag?post=31453"}],"curies":[{"name":"wp","href":"https:\/\/api.w.org\/{rel}","templated":true}]}}