{"id":3142,"date":"2019-02-16T20:15:34","date_gmt":"2019-02-16T19:15:34","guid":{"rendered":"https:\/\/sysmatec.ch\/produit\/balance-ex-radwag-wtc\/"},"modified":"2024-02-22T18:44:19","modified_gmt":"2024-02-22T17:44:19","slug":"waage-atex-hx5-ex","status":"publish","type":"product","link":"https:\/\/sysmatec.ch\/de\/Produkt\/waage-atex-hx5-ex\/","title":{"rendered":"Waage ATEX HX5.EX"},"content":{"rendered":"<p>Die Waagen der HX5.EX-Serie k\u00f6nnen zum W\u00e4gen in den Gefahrenbereichen 1\/21 und 2\/22 verwendet werden.<\/p>\n<p>Zwei sequentielle eigensichere RS232-Kommunikationsschnittstellen und 1 RS 485-Schnittstelle. Die Schnittstellen erm\u00f6glichen die Zusammenarbeit mit Zubeh\u00f6r, das f\u00fcr den Einsatz in explosionsgef\u00e4hrdeten Bereichen ausgelegt ist.<\/p>\n<p>Es besteht die M\u00f6glichkeit, das Zusatzmodul IM01.EX zu nutzen, das au\u00dferhalb des explosionsgef\u00e4hrdeten Bereichs installiert wird. Das Modul IM01.EX erh\u00f6ht die Anzahl der zug\u00e4nglichen Schnittstellen: Ethernet, USB, 4-20mA\/0-10V Analogausg\u00e4nge, Profibus DP und zus\u00e4tzliche digitale Ein-\/Ausg\u00e4nge.<\/p>\n<p>Das Netzteil PM01.EX f\u00fcr die Waage kann in einem explosionsgef\u00e4hrdeten Bereich platziert werden<\/p>\n<h2>Technische Parameter<\/h2>\n<ul>\n<li>Schutzart: IP 65-Konstruktion, IP 66\/68-Terminal<\/li>\n<li>Tablettmaterial: Edelstahl AISI304<\/li>\n<li>Betriebstemperatur: -10\u00b0 bis +40\u00b0C<\/li>\n<li>ATEX-Zertifizierung: II 2G Ex ib IIB T4 Gb<\/li>\n<li>Relative Luftfeuchtigkeit: 10 % \u2013 85 % relative Luftfeuchtigkeit ohne Kondensation<\/li>\n<li>Konstruktion IP 65, Display IP 66\/67<\/li>\n<li>Kommunikationsschnittstelle: 2\u00d7RS232, RS485<\/li>\n<li>Stromversorgung: 100 \u2013 240 V AC 50\/60 Hz<\/li>\n<\/ul>\n<table border=\"1\" width=\"583\" cellspacing=\"0\" cellpadding=\"2\">\n<tbody>\n<tr>\n<td>Modell<\/td>\n<td width=\"10%\">Aufl\u00f6sung<\/td>\n<td width=\"10%\">W\u00e4gebereich<\/td>\n<td width=\"10%\">Platte<\/td>\n<\/tr>\n<tr>\n<td><\/td>\n<td width=\"10%\">g<\/td>\n<td width=\"10%\">kg<\/td>\n<td width=\"10%\">mm<\/td>\n<\/tr>\n<tr>\n<td>HX5.EX-1.1,5.F1<\/td>\n<td width=\"10%\">0.5<\/td>\n<td width=\"10%\">1.5<\/td>\n<td width=\"10%\">300&#215;300<\/td>\n<\/tr>\n<tr>\n<td>HX5.EX-1.3.F1<\/td>\n<td width=\"10%\">1<\/td>\n<td width=\"10%\">3<\/td>\n<td width=\"10%\">300&#215;300<\/td>\n<\/tr>\n<tr>\n<td>HX5.EX-1.6.F1<\/td>\n<td width=\"10%\">2<\/td>\n<td width=\"10%\">6<\/td>\n<td width=\"10%\">300&#215;300<\/td>\n<\/tr>\n<tr>\n<td>HX5.EX-1.15.C2<\/td>\n<td width=\"10%\">5<\/td>\n<td width=\"10%\">15<\/td>\n<td width=\"10%\">500&#215;400<\/td>\n<\/tr>\n<tr>\n<td>HX5.EX-1.15.C3<\/td>\n<td width=\"10%\">5<\/td>\n<td width=\"10%\">15<\/td>\n<td width=\"10%\">700&#215;500<\/td>\n<\/tr>\n<tr>\n<td>HX5.EX-1.15.F1<\/td>\n<td width=\"10%\">5<\/td>\n<td width=\"10%\">15<\/td>\n<td width=\"10%\">300&#215;300<\/td>\n<\/tr>\n<tr>\n<td>HX5.EX-1.30.F1<\/td>\n<td width=\"10%\">10<\/td>\n<td width=\"10%\">30<\/td>\n<td width=\"10%\">300&#215;300<\/td>\n<\/tr>\n<tr>\n<td>HX5.EX-1.30.C3<\/td>\n<td width=\"10%\">10<\/td>\n<td width=\"10%\">30<\/td>\n<td width=\"10%\">700&#215;500<\/td>\n<\/tr>\n<tr>\n<td>HX5.EX-1.30.C2<\/td>\n<td width=\"10%\">10<\/td>\n<td width=\"10%\">30<\/td>\n<td width=\"10%\">500&#215;400<\/td>\n<\/tr>\n<tr>\n<td>HX5.EX-1.60.C2<\/p>\n<p>HX5.EX-1.60.C3<\/p>\n<p>HX5.EX-1.150.C2<\/p>\n<p>HX5.EX-1.150.C3<\/p>\n<p>HX5.EX-1.300.C2<\/p>\n<p>HX5.EX-1.300.C3<\/td>\n<td width=\"10%\">20<\/p>\n<p>20<\/p>\n<p>50<\/p>\n<p>50<\/p>\n<p>100<\/p>\n<p>100<\/td>\n<td width=\"10%\">60<\/p>\n<p>60<\/p>\n<p>150<\/p>\n<p>150<\/p>\n<p>300<\/p>\n<p>300<\/td>\n<td width=\"10%\">500&#215;400<\/p>\n<p>700&#215;500<\/p>\n<p>500&#215;400<\/p>\n<p>700&#215;500<\/p>\n<p>500&#215;400<\/p>\n<p>700&#215;500<\/td>\n<\/tr>\n<\/tbody>\n<\/table>\n","protected":false},"excerpt":{"rendered":"<p>ATEX-Industriewaage<\/p>\n","protected":false},"featured_media":29021,"template":"","meta":{"_crdt_document":""},"product_brand":[],"product_cat":[165,337],"product_tag":[],"class_list":{"0":"post-3142","1":"product","2":"type-product","3":"status-publish","4":"has-post-thumbnail","6":"product_cat-gewicht","7":"product_cat-industriell-ex","9":"first","10":"instock","11":"taxable","12":"shipping-taxable","13":"product-type-simple"},"yoast_head":"<!-- This site is optimized with the Yoast SEO plugin v27.3 - https:\/\/yoast.com\/product\/yoast-seo-wordpress\/ -->\n<title>Waage ATEX HX5.EX - Sysmatec<\/title>\n<meta name=\"description\" content=\"ATEX-Plattformwaage. Verf\u00fcgbare Bereiche von 0 \u2013 6 kg bis 0 \u2013 300 kg. Kompatibilit\u00e4t mit dem ATEX II 2G Ex ib IIB T4 Gb Standard.\" \/>\n<meta name=\"robots\" content=\"index, follow, max-snippet:-1, max-image-preview:large, max-video-preview:-1\" \/>\n<link rel=\"canonical\" href=\"https:\/\/sysmatec.ch\/de\/Produkt\/waage-atex-hx5-ex\/\" \/>\n<meta property=\"og:locale\" content=\"de_DE\" \/>\n<meta property=\"og:type\" content=\"article\" \/>\n<meta property=\"og:title\" content=\"Waage ATEX HX5.EX - Sysmatec\" \/>\n<meta property=\"og:description\" content=\"ATEX-Plattformwaage. Verf\u00fcgbare Bereiche von 0 \u2013 6 kg bis 0 \u2013 300 kg. Kompatibilit\u00e4t mit dem ATEX II 2G Ex ib IIB T4 Gb Standard.\" \/>\n<meta property=\"og:url\" content=\"https:\/\/sysmatec.ch\/de\/Produkt\/waage-atex-hx5-ex\/\" \/>\n<meta property=\"og:site_name\" content=\"Sysmatec\" \/>\n<meta property=\"article:modified_time\" content=\"2024-02-22T17:44:19+00:00\" \/>\n<meta property=\"og:image\" content=\"https:\/\/sysmatec.ch\/wp-content\/uploads\/2019\/02\/BalanceATEXHX5_Radwag.jpg\" \/>\n\t<meta property=\"og:image:width\" content=\"800\" \/>\n\t<meta property=\"og:image:height\" content=\"800\" \/>\n\t<meta property=\"og:image:type\" content=\"image\/jpeg\" \/>\n<meta name=\"twitter:card\" content=\"summary_large_image\" \/>\n<meta name=\"twitter:label1\" content=\"Gesch\u00e4tzte Lesezeit\" \/>\n\t<meta name=\"twitter:data1\" content=\"2\u00a0Minuten\" \/>\n<script type=\"application\/ld+json\" class=\"yoast-schema-graph\">{\"@context\":\"https:\\\/\\\/schema.org\",\"@graph\":[{\"@type\":\"WebPage\",\"@id\":\"https:\\\/\\\/sysmatec.ch\\\/de\\\/Produkt\\\/waage-atex-hx5-ex\\\/\",\"url\":\"https:\\\/\\\/sysmatec.ch\\\/de\\\/Produkt\\\/waage-atex-hx5-ex\\\/\",\"name\":\"Waage ATEX HX5.EX - Sysmatec\",\"isPartOf\":{\"@id\":\"https:\\\/\\\/sysmatec.ch\\\/de\\\/#website\"},\"primaryImageOfPage\":{\"@id\":\"https:\\\/\\\/sysmatec.ch\\\/de\\\/Produkt\\\/waage-atex-hx5-ex\\\/#primaryimage\"},\"image\":{\"@id\":\"https:\\\/\\\/sysmatec.ch\\\/de\\\/Produkt\\\/waage-atex-hx5-ex\\\/#primaryimage\"},\"thumbnailUrl\":\"https:\\\/\\\/sysmatec.ch\\\/wp-content\\\/uploads\\\/2019\\\/02\\\/BalanceATEXHX5_Radwag.jpg\",\"datePublished\":\"2019-02-16T19:15:34+00:00\",\"dateModified\":\"2024-02-22T17:44:19+00:00\",\"description\":\"ATEX-Plattformwaage. Verf\u00fcgbare Bereiche von 0 \u2013 6 kg bis 0 \u2013 300 kg. Kompatibilit\u00e4t mit dem ATEX II 2G Ex ib IIB T4 Gb Standard.\",\"breadcrumb\":{\"@id\":\"https:\\\/\\\/sysmatec.ch\\\/de\\\/Produkt\\\/waage-atex-hx5-ex\\\/#breadcrumb\"},\"inLanguage\":\"de\",\"potentialAction\":[{\"@type\":\"ReadAction\",\"target\":[\"https:\\\/\\\/sysmatec.ch\\\/de\\\/Produkt\\\/waage-atex-hx5-ex\\\/\"]}]},{\"@type\":\"ImageObject\",\"inLanguage\":\"de\",\"@id\":\"https:\\\/\\\/sysmatec.ch\\\/de\\\/Produkt\\\/waage-atex-hx5-ex\\\/#primaryimage\",\"url\":\"https:\\\/\\\/sysmatec.ch\\\/wp-content\\\/uploads\\\/2019\\\/02\\\/BalanceATEXHX5_Radwag.jpg\",\"contentUrl\":\"https:\\\/\\\/sysmatec.ch\\\/wp-content\\\/uploads\\\/2019\\\/02\\\/BalanceATEXHX5_Radwag.jpg\",\"width\":800,\"height\":800},{\"@type\":\"BreadcrumbList\",\"@id\":\"https:\\\/\\\/sysmatec.ch\\\/de\\\/Produkt\\\/waage-atex-hx5-ex\\\/#breadcrumb\",\"itemListElement\":[{\"@type\":\"ListItem\",\"position\":1,\"name\":\"Accueil\",\"item\":\"https:\\\/\\\/sysmatec.ch\\\/de\\\/\"},{\"@type\":\"ListItem\",\"position\":2,\"name\":\"Die Aktivit\u00e4t von Sysmatec\",\"item\":\"https:\\\/\\\/sysmatec.ch\\\/de\\\/\"},{\"@type\":\"ListItem\",\"position\":3,\"name\":\"Waage ATEX HX5.EX\"}]},{\"@type\":\"WebSite\",\"@id\":\"https:\\\/\\\/sysmatec.ch\\\/de\\\/#website\",\"url\":\"https:\\\/\\\/sysmatec.ch\\\/de\\\/\",\"name\":\"Sysmatec\",\"description\":\"Equipement de laboratoire et logiciels\",\"publisher\":{\"@id\":\"https:\\\/\\\/sysmatec.ch\\\/de\\\/#organization\"},\"potentialAction\":[{\"@type\":\"SearchAction\",\"target\":{\"@type\":\"EntryPoint\",\"urlTemplate\":\"https:\\\/\\\/sysmatec.ch\\\/de\\\/?s={search_term_string}\"},\"query-input\":{\"@type\":\"PropertyValueSpecification\",\"valueRequired\":true,\"valueName\":\"search_term_string\"}}],\"inLanguage\":\"de\"},{\"@type\":\"Organization\",\"@id\":\"https:\\\/\\\/sysmatec.ch\\\/de\\\/#organization\",\"name\":\"Sysmatec\",\"url\":\"https:\\\/\\\/sysmatec.ch\\\/de\\\/\",\"logo\":{\"@type\":\"ImageObject\",\"inLanguage\":\"de\",\"@id\":\"https:\\\/\\\/sysmatec.ch\\\/de\\\/#\\\/schema\\\/logo\\\/image\\\/\",\"url\":\"https:\\\/\\\/sysmatec.ch\\\/wp-content\\\/uploads\\\/2018\\\/11\\\/LogoSysmatec.jpg\",\"contentUrl\":\"https:\\\/\\\/sysmatec.ch\\\/wp-content\\\/uploads\\\/2018\\\/11\\\/LogoSysmatec.jpg\",\"width\":301,\"height\":297,\"caption\":\"Sysmatec\"},\"image\":{\"@id\":\"https:\\\/\\\/sysmatec.ch\\\/de\\\/#\\\/schema\\\/logo\\\/image\\\/\"}}]}<\/script>\n<!-- \/ Yoast SEO plugin. -->","yoast_head_json":{"title":"Waage ATEX HX5.EX - Sysmatec","description":"ATEX-Plattformwaage. Verf\u00fcgbare Bereiche von 0 \u2013 6 kg bis 0 \u2013 300 kg. Kompatibilit\u00e4t mit dem ATEX II 2G Ex ib IIB T4 Gb Standard.","robots":{"index":"index","follow":"follow","max-snippet":"max-snippet:-1","max-image-preview":"max-image-preview:large","max-video-preview":"max-video-preview:-1"},"canonical":"https:\/\/sysmatec.ch\/de\/Produkt\/waage-atex-hx5-ex\/","og_locale":"de_DE","og_type":"article","og_title":"Waage ATEX HX5.EX - Sysmatec","og_description":"ATEX-Plattformwaage. Verf\u00fcgbare Bereiche von 0 \u2013 6 kg bis 0 \u2013 300 kg. Kompatibilit\u00e4t mit dem ATEX II 2G Ex ib IIB T4 Gb Standard.","og_url":"https:\/\/sysmatec.ch\/de\/Produkt\/waage-atex-hx5-ex\/","og_site_name":"Sysmatec","article_modified_time":"2024-02-22T17:44:19+00:00","og_image":[{"width":800,"height":800,"url":"https:\/\/sysmatec.ch\/wp-content\/uploads\/2019\/02\/BalanceATEXHX5_Radwag.jpg","type":"image\/jpeg"}],"twitter_card":"summary_large_image","twitter_misc":{"Gesch\u00e4tzte Lesezeit":"2\u00a0Minuten"},"schema":{"@context":"https:\/\/schema.org","@graph":[{"@type":"WebPage","@id":"https:\/\/sysmatec.ch\/de\/Produkt\/waage-atex-hx5-ex\/","url":"https:\/\/sysmatec.ch\/de\/Produkt\/waage-atex-hx5-ex\/","name":"Waage ATEX HX5.EX - Sysmatec","isPartOf":{"@id":"https:\/\/sysmatec.ch\/de\/#website"},"primaryImageOfPage":{"@id":"https:\/\/sysmatec.ch\/de\/Produkt\/waage-atex-hx5-ex\/#primaryimage"},"image":{"@id":"https:\/\/sysmatec.ch\/de\/Produkt\/waage-atex-hx5-ex\/#primaryimage"},"thumbnailUrl":"https:\/\/sysmatec.ch\/wp-content\/uploads\/2019\/02\/BalanceATEXHX5_Radwag.jpg","datePublished":"2019-02-16T19:15:34+00:00","dateModified":"2024-02-22T17:44:19+00:00","description":"ATEX-Plattformwaage. Verf\u00fcgbare Bereiche von 0 \u2013 6 kg bis 0 \u2013 300 kg. Kompatibilit\u00e4t mit dem ATEX II 2G Ex ib IIB T4 Gb Standard.","breadcrumb":{"@id":"https:\/\/sysmatec.ch\/de\/Produkt\/waage-atex-hx5-ex\/#breadcrumb"},"inLanguage":"de","potentialAction":[{"@type":"ReadAction","target":["https:\/\/sysmatec.ch\/de\/Produkt\/waage-atex-hx5-ex\/"]}]},{"@type":"ImageObject","inLanguage":"de","@id":"https:\/\/sysmatec.ch\/de\/Produkt\/waage-atex-hx5-ex\/#primaryimage","url":"https:\/\/sysmatec.ch\/wp-content\/uploads\/2019\/02\/BalanceATEXHX5_Radwag.jpg","contentUrl":"https:\/\/sysmatec.ch\/wp-content\/uploads\/2019\/02\/BalanceATEXHX5_Radwag.jpg","width":800,"height":800},{"@type":"BreadcrumbList","@id":"https:\/\/sysmatec.ch\/de\/Produkt\/waage-atex-hx5-ex\/#breadcrumb","itemListElement":[{"@type":"ListItem","position":1,"name":"Accueil","item":"https:\/\/sysmatec.ch\/de\/"},{"@type":"ListItem","position":2,"name":"Die Aktivit\u00e4t von Sysmatec","item":"https:\/\/sysmatec.ch\/de\/"},{"@type":"ListItem","position":3,"name":"Waage ATEX HX5.EX"}]},{"@type":"WebSite","@id":"https:\/\/sysmatec.ch\/de\/#website","url":"https:\/\/sysmatec.ch\/de\/","name":"Sysmatec","description":"Equipement de laboratoire et logiciels","publisher":{"@id":"https:\/\/sysmatec.ch\/de\/#organization"},"potentialAction":[{"@type":"SearchAction","target":{"@type":"EntryPoint","urlTemplate":"https:\/\/sysmatec.ch\/de\/?s={search_term_string}"},"query-input":{"@type":"PropertyValueSpecification","valueRequired":true,"valueName":"search_term_string"}}],"inLanguage":"de"},{"@type":"Organization","@id":"https:\/\/sysmatec.ch\/de\/#organization","name":"Sysmatec","url":"https:\/\/sysmatec.ch\/de\/","logo":{"@type":"ImageObject","inLanguage":"de","@id":"https:\/\/sysmatec.ch\/de\/#\/schema\/logo\/image\/","url":"https:\/\/sysmatec.ch\/wp-content\/uploads\/2018\/11\/LogoSysmatec.jpg","contentUrl":"https:\/\/sysmatec.ch\/wp-content\/uploads\/2018\/11\/LogoSysmatec.jpg","width":301,"height":297,"caption":"Sysmatec"},"image":{"@id":"https:\/\/sysmatec.ch\/de\/#\/schema\/logo\/image\/"}}]}},"_links":{"self":[{"href":"https:\/\/sysmatec.ch\/de\/wp-json\/wp\/v2\/product\/3142","targetHints":{"allow":["GET"]}}],"collection":[{"href":"https:\/\/sysmatec.ch\/de\/wp-json\/wp\/v2\/product"}],"about":[{"href":"https:\/\/sysmatec.ch\/de\/wp-json\/wp\/v2\/types\/product"}],"wp:featuredmedia":[{"embeddable":true,"href":"https:\/\/sysmatec.ch\/de\/wp-json\/wp\/v2\/media\/29021"}],"wp:attachment":[{"href":"https:\/\/sysmatec.ch\/de\/wp-json\/wp\/v2\/media?parent=3142"}],"wp:term":[{"taxonomy":"product_brand","embeddable":true,"href":"https:\/\/sysmatec.ch\/de\/wp-json\/wp\/v2\/product_brand?post=3142"},{"taxonomy":"product_cat","embeddable":true,"href":"https:\/\/sysmatec.ch\/de\/wp-json\/wp\/v2\/product_cat?post=3142"},{"taxonomy":"product_tag","embeddable":true,"href":"https:\/\/sysmatec.ch\/de\/wp-json\/wp\/v2\/product_tag?post=3142"}],"curies":[{"name":"wp","href":"https:\/\/api.w.org\/{rel}","templated":true}]}}