{"id":31385,"date":"2026-01-17T17:31:10","date_gmt":"2026-01-17T16:31:10","guid":{"rendered":"https:\/\/sysmatec.ch\/?post_type=product&#038;p=31385"},"modified":"2026-01-17T18:02:52","modified_gmt":"2026-01-17T17:02:52","slug":"durchfahrwaage-kern-nfc","status":"publish","type":"product","link":"https:\/\/sysmatec.ch\/de\/Produkt\/durchfahrwaage-kern-nfc\/","title":{"rendered":"Durchfahrwaage KERN NFC"},"content":{"rendered":"<ul>\n<li style=\"list-style-type: none;\">\n<ul>\n<li>Vernetzbare Durchfahrwaage (IP67), optional mit\u00a0Eichung<\/li>\n<li>Durchfahrwaage zum schnellen Wiegen von z. B. Drahtkastenwagen, W\u00e4schewagen, Hubwagen, Rollbeh\u00e4ltern, M\u00fclltonnen etc.<\/li>\n<li>W\u00e4gebr\u00fccke: aus rutschfestem Stahl-Riffelblech, 4 silikonbeschichtete Stahl-W\u00e4gezellen, Staub- und Spritzwasserschutz IP67<\/li>\n<li>Auswerteger\u00e4t: Details siehe KERN KFC-TM<\/li>\n<li>IoT-Line: vernetzbare Waage mit komfortabler Bedienphilosophie, Details siehe KERN KFC-TM<\/li>\n<li>Mit serienm\u00e4\u00dfiger Real Time Clock: Erm\u00f6glicht es, W\u00e4geergebnisse mit genauer Zeitangabe zu protokollieren. Selbst nach unterbrochener Stromversorgung kann die Waage mit der<br \/>\nkorrekten Zeit weiterarbeiten<\/li>\n<li>Arbeitsschutzhaube im Lieferumfang enthalten<\/li>\n<\/ul>\n<\/li>\n<\/ul>\n<table border=\"1\" width=\"511\" cellspacing=\"0\" cellpadding=\"2\">\n<tbody>\n<tr>\n<td>Waage Modell<\/td>\n<td width=\"10%\">Ablesbarkeit<\/td>\n<td width=\"10%\">W\u00e4gebereich<\/td>\n<td width=\"10%\">W\u00e4geplatte<\/td>\n<\/tr>\n<tr>\n<td><\/td>\n<td width=\"10%\">g<\/td>\n<td width=\"10%\">kg<\/td>\n<td width=\"10%\">mm<\/td>\n<\/tr>\n<tr>\n<td>NFC 600K-1M<\/td>\n<td width=\"10%\">200<\/td>\n<td width=\"10%\">600<\/td>\n<td width=\"10%\">1000&#215;1000<\/td>\n<\/tr>\n<tr>\n<td>NFC 600K-1LM<\/td>\n<td width=\"10%\">200<\/td>\n<td width=\"10%\">600<\/td>\n<td width=\"10%\">1200&#215;1200<\/td>\n<\/tr>\n<tr>\n<td>NFC 1.5T-4M<\/td>\n<td width=\"10%\">500<\/td>\n<td width=\"10%\">1500<\/td>\n<td width=\"10%\">1000&#215;1000<\/td>\n<\/tr>\n<tr>\n<td>NFC 1.5T-4LM<\/td>\n<td width=\"10%\">500<\/td>\n<td width=\"10%\">1500<\/td>\n<td width=\"10%\">1200&#215;1200<\/td>\n<\/tr>\n<\/tbody>\n<\/table>\n<p>F\u00fcr eichpflichtige Anwendung\u00a0Eichung\u00a0(Konformit\u00e4tsbewertung\u00a0nach NAWI 2014\/31\/EU) bitte gleich mitbestellen, eine nachtr\u00e4gliche Ersteichung ist nicht m\u00f6glich. F\u00fcr die\u00a0Eichung\u00a0ben\u00f6tigen wir die vollst\u00e4ndige Adresse des Aufstellungsortes<\/p>\n<p>Bei geeichten Waagen sollte die W\u00e4gebr\u00fccke am Boden fixiert sein. Wahlweise durch eine Auffahrrampe, ein Fu\u00dfplattenpaar oder einen Grubenrahmen<\/p>\n<p>Eine geeichte Waage, die Messwerte mittels Schnittstelle an externe Ger\u00e4te \u00fcbermittelt, ben\u00f6tigt zwingend einen\u00a0Alibispeicher\u00a0YMM-04. Eine nachtr\u00e4gliche Aufr\u00fcstung ist nicht m\u00f6glich.<\/p>\n","protected":false},"excerpt":{"rendered":"<p>Vernetzbare Durchfahrwaage IP67 mit optionale Eichung 0-600 kg bis 0-1500 kg.<\/p>\n","protected":false},"featured_media":31389,"template":"","meta":{"_crdt_document":""},"product_brand":[],"product_cat":[165,339],"product_tag":[],"class_list":{"0":"post-31385","1":"product","2":"type-product","3":"status-publish","4":"has-post-thumbnail","6":"product_cat-gewicht","7":"product_cat-plattform","9":"first","10":"instock","11":"taxable","12":"shipping-taxable","13":"product-type-simple"},"yoast_head":"<!-- This site is optimized with the Yoast SEO plugin v27.4 - https:\/\/yoast.com\/product\/yoast-seo-wordpress\/ -->\n<title>Durchfahrwaage KERN NFC - Sysmatec<\/title>\n<meta name=\"description\" content=\"Vernetzbare Durchfahrwaage IP67, optional mit Eichung. Messbereich 0-600 kg bis 0-1500 kg.\" \/>\n<meta name=\"robots\" content=\"index, follow, max-snippet:-1, max-image-preview:large, max-video-preview:-1\" \/>\n<link rel=\"canonical\" href=\"https:\/\/sysmatec.ch\/de\/Produkt\/durchfahrwaage-kern-nfc\/\" \/>\n<meta property=\"og:locale\" content=\"de_DE\" \/>\n<meta property=\"og:type\" content=\"article\" \/>\n<meta property=\"og:title\" content=\"Durchfahrwaage KERN NFC - Sysmatec\" \/>\n<meta property=\"og:description\" content=\"Vernetzbare Durchfahrwaage IP67, optional mit Eichung. Messbereich 0-600 kg bis 0-1500 kg.\" \/>\n<meta property=\"og:url\" content=\"https:\/\/sysmatec.ch\/de\/Produkt\/durchfahrwaage-kern-nfc\/\" \/>\n<meta property=\"og:site_name\" content=\"Sysmatec\" \/>\n<meta property=\"article:modified_time\" content=\"2026-01-17T17:02:52+00:00\" \/>\n<meta property=\"og:image\" content=\"https:\/\/sysmatec.ch\/wp-content\/uploads\/2026\/01\/Balance_KernNFC1.jpg\" \/>\n\t<meta property=\"og:image:width\" content=\"520\" \/>\n\t<meta property=\"og:image:height\" content=\"372\" \/>\n\t<meta property=\"og:image:type\" content=\"image\/jpeg\" \/>\n<meta name=\"twitter:card\" content=\"summary_large_image\" \/>\n<meta name=\"twitter:label1\" content=\"Gesch\u00e4tzte Lesezeit\" \/>\n\t<meta name=\"twitter:data1\" content=\"2\u00a0Minuten\" \/>\n<script type=\"application\/ld+json\" class=\"yoast-schema-graph\">{\"@context\":\"https:\\\/\\\/schema.org\",\"@graph\":[{\"@type\":\"WebPage\",\"@id\":\"https:\\\/\\\/sysmatec.ch\\\/de\\\/Produkt\\\/durchfahrwaage-kern-nfc\\\/\",\"url\":\"https:\\\/\\\/sysmatec.ch\\\/de\\\/Produkt\\\/durchfahrwaage-kern-nfc\\\/\",\"name\":\"Durchfahrwaage KERN NFC - Sysmatec\",\"isPartOf\":{\"@id\":\"https:\\\/\\\/sysmatec.ch\\\/de\\\/#website\"},\"primaryImageOfPage\":{\"@id\":\"https:\\\/\\\/sysmatec.ch\\\/de\\\/Produkt\\\/durchfahrwaage-kern-nfc\\\/#primaryimage\"},\"image\":{\"@id\":\"https:\\\/\\\/sysmatec.ch\\\/de\\\/Produkt\\\/durchfahrwaage-kern-nfc\\\/#primaryimage\"},\"thumbnailUrl\":\"https:\\\/\\\/sysmatec.ch\\\/wp-content\\\/uploads\\\/2026\\\/01\\\/Balance_KernNFC1.jpg\",\"datePublished\":\"2026-01-17T16:31:10+00:00\",\"dateModified\":\"2026-01-17T17:02:52+00:00\",\"description\":\"Vernetzbare Durchfahrwaage IP67, optional mit Eichung. Messbereich 0-600 kg bis 0-1500 kg.\",\"breadcrumb\":{\"@id\":\"https:\\\/\\\/sysmatec.ch\\\/de\\\/Produkt\\\/durchfahrwaage-kern-nfc\\\/#breadcrumb\"},\"inLanguage\":\"de\",\"potentialAction\":[{\"@type\":\"ReadAction\",\"target\":[\"https:\\\/\\\/sysmatec.ch\\\/de\\\/Produkt\\\/durchfahrwaage-kern-nfc\\\/\"]}]},{\"@type\":\"ImageObject\",\"inLanguage\":\"de\",\"@id\":\"https:\\\/\\\/sysmatec.ch\\\/de\\\/Produkt\\\/durchfahrwaage-kern-nfc\\\/#primaryimage\",\"url\":\"https:\\\/\\\/sysmatec.ch\\\/wp-content\\\/uploads\\\/2026\\\/01\\\/Balance_KernNFC1.jpg\",\"contentUrl\":\"https:\\\/\\\/sysmatec.ch\\\/wp-content\\\/uploads\\\/2026\\\/01\\\/Balance_KernNFC1.jpg\",\"width\":520,\"height\":372},{\"@type\":\"BreadcrumbList\",\"@id\":\"https:\\\/\\\/sysmatec.ch\\\/de\\\/Produkt\\\/durchfahrwaage-kern-nfc\\\/#breadcrumb\",\"itemListElement\":[{\"@type\":\"ListItem\",\"position\":1,\"name\":\"Accueil\",\"item\":\"https:\\\/\\\/sysmatec.ch\\\/de\\\/\"},{\"@type\":\"ListItem\",\"position\":2,\"name\":\"Die Aktivit\u00e4t von Sysmatec\",\"item\":\"https:\\\/\\\/sysmatec.ch\\\/de\\\/\"},{\"@type\":\"ListItem\",\"position\":3,\"name\":\"Durchfahrwaage KERN NFC\"}]},{\"@type\":\"WebSite\",\"@id\":\"https:\\\/\\\/sysmatec.ch\\\/de\\\/#website\",\"url\":\"https:\\\/\\\/sysmatec.ch\\\/de\\\/\",\"name\":\"Sysmatec\",\"description\":\"Equipement de laboratoire et logiciels\",\"publisher\":{\"@id\":\"https:\\\/\\\/sysmatec.ch\\\/de\\\/#organization\"},\"potentialAction\":[{\"@type\":\"SearchAction\",\"target\":{\"@type\":\"EntryPoint\",\"urlTemplate\":\"https:\\\/\\\/sysmatec.ch\\\/de\\\/?s={search_term_string}\"},\"query-input\":{\"@type\":\"PropertyValueSpecification\",\"valueRequired\":true,\"valueName\":\"search_term_string\"}}],\"inLanguage\":\"de\"},{\"@type\":\"Organization\",\"@id\":\"https:\\\/\\\/sysmatec.ch\\\/de\\\/#organization\",\"name\":\"Sysmatec\",\"url\":\"https:\\\/\\\/sysmatec.ch\\\/de\\\/\",\"logo\":{\"@type\":\"ImageObject\",\"inLanguage\":\"de\",\"@id\":\"https:\\\/\\\/sysmatec.ch\\\/de\\\/#\\\/schema\\\/logo\\\/image\\\/\",\"url\":\"https:\\\/\\\/sysmatec.ch\\\/wp-content\\\/uploads\\\/2018\\\/11\\\/LogoSysmatec.jpg\",\"contentUrl\":\"https:\\\/\\\/sysmatec.ch\\\/wp-content\\\/uploads\\\/2018\\\/11\\\/LogoSysmatec.jpg\",\"width\":301,\"height\":297,\"caption\":\"Sysmatec\"},\"image\":{\"@id\":\"https:\\\/\\\/sysmatec.ch\\\/de\\\/#\\\/schema\\\/logo\\\/image\\\/\"}}]}<\/script>\n<!-- \/ Yoast SEO plugin. -->","yoast_head_json":{"title":"Durchfahrwaage KERN NFC - Sysmatec","description":"Vernetzbare Durchfahrwaage IP67, optional mit Eichung. Messbereich 0-600 kg bis 0-1500 kg.","robots":{"index":"index","follow":"follow","max-snippet":"max-snippet:-1","max-image-preview":"max-image-preview:large","max-video-preview":"max-video-preview:-1"},"canonical":"https:\/\/sysmatec.ch\/de\/Produkt\/durchfahrwaage-kern-nfc\/","og_locale":"de_DE","og_type":"article","og_title":"Durchfahrwaage KERN NFC - Sysmatec","og_description":"Vernetzbare Durchfahrwaage IP67, optional mit Eichung. Messbereich 0-600 kg bis 0-1500 kg.","og_url":"https:\/\/sysmatec.ch\/de\/Produkt\/durchfahrwaage-kern-nfc\/","og_site_name":"Sysmatec","article_modified_time":"2026-01-17T17:02:52+00:00","og_image":[{"width":520,"height":372,"url":"https:\/\/sysmatec.ch\/wp-content\/uploads\/2026\/01\/Balance_KernNFC1.jpg","type":"image\/jpeg"}],"twitter_card":"summary_large_image","twitter_misc":{"Gesch\u00e4tzte Lesezeit":"2\u00a0Minuten"},"schema":{"@context":"https:\/\/schema.org","@graph":[{"@type":"WebPage","@id":"https:\/\/sysmatec.ch\/de\/Produkt\/durchfahrwaage-kern-nfc\/","url":"https:\/\/sysmatec.ch\/de\/Produkt\/durchfahrwaage-kern-nfc\/","name":"Durchfahrwaage KERN NFC - Sysmatec","isPartOf":{"@id":"https:\/\/sysmatec.ch\/de\/#website"},"primaryImageOfPage":{"@id":"https:\/\/sysmatec.ch\/de\/Produkt\/durchfahrwaage-kern-nfc\/#primaryimage"},"image":{"@id":"https:\/\/sysmatec.ch\/de\/Produkt\/durchfahrwaage-kern-nfc\/#primaryimage"},"thumbnailUrl":"https:\/\/sysmatec.ch\/wp-content\/uploads\/2026\/01\/Balance_KernNFC1.jpg","datePublished":"2026-01-17T16:31:10+00:00","dateModified":"2026-01-17T17:02:52+00:00","description":"Vernetzbare Durchfahrwaage IP67, optional mit Eichung. Messbereich 0-600 kg bis 0-1500 kg.","breadcrumb":{"@id":"https:\/\/sysmatec.ch\/de\/Produkt\/durchfahrwaage-kern-nfc\/#breadcrumb"},"inLanguage":"de","potentialAction":[{"@type":"ReadAction","target":["https:\/\/sysmatec.ch\/de\/Produkt\/durchfahrwaage-kern-nfc\/"]}]},{"@type":"ImageObject","inLanguage":"de","@id":"https:\/\/sysmatec.ch\/de\/Produkt\/durchfahrwaage-kern-nfc\/#primaryimage","url":"https:\/\/sysmatec.ch\/wp-content\/uploads\/2026\/01\/Balance_KernNFC1.jpg","contentUrl":"https:\/\/sysmatec.ch\/wp-content\/uploads\/2026\/01\/Balance_KernNFC1.jpg","width":520,"height":372},{"@type":"BreadcrumbList","@id":"https:\/\/sysmatec.ch\/de\/Produkt\/durchfahrwaage-kern-nfc\/#breadcrumb","itemListElement":[{"@type":"ListItem","position":1,"name":"Accueil","item":"https:\/\/sysmatec.ch\/de\/"},{"@type":"ListItem","position":2,"name":"Die Aktivit\u00e4t von Sysmatec","item":"https:\/\/sysmatec.ch\/de\/"},{"@type":"ListItem","position":3,"name":"Durchfahrwaage KERN NFC"}]},{"@type":"WebSite","@id":"https:\/\/sysmatec.ch\/de\/#website","url":"https:\/\/sysmatec.ch\/de\/","name":"Sysmatec","description":"Equipement de laboratoire et logiciels","publisher":{"@id":"https:\/\/sysmatec.ch\/de\/#organization"},"potentialAction":[{"@type":"SearchAction","target":{"@type":"EntryPoint","urlTemplate":"https:\/\/sysmatec.ch\/de\/?s={search_term_string}"},"query-input":{"@type":"PropertyValueSpecification","valueRequired":true,"valueName":"search_term_string"}}],"inLanguage":"de"},{"@type":"Organization","@id":"https:\/\/sysmatec.ch\/de\/#organization","name":"Sysmatec","url":"https:\/\/sysmatec.ch\/de\/","logo":{"@type":"ImageObject","inLanguage":"de","@id":"https:\/\/sysmatec.ch\/de\/#\/schema\/logo\/image\/","url":"https:\/\/sysmatec.ch\/wp-content\/uploads\/2018\/11\/LogoSysmatec.jpg","contentUrl":"https:\/\/sysmatec.ch\/wp-content\/uploads\/2018\/11\/LogoSysmatec.jpg","width":301,"height":297,"caption":"Sysmatec"},"image":{"@id":"https:\/\/sysmatec.ch\/de\/#\/schema\/logo\/image\/"}}]}},"_links":{"self":[{"href":"https:\/\/sysmatec.ch\/de\/wp-json\/wp\/v2\/product\/31385","targetHints":{"allow":["GET"]}}],"collection":[{"href":"https:\/\/sysmatec.ch\/de\/wp-json\/wp\/v2\/product"}],"about":[{"href":"https:\/\/sysmatec.ch\/de\/wp-json\/wp\/v2\/types\/product"}],"wp:featuredmedia":[{"embeddable":true,"href":"https:\/\/sysmatec.ch\/de\/wp-json\/wp\/v2\/media\/31389"}],"wp:attachment":[{"href":"https:\/\/sysmatec.ch\/de\/wp-json\/wp\/v2\/media?parent=31385"}],"wp:term":[{"taxonomy":"product_brand","embeddable":true,"href":"https:\/\/sysmatec.ch\/de\/wp-json\/wp\/v2\/product_brand?post=31385"},{"taxonomy":"product_cat","embeddable":true,"href":"https:\/\/sysmatec.ch\/de\/wp-json\/wp\/v2\/product_cat?post=31385"},{"taxonomy":"product_tag","embeddable":true,"href":"https:\/\/sysmatec.ch\/de\/wp-json\/wp\/v2\/product_tag?post=31385"}],"curies":[{"name":"wp","href":"https:\/\/api.w.org\/{rel}","templated":true}]}}