{"id":31370,"date":"2026-01-17T13:52:24","date_gmt":"2026-01-17T12:52:24","guid":{"rendered":"https:\/\/sysmatec.ch\/?post_type=product&#038;p=31370"},"modified":"2026-01-17T14:14:40","modified_gmt":"2026-01-17T13:14:40","slug":"tischwaage-kern-fpe","status":"publish","type":"product","link":"https:\/\/sysmatec.ch\/de\/Produkt\/tischwaage-kern-fpe\/","title":{"rendered":"Tischwaage KERN FPE"},"content":{"rendered":"<ul>\n<li>Einsteiger-Tischwaage mit Edelstahl-W\u00e4geplatte und Checkweighing-Funktion, optional mit Eichung (in der Tabelle mit M bezeichnet)<\/li>\n<li>Wiegen mit Toleranzbereich (Checkweighing): Ein optisches Signal unterst\u00fctzt das Portionieren, Dosieren oder Sortieren \u00b7W\u00e4geplatte Edelstahl, leicht und hygienisch zu reinigen<\/li>\n<li>Integrierte St\u00fcckz\u00e4hlfunktion mit speicherbarem St\u00fcckgewicht<\/li>\n<li>Sleep-Funktion: Waage wechselt nach einer einstellbaren Zeit ohne Aktion automatisch in den Energiesparmodus<\/li>\n<li>Gro\u00dfes, hinterleuchtetes LCD-Display, Ziffernh\u00f6he 25 mm<\/li>\n<li>Abmessungen W\u00e4gefl\u00e4che, Edelstahl, B\u00d7T 190\u00d7230 mm<\/li>\n<li>Gesamtabmessungen B\u00d7T\u00d7H 288\u00d7233\u00d7102 mm<\/li>\n<li>Nettogewicht ca. 1,8 kg<\/li>\n<li>Zul\u00e4ssiger Umgebungstemperaturbereich -10 \u00b0C\/40 \u00b0C<\/li>\n<\/ul>\n<p>&nbsp;<\/p>\n<table border=\"1\" width=\"577\" cellspacing=\"0\" cellpadding=\"2\">\n<tbody>\n<tr>\n<td>Modell<\/td>\n<td width=\"10%\">Ablesbarkeit<\/td>\n<td width=\"10%\">W\u00e4gebereich<\/td>\n<td width=\"10%\">Reproduzierbarkeit<\/td>\n<td width=\"10%\">Linearit\u00e4t<\/td>\n<\/tr>\n<tr>\n<td><\/td>\n<td width=\"10%\">g<\/td>\n<td width=\"10%\">kg<\/td>\n<td width=\"10%\">g<\/td>\n<td width=\"10%\">g<\/td>\n<\/tr>\n<tr>\n<td>FPE 3K-4<\/td>\n<td width=\"10%\">0.2<\/td>\n<td width=\"10%\">3<\/td>\n<td width=\"10%\">0.2<\/td>\n<td width=\"10%\">\u00b10.6<\/td>\n<\/tr>\n<tr>\n<td>FPE 6K-3<\/td>\n<td width=\"10%\">0.5<\/td>\n<td width=\"10%\">6<\/td>\n<td width=\"10%\">0.5<\/td>\n<td width=\"10%\">\u00b11.5<\/td>\n<\/tr>\n<tr>\n<td>FPE 15K-3<\/td>\n<td width=\"10%\">1<\/td>\n<td width=\"10%\">15<\/td>\n<td width=\"10%\">1<\/td>\n<td width=\"10%\">\u00b13<\/td>\n<\/tr>\n<tr>\n<td>FPE 30K-3<\/td>\n<td width=\"10%\">2<\/td>\n<td width=\"10%\">30<\/td>\n<td width=\"10%\">2<\/td>\n<td width=\"10%\">\u00b16<\/td>\n<\/tr>\n<tr>\n<td>FPE 3K-3M<\/td>\n<td width=\"10%\">1<\/td>\n<td width=\"10%\">3<\/td>\n<td width=\"10%\">1<\/td>\n<td width=\"10%\">\u00b13<\/td>\n<\/tr>\n<tr>\n<td>FPE 6K-3M<\/td>\n<td width=\"10%\">2<\/td>\n<td width=\"10%\">6<\/td>\n<td width=\"10%\">2<\/td>\n<td width=\"10%\">\u00b16<\/td>\n<\/tr>\n<tr>\n<td>FPE 15K-3M<\/td>\n<td width=\"10%\">5<\/td>\n<td width=\"10%\">15<\/td>\n<td width=\"10%\">5<\/td>\n<td width=\"10%\">\u00b115<\/td>\n<\/tr>\n<tr>\n<td>FPE 30K-2M<\/td>\n<td width=\"10%\">10<\/td>\n<td width=\"10%\">30<\/td>\n<td width=\"10%\">10<\/td>\n<td width=\"10%\">\u00b130<\/td>\n<\/tr>\n<\/tbody>\n<\/table>\n<p>F\u00fcr eichpflichtige Anwendung\u00a0Eichung\u00a0(Konformit\u00e4tsbewertung\u00a0nach NAWI 2014\/31\/EU) bitte gleich mitbestellen, eine nachtr\u00e4gliche Ersteichung ist nicht m\u00f6glich. F\u00fcr die\u00a0Eichung\u00a0ben\u00f6tigen wir die vollst\u00e4ndige Adresse des Aufstellungsortes<\/p>\n","protected":false},"excerpt":{"rendered":"<p>Industriewaage von 0 bis 3 kg bis 0 bis 30 kg, mit optionaler Kalibrierung.<\/p>\n","protected":false},"featured_media":31374,"template":"","meta":{"_crdt_document":""},"product_brand":[],"product_cat":[165,341],"product_tag":[],"class_list":{"0":"post-31370","1":"product","2":"type-product","3":"status-publish","4":"has-post-thumbnail","6":"product_cat-gewicht","7":"product_cat-industriell","9":"first","10":"instock","11":"taxable","12":"shipping-taxable","13":"product-type-simple"},"yoast_head":"<!-- This site is optimized with the Yoast SEO plugin v27.4 - https:\/\/yoast.com\/product\/yoast-seo-wordpress\/ -->\n<title>Tischwaage KERN FPE - Sysmatec<\/title>\n<meta name=\"description\" content=\"Einsteiger-Tischwaage mit Edelstahl-W\u00e4geplatte und Checkweighing-Funktion. Optional mit Eichung. Plages de mesure\u00a0: 0-3\u00a0kg \u00e0 0-30\u00a0kg.\" \/>\n<meta name=\"robots\" content=\"index, follow, max-snippet:-1, max-image-preview:large, max-video-preview:-1\" \/>\n<link rel=\"canonical\" href=\"https:\/\/sysmatec.ch\/de\/Produkt\/tischwaage-kern-fpe\/\" \/>\n<meta property=\"og:locale\" content=\"de_DE\" \/>\n<meta property=\"og:type\" content=\"article\" \/>\n<meta property=\"og:title\" content=\"Tischwaage KERN FPE - Sysmatec\" \/>\n<meta property=\"og:description\" content=\"Einsteiger-Tischwaage mit Edelstahl-W\u00e4geplatte und Checkweighing-Funktion. Optional mit Eichung. Plages de mesure\u00a0: 0-3\u00a0kg \u00e0 0-30\u00a0kg.\" \/>\n<meta property=\"og:url\" content=\"https:\/\/sysmatec.ch\/de\/Produkt\/tischwaage-kern-fpe\/\" \/>\n<meta property=\"og:site_name\" content=\"Sysmatec\" \/>\n<meta property=\"article:modified_time\" content=\"2026-01-17T13:14:40+00:00\" \/>\n<meta property=\"og:image\" content=\"https:\/\/sysmatec.ch\/wp-content\/uploads\/2026\/01\/Balance_KernFPE1.jpg\" \/>\n\t<meta property=\"og:image:width\" content=\"506\" \/>\n\t<meta property=\"og:image:height\" content=\"451\" \/>\n\t<meta property=\"og:image:type\" content=\"image\/jpeg\" \/>\n<meta name=\"twitter:card\" content=\"summary_large_image\" \/>\n<meta name=\"twitter:label1\" content=\"Gesch\u00e4tzte Lesezeit\" \/>\n\t<meta name=\"twitter:data1\" content=\"2\u00a0Minuten\" \/>\n<script type=\"application\/ld+json\" class=\"yoast-schema-graph\">{\"@context\":\"https:\\\/\\\/schema.org\",\"@graph\":[{\"@type\":\"WebPage\",\"@id\":\"https:\\\/\\\/sysmatec.ch\\\/de\\\/Produkt\\\/tischwaage-kern-fpe\\\/\",\"url\":\"https:\\\/\\\/sysmatec.ch\\\/de\\\/Produkt\\\/tischwaage-kern-fpe\\\/\",\"name\":\"Tischwaage KERN FPE - Sysmatec\",\"isPartOf\":{\"@id\":\"https:\\\/\\\/sysmatec.ch\\\/de\\\/#website\"},\"primaryImageOfPage\":{\"@id\":\"https:\\\/\\\/sysmatec.ch\\\/de\\\/Produkt\\\/tischwaage-kern-fpe\\\/#primaryimage\"},\"image\":{\"@id\":\"https:\\\/\\\/sysmatec.ch\\\/de\\\/Produkt\\\/tischwaage-kern-fpe\\\/#primaryimage\"},\"thumbnailUrl\":\"https:\\\/\\\/sysmatec.ch\\\/wp-content\\\/uploads\\\/2026\\\/01\\\/Balance_KernFPE1.jpg\",\"datePublished\":\"2026-01-17T12:52:24+00:00\",\"dateModified\":\"2026-01-17T13:14:40+00:00\",\"description\":\"Einsteiger-Tischwaage mit Edelstahl-W\u00e4geplatte und Checkweighing-Funktion. Optional mit Eichung. Plages de mesure\u00a0: 0-3\u00a0kg \u00e0 0-30\u00a0kg.\",\"breadcrumb\":{\"@id\":\"https:\\\/\\\/sysmatec.ch\\\/de\\\/Produkt\\\/tischwaage-kern-fpe\\\/#breadcrumb\"},\"inLanguage\":\"de\",\"potentialAction\":[{\"@type\":\"ReadAction\",\"target\":[\"https:\\\/\\\/sysmatec.ch\\\/de\\\/Produkt\\\/tischwaage-kern-fpe\\\/\"]}]},{\"@type\":\"ImageObject\",\"inLanguage\":\"de\",\"@id\":\"https:\\\/\\\/sysmatec.ch\\\/de\\\/Produkt\\\/tischwaage-kern-fpe\\\/#primaryimage\",\"url\":\"https:\\\/\\\/sysmatec.ch\\\/wp-content\\\/uploads\\\/2026\\\/01\\\/Balance_KernFPE1.jpg\",\"contentUrl\":\"https:\\\/\\\/sysmatec.ch\\\/wp-content\\\/uploads\\\/2026\\\/01\\\/Balance_KernFPE1.jpg\",\"width\":506,\"height\":451},{\"@type\":\"BreadcrumbList\",\"@id\":\"https:\\\/\\\/sysmatec.ch\\\/de\\\/Produkt\\\/tischwaage-kern-fpe\\\/#breadcrumb\",\"itemListElement\":[{\"@type\":\"ListItem\",\"position\":1,\"name\":\"Accueil\",\"item\":\"https:\\\/\\\/sysmatec.ch\\\/de\\\/\"},{\"@type\":\"ListItem\",\"position\":2,\"name\":\"Die Aktivit\u00e4t von Sysmatec\",\"item\":\"https:\\\/\\\/sysmatec.ch\\\/de\\\/\"},{\"@type\":\"ListItem\",\"position\":3,\"name\":\"Tischwaage KERN FPE\"}]},{\"@type\":\"WebSite\",\"@id\":\"https:\\\/\\\/sysmatec.ch\\\/de\\\/#website\",\"url\":\"https:\\\/\\\/sysmatec.ch\\\/de\\\/\",\"name\":\"Sysmatec\",\"description\":\"Equipement de laboratoire et logiciels\",\"publisher\":{\"@id\":\"https:\\\/\\\/sysmatec.ch\\\/de\\\/#organization\"},\"potentialAction\":[{\"@type\":\"SearchAction\",\"target\":{\"@type\":\"EntryPoint\",\"urlTemplate\":\"https:\\\/\\\/sysmatec.ch\\\/de\\\/?s={search_term_string}\"},\"query-input\":{\"@type\":\"PropertyValueSpecification\",\"valueRequired\":true,\"valueName\":\"search_term_string\"}}],\"inLanguage\":\"de\"},{\"@type\":\"Organization\",\"@id\":\"https:\\\/\\\/sysmatec.ch\\\/de\\\/#organization\",\"name\":\"Sysmatec\",\"url\":\"https:\\\/\\\/sysmatec.ch\\\/de\\\/\",\"logo\":{\"@type\":\"ImageObject\",\"inLanguage\":\"de\",\"@id\":\"https:\\\/\\\/sysmatec.ch\\\/de\\\/#\\\/schema\\\/logo\\\/image\\\/\",\"url\":\"https:\\\/\\\/sysmatec.ch\\\/wp-content\\\/uploads\\\/2018\\\/11\\\/LogoSysmatec.jpg\",\"contentUrl\":\"https:\\\/\\\/sysmatec.ch\\\/wp-content\\\/uploads\\\/2018\\\/11\\\/LogoSysmatec.jpg\",\"width\":301,\"height\":297,\"caption\":\"Sysmatec\"},\"image\":{\"@id\":\"https:\\\/\\\/sysmatec.ch\\\/de\\\/#\\\/schema\\\/logo\\\/image\\\/\"}}]}<\/script>\n<!-- \/ Yoast SEO plugin. -->","yoast_head_json":{"title":"Tischwaage KERN FPE - Sysmatec","description":"Einsteiger-Tischwaage mit Edelstahl-W\u00e4geplatte und Checkweighing-Funktion. Optional mit Eichung. Plages de mesure\u00a0: 0-3\u00a0kg \u00e0 0-30\u00a0kg.","robots":{"index":"index","follow":"follow","max-snippet":"max-snippet:-1","max-image-preview":"max-image-preview:large","max-video-preview":"max-video-preview:-1"},"canonical":"https:\/\/sysmatec.ch\/de\/Produkt\/tischwaage-kern-fpe\/","og_locale":"de_DE","og_type":"article","og_title":"Tischwaage KERN FPE - Sysmatec","og_description":"Einsteiger-Tischwaage mit Edelstahl-W\u00e4geplatte und Checkweighing-Funktion. Optional mit Eichung. Plages de mesure\u00a0: 0-3\u00a0kg \u00e0 0-30\u00a0kg.","og_url":"https:\/\/sysmatec.ch\/de\/Produkt\/tischwaage-kern-fpe\/","og_site_name":"Sysmatec","article_modified_time":"2026-01-17T13:14:40+00:00","og_image":[{"width":506,"height":451,"url":"https:\/\/sysmatec.ch\/wp-content\/uploads\/2026\/01\/Balance_KernFPE1.jpg","type":"image\/jpeg"}],"twitter_card":"summary_large_image","twitter_misc":{"Gesch\u00e4tzte Lesezeit":"2\u00a0Minuten"},"schema":{"@context":"https:\/\/schema.org","@graph":[{"@type":"WebPage","@id":"https:\/\/sysmatec.ch\/de\/Produkt\/tischwaage-kern-fpe\/","url":"https:\/\/sysmatec.ch\/de\/Produkt\/tischwaage-kern-fpe\/","name":"Tischwaage KERN FPE - Sysmatec","isPartOf":{"@id":"https:\/\/sysmatec.ch\/de\/#website"},"primaryImageOfPage":{"@id":"https:\/\/sysmatec.ch\/de\/Produkt\/tischwaage-kern-fpe\/#primaryimage"},"image":{"@id":"https:\/\/sysmatec.ch\/de\/Produkt\/tischwaage-kern-fpe\/#primaryimage"},"thumbnailUrl":"https:\/\/sysmatec.ch\/wp-content\/uploads\/2026\/01\/Balance_KernFPE1.jpg","datePublished":"2026-01-17T12:52:24+00:00","dateModified":"2026-01-17T13:14:40+00:00","description":"Einsteiger-Tischwaage mit Edelstahl-W\u00e4geplatte und Checkweighing-Funktion. Optional mit Eichung. Plages de mesure\u00a0: 0-3\u00a0kg \u00e0 0-30\u00a0kg.","breadcrumb":{"@id":"https:\/\/sysmatec.ch\/de\/Produkt\/tischwaage-kern-fpe\/#breadcrumb"},"inLanguage":"de","potentialAction":[{"@type":"ReadAction","target":["https:\/\/sysmatec.ch\/de\/Produkt\/tischwaage-kern-fpe\/"]}]},{"@type":"ImageObject","inLanguage":"de","@id":"https:\/\/sysmatec.ch\/de\/Produkt\/tischwaage-kern-fpe\/#primaryimage","url":"https:\/\/sysmatec.ch\/wp-content\/uploads\/2026\/01\/Balance_KernFPE1.jpg","contentUrl":"https:\/\/sysmatec.ch\/wp-content\/uploads\/2026\/01\/Balance_KernFPE1.jpg","width":506,"height":451},{"@type":"BreadcrumbList","@id":"https:\/\/sysmatec.ch\/de\/Produkt\/tischwaage-kern-fpe\/#breadcrumb","itemListElement":[{"@type":"ListItem","position":1,"name":"Accueil","item":"https:\/\/sysmatec.ch\/de\/"},{"@type":"ListItem","position":2,"name":"Die Aktivit\u00e4t von Sysmatec","item":"https:\/\/sysmatec.ch\/de\/"},{"@type":"ListItem","position":3,"name":"Tischwaage KERN FPE"}]},{"@type":"WebSite","@id":"https:\/\/sysmatec.ch\/de\/#website","url":"https:\/\/sysmatec.ch\/de\/","name":"Sysmatec","description":"Equipement de laboratoire et logiciels","publisher":{"@id":"https:\/\/sysmatec.ch\/de\/#organization"},"potentialAction":[{"@type":"SearchAction","target":{"@type":"EntryPoint","urlTemplate":"https:\/\/sysmatec.ch\/de\/?s={search_term_string}"},"query-input":{"@type":"PropertyValueSpecification","valueRequired":true,"valueName":"search_term_string"}}],"inLanguage":"de"},{"@type":"Organization","@id":"https:\/\/sysmatec.ch\/de\/#organization","name":"Sysmatec","url":"https:\/\/sysmatec.ch\/de\/","logo":{"@type":"ImageObject","inLanguage":"de","@id":"https:\/\/sysmatec.ch\/de\/#\/schema\/logo\/image\/","url":"https:\/\/sysmatec.ch\/wp-content\/uploads\/2018\/11\/LogoSysmatec.jpg","contentUrl":"https:\/\/sysmatec.ch\/wp-content\/uploads\/2018\/11\/LogoSysmatec.jpg","width":301,"height":297,"caption":"Sysmatec"},"image":{"@id":"https:\/\/sysmatec.ch\/de\/#\/schema\/logo\/image\/"}}]}},"_links":{"self":[{"href":"https:\/\/sysmatec.ch\/de\/wp-json\/wp\/v2\/product\/31370","targetHints":{"allow":["GET"]}}],"collection":[{"href":"https:\/\/sysmatec.ch\/de\/wp-json\/wp\/v2\/product"}],"about":[{"href":"https:\/\/sysmatec.ch\/de\/wp-json\/wp\/v2\/types\/product"}],"wp:featuredmedia":[{"embeddable":true,"href":"https:\/\/sysmatec.ch\/de\/wp-json\/wp\/v2\/media\/31374"}],"wp:attachment":[{"href":"https:\/\/sysmatec.ch\/de\/wp-json\/wp\/v2\/media?parent=31370"}],"wp:term":[{"taxonomy":"product_brand","embeddable":true,"href":"https:\/\/sysmatec.ch\/de\/wp-json\/wp\/v2\/product_brand?post=31370"},{"taxonomy":"product_cat","embeddable":true,"href":"https:\/\/sysmatec.ch\/de\/wp-json\/wp\/v2\/product_cat?post=31370"},{"taxonomy":"product_tag","embeddable":true,"href":"https:\/\/sysmatec.ch\/de\/wp-json\/wp\/v2\/product_tag?post=31370"}],"curies":[{"name":"wp","href":"https:\/\/api.w.org\/{rel}","templated":true}]}}