{"id":31363,"date":"2026-01-17T11:00:56","date_gmt":"2026-01-17T10:00:56","guid":{"rendered":"https:\/\/sysmatec.ch\/?post_type=product&#038;p=31363"},"modified":"2026-01-17T11:39:53","modified_gmt":"2026-01-17T10:39:53","slug":"tischwaage-kern-fpb","status":"publish","type":"product","link":"https:\/\/sysmatec.ch\/de\/Produkt\/tischwaage-kern-fpb\/","title":{"rendered":"Tischwaage KERN FPB"},"content":{"rendered":"<ul>\n<li>Robuste Tischwaage mit Schutzklasse IP68\/IP69K und Checkweighing-Display, optional mit Eichung (mit M gekennzeichnet in der Tabell)<\/li>\n<li>\u00a0Staub- und Spritzwasserschutz IP68\/IP69K. Dadurch sehr robust und langlebig. Ideal f\u00fcr raue Umgebungsbedingungen<\/li>\n<li>W\u00e4geplatte Edelstahl, leicht und hygienisch zu reinigen<\/li>\n<li>Akku und Netzteil im Lieferumfang enthalten zum kontinuierlichen Betrieb der Waage, auch w\u00e4hrend der Ladezeit<\/li>\n<li>Dank Akkubetrieb und kompakter, leichter Bauweise geeignet zum Einsatz an mehreren Standorten<\/li>\n<li>Innovatives Wiegen mit Toleranzbereich: Die Farbe des Displays wechselt je nach W\u00e4geergebnis (zu leicht\/ok\/zu schwer) und unterst\u00fctzt so das Portionieren, Dosieren und Sortieren<\/li>\n<li>Integrierte St\u00fcckz\u00e4hlfunktion mit speicherbarem St\u00fcckgewicht<\/li>\n<li>Sleep-Funktion: Waage wechselt nach einer einstellbaren Zeit ohne Aktion automatisch in den Energiesparmodus<\/li>\n<li>Gro\u00dfes, hinterleuchtetes LCD-Display, Ziffernh\u00f6he 25 mm \u00b7Abmessungen W\u00e4gefl\u00e4che, Edelstahl, B\u00d7T 190\u00d7230 mm<\/li>\n<li>Gesamtabmessungen B\u00d7T\u00d7H 288\u00d7233\u00d7102 mm<\/li>\n<li>Nettogewicht ca. 2.2 kg<\/li>\n<li>Akkubetrieb intern, Betriebsdauer bis zu 500 h ohne Hinterleuchtung, Ladezeit ca. 4 h<\/li>\n<li>Zul\u00e4ssiger Umgebungstemperaturbereich -10 \u00b0C\/40 \u00b0C<\/li>\n<\/ul>\n<p>&nbsp;<\/p>\n<table border=\"1\" width=\"577\" cellspacing=\"0\" cellpadding=\"2\">\n<tbody>\n<tr>\n<td>Modell<\/td>\n<td width=\"10%\">Ablesbarkeit<\/td>\n<td width=\"10%\">W\u00e4gebereich<\/td>\n<td width=\"10%\">Reproduzierbarkeit<\/td>\n<td width=\"10%\">Linearit\u00e4t<\/td>\n<\/tr>\n<tr>\n<td><\/td>\n<td width=\"10%\">g<\/td>\n<td width=\"10%\">kg<\/td>\n<td width=\"10%\">g<\/td>\n<td width=\"10%\">g<\/td>\n<\/tr>\n<tr>\n<td>FPB 3K-4<\/td>\n<td width=\"10%\">0.2<\/td>\n<td width=\"10%\">3<\/td>\n<td width=\"10%\">0.2<\/td>\n<td width=\"10%\">\u00b10.6<\/td>\n<\/tr>\n<tr>\n<td>FPB 6K-3<\/td>\n<td width=\"10%\">0.5<\/td>\n<td width=\"10%\">6<\/td>\n<td width=\"10%\">0.5<\/td>\n<td width=\"10%\">\u00b11.5<\/td>\n<\/tr>\n<tr>\n<td>FPB 15K-3<\/td>\n<td width=\"10%\">1<\/td>\n<td width=\"10%\">15<\/td>\n<td width=\"10%\">1<\/td>\n<td width=\"10%\">\u00b13<\/td>\n<\/tr>\n<tr>\n<td>FPB 30K-3<\/td>\n<td width=\"10%\">2<\/td>\n<td width=\"10%\">30<\/td>\n<td width=\"10%\">2<\/td>\n<td width=\"10%\">\u00b16<\/td>\n<\/tr>\n<tr>\n<td>FPB 3K-3M<\/td>\n<td width=\"10%\">1<\/td>\n<td width=\"10%\">3<\/td>\n<td width=\"10%\">1<\/td>\n<td width=\"10%\">\u00b13<\/td>\n<\/tr>\n<tr>\n<td>FPB 6K-3M<\/td>\n<td width=\"10%\">2<\/td>\n<td width=\"10%\">6<\/td>\n<td width=\"10%\">2<\/td>\n<td width=\"10%\">\u00b16<\/td>\n<\/tr>\n<tr>\n<td>FPB 15K-3M<\/td>\n<td width=\"10%\">5<\/td>\n<td width=\"10%\">15<\/td>\n<td width=\"10%\">5<\/td>\n<td width=\"10%\">\u00b115<\/td>\n<\/tr>\n<tr>\n<td>FPB 30K-2M<\/td>\n<td width=\"10%\">10<\/td>\n<td width=\"10%\">30<\/td>\n<td width=\"10%\">10<\/td>\n<td width=\"10%\">\u00b130<\/td>\n<\/tr>\n<\/tbody>\n<\/table>\n<p>F\u00fcr eichpflichtige Anwendung\u00a0<a href=\"https:\/\/www.kern-sohn.com\/shop\/de\/produkte\/industriewaagen\/tischwaagen\/tfpb-6k-3m-a\/#\" data-tippy-content=\"Eichen, nach neuer Begrifflichkeit \u201eKonformit\u00e4tsbewerten\u201c. Es k\u00f6nnen nur Waagen mit Bauartzulassung konformit\u00e4tsbewertet werden. Diese Waagen tragen das Metrologiekennzeichen M. Die Konformit\u00e4tsbewertung schreibt der Staat vor und sie dient dem Verbraucherschutz. Nach der EU-Richtlinie 2014\/31\/EU m\u00fcssen Waagen amtlich konformit\u00e4tsbewertet (\u201egeeicht\u201c) sein, wenn sie wie folgt verwendet werden: &lt;br&gt; &lt;br&gt; a) Im gesch\u00e4ftlichen Verkehr, wenn der Preis einer Ware durch W\u00e4gung bestimmt wird. &lt;br&gt; b) Bei der Herstellung von Arzneimitteln in Apotheken sowie bei Analysen im medizinischen und pharmazeutischen Labor.&lt;br&gt; c) Zu amtlichen Zwecken. &lt;br&gt; d) Bei der Herstellung von Fertigpackungen. &lt;br&gt; e) In der Heilkunde.&lt;br&gt; &lt;br&gt; Jede Waage wird von KERN gepr\u00fcft und mit der Konformit\u00e4tskennzeichnung versehen. Damit ist ihre Genauigkeit im Rahmen der zul\u00e4ssigen Toleranzen best\u00e4tigt. Der Geltungsbereich der EU-Eichung erstreckt sich auf alle Mitgliedsstaaten der EU (Europ\u00e4ische Union).\" aria-expanded=\"false\">Eichung<\/a>\u00a0(Konformit\u00e4tsbewertung\u00a0nach NAWI 2014\/31\/EU) bitte gleich mitbestellen, eine nachtr\u00e4gliche Ersteichung ist nicht m\u00f6glich. F\u00fcr die\u00a0<a href=\"https:\/\/www.kern-sohn.com\/shop\/de\/produkte\/industriewaagen\/tischwaagen\/tfpb-6k-3m-a\/#\" data-tippy-content=\"Eichen, nach neuer Begrifflichkeit \u201eKonformit\u00e4tsbewerten\u201c. Es k\u00f6nnen nur Waagen mit Bauartzulassung konformit\u00e4tsbewertet werden. Diese Waagen tragen das Metrologiekennzeichen M. Die Konformit\u00e4tsbewertung schreibt der Staat vor und sie dient dem Verbraucherschutz. Nach der EU-Richtlinie 2014\/31\/EU m\u00fcssen Waagen amtlich konformit\u00e4tsbewertet (\u201egeeicht\u201c) sein, wenn sie wie folgt verwendet werden: &lt;br&gt; &lt;br&gt; a) Im gesch\u00e4ftlichen Verkehr, wenn der Preis einer Ware durch W\u00e4gung bestimmt wird. &lt;br&gt; b) Bei der Herstellung von Arzneimitteln in Apotheken sowie bei Analysen im medizinischen und pharmazeutischen Labor.&lt;br&gt; c) Zu amtlichen Zwecken. &lt;br&gt; d) Bei der Herstellung von Fertigpackungen. &lt;br&gt; e) In der Heilkunde.&lt;br&gt; &lt;br&gt; Jede Waage wird von KERN gepr\u00fcft und mit der Konformit\u00e4tskennzeichnung versehen. Damit ist ihre Genauigkeit im Rahmen der zul\u00e4ssigen Toleranzen best\u00e4tigt. Der Geltungsbereich der EU-Eichung erstreckt sich auf alle Mitgliedsstaaten der EU (Europ\u00e4ische Union).\" aria-expanded=\"false\">Eichung<\/a>\u00a0ben\u00f6tigen wir die vollst\u00e4ndige Adresse des Aufstellungsortes<\/p>\n","protected":false},"excerpt":{"rendered":"<p>Industriewaage 0-3 kg bis 0-30 kg optional mit Eichung<\/p>\n","protected":false},"featured_media":31368,"template":"","meta":{"_crdt_document":""},"product_brand":[],"product_cat":[165,341],"product_tag":[],"class_list":{"0":"post-31363","1":"product","2":"type-product","3":"status-publish","4":"has-post-thumbnail","6":"product_cat-gewicht","7":"product_cat-industriell","9":"first","10":"instock","11":"taxable","12":"shipping-taxable","13":"product-type-simple"},"yoast_head":"<!-- This site is optimized with the Yoast SEO plugin v27.4 - https:\/\/yoast.com\/product\/yoast-seo-wordpress\/ -->\n<title>Tischwaage KERN FPB - Sysmatec<\/title>\n<meta name=\"description\" content=\"Robuste Tischwaage mit Schutzklasse IP68\/IP69K und Checkweighing-Display, Optional mit Eichung. Messbereiche\u00a0: 0 - 3\u00a0kg bis 0 - 30\u00a0kg.\" \/>\n<meta name=\"robots\" content=\"index, follow, max-snippet:-1, max-image-preview:large, max-video-preview:-1\" \/>\n<link rel=\"canonical\" href=\"https:\/\/sysmatec.ch\/de\/Produkt\/tischwaage-kern-fpb\/\" \/>\n<meta property=\"og:locale\" content=\"de_DE\" \/>\n<meta property=\"og:type\" content=\"article\" \/>\n<meta property=\"og:title\" content=\"Tischwaage KERN FPB - Sysmatec\" \/>\n<meta property=\"og:description\" content=\"Robuste Tischwaage mit Schutzklasse IP68\/IP69K und Checkweighing-Display, Optional mit Eichung. Messbereiche\u00a0: 0 - 3\u00a0kg bis 0 - 30\u00a0kg.\" \/>\n<meta property=\"og:url\" content=\"https:\/\/sysmatec.ch\/de\/Produkt\/tischwaage-kern-fpb\/\" \/>\n<meta property=\"og:site_name\" content=\"Sysmatec\" \/>\n<meta property=\"article:modified_time\" content=\"2026-01-17T10:39:53+00:00\" \/>\n<meta property=\"og:image\" content=\"https:\/\/sysmatec.ch\/wp-content\/uploads\/2026\/01\/Balance_KernFPB1.jpg\" \/>\n\t<meta property=\"og:image:width\" content=\"516\" \/>\n\t<meta property=\"og:image:height\" content=\"463\" \/>\n\t<meta property=\"og:image:type\" content=\"image\/jpeg\" \/>\n<meta name=\"twitter:card\" content=\"summary_large_image\" \/>\n<meta name=\"twitter:label1\" content=\"Gesch\u00e4tzte Lesezeit\" \/>\n\t<meta name=\"twitter:data1\" content=\"3\u00a0Minuten\" \/>\n<script type=\"application\/ld+json\" class=\"yoast-schema-graph\">{\"@context\":\"https:\\\/\\\/schema.org\",\"@graph\":[{\"@type\":\"WebPage\",\"@id\":\"https:\\\/\\\/sysmatec.ch\\\/de\\\/Produkt\\\/tischwaage-kern-fpb\\\/\",\"url\":\"https:\\\/\\\/sysmatec.ch\\\/de\\\/Produkt\\\/tischwaage-kern-fpb\\\/\",\"name\":\"Tischwaage KERN FPB - Sysmatec\",\"isPartOf\":{\"@id\":\"https:\\\/\\\/sysmatec.ch\\\/de\\\/#website\"},\"primaryImageOfPage\":{\"@id\":\"https:\\\/\\\/sysmatec.ch\\\/de\\\/Produkt\\\/tischwaage-kern-fpb\\\/#primaryimage\"},\"image\":{\"@id\":\"https:\\\/\\\/sysmatec.ch\\\/de\\\/Produkt\\\/tischwaage-kern-fpb\\\/#primaryimage\"},\"thumbnailUrl\":\"https:\\\/\\\/sysmatec.ch\\\/wp-content\\\/uploads\\\/2026\\\/01\\\/Balance_KernFPB1.jpg\",\"datePublished\":\"2026-01-17T10:00:56+00:00\",\"dateModified\":\"2026-01-17T10:39:53+00:00\",\"description\":\"Robuste Tischwaage mit Schutzklasse IP68\\\/IP69K und Checkweighing-Display, Optional mit Eichung. Messbereiche\u00a0: 0 - 3\u00a0kg bis 0 - 30\u00a0kg.\",\"breadcrumb\":{\"@id\":\"https:\\\/\\\/sysmatec.ch\\\/de\\\/Produkt\\\/tischwaage-kern-fpb\\\/#breadcrumb\"},\"inLanguage\":\"de\",\"potentialAction\":[{\"@type\":\"ReadAction\",\"target\":[\"https:\\\/\\\/sysmatec.ch\\\/de\\\/Produkt\\\/tischwaage-kern-fpb\\\/\"]}]},{\"@type\":\"ImageObject\",\"inLanguage\":\"de\",\"@id\":\"https:\\\/\\\/sysmatec.ch\\\/de\\\/Produkt\\\/tischwaage-kern-fpb\\\/#primaryimage\",\"url\":\"https:\\\/\\\/sysmatec.ch\\\/wp-content\\\/uploads\\\/2026\\\/01\\\/Balance_KernFPB1.jpg\",\"contentUrl\":\"https:\\\/\\\/sysmatec.ch\\\/wp-content\\\/uploads\\\/2026\\\/01\\\/Balance_KernFPB1.jpg\",\"width\":516,\"height\":463},{\"@type\":\"BreadcrumbList\",\"@id\":\"https:\\\/\\\/sysmatec.ch\\\/de\\\/Produkt\\\/tischwaage-kern-fpb\\\/#breadcrumb\",\"itemListElement\":[{\"@type\":\"ListItem\",\"position\":1,\"name\":\"Accueil\",\"item\":\"https:\\\/\\\/sysmatec.ch\\\/de\\\/\"},{\"@type\":\"ListItem\",\"position\":2,\"name\":\"Die Aktivit\u00e4t von Sysmatec\",\"item\":\"https:\\\/\\\/sysmatec.ch\\\/de\\\/\"},{\"@type\":\"ListItem\",\"position\":3,\"name\":\"Tischwaage KERN FPB\"}]},{\"@type\":\"WebSite\",\"@id\":\"https:\\\/\\\/sysmatec.ch\\\/de\\\/#website\",\"url\":\"https:\\\/\\\/sysmatec.ch\\\/de\\\/\",\"name\":\"Sysmatec\",\"description\":\"Equipement de laboratoire et logiciels\",\"publisher\":{\"@id\":\"https:\\\/\\\/sysmatec.ch\\\/de\\\/#organization\"},\"potentialAction\":[{\"@type\":\"SearchAction\",\"target\":{\"@type\":\"EntryPoint\",\"urlTemplate\":\"https:\\\/\\\/sysmatec.ch\\\/de\\\/?s={search_term_string}\"},\"query-input\":{\"@type\":\"PropertyValueSpecification\",\"valueRequired\":true,\"valueName\":\"search_term_string\"}}],\"inLanguage\":\"de\"},{\"@type\":\"Organization\",\"@id\":\"https:\\\/\\\/sysmatec.ch\\\/de\\\/#organization\",\"name\":\"Sysmatec\",\"url\":\"https:\\\/\\\/sysmatec.ch\\\/de\\\/\",\"logo\":{\"@type\":\"ImageObject\",\"inLanguage\":\"de\",\"@id\":\"https:\\\/\\\/sysmatec.ch\\\/de\\\/#\\\/schema\\\/logo\\\/image\\\/\",\"url\":\"https:\\\/\\\/sysmatec.ch\\\/wp-content\\\/uploads\\\/2018\\\/11\\\/LogoSysmatec.jpg\",\"contentUrl\":\"https:\\\/\\\/sysmatec.ch\\\/wp-content\\\/uploads\\\/2018\\\/11\\\/LogoSysmatec.jpg\",\"width\":301,\"height\":297,\"caption\":\"Sysmatec\"},\"image\":{\"@id\":\"https:\\\/\\\/sysmatec.ch\\\/de\\\/#\\\/schema\\\/logo\\\/image\\\/\"}}]}<\/script>\n<!-- \/ Yoast SEO plugin. -->","yoast_head_json":{"title":"Tischwaage KERN FPB - Sysmatec","description":"Robuste Tischwaage mit Schutzklasse IP68\/IP69K und Checkweighing-Display, Optional mit Eichung. Messbereiche\u00a0: 0 - 3\u00a0kg bis 0 - 30\u00a0kg.","robots":{"index":"index","follow":"follow","max-snippet":"max-snippet:-1","max-image-preview":"max-image-preview:large","max-video-preview":"max-video-preview:-1"},"canonical":"https:\/\/sysmatec.ch\/de\/Produkt\/tischwaage-kern-fpb\/","og_locale":"de_DE","og_type":"article","og_title":"Tischwaage KERN FPB - Sysmatec","og_description":"Robuste Tischwaage mit Schutzklasse IP68\/IP69K und Checkweighing-Display, Optional mit Eichung. Messbereiche\u00a0: 0 - 3\u00a0kg bis 0 - 30\u00a0kg.","og_url":"https:\/\/sysmatec.ch\/de\/Produkt\/tischwaage-kern-fpb\/","og_site_name":"Sysmatec","article_modified_time":"2026-01-17T10:39:53+00:00","og_image":[{"width":516,"height":463,"url":"https:\/\/sysmatec.ch\/wp-content\/uploads\/2026\/01\/Balance_KernFPB1.jpg","type":"image\/jpeg"}],"twitter_card":"summary_large_image","twitter_misc":{"Gesch\u00e4tzte Lesezeit":"3\u00a0Minuten"},"schema":{"@context":"https:\/\/schema.org","@graph":[{"@type":"WebPage","@id":"https:\/\/sysmatec.ch\/de\/Produkt\/tischwaage-kern-fpb\/","url":"https:\/\/sysmatec.ch\/de\/Produkt\/tischwaage-kern-fpb\/","name":"Tischwaage KERN FPB - Sysmatec","isPartOf":{"@id":"https:\/\/sysmatec.ch\/de\/#website"},"primaryImageOfPage":{"@id":"https:\/\/sysmatec.ch\/de\/Produkt\/tischwaage-kern-fpb\/#primaryimage"},"image":{"@id":"https:\/\/sysmatec.ch\/de\/Produkt\/tischwaage-kern-fpb\/#primaryimage"},"thumbnailUrl":"https:\/\/sysmatec.ch\/wp-content\/uploads\/2026\/01\/Balance_KernFPB1.jpg","datePublished":"2026-01-17T10:00:56+00:00","dateModified":"2026-01-17T10:39:53+00:00","description":"Robuste Tischwaage mit Schutzklasse IP68\/IP69K und Checkweighing-Display, Optional mit Eichung. Messbereiche\u00a0: 0 - 3\u00a0kg bis 0 - 30\u00a0kg.","breadcrumb":{"@id":"https:\/\/sysmatec.ch\/de\/Produkt\/tischwaage-kern-fpb\/#breadcrumb"},"inLanguage":"de","potentialAction":[{"@type":"ReadAction","target":["https:\/\/sysmatec.ch\/de\/Produkt\/tischwaage-kern-fpb\/"]}]},{"@type":"ImageObject","inLanguage":"de","@id":"https:\/\/sysmatec.ch\/de\/Produkt\/tischwaage-kern-fpb\/#primaryimage","url":"https:\/\/sysmatec.ch\/wp-content\/uploads\/2026\/01\/Balance_KernFPB1.jpg","contentUrl":"https:\/\/sysmatec.ch\/wp-content\/uploads\/2026\/01\/Balance_KernFPB1.jpg","width":516,"height":463},{"@type":"BreadcrumbList","@id":"https:\/\/sysmatec.ch\/de\/Produkt\/tischwaage-kern-fpb\/#breadcrumb","itemListElement":[{"@type":"ListItem","position":1,"name":"Accueil","item":"https:\/\/sysmatec.ch\/de\/"},{"@type":"ListItem","position":2,"name":"Die Aktivit\u00e4t von Sysmatec","item":"https:\/\/sysmatec.ch\/de\/"},{"@type":"ListItem","position":3,"name":"Tischwaage KERN FPB"}]},{"@type":"WebSite","@id":"https:\/\/sysmatec.ch\/de\/#website","url":"https:\/\/sysmatec.ch\/de\/","name":"Sysmatec","description":"Equipement de laboratoire et logiciels","publisher":{"@id":"https:\/\/sysmatec.ch\/de\/#organization"},"potentialAction":[{"@type":"SearchAction","target":{"@type":"EntryPoint","urlTemplate":"https:\/\/sysmatec.ch\/de\/?s={search_term_string}"},"query-input":{"@type":"PropertyValueSpecification","valueRequired":true,"valueName":"search_term_string"}}],"inLanguage":"de"},{"@type":"Organization","@id":"https:\/\/sysmatec.ch\/de\/#organization","name":"Sysmatec","url":"https:\/\/sysmatec.ch\/de\/","logo":{"@type":"ImageObject","inLanguage":"de","@id":"https:\/\/sysmatec.ch\/de\/#\/schema\/logo\/image\/","url":"https:\/\/sysmatec.ch\/wp-content\/uploads\/2018\/11\/LogoSysmatec.jpg","contentUrl":"https:\/\/sysmatec.ch\/wp-content\/uploads\/2018\/11\/LogoSysmatec.jpg","width":301,"height":297,"caption":"Sysmatec"},"image":{"@id":"https:\/\/sysmatec.ch\/de\/#\/schema\/logo\/image\/"}}]}},"_links":{"self":[{"href":"https:\/\/sysmatec.ch\/de\/wp-json\/wp\/v2\/product\/31363","targetHints":{"allow":["GET"]}}],"collection":[{"href":"https:\/\/sysmatec.ch\/de\/wp-json\/wp\/v2\/product"}],"about":[{"href":"https:\/\/sysmatec.ch\/de\/wp-json\/wp\/v2\/types\/product"}],"wp:featuredmedia":[{"embeddable":true,"href":"https:\/\/sysmatec.ch\/de\/wp-json\/wp\/v2\/media\/31368"}],"wp:attachment":[{"href":"https:\/\/sysmatec.ch\/de\/wp-json\/wp\/v2\/media?parent=31363"}],"wp:term":[{"taxonomy":"product_brand","embeddable":true,"href":"https:\/\/sysmatec.ch\/de\/wp-json\/wp\/v2\/product_brand?post=31363"},{"taxonomy":"product_cat","embeddable":true,"href":"https:\/\/sysmatec.ch\/de\/wp-json\/wp\/v2\/product_cat?post=31363"},{"taxonomy":"product_tag","embeddable":true,"href":"https:\/\/sysmatec.ch\/de\/wp-json\/wp\/v2\/product_tag?post=31363"}],"curies":[{"name":"wp","href":"https:\/\/api.w.org\/{rel}","templated":true}]}}