{"id":3135,"date":"2019-02-16T18:48:02","date_gmt":"2019-02-16T17:48:02","guid":{"rendered":"https:\/\/sysmatec.ch\/produit\/balance-de-charge-dessieu-vhp\/"},"modified":"2022-02-26T19:03:00","modified_gmt":"2022-02-26T18:03:00","slug":"achslastwaage-vhp","status":"publish","type":"product","link":"https:\/\/sysmatec.ch\/de\/Produkt\/achslastwaage-vhp\/","title":{"rendered":"Achslastwaage VHP"},"content":{"rendered":"<ul>\n<li type=\"disc\">Mobile Achslastwaage zur schnellen Kontrolle von Fahrzeugen. Platzsparend und kosteng\u00fcnstig. Ideal f\u00fcr mobile Polizei- oder Zollkontrollen, auf M\u00fclldeponien, in Kieswerken, Biogasanlagen etc.<\/li>\n<\/ul>\n<ul>\n<li type=\"disc\">Auswerteger\u00e4t mit integriertem Thermotransferdrucker und Akku in stabilem, gepolstertem Transportkoffer. 6 Schnellverschlusskupplungen zur Anbindung von bis zu 6 W\u00e4gepads. Die W\u00e4gewerte der einzelnen W\u00e4gepads k\u00f6nnen einzeln oder kummuliert ausgegeben werden.<\/li>\n<\/ul>\n<ul>\n<li type=\"disc\">W\u00e4gepad (Radlastplatte) extrem biegesteif durch hohe Materialst\u00e4rke. Besonders flache Bauweise, nur 35 mm. Aufnahmen f\u00fcr Auffahrrampen und Zwischenplatten an beiden Seiten, dadurch beliebig erweiterbar.<\/li>\n<\/ul>\n<ul>\n<li type=\"disc\">Lieferumfang:\n<ul>\n<li type=\"disc\">2 W\u00e4gepads (Radlastplatten)<\/li>\n<li type=\"disc\">4 Auffahrrampen<\/li>\n<li type=\"disc\">1 Auswerteger\u00e4t im stabilen \/ Transportkoffer<\/li>\n<\/ul>\n<\/li>\n<li type=\"disc\">Der Standard-Lieferumfang kann um weitere W\u00e4gepads, Rampenverl\u00e4ngerungen und Ausgleichsplattformen erweitert und so individuell an vielf\u00e4ltigste Einsatzzwecke angepasst werden.<\/li>\n<\/ul>\n<table border=\"1\" width=\"456\" cellspacing=\"0\" cellpadding=\"2\">\n<tbody>\n<tr>\n<td>Modell<\/td>\n<td width=\"10%\">Ablesbarkeit<\/td>\n<td width=\"10%\">W\u00e4gebereich<\/td>\n<\/tr>\n<tr>\n<td><\/td>\n<td width=\"10%\">kg<\/td>\n<td width=\"10%\">kg<\/td>\n<\/tr>\n<tr>\n<td>VHP 6T-3<\/td>\n<td width=\"10%\">5<\/td>\n<td width=\"10%\">6 000<\/td>\n<\/tr>\n<tr>\n<td><\/td>\n<td width=\"10%\"><\/td>\n<td width=\"10%\"><\/td>\n<\/tr>\n<\/tbody>\n<\/table>\n","protected":false},"excerpt":{"rendered":"<p>Achslastwaage<\/p>\n","protected":false},"featured_media":3133,"template":"","meta":{"_crdt_document":""},"product_brand":[],"product_cat":[165,339],"product_tag":[],"class_list":{"0":"post-3135","1":"product","2":"type-product","3":"status-publish","4":"has-post-thumbnail","6":"product_cat-gewicht","7":"product_cat-plattform","9":"first","10":"instock","11":"taxable","12":"shipping-taxable","13":"purchasable","14":"product-type-simple"},"yoast_head":"<!-- This site is optimized with the Yoast SEO plugin v27.3 - https:\/\/yoast.com\/product\/yoast-seo-wordpress\/ -->\n<title>Achslastwaage VHP - Sysmatec<\/title>\n<meta name=\"description\" content=\"Achslastausgleich. Standmodule erm\u00f6glichen die mobile Steuerung von Fahrzeugen bis 15 Tonnen.\" \/>\n<meta name=\"robots\" content=\"index, follow, max-snippet:-1, max-image-preview:large, max-video-preview:-1\" \/>\n<link rel=\"canonical\" href=\"https:\/\/sysmatec.ch\/de\/produit\/achslastwaage-vhp\/\" \/>\n<meta property=\"og:locale\" content=\"de_DE\" \/>\n<meta property=\"og:type\" content=\"article\" \/>\n<meta property=\"og:title\" content=\"Achslastwaage VHP - Sysmatec\" \/>\n<meta property=\"og:description\" content=\"Achslastausgleich. Standmodule erm\u00f6glichen die mobile Steuerung von Fahrzeugen bis 15 Tonnen.\" \/>\n<meta property=\"og:url\" content=\"https:\/\/sysmatec.ch\/de\/produit\/achslastwaage-vhp\/\" \/>\n<meta property=\"og:site_name\" content=\"Sysmatec\" \/>\n<meta property=\"article:modified_time\" content=\"2022-02-26T18:03:00+00:00\" \/>\n<meta property=\"og:image\" content=\"https:\/\/sysmatec.ch\/wp-content\/uploads\/2019\/02\/Balance_KernVHP.jpg\" \/>\n\t<meta property=\"og:image:width\" content=\"189\" \/>\n\t<meta property=\"og:image:height\" content=\"126\" \/>\n\t<meta property=\"og:image:type\" content=\"image\/jpeg\" \/>\n<meta name=\"twitter:card\" content=\"summary_large_image\" \/>\n<meta name=\"twitter:label1\" content=\"Gesch\u00e4tzte Lesezeit\" \/>\n\t<meta name=\"twitter:data1\" content=\"1\u00a0Minute\" \/>\n<script type=\"application\/ld+json\" class=\"yoast-schema-graph\">{\"@context\":\"https:\\\/\\\/schema.org\",\"@graph\":[{\"@type\":\"WebPage\",\"@id\":\"https:\\\/\\\/sysmatec.ch\\\/de\\\/produit\\\/achslastwaage-vhp\\\/\",\"url\":\"https:\\\/\\\/sysmatec.ch\\\/de\\\/produit\\\/achslastwaage-vhp\\\/\",\"name\":\"Achslastwaage VHP - Sysmatec\",\"isPartOf\":{\"@id\":\"https:\\\/\\\/sysmatec.ch\\\/de\\\/#website\"},\"primaryImageOfPage\":{\"@id\":\"https:\\\/\\\/sysmatec.ch\\\/de\\\/produit\\\/achslastwaage-vhp\\\/#primaryimage\"},\"image\":{\"@id\":\"https:\\\/\\\/sysmatec.ch\\\/de\\\/produit\\\/achslastwaage-vhp\\\/#primaryimage\"},\"thumbnailUrl\":\"https:\\\/\\\/sysmatec.ch\\\/wp-content\\\/uploads\\\/2019\\\/02\\\/Balance_KernVHP.jpg\",\"datePublished\":\"2019-02-16T17:48:02+00:00\",\"dateModified\":\"2022-02-26T18:03:00+00:00\",\"description\":\"Achslastausgleich. Standmodule erm\u00f6glichen die mobile Steuerung von Fahrzeugen bis 15 Tonnen.\",\"breadcrumb\":{\"@id\":\"https:\\\/\\\/sysmatec.ch\\\/de\\\/produit\\\/achslastwaage-vhp\\\/#breadcrumb\"},\"inLanguage\":\"de\",\"potentialAction\":[{\"@type\":\"ReadAction\",\"target\":[\"https:\\\/\\\/sysmatec.ch\\\/de\\\/produit\\\/achslastwaage-vhp\\\/\"]}]},{\"@type\":\"ImageObject\",\"inLanguage\":\"de\",\"@id\":\"https:\\\/\\\/sysmatec.ch\\\/de\\\/produit\\\/achslastwaage-vhp\\\/#primaryimage\",\"url\":\"https:\\\/\\\/sysmatec.ch\\\/wp-content\\\/uploads\\\/2019\\\/02\\\/Balance_KernVHP.jpg\",\"contentUrl\":\"https:\\\/\\\/sysmatec.ch\\\/wp-content\\\/uploads\\\/2019\\\/02\\\/Balance_KernVHP.jpg\",\"width\":189,\"height\":126},{\"@type\":\"BreadcrumbList\",\"@id\":\"https:\\\/\\\/sysmatec.ch\\\/de\\\/produit\\\/achslastwaage-vhp\\\/#breadcrumb\",\"itemListElement\":[{\"@type\":\"ListItem\",\"position\":1,\"name\":\"Accueil\",\"item\":\"https:\\\/\\\/sysmatec.ch\\\/de\\\/\"},{\"@type\":\"ListItem\",\"position\":2,\"name\":\"Die Aktivit\u00e4t von Sysmatec\",\"item\":\"https:\\\/\\\/sysmatec.ch\\\/de\\\/\"},{\"@type\":\"ListItem\",\"position\":3,\"name\":\"Achslastwaage VHP\"}]},{\"@type\":\"WebSite\",\"@id\":\"https:\\\/\\\/sysmatec.ch\\\/de\\\/#website\",\"url\":\"https:\\\/\\\/sysmatec.ch\\\/de\\\/\",\"name\":\"Sysmatec\",\"description\":\"Equipement de laboratoire et logiciels\",\"publisher\":{\"@id\":\"https:\\\/\\\/sysmatec.ch\\\/de\\\/#organization\"},\"potentialAction\":[{\"@type\":\"SearchAction\",\"target\":{\"@type\":\"EntryPoint\",\"urlTemplate\":\"https:\\\/\\\/sysmatec.ch\\\/de\\\/?s={search_term_string}\"},\"query-input\":{\"@type\":\"PropertyValueSpecification\",\"valueRequired\":true,\"valueName\":\"search_term_string\"}}],\"inLanguage\":\"de\"},{\"@type\":\"Organization\",\"@id\":\"https:\\\/\\\/sysmatec.ch\\\/de\\\/#organization\",\"name\":\"Sysmatec\",\"url\":\"https:\\\/\\\/sysmatec.ch\\\/de\\\/\",\"logo\":{\"@type\":\"ImageObject\",\"inLanguage\":\"de\",\"@id\":\"https:\\\/\\\/sysmatec.ch\\\/de\\\/#\\\/schema\\\/logo\\\/image\\\/\",\"url\":\"https:\\\/\\\/sysmatec.ch\\\/wp-content\\\/uploads\\\/2018\\\/11\\\/LogoSysmatec.jpg\",\"contentUrl\":\"https:\\\/\\\/sysmatec.ch\\\/wp-content\\\/uploads\\\/2018\\\/11\\\/LogoSysmatec.jpg\",\"width\":301,\"height\":297,\"caption\":\"Sysmatec\"},\"image\":{\"@id\":\"https:\\\/\\\/sysmatec.ch\\\/de\\\/#\\\/schema\\\/logo\\\/image\\\/\"}}]}<\/script>\n<!-- \/ Yoast SEO plugin. -->","yoast_head_json":{"title":"Achslastwaage VHP - Sysmatec","description":"Achslastausgleich. Standmodule erm\u00f6glichen die mobile Steuerung von Fahrzeugen bis 15 Tonnen.","robots":{"index":"index","follow":"follow","max-snippet":"max-snippet:-1","max-image-preview":"max-image-preview:large","max-video-preview":"max-video-preview:-1"},"canonical":"https:\/\/sysmatec.ch\/de\/produit\/achslastwaage-vhp\/","og_locale":"de_DE","og_type":"article","og_title":"Achslastwaage VHP - Sysmatec","og_description":"Achslastausgleich. Standmodule erm\u00f6glichen die mobile Steuerung von Fahrzeugen bis 15 Tonnen.","og_url":"https:\/\/sysmatec.ch\/de\/produit\/achslastwaage-vhp\/","og_site_name":"Sysmatec","article_modified_time":"2022-02-26T18:03:00+00:00","og_image":[{"width":189,"height":126,"url":"https:\/\/sysmatec.ch\/wp-content\/uploads\/2019\/02\/Balance_KernVHP.jpg","type":"image\/jpeg"}],"twitter_card":"summary_large_image","twitter_misc":{"Gesch\u00e4tzte Lesezeit":"1\u00a0Minute"},"schema":{"@context":"https:\/\/schema.org","@graph":[{"@type":"WebPage","@id":"https:\/\/sysmatec.ch\/de\/produit\/achslastwaage-vhp\/","url":"https:\/\/sysmatec.ch\/de\/produit\/achslastwaage-vhp\/","name":"Achslastwaage VHP - Sysmatec","isPartOf":{"@id":"https:\/\/sysmatec.ch\/de\/#website"},"primaryImageOfPage":{"@id":"https:\/\/sysmatec.ch\/de\/produit\/achslastwaage-vhp\/#primaryimage"},"image":{"@id":"https:\/\/sysmatec.ch\/de\/produit\/achslastwaage-vhp\/#primaryimage"},"thumbnailUrl":"https:\/\/sysmatec.ch\/wp-content\/uploads\/2019\/02\/Balance_KernVHP.jpg","datePublished":"2019-02-16T17:48:02+00:00","dateModified":"2022-02-26T18:03:00+00:00","description":"Achslastausgleich. Standmodule erm\u00f6glichen die mobile Steuerung von Fahrzeugen bis 15 Tonnen.","breadcrumb":{"@id":"https:\/\/sysmatec.ch\/de\/produit\/achslastwaage-vhp\/#breadcrumb"},"inLanguage":"de","potentialAction":[{"@type":"ReadAction","target":["https:\/\/sysmatec.ch\/de\/produit\/achslastwaage-vhp\/"]}]},{"@type":"ImageObject","inLanguage":"de","@id":"https:\/\/sysmatec.ch\/de\/produit\/achslastwaage-vhp\/#primaryimage","url":"https:\/\/sysmatec.ch\/wp-content\/uploads\/2019\/02\/Balance_KernVHP.jpg","contentUrl":"https:\/\/sysmatec.ch\/wp-content\/uploads\/2019\/02\/Balance_KernVHP.jpg","width":189,"height":126},{"@type":"BreadcrumbList","@id":"https:\/\/sysmatec.ch\/de\/produit\/achslastwaage-vhp\/#breadcrumb","itemListElement":[{"@type":"ListItem","position":1,"name":"Accueil","item":"https:\/\/sysmatec.ch\/de\/"},{"@type":"ListItem","position":2,"name":"Die Aktivit\u00e4t von Sysmatec","item":"https:\/\/sysmatec.ch\/de\/"},{"@type":"ListItem","position":3,"name":"Achslastwaage VHP"}]},{"@type":"WebSite","@id":"https:\/\/sysmatec.ch\/de\/#website","url":"https:\/\/sysmatec.ch\/de\/","name":"Sysmatec","description":"Equipement de laboratoire et logiciels","publisher":{"@id":"https:\/\/sysmatec.ch\/de\/#organization"},"potentialAction":[{"@type":"SearchAction","target":{"@type":"EntryPoint","urlTemplate":"https:\/\/sysmatec.ch\/de\/?s={search_term_string}"},"query-input":{"@type":"PropertyValueSpecification","valueRequired":true,"valueName":"search_term_string"}}],"inLanguage":"de"},{"@type":"Organization","@id":"https:\/\/sysmatec.ch\/de\/#organization","name":"Sysmatec","url":"https:\/\/sysmatec.ch\/de\/","logo":{"@type":"ImageObject","inLanguage":"de","@id":"https:\/\/sysmatec.ch\/de\/#\/schema\/logo\/image\/","url":"https:\/\/sysmatec.ch\/wp-content\/uploads\/2018\/11\/LogoSysmatec.jpg","contentUrl":"https:\/\/sysmatec.ch\/wp-content\/uploads\/2018\/11\/LogoSysmatec.jpg","width":301,"height":297,"caption":"Sysmatec"},"image":{"@id":"https:\/\/sysmatec.ch\/de\/#\/schema\/logo\/image\/"}}]}},"_links":{"self":[{"href":"https:\/\/sysmatec.ch\/de\/wp-json\/wp\/v2\/product\/3135","targetHints":{"allow":["GET"]}}],"collection":[{"href":"https:\/\/sysmatec.ch\/de\/wp-json\/wp\/v2\/product"}],"about":[{"href":"https:\/\/sysmatec.ch\/de\/wp-json\/wp\/v2\/types\/product"}],"wp:featuredmedia":[{"embeddable":true,"href":"https:\/\/sysmatec.ch\/de\/wp-json\/wp\/v2\/media\/3133"}],"wp:attachment":[{"href":"https:\/\/sysmatec.ch\/de\/wp-json\/wp\/v2\/media?parent=3135"}],"wp:term":[{"taxonomy":"product_brand","embeddable":true,"href":"https:\/\/sysmatec.ch\/de\/wp-json\/wp\/v2\/product_brand?post=3135"},{"taxonomy":"product_cat","embeddable":true,"href":"https:\/\/sysmatec.ch\/de\/wp-json\/wp\/v2\/product_cat?post=3135"},{"taxonomy":"product_tag","embeddable":true,"href":"https:\/\/sysmatec.ch\/de\/wp-json\/wp\/v2\/product_tag?post=3135"}],"curies":[{"name":"wp","href":"https:\/\/api.w.org\/{rel}","templated":true}]}}