{"id":31302,"date":"2026-01-16T08:48:09","date_gmt":"2026-01-16T07:48:09","guid":{"rendered":"https:\/\/sysmatec.ch\/?post_type=product&#038;p=31302"},"modified":"2026-01-17T09:47:40","modified_gmt":"2026-01-17T08:47:40","slug":"prazisionswaage-kern-pds-und-pdt","status":"publish","type":"product","link":"https:\/\/sysmatec.ch\/de\/Produkt\/prazisionswaage-kern-pds-und-pdt\/","title":{"rendered":"Pr\u00e4zisionswaage KERN PDS und PDT"},"content":{"rendered":"<ul>\n<li>Der breite Funktionsumfang dieser Pr\u00e4zisions waagenserie qualifiziert sie u. a. f\u00fcr den Einsatz in der Pharmaindustrie. Dazu geh\u00f6ren z. B. die Statistikfunktion, Wiegen mit Toleranzbereich,<br \/>\nZ\u00e4hlfunktion, Prozentw\u00e4gung, Summierfunktion und viele weitere<\/li>\n<li>Modernes Touch-Display mit komfortabler Bedienung erm\u00f6glicht z. B. Umschalten der Einheit oder Starten der Justage direkt \u00fcbers Display<\/li>\n<li>Per Windows-Direct-Funktion k\u00f6nnen W\u00e4ge werte via USB-Device-Anschluss direkt von der Waage in eine Windows-Anwendung \u00fcbertragen werden, ohne dass eine manuelle Eingabe erforderlich ist<\/li>\n<li>Windschutz serienm\u00e4\u00dfig bei Modellen mit [d] = 0,001 g, W\u00e4geraum B\u00d7T\u00d7H 174\u00d7162\u00d7228 mm<\/li>\n<li>GLP\/ISO-Protokollierung mit Datum, Uhrzeit und Ident-Nr. bei Waagenjustage oder W\u00e4ge vorgang<\/li>\n<li>Unterst\u00fctzt in der Datenintegrit\u00e4t gem\u00e4\u00df U.S. FDA 21 Part 11 (z. B. Wiegeergebnis, Sample ID, Benutzername, Waagen ID &#8230;)<\/li>\n<li>PDS: Modelle mit externer Justierung, PDT : Modelle mit interner Justierung<\/li>\n<li style=\"list-style-type: none;\"><\/li>\n<\/ul>\n<table border=\"1\" width=\"636\" cellspacing=\"0\" cellpadding=\"2\">\n<tbody>\n<tr>\n<td>Modelle<\/td>\n<td width=\"10%\">Ablesbarkeit<\/td>\n<td width=\"10%\">W\u00e4gebereich<\/td>\n<td width=\"10%\">Reproduzierbarkeit<\/td>\n<td width=\"10%\">Linearit\u00e4t<\/td>\n<td width=\"10%\">Platte<\/td>\n<\/tr>\n<tr>\n<td><\/td>\n<td width=\"10%\">g<\/td>\n<td width=\"10%\">g<\/td>\n<td width=\"10%\">g<\/td>\n<td width=\"10%\">g<\/td>\n<td width=\"10%\">mm<\/td>\n<\/tr>\n<tr>\n<td>PDS 300-3<\/td>\n<td width=\"10%\">0.001<\/td>\n<td width=\"10%\">320<\/td>\n<td width=\"10%\">0.003<\/td>\n<td width=\"10%\">\u00b10.003<\/td>\n<td width=\"10%\">diam. 115<\/td>\n<\/tr>\n<tr>\n<td>PDS 600-3<\/td>\n<td width=\"10%\">0.001<\/td>\n<td width=\"10%\">620<\/td>\n<td width=\"10%\">0.003<\/td>\n<td width=\"10%\">\u00b10.003<\/td>\n<td width=\"10%\">diam. 115<\/td>\n<\/tr>\n<tr>\n<td>PDS 1000-3<\/td>\n<td width=\"10%\">0.001<\/td>\n<td width=\"10%\">1020<\/td>\n<td width=\"10%\">0.004<\/td>\n<td width=\"10%\">\u00b10.005<\/td>\n<td width=\"10%\">diam. 115<\/td>\n<\/tr>\n<tr>\n<td>PDS 2000-2<\/td>\n<td width=\"10%\">0.01<\/td>\n<td width=\"10%\">2200<\/td>\n<td width=\"10%\">0.03<\/td>\n<td width=\"10%\">\u00b10.03<\/td>\n<td width=\"10%\">185 x 185<\/td>\n<\/tr>\n<tr>\n<td>PDS 4000-2<\/td>\n<td width=\"10%\">0.01<\/td>\n<td width=\"10%\">4200<\/td>\n<td width=\"10%\">0.03<\/td>\n<td width=\"10%\">\u00b10.03<\/td>\n<td width=\"10%\">185 x 185<\/td>\n<\/tr>\n<tr>\n<td>PDS 6000-2<\/td>\n<td width=\"10%\">0.01<\/td>\n<td width=\"10%\">6200<\/td>\n<td width=\"10%\">0.03<\/td>\n<td width=\"10%\">\u00b10.03<\/td>\n<td width=\"10%\">185 x 185<\/td>\n<\/tr>\n<tr>\n<td>PDS 10K-5<\/td>\n<td width=\"10%\">0.01<\/td>\n<td width=\"10%\">10200<\/td>\n<td width=\"10%\">0.03<\/td>\n<td width=\"10%\">\u00b10.03<\/td>\n<td width=\"10%\">185 x 185<\/td>\n<\/tr>\n<tr>\n<td>PDT 300-3<\/td>\n<td width=\"10%\">0.001<\/td>\n<td width=\"10%\">320<\/td>\n<td width=\"10%\">0.003<\/td>\n<td width=\"10%\">\u00b10.003<\/td>\n<td width=\"10%\">diam. 115<\/td>\n<\/tr>\n<tr>\n<td>PDT 600-3<\/td>\n<td width=\"10%\">0.001<\/td>\n<td width=\"10%\">620<\/td>\n<td width=\"10%\">0.003<\/td>\n<td width=\"10%\">\u00b10.003<\/td>\n<td width=\"10%\">diam. 115<\/td>\n<\/tr>\n<tr>\n<td>PDT 1000-3<\/td>\n<td width=\"10%\">0.001<\/td>\n<td width=\"10%\">1020<\/td>\n<td width=\"10%\">0.004<\/td>\n<td width=\"10%\">\u00b10.005<\/td>\n<td width=\"10%\">diam. 115<\/td>\n<\/tr>\n<tr>\n<td>PDT 2000-2<\/td>\n<td width=\"10%\">0.01<\/td>\n<td width=\"10%\">2200<\/td>\n<td width=\"10%\">0.03<\/td>\n<td width=\"10%\">\u00b10.03<\/td>\n<td width=\"10%\">185 x 185<\/td>\n<\/tr>\n<tr>\n<td>PDT 4000-2<\/td>\n<td width=\"10%\">0.01<\/td>\n<td width=\"10%\">4200<\/td>\n<td width=\"10%\">0.03<\/td>\n<td width=\"10%\">\u00b10.03<\/td>\n<td width=\"10%\">185 x 185<\/td>\n<\/tr>\n<tr>\n<td>PDT 6000-2<\/td>\n<td width=\"10%\">0.01<\/td>\n<td width=\"10%\">6200<\/td>\n<td width=\"10%\">0.03<\/td>\n<td width=\"10%\">\u00b10.03<\/td>\n<td width=\"10%\">185 x 185<\/td>\n<\/tr>\n<\/tbody>\n<\/table>\n","protected":false},"excerpt":{"rendered":"<p>Pr\u00e4zisionswaage mit Bereichen 0-320 g bis 0-10 200 g<\/p>\n","protected":false},"featured_media":31307,"template":"","meta":{"_crdt_document":""},"product_brand":[],"product_cat":[165,344],"product_tag":[],"class_list":{"0":"post-31302","1":"product","2":"type-product","3":"status-publish","4":"has-post-thumbnail","6":"product_cat-gewicht","7":"product_cat-zahlen","9":"first","10":"instock","11":"taxable","12":"shipping-taxable","13":"product-type-simple"},"yoast_head":"<!-- This site is optimized with the Yoast SEO plugin v27.4 - https:\/\/yoast.com\/product\/yoast-seo-wordpress\/ -->\n<title>Pr\u00e4zisionswaage KERN PDS und PDT - Sysmatec<\/title>\n<meta name=\"description\" content=\"Pr\u00e4zisionswaage mit Touch-Display. Bereiche 0-320 g bis 0-10 200 g. USB und RS232 Schnitstelle.\" \/>\n<meta name=\"robots\" content=\"index, follow, max-snippet:-1, max-image-preview:large, max-video-preview:-1\" \/>\n<link rel=\"canonical\" href=\"https:\/\/sysmatec.ch\/de\/Produkt\/prazisionswaage-kern-pds-und-pdt\/\" \/>\n<meta property=\"og:locale\" content=\"de_DE\" \/>\n<meta property=\"og:type\" content=\"article\" \/>\n<meta property=\"og:title\" content=\"Pr\u00e4zisionswaage KERN PDS und PDT - Sysmatec\" \/>\n<meta property=\"og:description\" content=\"Pr\u00e4zisionswaage mit Touch-Display. Bereiche 0-320 g bis 0-10 200 g. USB und RS232 Schnitstelle.\" \/>\n<meta property=\"og:url\" content=\"https:\/\/sysmatec.ch\/de\/Produkt\/prazisionswaage-kern-pds-und-pdt\/\" \/>\n<meta property=\"og:site_name\" content=\"Sysmatec\" \/>\n<meta property=\"article:modified_time\" content=\"2026-01-17T08:47:40+00:00\" \/>\n<meta property=\"og:image\" content=\"https:\/\/sysmatec.ch\/wp-content\/uploads\/2026\/01\/Balance_KernPDTPDJ1.jpg\" \/>\n\t<meta property=\"og:image:width\" content=\"484\" \/>\n\t<meta property=\"og:image:height\" content=\"564\" \/>\n\t<meta property=\"og:image:type\" content=\"image\/jpeg\" \/>\n<meta name=\"twitter:card\" content=\"summary_large_image\" \/>\n<meta name=\"twitter:label1\" content=\"Gesch\u00e4tzte Lesezeit\" \/>\n\t<meta name=\"twitter:data1\" content=\"2\u00a0Minuten\" \/>\n<script type=\"application\/ld+json\" class=\"yoast-schema-graph\">{\"@context\":\"https:\\\/\\\/schema.org\",\"@graph\":[{\"@type\":\"WebPage\",\"@id\":\"https:\\\/\\\/sysmatec.ch\\\/de\\\/Produkt\\\/prazisionswaage-kern-pds-und-pdt\\\/\",\"url\":\"https:\\\/\\\/sysmatec.ch\\\/de\\\/Produkt\\\/prazisionswaage-kern-pds-und-pdt\\\/\",\"name\":\"Pr\u00e4zisionswaage KERN PDS und PDT - Sysmatec\",\"isPartOf\":{\"@id\":\"https:\\\/\\\/sysmatec.ch\\\/de\\\/#website\"},\"primaryImageOfPage\":{\"@id\":\"https:\\\/\\\/sysmatec.ch\\\/de\\\/Produkt\\\/prazisionswaage-kern-pds-und-pdt\\\/#primaryimage\"},\"image\":{\"@id\":\"https:\\\/\\\/sysmatec.ch\\\/de\\\/Produkt\\\/prazisionswaage-kern-pds-und-pdt\\\/#primaryimage\"},\"thumbnailUrl\":\"https:\\\/\\\/sysmatec.ch\\\/wp-content\\\/uploads\\\/2026\\\/01\\\/Balance_KernPDTPDJ1.jpg\",\"datePublished\":\"2026-01-16T07:48:09+00:00\",\"dateModified\":\"2026-01-17T08:47:40+00:00\",\"description\":\"Pr\u00e4zisionswaage mit Touch-Display. Bereiche 0-320 g bis 0-10 200 g. USB und RS232 Schnitstelle.\",\"breadcrumb\":{\"@id\":\"https:\\\/\\\/sysmatec.ch\\\/de\\\/Produkt\\\/prazisionswaage-kern-pds-und-pdt\\\/#breadcrumb\"},\"inLanguage\":\"de\",\"potentialAction\":[{\"@type\":\"ReadAction\",\"target\":[\"https:\\\/\\\/sysmatec.ch\\\/de\\\/Produkt\\\/prazisionswaage-kern-pds-und-pdt\\\/\"]}]},{\"@type\":\"ImageObject\",\"inLanguage\":\"de\",\"@id\":\"https:\\\/\\\/sysmatec.ch\\\/de\\\/Produkt\\\/prazisionswaage-kern-pds-und-pdt\\\/#primaryimage\",\"url\":\"https:\\\/\\\/sysmatec.ch\\\/wp-content\\\/uploads\\\/2026\\\/01\\\/Balance_KernPDTPDJ1.jpg\",\"contentUrl\":\"https:\\\/\\\/sysmatec.ch\\\/wp-content\\\/uploads\\\/2026\\\/01\\\/Balance_KernPDTPDJ1.jpg\",\"width\":484,\"height\":564},{\"@type\":\"BreadcrumbList\",\"@id\":\"https:\\\/\\\/sysmatec.ch\\\/de\\\/Produkt\\\/prazisionswaage-kern-pds-und-pdt\\\/#breadcrumb\",\"itemListElement\":[{\"@type\":\"ListItem\",\"position\":1,\"name\":\"Accueil\",\"item\":\"https:\\\/\\\/sysmatec.ch\\\/de\\\/\"},{\"@type\":\"ListItem\",\"position\":2,\"name\":\"Die Aktivit\u00e4t von Sysmatec\",\"item\":\"https:\\\/\\\/sysmatec.ch\\\/de\\\/\"},{\"@type\":\"ListItem\",\"position\":3,\"name\":\"Pr\u00e4zisionswaage KERN PDS und PDT\"}]},{\"@type\":\"WebSite\",\"@id\":\"https:\\\/\\\/sysmatec.ch\\\/de\\\/#website\",\"url\":\"https:\\\/\\\/sysmatec.ch\\\/de\\\/\",\"name\":\"Sysmatec\",\"description\":\"Equipement de laboratoire et logiciels\",\"publisher\":{\"@id\":\"https:\\\/\\\/sysmatec.ch\\\/de\\\/#organization\"},\"potentialAction\":[{\"@type\":\"SearchAction\",\"target\":{\"@type\":\"EntryPoint\",\"urlTemplate\":\"https:\\\/\\\/sysmatec.ch\\\/de\\\/?s={search_term_string}\"},\"query-input\":{\"@type\":\"PropertyValueSpecification\",\"valueRequired\":true,\"valueName\":\"search_term_string\"}}],\"inLanguage\":\"de\"},{\"@type\":\"Organization\",\"@id\":\"https:\\\/\\\/sysmatec.ch\\\/de\\\/#organization\",\"name\":\"Sysmatec\",\"url\":\"https:\\\/\\\/sysmatec.ch\\\/de\\\/\",\"logo\":{\"@type\":\"ImageObject\",\"inLanguage\":\"de\",\"@id\":\"https:\\\/\\\/sysmatec.ch\\\/de\\\/#\\\/schema\\\/logo\\\/image\\\/\",\"url\":\"https:\\\/\\\/sysmatec.ch\\\/wp-content\\\/uploads\\\/2018\\\/11\\\/LogoSysmatec.jpg\",\"contentUrl\":\"https:\\\/\\\/sysmatec.ch\\\/wp-content\\\/uploads\\\/2018\\\/11\\\/LogoSysmatec.jpg\",\"width\":301,\"height\":297,\"caption\":\"Sysmatec\"},\"image\":{\"@id\":\"https:\\\/\\\/sysmatec.ch\\\/de\\\/#\\\/schema\\\/logo\\\/image\\\/\"}}]}<\/script>\n<!-- \/ Yoast SEO plugin. -->","yoast_head_json":{"title":"Pr\u00e4zisionswaage KERN PDS und PDT - Sysmatec","description":"Pr\u00e4zisionswaage mit Touch-Display. Bereiche 0-320 g bis 0-10 200 g. USB und RS232 Schnitstelle.","robots":{"index":"index","follow":"follow","max-snippet":"max-snippet:-1","max-image-preview":"max-image-preview:large","max-video-preview":"max-video-preview:-1"},"canonical":"https:\/\/sysmatec.ch\/de\/Produkt\/prazisionswaage-kern-pds-und-pdt\/","og_locale":"de_DE","og_type":"article","og_title":"Pr\u00e4zisionswaage KERN PDS und PDT - Sysmatec","og_description":"Pr\u00e4zisionswaage mit Touch-Display. Bereiche 0-320 g bis 0-10 200 g. USB und RS232 Schnitstelle.","og_url":"https:\/\/sysmatec.ch\/de\/Produkt\/prazisionswaage-kern-pds-und-pdt\/","og_site_name":"Sysmatec","article_modified_time":"2026-01-17T08:47:40+00:00","og_image":[{"width":484,"height":564,"url":"https:\/\/sysmatec.ch\/wp-content\/uploads\/2026\/01\/Balance_KernPDTPDJ1.jpg","type":"image\/jpeg"}],"twitter_card":"summary_large_image","twitter_misc":{"Gesch\u00e4tzte Lesezeit":"2\u00a0Minuten"},"schema":{"@context":"https:\/\/schema.org","@graph":[{"@type":"WebPage","@id":"https:\/\/sysmatec.ch\/de\/Produkt\/prazisionswaage-kern-pds-und-pdt\/","url":"https:\/\/sysmatec.ch\/de\/Produkt\/prazisionswaage-kern-pds-und-pdt\/","name":"Pr\u00e4zisionswaage KERN PDS und PDT - Sysmatec","isPartOf":{"@id":"https:\/\/sysmatec.ch\/de\/#website"},"primaryImageOfPage":{"@id":"https:\/\/sysmatec.ch\/de\/Produkt\/prazisionswaage-kern-pds-und-pdt\/#primaryimage"},"image":{"@id":"https:\/\/sysmatec.ch\/de\/Produkt\/prazisionswaage-kern-pds-und-pdt\/#primaryimage"},"thumbnailUrl":"https:\/\/sysmatec.ch\/wp-content\/uploads\/2026\/01\/Balance_KernPDTPDJ1.jpg","datePublished":"2026-01-16T07:48:09+00:00","dateModified":"2026-01-17T08:47:40+00:00","description":"Pr\u00e4zisionswaage mit Touch-Display. Bereiche 0-320 g bis 0-10 200 g. USB und RS232 Schnitstelle.","breadcrumb":{"@id":"https:\/\/sysmatec.ch\/de\/Produkt\/prazisionswaage-kern-pds-und-pdt\/#breadcrumb"},"inLanguage":"de","potentialAction":[{"@type":"ReadAction","target":["https:\/\/sysmatec.ch\/de\/Produkt\/prazisionswaage-kern-pds-und-pdt\/"]}]},{"@type":"ImageObject","inLanguage":"de","@id":"https:\/\/sysmatec.ch\/de\/Produkt\/prazisionswaage-kern-pds-und-pdt\/#primaryimage","url":"https:\/\/sysmatec.ch\/wp-content\/uploads\/2026\/01\/Balance_KernPDTPDJ1.jpg","contentUrl":"https:\/\/sysmatec.ch\/wp-content\/uploads\/2026\/01\/Balance_KernPDTPDJ1.jpg","width":484,"height":564},{"@type":"BreadcrumbList","@id":"https:\/\/sysmatec.ch\/de\/Produkt\/prazisionswaage-kern-pds-und-pdt\/#breadcrumb","itemListElement":[{"@type":"ListItem","position":1,"name":"Accueil","item":"https:\/\/sysmatec.ch\/de\/"},{"@type":"ListItem","position":2,"name":"Die Aktivit\u00e4t von Sysmatec","item":"https:\/\/sysmatec.ch\/de\/"},{"@type":"ListItem","position":3,"name":"Pr\u00e4zisionswaage KERN PDS und PDT"}]},{"@type":"WebSite","@id":"https:\/\/sysmatec.ch\/de\/#website","url":"https:\/\/sysmatec.ch\/de\/","name":"Sysmatec","description":"Equipement de laboratoire et logiciels","publisher":{"@id":"https:\/\/sysmatec.ch\/de\/#organization"},"potentialAction":[{"@type":"SearchAction","target":{"@type":"EntryPoint","urlTemplate":"https:\/\/sysmatec.ch\/de\/?s={search_term_string}"},"query-input":{"@type":"PropertyValueSpecification","valueRequired":true,"valueName":"search_term_string"}}],"inLanguage":"de"},{"@type":"Organization","@id":"https:\/\/sysmatec.ch\/de\/#organization","name":"Sysmatec","url":"https:\/\/sysmatec.ch\/de\/","logo":{"@type":"ImageObject","inLanguage":"de","@id":"https:\/\/sysmatec.ch\/de\/#\/schema\/logo\/image\/","url":"https:\/\/sysmatec.ch\/wp-content\/uploads\/2018\/11\/LogoSysmatec.jpg","contentUrl":"https:\/\/sysmatec.ch\/wp-content\/uploads\/2018\/11\/LogoSysmatec.jpg","width":301,"height":297,"caption":"Sysmatec"},"image":{"@id":"https:\/\/sysmatec.ch\/de\/#\/schema\/logo\/image\/"}}]}},"_links":{"self":[{"href":"https:\/\/sysmatec.ch\/de\/wp-json\/wp\/v2\/product\/31302","targetHints":{"allow":["GET"]}}],"collection":[{"href":"https:\/\/sysmatec.ch\/de\/wp-json\/wp\/v2\/product"}],"about":[{"href":"https:\/\/sysmatec.ch\/de\/wp-json\/wp\/v2\/types\/product"}],"wp:featuredmedia":[{"embeddable":true,"href":"https:\/\/sysmatec.ch\/de\/wp-json\/wp\/v2\/media\/31307"}],"wp:attachment":[{"href":"https:\/\/sysmatec.ch\/de\/wp-json\/wp\/v2\/media?parent=31302"}],"wp:term":[{"taxonomy":"product_brand","embeddable":true,"href":"https:\/\/sysmatec.ch\/de\/wp-json\/wp\/v2\/product_brand?post=31302"},{"taxonomy":"product_cat","embeddable":true,"href":"https:\/\/sysmatec.ch\/de\/wp-json\/wp\/v2\/product_cat?post=31302"},{"taxonomy":"product_tag","embeddable":true,"href":"https:\/\/sysmatec.ch\/de\/wp-json\/wp\/v2\/product_tag?post=31302"}],"curies":[{"name":"wp","href":"https:\/\/api.w.org\/{rel}","templated":true}]}}