{"id":31285,"date":"2026-01-16T08:12:10","date_gmt":"2026-01-16T07:12:10","guid":{"rendered":"https:\/\/sysmatec.ch\/?post_type=product&#038;p=31285"},"modified":"2026-01-17T09:48:55","modified_gmt":"2026-01-17T08:48:55","slug":"balance-kern-pcb-copie","status":"publish","type":"product","link":"https:\/\/sysmatec.ch\/de\/Produkt\/balance-kern-pcb-copie\/","title":{"rendered":"Pr\u00e4zisionswaage KERN PCJ"},"content":{"rendered":"<ul>\n<li>Interne Justierschaltung \u00fcber Drehknopf an der Seite garantiert hohe Genauigkeit und macht standortunabh\u00e4ngig<\/li>\n<li>Mit\u00a0Alibispeicher (elektronische Archivierung mittels eines eichf\u00e4higen, nicht-manipulierbaren Datenspeichers)\u00a0zur papierlosen Archivierung der W\u00e4geergebnisse. Damit lassen sich auch die Ergebnisse eichpflichtiger W\u00e4gungen vorschriftsgem\u00e4\u00df elektronisch auswerten und weiterverarbeiten<\/li>\n<li>Waage netzunabh\u00e4ngig im Akkubetrieb justierbar<\/li>\n<li>Einheitliche, komfortable KERN Bedienphilosophie, produkt\u00fcbergreifend konsistent in Design, Men\u00fcstruktur, Tastenfunktionen, Schnittstellen-Anschluss und Schnittstellenprotokoll<\/li>\n<li>Men\u00fc mit vielen individualisierbaren Einstellungen. So lassen sich z. B. Tastent\u00f6ne bestimmen, eine Taste f\u00fcr einen schnelleren Zugriff mit verschiedenen Funktionen belegen und das Printprotokoll nach Bedarf anpassen<\/li>\n<li>Men\u00fcsperre verhindert den Zugriff Unbefugter<\/li>\n<li>Ideal f\u00fcr Anbindung an Labor-Informations-Systeme (LIMS)<\/li>\n<li>GLP\/ISO-Protokollierung von W\u00e4gedaten, Waagenjustage etc. mit Datum, Uhrzeit und Ident-Nr.<\/li>\n<li>Industrie 4.0: KERN Universal Port (KUP): erlaubt den Anschluss externer KUP Schnittstellenadapter, wie z. B. RS-232, USB, Bluetooth, WLAN oder Ethernet, zum Austausch von Daten und Steuerbefehlen, ohne Einbauaufwand<\/li>\n<li>Abfrage und Fernsteuerung der Waage \u00fcber Computer oder CRM-\/ERP-Systeme mittels KERN Communication Protocol<\/li>\n<li>Haken f\u00fcr Unterflurw\u00e4gungen im Lieferumfang enthalten<\/li>\n<li>Arbeitsschutzhaube im Lieferumfang enthalten<\/li>\n<\/ul>\n<p>&nbsp;<\/p>\n<table border=\"1\" width=\"636\" cellspacing=\"0\" cellpadding=\"2\">\n<tbody>\n<tr>\n<td width=\"30%\">Modell<\/td>\n<td width=\"10%\">Ablesbarkeit<\/td>\n<td width=\"10%\">W\u00e4gebereich<\/td>\n<td width=\"10%\">Reproduzierbarkeit<\/td>\n<td width=\"10%\">Linearit\u00e4t<\/td>\n<td width=\"10%\">Platte<\/td>\n<\/tr>\n<tr>\n<td width=\"30%\"><\/td>\n<td width=\"10%\">g<\/td>\n<td width=\"10%\">g<\/td>\n<td width=\"10%\">g<\/td>\n<td width=\"10%\">g<\/td>\n<td width=\"10%\">mm<\/td>\n<\/tr>\n<tr>\n<td width=\"30%\">PCJ 600-2M<\/td>\n<td width=\"10%\">0.01<\/td>\n<td width=\"10%\">600<\/td>\n<td width=\"10%\">0.01<\/td>\n<td width=\"10%\">\u00b10.03<\/td>\n<td width=\"10%\">131\u00d7131<\/td>\n<\/tr>\n<tr>\n<td width=\"30%\">PCB 250-3<\/td>\n<td width=\"10%\">0.1<\/td>\n<td width=\"10%\">6000<\/td>\n<td width=\"10%\">0.1<\/td>\n<td width=\"10%\">\u00b10.3<\/td>\n<td width=\"10%\">150\u00d7170<\/td>\n<\/tr>\n<\/tbody>\n<\/table>\n","protected":false},"excerpt":{"rendered":"<p>Laborwaage 0-600 g bis 0-6000 g<\/p>\n","protected":false},"featured_media":31300,"template":"","meta":{"_crdt_document":""},"product_brand":[],"product_cat":[165,346],"product_tag":[],"class_list":{"0":"post-31285","1":"product","2":"type-product","3":"status-publish","4":"has-post-thumbnail","6":"product_cat-gewicht","7":"product_cat-labor","9":"first","10":"instock","11":"taxable","12":"shipping-taxable","13":"product-type-simple"},"yoast_head":"<!-- This site is optimized with the Yoast SEO plugin v27.4 - https:\/\/yoast.com\/product\/yoast-seo-wordpress\/ -->\n<title>Pr\u00e4zisionswaage KERN PCJ - Sysmatec<\/title>\n<meta name=\"description\" content=\"Kompakte und benutzerfreundliche Pr\u00e4zisionslaborwaage. Verschiedene Ausf\u00fchrungen mit Messbereichen von 0\u2013600 bis 0\u20136000 g. Eichf\u00e4hig.\" \/>\n<meta name=\"robots\" content=\"index, follow, max-snippet:-1, max-image-preview:large, max-video-preview:-1\" \/>\n<link rel=\"canonical\" href=\"https:\/\/sysmatec.ch\/de\/Produkt\/balance-kern-pcb-copie\/\" \/>\n<meta property=\"og:locale\" content=\"de_DE\" \/>\n<meta property=\"og:type\" content=\"article\" \/>\n<meta property=\"og:title\" content=\"Pr\u00e4zisionswaage KERN PCJ - Sysmatec\" \/>\n<meta property=\"og:description\" content=\"Kompakte und benutzerfreundliche Pr\u00e4zisionslaborwaage. Verschiedene Ausf\u00fchrungen mit Messbereichen von 0\u2013600 bis 0\u20136000 g. Eichf\u00e4hig.\" \/>\n<meta property=\"og:url\" content=\"https:\/\/sysmatec.ch\/de\/Produkt\/balance-kern-pcb-copie\/\" \/>\n<meta property=\"og:site_name\" content=\"Sysmatec\" \/>\n<meta property=\"article:modified_time\" content=\"2026-01-17T08:48:55+00:00\" \/>\n<meta property=\"og:image\" content=\"https:\/\/sysmatec.ch\/wp-content\/uploads\/2026\/01\/Balance_KernPCJ1.jpg\" \/>\n\t<meta property=\"og:image:width\" content=\"476\" \/>\n\t<meta property=\"og:image:height\" content=\"413\" \/>\n\t<meta property=\"og:image:type\" content=\"image\/jpeg\" \/>\n<meta name=\"twitter:card\" content=\"summary_large_image\" \/>\n<meta name=\"twitter:label1\" content=\"Gesch\u00e4tzte Lesezeit\" \/>\n\t<meta name=\"twitter:data1\" content=\"2\u00a0Minuten\" \/>\n<script type=\"application\/ld+json\" class=\"yoast-schema-graph\">{\"@context\":\"https:\\\/\\\/schema.org\",\"@graph\":[{\"@type\":\"WebPage\",\"@id\":\"https:\\\/\\\/sysmatec.ch\\\/de\\\/Produkt\\\/balance-kern-pcb-copie\\\/\",\"url\":\"https:\\\/\\\/sysmatec.ch\\\/de\\\/Produkt\\\/balance-kern-pcb-copie\\\/\",\"name\":\"Pr\u00e4zisionswaage KERN PCJ - Sysmatec\",\"isPartOf\":{\"@id\":\"https:\\\/\\\/sysmatec.ch\\\/de\\\/#website\"},\"primaryImageOfPage\":{\"@id\":\"https:\\\/\\\/sysmatec.ch\\\/de\\\/Produkt\\\/balance-kern-pcb-copie\\\/#primaryimage\"},\"image\":{\"@id\":\"https:\\\/\\\/sysmatec.ch\\\/de\\\/Produkt\\\/balance-kern-pcb-copie\\\/#primaryimage\"},\"thumbnailUrl\":\"https:\\\/\\\/sysmatec.ch\\\/wp-content\\\/uploads\\\/2026\\\/01\\\/Balance_KernPCJ1.jpg\",\"datePublished\":\"2026-01-16T07:12:10+00:00\",\"dateModified\":\"2026-01-17T08:48:55+00:00\",\"description\":\"Kompakte und benutzerfreundliche Pr\u00e4zisionslaborwaage. Verschiedene Ausf\u00fchrungen mit Messbereichen von 0\u2013600 bis 0\u20136000 g. Eichf\u00e4hig.\",\"breadcrumb\":{\"@id\":\"https:\\\/\\\/sysmatec.ch\\\/de\\\/Produkt\\\/balance-kern-pcb-copie\\\/#breadcrumb\"},\"inLanguage\":\"de\",\"potentialAction\":[{\"@type\":\"ReadAction\",\"target\":[\"https:\\\/\\\/sysmatec.ch\\\/de\\\/Produkt\\\/balance-kern-pcb-copie\\\/\"]}]},{\"@type\":\"ImageObject\",\"inLanguage\":\"de\",\"@id\":\"https:\\\/\\\/sysmatec.ch\\\/de\\\/Produkt\\\/balance-kern-pcb-copie\\\/#primaryimage\",\"url\":\"https:\\\/\\\/sysmatec.ch\\\/wp-content\\\/uploads\\\/2026\\\/01\\\/Balance_KernPCJ1.jpg\",\"contentUrl\":\"https:\\\/\\\/sysmatec.ch\\\/wp-content\\\/uploads\\\/2026\\\/01\\\/Balance_KernPCJ1.jpg\",\"width\":476,\"height\":413},{\"@type\":\"BreadcrumbList\",\"@id\":\"https:\\\/\\\/sysmatec.ch\\\/de\\\/Produkt\\\/balance-kern-pcb-copie\\\/#breadcrumb\",\"itemListElement\":[{\"@type\":\"ListItem\",\"position\":1,\"name\":\"Accueil\",\"item\":\"https:\\\/\\\/sysmatec.ch\\\/de\\\/\"},{\"@type\":\"ListItem\",\"position\":2,\"name\":\"Die Aktivit\u00e4t von Sysmatec\",\"item\":\"https:\\\/\\\/sysmatec.ch\\\/de\\\/\"},{\"@type\":\"ListItem\",\"position\":3,\"name\":\"Pr\u00e4zisionswaage KERN PCJ\"}]},{\"@type\":\"WebSite\",\"@id\":\"https:\\\/\\\/sysmatec.ch\\\/de\\\/#website\",\"url\":\"https:\\\/\\\/sysmatec.ch\\\/de\\\/\",\"name\":\"Sysmatec\",\"description\":\"Equipement de laboratoire et logiciels\",\"publisher\":{\"@id\":\"https:\\\/\\\/sysmatec.ch\\\/de\\\/#organization\"},\"potentialAction\":[{\"@type\":\"SearchAction\",\"target\":{\"@type\":\"EntryPoint\",\"urlTemplate\":\"https:\\\/\\\/sysmatec.ch\\\/de\\\/?s={search_term_string}\"},\"query-input\":{\"@type\":\"PropertyValueSpecification\",\"valueRequired\":true,\"valueName\":\"search_term_string\"}}],\"inLanguage\":\"de\"},{\"@type\":\"Organization\",\"@id\":\"https:\\\/\\\/sysmatec.ch\\\/de\\\/#organization\",\"name\":\"Sysmatec\",\"url\":\"https:\\\/\\\/sysmatec.ch\\\/de\\\/\",\"logo\":{\"@type\":\"ImageObject\",\"inLanguage\":\"de\",\"@id\":\"https:\\\/\\\/sysmatec.ch\\\/de\\\/#\\\/schema\\\/logo\\\/image\\\/\",\"url\":\"https:\\\/\\\/sysmatec.ch\\\/wp-content\\\/uploads\\\/2018\\\/11\\\/LogoSysmatec.jpg\",\"contentUrl\":\"https:\\\/\\\/sysmatec.ch\\\/wp-content\\\/uploads\\\/2018\\\/11\\\/LogoSysmatec.jpg\",\"width\":301,\"height\":297,\"caption\":\"Sysmatec\"},\"image\":{\"@id\":\"https:\\\/\\\/sysmatec.ch\\\/de\\\/#\\\/schema\\\/logo\\\/image\\\/\"}}]}<\/script>\n<!-- \/ Yoast SEO plugin. -->","yoast_head_json":{"title":"Pr\u00e4zisionswaage KERN PCJ - Sysmatec","description":"Kompakte und benutzerfreundliche Pr\u00e4zisionslaborwaage. Verschiedene Ausf\u00fchrungen mit Messbereichen von 0\u2013600 bis 0\u20136000 g. Eichf\u00e4hig.","robots":{"index":"index","follow":"follow","max-snippet":"max-snippet:-1","max-image-preview":"max-image-preview:large","max-video-preview":"max-video-preview:-1"},"canonical":"https:\/\/sysmatec.ch\/de\/Produkt\/balance-kern-pcb-copie\/","og_locale":"de_DE","og_type":"article","og_title":"Pr\u00e4zisionswaage KERN PCJ - Sysmatec","og_description":"Kompakte und benutzerfreundliche Pr\u00e4zisionslaborwaage. Verschiedene Ausf\u00fchrungen mit Messbereichen von 0\u2013600 bis 0\u20136000 g. Eichf\u00e4hig.","og_url":"https:\/\/sysmatec.ch\/de\/Produkt\/balance-kern-pcb-copie\/","og_site_name":"Sysmatec","article_modified_time":"2026-01-17T08:48:55+00:00","og_image":[{"width":476,"height":413,"url":"https:\/\/sysmatec.ch\/wp-content\/uploads\/2026\/01\/Balance_KernPCJ1.jpg","type":"image\/jpeg"}],"twitter_card":"summary_large_image","twitter_misc":{"Gesch\u00e4tzte Lesezeit":"2\u00a0Minuten"},"schema":{"@context":"https:\/\/schema.org","@graph":[{"@type":"WebPage","@id":"https:\/\/sysmatec.ch\/de\/Produkt\/balance-kern-pcb-copie\/","url":"https:\/\/sysmatec.ch\/de\/Produkt\/balance-kern-pcb-copie\/","name":"Pr\u00e4zisionswaage KERN PCJ - Sysmatec","isPartOf":{"@id":"https:\/\/sysmatec.ch\/de\/#website"},"primaryImageOfPage":{"@id":"https:\/\/sysmatec.ch\/de\/Produkt\/balance-kern-pcb-copie\/#primaryimage"},"image":{"@id":"https:\/\/sysmatec.ch\/de\/Produkt\/balance-kern-pcb-copie\/#primaryimage"},"thumbnailUrl":"https:\/\/sysmatec.ch\/wp-content\/uploads\/2026\/01\/Balance_KernPCJ1.jpg","datePublished":"2026-01-16T07:12:10+00:00","dateModified":"2026-01-17T08:48:55+00:00","description":"Kompakte und benutzerfreundliche Pr\u00e4zisionslaborwaage. Verschiedene Ausf\u00fchrungen mit Messbereichen von 0\u2013600 bis 0\u20136000 g. Eichf\u00e4hig.","breadcrumb":{"@id":"https:\/\/sysmatec.ch\/de\/Produkt\/balance-kern-pcb-copie\/#breadcrumb"},"inLanguage":"de","potentialAction":[{"@type":"ReadAction","target":["https:\/\/sysmatec.ch\/de\/Produkt\/balance-kern-pcb-copie\/"]}]},{"@type":"ImageObject","inLanguage":"de","@id":"https:\/\/sysmatec.ch\/de\/Produkt\/balance-kern-pcb-copie\/#primaryimage","url":"https:\/\/sysmatec.ch\/wp-content\/uploads\/2026\/01\/Balance_KernPCJ1.jpg","contentUrl":"https:\/\/sysmatec.ch\/wp-content\/uploads\/2026\/01\/Balance_KernPCJ1.jpg","width":476,"height":413},{"@type":"BreadcrumbList","@id":"https:\/\/sysmatec.ch\/de\/Produkt\/balance-kern-pcb-copie\/#breadcrumb","itemListElement":[{"@type":"ListItem","position":1,"name":"Accueil","item":"https:\/\/sysmatec.ch\/de\/"},{"@type":"ListItem","position":2,"name":"Die Aktivit\u00e4t von Sysmatec","item":"https:\/\/sysmatec.ch\/de\/"},{"@type":"ListItem","position":3,"name":"Pr\u00e4zisionswaage KERN PCJ"}]},{"@type":"WebSite","@id":"https:\/\/sysmatec.ch\/de\/#website","url":"https:\/\/sysmatec.ch\/de\/","name":"Sysmatec","description":"Equipement de laboratoire et logiciels","publisher":{"@id":"https:\/\/sysmatec.ch\/de\/#organization"},"potentialAction":[{"@type":"SearchAction","target":{"@type":"EntryPoint","urlTemplate":"https:\/\/sysmatec.ch\/de\/?s={search_term_string}"},"query-input":{"@type":"PropertyValueSpecification","valueRequired":true,"valueName":"search_term_string"}}],"inLanguage":"de"},{"@type":"Organization","@id":"https:\/\/sysmatec.ch\/de\/#organization","name":"Sysmatec","url":"https:\/\/sysmatec.ch\/de\/","logo":{"@type":"ImageObject","inLanguage":"de","@id":"https:\/\/sysmatec.ch\/de\/#\/schema\/logo\/image\/","url":"https:\/\/sysmatec.ch\/wp-content\/uploads\/2018\/11\/LogoSysmatec.jpg","contentUrl":"https:\/\/sysmatec.ch\/wp-content\/uploads\/2018\/11\/LogoSysmatec.jpg","width":301,"height":297,"caption":"Sysmatec"},"image":{"@id":"https:\/\/sysmatec.ch\/de\/#\/schema\/logo\/image\/"}}]}},"_links":{"self":[{"href":"https:\/\/sysmatec.ch\/de\/wp-json\/wp\/v2\/product\/31285","targetHints":{"allow":["GET"]}}],"collection":[{"href":"https:\/\/sysmatec.ch\/de\/wp-json\/wp\/v2\/product"}],"about":[{"href":"https:\/\/sysmatec.ch\/de\/wp-json\/wp\/v2\/types\/product"}],"wp:featuredmedia":[{"embeddable":true,"href":"https:\/\/sysmatec.ch\/de\/wp-json\/wp\/v2\/media\/31300"}],"wp:attachment":[{"href":"https:\/\/sysmatec.ch\/de\/wp-json\/wp\/v2\/media?parent=31285"}],"wp:term":[{"taxonomy":"product_brand","embeddable":true,"href":"https:\/\/sysmatec.ch\/de\/wp-json\/wp\/v2\/product_brand?post=31285"},{"taxonomy":"product_cat","embeddable":true,"href":"https:\/\/sysmatec.ch\/de\/wp-json\/wp\/v2\/product_cat?post=31285"},{"taxonomy":"product_tag","embeddable":true,"href":"https:\/\/sysmatec.ch\/de\/wp-json\/wp\/v2\/product_tag?post=31285"}],"curies":[{"name":"wp","href":"https:\/\/api.w.org\/{rel}","templated":true}]}}