{"id":31195,"date":"2026-01-15T17:24:29","date_gmt":"2026-01-15T16:24:29","guid":{"rendered":"https:\/\/sysmatec.ch\/?post_type=product&#038;p=31195"},"modified":"2026-01-15T18:32:34","modified_gmt":"2026-01-15T17:32:34","slug":"schulwaage-eha","status":"publish","type":"product","link":"https:\/\/sysmatec.ch\/de\/Produkt\/schulwaage-eha\/","title":{"rendered":"Schulwaage EHA"},"content":{"rendered":"<ul>\n<li>Kompakte Allround Waage mit robuster Edelstahlw\u00e4geplatte f\u00fcr Labor, Industrie und den Lehrbetrieb<\/li>\n<li>Dank der kompakten und robusten Ausf\u00fchrung, dem leuchtstarken Display sowie der hohen Pr\u00e4zision, eignet sich diese Serie ideal f\u00fcr den Einsatz in Laboren, Qualit\u00e4tskontrolle, Produktion sowie den Schul- und Lehrbetrieb<\/li>\n<li>Gro\u00dfe, sto\u00dffeste W\u00e4geplatte aus Edelstahl, leicht und hygienisch zu reinigen<\/li>\n<li>Besonders flache Bauweise<\/li>\n<li>Ergonomisch optimiertes Bedienfeld mit gro\u00dfen Tasten und kontrastreichem LCD-Display<\/li>\n<li>2 Sicheres und rutschfreies Aufstellen durch Gummif\u00fc\u00dfe<\/li>\n<li>Libelle und Fu\u00dfschrauben zum exakten Nivellieren der Waage serienm\u00e4\u00dfig, dadurch genaueste W\u00e4geergebnisse<\/li>\n<li>Justierprogramm CAL zum Einstellen der Genauigkeit<\/li>\n<li>\u00b7Gro\u00dfes, hinterleuchtetes LCD-Display, Ziffernh\u00f6he 22 mm<\/li>\n<li>Gesamtabmessungen B\u00d7T\u00d7H 225\u00d7160\u00d750 mm<\/li>\n<li>Batteriebetrieb m\u00f6glich, 2\u00d71.5 V AA, nicht im Lieferumfang enthalten, Betriebsdauer bis zu 70 h<\/li>\n<li>Externer Netzadapter serienm\u00e4\u00dfig geliefert<\/li>\n<li>Nettogewicht ca. 0,50 kg<\/li>\n<li>Zul\u00e4ssiger Umgebungstemperaturbereich\u201a 5 \u00b0C\/40 \u00b0C<\/li>\n<\/ul>\n<table width=\"664\">\n<tbody>\n<tr>\n<td width=\"80\">Modell<\/td>\n<td width=\"99\">W\u00e4gebereich (g)<\/td>\n<td width=\"131\">Ablesbarkeit (g)<\/td>\n<td width=\"158\">Reproduzierbarkeit\u00a0 (g)<\/td>\n<td width=\"96\">Linearit\u00e4t (g)<\/td>\n<td width=\"100\">Platte (mm)<\/td>\n<\/tr>\n<tr>\n<td>EHA 500-2<\/td>\n<td>500<\/td>\n<td>0.01<\/td>\n<td>0.03<\/td>\n<td>0.03<\/td>\n<td>\u2205 105<\/td>\n<\/tr>\n<tr>\n<td>EHA 500-1<\/td>\n<td>500<\/td>\n<td>0.1<\/td>\n<td>0.3<\/td>\n<td>0.3<\/td>\n<td>\u00a0B\u00d7T 120\u00d7120<\/td>\n<\/tr>\n<tr>\n<td>EHA 1000-1<\/td>\n<td>1000<\/td>\n<td>0.1<\/td>\n<td>0.3<\/td>\n<td>0.3<\/td>\n<td>\u00a0B\u00d7T 120\u00d7120<\/td>\n<\/tr>\n<tr>\n<td>EHA 3000-1<\/td>\n<td>3000<\/td>\n<td>0.1<\/td>\n<td>0.3<\/td>\n<td>0.3<\/td>\n<td>\u00a0B\u00d7T 120\u00d7120<\/td>\n<\/tr>\n<tr>\n<td>EHA 3000-0<\/td>\n<td>3000<\/td>\n<td>1<\/td>\n<td>3<\/td>\n<td>2<\/td>\n<td>\u00a0B\u00d7T 120\u00d7120<\/td>\n<\/tr>\n<\/tbody>\n<\/table>\n","protected":false},"excerpt":{"rendered":"<p>Schulwaage 0-500 g bis 0-3000 g<\/p>\n","protected":false},"featured_media":31251,"template":"","meta":{"_crdt_document":""},"product_brand":[],"product_cat":[165,346],"product_tag":[],"class_list":{"0":"post-31195","1":"product","2":"type-product","3":"status-publish","4":"has-post-thumbnail","6":"product_cat-gewicht","7":"product_cat-labor","9":"first","10":"instock","11":"taxable","12":"shipping-taxable","13":"product-type-simple"},"yoast_head":"<!-- This site is optimized with the Yoast SEO plugin v27.4 - https:\/\/yoast.com\/product\/yoast-seo-wordpress\/ -->\n<title>Schulwaage EHA - Sysmatec<\/title>\n<meta name=\"description\" content=\"Kompakte und benutzerfreundliche Waage, ideal f\u00fcr Schulen. Verschiedene Modelle mit Messbereichen von 0 bis 500 g bis 0 bis 3000 g erh\u00e4ltlich.\" \/>\n<meta name=\"robots\" content=\"index, follow, max-snippet:-1, max-image-preview:large, max-video-preview:-1\" \/>\n<link rel=\"canonical\" href=\"https:\/\/sysmatec.ch\/de\/Produkt\/schulwaage-eha\/\" \/>\n<meta property=\"og:locale\" content=\"de_DE\" \/>\n<meta property=\"og:type\" content=\"article\" \/>\n<meta property=\"og:title\" content=\"Schulwaage EHA - Sysmatec\" \/>\n<meta property=\"og:description\" content=\"Kompakte und benutzerfreundliche Waage, ideal f\u00fcr Schulen. Verschiedene Modelle mit Messbereichen von 0 bis 500 g bis 0 bis 3000 g erh\u00e4ltlich.\" \/>\n<meta property=\"og:url\" content=\"https:\/\/sysmatec.ch\/de\/Produkt\/schulwaage-eha\/\" \/>\n<meta property=\"og:site_name\" content=\"Sysmatec\" \/>\n<meta property=\"article:modified_time\" content=\"2026-01-15T17:32:34+00:00\" \/>\n<meta property=\"og:image\" content=\"https:\/\/sysmatec.ch\/wp-content\/uploads\/2026\/01\/Balance_EHAKern1.jpg\" \/>\n\t<meta property=\"og:image:width\" content=\"515\" \/>\n\t<meta property=\"og:image:height\" content=\"469\" \/>\n\t<meta property=\"og:image:type\" content=\"image\/jpeg\" \/>\n<meta name=\"twitter:card\" content=\"summary_large_image\" \/>\n<meta name=\"twitter:label1\" content=\"Gesch\u00e4tzte Lesezeit\" \/>\n\t<meta name=\"twitter:data1\" content=\"2\u00a0Minuten\" \/>\n<script type=\"application\/ld+json\" class=\"yoast-schema-graph\">{\"@context\":\"https:\\\/\\\/schema.org\",\"@graph\":[{\"@type\":\"WebPage\",\"@id\":\"https:\\\/\\\/sysmatec.ch\\\/de\\\/Produkt\\\/schulwaage-eha\\\/\",\"url\":\"https:\\\/\\\/sysmatec.ch\\\/de\\\/Produkt\\\/schulwaage-eha\\\/\",\"name\":\"Schulwaage EHA - Sysmatec\",\"isPartOf\":{\"@id\":\"https:\\\/\\\/sysmatec.ch\\\/de\\\/#website\"},\"primaryImageOfPage\":{\"@id\":\"https:\\\/\\\/sysmatec.ch\\\/de\\\/Produkt\\\/schulwaage-eha\\\/#primaryimage\"},\"image\":{\"@id\":\"https:\\\/\\\/sysmatec.ch\\\/de\\\/Produkt\\\/schulwaage-eha\\\/#primaryimage\"},\"thumbnailUrl\":\"https:\\\/\\\/sysmatec.ch\\\/wp-content\\\/uploads\\\/2026\\\/01\\\/Balance_EHAKern1.jpg\",\"datePublished\":\"2026-01-15T16:24:29+00:00\",\"dateModified\":\"2026-01-15T17:32:34+00:00\",\"description\":\"Kompakte und benutzerfreundliche Waage, ideal f\u00fcr Schulen. Verschiedene Modelle mit Messbereichen von 0 bis 500 g bis 0 bis 3000 g erh\u00e4ltlich.\",\"breadcrumb\":{\"@id\":\"https:\\\/\\\/sysmatec.ch\\\/de\\\/Produkt\\\/schulwaage-eha\\\/#breadcrumb\"},\"inLanguage\":\"de\",\"potentialAction\":[{\"@type\":\"ReadAction\",\"target\":[\"https:\\\/\\\/sysmatec.ch\\\/de\\\/Produkt\\\/schulwaage-eha\\\/\"]}]},{\"@type\":\"ImageObject\",\"inLanguage\":\"de\",\"@id\":\"https:\\\/\\\/sysmatec.ch\\\/de\\\/Produkt\\\/schulwaage-eha\\\/#primaryimage\",\"url\":\"https:\\\/\\\/sysmatec.ch\\\/wp-content\\\/uploads\\\/2026\\\/01\\\/Balance_EHAKern1.jpg\",\"contentUrl\":\"https:\\\/\\\/sysmatec.ch\\\/wp-content\\\/uploads\\\/2026\\\/01\\\/Balance_EHAKern1.jpg\",\"width\":515,\"height\":469},{\"@type\":\"BreadcrumbList\",\"@id\":\"https:\\\/\\\/sysmatec.ch\\\/de\\\/Produkt\\\/schulwaage-eha\\\/#breadcrumb\",\"itemListElement\":[{\"@type\":\"ListItem\",\"position\":1,\"name\":\"Accueil\",\"item\":\"https:\\\/\\\/sysmatec.ch\\\/de\\\/\"},{\"@type\":\"ListItem\",\"position\":2,\"name\":\"Die Aktivit\u00e4t von Sysmatec\",\"item\":\"https:\\\/\\\/sysmatec.ch\\\/de\\\/\"},{\"@type\":\"ListItem\",\"position\":3,\"name\":\"Schulwaage EHA\"}]},{\"@type\":\"WebSite\",\"@id\":\"https:\\\/\\\/sysmatec.ch\\\/de\\\/#website\",\"url\":\"https:\\\/\\\/sysmatec.ch\\\/de\\\/\",\"name\":\"Sysmatec\",\"description\":\"Equipement de laboratoire et logiciels\",\"publisher\":{\"@id\":\"https:\\\/\\\/sysmatec.ch\\\/de\\\/#organization\"},\"potentialAction\":[{\"@type\":\"SearchAction\",\"target\":{\"@type\":\"EntryPoint\",\"urlTemplate\":\"https:\\\/\\\/sysmatec.ch\\\/de\\\/?s={search_term_string}\"},\"query-input\":{\"@type\":\"PropertyValueSpecification\",\"valueRequired\":true,\"valueName\":\"search_term_string\"}}],\"inLanguage\":\"de\"},{\"@type\":\"Organization\",\"@id\":\"https:\\\/\\\/sysmatec.ch\\\/de\\\/#organization\",\"name\":\"Sysmatec\",\"url\":\"https:\\\/\\\/sysmatec.ch\\\/de\\\/\",\"logo\":{\"@type\":\"ImageObject\",\"inLanguage\":\"de\",\"@id\":\"https:\\\/\\\/sysmatec.ch\\\/de\\\/#\\\/schema\\\/logo\\\/image\\\/\",\"url\":\"https:\\\/\\\/sysmatec.ch\\\/wp-content\\\/uploads\\\/2018\\\/11\\\/LogoSysmatec.jpg\",\"contentUrl\":\"https:\\\/\\\/sysmatec.ch\\\/wp-content\\\/uploads\\\/2018\\\/11\\\/LogoSysmatec.jpg\",\"width\":301,\"height\":297,\"caption\":\"Sysmatec\"},\"image\":{\"@id\":\"https:\\\/\\\/sysmatec.ch\\\/de\\\/#\\\/schema\\\/logo\\\/image\\\/\"}}]}<\/script>\n<!-- \/ Yoast SEO plugin. -->","yoast_head_json":{"title":"Schulwaage EHA - Sysmatec","description":"Kompakte und benutzerfreundliche Waage, ideal f\u00fcr Schulen. Verschiedene Modelle mit Messbereichen von 0 bis 500 g bis 0 bis 3000 g erh\u00e4ltlich.","robots":{"index":"index","follow":"follow","max-snippet":"max-snippet:-1","max-image-preview":"max-image-preview:large","max-video-preview":"max-video-preview:-1"},"canonical":"https:\/\/sysmatec.ch\/de\/Produkt\/schulwaage-eha\/","og_locale":"de_DE","og_type":"article","og_title":"Schulwaage EHA - Sysmatec","og_description":"Kompakte und benutzerfreundliche Waage, ideal f\u00fcr Schulen. Verschiedene Modelle mit Messbereichen von 0 bis 500 g bis 0 bis 3000 g erh\u00e4ltlich.","og_url":"https:\/\/sysmatec.ch\/de\/Produkt\/schulwaage-eha\/","og_site_name":"Sysmatec","article_modified_time":"2026-01-15T17:32:34+00:00","og_image":[{"width":515,"height":469,"url":"https:\/\/sysmatec.ch\/wp-content\/uploads\/2026\/01\/Balance_EHAKern1.jpg","type":"image\/jpeg"}],"twitter_card":"summary_large_image","twitter_misc":{"Gesch\u00e4tzte Lesezeit":"2\u00a0Minuten"},"schema":{"@context":"https:\/\/schema.org","@graph":[{"@type":"WebPage","@id":"https:\/\/sysmatec.ch\/de\/Produkt\/schulwaage-eha\/","url":"https:\/\/sysmatec.ch\/de\/Produkt\/schulwaage-eha\/","name":"Schulwaage EHA - Sysmatec","isPartOf":{"@id":"https:\/\/sysmatec.ch\/de\/#website"},"primaryImageOfPage":{"@id":"https:\/\/sysmatec.ch\/de\/Produkt\/schulwaage-eha\/#primaryimage"},"image":{"@id":"https:\/\/sysmatec.ch\/de\/Produkt\/schulwaage-eha\/#primaryimage"},"thumbnailUrl":"https:\/\/sysmatec.ch\/wp-content\/uploads\/2026\/01\/Balance_EHAKern1.jpg","datePublished":"2026-01-15T16:24:29+00:00","dateModified":"2026-01-15T17:32:34+00:00","description":"Kompakte und benutzerfreundliche Waage, ideal f\u00fcr Schulen. Verschiedene Modelle mit Messbereichen von 0 bis 500 g bis 0 bis 3000 g erh\u00e4ltlich.","breadcrumb":{"@id":"https:\/\/sysmatec.ch\/de\/Produkt\/schulwaage-eha\/#breadcrumb"},"inLanguage":"de","potentialAction":[{"@type":"ReadAction","target":["https:\/\/sysmatec.ch\/de\/Produkt\/schulwaage-eha\/"]}]},{"@type":"ImageObject","inLanguage":"de","@id":"https:\/\/sysmatec.ch\/de\/Produkt\/schulwaage-eha\/#primaryimage","url":"https:\/\/sysmatec.ch\/wp-content\/uploads\/2026\/01\/Balance_EHAKern1.jpg","contentUrl":"https:\/\/sysmatec.ch\/wp-content\/uploads\/2026\/01\/Balance_EHAKern1.jpg","width":515,"height":469},{"@type":"BreadcrumbList","@id":"https:\/\/sysmatec.ch\/de\/Produkt\/schulwaage-eha\/#breadcrumb","itemListElement":[{"@type":"ListItem","position":1,"name":"Accueil","item":"https:\/\/sysmatec.ch\/de\/"},{"@type":"ListItem","position":2,"name":"Die Aktivit\u00e4t von Sysmatec","item":"https:\/\/sysmatec.ch\/de\/"},{"@type":"ListItem","position":3,"name":"Schulwaage EHA"}]},{"@type":"WebSite","@id":"https:\/\/sysmatec.ch\/de\/#website","url":"https:\/\/sysmatec.ch\/de\/","name":"Sysmatec","description":"Equipement de laboratoire et logiciels","publisher":{"@id":"https:\/\/sysmatec.ch\/de\/#organization"},"potentialAction":[{"@type":"SearchAction","target":{"@type":"EntryPoint","urlTemplate":"https:\/\/sysmatec.ch\/de\/?s={search_term_string}"},"query-input":{"@type":"PropertyValueSpecification","valueRequired":true,"valueName":"search_term_string"}}],"inLanguage":"de"},{"@type":"Organization","@id":"https:\/\/sysmatec.ch\/de\/#organization","name":"Sysmatec","url":"https:\/\/sysmatec.ch\/de\/","logo":{"@type":"ImageObject","inLanguage":"de","@id":"https:\/\/sysmatec.ch\/de\/#\/schema\/logo\/image\/","url":"https:\/\/sysmatec.ch\/wp-content\/uploads\/2018\/11\/LogoSysmatec.jpg","contentUrl":"https:\/\/sysmatec.ch\/wp-content\/uploads\/2018\/11\/LogoSysmatec.jpg","width":301,"height":297,"caption":"Sysmatec"},"image":{"@id":"https:\/\/sysmatec.ch\/de\/#\/schema\/logo\/image\/"}}]}},"_links":{"self":[{"href":"https:\/\/sysmatec.ch\/de\/wp-json\/wp\/v2\/product\/31195","targetHints":{"allow":["GET"]}}],"collection":[{"href":"https:\/\/sysmatec.ch\/de\/wp-json\/wp\/v2\/product"}],"about":[{"href":"https:\/\/sysmatec.ch\/de\/wp-json\/wp\/v2\/types\/product"}],"wp:featuredmedia":[{"embeddable":true,"href":"https:\/\/sysmatec.ch\/de\/wp-json\/wp\/v2\/media\/31251"}],"wp:attachment":[{"href":"https:\/\/sysmatec.ch\/de\/wp-json\/wp\/v2\/media?parent=31195"}],"wp:term":[{"taxonomy":"product_brand","embeddable":true,"href":"https:\/\/sysmatec.ch\/de\/wp-json\/wp\/v2\/product_brand?post=31195"},{"taxonomy":"product_cat","embeddable":true,"href":"https:\/\/sysmatec.ch\/de\/wp-json\/wp\/v2\/product_cat?post=31195"},{"taxonomy":"product_tag","embeddable":true,"href":"https:\/\/sysmatec.ch\/de\/wp-json\/wp\/v2\/product_tag?post=31195"}],"curies":[{"name":"wp","href":"https:\/\/api.w.org\/{rel}","templated":true}]}}