{"id":3111,"date":"2019-02-16T17:26:44","date_gmt":"2019-02-16T16:26:44","guid":{"rendered":"https:\/\/sysmatec.ch\/produit\/barres-peseuses-kern-ufa\/"},"modified":"2022-02-26T19:18:30","modified_gmt":"2022-02-26T18:18:30","slug":"palettenwaage-kern-ufa","status":"publish","type":"product","link":"https:\/\/sysmatec.ch\/de\/Produkt\/palettenwaage-kern-ufa\/","title":{"rendered":"Palettenwaage KERN UFA"},"content":{"rendered":"<ul>\n<li>Vielseitig einsetzbare Wiegebalken (IP67) f\u00fcr gro\u00dfe Lasten bis 6 t<\/li>\n<li>Anzeigeger\u00e4t frei plazierbar durch Kabel (ca 5 m lang)<\/li>\n<li>Ideale Waage f\u00fcr gro\u00dfe, volumin\u00f6se oder lange W\u00e4geg\u00fcter<\/li>\n<li>Hohe Mobilit\u00e4t: dank Akkubetrieb (optional) und kompakter, flacher Bauweise geeignet zum Einsatz an mehreren Standorten (Produktion, Lager, Versand, &#8230;)<\/li>\n<li>Stabile Haltegriffe zum Transport der Wiegebalken<\/li>\n<li>Wiegebalken Stahl, lackiert, massive Stahlkonstruktion, extrem biegesteif<\/li>\n<li>W\u00e4gezellen Stahl, silikonbeschichtet<\/li>\n<li>Dynamisches W\u00e4gen: per Tastendruck wird bei unruhigen Umgebungsbedingungen ein stabiler Mittelwert gebildet<\/li>\n<li>W\u00e4gen mit Toleranzbereich (Checkweighing): Eingabe eines oberen\/unteren Grenzwerts. Ein akustisches und optisches Signal unterst\u00fctzt das Portionieren, Dosieren und Sortieren<\/li>\n<li>Summieren von Gewichtswerten<\/li>\n<li>Tischfu\u00df inkl. Wandhalterung f\u00fcr das Auswerteger\u00e4t serienm\u00e4\u00dfig<\/li>\n<li>Wiegebalken als Komponente auch ohne Auswerteger\u00e4t lieferbar: KERN KFA<\/li>\n<li>Auswerteger\u00e4t als Komponente auch ohne Wiegebalken lieferbar: KERN KFB-TM<\/li>\n<\/ul>\n<table border=\"1\" width=\"458\" cellspacing=\"0\" cellpadding=\"2\">\n<tbody>\n<tr>\n<td>Waage Modell<\/td>\n<td width=\"10%\">Ablesbarkeit<\/td>\n<td width=\"10%\">W\u00e4gebereich<\/td>\n<\/tr>\n<tr>\n<td><\/td>\n<td width=\"10%\">g<\/td>\n<td width=\"10%\">kg<\/td>\n<\/tr>\n<tr>\n<td>UFA 600K-1S<\/td>\n<td width=\"10%\">200<\/td>\n<td width=\"10%\">600<\/td>\n<\/tr>\n<tr>\n<td>UFA 1.5T0.5<\/td>\n<td width=\"10%\">500<\/td>\n<td width=\"10%\">1500<\/td>\n<\/tr>\n<tr>\n<td>UFA 3T1<\/td>\n<td width=\"10%\">1000<\/td>\n<td width=\"10%\">3000<\/td>\n<\/tr>\n<tr>\n<td>UFA 3T-3L<\/td>\n<td width=\"10%\">1000<\/td>\n<td width=\"10%\">3000<\/td>\n<\/tr>\n<tr>\n<td>UFA 6T-3<\/td>\n<td width=\"10%\">2000<\/td>\n<td width=\"10%\">6000<\/td>\n<\/tr>\n<tr>\n<td>UFA 6T-3L<\/td>\n<td width=\"10%\">2000<\/td>\n<td width=\"10%\">6000<\/td>\n<\/tr>\n<\/tbody>\n<\/table>\n","protected":false},"excerpt":{"rendered":"<p>Palettenwaage 0-600 kg bis 0-6000 kg, IP67<\/p>\n","protected":false},"featured_media":24111,"template":"","meta":{"_crdt_document":""},"product_brand":[],"product_cat":[165,339],"product_tag":[],"class_list":{"0":"post-3111","1":"product","2":"type-product","3":"status-publish","4":"has-post-thumbnail","6":"product_cat-gewicht","7":"product_cat-plattform","9":"first","10":"instock","11":"taxable","12":"shipping-taxable","13":"purchasable","14":"product-type-variable"},"yoast_head":"<!-- This site is optimized with the Yoast SEO plugin v27.3 - https:\/\/yoast.com\/product\/yoast-seo-wordpress\/ -->\n<title>Palettenwaage KERN UFA - Sysmatec<\/title>\n<meta name=\"description\" content=\"Mobile Palettenwaage. Es hat R\u00e4der und einen Griff zum einfachen Bewegen. Messbereiche von 0-600 bis 0-6000 kg.\" \/>\n<meta name=\"robots\" content=\"index, follow, max-snippet:-1, max-image-preview:large, max-video-preview:-1\" \/>\n<link rel=\"canonical\" href=\"https:\/\/sysmatec.ch\/de\/produit\/palettenwaage-kern-ufa\/\" \/>\n<meta property=\"og:locale\" content=\"de_DE\" \/>\n<meta property=\"og:type\" content=\"article\" \/>\n<meta property=\"og:title\" content=\"Palettenwaage KERN UFA - Sysmatec\" \/>\n<meta property=\"og:description\" content=\"Mobile Palettenwaage. Es hat R\u00e4der und einen Griff zum einfachen Bewegen. Messbereiche von 0-600 bis 0-6000 kg.\" \/>\n<meta property=\"og:url\" content=\"https:\/\/sysmatec.ch\/de\/produit\/palettenwaage-kern-ufa\/\" \/>\n<meta property=\"og:site_name\" content=\"Sysmatec\" \/>\n<meta property=\"article:modified_time\" content=\"2022-02-26T18:18:30+00:00\" \/>\n<meta property=\"og:image\" content=\"https:\/\/sysmatec.ch\/wp-content\/uploads\/2019\/02\/Balance_UFA-3T-3L-scaled.jpg\" \/>\n\t<meta property=\"og:image:width\" content=\"2560\" \/>\n\t<meta property=\"og:image:height\" content=\"1770\" \/>\n\t<meta property=\"og:image:type\" content=\"image\/jpeg\" \/>\n<meta name=\"twitter:card\" content=\"summary_large_image\" \/>\n<meta name=\"twitter:label1\" content=\"Gesch\u00e4tzte Lesezeit\" \/>\n\t<meta name=\"twitter:data1\" content=\"1\u00a0Minute\" \/>\n<script type=\"application\/ld+json\" class=\"yoast-schema-graph\">{\"@context\":\"https:\\\/\\\/schema.org\",\"@graph\":[{\"@type\":\"WebPage\",\"@id\":\"https:\\\/\\\/sysmatec.ch\\\/de\\\/produit\\\/palettenwaage-kern-ufa\\\/\",\"url\":\"https:\\\/\\\/sysmatec.ch\\\/de\\\/produit\\\/palettenwaage-kern-ufa\\\/\",\"name\":\"Palettenwaage KERN UFA - Sysmatec\",\"isPartOf\":{\"@id\":\"https:\\\/\\\/sysmatec.ch\\\/de\\\/#website\"},\"primaryImageOfPage\":{\"@id\":\"https:\\\/\\\/sysmatec.ch\\\/de\\\/produit\\\/palettenwaage-kern-ufa\\\/#primaryimage\"},\"image\":{\"@id\":\"https:\\\/\\\/sysmatec.ch\\\/de\\\/produit\\\/palettenwaage-kern-ufa\\\/#primaryimage\"},\"thumbnailUrl\":\"https:\\\/\\\/sysmatec.ch\\\/wp-content\\\/uploads\\\/2019\\\/02\\\/Balance_UFA-3T-3L-scaled.jpg\",\"datePublished\":\"2019-02-16T16:26:44+00:00\",\"dateModified\":\"2022-02-26T18:18:30+00:00\",\"description\":\"Mobile Palettenwaage. Es hat R\u00e4der und einen Griff zum einfachen Bewegen. Messbereiche von 0-600 bis 0-6000 kg.\",\"breadcrumb\":{\"@id\":\"https:\\\/\\\/sysmatec.ch\\\/de\\\/produit\\\/palettenwaage-kern-ufa\\\/#breadcrumb\"},\"inLanguage\":\"de\",\"potentialAction\":[{\"@type\":\"ReadAction\",\"target\":[\"https:\\\/\\\/sysmatec.ch\\\/de\\\/produit\\\/palettenwaage-kern-ufa\\\/\"]}]},{\"@type\":\"ImageObject\",\"inLanguage\":\"de\",\"@id\":\"https:\\\/\\\/sysmatec.ch\\\/de\\\/produit\\\/palettenwaage-kern-ufa\\\/#primaryimage\",\"url\":\"https:\\\/\\\/sysmatec.ch\\\/wp-content\\\/uploads\\\/2019\\\/02\\\/Balance_UFA-3T-3L-scaled.jpg\",\"contentUrl\":\"https:\\\/\\\/sysmatec.ch\\\/wp-content\\\/uploads\\\/2019\\\/02\\\/Balance_UFA-3T-3L-scaled.jpg\",\"width\":2560,\"height\":1770},{\"@type\":\"BreadcrumbList\",\"@id\":\"https:\\\/\\\/sysmatec.ch\\\/de\\\/produit\\\/palettenwaage-kern-ufa\\\/#breadcrumb\",\"itemListElement\":[{\"@type\":\"ListItem\",\"position\":1,\"name\":\"Accueil\",\"item\":\"https:\\\/\\\/sysmatec.ch\\\/de\\\/\"},{\"@type\":\"ListItem\",\"position\":2,\"name\":\"Die Aktivit\u00e4t von Sysmatec\",\"item\":\"https:\\\/\\\/sysmatec.ch\\\/de\\\/\"},{\"@type\":\"ListItem\",\"position\":3,\"name\":\"Palettenwaage KERN UFA\"}]},{\"@type\":\"WebSite\",\"@id\":\"https:\\\/\\\/sysmatec.ch\\\/de\\\/#website\",\"url\":\"https:\\\/\\\/sysmatec.ch\\\/de\\\/\",\"name\":\"Sysmatec\",\"description\":\"Equipement de laboratoire et logiciels\",\"publisher\":{\"@id\":\"https:\\\/\\\/sysmatec.ch\\\/de\\\/#organization\"},\"potentialAction\":[{\"@type\":\"SearchAction\",\"target\":{\"@type\":\"EntryPoint\",\"urlTemplate\":\"https:\\\/\\\/sysmatec.ch\\\/de\\\/?s={search_term_string}\"},\"query-input\":{\"@type\":\"PropertyValueSpecification\",\"valueRequired\":true,\"valueName\":\"search_term_string\"}}],\"inLanguage\":\"de\"},{\"@type\":\"Organization\",\"@id\":\"https:\\\/\\\/sysmatec.ch\\\/de\\\/#organization\",\"name\":\"Sysmatec\",\"url\":\"https:\\\/\\\/sysmatec.ch\\\/de\\\/\",\"logo\":{\"@type\":\"ImageObject\",\"inLanguage\":\"de\",\"@id\":\"https:\\\/\\\/sysmatec.ch\\\/de\\\/#\\\/schema\\\/logo\\\/image\\\/\",\"url\":\"https:\\\/\\\/sysmatec.ch\\\/wp-content\\\/uploads\\\/2018\\\/11\\\/LogoSysmatec.jpg\",\"contentUrl\":\"https:\\\/\\\/sysmatec.ch\\\/wp-content\\\/uploads\\\/2018\\\/11\\\/LogoSysmatec.jpg\",\"width\":301,\"height\":297,\"caption\":\"Sysmatec\"},\"image\":{\"@id\":\"https:\\\/\\\/sysmatec.ch\\\/de\\\/#\\\/schema\\\/logo\\\/image\\\/\"}}]}<\/script>\n<!-- \/ Yoast SEO plugin. -->","yoast_head_json":{"title":"Palettenwaage KERN UFA - Sysmatec","description":"Mobile Palettenwaage. Es hat R\u00e4der und einen Griff zum einfachen Bewegen. Messbereiche von 0-600 bis 0-6000 kg.","robots":{"index":"index","follow":"follow","max-snippet":"max-snippet:-1","max-image-preview":"max-image-preview:large","max-video-preview":"max-video-preview:-1"},"canonical":"https:\/\/sysmatec.ch\/de\/produit\/palettenwaage-kern-ufa\/","og_locale":"de_DE","og_type":"article","og_title":"Palettenwaage KERN UFA - Sysmatec","og_description":"Mobile Palettenwaage. Es hat R\u00e4der und einen Griff zum einfachen Bewegen. Messbereiche von 0-600 bis 0-6000 kg.","og_url":"https:\/\/sysmatec.ch\/de\/produit\/palettenwaage-kern-ufa\/","og_site_name":"Sysmatec","article_modified_time":"2022-02-26T18:18:30+00:00","og_image":[{"width":2560,"height":1770,"url":"https:\/\/sysmatec.ch\/wp-content\/uploads\/2019\/02\/Balance_UFA-3T-3L-scaled.jpg","type":"image\/jpeg"}],"twitter_card":"summary_large_image","twitter_misc":{"Gesch\u00e4tzte Lesezeit":"1\u00a0Minute"},"schema":{"@context":"https:\/\/schema.org","@graph":[{"@type":"WebPage","@id":"https:\/\/sysmatec.ch\/de\/produit\/palettenwaage-kern-ufa\/","url":"https:\/\/sysmatec.ch\/de\/produit\/palettenwaage-kern-ufa\/","name":"Palettenwaage KERN UFA - Sysmatec","isPartOf":{"@id":"https:\/\/sysmatec.ch\/de\/#website"},"primaryImageOfPage":{"@id":"https:\/\/sysmatec.ch\/de\/produit\/palettenwaage-kern-ufa\/#primaryimage"},"image":{"@id":"https:\/\/sysmatec.ch\/de\/produit\/palettenwaage-kern-ufa\/#primaryimage"},"thumbnailUrl":"https:\/\/sysmatec.ch\/wp-content\/uploads\/2019\/02\/Balance_UFA-3T-3L-scaled.jpg","datePublished":"2019-02-16T16:26:44+00:00","dateModified":"2022-02-26T18:18:30+00:00","description":"Mobile Palettenwaage. Es hat R\u00e4der und einen Griff zum einfachen Bewegen. Messbereiche von 0-600 bis 0-6000 kg.","breadcrumb":{"@id":"https:\/\/sysmatec.ch\/de\/produit\/palettenwaage-kern-ufa\/#breadcrumb"},"inLanguage":"de","potentialAction":[{"@type":"ReadAction","target":["https:\/\/sysmatec.ch\/de\/produit\/palettenwaage-kern-ufa\/"]}]},{"@type":"ImageObject","inLanguage":"de","@id":"https:\/\/sysmatec.ch\/de\/produit\/palettenwaage-kern-ufa\/#primaryimage","url":"https:\/\/sysmatec.ch\/wp-content\/uploads\/2019\/02\/Balance_UFA-3T-3L-scaled.jpg","contentUrl":"https:\/\/sysmatec.ch\/wp-content\/uploads\/2019\/02\/Balance_UFA-3T-3L-scaled.jpg","width":2560,"height":1770},{"@type":"BreadcrumbList","@id":"https:\/\/sysmatec.ch\/de\/produit\/palettenwaage-kern-ufa\/#breadcrumb","itemListElement":[{"@type":"ListItem","position":1,"name":"Accueil","item":"https:\/\/sysmatec.ch\/de\/"},{"@type":"ListItem","position":2,"name":"Die Aktivit\u00e4t von Sysmatec","item":"https:\/\/sysmatec.ch\/de\/"},{"@type":"ListItem","position":3,"name":"Palettenwaage KERN UFA"}]},{"@type":"WebSite","@id":"https:\/\/sysmatec.ch\/de\/#website","url":"https:\/\/sysmatec.ch\/de\/","name":"Sysmatec","description":"Equipement de laboratoire et logiciels","publisher":{"@id":"https:\/\/sysmatec.ch\/de\/#organization"},"potentialAction":[{"@type":"SearchAction","target":{"@type":"EntryPoint","urlTemplate":"https:\/\/sysmatec.ch\/de\/?s={search_term_string}"},"query-input":{"@type":"PropertyValueSpecification","valueRequired":true,"valueName":"search_term_string"}}],"inLanguage":"de"},{"@type":"Organization","@id":"https:\/\/sysmatec.ch\/de\/#organization","name":"Sysmatec","url":"https:\/\/sysmatec.ch\/de\/","logo":{"@type":"ImageObject","inLanguage":"de","@id":"https:\/\/sysmatec.ch\/de\/#\/schema\/logo\/image\/","url":"https:\/\/sysmatec.ch\/wp-content\/uploads\/2018\/11\/LogoSysmatec.jpg","contentUrl":"https:\/\/sysmatec.ch\/wp-content\/uploads\/2018\/11\/LogoSysmatec.jpg","width":301,"height":297,"caption":"Sysmatec"},"image":{"@id":"https:\/\/sysmatec.ch\/de\/#\/schema\/logo\/image\/"}}]}},"_links":{"self":[{"href":"https:\/\/sysmatec.ch\/de\/wp-json\/wp\/v2\/product\/3111","targetHints":{"allow":["GET"]}}],"collection":[{"href":"https:\/\/sysmatec.ch\/de\/wp-json\/wp\/v2\/product"}],"about":[{"href":"https:\/\/sysmatec.ch\/de\/wp-json\/wp\/v2\/types\/product"}],"wp:featuredmedia":[{"embeddable":true,"href":"https:\/\/sysmatec.ch\/de\/wp-json\/wp\/v2\/media\/24111"}],"wp:attachment":[{"href":"https:\/\/sysmatec.ch\/de\/wp-json\/wp\/v2\/media?parent=3111"}],"wp:term":[{"taxonomy":"product_brand","embeddable":true,"href":"https:\/\/sysmatec.ch\/de\/wp-json\/wp\/v2\/product_brand?post=3111"},{"taxonomy":"product_cat","embeddable":true,"href":"https:\/\/sysmatec.ch\/de\/wp-json\/wp\/v2\/product_cat?post=3111"},{"taxonomy":"product_tag","embeddable":true,"href":"https:\/\/sysmatec.ch\/de\/wp-json\/wp\/v2\/product_tag?post=3111"}],"curies":[{"name":"wp","href":"https:\/\/api.w.org\/{rel}","templated":true}]}}