{"id":31089,"date":"2026-01-13T12:15:00","date_gmt":"2026-01-13T11:15:00","guid":{"rendered":"https:\/\/sysmatec.ch\/?post_type=product&#038;p=31089"},"modified":"2026-01-13T14:50:56","modified_gmt":"2026-01-13T13:50:56","slug":"risstiefenmesser-et-28","status":"publish","type":"product","link":"https:\/\/sysmatec.ch\/de\/Produkt\/risstiefenmesser-et-28\/","title":{"rendered":"Risstiefenmesser ET-28"},"content":{"rendered":"<p>Zerst\u00f6rungsfreie Messung der Risstiefe in Metallen und Legierungen.<\/p>\n<p>Es handelt sich um ein hochpr\u00e4zises, handliches Messger\u00e4t, das speziell f\u00fcr die Messung der Risstiefe in verschiedenen Metallen und Legierungen, darunter Edelstahl und Duraluminium, entwickelt wurde, deren Risstiefe zuvor mit anderen Methoden nicht erfasst werden konnte.<\/p>\n<h2>Vorteile<\/h2>\n<ul>\n<li>Das Risstiefenmessger\u00e4t arbeitet nach dem Prinzip der Wechselstrom-Potenzialmessung und erm\u00f6glicht im Vergleich zu herk\u00f6mmlichen Methoden eine schnelle und pr\u00e4zise Tiefenmessung. Es erzielt die besten Ergebnisse in Kombination mit anderen Risspr\u00fcfungsverfahren wie Magnetpulver-, Kapillar- oder Wirbelstrompr\u00fcfung.<\/li>\n<li>Geeignet f\u00fcr Messungen an ferromagnetischen und nicht-ferromagnetischen Werkstoffen (z. B. Edelstahl, Aluminiumlegierungen).<\/li>\n<li>Breiter Messbereich von 0.2 bis 100.0 mm.<\/li>\n<li>Minimaler Einfluss der elektromagnetischen Eigenschaften des Materials auf die Messergebnisse.<\/li>\n<li>Ausgestattet mit verschiedenen Sondenformen zur Pr\u00fcfung von Produkten mit unregelm\u00e4\u00dfigen Formen.<\/li>\n<li>Bewegliche, federbelastete Kontaktelektroden an der Sonde erm\u00f6glichen Messungen auf gekr\u00fcmmten Oberfl\u00e4chen.<\/li>\n<\/ul>\n<h2>Wie funktioniert es?<\/h2>\n<ul>\n<li>Nullpunkt festlegen \u2013 an einer unbesch\u00e4digten Stelle des Objekts messen.<\/li>\n<li>Riss-Tiefenmessung \u2013 die Kontaktelektroden \u00fcber dem Riss positionieren; die Tiefenmessung in mm wird auf dem Bildschirm angezeigt.<\/li>\n<\/ul>\n<h2>Anwendungen<\/h2>\n<ul>\n<li>Wellen, Walzen, Walzwerke, Bauteile, Maschinen und Mechanismen<\/li>\n<li>Rohre, Leitungen, \u00d6l- und Gaspipelines<\/li>\n<li>Druckbeh\u00e4lter<\/li>\n<li>Ger\u00e4te f\u00fcr die Energiewirtschaft<\/li>\n<\/ul>\n<h2>Merkmale<\/h2>\n<ul>\n<li>Messbereich (Risstiefe): 0.5 \u2013 30 mm<\/li>\n<li>Sch\u00e4tzbereich (ungef\u00e4hre Risstiefe): 30 \u2013 100 mm<\/li>\n<li>Messgenauigkeit: bis zu 20 %<\/li>\n<li>Maximale Rissbreite (abh\u00e4ngig von der Sondenkonstruktion): bis zu 3,5 mm<\/li>\n<li>Minimale Rissl\u00e4nge: 5 Risstiefen, mindestens 3 mm<\/li>\n<li>Abmessungen der Elektronikeinheit: 150 \u00d7 80 \u00d7 30 mm<\/li>\n<li>Gewicht: 0.5 kg<\/li>\n<li>Betriebstemperaturbereich: +5 bis +40 \u00b0C<\/li>\n<li>Relative Luftfeuchtigkeit im Betrieb: 30 bis 80 %<\/li>\n<li>Anforderungen an das Pr\u00fcfobjekt: Oberfl\u00e4chenrauheit \u2264 40 Rz (10 Ra), stabiler elektrischer Kontakt mit den Sondenelektroden<\/li>\n<\/ul>\n<h2>Lieferung<\/h2>\n<ul>\n<li>Elektronische Einheit mit Akkumulator<\/li>\n<li>Sonde \u201e1\u00d74\u201c<\/li>\n<li>Pr\u00fcfblock mit 1 Riss<\/li>\n<li>Stromspeisung<\/li>\n<li>Trage- und Aufbewahrungstasche<\/li>\n<\/ul>\n","protected":false},"excerpt":{"rendered":"<p>Risstiefenmesser f\u00fcr Risstiefen von 0,5 bis 100 mm<\/p>\n","protected":false},"featured_media":31094,"template":"","meta":{"_crdt_document":""},"product_brand":[],"product_cat":[312,180],"product_tag":[],"class_list":{"0":"post-31089","1":"product","2":"type-product","3":"status-publish","4":"has-post-thumbnail","6":"product_cat-dicke","7":"product_cat-messung","9":"first","10":"instock","11":"taxable","12":"shipping-taxable","13":"product-type-simple"},"yoast_head":"<!-- This site is optimized with the Yoast SEO plugin v27.4 - https:\/\/yoast.com\/product\/yoast-seo-wordpress\/ -->\n<title>Risstiefenmesser ET-28 - Sysmatec<\/title>\n<meta name=\"description\" content=\"Risstiefenmesser zur Messung von Risstiefen von 0,5 bis 100 mm, je nach verwendeter Sonde.\" \/>\n<meta name=\"robots\" content=\"index, follow, max-snippet:-1, max-image-preview:large, max-video-preview:-1\" \/>\n<link rel=\"canonical\" href=\"https:\/\/sysmatec.ch\/de\/Produkt\/risstiefenmesser-et-28\/\" \/>\n<meta property=\"og:locale\" content=\"de_DE\" \/>\n<meta property=\"og:type\" content=\"article\" \/>\n<meta property=\"og:title\" content=\"Risstiefenmesser ET-28 - Sysmatec\" \/>\n<meta property=\"og:description\" content=\"Risstiefenmesser zur Messung von Risstiefen von 0,5 bis 100 mm, je nach verwendeter Sonde.\" \/>\n<meta property=\"og:url\" content=\"https:\/\/sysmatec.ch\/de\/Produkt\/risstiefenmesser-et-28\/\" \/>\n<meta property=\"og:site_name\" content=\"Sysmatec\" \/>\n<meta property=\"article:modified_time\" content=\"2026-01-13T13:50:56+00:00\" \/>\n<meta property=\"og:image\" content=\"https:\/\/sysmatec.ch\/wp-content\/uploads\/2026\/01\/ProfondeurFissure_ET-28Teqto.jpg\" \/>\n\t<meta property=\"og:image:width\" content=\"520\" \/>\n\t<meta property=\"og:image:height\" content=\"484\" \/>\n\t<meta property=\"og:image:type\" content=\"image\/jpeg\" \/>\n<meta name=\"twitter:card\" content=\"summary_large_image\" \/>\n<meta name=\"twitter:label1\" content=\"Gesch\u00e4tzte Lesezeit\" \/>\n\t<meta name=\"twitter:data1\" content=\"2\u00a0Minuten\" \/>\n<script type=\"application\/ld+json\" class=\"yoast-schema-graph\">{\"@context\":\"https:\\\/\\\/schema.org\",\"@graph\":[{\"@type\":\"WebPage\",\"@id\":\"https:\\\/\\\/sysmatec.ch\\\/de\\\/Produkt\\\/risstiefenmesser-et-28\\\/\",\"url\":\"https:\\\/\\\/sysmatec.ch\\\/de\\\/Produkt\\\/risstiefenmesser-et-28\\\/\",\"name\":\"Risstiefenmesser ET-28 - Sysmatec\",\"isPartOf\":{\"@id\":\"https:\\\/\\\/sysmatec.ch\\\/de\\\/#website\"},\"primaryImageOfPage\":{\"@id\":\"https:\\\/\\\/sysmatec.ch\\\/de\\\/Produkt\\\/risstiefenmesser-et-28\\\/#primaryimage\"},\"image\":{\"@id\":\"https:\\\/\\\/sysmatec.ch\\\/de\\\/Produkt\\\/risstiefenmesser-et-28\\\/#primaryimage\"},\"thumbnailUrl\":\"https:\\\/\\\/sysmatec.ch\\\/wp-content\\\/uploads\\\/2026\\\/01\\\/ProfondeurFissure_ET-28Teqto.jpg\",\"datePublished\":\"2026-01-13T11:15:00+00:00\",\"dateModified\":\"2026-01-13T13:50:56+00:00\",\"description\":\"Risstiefenmesser zur Messung von Risstiefen von 0,5 bis 100 mm, je nach verwendeter Sonde.\",\"breadcrumb\":{\"@id\":\"https:\\\/\\\/sysmatec.ch\\\/de\\\/Produkt\\\/risstiefenmesser-et-28\\\/#breadcrumb\"},\"inLanguage\":\"de\",\"potentialAction\":[{\"@type\":\"ReadAction\",\"target\":[\"https:\\\/\\\/sysmatec.ch\\\/de\\\/Produkt\\\/risstiefenmesser-et-28\\\/\"]}]},{\"@type\":\"ImageObject\",\"inLanguage\":\"de\",\"@id\":\"https:\\\/\\\/sysmatec.ch\\\/de\\\/Produkt\\\/risstiefenmesser-et-28\\\/#primaryimage\",\"url\":\"https:\\\/\\\/sysmatec.ch\\\/wp-content\\\/uploads\\\/2026\\\/01\\\/ProfondeurFissure_ET-28Teqto.jpg\",\"contentUrl\":\"https:\\\/\\\/sysmatec.ch\\\/wp-content\\\/uploads\\\/2026\\\/01\\\/ProfondeurFissure_ET-28Teqto.jpg\",\"width\":520,\"height\":484},{\"@type\":\"BreadcrumbList\",\"@id\":\"https:\\\/\\\/sysmatec.ch\\\/de\\\/Produkt\\\/risstiefenmesser-et-28\\\/#breadcrumb\",\"itemListElement\":[{\"@type\":\"ListItem\",\"position\":1,\"name\":\"Accueil\",\"item\":\"https:\\\/\\\/sysmatec.ch\\\/de\\\/\"},{\"@type\":\"ListItem\",\"position\":2,\"name\":\"Die Aktivit\u00e4t von Sysmatec\",\"item\":\"https:\\\/\\\/sysmatec.ch\\\/de\\\/\"},{\"@type\":\"ListItem\",\"position\":3,\"name\":\"Risstiefenmesser ET-28\"}]},{\"@type\":\"WebSite\",\"@id\":\"https:\\\/\\\/sysmatec.ch\\\/de\\\/#website\",\"url\":\"https:\\\/\\\/sysmatec.ch\\\/de\\\/\",\"name\":\"Sysmatec\",\"description\":\"Equipement de laboratoire et logiciels\",\"publisher\":{\"@id\":\"https:\\\/\\\/sysmatec.ch\\\/de\\\/#organization\"},\"potentialAction\":[{\"@type\":\"SearchAction\",\"target\":{\"@type\":\"EntryPoint\",\"urlTemplate\":\"https:\\\/\\\/sysmatec.ch\\\/de\\\/?s={search_term_string}\"},\"query-input\":{\"@type\":\"PropertyValueSpecification\",\"valueRequired\":true,\"valueName\":\"search_term_string\"}}],\"inLanguage\":\"de\"},{\"@type\":\"Organization\",\"@id\":\"https:\\\/\\\/sysmatec.ch\\\/de\\\/#organization\",\"name\":\"Sysmatec\",\"url\":\"https:\\\/\\\/sysmatec.ch\\\/de\\\/\",\"logo\":{\"@type\":\"ImageObject\",\"inLanguage\":\"de\",\"@id\":\"https:\\\/\\\/sysmatec.ch\\\/de\\\/#\\\/schema\\\/logo\\\/image\\\/\",\"url\":\"https:\\\/\\\/sysmatec.ch\\\/wp-content\\\/uploads\\\/2018\\\/11\\\/LogoSysmatec.jpg\",\"contentUrl\":\"https:\\\/\\\/sysmatec.ch\\\/wp-content\\\/uploads\\\/2018\\\/11\\\/LogoSysmatec.jpg\",\"width\":301,\"height\":297,\"caption\":\"Sysmatec\"},\"image\":{\"@id\":\"https:\\\/\\\/sysmatec.ch\\\/de\\\/#\\\/schema\\\/logo\\\/image\\\/\"}}]}<\/script>\n<!-- \/ Yoast SEO plugin. -->","yoast_head_json":{"title":"Risstiefenmesser ET-28 - Sysmatec","description":"Risstiefenmesser zur Messung von Risstiefen von 0,5 bis 100 mm, je nach verwendeter Sonde.","robots":{"index":"index","follow":"follow","max-snippet":"max-snippet:-1","max-image-preview":"max-image-preview:large","max-video-preview":"max-video-preview:-1"},"canonical":"https:\/\/sysmatec.ch\/de\/Produkt\/risstiefenmesser-et-28\/","og_locale":"de_DE","og_type":"article","og_title":"Risstiefenmesser ET-28 - Sysmatec","og_description":"Risstiefenmesser zur Messung von Risstiefen von 0,5 bis 100 mm, je nach verwendeter Sonde.","og_url":"https:\/\/sysmatec.ch\/de\/Produkt\/risstiefenmesser-et-28\/","og_site_name":"Sysmatec","article_modified_time":"2026-01-13T13:50:56+00:00","og_image":[{"width":520,"height":484,"url":"https:\/\/sysmatec.ch\/wp-content\/uploads\/2026\/01\/ProfondeurFissure_ET-28Teqto.jpg","type":"image\/jpeg"}],"twitter_card":"summary_large_image","twitter_misc":{"Gesch\u00e4tzte Lesezeit":"2\u00a0Minuten"},"schema":{"@context":"https:\/\/schema.org","@graph":[{"@type":"WebPage","@id":"https:\/\/sysmatec.ch\/de\/Produkt\/risstiefenmesser-et-28\/","url":"https:\/\/sysmatec.ch\/de\/Produkt\/risstiefenmesser-et-28\/","name":"Risstiefenmesser ET-28 - Sysmatec","isPartOf":{"@id":"https:\/\/sysmatec.ch\/de\/#website"},"primaryImageOfPage":{"@id":"https:\/\/sysmatec.ch\/de\/Produkt\/risstiefenmesser-et-28\/#primaryimage"},"image":{"@id":"https:\/\/sysmatec.ch\/de\/Produkt\/risstiefenmesser-et-28\/#primaryimage"},"thumbnailUrl":"https:\/\/sysmatec.ch\/wp-content\/uploads\/2026\/01\/ProfondeurFissure_ET-28Teqto.jpg","datePublished":"2026-01-13T11:15:00+00:00","dateModified":"2026-01-13T13:50:56+00:00","description":"Risstiefenmesser zur Messung von Risstiefen von 0,5 bis 100 mm, je nach verwendeter Sonde.","breadcrumb":{"@id":"https:\/\/sysmatec.ch\/de\/Produkt\/risstiefenmesser-et-28\/#breadcrumb"},"inLanguage":"de","potentialAction":[{"@type":"ReadAction","target":["https:\/\/sysmatec.ch\/de\/Produkt\/risstiefenmesser-et-28\/"]}]},{"@type":"ImageObject","inLanguage":"de","@id":"https:\/\/sysmatec.ch\/de\/Produkt\/risstiefenmesser-et-28\/#primaryimage","url":"https:\/\/sysmatec.ch\/wp-content\/uploads\/2026\/01\/ProfondeurFissure_ET-28Teqto.jpg","contentUrl":"https:\/\/sysmatec.ch\/wp-content\/uploads\/2026\/01\/ProfondeurFissure_ET-28Teqto.jpg","width":520,"height":484},{"@type":"BreadcrumbList","@id":"https:\/\/sysmatec.ch\/de\/Produkt\/risstiefenmesser-et-28\/#breadcrumb","itemListElement":[{"@type":"ListItem","position":1,"name":"Accueil","item":"https:\/\/sysmatec.ch\/de\/"},{"@type":"ListItem","position":2,"name":"Die Aktivit\u00e4t von Sysmatec","item":"https:\/\/sysmatec.ch\/de\/"},{"@type":"ListItem","position":3,"name":"Risstiefenmesser ET-28"}]},{"@type":"WebSite","@id":"https:\/\/sysmatec.ch\/de\/#website","url":"https:\/\/sysmatec.ch\/de\/","name":"Sysmatec","description":"Equipement de laboratoire et logiciels","publisher":{"@id":"https:\/\/sysmatec.ch\/de\/#organization"},"potentialAction":[{"@type":"SearchAction","target":{"@type":"EntryPoint","urlTemplate":"https:\/\/sysmatec.ch\/de\/?s={search_term_string}"},"query-input":{"@type":"PropertyValueSpecification","valueRequired":true,"valueName":"search_term_string"}}],"inLanguage":"de"},{"@type":"Organization","@id":"https:\/\/sysmatec.ch\/de\/#organization","name":"Sysmatec","url":"https:\/\/sysmatec.ch\/de\/","logo":{"@type":"ImageObject","inLanguage":"de","@id":"https:\/\/sysmatec.ch\/de\/#\/schema\/logo\/image\/","url":"https:\/\/sysmatec.ch\/wp-content\/uploads\/2018\/11\/LogoSysmatec.jpg","contentUrl":"https:\/\/sysmatec.ch\/wp-content\/uploads\/2018\/11\/LogoSysmatec.jpg","width":301,"height":297,"caption":"Sysmatec"},"image":{"@id":"https:\/\/sysmatec.ch\/de\/#\/schema\/logo\/image\/"}}]}},"_links":{"self":[{"href":"https:\/\/sysmatec.ch\/de\/wp-json\/wp\/v2\/product\/31089","targetHints":{"allow":["GET"]}}],"collection":[{"href":"https:\/\/sysmatec.ch\/de\/wp-json\/wp\/v2\/product"}],"about":[{"href":"https:\/\/sysmatec.ch\/de\/wp-json\/wp\/v2\/types\/product"}],"wp:featuredmedia":[{"embeddable":true,"href":"https:\/\/sysmatec.ch\/de\/wp-json\/wp\/v2\/media\/31094"}],"wp:attachment":[{"href":"https:\/\/sysmatec.ch\/de\/wp-json\/wp\/v2\/media?parent=31089"}],"wp:term":[{"taxonomy":"product_brand","embeddable":true,"href":"https:\/\/sysmatec.ch\/de\/wp-json\/wp\/v2\/product_brand?post=31089"},{"taxonomy":"product_cat","embeddable":true,"href":"https:\/\/sysmatec.ch\/de\/wp-json\/wp\/v2\/product_cat?post=31089"},{"taxonomy":"product_tag","embeddable":true,"href":"https:\/\/sysmatec.ch\/de\/wp-json\/wp\/v2\/product_tag?post=31089"}],"curies":[{"name":"wp","href":"https:\/\/api.w.org\/{rel}","templated":true}]}}