{"id":31071,"date":"2026-01-10T14:37:49","date_gmt":"2026-01-10T13:37:49","guid":{"rendered":"https:\/\/sysmatec.ch\/?post_type=product&#038;p=31071"},"modified":"2026-01-10T15:49:59","modified_gmt":"2026-01-10T14:49:59","slug":"gasdurchflussregler-massflow-touch","status":"publish","type":"product","link":"https:\/\/sysmatec.ch\/de\/Produkt\/gasdurchflussregler-massflow-touch\/","title":{"rendered":"Gasdurchflussregler MASSFLOW touch"},"content":{"rendered":"<p>Dieser Gasregler wurde f\u00fcr Laborbioreaktoren und Fermenter entwickelt. Er erm\u00f6glicht beispielsweise die pH-Wert-Regulierung mit CO\u2082 in Zellkulturen. Er wird h\u00e4ufig in Kaskadenregelungssystemen eingesetzt. Die Bedienung ist einfach; \u00fcber ein Touchscreen-Display lassen sich alle Parameter einstellen. Er kann auch eigenst\u00e4ndig f\u00fcr andere Anwendungen verwendet werden.<\/p>\n<p>Ein laminarer Massenstromsensor gew\u00e4hrleistet pr\u00e4zise Messungen bei minimalem Druckverlust. Der Gasfluss wird durch das von LAMBDA entwickelte, mikroprozessorgesteuerte Proportional-Nadelventil geregelt.<\/p>\n<h2>Anwendungen<\/h2>\n<ul>\n<li>pH-Wert-Kontrolle in Zellkulturen mit CO2<\/li>\n<li>O\u2082-Anreicherung und pO\u2082-Regulierung<\/li>\n<li>Gasstation f\u00fcr Zellkulturen, die mehrere MASSFLOW touch-Einheiten kombiniert, um Gase wie N\u2082, Luft, O\u2082 und CO\u2082 pr\u00e4zise zu mischen \u2013 ideal zur Erzeugung definierter Gaszusammensetzungen oder zur Anpassung spezifischer Konzentrationen.<\/li>\n<\/ul>\n<h2>Specifikationen<\/h2>\n<table id=\"tablepress-62\" class=\"tablepress tablepress-id-62 tbody-has-connected-cells\">\n<thead>\n<tr class=\"row-1\">\n<th class=\"column-1\"><span style=\"font-weight: 400;\">Modell<\/span><\/th>\n<th class=\"column-2\"><span style=\"font-weight: 400;\">MASSFLOW 500<\/span><\/th>\n<th class=\"column-3\"><span style=\"font-weight: 400;\">MASSFLOW 5000<\/span><\/th>\n<\/tr>\n<\/thead>\n<tbody class=\"row-striping row-hover\">\n<tr class=\"row-3\">\n<td class=\"column-1\">Genauigkeit<\/td>\n<td class=\"column-2\">\u00b1 (1.5% + 0.0025 l\/min)<\/td>\n<td class=\"column-3\">\u00b1 (1.5% + 0.010 l\/min)<\/td>\n<\/tr>\n<tr class=\"row-4\">\n<td class=\"column-1\">Durchfluss<\/td>\n<td class=\"column-2\">0.000\u20130.500 l\/min<\/td>\n<td class=\"column-3\">0.000\u20135.000 l\/min<\/td>\n<\/tr>\n<tr class=\"row-5\">\n<td class=\"column-1\"><\/td>\n<td class=\"column-2\" colspan=\"2\">mit Schritten von 0,1, 0,01, 0,001 (einstellbar)<\/td>\n<\/tr>\n<tr class=\"row-6\">\n<td class=\"column-1\">Betriebsdruck<\/td>\n<td class=\"column-2\" colspan=\"2\">0.5\u20132 bar<\/td>\n<\/tr>\n<tr class=\"row-7\">\n<td class=\"column-1\">Werkskalibrierung des Sensors<\/td>\n<td class=\"column-2\" colspan=\"2\">Air<\/td>\n<\/tr>\n<tr class=\"row-8\">\n<td class=\"column-1\">Maximaler Durchfluss<\/td>\n<td class=\"column-2\" colspan=\"2\">5.5 l\/min<\/td>\n<\/tr>\n<tr class=\"row-9\">\n<td class=\"column-1\">Sensordruckverlust<\/td>\n<td class=\"column-2\" colspan=\"2\">30 Pa (typisch)<\/td>\n<\/tr>\n<tr class=\"row-10\">\n<td class=\"column-1\">Maximaler Sensor\u00fcberlauf<\/td>\n<td class=\"column-2\">10 l\/min<\/td>\n<td class=\"column-3\">200 l\/min<\/td>\n<\/tr>\n<tr class=\"row-11\">\n<td class=\"column-1\">Max. Durchfluss\u00e4nderung<\/td>\n<td class=\"column-2\">1.5 l\/sec<\/td>\n<td class=\"column-3\">30 l\/sec<\/td>\n<\/tr>\n<tr class=\"row-12\">\n<td class=\"column-1\">Regelung<\/td>\n<td class=\"column-2\" colspan=\"2\">Proportional-Nadelventil, gesteuert durch einen Mikroprozessor<\/td>\n<\/tr>\n<tr class=\"row-13\">\n<td class=\"column-1\">Schnittstelle<\/td>\n<td class=\"column-2\" colspan=\"2\">USB 1.1\/2.0 &amp; FERNBEDIENUNG (CAN-BUS), Fernanschluss mit RS485, Digitaleingang (Start-Stopp oder Programm-Start-Stopp), Analogeingang f\u00fcr Sollwert 0-2 bis 10 V oder (0-4 bis 20 mA mit 250 Ohm Widerstand)<\/td>\n<\/tr>\n<tr class=\"row-14\">\n<td class=\"column-1\">Display<\/td>\n<td class=\"column-2\" colspan=\"2\">3.5\u201d TFT IPS with 320 x 240 Pixel Aufl\u00f6usng<br \/>\nBetrachtungswinkel \u00b1 70\u00b0<\/td>\n<\/tr>\n<tr class=\"row-15\">\n<td class=\"column-1\">Konfirmit\u00e4t<\/td>\n<td class=\"column-2\" colspan=\"2\">DIRECTIVE 2014\/35\/EU<br \/>\nDIRECTIVE 2014\/30\/EU<\/td>\n<\/tr>\n<tr class=\"row-16\">\n<td class=\"column-1\">Technische Normen<\/td>\n<td class=\"column-2\" colspan=\"2\">EN 61000-6-1, EN-61000-6-4,<br \/>\nEN 61010-1:2010\/A1:2019\/AC:2019-04<br \/>\nEN 61326-1:2013<\/td>\n<\/tr>\n<tr class=\"row-17\">\n<td class=\"column-1\">Abmessungen (B x H x T)<\/td>\n<td class=\"column-2\" colspan=\"2\">104.4 mm x 94.7 mm x 199 mm<\/td>\n<\/tr>\n<tr class=\"row-18\">\n<td class=\"column-1\">Gewicht<\/td>\n<td class=\"column-2\" colspan=\"2\">&lt; 1 kg<\/td>\n<\/tr>\n<tr class=\"row-19\">\n<td class=\"column-1\">Betriebstemperatur<\/td>\n<td class=\"column-2\" colspan=\"2\">0 bis 40 \u2070C<\/td>\n<\/tr>\n<tr class=\"row-20\">\n<td class=\"column-1\">Betriebsfeuchte<\/td>\n<td class=\"column-2\" colspan=\"2\">0\u201390 %, keine Vereisung oder Kondensation<\/td>\n<\/tr>\n<tr class=\"row-21\">\n<td class=\"column-1\">Stromspeisung<\/td>\n<td class=\"column-2\" colspan=\"2\">Netzadapter 90\u2013240 V Wechselstrom, 50\/60 Hz<br \/>\n12 V \/ 2,5 A, 30 W, Hohlstecker 5,5\/2,1<\/td>\n<\/tr>\n<\/tbody>\n<\/table>\n","protected":false},"excerpt":{"rendered":"<p>Durchflussregelung und Durchflussmesser f\u00fcr Gase.<\/p>\n","protected":false},"featured_media":31075,"template":"","meta":{"_crdt_document":""},"product_brand":[],"product_cat":[191,309],"product_tag":[],"class_list":{"0":"post-31071","1":"product","2":"type-product","3":"status-publish","4":"has-post-thumbnail","6":"product_cat-automation-de","7":"product_cat-regler","9":"first","10":"instock","11":"taxable","12":"shipping-taxable","13":"product-type-simple"},"yoast_head":"<!-- This site is optimized with the Yoast SEO plugin v27.4 - https:\/\/yoast.com\/product\/yoast-seo-wordpress\/ -->\n<title>Gasdurchflussregler MASSFLOW touch - Sysmatec<\/title>\n<meta name=\"description\" content=\"Gasdurchflussregler. Verf\u00fcgbare Bereiche: 0 bis 0,5 l\/min und 0 bis 5 l\/min. Mehrere Massenstromregler k\u00f6nnen zu einer Gasmischstation kombiniert werden.\" \/>\n<meta name=\"robots\" content=\"index, follow, max-snippet:-1, max-image-preview:large, max-video-preview:-1\" \/>\n<link rel=\"canonical\" href=\"https:\/\/sysmatec.ch\/de\/Produkt\/gasdurchflussregler-massflow-touch\/\" \/>\n<meta property=\"og:locale\" content=\"de_DE\" \/>\n<meta property=\"og:type\" content=\"article\" \/>\n<meta property=\"og:title\" content=\"Gasdurchflussregler MASSFLOW touch - Sysmatec\" \/>\n<meta property=\"og:description\" content=\"Gasdurchflussregler. Verf\u00fcgbare Bereiche: 0 bis 0,5 l\/min und 0 bis 5 l\/min. Mehrere Massenstromregler k\u00f6nnen zu einer Gasmischstation kombiniert werden.\" \/>\n<meta property=\"og:url\" content=\"https:\/\/sysmatec.ch\/de\/Produkt\/gasdurchflussregler-massflow-touch\/\" \/>\n<meta property=\"og:site_name\" content=\"Sysmatec\" \/>\n<meta property=\"article:modified_time\" content=\"2026-01-10T14:49:59+00:00\" \/>\n<meta property=\"og:image\" content=\"https:\/\/sysmatec.ch\/wp-content\/uploads\/2026\/01\/RagulateurDebitGaz_Massflowtouch1.jpg\" \/>\n\t<meta property=\"og:image:width\" content=\"542\" \/>\n\t<meta property=\"og:image:height\" content=\"455\" \/>\n\t<meta property=\"og:image:type\" content=\"image\/jpeg\" \/>\n<meta name=\"twitter:card\" content=\"summary_large_image\" \/>\n<meta name=\"twitter:label1\" content=\"Gesch\u00e4tzte Lesezeit\" \/>\n\t<meta name=\"twitter:data1\" content=\"2\u00a0Minuten\" \/>\n<script type=\"application\/ld+json\" class=\"yoast-schema-graph\">{\"@context\":\"https:\\\/\\\/schema.org\",\"@graph\":[{\"@type\":\"WebPage\",\"@id\":\"https:\\\/\\\/sysmatec.ch\\\/de\\\/Produkt\\\/gasdurchflussregler-massflow-touch\\\/\",\"url\":\"https:\\\/\\\/sysmatec.ch\\\/de\\\/Produkt\\\/gasdurchflussregler-massflow-touch\\\/\",\"name\":\"Gasdurchflussregler MASSFLOW touch - Sysmatec\",\"isPartOf\":{\"@id\":\"https:\\\/\\\/sysmatec.ch\\\/de\\\/#website\"},\"primaryImageOfPage\":{\"@id\":\"https:\\\/\\\/sysmatec.ch\\\/de\\\/Produkt\\\/gasdurchflussregler-massflow-touch\\\/#primaryimage\"},\"image\":{\"@id\":\"https:\\\/\\\/sysmatec.ch\\\/de\\\/Produkt\\\/gasdurchflussregler-massflow-touch\\\/#primaryimage\"},\"thumbnailUrl\":\"https:\\\/\\\/sysmatec.ch\\\/wp-content\\\/uploads\\\/2026\\\/01\\\/RagulateurDebitGaz_Massflowtouch1.jpg\",\"datePublished\":\"2026-01-10T13:37:49+00:00\",\"dateModified\":\"2026-01-10T14:49:59+00:00\",\"description\":\"Gasdurchflussregler. Verf\u00fcgbare Bereiche: 0 bis 0,5 l\\\/min und 0 bis 5 l\\\/min. Mehrere Massenstromregler k\u00f6nnen zu einer Gasmischstation kombiniert werden.\",\"breadcrumb\":{\"@id\":\"https:\\\/\\\/sysmatec.ch\\\/de\\\/Produkt\\\/gasdurchflussregler-massflow-touch\\\/#breadcrumb\"},\"inLanguage\":\"de\",\"potentialAction\":[{\"@type\":\"ReadAction\",\"target\":[\"https:\\\/\\\/sysmatec.ch\\\/de\\\/Produkt\\\/gasdurchflussregler-massflow-touch\\\/\"]}]},{\"@type\":\"ImageObject\",\"inLanguage\":\"de\",\"@id\":\"https:\\\/\\\/sysmatec.ch\\\/de\\\/Produkt\\\/gasdurchflussregler-massflow-touch\\\/#primaryimage\",\"url\":\"https:\\\/\\\/sysmatec.ch\\\/wp-content\\\/uploads\\\/2026\\\/01\\\/RagulateurDebitGaz_Massflowtouch1.jpg\",\"contentUrl\":\"https:\\\/\\\/sysmatec.ch\\\/wp-content\\\/uploads\\\/2026\\\/01\\\/RagulateurDebitGaz_Massflowtouch1.jpg\",\"width\":542,\"height\":455},{\"@type\":\"BreadcrumbList\",\"@id\":\"https:\\\/\\\/sysmatec.ch\\\/de\\\/Produkt\\\/gasdurchflussregler-massflow-touch\\\/#breadcrumb\",\"itemListElement\":[{\"@type\":\"ListItem\",\"position\":1,\"name\":\"Accueil\",\"item\":\"https:\\\/\\\/sysmatec.ch\\\/de\\\/\"},{\"@type\":\"ListItem\",\"position\":2,\"name\":\"Die Aktivit\u00e4t von Sysmatec\",\"item\":\"https:\\\/\\\/sysmatec.ch\\\/de\\\/\"},{\"@type\":\"ListItem\",\"position\":3,\"name\":\"Gasdurchflussregler MASSFLOW touch\"}]},{\"@type\":\"WebSite\",\"@id\":\"https:\\\/\\\/sysmatec.ch\\\/de\\\/#website\",\"url\":\"https:\\\/\\\/sysmatec.ch\\\/de\\\/\",\"name\":\"Sysmatec\",\"description\":\"Equipement de laboratoire et logiciels\",\"publisher\":{\"@id\":\"https:\\\/\\\/sysmatec.ch\\\/de\\\/#organization\"},\"potentialAction\":[{\"@type\":\"SearchAction\",\"target\":{\"@type\":\"EntryPoint\",\"urlTemplate\":\"https:\\\/\\\/sysmatec.ch\\\/de\\\/?s={search_term_string}\"},\"query-input\":{\"@type\":\"PropertyValueSpecification\",\"valueRequired\":true,\"valueName\":\"search_term_string\"}}],\"inLanguage\":\"de\"},{\"@type\":\"Organization\",\"@id\":\"https:\\\/\\\/sysmatec.ch\\\/de\\\/#organization\",\"name\":\"Sysmatec\",\"url\":\"https:\\\/\\\/sysmatec.ch\\\/de\\\/\",\"logo\":{\"@type\":\"ImageObject\",\"inLanguage\":\"de\",\"@id\":\"https:\\\/\\\/sysmatec.ch\\\/de\\\/#\\\/schema\\\/logo\\\/image\\\/\",\"url\":\"https:\\\/\\\/sysmatec.ch\\\/wp-content\\\/uploads\\\/2018\\\/11\\\/LogoSysmatec.jpg\",\"contentUrl\":\"https:\\\/\\\/sysmatec.ch\\\/wp-content\\\/uploads\\\/2018\\\/11\\\/LogoSysmatec.jpg\",\"width\":301,\"height\":297,\"caption\":\"Sysmatec\"},\"image\":{\"@id\":\"https:\\\/\\\/sysmatec.ch\\\/de\\\/#\\\/schema\\\/logo\\\/image\\\/\"}}]}<\/script>\n<!-- \/ Yoast SEO plugin. -->","yoast_head_json":{"title":"Gasdurchflussregler MASSFLOW touch - Sysmatec","description":"Gasdurchflussregler. Verf\u00fcgbare Bereiche: 0 bis 0,5 l\/min und 0 bis 5 l\/min. Mehrere Massenstromregler k\u00f6nnen zu einer Gasmischstation kombiniert werden.","robots":{"index":"index","follow":"follow","max-snippet":"max-snippet:-1","max-image-preview":"max-image-preview:large","max-video-preview":"max-video-preview:-1"},"canonical":"https:\/\/sysmatec.ch\/de\/Produkt\/gasdurchflussregler-massflow-touch\/","og_locale":"de_DE","og_type":"article","og_title":"Gasdurchflussregler MASSFLOW touch - Sysmatec","og_description":"Gasdurchflussregler. Verf\u00fcgbare Bereiche: 0 bis 0,5 l\/min und 0 bis 5 l\/min. Mehrere Massenstromregler k\u00f6nnen zu einer Gasmischstation kombiniert werden.","og_url":"https:\/\/sysmatec.ch\/de\/Produkt\/gasdurchflussregler-massflow-touch\/","og_site_name":"Sysmatec","article_modified_time":"2026-01-10T14:49:59+00:00","og_image":[{"width":542,"height":455,"url":"https:\/\/sysmatec.ch\/wp-content\/uploads\/2026\/01\/RagulateurDebitGaz_Massflowtouch1.jpg","type":"image\/jpeg"}],"twitter_card":"summary_large_image","twitter_misc":{"Gesch\u00e4tzte Lesezeit":"2\u00a0Minuten"},"schema":{"@context":"https:\/\/schema.org","@graph":[{"@type":"WebPage","@id":"https:\/\/sysmatec.ch\/de\/Produkt\/gasdurchflussregler-massflow-touch\/","url":"https:\/\/sysmatec.ch\/de\/Produkt\/gasdurchflussregler-massflow-touch\/","name":"Gasdurchflussregler MASSFLOW touch - Sysmatec","isPartOf":{"@id":"https:\/\/sysmatec.ch\/de\/#website"},"primaryImageOfPage":{"@id":"https:\/\/sysmatec.ch\/de\/Produkt\/gasdurchflussregler-massflow-touch\/#primaryimage"},"image":{"@id":"https:\/\/sysmatec.ch\/de\/Produkt\/gasdurchflussregler-massflow-touch\/#primaryimage"},"thumbnailUrl":"https:\/\/sysmatec.ch\/wp-content\/uploads\/2026\/01\/RagulateurDebitGaz_Massflowtouch1.jpg","datePublished":"2026-01-10T13:37:49+00:00","dateModified":"2026-01-10T14:49:59+00:00","description":"Gasdurchflussregler. Verf\u00fcgbare Bereiche: 0 bis 0,5 l\/min und 0 bis 5 l\/min. Mehrere Massenstromregler k\u00f6nnen zu einer Gasmischstation kombiniert werden.","breadcrumb":{"@id":"https:\/\/sysmatec.ch\/de\/Produkt\/gasdurchflussregler-massflow-touch\/#breadcrumb"},"inLanguage":"de","potentialAction":[{"@type":"ReadAction","target":["https:\/\/sysmatec.ch\/de\/Produkt\/gasdurchflussregler-massflow-touch\/"]}]},{"@type":"ImageObject","inLanguage":"de","@id":"https:\/\/sysmatec.ch\/de\/Produkt\/gasdurchflussregler-massflow-touch\/#primaryimage","url":"https:\/\/sysmatec.ch\/wp-content\/uploads\/2026\/01\/RagulateurDebitGaz_Massflowtouch1.jpg","contentUrl":"https:\/\/sysmatec.ch\/wp-content\/uploads\/2026\/01\/RagulateurDebitGaz_Massflowtouch1.jpg","width":542,"height":455},{"@type":"BreadcrumbList","@id":"https:\/\/sysmatec.ch\/de\/Produkt\/gasdurchflussregler-massflow-touch\/#breadcrumb","itemListElement":[{"@type":"ListItem","position":1,"name":"Accueil","item":"https:\/\/sysmatec.ch\/de\/"},{"@type":"ListItem","position":2,"name":"Die Aktivit\u00e4t von Sysmatec","item":"https:\/\/sysmatec.ch\/de\/"},{"@type":"ListItem","position":3,"name":"Gasdurchflussregler MASSFLOW touch"}]},{"@type":"WebSite","@id":"https:\/\/sysmatec.ch\/de\/#website","url":"https:\/\/sysmatec.ch\/de\/","name":"Sysmatec","description":"Equipement de laboratoire et logiciels","publisher":{"@id":"https:\/\/sysmatec.ch\/de\/#organization"},"potentialAction":[{"@type":"SearchAction","target":{"@type":"EntryPoint","urlTemplate":"https:\/\/sysmatec.ch\/de\/?s={search_term_string}"},"query-input":{"@type":"PropertyValueSpecification","valueRequired":true,"valueName":"search_term_string"}}],"inLanguage":"de"},{"@type":"Organization","@id":"https:\/\/sysmatec.ch\/de\/#organization","name":"Sysmatec","url":"https:\/\/sysmatec.ch\/de\/","logo":{"@type":"ImageObject","inLanguage":"de","@id":"https:\/\/sysmatec.ch\/de\/#\/schema\/logo\/image\/","url":"https:\/\/sysmatec.ch\/wp-content\/uploads\/2018\/11\/LogoSysmatec.jpg","contentUrl":"https:\/\/sysmatec.ch\/wp-content\/uploads\/2018\/11\/LogoSysmatec.jpg","width":301,"height":297,"caption":"Sysmatec"},"image":{"@id":"https:\/\/sysmatec.ch\/de\/#\/schema\/logo\/image\/"}}]}},"_links":{"self":[{"href":"https:\/\/sysmatec.ch\/de\/wp-json\/wp\/v2\/product\/31071","targetHints":{"allow":["GET"]}}],"collection":[{"href":"https:\/\/sysmatec.ch\/de\/wp-json\/wp\/v2\/product"}],"about":[{"href":"https:\/\/sysmatec.ch\/de\/wp-json\/wp\/v2\/types\/product"}],"wp:featuredmedia":[{"embeddable":true,"href":"https:\/\/sysmatec.ch\/de\/wp-json\/wp\/v2\/media\/31075"}],"wp:attachment":[{"href":"https:\/\/sysmatec.ch\/de\/wp-json\/wp\/v2\/media?parent=31071"}],"wp:term":[{"taxonomy":"product_brand","embeddable":true,"href":"https:\/\/sysmatec.ch\/de\/wp-json\/wp\/v2\/product_brand?post=31071"},{"taxonomy":"product_cat","embeddable":true,"href":"https:\/\/sysmatec.ch\/de\/wp-json\/wp\/v2\/product_cat?post=31071"},{"taxonomy":"product_tag","embeddable":true,"href":"https:\/\/sysmatec.ch\/de\/wp-json\/wp\/v2\/product_tag?post=31071"}],"curies":[{"name":"wp","href":"https:\/\/api.w.org\/{rel}","templated":true}]}}