{"id":3105,"date":"2019-02-16T17:17:47","date_gmt":"2019-02-16T16:17:47","guid":{"rendered":"https:\/\/sysmatec.ch\/produit\/balance-surbaissee-kern-nfn\/"},"modified":"2022-02-26T20:50:51","modified_gmt":"2022-02-26T19:50:51","slug":"bodenwaage-kern-nfn","status":"publish","type":"product","link":"https:\/\/sysmatec.ch\/de\/Produkt\/bodenwaage-kern-nfn\/","title":{"rendered":"Bodenwaage KERN NFN"},"content":{"rendered":"<ul>\n<li>Edelstahl-Durchfahrwaage (IP68) mit Edelstahl-Auswerteger\u00e4t (IP65), mit Eichzulassung [M]<\/li>\n<li>Robuste Durchfahrwaage aus Edelstahl zum schnellen Wiegen von z. B. W\u00e4schewagen, Etagenwagen, Containerwagen, Magazinwagen, Transportkoffer, Hubwagen, Rollbeh\u00e4ltern etc.<\/li>\n<li>Niedrige Bauh\u00f6he der Plattform sowie integrierte Auffahrrampen an beiden Seiten erleichtern das Auffahren. Dadurch kein Grubenrahmeneinbau n\u00f6tig \u2013 das spart Geld<\/li>\n<li>W\u00e4gebr\u00fccke: komplett aus Edelstahl, extrem biegesteif durch hohe Materialst\u00e4rke, Staub- und Spritzwasserschutz IP68, 4 verschwei\u00dfte Edelstahl-W\u00e4gezellen. Als Komponente auch ohne Auswerteger\u00e4t lieferbar, KERN KFD-V40<\/li>\n<li>Pharmazeutischen Industrie und Chemischen Industrie geeignet<\/li>\n<li>Unterst\u00fctzt Sie in Ihrem HACCP-konformen Qualit\u00e4tssystem<\/li>\n<li>Auswerteger\u00e4t: KERN KFN-TM<\/li>\n<li>Summieren von Gewichtswerten und Z\u00e4hlteilen<\/li>\n<\/ul>\n<table border=\"1\" width=\"511\" cellspacing=\"0\" cellpadding=\"2\">\n<tbody>\n<tr>\n<td>Waage Modell<\/td>\n<td width=\"10%\">Ablesbarkeit<\/td>\n<td width=\"10%\">W\u00e4gebereich<\/td>\n<td width=\"10%\">W\u00e4geplatte<\/td>\n<\/tr>\n<tr>\n<td><\/td>\n<td width=\"10%\">g<\/td>\n<td width=\"10%\">kg<\/td>\n<td width=\"10%\">mm<\/td>\n<\/tr>\n<tr>\n<td>NFN 600K-1M<\/td>\n<td width=\"10%\">200<\/td>\n<td width=\"10%\">600<\/td>\n<td width=\"10%\">1000&#215;1000<\/td>\n<\/tr>\n<tr>\n<td>NFN 1.5T-4M<\/td>\n<td width=\"10%\">500<\/td>\n<td width=\"10%\">1500<\/td>\n<td width=\"10%\">1000&#215;1000<\/td>\n<\/tr>\n<\/tbody>\n<\/table>\n","protected":false},"excerpt":{"rendered":"<p><span class=\"VIiyi\" lang=\"de\"><span class=\"JLqJ4b ChMk0b\" data-language-for-alternatives=\"de\" data-language-to-translate-into=\"fr\" data-phrase-index=\"0\">Bodenwaage und Durchfahrwaage f\u00fcr Bereiche von 0 bis 600 kg bis 0 bis 1500 kg, IP68, mit optionalem Akku, optional homologierbar.<\/span><\/span><\/p>\n","protected":false},"featured_media":24215,"template":"","meta":{"_crdt_document":""},"product_brand":[],"product_cat":[165,339],"product_tag":[],"class_list":{"0":"post-3105","1":"product","2":"type-product","3":"status-publish","4":"has-post-thumbnail","6":"product_cat-gewicht","7":"product_cat-plattform","9":"first","10":"instock","11":"taxable","12":"shipping-taxable","13":"purchasable","14":"product-type-variable"},"yoast_head":"<!-- This site is optimized with the Yoast SEO plugin v27.3 - https:\/\/yoast.com\/product\/yoast-seo-wordpress\/ -->\n<title>Bodenwaage KERN NFN - Sysmatec<\/title>\n<meta name=\"description\" content=\"Plattformwaage zum Aufstellen auf dem Boden, homologierbar. zwei Auffahrrampen enthalten. W\u00e4gebereiche 0-600 kg und 0-1500 kg.\" \/>\n<meta name=\"robots\" content=\"index, follow, max-snippet:-1, max-image-preview:large, max-video-preview:-1\" \/>\n<link rel=\"canonical\" href=\"https:\/\/sysmatec.ch\/de\/produit\/bodenwaage-kern-nfn\/\" \/>\n<meta property=\"og:locale\" content=\"de_DE\" \/>\n<meta property=\"og:type\" content=\"article\" \/>\n<meta property=\"og:title\" content=\"Bodenwaage KERN NFN - Sysmatec\" \/>\n<meta property=\"og:description\" content=\"Plattformwaage zum Aufstellen auf dem Boden, homologierbar. zwei Auffahrrampen enthalten. W\u00e4gebereiche 0-600 kg und 0-1500 kg.\" \/>\n<meta property=\"og:url\" content=\"https:\/\/sysmatec.ch\/de\/produit\/bodenwaage-kern-nfn\/\" \/>\n<meta property=\"og:site_name\" content=\"Sysmatec\" \/>\n<meta property=\"article:modified_time\" content=\"2022-02-26T19:50:51+00:00\" \/>\n<meta property=\"og:image\" content=\"https:\/\/sysmatec.ch\/wp-content\/uploads\/2019\/02\/Balance_NFN_0001-1024x777.jpg\" \/>\n\t<meta property=\"og:image:width\" content=\"1024\" \/>\n\t<meta property=\"og:image:height\" content=\"777\" \/>\n\t<meta property=\"og:image:type\" content=\"image\/jpeg\" \/>\n<meta name=\"twitter:card\" content=\"summary_large_image\" \/>\n<meta name=\"twitter:label1\" content=\"Gesch\u00e4tzte Lesezeit\" \/>\n\t<meta name=\"twitter:data1\" content=\"1\u00a0Minute\" \/>\n<script type=\"application\/ld+json\" class=\"yoast-schema-graph\">{\"@context\":\"https:\\\/\\\/schema.org\",\"@graph\":[{\"@type\":\"WebPage\",\"@id\":\"https:\\\/\\\/sysmatec.ch\\\/de\\\/produit\\\/bodenwaage-kern-nfn\\\/\",\"url\":\"https:\\\/\\\/sysmatec.ch\\\/de\\\/produit\\\/bodenwaage-kern-nfn\\\/\",\"name\":\"Bodenwaage KERN NFN - Sysmatec\",\"isPartOf\":{\"@id\":\"https:\\\/\\\/sysmatec.ch\\\/de\\\/#website\"},\"primaryImageOfPage\":{\"@id\":\"https:\\\/\\\/sysmatec.ch\\\/de\\\/produit\\\/bodenwaage-kern-nfn\\\/#primaryimage\"},\"image\":{\"@id\":\"https:\\\/\\\/sysmatec.ch\\\/de\\\/produit\\\/bodenwaage-kern-nfn\\\/#primaryimage\"},\"thumbnailUrl\":\"https:\\\/\\\/sysmatec.ch\\\/wp-content\\\/uploads\\\/2019\\\/02\\\/Balance_NFN_0001.jpg\",\"datePublished\":\"2019-02-16T16:17:47+00:00\",\"dateModified\":\"2022-02-26T19:50:51+00:00\",\"description\":\"Plattformwaage zum Aufstellen auf dem Boden, homologierbar. zwei Auffahrrampen enthalten. W\u00e4gebereiche 0-600 kg und 0-1500 kg.\",\"breadcrumb\":{\"@id\":\"https:\\\/\\\/sysmatec.ch\\\/de\\\/produit\\\/bodenwaage-kern-nfn\\\/#breadcrumb\"},\"inLanguage\":\"de\",\"potentialAction\":[{\"@type\":\"ReadAction\",\"target\":[\"https:\\\/\\\/sysmatec.ch\\\/de\\\/produit\\\/bodenwaage-kern-nfn\\\/\"]}]},{\"@type\":\"ImageObject\",\"inLanguage\":\"de\",\"@id\":\"https:\\\/\\\/sysmatec.ch\\\/de\\\/produit\\\/bodenwaage-kern-nfn\\\/#primaryimage\",\"url\":\"https:\\\/\\\/sysmatec.ch\\\/wp-content\\\/uploads\\\/2019\\\/02\\\/Balance_NFN_0001.jpg\",\"contentUrl\":\"https:\\\/\\\/sysmatec.ch\\\/wp-content\\\/uploads\\\/2019\\\/02\\\/Balance_NFN_0001.jpg\",\"width\":1495,\"height\":1134},{\"@type\":\"BreadcrumbList\",\"@id\":\"https:\\\/\\\/sysmatec.ch\\\/de\\\/produit\\\/bodenwaage-kern-nfn\\\/#breadcrumb\",\"itemListElement\":[{\"@type\":\"ListItem\",\"position\":1,\"name\":\"Accueil\",\"item\":\"https:\\\/\\\/sysmatec.ch\\\/de\\\/\"},{\"@type\":\"ListItem\",\"position\":2,\"name\":\"Die Aktivit\u00e4t von Sysmatec\",\"item\":\"https:\\\/\\\/sysmatec.ch\\\/de\\\/\"},{\"@type\":\"ListItem\",\"position\":3,\"name\":\"Bodenwaage KERN NFN\"}]},{\"@type\":\"WebSite\",\"@id\":\"https:\\\/\\\/sysmatec.ch\\\/de\\\/#website\",\"url\":\"https:\\\/\\\/sysmatec.ch\\\/de\\\/\",\"name\":\"Sysmatec\",\"description\":\"Equipement de laboratoire et logiciels\",\"publisher\":{\"@id\":\"https:\\\/\\\/sysmatec.ch\\\/de\\\/#organization\"},\"potentialAction\":[{\"@type\":\"SearchAction\",\"target\":{\"@type\":\"EntryPoint\",\"urlTemplate\":\"https:\\\/\\\/sysmatec.ch\\\/de\\\/?s={search_term_string}\"},\"query-input\":{\"@type\":\"PropertyValueSpecification\",\"valueRequired\":true,\"valueName\":\"search_term_string\"}}],\"inLanguage\":\"de\"},{\"@type\":\"Organization\",\"@id\":\"https:\\\/\\\/sysmatec.ch\\\/de\\\/#organization\",\"name\":\"Sysmatec\",\"url\":\"https:\\\/\\\/sysmatec.ch\\\/de\\\/\",\"logo\":{\"@type\":\"ImageObject\",\"inLanguage\":\"de\",\"@id\":\"https:\\\/\\\/sysmatec.ch\\\/de\\\/#\\\/schema\\\/logo\\\/image\\\/\",\"url\":\"https:\\\/\\\/sysmatec.ch\\\/wp-content\\\/uploads\\\/2018\\\/11\\\/LogoSysmatec.jpg\",\"contentUrl\":\"https:\\\/\\\/sysmatec.ch\\\/wp-content\\\/uploads\\\/2018\\\/11\\\/LogoSysmatec.jpg\",\"width\":301,\"height\":297,\"caption\":\"Sysmatec\"},\"image\":{\"@id\":\"https:\\\/\\\/sysmatec.ch\\\/de\\\/#\\\/schema\\\/logo\\\/image\\\/\"}}]}<\/script>\n<!-- \/ Yoast SEO plugin. -->","yoast_head_json":{"title":"Bodenwaage KERN NFN - Sysmatec","description":"Plattformwaage zum Aufstellen auf dem Boden, homologierbar. zwei Auffahrrampen enthalten. W\u00e4gebereiche 0-600 kg und 0-1500 kg.","robots":{"index":"index","follow":"follow","max-snippet":"max-snippet:-1","max-image-preview":"max-image-preview:large","max-video-preview":"max-video-preview:-1"},"canonical":"https:\/\/sysmatec.ch\/de\/produit\/bodenwaage-kern-nfn\/","og_locale":"de_DE","og_type":"article","og_title":"Bodenwaage KERN NFN - Sysmatec","og_description":"Plattformwaage zum Aufstellen auf dem Boden, homologierbar. zwei Auffahrrampen enthalten. W\u00e4gebereiche 0-600 kg und 0-1500 kg.","og_url":"https:\/\/sysmatec.ch\/de\/produit\/bodenwaage-kern-nfn\/","og_site_name":"Sysmatec","article_modified_time":"2022-02-26T19:50:51+00:00","og_image":[{"width":1024,"height":777,"url":"https:\/\/sysmatec.ch\/wp-content\/uploads\/2019\/02\/Balance_NFN_0001-1024x777.jpg","type":"image\/jpeg"}],"twitter_card":"summary_large_image","twitter_misc":{"Gesch\u00e4tzte Lesezeit":"1\u00a0Minute"},"schema":{"@context":"https:\/\/schema.org","@graph":[{"@type":"WebPage","@id":"https:\/\/sysmatec.ch\/de\/produit\/bodenwaage-kern-nfn\/","url":"https:\/\/sysmatec.ch\/de\/produit\/bodenwaage-kern-nfn\/","name":"Bodenwaage KERN NFN - Sysmatec","isPartOf":{"@id":"https:\/\/sysmatec.ch\/de\/#website"},"primaryImageOfPage":{"@id":"https:\/\/sysmatec.ch\/de\/produit\/bodenwaage-kern-nfn\/#primaryimage"},"image":{"@id":"https:\/\/sysmatec.ch\/de\/produit\/bodenwaage-kern-nfn\/#primaryimage"},"thumbnailUrl":"https:\/\/sysmatec.ch\/wp-content\/uploads\/2019\/02\/Balance_NFN_0001.jpg","datePublished":"2019-02-16T16:17:47+00:00","dateModified":"2022-02-26T19:50:51+00:00","description":"Plattformwaage zum Aufstellen auf dem Boden, homologierbar. zwei Auffahrrampen enthalten. W\u00e4gebereiche 0-600 kg und 0-1500 kg.","breadcrumb":{"@id":"https:\/\/sysmatec.ch\/de\/produit\/bodenwaage-kern-nfn\/#breadcrumb"},"inLanguage":"de","potentialAction":[{"@type":"ReadAction","target":["https:\/\/sysmatec.ch\/de\/produit\/bodenwaage-kern-nfn\/"]}]},{"@type":"ImageObject","inLanguage":"de","@id":"https:\/\/sysmatec.ch\/de\/produit\/bodenwaage-kern-nfn\/#primaryimage","url":"https:\/\/sysmatec.ch\/wp-content\/uploads\/2019\/02\/Balance_NFN_0001.jpg","contentUrl":"https:\/\/sysmatec.ch\/wp-content\/uploads\/2019\/02\/Balance_NFN_0001.jpg","width":1495,"height":1134},{"@type":"BreadcrumbList","@id":"https:\/\/sysmatec.ch\/de\/produit\/bodenwaage-kern-nfn\/#breadcrumb","itemListElement":[{"@type":"ListItem","position":1,"name":"Accueil","item":"https:\/\/sysmatec.ch\/de\/"},{"@type":"ListItem","position":2,"name":"Die Aktivit\u00e4t von Sysmatec","item":"https:\/\/sysmatec.ch\/de\/"},{"@type":"ListItem","position":3,"name":"Bodenwaage KERN NFN"}]},{"@type":"WebSite","@id":"https:\/\/sysmatec.ch\/de\/#website","url":"https:\/\/sysmatec.ch\/de\/","name":"Sysmatec","description":"Equipement de laboratoire et logiciels","publisher":{"@id":"https:\/\/sysmatec.ch\/de\/#organization"},"potentialAction":[{"@type":"SearchAction","target":{"@type":"EntryPoint","urlTemplate":"https:\/\/sysmatec.ch\/de\/?s={search_term_string}"},"query-input":{"@type":"PropertyValueSpecification","valueRequired":true,"valueName":"search_term_string"}}],"inLanguage":"de"},{"@type":"Organization","@id":"https:\/\/sysmatec.ch\/de\/#organization","name":"Sysmatec","url":"https:\/\/sysmatec.ch\/de\/","logo":{"@type":"ImageObject","inLanguage":"de","@id":"https:\/\/sysmatec.ch\/de\/#\/schema\/logo\/image\/","url":"https:\/\/sysmatec.ch\/wp-content\/uploads\/2018\/11\/LogoSysmatec.jpg","contentUrl":"https:\/\/sysmatec.ch\/wp-content\/uploads\/2018\/11\/LogoSysmatec.jpg","width":301,"height":297,"caption":"Sysmatec"},"image":{"@id":"https:\/\/sysmatec.ch\/de\/#\/schema\/logo\/image\/"}}]}},"_links":{"self":[{"href":"https:\/\/sysmatec.ch\/de\/wp-json\/wp\/v2\/product\/3105","targetHints":{"allow":["GET"]}}],"collection":[{"href":"https:\/\/sysmatec.ch\/de\/wp-json\/wp\/v2\/product"}],"about":[{"href":"https:\/\/sysmatec.ch\/de\/wp-json\/wp\/v2\/types\/product"}],"wp:featuredmedia":[{"embeddable":true,"href":"https:\/\/sysmatec.ch\/de\/wp-json\/wp\/v2\/media\/24215"}],"wp:attachment":[{"href":"https:\/\/sysmatec.ch\/de\/wp-json\/wp\/v2\/media?parent=3105"}],"wp:term":[{"taxonomy":"product_brand","embeddable":true,"href":"https:\/\/sysmatec.ch\/de\/wp-json\/wp\/v2\/product_brand?post=3105"},{"taxonomy":"product_cat","embeddable":true,"href":"https:\/\/sysmatec.ch\/de\/wp-json\/wp\/v2\/product_cat?post=3105"},{"taxonomy":"product_tag","embeddable":true,"href":"https:\/\/sysmatec.ch\/de\/wp-json\/wp\/v2\/product_tag?post=3105"}],"curies":[{"name":"wp","href":"https:\/\/api.w.org\/{rel}","templated":true}]}}