{"id":31035,"date":"2026-01-10T11:36:03","date_gmt":"2026-01-10T10:36:03","guid":{"rendered":"https:\/\/sysmatec.ch\/?post_type=product&#038;p=31035"},"modified":"2026-01-10T14:22:39","modified_gmt":"2026-01-10T13:22:39","slug":"peristaltikpumpe-hiflow-touch","status":"publish","type":"product","link":"https:\/\/sysmatec.ch\/de\/Produkt\/peristaltikpumpe-hiflow-touch\/","title":{"rendered":"Peristaltikpumpe Hiflow touch"},"content":{"rendered":"<p>Pulsationsarme, peristaltische Touchscreen-Pumpe f\u00fcr F\u00f6rdermengen von 0 bis 3 L\/h.<\/p>\n<p>Dank \u00fcber zwanzig Jahren Laborerfahrung entwickelte LAMBDA diese Peristaltikpumpen durch die systematische Beseitigung der Schw\u00e4chen anderer am Markt erh\u00e4ltlicher Pumpen. Die spezielle Mechanik dieser Labor-Peristaltikpumpen wurde speziell f\u00fcr kontinuierliche Fermentationsexperimente entwickelt.<\/p>\n<h2>Vorteile<\/h2>\n<ul>\n<li>Revolution\u00e4res Rollensystem \u2013 Im Gegensatz zu herk\u00f6mmlichen Konstruktionen verf\u00fcgen LAMBDA-Pumpen \u00fcber gro\u00dfvolumige Lager mit Glasperlen. Diese reduzieren Pulsationen, Reibung und mechanische Belastung des Schlauchs und steigern so die Pumpeneffizienz.<\/li>\n<li>Lange Schlauchlebensdauer \u2013 Das leichtg\u00e4ngige Lagersystem macht Fixierklemmen oder Stopper \u00fcberfl\u00fcssig und verl\u00e4ngert die Schlauchlebensdauer deutlich bei gleichbleibendem, pr\u00e4zisem Durchfluss.<\/li>\n<li>Optimiertes Pumpenkopfdesign \u2013 Schlauchklemmen und Spezialstopper werden \u00fcberfl\u00fcssig. Dies gew\u00e4hrleistet einen reibungslosen Betrieb und minimiert das Risiko von Schlauchbesch\u00e4digungen.<\/li>\n<li>Kompaktes und benutzerfreundliches Design: Ultrakompakt: Nur 10 cm x 11 cm x 10,3 cm, liegt gut in der Hand und ist stapelbar.<\/li>\n<li>Touchscreen-Oberfl\u00e4che: 3.5-Zoll-TFT-IPS-Touchdisplay f\u00fcr intuitive Bedienung und Echtzeit\u00fcberwachung.<\/li>\n<li>Erweiterte Konnektivit\u00e4t: USB-Anschluss erm\u00f6glicht Fernsteuerung, Dosierprogrammverwaltung, Aktualisierung der Fl\u00fcssigkeitsbibliothek und Software-Upgrades. F\u00fcr Kompatibilit\u00e4t mit dem Vorg\u00e4ngermodell ist ein Fernanschluss mit RS485-Schnittstelle, digitalem Eingang (Ein\/Aus oder Programmstart\/Stopp) und 0\u20132 bis 10 V-Eingang zur Drehzahlregelung (0\u20134 bis 20 mA mit 250 Ohm Widerstand) vorhanden.<\/li>\n<\/ul>\n<h2>Beschreibung<\/h2>\n<ul>\n<li>Genauigkeit: \u00b1 5 %<\/li>\n<li>Digitale Drehzahl: 0\u20132800 U\/min<\/li>\n<li>Durchflussrate: 0 bis 3000 ml\/h (niedrigste Durchflussrate ca. 0.05 ml\/h)<\/li>\n<li>Schlauchtyp: Silikonschlauch oder andere Materialien mit \u00e4hnlicher Elastizit\u00e4t. Wandst\u00e4rke ca. 1 mm, Au\u00dfendurchmesser 2.5 bis 6 mm<\/li>\n<li>Nichtfl\u00fcchtiger Speicher: Bis zu 20 Dosierprogramme und bis zu 32 Fl\u00fcssigkeitsnamen<\/li>\n<li>Betriebsdruck: Ca. 1.5 bar im Uhrzeigersinn; ca. 2.0 bar gegen den Uhrzeigersinn<\/li>\n<li>Motor: BLDC 30 W<\/li>\n<li>\u00dcbersetzungsverh\u00e4ltnis: 64:1<\/li>\n<li>Schnittstelle (Fernsteuerung): USB 1.1\/2.0 &amp; Fernbedienung (CAN-Bus), RS-485-Schnittstelle 0\u201310 V; 0\u201320 oder 4\u201320 mA; Ein\/Aus Fu\u00dfschaltersteuerung<\/li>\n<li>Display: 3.5&#8243; TFT IPS mit einer Aufl\u00f6sung von 320 x 240 Pixeln, Betrachtungswinkel \u00b1 70\u00b0<\/li>\n<li>Konformit\u00e4t: Richtlinie 2014\/35\/EU; Richtlinie 2014\/30\/EU<\/li>\n<li>Technische Normen: EN 61010-1:2010\/A1:2019\/AC:2019-04, EN 61326-1:2013<\/li>\n<li>Gewicht: ca. 1.2 kg<\/li>\n<li>Abmessungen: 104.4 x 110 x 103.3 mm<\/li>\n<li>Betriebstemperatur: 0 bis 40 \u00b0C<\/li>\n<li>Betriebsfeuchtigkeit: 0\u201390 %, nicht kondensierend<\/li>\n<li>Stromversorgung: Netzadapter 90\u2013240 V AC, 50\/60 Hz, Hohlstecker 5,5\/2,1 &#8211; 30 W (12 V \/ 2.5A) Garantie: 2 Jahre<\/li>\n<\/ul>\n","protected":false},"excerpt":{"rendered":"<p>Peristaltikpumpe f\u00fcr F\u00f6rdermengen von 0 bis 3000 ml\/h.<\/p>\n","protected":false},"featured_media":31042,"template":"","meta":{"_crdt_document":""},"product_brand":[],"product_cat":[98,99],"product_tag":[],"class_list":{"0":"post-31035","1":"product","2":"type-product","3":"status-publish","4":"has-post-thumbnail","6":"product_cat-peristaltisch","7":"product_cat-pumpe","9":"first","10":"instock","11":"taxable","12":"shipping-taxable","13":"product-type-simple"},"yoast_head":"<!-- This site is optimized with the Yoast SEO plugin v27.3 - https:\/\/yoast.com\/product\/yoast-seo-wordpress\/ -->\n<title>Peristaltikpumpe Hiflow touch - Sysmatec<\/title>\n<meta name=\"description\" content=\"Einkanalige, pulsationsfreie Peristaltikpumpe. Sie ist programmierbar. Die F\u00f6rdermenge ist von 0 bis 3000 ml\/h einstellbar.\" \/>\n<meta name=\"robots\" content=\"index, follow, max-snippet:-1, max-image-preview:large, max-video-preview:-1\" \/>\n<link rel=\"canonical\" href=\"https:\/\/sysmatec.ch\/de\/Produkt\/peristaltikpumpe-hiflow-touch\/\" \/>\n<meta property=\"og:locale\" content=\"de_DE\" \/>\n<meta property=\"og:type\" content=\"article\" \/>\n<meta property=\"og:title\" content=\"Peristaltikpumpe Hiflow touch - Sysmatec\" \/>\n<meta property=\"og:description\" content=\"Einkanalige, pulsationsfreie Peristaltikpumpe. Sie ist programmierbar. Die F\u00f6rdermenge ist von 0 bis 3000 ml\/h einstellbar.\" \/>\n<meta property=\"og:url\" content=\"https:\/\/sysmatec.ch\/de\/Produkt\/peristaltikpumpe-hiflow-touch\/\" \/>\n<meta property=\"og:site_name\" content=\"Sysmatec\" \/>\n<meta property=\"article:modified_time\" content=\"2026-01-10T13:22:39+00:00\" \/>\n<meta property=\"og:image\" content=\"https:\/\/sysmatec.ch\/wp-content\/uploads\/2026\/01\/PompePeristaltique_Hiflow1.jpg\" \/>\n\t<meta property=\"og:image:width\" content=\"512\" \/>\n\t<meta property=\"og:image:height\" content=\"477\" \/>\n\t<meta property=\"og:image:type\" content=\"image\/jpeg\" \/>\n<meta name=\"twitter:card\" content=\"summary_large_image\" \/>\n<meta name=\"twitter:label1\" content=\"Gesch\u00e4tzte Lesezeit\" \/>\n\t<meta name=\"twitter:data1\" content=\"2\u00a0Minuten\" \/>\n<script type=\"application\/ld+json\" class=\"yoast-schema-graph\">{\"@context\":\"https:\\\/\\\/schema.org\",\"@graph\":[{\"@type\":\"WebPage\",\"@id\":\"https:\\\/\\\/sysmatec.ch\\\/de\\\/Produkt\\\/peristaltikpumpe-hiflow-touch\\\/\",\"url\":\"https:\\\/\\\/sysmatec.ch\\\/de\\\/Produkt\\\/peristaltikpumpe-hiflow-touch\\\/\",\"name\":\"Peristaltikpumpe Hiflow touch - Sysmatec\",\"isPartOf\":{\"@id\":\"https:\\\/\\\/sysmatec.ch\\\/de\\\/#website\"},\"primaryImageOfPage\":{\"@id\":\"https:\\\/\\\/sysmatec.ch\\\/de\\\/Produkt\\\/peristaltikpumpe-hiflow-touch\\\/#primaryimage\"},\"image\":{\"@id\":\"https:\\\/\\\/sysmatec.ch\\\/de\\\/Produkt\\\/peristaltikpumpe-hiflow-touch\\\/#primaryimage\"},\"thumbnailUrl\":\"https:\\\/\\\/sysmatec.ch\\\/wp-content\\\/uploads\\\/2026\\\/01\\\/PompePeristaltique_Hiflow1.jpg\",\"datePublished\":\"2026-01-10T10:36:03+00:00\",\"dateModified\":\"2026-01-10T13:22:39+00:00\",\"description\":\"Einkanalige, pulsationsfreie Peristaltikpumpe. Sie ist programmierbar. Die F\u00f6rdermenge ist von 0 bis 3000 ml\\\/h einstellbar.\",\"breadcrumb\":{\"@id\":\"https:\\\/\\\/sysmatec.ch\\\/de\\\/Produkt\\\/peristaltikpumpe-hiflow-touch\\\/#breadcrumb\"},\"inLanguage\":\"de\",\"potentialAction\":[{\"@type\":\"ReadAction\",\"target\":[\"https:\\\/\\\/sysmatec.ch\\\/de\\\/Produkt\\\/peristaltikpumpe-hiflow-touch\\\/\"]}]},{\"@type\":\"ImageObject\",\"inLanguage\":\"de\",\"@id\":\"https:\\\/\\\/sysmatec.ch\\\/de\\\/Produkt\\\/peristaltikpumpe-hiflow-touch\\\/#primaryimage\",\"url\":\"https:\\\/\\\/sysmatec.ch\\\/wp-content\\\/uploads\\\/2026\\\/01\\\/PompePeristaltique_Hiflow1.jpg\",\"contentUrl\":\"https:\\\/\\\/sysmatec.ch\\\/wp-content\\\/uploads\\\/2026\\\/01\\\/PompePeristaltique_Hiflow1.jpg\",\"width\":512,\"height\":477},{\"@type\":\"BreadcrumbList\",\"@id\":\"https:\\\/\\\/sysmatec.ch\\\/de\\\/Produkt\\\/peristaltikpumpe-hiflow-touch\\\/#breadcrumb\",\"itemListElement\":[{\"@type\":\"ListItem\",\"position\":1,\"name\":\"Accueil\",\"item\":\"https:\\\/\\\/sysmatec.ch\\\/de\\\/\"},{\"@type\":\"ListItem\",\"position\":2,\"name\":\"Die Aktivit\u00e4t von Sysmatec\",\"item\":\"https:\\\/\\\/sysmatec.ch\\\/de\\\/\"},{\"@type\":\"ListItem\",\"position\":3,\"name\":\"Peristaltikpumpe Hiflow touch\"}]},{\"@type\":\"WebSite\",\"@id\":\"https:\\\/\\\/sysmatec.ch\\\/de\\\/#website\",\"url\":\"https:\\\/\\\/sysmatec.ch\\\/de\\\/\",\"name\":\"Sysmatec\",\"description\":\"Equipement de laboratoire et logiciels\",\"publisher\":{\"@id\":\"https:\\\/\\\/sysmatec.ch\\\/de\\\/#organization\"},\"potentialAction\":[{\"@type\":\"SearchAction\",\"target\":{\"@type\":\"EntryPoint\",\"urlTemplate\":\"https:\\\/\\\/sysmatec.ch\\\/de\\\/?s={search_term_string}\"},\"query-input\":{\"@type\":\"PropertyValueSpecification\",\"valueRequired\":true,\"valueName\":\"search_term_string\"}}],\"inLanguage\":\"de\"},{\"@type\":\"Organization\",\"@id\":\"https:\\\/\\\/sysmatec.ch\\\/de\\\/#organization\",\"name\":\"Sysmatec\",\"url\":\"https:\\\/\\\/sysmatec.ch\\\/de\\\/\",\"logo\":{\"@type\":\"ImageObject\",\"inLanguage\":\"de\",\"@id\":\"https:\\\/\\\/sysmatec.ch\\\/de\\\/#\\\/schema\\\/logo\\\/image\\\/\",\"url\":\"https:\\\/\\\/sysmatec.ch\\\/wp-content\\\/uploads\\\/2018\\\/11\\\/LogoSysmatec.jpg\",\"contentUrl\":\"https:\\\/\\\/sysmatec.ch\\\/wp-content\\\/uploads\\\/2018\\\/11\\\/LogoSysmatec.jpg\",\"width\":301,\"height\":297,\"caption\":\"Sysmatec\"},\"image\":{\"@id\":\"https:\\\/\\\/sysmatec.ch\\\/de\\\/#\\\/schema\\\/logo\\\/image\\\/\"}}]}<\/script>\n<!-- \/ Yoast SEO plugin. -->","yoast_head_json":{"title":"Peristaltikpumpe Hiflow touch - Sysmatec","description":"Einkanalige, pulsationsfreie Peristaltikpumpe. Sie ist programmierbar. Die F\u00f6rdermenge ist von 0 bis 3000 ml\/h einstellbar.","robots":{"index":"index","follow":"follow","max-snippet":"max-snippet:-1","max-image-preview":"max-image-preview:large","max-video-preview":"max-video-preview:-1"},"canonical":"https:\/\/sysmatec.ch\/de\/Produkt\/peristaltikpumpe-hiflow-touch\/","og_locale":"de_DE","og_type":"article","og_title":"Peristaltikpumpe Hiflow touch - Sysmatec","og_description":"Einkanalige, pulsationsfreie Peristaltikpumpe. Sie ist programmierbar. Die F\u00f6rdermenge ist von 0 bis 3000 ml\/h einstellbar.","og_url":"https:\/\/sysmatec.ch\/de\/Produkt\/peristaltikpumpe-hiflow-touch\/","og_site_name":"Sysmatec","article_modified_time":"2026-01-10T13:22:39+00:00","og_image":[{"width":512,"height":477,"url":"https:\/\/sysmatec.ch\/wp-content\/uploads\/2026\/01\/PompePeristaltique_Hiflow1.jpg","type":"image\/jpeg"}],"twitter_card":"summary_large_image","twitter_misc":{"Gesch\u00e4tzte Lesezeit":"2\u00a0Minuten"},"schema":{"@context":"https:\/\/schema.org","@graph":[{"@type":"WebPage","@id":"https:\/\/sysmatec.ch\/de\/Produkt\/peristaltikpumpe-hiflow-touch\/","url":"https:\/\/sysmatec.ch\/de\/Produkt\/peristaltikpumpe-hiflow-touch\/","name":"Peristaltikpumpe Hiflow touch - Sysmatec","isPartOf":{"@id":"https:\/\/sysmatec.ch\/de\/#website"},"primaryImageOfPage":{"@id":"https:\/\/sysmatec.ch\/de\/Produkt\/peristaltikpumpe-hiflow-touch\/#primaryimage"},"image":{"@id":"https:\/\/sysmatec.ch\/de\/Produkt\/peristaltikpumpe-hiflow-touch\/#primaryimage"},"thumbnailUrl":"https:\/\/sysmatec.ch\/wp-content\/uploads\/2026\/01\/PompePeristaltique_Hiflow1.jpg","datePublished":"2026-01-10T10:36:03+00:00","dateModified":"2026-01-10T13:22:39+00:00","description":"Einkanalige, pulsationsfreie Peristaltikpumpe. Sie ist programmierbar. Die F\u00f6rdermenge ist von 0 bis 3000 ml\/h einstellbar.","breadcrumb":{"@id":"https:\/\/sysmatec.ch\/de\/Produkt\/peristaltikpumpe-hiflow-touch\/#breadcrumb"},"inLanguage":"de","potentialAction":[{"@type":"ReadAction","target":["https:\/\/sysmatec.ch\/de\/Produkt\/peristaltikpumpe-hiflow-touch\/"]}]},{"@type":"ImageObject","inLanguage":"de","@id":"https:\/\/sysmatec.ch\/de\/Produkt\/peristaltikpumpe-hiflow-touch\/#primaryimage","url":"https:\/\/sysmatec.ch\/wp-content\/uploads\/2026\/01\/PompePeristaltique_Hiflow1.jpg","contentUrl":"https:\/\/sysmatec.ch\/wp-content\/uploads\/2026\/01\/PompePeristaltique_Hiflow1.jpg","width":512,"height":477},{"@type":"BreadcrumbList","@id":"https:\/\/sysmatec.ch\/de\/Produkt\/peristaltikpumpe-hiflow-touch\/#breadcrumb","itemListElement":[{"@type":"ListItem","position":1,"name":"Accueil","item":"https:\/\/sysmatec.ch\/de\/"},{"@type":"ListItem","position":2,"name":"Die Aktivit\u00e4t von Sysmatec","item":"https:\/\/sysmatec.ch\/de\/"},{"@type":"ListItem","position":3,"name":"Peristaltikpumpe Hiflow touch"}]},{"@type":"WebSite","@id":"https:\/\/sysmatec.ch\/de\/#website","url":"https:\/\/sysmatec.ch\/de\/","name":"Sysmatec","description":"Equipement de laboratoire et logiciels","publisher":{"@id":"https:\/\/sysmatec.ch\/de\/#organization"},"potentialAction":[{"@type":"SearchAction","target":{"@type":"EntryPoint","urlTemplate":"https:\/\/sysmatec.ch\/de\/?s={search_term_string}"},"query-input":{"@type":"PropertyValueSpecification","valueRequired":true,"valueName":"search_term_string"}}],"inLanguage":"de"},{"@type":"Organization","@id":"https:\/\/sysmatec.ch\/de\/#organization","name":"Sysmatec","url":"https:\/\/sysmatec.ch\/de\/","logo":{"@type":"ImageObject","inLanguage":"de","@id":"https:\/\/sysmatec.ch\/de\/#\/schema\/logo\/image\/","url":"https:\/\/sysmatec.ch\/wp-content\/uploads\/2018\/11\/LogoSysmatec.jpg","contentUrl":"https:\/\/sysmatec.ch\/wp-content\/uploads\/2018\/11\/LogoSysmatec.jpg","width":301,"height":297,"caption":"Sysmatec"},"image":{"@id":"https:\/\/sysmatec.ch\/de\/#\/schema\/logo\/image\/"}}]}},"_links":{"self":[{"href":"https:\/\/sysmatec.ch\/de\/wp-json\/wp\/v2\/product\/31035","targetHints":{"allow":["GET"]}}],"collection":[{"href":"https:\/\/sysmatec.ch\/de\/wp-json\/wp\/v2\/product"}],"about":[{"href":"https:\/\/sysmatec.ch\/de\/wp-json\/wp\/v2\/types\/product"}],"wp:featuredmedia":[{"embeddable":true,"href":"https:\/\/sysmatec.ch\/de\/wp-json\/wp\/v2\/media\/31042"}],"wp:attachment":[{"href":"https:\/\/sysmatec.ch\/de\/wp-json\/wp\/v2\/media?parent=31035"}],"wp:term":[{"taxonomy":"product_brand","embeddable":true,"href":"https:\/\/sysmatec.ch\/de\/wp-json\/wp\/v2\/product_brand?post=31035"},{"taxonomy":"product_cat","embeddable":true,"href":"https:\/\/sysmatec.ch\/de\/wp-json\/wp\/v2\/product_cat?post=31035"},{"taxonomy":"product_tag","embeddable":true,"href":"https:\/\/sysmatec.ch\/de\/wp-json\/wp\/v2\/product_tag?post=31035"}],"curies":[{"name":"wp","href":"https:\/\/api.w.org\/{rel}","templated":true}]}}