{"id":30987,"date":"2026-01-08T10:47:49","date_gmt":"2026-01-08T09:47:49","guid":{"rendered":"https:\/\/sysmatec.ch\/?post_type=product&#038;p=30987"},"modified":"2026-01-08T11:24:35","modified_gmt":"2026-01-08T10:24:35","slug":"destillations-apparat-polydest","status":"publish","type":"product","link":"https:\/\/sysmatec.ch\/de\/Produkt\/destillations-apparat-polydest\/","title":{"rendered":"Destillations Apparat POLYDEST"},"content":{"rendered":"<p>Wasserdampfdestillation zur Probenvorbereitung f\u00fcr die Bestimmung von Alkohol, schwefliger S\u00e4ure, fl\u00fcchtigen S\u00e4uren, Stickstoff (Kjeldahl), Phenolen, Sorbins\u00e4ure in Milchprodukten, Ammoniumchlorid in Lakritzprodukten usw.<\/p>\n<p>Elektrisch beheizter Dampferzeuger mit Reserveheizung, kombiniertem K\u00fchlsystem, w\u00e4rmeisoliertem Destillationsgef\u00e4\u00df, Zeitschaltuhr f\u00fcr die Destillation, automatische Zuschaltung des K\u00fchlwasserstroms w\u00e4hrend der Destillation.<\/p>\n<h2>Technische Daten<\/h2>\n<ul>\n<li>Probenvolumen: \u2264 100 ml<\/li>\n<li>Destillationszeit: 0,5\u201310 min<\/li>\n<li>Destillationszeit: f\u00fcr 50 ml Destillat ca. 5 min<\/li>\n<li>Standby-Heizung: 70 W<\/li>\n<li>Wasserdampfheizung: + 550 W<\/li>\n<li>Wasserdampf-Auffangbeh\u00e4lter: 1000 ml (min.: 200 ml, max. 800 ml destilliertes Wasser)<\/li>\n<li>Geh\u00e4use (L x B x T) mm: 300 x 230 x 460 mm<\/li>\n<\/ul>\n<h2>Vorteile<\/h2>\n<ul>\n<li>Das Ger\u00e4t verf\u00fcgt \u00fcber Basisfunktionen. \u00dcberfl\u00fcssige Funktionen wurden bewusst vermieden. Dies erm\u00f6glicht eine einfache und intuitive Bedienung. Die Wahrscheinlichkeit von Fehlfunktionen und Fehlern wird auf ein Minimum reduziert.<\/li>\n<li>Es werden ausschlie\u00dflich langlebige, seit vielen Jahren in der Industrie bew\u00e4hrte Komponenten verwendet, f\u00fcr die bei Bedarf eine lange Austauschzeit gew\u00e4hrleistet werden kann.<\/li>\n<li>Die POLYDEST ist die einzige Dampfdestillationsapparatur mit einem kombinierten Kugel-Rohr-K\u00fchler: Kugel: schnelle Kondensation, Rohr: effektive K\u00fchlung des Destillats.<\/li>\n<li>Diese Destillationsapparatur ist die einzige mit einem w\u00e4rmeisolierenden Dewargef\u00e4\u00df f\u00fcr die Probe: Die Probe erhitzt sich schneller, wodurch die Verbrennungsgefahr f\u00fcr den Anwender deutlich reduziert wird.<\/li>\n<li>Diese Destillationsapparatur verzichtet bewusst auf eine automatische Zufuhr von destilliertem Wasser (Wasserpumpe). Dadurch wird das Risiko des CO\u2082-Eintritts durch die automatische Zufuhr minimiert. Wasserzufuhr wird nicht ber\u00fccksichtigt (wichtiges Argument f\u00fcr die Bestimmung fl\u00fcchtiger S\u00e4uren).<\/li>\n<li>Beim Einschalten des POLYDEST wird das destillierte Wasser im Wasserreservoir mit dem 70-W-Heizelement erhitzt, um beim Zuschalten des 550-W-Heizelements m\u00f6glichst schnell Wasserdampf zu erzeugen.<\/li>\n<li>Der K\u00fchlwasserfluss beginnt erst mit dem Start der Destillation (Magnetventil \u00f6ffnet, 550-W-Heizelement aktiviert) und wird nach Ablauf der Destillationszeit automatisch gestoppt (Magnetventil schlie\u00dft, 550-W-Heizelement ausgeschaltet). (Bei unzureichender K\u00fchlwassermenge kann zus\u00e4tzlich eine K\u00fchlmaschine angeschlossen werden.)<\/li>\n<\/ul>\n<p>&nbsp;<\/p>\n","protected":false},"excerpt":{"rendered":"<p>Destillationsapparatur zur Probenvorbereitung<\/p>\n","protected":false},"featured_media":30990,"template":"","meta":{"_crdt_document":""},"product_brand":[],"product_cat":[121],"product_tag":[],"class_list":{"0":"post-30987","1":"product","2":"type-product","3":"status-publish","4":"has-post-thumbnail","6":"product_cat-verdampfung","8":"first","9":"instock","10":"taxable","11":"shipping-taxable","12":"product-type-simple"},"yoast_head":"<!-- This site is optimized with the Yoast SEO plugin v27.3 - https:\/\/yoast.com\/product\/yoast-seo-wordpress\/ -->\n<title>Destillations Apparat POLYDEST - Sysmatec<\/title>\n<meta name=\"description\" content=\"Destillationsapparatur zur Probenvorbereitung f\u00fcr die Bestimmung von Alkohol, schwefliger S\u00e4ure, fl\u00fcchtigen S\u00e4uren, Stickstoff (Kjeldahl)\" \/>\n<meta name=\"robots\" content=\"index, follow, max-snippet:-1, max-image-preview:large, max-video-preview:-1\" \/>\n<link rel=\"canonical\" href=\"https:\/\/sysmatec.ch\/de\/Produkt\/destillations-apparat-polydest\/\" \/>\n<meta property=\"og:locale\" content=\"de_DE\" \/>\n<meta property=\"og:type\" content=\"article\" \/>\n<meta property=\"og:title\" content=\"Destillations Apparat POLYDEST - Sysmatec\" \/>\n<meta property=\"og:description\" content=\"Destillationsapparatur zur Probenvorbereitung f\u00fcr die Bestimmung von Alkohol, schwefliger S\u00e4ure, fl\u00fcchtigen S\u00e4uren, Stickstoff (Kjeldahl)\" \/>\n<meta property=\"og:url\" content=\"https:\/\/sysmatec.ch\/de\/Produkt\/destillations-apparat-polydest\/\" \/>\n<meta property=\"og:site_name\" content=\"Sysmatec\" \/>\n<meta property=\"article:modified_time\" content=\"2026-01-08T10:24:35+00:00\" \/>\n<meta property=\"og:image\" content=\"https:\/\/sysmatec.ch\/wp-content\/uploads\/2026\/01\/Destilation_PolydestGravitech1.jpg\" \/>\n\t<meta property=\"og:image:width\" content=\"695\" \/>\n\t<meta property=\"og:image:height\" content=\"824\" \/>\n\t<meta property=\"og:image:type\" content=\"image\/jpeg\" \/>\n<meta name=\"twitter:card\" content=\"summary_large_image\" \/>\n<meta name=\"twitter:label1\" content=\"Gesch\u00e4tzte Lesezeit\" \/>\n\t<meta name=\"twitter:data1\" content=\"2\u00a0Minuten\" \/>\n<script type=\"application\/ld+json\" class=\"yoast-schema-graph\">{\"@context\":\"https:\\\/\\\/schema.org\",\"@graph\":[{\"@type\":\"WebPage\",\"@id\":\"https:\\\/\\\/sysmatec.ch\\\/de\\\/Produkt\\\/destillations-apparat-polydest\\\/\",\"url\":\"https:\\\/\\\/sysmatec.ch\\\/de\\\/Produkt\\\/destillations-apparat-polydest\\\/\",\"name\":\"Destillations Apparat POLYDEST - Sysmatec\",\"isPartOf\":{\"@id\":\"https:\\\/\\\/sysmatec.ch\\\/de\\\/#website\"},\"primaryImageOfPage\":{\"@id\":\"https:\\\/\\\/sysmatec.ch\\\/de\\\/Produkt\\\/destillations-apparat-polydest\\\/#primaryimage\"},\"image\":{\"@id\":\"https:\\\/\\\/sysmatec.ch\\\/de\\\/Produkt\\\/destillations-apparat-polydest\\\/#primaryimage\"},\"thumbnailUrl\":\"https:\\\/\\\/sysmatec.ch\\\/wp-content\\\/uploads\\\/2026\\\/01\\\/Destilation_PolydestGravitech1.jpg\",\"datePublished\":\"2026-01-08T09:47:49+00:00\",\"dateModified\":\"2026-01-08T10:24:35+00:00\",\"description\":\"Destillationsapparatur zur Probenvorbereitung f\u00fcr die Bestimmung von Alkohol, schwefliger S\u00e4ure, fl\u00fcchtigen S\u00e4uren, Stickstoff (Kjeldahl)\",\"breadcrumb\":{\"@id\":\"https:\\\/\\\/sysmatec.ch\\\/de\\\/Produkt\\\/destillations-apparat-polydest\\\/#breadcrumb\"},\"inLanguage\":\"de\",\"potentialAction\":[{\"@type\":\"ReadAction\",\"target\":[\"https:\\\/\\\/sysmatec.ch\\\/de\\\/Produkt\\\/destillations-apparat-polydest\\\/\"]}]},{\"@type\":\"ImageObject\",\"inLanguage\":\"de\",\"@id\":\"https:\\\/\\\/sysmatec.ch\\\/de\\\/Produkt\\\/destillations-apparat-polydest\\\/#primaryimage\",\"url\":\"https:\\\/\\\/sysmatec.ch\\\/wp-content\\\/uploads\\\/2026\\\/01\\\/Destilation_PolydestGravitech1.jpg\",\"contentUrl\":\"https:\\\/\\\/sysmatec.ch\\\/wp-content\\\/uploads\\\/2026\\\/01\\\/Destilation_PolydestGravitech1.jpg\",\"width\":695,\"height\":824},{\"@type\":\"BreadcrumbList\",\"@id\":\"https:\\\/\\\/sysmatec.ch\\\/de\\\/Produkt\\\/destillations-apparat-polydest\\\/#breadcrumb\",\"itemListElement\":[{\"@type\":\"ListItem\",\"position\":1,\"name\":\"Accueil\",\"item\":\"https:\\\/\\\/sysmatec.ch\\\/de\\\/\"},{\"@type\":\"ListItem\",\"position\":2,\"name\":\"Die Aktivit\u00e4t von Sysmatec\",\"item\":\"https:\\\/\\\/sysmatec.ch\\\/de\\\/\"},{\"@type\":\"ListItem\",\"position\":3,\"name\":\"Destillations Apparat POLYDEST\"}]},{\"@type\":\"WebSite\",\"@id\":\"https:\\\/\\\/sysmatec.ch\\\/de\\\/#website\",\"url\":\"https:\\\/\\\/sysmatec.ch\\\/de\\\/\",\"name\":\"Sysmatec\",\"description\":\"Equipement de laboratoire et logiciels\",\"publisher\":{\"@id\":\"https:\\\/\\\/sysmatec.ch\\\/de\\\/#organization\"},\"potentialAction\":[{\"@type\":\"SearchAction\",\"target\":{\"@type\":\"EntryPoint\",\"urlTemplate\":\"https:\\\/\\\/sysmatec.ch\\\/de\\\/?s={search_term_string}\"},\"query-input\":{\"@type\":\"PropertyValueSpecification\",\"valueRequired\":true,\"valueName\":\"search_term_string\"}}],\"inLanguage\":\"de\"},{\"@type\":\"Organization\",\"@id\":\"https:\\\/\\\/sysmatec.ch\\\/de\\\/#organization\",\"name\":\"Sysmatec\",\"url\":\"https:\\\/\\\/sysmatec.ch\\\/de\\\/\",\"logo\":{\"@type\":\"ImageObject\",\"inLanguage\":\"de\",\"@id\":\"https:\\\/\\\/sysmatec.ch\\\/de\\\/#\\\/schema\\\/logo\\\/image\\\/\",\"url\":\"https:\\\/\\\/sysmatec.ch\\\/wp-content\\\/uploads\\\/2018\\\/11\\\/LogoSysmatec.jpg\",\"contentUrl\":\"https:\\\/\\\/sysmatec.ch\\\/wp-content\\\/uploads\\\/2018\\\/11\\\/LogoSysmatec.jpg\",\"width\":301,\"height\":297,\"caption\":\"Sysmatec\"},\"image\":{\"@id\":\"https:\\\/\\\/sysmatec.ch\\\/de\\\/#\\\/schema\\\/logo\\\/image\\\/\"}}]}<\/script>\n<!-- \/ Yoast SEO plugin. -->","yoast_head_json":{"title":"Destillations Apparat POLYDEST - Sysmatec","description":"Destillationsapparatur zur Probenvorbereitung f\u00fcr die Bestimmung von Alkohol, schwefliger S\u00e4ure, fl\u00fcchtigen S\u00e4uren, Stickstoff (Kjeldahl)","robots":{"index":"index","follow":"follow","max-snippet":"max-snippet:-1","max-image-preview":"max-image-preview:large","max-video-preview":"max-video-preview:-1"},"canonical":"https:\/\/sysmatec.ch\/de\/Produkt\/destillations-apparat-polydest\/","og_locale":"de_DE","og_type":"article","og_title":"Destillations Apparat POLYDEST - Sysmatec","og_description":"Destillationsapparatur zur Probenvorbereitung f\u00fcr die Bestimmung von Alkohol, schwefliger S\u00e4ure, fl\u00fcchtigen S\u00e4uren, Stickstoff (Kjeldahl)","og_url":"https:\/\/sysmatec.ch\/de\/Produkt\/destillations-apparat-polydest\/","og_site_name":"Sysmatec","article_modified_time":"2026-01-08T10:24:35+00:00","og_image":[{"width":695,"height":824,"url":"https:\/\/sysmatec.ch\/wp-content\/uploads\/2026\/01\/Destilation_PolydestGravitech1.jpg","type":"image\/jpeg"}],"twitter_card":"summary_large_image","twitter_misc":{"Gesch\u00e4tzte Lesezeit":"2\u00a0Minuten"},"schema":{"@context":"https:\/\/schema.org","@graph":[{"@type":"WebPage","@id":"https:\/\/sysmatec.ch\/de\/Produkt\/destillations-apparat-polydest\/","url":"https:\/\/sysmatec.ch\/de\/Produkt\/destillations-apparat-polydest\/","name":"Destillations Apparat POLYDEST - Sysmatec","isPartOf":{"@id":"https:\/\/sysmatec.ch\/de\/#website"},"primaryImageOfPage":{"@id":"https:\/\/sysmatec.ch\/de\/Produkt\/destillations-apparat-polydest\/#primaryimage"},"image":{"@id":"https:\/\/sysmatec.ch\/de\/Produkt\/destillations-apparat-polydest\/#primaryimage"},"thumbnailUrl":"https:\/\/sysmatec.ch\/wp-content\/uploads\/2026\/01\/Destilation_PolydestGravitech1.jpg","datePublished":"2026-01-08T09:47:49+00:00","dateModified":"2026-01-08T10:24:35+00:00","description":"Destillationsapparatur zur Probenvorbereitung f\u00fcr die Bestimmung von Alkohol, schwefliger S\u00e4ure, fl\u00fcchtigen S\u00e4uren, Stickstoff (Kjeldahl)","breadcrumb":{"@id":"https:\/\/sysmatec.ch\/de\/Produkt\/destillations-apparat-polydest\/#breadcrumb"},"inLanguage":"de","potentialAction":[{"@type":"ReadAction","target":["https:\/\/sysmatec.ch\/de\/Produkt\/destillations-apparat-polydest\/"]}]},{"@type":"ImageObject","inLanguage":"de","@id":"https:\/\/sysmatec.ch\/de\/Produkt\/destillations-apparat-polydest\/#primaryimage","url":"https:\/\/sysmatec.ch\/wp-content\/uploads\/2026\/01\/Destilation_PolydestGravitech1.jpg","contentUrl":"https:\/\/sysmatec.ch\/wp-content\/uploads\/2026\/01\/Destilation_PolydestGravitech1.jpg","width":695,"height":824},{"@type":"BreadcrumbList","@id":"https:\/\/sysmatec.ch\/de\/Produkt\/destillations-apparat-polydest\/#breadcrumb","itemListElement":[{"@type":"ListItem","position":1,"name":"Accueil","item":"https:\/\/sysmatec.ch\/de\/"},{"@type":"ListItem","position":2,"name":"Die Aktivit\u00e4t von Sysmatec","item":"https:\/\/sysmatec.ch\/de\/"},{"@type":"ListItem","position":3,"name":"Destillations Apparat POLYDEST"}]},{"@type":"WebSite","@id":"https:\/\/sysmatec.ch\/de\/#website","url":"https:\/\/sysmatec.ch\/de\/","name":"Sysmatec","description":"Equipement de laboratoire et logiciels","publisher":{"@id":"https:\/\/sysmatec.ch\/de\/#organization"},"potentialAction":[{"@type":"SearchAction","target":{"@type":"EntryPoint","urlTemplate":"https:\/\/sysmatec.ch\/de\/?s={search_term_string}"},"query-input":{"@type":"PropertyValueSpecification","valueRequired":true,"valueName":"search_term_string"}}],"inLanguage":"de"},{"@type":"Organization","@id":"https:\/\/sysmatec.ch\/de\/#organization","name":"Sysmatec","url":"https:\/\/sysmatec.ch\/de\/","logo":{"@type":"ImageObject","inLanguage":"de","@id":"https:\/\/sysmatec.ch\/de\/#\/schema\/logo\/image\/","url":"https:\/\/sysmatec.ch\/wp-content\/uploads\/2018\/11\/LogoSysmatec.jpg","contentUrl":"https:\/\/sysmatec.ch\/wp-content\/uploads\/2018\/11\/LogoSysmatec.jpg","width":301,"height":297,"caption":"Sysmatec"},"image":{"@id":"https:\/\/sysmatec.ch\/de\/#\/schema\/logo\/image\/"}}]}},"_links":{"self":[{"href":"https:\/\/sysmatec.ch\/de\/wp-json\/wp\/v2\/product\/30987","targetHints":{"allow":["GET"]}}],"collection":[{"href":"https:\/\/sysmatec.ch\/de\/wp-json\/wp\/v2\/product"}],"about":[{"href":"https:\/\/sysmatec.ch\/de\/wp-json\/wp\/v2\/types\/product"}],"wp:featuredmedia":[{"embeddable":true,"href":"https:\/\/sysmatec.ch\/de\/wp-json\/wp\/v2\/media\/30990"}],"wp:attachment":[{"href":"https:\/\/sysmatec.ch\/de\/wp-json\/wp\/v2\/media?parent=30987"}],"wp:term":[{"taxonomy":"product_brand","embeddable":true,"href":"https:\/\/sysmatec.ch\/de\/wp-json\/wp\/v2\/product_brand?post=30987"},{"taxonomy":"product_cat","embeddable":true,"href":"https:\/\/sysmatec.ch\/de\/wp-json\/wp\/v2\/product_cat?post=30987"},{"taxonomy":"product_tag","embeddable":true,"href":"https:\/\/sysmatec.ch\/de\/wp-json\/wp\/v2\/product_tag?post=30987"}],"curies":[{"name":"wp","href":"https:\/\/api.w.org\/{rel}","templated":true}]}}