{"id":30968,"date":"2026-01-02T21:03:23","date_gmt":"2026-01-02T20:03:23","guid":{"rendered":"https:\/\/sysmatec.ch\/?post_type=product&#038;p=30968"},"modified":"2026-01-05T08:43:14","modified_gmt":"2026-01-05T07:43:14","slug":"datenlogger-loggito","status":"publish","type":"product","link":"https:\/\/sysmatec.ch\/de\/Produkt\/datenlogger-loggito\/","title":{"rendered":"Datenlogger Loggito"},"content":{"rendered":"<p>Ob Anlagen\u00fcberwachung, Qualit\u00e4tskontrolle oder dezentrale Messaufgaben \u2013 moderne Anwendungen ben\u00f6tigen zuverl\u00e4ssige, skalierbare und einfach zu integrierende L\u00f6sungen. Genau hier setzt der Loggito-Datenlogger an. Mit seinem kompakten Design, universellen I\/O-Funktionalit\u00e4ten und Komponenten in Industriequalit\u00e4t bietet er eine flexible Plattform zur Datenerfassung direkt am Einsatzort.<\/p>\n<p>Dank seines modularen Aufbaus und der Unterst\u00fctzung g\u00e4ngiger Schnittstellenstandards l\u00e4sst sich dieser Datenlogger schnell in bestehende Systeme integrieren. Die intuitive Konfiguration, die integrierte Vorverarbeitung und Visualisierung mit der Messtechnik-Software erm\u00f6glichen die besonders effiziente Implementierung anspruchsvoller Messl\u00f6sungen \u2013 ganz ohne Programmieraufwand.<\/p>\n<p>Der Logger ist in vier verschiedenen Versionen mit unterschiedlichen Ein-\/Ausg\u00e4ngen erh\u00e4ltlich.<\/p>\n<h2>Merkmale<\/h2>\n<table width=\"400\">\n<tbody>\n<tr>\n<td width=\"80\">Modell<\/td>\n<td width=\"80\">8 AI-RTD<\/td>\n<td width=\"80\">8AI<\/td>\n<td width=\"80\">4 AI-RTD<\/td>\n<td width=\"80\">4AI<\/td>\n<\/tr>\n<tr>\n<td width=\"80\">Analogeing\u00e4nge<\/td>\n<td width=\"80\">8<\/td>\n<td width=\"80\">8<\/td>\n<td width=\"80\">4<\/td>\n<td width=\"80\">4<\/td>\n<\/tr>\n<tr>\n<td width=\"80\">Anzahl RTD<\/td>\n<td width=\"80\">4<\/td>\n<td width=\"80\">0<\/td>\n<td width=\"80\">2<\/td>\n<td width=\"80\">0<\/td>\n<\/tr>\n<tr>\n<td width=\"80\">Sensors<\/td>\n<td colspan=\"4\" width=\"320\">mV, mA, thermocouples, RTD&#8217;s (Keine RTDs mit Kanaltypen 8 AI und 4 AI)<\/td>\n<\/tr>\n<tr>\n<td width=\"80\">Gesamte Abtastrate<\/td>\n<td colspan=\"4\" width=\"320\">0.1 Hz bis 500 Hz<\/td>\n<\/tr>\n<tr>\n<td width=\"80\">Spannungsmessbereich<\/td>\n<td colspan=\"4\" width=\"320\">\u00b178 mV bis \u00b110 V<\/td>\n<\/tr>\n<tr>\n<td width=\"80\">Strommessbereich<\/td>\n<td colspan=\"4\" width=\"320\">0 bis 20 mA \/ 4 bis 20 mA \/ \u00b120 mA \/ autres (mit frei w\u00e4hlbaren externen Shunts)<\/td>\n<\/tr>\n<tr>\n<td width=\"80\">Widerstandsmessbereich<\/td>\n<td colspan=\"4\" width=\"320\">0 bis 49 k\u03a9<\/td>\n<\/tr>\n<tr>\n<td width=\"80\">Aufl\u00f6sung\/ADC Typ<\/td>\n<td colspan=\"4\" width=\"320\">24 bit Sigma-Delta<\/td>\n<\/tr>\n<tr>\n<td width=\"80\">Eingangsimpedanz<\/td>\n<td colspan=\"4\" width=\"320\">&gt; 5G\u03a9<\/td>\n<\/tr>\n<tr>\n<td width=\"80\">zul\u00e4ssige \u00dcberspannung<\/td>\n<td colspan=\"4\" width=\"320\">\u00b124 VDC<\/td>\n<\/tr>\n<tr>\n<td width=\"80\">Maximale Differenzspannung zwischen den Kan\u00e4len<\/td>\n<td colspan=\"4\" width=\"320\">\u00b124 VDC<\/td>\n<\/tr>\n<tr>\n<td width=\"80\">Galvanische Trennung gegen FE<\/td>\n<td colspan=\"4\" width=\"320\">\u00b1400 VDC<\/td>\n<\/tr>\n<tr>\n<td width=\"80\">Messgenauigkeit Spannung, Strom<\/td>\n<td colspan=\"4\" width=\"320\">0.01% von Messbereich<\/td>\n<\/tr>\n<tr>\n<td rowspan=\"2\" width=\"80\">Messgenauigkeit Widerstandsmessung<\/td>\n<td colspan=\"4\" width=\"320\">0,01 % des Messbereichsendwertes (4-Leiter-Anschluss)<\/td>\n<\/tr>\n<tr>\n<td colspan=\"4\" width=\"320\">0,1 % des Messbereichsendwertes (3-Leiter-Anschluss nach zus\u00e4tzlicher Offset-Bestimmung)<\/td>\n<\/tr>\n<tr>\n<td width=\"80\">Messgenauigkeit von Thermoelementen<\/td>\n<td colspan=\"4\" width=\"320\">0,1 % vom Messbereich nach Sensorkompensation<\/td>\n<\/tr>\n<tr>\n<td rowspan=\"3\" width=\"80\">Messgenauigkeit Pt 100 (4-Leiter-Anschluss)<\/td>\n<td colspan=\"4\" width=\"320\">Messbereich -260 \u00b0C bis 147 \u00b0C: 0.10 \u00b0C<\/td>\n<\/tr>\n<tr>\n<td colspan=\"4\" width=\"320\">Messbereich -260 \u00b0C bis 596 \u00b0C: 0.10 \u00b0C<\/td>\n<\/tr>\n<tr>\n<td colspan=\"4\" width=\"320\">Messbereich \u00a0-260 \u00b0C bis 849 \u00b0C: 0.22 \u00b0C<\/td>\n<\/tr>\n<tr>\n<td rowspan=\"3\" width=\"80\">Messgenauigkeit Pt 1000 (4-Leiter-Anschluss)<\/td>\n<td colspan=\"4\" width=\"320\">Messbereich -260 \u00b0C bis 64 \u00b0C: 0.10 \u00b0C<\/td>\n<\/tr>\n<tr>\n<td colspan=\"4\" width=\"320\">Messbereich -260 \u00b0C bis 408 \u00b0C: 0.10 \u00b0C<\/td>\n<\/tr>\n<tr>\n<td colspan=\"4\" width=\"320\">Messbereich -260 \u00b0C bis 849 \u00b0C: 0.18 \u00b0C<\/td>\n<\/tr>\n<\/tbody>\n<\/table>\n<figure class=\"wp-block-table\">\n<table class=\"has-fixed-layout\">\n<tbody>\n<tr>\n<td>Modell<\/td>\n<td>8 AI-RTD<\/td>\n<td>8AI<\/td>\n<td>4 AI-RTD<\/td>\n<td>4AI<\/td>\n<\/tr>\n<tr>\n<td class=\"translation-block\">Digitale \/ Frequenzeing\u00e4nge bzw.<br \/>\nDigitale \/ PWM-Ausg\u00e4nge (umschaltbar)<\/td>\n<td>2<\/td>\n<td>2<\/td>\n<td>2<\/td>\n<td>2<\/td>\n<\/tr>\n<tr>\n<td>Eingangssignal<\/td>\n<td colspan=\"4\">tief: 0 .. 1 V \/ hoch: 3.6 .. 100 VDC@3.5 mA<\/td>\n<\/tr>\n<tr>\n<td>Messbereich der Eingangsfrequenz<\/td>\n<td colspan=\"4\">0.2 Hz .. 500 Hz<\/td>\n<\/tr>\n<tr>\n<td>Aufl\u00f6sung<\/td>\n<td colspan=\"4\">64 bit<\/td>\n<\/tr>\n<tr>\n<td>Maximale Schaltspannung \/ Schaltstrom<\/td>\n<td colspan=\"4\">50 V \/ 2,5 A f\u00fcr 2 Sekunden, 250 mA Dauerstrom<\/td>\n<\/tr>\n<tr>\n<td>PWM-Grundfrequenz \/ Tastverh\u00e4ltnis<\/td>\n<td colspan=\"4\">100 Hz \/ 1:20<\/td>\n<\/tr>\n<tr>\n<td>Galvanische Trennung<\/td>\n<td colspan=\"4\">\u00b1 400 VDC gegen FE \/ andere Kanalgruppen<\/td>\n<\/tr>\n<\/tbody>\n<\/table>\n<\/figure>\n<figure class=\"wp-block-table\">\n<table class=\"has-fixed-layout\">\n<tbody>\n<tr>\n<td><strong>Modultyp<\/strong><\/td>\n<td><strong>Loggito Logger \/ Gate<\/strong><\/td>\n<td><strong>Loggito USB<\/strong><\/td>\n<\/tr>\n<tr>\n<td><strong>Schnittstelle<\/strong><\/td>\n<td><\/td>\n<\/tr>\n<tr>\n<td>LAN<\/td>\n<td>10BASE-T\/100-BASE-TX<\/td>\n<td>\u00a0\u00a0\u00a0\u00a0\u00a0\u00a0\u00a0\u00a0\u00a0 &#8211;<\/td>\n<\/tr>\n<tr>\n<td>WLAN<\/td>\n<td>802.11b\/g\/n, max. 72 MBit\/s (optional)<\/td>\n<td>\u00a0\u00a0\u00a0\u00a0\u00a0\u00a0\u00a0\u00a0\u00a0 &#8211;<\/td>\n<\/tr>\n<tr>\n<td>USB device \u2013 mini socket<\/td>\n<td>2.0 low-\/full-\/high-speed<\/td>\n<td>2.0 low-\/full-speed<\/td>\n<\/tr>\n<tr>\n<td>USB host \u2013 type A socket<\/td>\n<td>2.0 low-\/full-\/high-speed<\/td>\n<td>\u00a0\u00a0\u00a0\u00a0\u00a0\u00a0\u00a0\u00a0\u00a0 &#8211;<\/td>\n<\/tr>\n<tr>\n<td><strong>Protokolle<\/strong><\/td>\n<td><\/td>\n<\/tr>\n<tr>\n<td>TCP\/IP<\/td>\n<td>Modbus TCP Client (optional)<br \/>\nModbus TCP Server<br \/>\nOPC UA Client (optional)<br \/>\nOPC UA Server<br \/>\nOPC UA HA Server (optional)<br \/>\nNTP, SMTP, PTP<\/td>\n<td>\u00a0\u00a0\u00a0\u00a0\u00a0\u00a0\u00a0\u00a0\u00a0 &#8211;<\/td>\n<\/tr>\n<tr>\n<td><strong>Speicher<\/strong><\/td>\n<td><\/td>\n<\/tr>\n<tr>\n<td>Internal<\/td>\n<td>16 GB (ca. 30 Millionen Messwerte pro GB)<\/td>\n<td>\u00a0\u00a0\u00a0\u00a0\u00a0\u00a0\u00a0\u00a0\u00a0 &#8211;<\/td>\n<\/tr>\n<tr>\n<td>External<\/td>\n<td>USB, NFS, CIFS, (S)FTP<\/td>\n<td>\u00a0\u00a0\u00a0\u00a0\u00a0\u00a0\u00a0\u00a0\u00a0 &#8211;<\/td>\n<\/tr>\n<tr>\n<td><strong>Allgemeine technische Informationen<\/strong><\/td>\n<td><\/td>\n<\/tr>\n<tr>\n<td>Dimensionen<\/td>\n<td colspan=\"2\">approx. L 95 mm x W 67 mm x H 65 mm<\/td>\n<\/tr>\n<tr>\n<td>Gewicht<\/td>\n<td colspan=\"2\">approx. 220 g<\/td>\n<\/tr>\n<tr>\n<td>Halterung<\/td>\n<td colspan=\"2\">Montageschiene DIN EN 60715 oder Schraubmontage horizontal \/ vertikal oder nach oben<\/td>\n<\/tr>\n<tr>\n<td>Anschlussklemmen<\/td>\n<td colspan=\"2\">Steckbare Federklemmen, max. 24 Klemmen in 2 Reihen, Leiterquerschnitt (starr\/flexibel) 0,2 .. 2,5 mm\u00b2, Aderendh\u00fclse 0,25 .. 1,5 mm\u00b2<\/td>\n<\/tr>\n<tr>\n<td>Temperaturbereich<\/td>\n<td colspan=\"2\">-20 bis 60\u00b0 C<\/td>\n<\/tr>\n<tr>\n<td>Feuchte<\/td>\n<td colspan=\"2\">max. 90 % relative Luftfeuchtigkeit, nicht kondensierend<\/td>\n<\/tr>\n<tr>\n<td>Versorgungsspannung<\/td>\n<td>12 bis 24 VDC \/ \u00b1 10 %<\/td>\n<td class=\"translation-block\">5 VDC (via mini USB Stecker)<\/td>\n<\/tr>\n<tr>\n<td>Stromzufuhr<\/td>\n<td>max. 7.5 Watt<\/td>\n<td>max. 2.5 Watt<\/td>\n<\/tr>\n<\/tbody>\n<\/table>\n<\/figure>\n","protected":false},"excerpt":{"rendered":"<p>Multifunktionaler universeller Datenlogger<\/p>\n","protected":false},"featured_media":30971,"template":"","meta":{"_crdt_document":""},"product_brand":[],"product_cat":[315],"product_tag":[],"class_list":{"0":"post-30968","1":"product","2":"type-product","3":"status-publish","4":"has-post-thumbnail","6":"product_cat-universal-datenlogger","8":"first","9":"instock","10":"taxable","11":"shipping-taxable","12":"product-type-simple"},"yoast_head":"<!-- This site is optimized with the Yoast SEO plugin v27.3 - https:\/\/yoast.com\/product\/yoast-seo-wordpress\/ -->\n<title>Datenlogger Loggito - Sysmatec<\/title>\n<meta name=\"description\" content=\"Mehrkanal-Datenrekorder mit universellen Hochgeschwindigkeits-Analogeing\u00e4ngen. Die Daten werden im internen Speicher aufgezeichnet.\" \/>\n<meta name=\"robots\" content=\"index, follow, max-snippet:-1, max-image-preview:large, max-video-preview:-1\" \/>\n<link rel=\"canonical\" href=\"https:\/\/sysmatec.ch\/de\/Produkt\/datenlogger-loggito\/\" \/>\n<meta property=\"og:locale\" content=\"de_DE\" \/>\n<meta property=\"og:type\" content=\"article\" \/>\n<meta property=\"og:title\" content=\"Datenlogger Loggito - Sysmatec\" \/>\n<meta property=\"og:description\" content=\"Mehrkanal-Datenrekorder mit universellen Hochgeschwindigkeits-Analogeing\u00e4ngen. Die Daten werden im internen Speicher aufgezeichnet.\" \/>\n<meta property=\"og:url\" content=\"https:\/\/sysmatec.ch\/de\/Produkt\/datenlogger-loggito\/\" \/>\n<meta property=\"og:site_name\" content=\"Sysmatec\" \/>\n<meta property=\"article:modified_time\" content=\"2026-01-05T07:43:14+00:00\" \/>\n<meta property=\"og:image\" content=\"https:\/\/sysmatec.ch\/wp-content\/uploads\/2026\/01\/Enregistreur_LoggitoDelphin.jpg\" \/>\n\t<meta property=\"og:image:width\" content=\"841\" \/>\n\t<meta property=\"og:image:height\" content=\"663\" \/>\n\t<meta property=\"og:image:type\" content=\"image\/jpeg\" \/>\n<meta name=\"twitter:card\" content=\"summary_large_image\" \/>\n<meta name=\"twitter:label1\" content=\"Gesch\u00e4tzte Lesezeit\" \/>\n\t<meta name=\"twitter:data1\" content=\"3\u00a0Minuten\" \/>\n<script type=\"application\/ld+json\" class=\"yoast-schema-graph\">{\"@context\":\"https:\\\/\\\/schema.org\",\"@graph\":[{\"@type\":\"WebPage\",\"@id\":\"https:\\\/\\\/sysmatec.ch\\\/de\\\/Produkt\\\/datenlogger-loggito\\\/\",\"url\":\"https:\\\/\\\/sysmatec.ch\\\/de\\\/Produkt\\\/datenlogger-loggito\\\/\",\"name\":\"Datenlogger Loggito - Sysmatec\",\"isPartOf\":{\"@id\":\"https:\\\/\\\/sysmatec.ch\\\/de\\\/#website\"},\"primaryImageOfPage\":{\"@id\":\"https:\\\/\\\/sysmatec.ch\\\/de\\\/Produkt\\\/datenlogger-loggito\\\/#primaryimage\"},\"image\":{\"@id\":\"https:\\\/\\\/sysmatec.ch\\\/de\\\/Produkt\\\/datenlogger-loggito\\\/#primaryimage\"},\"thumbnailUrl\":\"https:\\\/\\\/sysmatec.ch\\\/wp-content\\\/uploads\\\/2026\\\/01\\\/Enregistreur_LoggitoDelphin.jpg\",\"datePublished\":\"2026-01-02T20:03:23+00:00\",\"dateModified\":\"2026-01-05T07:43:14+00:00\",\"description\":\"Mehrkanal-Datenrekorder mit universellen Hochgeschwindigkeits-Analogeing\u00e4ngen. Die Daten werden im internen Speicher aufgezeichnet.\",\"breadcrumb\":{\"@id\":\"https:\\\/\\\/sysmatec.ch\\\/de\\\/Produkt\\\/datenlogger-loggito\\\/#breadcrumb\"},\"inLanguage\":\"de\",\"potentialAction\":[{\"@type\":\"ReadAction\",\"target\":[\"https:\\\/\\\/sysmatec.ch\\\/de\\\/Produkt\\\/datenlogger-loggito\\\/\"]}]},{\"@type\":\"ImageObject\",\"inLanguage\":\"de\",\"@id\":\"https:\\\/\\\/sysmatec.ch\\\/de\\\/Produkt\\\/datenlogger-loggito\\\/#primaryimage\",\"url\":\"https:\\\/\\\/sysmatec.ch\\\/wp-content\\\/uploads\\\/2026\\\/01\\\/Enregistreur_LoggitoDelphin.jpg\",\"contentUrl\":\"https:\\\/\\\/sysmatec.ch\\\/wp-content\\\/uploads\\\/2026\\\/01\\\/Enregistreur_LoggitoDelphin.jpg\",\"width\":841,\"height\":663},{\"@type\":\"BreadcrumbList\",\"@id\":\"https:\\\/\\\/sysmatec.ch\\\/de\\\/Produkt\\\/datenlogger-loggito\\\/#breadcrumb\",\"itemListElement\":[{\"@type\":\"ListItem\",\"position\":1,\"name\":\"Accueil\",\"item\":\"https:\\\/\\\/sysmatec.ch\\\/de\\\/\"},{\"@type\":\"ListItem\",\"position\":2,\"name\":\"Die Aktivit\u00e4t von Sysmatec\",\"item\":\"https:\\\/\\\/sysmatec.ch\\\/de\\\/\"},{\"@type\":\"ListItem\",\"position\":3,\"name\":\"Datenlogger Loggito\"}]},{\"@type\":\"WebSite\",\"@id\":\"https:\\\/\\\/sysmatec.ch\\\/de\\\/#website\",\"url\":\"https:\\\/\\\/sysmatec.ch\\\/de\\\/\",\"name\":\"Sysmatec\",\"description\":\"Equipement de laboratoire et logiciels\",\"publisher\":{\"@id\":\"https:\\\/\\\/sysmatec.ch\\\/de\\\/#organization\"},\"potentialAction\":[{\"@type\":\"SearchAction\",\"target\":{\"@type\":\"EntryPoint\",\"urlTemplate\":\"https:\\\/\\\/sysmatec.ch\\\/de\\\/?s={search_term_string}\"},\"query-input\":{\"@type\":\"PropertyValueSpecification\",\"valueRequired\":true,\"valueName\":\"search_term_string\"}}],\"inLanguage\":\"de\"},{\"@type\":\"Organization\",\"@id\":\"https:\\\/\\\/sysmatec.ch\\\/de\\\/#organization\",\"name\":\"Sysmatec\",\"url\":\"https:\\\/\\\/sysmatec.ch\\\/de\\\/\",\"logo\":{\"@type\":\"ImageObject\",\"inLanguage\":\"de\",\"@id\":\"https:\\\/\\\/sysmatec.ch\\\/de\\\/#\\\/schema\\\/logo\\\/image\\\/\",\"url\":\"https:\\\/\\\/sysmatec.ch\\\/wp-content\\\/uploads\\\/2018\\\/11\\\/LogoSysmatec.jpg\",\"contentUrl\":\"https:\\\/\\\/sysmatec.ch\\\/wp-content\\\/uploads\\\/2018\\\/11\\\/LogoSysmatec.jpg\",\"width\":301,\"height\":297,\"caption\":\"Sysmatec\"},\"image\":{\"@id\":\"https:\\\/\\\/sysmatec.ch\\\/de\\\/#\\\/schema\\\/logo\\\/image\\\/\"}}]}<\/script>\n<!-- \/ Yoast SEO plugin. -->","yoast_head_json":{"title":"Datenlogger Loggito - Sysmatec","description":"Mehrkanal-Datenrekorder mit universellen Hochgeschwindigkeits-Analogeing\u00e4ngen. Die Daten werden im internen Speicher aufgezeichnet.","robots":{"index":"index","follow":"follow","max-snippet":"max-snippet:-1","max-image-preview":"max-image-preview:large","max-video-preview":"max-video-preview:-1"},"canonical":"https:\/\/sysmatec.ch\/de\/Produkt\/datenlogger-loggito\/","og_locale":"de_DE","og_type":"article","og_title":"Datenlogger Loggito - Sysmatec","og_description":"Mehrkanal-Datenrekorder mit universellen Hochgeschwindigkeits-Analogeing\u00e4ngen. Die Daten werden im internen Speicher aufgezeichnet.","og_url":"https:\/\/sysmatec.ch\/de\/Produkt\/datenlogger-loggito\/","og_site_name":"Sysmatec","article_modified_time":"2026-01-05T07:43:14+00:00","og_image":[{"width":841,"height":663,"url":"https:\/\/sysmatec.ch\/wp-content\/uploads\/2026\/01\/Enregistreur_LoggitoDelphin.jpg","type":"image\/jpeg"}],"twitter_card":"summary_large_image","twitter_misc":{"Gesch\u00e4tzte Lesezeit":"3\u00a0Minuten"},"schema":{"@context":"https:\/\/schema.org","@graph":[{"@type":"WebPage","@id":"https:\/\/sysmatec.ch\/de\/Produkt\/datenlogger-loggito\/","url":"https:\/\/sysmatec.ch\/de\/Produkt\/datenlogger-loggito\/","name":"Datenlogger Loggito - Sysmatec","isPartOf":{"@id":"https:\/\/sysmatec.ch\/de\/#website"},"primaryImageOfPage":{"@id":"https:\/\/sysmatec.ch\/de\/Produkt\/datenlogger-loggito\/#primaryimage"},"image":{"@id":"https:\/\/sysmatec.ch\/de\/Produkt\/datenlogger-loggito\/#primaryimage"},"thumbnailUrl":"https:\/\/sysmatec.ch\/wp-content\/uploads\/2026\/01\/Enregistreur_LoggitoDelphin.jpg","datePublished":"2026-01-02T20:03:23+00:00","dateModified":"2026-01-05T07:43:14+00:00","description":"Mehrkanal-Datenrekorder mit universellen Hochgeschwindigkeits-Analogeing\u00e4ngen. Die Daten werden im internen Speicher aufgezeichnet.","breadcrumb":{"@id":"https:\/\/sysmatec.ch\/de\/Produkt\/datenlogger-loggito\/#breadcrumb"},"inLanguage":"de","potentialAction":[{"@type":"ReadAction","target":["https:\/\/sysmatec.ch\/de\/Produkt\/datenlogger-loggito\/"]}]},{"@type":"ImageObject","inLanguage":"de","@id":"https:\/\/sysmatec.ch\/de\/Produkt\/datenlogger-loggito\/#primaryimage","url":"https:\/\/sysmatec.ch\/wp-content\/uploads\/2026\/01\/Enregistreur_LoggitoDelphin.jpg","contentUrl":"https:\/\/sysmatec.ch\/wp-content\/uploads\/2026\/01\/Enregistreur_LoggitoDelphin.jpg","width":841,"height":663},{"@type":"BreadcrumbList","@id":"https:\/\/sysmatec.ch\/de\/Produkt\/datenlogger-loggito\/#breadcrumb","itemListElement":[{"@type":"ListItem","position":1,"name":"Accueil","item":"https:\/\/sysmatec.ch\/de\/"},{"@type":"ListItem","position":2,"name":"Die Aktivit\u00e4t von Sysmatec","item":"https:\/\/sysmatec.ch\/de\/"},{"@type":"ListItem","position":3,"name":"Datenlogger Loggito"}]},{"@type":"WebSite","@id":"https:\/\/sysmatec.ch\/de\/#website","url":"https:\/\/sysmatec.ch\/de\/","name":"Sysmatec","description":"Equipement de laboratoire et logiciels","publisher":{"@id":"https:\/\/sysmatec.ch\/de\/#organization"},"potentialAction":[{"@type":"SearchAction","target":{"@type":"EntryPoint","urlTemplate":"https:\/\/sysmatec.ch\/de\/?s={search_term_string}"},"query-input":{"@type":"PropertyValueSpecification","valueRequired":true,"valueName":"search_term_string"}}],"inLanguage":"de"},{"@type":"Organization","@id":"https:\/\/sysmatec.ch\/de\/#organization","name":"Sysmatec","url":"https:\/\/sysmatec.ch\/de\/","logo":{"@type":"ImageObject","inLanguage":"de","@id":"https:\/\/sysmatec.ch\/de\/#\/schema\/logo\/image\/","url":"https:\/\/sysmatec.ch\/wp-content\/uploads\/2018\/11\/LogoSysmatec.jpg","contentUrl":"https:\/\/sysmatec.ch\/wp-content\/uploads\/2018\/11\/LogoSysmatec.jpg","width":301,"height":297,"caption":"Sysmatec"},"image":{"@id":"https:\/\/sysmatec.ch\/de\/#\/schema\/logo\/image\/"}}]}},"_links":{"self":[{"href":"https:\/\/sysmatec.ch\/de\/wp-json\/wp\/v2\/product\/30968","targetHints":{"allow":["GET"]}}],"collection":[{"href":"https:\/\/sysmatec.ch\/de\/wp-json\/wp\/v2\/product"}],"about":[{"href":"https:\/\/sysmatec.ch\/de\/wp-json\/wp\/v2\/types\/product"}],"wp:featuredmedia":[{"embeddable":true,"href":"https:\/\/sysmatec.ch\/de\/wp-json\/wp\/v2\/media\/30971"}],"wp:attachment":[{"href":"https:\/\/sysmatec.ch\/de\/wp-json\/wp\/v2\/media?parent=30968"}],"wp:term":[{"taxonomy":"product_brand","embeddable":true,"href":"https:\/\/sysmatec.ch\/de\/wp-json\/wp\/v2\/product_brand?post=30968"},{"taxonomy":"product_cat","embeddable":true,"href":"https:\/\/sysmatec.ch\/de\/wp-json\/wp\/v2\/product_cat?post=30968"},{"taxonomy":"product_tag","embeddable":true,"href":"https:\/\/sysmatec.ch\/de\/wp-json\/wp\/v2\/product_tag?post=30968"}],"curies":[{"name":"wp","href":"https:\/\/api.w.org\/{rel}","templated":true}]}}