{"id":30936,"date":"2025-12-29T12:28:53","date_gmt":"2025-12-29T11:28:53","guid":{"rendered":"https:\/\/sysmatec.ch\/?post_type=product&#038;p=30936"},"modified":"2025-12-29T17:17:54","modified_gmt":"2025-12-29T16:17:54","slug":"oberflaechen-rauheitsmessgeraet-tmr200","status":"publish","type":"product","link":"https:\/\/sysmatec.ch\/de\/Produkt\/oberflaechen-rauheitsmessgeraet-tmr200\/","title":{"rendered":"Oberfl\u00e4chen Rauheitsmessger\u00e4t TMR200"},"content":{"rendered":"<p>Dieses tragbare Rauheitsmessger\u00e4t wird in Werkstattpr\u00fcfst\u00e4nden, Laboren und Metrologier\u00e4umen eingesetzt. Die Messergebnisse k\u00f6nnen auf einem digitalen und grafischen LCD-Display angezeigt oder an einen Drucker ausgegeben werden.<\/p>\n<h2>Merkmale<\/h2>\n<ul>\n<li>Elektromechanisches Integrationsdesign, kompakt, leicht und benutzerfreundlich.<\/li>\n<li>Steuerung und Datenverarbeitung mit DSP-Chip f\u00fcr hohe Geschwindigkeit und geringen Stromverbrauch.<\/li>\n<li>Gro\u00dfer Messbereich mit den Parametern Ra, Rz, Rq, Rt, Rp, Rv, R3z, R3y, RzJIS, Rsk, Rku, Rsm, Rmr und Rx.<\/li>\n<li>128 x 64 OLED-Punktmatrix-Display, digitale\/grafische Anzeige, kontrastfrei.<\/li>\n<li>Kompatibel mit den nationalen Normen ISO, DIN, ANSI und JIS.<\/li>\n<li>Integrierter Lithium-Ionen-Akku mit Ladekontrollschaltung, hohe Kapazit\u00e4t und kein Memory-Effekt.<\/li>\n<li>Betriebsdauer: \u00fcber 20 Stunden.<\/li>\n<li>Gro\u00dfer Datenspeicher f\u00fcr bis zu 100 Datens\u00e4tze und Wellenformen.<\/li>\n<li>Echtzeituhr mit Anzeige f\u00fcr komfortable Datenaufzeichnung und -speicherung.<\/li>\n<li>Automatischer Ruhemodus, automatische Abschaltung und Energiesparfunktion. Anzeige von Messinformationen und Men\u00fchinweisen.<\/li>\n<li>Vollmetallgeh\u00e4use, robust, kompakt, tragbar und hochzuverl\u00e4ssig.<\/li>\n<li>Optionale Sensoroberfl\u00e4che, Lochsensor, Messplattform, Sensor, Verl\u00e4ngerungsstange und weiteres Zubeh\u00f6r.<\/li>\n<\/ul>\n<h2>Leistung des Sensors<\/h2>\n<ul>\n<li>Detektionsprinzip: Strominduktion<\/li>\n<li>Messbereich: 160 \u03bcm<\/li>\n<li>Spitzenradius: 5 \u03bcm<\/li>\n<li>Spitzenmaterial: Diamant<\/li>\n<li>Tasterkraft: 4 mN (0,4 gf)<\/li>\n<li>Tasterwinkel: 90\u00b0<\/li>\n<li>Vertikaler Radius des F\u00fchrungskopfes: 45 mm<\/li>\n<\/ul>\n<h2>Technische Parameter<\/h2>\n<ul>\n<li>Maximaler Messweg: 17,5 mm \/ 0,7 Zoll<\/li>\n<li>Anzeigefehler: Maximal \u00b1 10 %<\/li>\n<li>Anzeigeabweichung: Maximal 6 %<\/li>\n<li>Gemessenes Profil: Rauheit, Welligkeit, Originalkontur<\/li>\n<li>Parameter: Ra (0,005 \u03bcm ~ 16 \u03bcm), Rz (0,02 \u03bcm ~ 160 \u03bcm), Rq, Rt, Rp, Rv, R3z, R3y, RzJIS, Rsk, Rku, Rsm, Rmr, Rx<\/li>\n<li>Filter: RC, PCRC, Gauss, ISO13565<\/li>\n<li>Abtastl\u00e4nge: L 0,25 mm, 0,8 mm, 2,5 mm, 8 mm<\/li>\n<li>Nennl\u00e4nge: L (1\u20135)l<\/li>\n<li>Interner Speicher: 100 Datens\u00e4tze<\/li>\n<li>Externe Schnittstelle: USB<\/li>\n<li>Stromversorgung: Integrierter Lithium-Ionen-Akku oder externe Stromversorgung Anpassung<\/li>\n<li>Au\u00dfenma\u00dfe: 143 x 55 x 42 mm (Hauptger\u00e4t).<\/li>\n<li>Gewicht: ca. 0,4 kg (Hauptger\u00e4t).<\/li>\n<\/ul>\n<h2>Lieferung<\/h2>\n<ul>\n<li>Handgeh\u00e4use x1<\/li>\n<li>Standardsensor x1<\/li>\n<li>Absehen-Schablone x1<\/li>\n<li>Schablonenhalterung x1<\/li>\n<li>Bewegliche Halterung x1<\/li>\n<li>Netzteil x1<\/li>\n<li>USB-Ladekabel x1<\/li>\n<li>Instrumentenbeh\u00e4lter x1<\/li>\n<li>St\u00e4nder f\u00fcr TMR200 \u2013 optional<\/li>\n<\/ul>\n<p>&nbsp;<\/p>\n","protected":false},"excerpt":{"rendered":"<p>Oberfl\u00e4chen Rauheit Messger\u00e4t<\/p>\n","protected":false},"featured_media":30940,"template":"","meta":{"_crdt_document":""},"product_brand":[],"product_cat":[312,180],"product_tag":[],"class_list":{"0":"post-30936","1":"product","2":"type-product","3":"status-publish","4":"has-post-thumbnail","6":"product_cat-dicke","7":"product_cat-messung","9":"first","10":"instock","11":"taxable","12":"shipping-taxable","13":"product-type-simple"},"yoast_head":"<!-- This site is optimized with the Yoast SEO plugin v27.4 - https:\/\/yoast.com\/product\/yoast-seo-wordpress\/ -->\n<title>Oberfl\u00e4chen Rauheitsmessger\u00e4t TMR200 - Sysmatec<\/title>\n<meta name=\"description\" content=\"Oberfl\u00e4chenrauheitsmessung mittels eines \u00fcber die Oberfl\u00e4che bewegten Tastschnitts. Parameter: Ra, Rz, Rq, Rt, Rp, Rv, R3z, R3y, RzJIS, Rsk, Rku, Rsm, Rmr, Rx\" \/>\n<meta name=\"robots\" content=\"index, follow, max-snippet:-1, max-image-preview:large, max-video-preview:-1\" \/>\n<link rel=\"canonical\" href=\"https:\/\/sysmatec.ch\/de\/Produkt\/oberflaechen-rauheitsmessgeraet-tmr200\/\" \/>\n<meta property=\"og:locale\" content=\"de_DE\" \/>\n<meta property=\"og:type\" content=\"article\" \/>\n<meta property=\"og:title\" content=\"Oberfl\u00e4chen Rauheitsmessger\u00e4t TMR200 - Sysmatec\" \/>\n<meta property=\"og:description\" content=\"Oberfl\u00e4chenrauheitsmessung mittels eines \u00fcber die Oberfl\u00e4che bewegten Tastschnitts. Parameter: Ra, Rz, Rq, Rt, Rp, Rv, R3z, R3y, RzJIS, Rsk, Rku, Rsm, Rmr, Rx\" \/>\n<meta property=\"og:url\" content=\"https:\/\/sysmatec.ch\/de\/Produkt\/oberflaechen-rauheitsmessgeraet-tmr200\/\" \/>\n<meta property=\"og:site_name\" content=\"Sysmatec\" \/>\n<meta property=\"article:modified_time\" content=\"2025-12-29T16:17:54+00:00\" \/>\n<meta property=\"og:image\" content=\"https:\/\/sysmatec.ch\/wp-content\/uploads\/2025\/12\/Rugosite_NovotestTMR200.jpg\" \/>\n\t<meta property=\"og:image:width\" content=\"714\" \/>\n\t<meta property=\"og:image:height\" content=\"536\" \/>\n\t<meta property=\"og:image:type\" content=\"image\/jpeg\" \/>\n<meta name=\"twitter:card\" content=\"summary_large_image\" \/>\n<meta name=\"twitter:label1\" content=\"Gesch\u00e4tzte Lesezeit\" \/>\n\t<meta name=\"twitter:data1\" content=\"2\u00a0Minuten\" \/>\n<script type=\"application\/ld+json\" class=\"yoast-schema-graph\">{\"@context\":\"https:\\\/\\\/schema.org\",\"@graph\":[{\"@type\":\"WebPage\",\"@id\":\"https:\\\/\\\/sysmatec.ch\\\/de\\\/Produkt\\\/oberflaechen-rauheitsmessgeraet-tmr200\\\/\",\"url\":\"https:\\\/\\\/sysmatec.ch\\\/de\\\/Produkt\\\/oberflaechen-rauheitsmessgeraet-tmr200\\\/\",\"name\":\"Oberfl\u00e4chen Rauheitsmessger\u00e4t TMR200 - Sysmatec\",\"isPartOf\":{\"@id\":\"https:\\\/\\\/sysmatec.ch\\\/de\\\/#website\"},\"primaryImageOfPage\":{\"@id\":\"https:\\\/\\\/sysmatec.ch\\\/de\\\/Produkt\\\/oberflaechen-rauheitsmessgeraet-tmr200\\\/#primaryimage\"},\"image\":{\"@id\":\"https:\\\/\\\/sysmatec.ch\\\/de\\\/Produkt\\\/oberflaechen-rauheitsmessgeraet-tmr200\\\/#primaryimage\"},\"thumbnailUrl\":\"https:\\\/\\\/sysmatec.ch\\\/wp-content\\\/uploads\\\/2025\\\/12\\\/Rugosite_NovotestTMR200.jpg\",\"datePublished\":\"2025-12-29T11:28:53+00:00\",\"dateModified\":\"2025-12-29T16:17:54+00:00\",\"description\":\"Oberfl\u00e4chenrauheitsmessung mittels eines \u00fcber die Oberfl\u00e4che bewegten Tastschnitts. Parameter: Ra, Rz, Rq, Rt, Rp, Rv, R3z, R3y, RzJIS, Rsk, Rku, Rsm, Rmr, Rx\",\"breadcrumb\":{\"@id\":\"https:\\\/\\\/sysmatec.ch\\\/de\\\/Produkt\\\/oberflaechen-rauheitsmessgeraet-tmr200\\\/#breadcrumb\"},\"inLanguage\":\"de\",\"potentialAction\":[{\"@type\":\"ReadAction\",\"target\":[\"https:\\\/\\\/sysmatec.ch\\\/de\\\/Produkt\\\/oberflaechen-rauheitsmessgeraet-tmr200\\\/\"]}]},{\"@type\":\"ImageObject\",\"inLanguage\":\"de\",\"@id\":\"https:\\\/\\\/sysmatec.ch\\\/de\\\/Produkt\\\/oberflaechen-rauheitsmessgeraet-tmr200\\\/#primaryimage\",\"url\":\"https:\\\/\\\/sysmatec.ch\\\/wp-content\\\/uploads\\\/2025\\\/12\\\/Rugosite_NovotestTMR200.jpg\",\"contentUrl\":\"https:\\\/\\\/sysmatec.ch\\\/wp-content\\\/uploads\\\/2025\\\/12\\\/Rugosite_NovotestTMR200.jpg\",\"width\":714,\"height\":536},{\"@type\":\"BreadcrumbList\",\"@id\":\"https:\\\/\\\/sysmatec.ch\\\/de\\\/Produkt\\\/oberflaechen-rauheitsmessgeraet-tmr200\\\/#breadcrumb\",\"itemListElement\":[{\"@type\":\"ListItem\",\"position\":1,\"name\":\"Accueil\",\"item\":\"https:\\\/\\\/sysmatec.ch\\\/de\\\/\"},{\"@type\":\"ListItem\",\"position\":2,\"name\":\"Die Aktivit\u00e4t von Sysmatec\",\"item\":\"https:\\\/\\\/sysmatec.ch\\\/de\\\/\"},{\"@type\":\"ListItem\",\"position\":3,\"name\":\"Oberfl\u00e4chen Rauheitsmessger\u00e4t TMR200\"}]},{\"@type\":\"WebSite\",\"@id\":\"https:\\\/\\\/sysmatec.ch\\\/de\\\/#website\",\"url\":\"https:\\\/\\\/sysmatec.ch\\\/de\\\/\",\"name\":\"Sysmatec\",\"description\":\"Equipement de laboratoire et logiciels\",\"publisher\":{\"@id\":\"https:\\\/\\\/sysmatec.ch\\\/de\\\/#organization\"},\"potentialAction\":[{\"@type\":\"SearchAction\",\"target\":{\"@type\":\"EntryPoint\",\"urlTemplate\":\"https:\\\/\\\/sysmatec.ch\\\/de\\\/?s={search_term_string}\"},\"query-input\":{\"@type\":\"PropertyValueSpecification\",\"valueRequired\":true,\"valueName\":\"search_term_string\"}}],\"inLanguage\":\"de\"},{\"@type\":\"Organization\",\"@id\":\"https:\\\/\\\/sysmatec.ch\\\/de\\\/#organization\",\"name\":\"Sysmatec\",\"url\":\"https:\\\/\\\/sysmatec.ch\\\/de\\\/\",\"logo\":{\"@type\":\"ImageObject\",\"inLanguage\":\"de\",\"@id\":\"https:\\\/\\\/sysmatec.ch\\\/de\\\/#\\\/schema\\\/logo\\\/image\\\/\",\"url\":\"https:\\\/\\\/sysmatec.ch\\\/wp-content\\\/uploads\\\/2018\\\/11\\\/LogoSysmatec.jpg\",\"contentUrl\":\"https:\\\/\\\/sysmatec.ch\\\/wp-content\\\/uploads\\\/2018\\\/11\\\/LogoSysmatec.jpg\",\"width\":301,\"height\":297,\"caption\":\"Sysmatec\"},\"image\":{\"@id\":\"https:\\\/\\\/sysmatec.ch\\\/de\\\/#\\\/schema\\\/logo\\\/image\\\/\"}}]}<\/script>\n<!-- \/ Yoast SEO plugin. -->","yoast_head_json":{"title":"Oberfl\u00e4chen Rauheitsmessger\u00e4t TMR200 - Sysmatec","description":"Oberfl\u00e4chenrauheitsmessung mittels eines \u00fcber die Oberfl\u00e4che bewegten Tastschnitts. Parameter: Ra, Rz, Rq, Rt, Rp, Rv, R3z, R3y, RzJIS, Rsk, Rku, Rsm, Rmr, Rx","robots":{"index":"index","follow":"follow","max-snippet":"max-snippet:-1","max-image-preview":"max-image-preview:large","max-video-preview":"max-video-preview:-1"},"canonical":"https:\/\/sysmatec.ch\/de\/Produkt\/oberflaechen-rauheitsmessgeraet-tmr200\/","og_locale":"de_DE","og_type":"article","og_title":"Oberfl\u00e4chen Rauheitsmessger\u00e4t TMR200 - Sysmatec","og_description":"Oberfl\u00e4chenrauheitsmessung mittels eines \u00fcber die Oberfl\u00e4che bewegten Tastschnitts. Parameter: Ra, Rz, Rq, Rt, Rp, Rv, R3z, R3y, RzJIS, Rsk, Rku, Rsm, Rmr, Rx","og_url":"https:\/\/sysmatec.ch\/de\/Produkt\/oberflaechen-rauheitsmessgeraet-tmr200\/","og_site_name":"Sysmatec","article_modified_time":"2025-12-29T16:17:54+00:00","og_image":[{"width":714,"height":536,"url":"https:\/\/sysmatec.ch\/wp-content\/uploads\/2025\/12\/Rugosite_NovotestTMR200.jpg","type":"image\/jpeg"}],"twitter_card":"summary_large_image","twitter_misc":{"Gesch\u00e4tzte Lesezeit":"2\u00a0Minuten"},"schema":{"@context":"https:\/\/schema.org","@graph":[{"@type":"WebPage","@id":"https:\/\/sysmatec.ch\/de\/Produkt\/oberflaechen-rauheitsmessgeraet-tmr200\/","url":"https:\/\/sysmatec.ch\/de\/Produkt\/oberflaechen-rauheitsmessgeraet-tmr200\/","name":"Oberfl\u00e4chen Rauheitsmessger\u00e4t TMR200 - Sysmatec","isPartOf":{"@id":"https:\/\/sysmatec.ch\/de\/#website"},"primaryImageOfPage":{"@id":"https:\/\/sysmatec.ch\/de\/Produkt\/oberflaechen-rauheitsmessgeraet-tmr200\/#primaryimage"},"image":{"@id":"https:\/\/sysmatec.ch\/de\/Produkt\/oberflaechen-rauheitsmessgeraet-tmr200\/#primaryimage"},"thumbnailUrl":"https:\/\/sysmatec.ch\/wp-content\/uploads\/2025\/12\/Rugosite_NovotestTMR200.jpg","datePublished":"2025-12-29T11:28:53+00:00","dateModified":"2025-12-29T16:17:54+00:00","description":"Oberfl\u00e4chenrauheitsmessung mittels eines \u00fcber die Oberfl\u00e4che bewegten Tastschnitts. Parameter: Ra, Rz, Rq, Rt, Rp, Rv, R3z, R3y, RzJIS, Rsk, Rku, Rsm, Rmr, Rx","breadcrumb":{"@id":"https:\/\/sysmatec.ch\/de\/Produkt\/oberflaechen-rauheitsmessgeraet-tmr200\/#breadcrumb"},"inLanguage":"de","potentialAction":[{"@type":"ReadAction","target":["https:\/\/sysmatec.ch\/de\/Produkt\/oberflaechen-rauheitsmessgeraet-tmr200\/"]}]},{"@type":"ImageObject","inLanguage":"de","@id":"https:\/\/sysmatec.ch\/de\/Produkt\/oberflaechen-rauheitsmessgeraet-tmr200\/#primaryimage","url":"https:\/\/sysmatec.ch\/wp-content\/uploads\/2025\/12\/Rugosite_NovotestTMR200.jpg","contentUrl":"https:\/\/sysmatec.ch\/wp-content\/uploads\/2025\/12\/Rugosite_NovotestTMR200.jpg","width":714,"height":536},{"@type":"BreadcrumbList","@id":"https:\/\/sysmatec.ch\/de\/Produkt\/oberflaechen-rauheitsmessgeraet-tmr200\/#breadcrumb","itemListElement":[{"@type":"ListItem","position":1,"name":"Accueil","item":"https:\/\/sysmatec.ch\/de\/"},{"@type":"ListItem","position":2,"name":"Die Aktivit\u00e4t von Sysmatec","item":"https:\/\/sysmatec.ch\/de\/"},{"@type":"ListItem","position":3,"name":"Oberfl\u00e4chen Rauheitsmessger\u00e4t TMR200"}]},{"@type":"WebSite","@id":"https:\/\/sysmatec.ch\/de\/#website","url":"https:\/\/sysmatec.ch\/de\/","name":"Sysmatec","description":"Equipement de laboratoire et logiciels","publisher":{"@id":"https:\/\/sysmatec.ch\/de\/#organization"},"potentialAction":[{"@type":"SearchAction","target":{"@type":"EntryPoint","urlTemplate":"https:\/\/sysmatec.ch\/de\/?s={search_term_string}"},"query-input":{"@type":"PropertyValueSpecification","valueRequired":true,"valueName":"search_term_string"}}],"inLanguage":"de"},{"@type":"Organization","@id":"https:\/\/sysmatec.ch\/de\/#organization","name":"Sysmatec","url":"https:\/\/sysmatec.ch\/de\/","logo":{"@type":"ImageObject","inLanguage":"de","@id":"https:\/\/sysmatec.ch\/de\/#\/schema\/logo\/image\/","url":"https:\/\/sysmatec.ch\/wp-content\/uploads\/2018\/11\/LogoSysmatec.jpg","contentUrl":"https:\/\/sysmatec.ch\/wp-content\/uploads\/2018\/11\/LogoSysmatec.jpg","width":301,"height":297,"caption":"Sysmatec"},"image":{"@id":"https:\/\/sysmatec.ch\/de\/#\/schema\/logo\/image\/"}}]}},"_links":{"self":[{"href":"https:\/\/sysmatec.ch\/de\/wp-json\/wp\/v2\/product\/30936","targetHints":{"allow":["GET"]}}],"collection":[{"href":"https:\/\/sysmatec.ch\/de\/wp-json\/wp\/v2\/product"}],"about":[{"href":"https:\/\/sysmatec.ch\/de\/wp-json\/wp\/v2\/types\/product"}],"wp:featuredmedia":[{"embeddable":true,"href":"https:\/\/sysmatec.ch\/de\/wp-json\/wp\/v2\/media\/30940"}],"wp:attachment":[{"href":"https:\/\/sysmatec.ch\/de\/wp-json\/wp\/v2\/media?parent=30936"}],"wp:term":[{"taxonomy":"product_brand","embeddable":true,"href":"https:\/\/sysmatec.ch\/de\/wp-json\/wp\/v2\/product_brand?post=30936"},{"taxonomy":"product_cat","embeddable":true,"href":"https:\/\/sysmatec.ch\/de\/wp-json\/wp\/v2\/product_cat?post=30936"},{"taxonomy":"product_tag","embeddable":true,"href":"https:\/\/sysmatec.ch\/de\/wp-json\/wp\/v2\/product_tag?post=30936"}],"curies":[{"name":"wp","href":"https:\/\/api.w.org\/{rel}","templated":true}]}}