{"id":30928,"date":"2025-12-28T16:21:30","date_gmt":"2025-12-28T15:21:30","guid":{"rendered":"https:\/\/sysmatec.ch\/?post_type=product&#038;p=30928"},"modified":"2025-12-28T16:49:13","modified_gmt":"2025-12-28T15:49:13","slug":"4k-autofokus-digitalvideomikroskop-bvm-7000-4kaf","status":"publish","type":"product","link":"https:\/\/sysmatec.ch\/de\/Produkt\/4k-autofokus-digitalvideomikroskop-bvm-7000-4kaf\/","title":{"rendered":"4K-Autofokus-Digitalvideomikroskop BVM-7000-4KAF"},"content":{"rendered":"<p>Dieses Mikroskop vereint Vergr\u00f6\u00dferung, Display, LED-Beleuchtung und Laserpositionierung. Kompaktes Design, geringes Gewicht und niedriger Stromverbrauch erm\u00f6glichen eine einfache und komfortable Bedienung. Das LCD-Videomikroskop eignet sich ideal f\u00fcr Pr\u00fcfungen und Inspektionen in der Produktmontage, Forschung und Lehre.<\/p>\n<h2>Merkmale<\/h2>\n<ul>\n<li>Monitor: 13,3&#8243; IPS 4K (3840 x 2160)<\/li>\n<li>Kamerasensor: 1\/1,8&#8243;, Sony 678, 8,0 MP<\/li>\n<li>Bildrate: 60 fps<\/li>\n<li>Bildaufl\u00f6sung: 3840 x 2160<\/li>\n<li>Optisches Zoomobjektiv: 0,7\u20135,6x (1:8)<\/li>\n<li>Fokussierung: Manuell\/Autofokus<\/li>\n<li>Vergr\u00f6\u00dferung: 20\u2013160x<\/li>\n<li>Arbeitsabstand: 105 mm (mit Standard-0,75-Objektiv)<\/li>\n<li>Ausg\u00e4nge: HDMI + 3 x USB, Mausbedienung<\/li>\n<li>Beleuchtung: Integriertes, helles COB-Ringlicht<\/li>\n<li>Funktionen: Fotoaufnahme, Videoaufzeichnung, Messung, Speicherung, PC-Anschluss<\/li>\n<li>Stromversorgung: 12 V DC, 3 A<\/li>\n<li>Basisgr\u00f6\u00dfe: 320 x 260 mm<\/li>\n<li>Verpackungsgr\u00f6\u00dfe: 42 x 31,5 x 27 cm<\/li>\n<\/ul>\n<h2>Optische Parameter<\/h2>\n<table width=\"377\">\n<tbody>\n<tr>\n<td width=\"137\">Auxiliary Objectives<\/td>\n<td width=\"80\"><\/td>\n<td width=\"80\"><\/td>\n<td width=\"80\"><\/td>\n<\/tr>\n<tr>\n<td><\/td>\n<td><\/td>\n<td>min<\/td>\n<td>max<\/td>\n<\/tr>\n<tr>\n<td rowspan=\"3\" width=\"137\">0.75x(standard)<br \/>\nW.D.: 105mm<\/td>\n<td>Mag.<\/td>\n<td>0.40X<\/td>\n<td>3.15X<\/td>\n<\/tr>\n<tr>\n<td>FOV<\/td>\n<td>20.99mm<\/td>\n<td>2.61mm<\/td>\n<\/tr>\n<tr>\n<td>N.A.<\/td>\n<td>0.013<\/td>\n<td>0.069<\/td>\n<\/tr>\n<tr>\n<td rowspan=\"3\" width=\"137\">0.5x<br \/>\nW.D.: 160mm<\/td>\n<td>Mag.<\/td>\n<td>0.26X<\/td>\n<td>2.1X<\/td>\n<\/tr>\n<tr>\n<td>FOV<\/td>\n<td>31.74mm<\/td>\n<td>3.93mm<\/td>\n<\/tr>\n<tr>\n<td>N.A.<\/td>\n<td>0.009<\/td>\n<td>0.046<\/td>\n<\/tr>\n<tr>\n<td rowspan=\"3\" width=\"137\">1x<br \/>\nW.D.: 80mm<\/td>\n<td>Mag.<\/td>\n<td>0.53X<\/td>\n<td>4.2X<\/td>\n<\/tr>\n<tr>\n<td>FOV<\/td>\n<td>15.8mm<\/td>\n<td>1.96mm<\/td>\n<\/tr>\n<tr>\n<td>N.A.<\/td>\n<td>0.092<\/td>\n<td>0.046<\/td>\n<\/tr>\n<tr>\n<td rowspan=\"3\" width=\"137\">1.5x<br \/>\nW.D.: 51.5mm<\/td>\n<td>Mag.<\/td>\n<td>0.79X<\/td>\n<td>6.6X<\/td>\n<\/tr>\n<tr>\n<td>FOV<\/td>\n<td>10.46mm<\/td>\n<td>1.31mm<\/td>\n<\/tr>\n<tr>\n<td>N.A.<\/td>\n<td>0.026<\/td>\n<td>0.138<\/td>\n<\/tr>\n<tr>\n<td rowspan=\"3\" width=\"137\">2x<br \/>\nW.D.: 37.5mm<\/td>\n<td>Mag.<\/td>\n<td>1.05X<\/td>\n<td>8.4X<\/td>\n<\/tr>\n<tr>\n<td>FOV<\/td>\n<td>7.9mm<\/td>\n<td>0.99mm<\/td>\n<\/tr>\n<tr>\n<td>N.A.<\/td>\n<td>0.035<\/td>\n<td>0.182<\/td>\n<\/tr>\n<\/tbody>\n<\/table>\n","protected":false},"excerpt":{"rendered":"<p>Autofokus-Videomikroskop mit 20- bis 160-facher Vergr\u00f6\u00dferung.<\/p>\n","protected":false},"featured_media":30932,"template":"","meta":{"_crdt_document":""},"product_brand":[],"product_cat":[101],"product_tag":[],"class_list":{"0":"post-30928","1":"product","2":"type-product","3":"status-publish","4":"has-post-thumbnail","6":"product_cat-mikroskopie","8":"first","9":"instock","10":"taxable","11":"shipping-taxable","12":"product-type-simple"},"yoast_head":"<!-- This site is optimized with the Yoast SEO plugin v27.3 - https:\/\/yoast.com\/product\/yoast-seo-wordpress\/ -->\n<title>4K-Autofokus-Digitalvideomikroskop BVM-7000-4KAF - Sysmatec<\/title>\n<meta name=\"description\" content=\"Digitales Mikroskop mit integriertem Bildschirm f\u00fcr Anwendungen in Wissenschaft, Qualit\u00e4tskontrolle und Lehre. Mit Autofokusfunktion.\" \/>\n<meta name=\"robots\" content=\"index, follow, max-snippet:-1, max-image-preview:large, max-video-preview:-1\" \/>\n<link rel=\"canonical\" href=\"https:\/\/sysmatec.ch\/de\/Produkt\/4k-autofokus-digitalvideomikroskop-bvm-7000-4kaf\/\" \/>\n<meta property=\"og:locale\" content=\"de_DE\" \/>\n<meta property=\"og:type\" content=\"article\" \/>\n<meta property=\"og:title\" content=\"4K-Autofokus-Digitalvideomikroskop BVM-7000-4KAF - Sysmatec\" \/>\n<meta property=\"og:description\" content=\"Digitales Mikroskop mit integriertem Bildschirm f\u00fcr Anwendungen in Wissenschaft, Qualit\u00e4tskontrolle und Lehre. Mit Autofokusfunktion.\" \/>\n<meta property=\"og:url\" content=\"https:\/\/sysmatec.ch\/de\/Produkt\/4k-autofokus-digitalvideomikroskop-bvm-7000-4kaf\/\" \/>\n<meta property=\"og:site_name\" content=\"Sysmatec\" \/>\n<meta property=\"article:modified_time\" content=\"2025-12-28T15:49:13+00:00\" \/>\n<meta property=\"og:image\" content=\"https:\/\/sysmatec.ch\/wp-content\/uploads\/2025\/12\/MicroscopeDigital_BVM7000Bycindustrial.jpg\" \/>\n\t<meta property=\"og:image:width\" content=\"532\" \/>\n\t<meta property=\"og:image:height\" content=\"627\" \/>\n\t<meta property=\"og:image:type\" content=\"image\/jpeg\" \/>\n<meta name=\"twitter:card\" content=\"summary_large_image\" \/>\n<meta name=\"twitter:label1\" content=\"Gesch\u00e4tzte Lesezeit\" \/>\n\t<meta name=\"twitter:data1\" content=\"2\u00a0Minuten\" \/>\n<script type=\"application\/ld+json\" class=\"yoast-schema-graph\">{\"@context\":\"https:\\\/\\\/schema.org\",\"@graph\":[{\"@type\":\"WebPage\",\"@id\":\"https:\\\/\\\/sysmatec.ch\\\/de\\\/Produkt\\\/4k-autofokus-digitalvideomikroskop-bvm-7000-4kaf\\\/\",\"url\":\"https:\\\/\\\/sysmatec.ch\\\/de\\\/Produkt\\\/4k-autofokus-digitalvideomikroskop-bvm-7000-4kaf\\\/\",\"name\":\"4K-Autofokus-Digitalvideomikroskop BVM-7000-4KAF - Sysmatec\",\"isPartOf\":{\"@id\":\"https:\\\/\\\/sysmatec.ch\\\/de\\\/#website\"},\"primaryImageOfPage\":{\"@id\":\"https:\\\/\\\/sysmatec.ch\\\/de\\\/Produkt\\\/4k-autofokus-digitalvideomikroskop-bvm-7000-4kaf\\\/#primaryimage\"},\"image\":{\"@id\":\"https:\\\/\\\/sysmatec.ch\\\/de\\\/Produkt\\\/4k-autofokus-digitalvideomikroskop-bvm-7000-4kaf\\\/#primaryimage\"},\"thumbnailUrl\":\"https:\\\/\\\/sysmatec.ch\\\/wp-content\\\/uploads\\\/2025\\\/12\\\/MicroscopeDigital_BVM7000Bycindustrial.jpg\",\"datePublished\":\"2025-12-28T15:21:30+00:00\",\"dateModified\":\"2025-12-28T15:49:13+00:00\",\"description\":\"Digitales Mikroskop mit integriertem Bildschirm f\u00fcr Anwendungen in Wissenschaft, Qualit\u00e4tskontrolle und Lehre. Mit Autofokusfunktion.\",\"breadcrumb\":{\"@id\":\"https:\\\/\\\/sysmatec.ch\\\/de\\\/Produkt\\\/4k-autofokus-digitalvideomikroskop-bvm-7000-4kaf\\\/#breadcrumb\"},\"inLanguage\":\"de\",\"potentialAction\":[{\"@type\":\"ReadAction\",\"target\":[\"https:\\\/\\\/sysmatec.ch\\\/de\\\/Produkt\\\/4k-autofokus-digitalvideomikroskop-bvm-7000-4kaf\\\/\"]}]},{\"@type\":\"ImageObject\",\"inLanguage\":\"de\",\"@id\":\"https:\\\/\\\/sysmatec.ch\\\/de\\\/Produkt\\\/4k-autofokus-digitalvideomikroskop-bvm-7000-4kaf\\\/#primaryimage\",\"url\":\"https:\\\/\\\/sysmatec.ch\\\/wp-content\\\/uploads\\\/2025\\\/12\\\/MicroscopeDigital_BVM7000Bycindustrial.jpg\",\"contentUrl\":\"https:\\\/\\\/sysmatec.ch\\\/wp-content\\\/uploads\\\/2025\\\/12\\\/MicroscopeDigital_BVM7000Bycindustrial.jpg\",\"width\":532,\"height\":627},{\"@type\":\"BreadcrumbList\",\"@id\":\"https:\\\/\\\/sysmatec.ch\\\/de\\\/Produkt\\\/4k-autofokus-digitalvideomikroskop-bvm-7000-4kaf\\\/#breadcrumb\",\"itemListElement\":[{\"@type\":\"ListItem\",\"position\":1,\"name\":\"Accueil\",\"item\":\"https:\\\/\\\/sysmatec.ch\\\/de\\\/\"},{\"@type\":\"ListItem\",\"position\":2,\"name\":\"Die Aktivit\u00e4t von Sysmatec\",\"item\":\"https:\\\/\\\/sysmatec.ch\\\/de\\\/\"},{\"@type\":\"ListItem\",\"position\":3,\"name\":\"4K-Autofokus-Digitalvideomikroskop BVM-7000-4KAF\"}]},{\"@type\":\"WebSite\",\"@id\":\"https:\\\/\\\/sysmatec.ch\\\/de\\\/#website\",\"url\":\"https:\\\/\\\/sysmatec.ch\\\/de\\\/\",\"name\":\"Sysmatec\",\"description\":\"Equipement de laboratoire et logiciels\",\"publisher\":{\"@id\":\"https:\\\/\\\/sysmatec.ch\\\/de\\\/#organization\"},\"potentialAction\":[{\"@type\":\"SearchAction\",\"target\":{\"@type\":\"EntryPoint\",\"urlTemplate\":\"https:\\\/\\\/sysmatec.ch\\\/de\\\/?s={search_term_string}\"},\"query-input\":{\"@type\":\"PropertyValueSpecification\",\"valueRequired\":true,\"valueName\":\"search_term_string\"}}],\"inLanguage\":\"de\"},{\"@type\":\"Organization\",\"@id\":\"https:\\\/\\\/sysmatec.ch\\\/de\\\/#organization\",\"name\":\"Sysmatec\",\"url\":\"https:\\\/\\\/sysmatec.ch\\\/de\\\/\",\"logo\":{\"@type\":\"ImageObject\",\"inLanguage\":\"de\",\"@id\":\"https:\\\/\\\/sysmatec.ch\\\/de\\\/#\\\/schema\\\/logo\\\/image\\\/\",\"url\":\"https:\\\/\\\/sysmatec.ch\\\/wp-content\\\/uploads\\\/2018\\\/11\\\/LogoSysmatec.jpg\",\"contentUrl\":\"https:\\\/\\\/sysmatec.ch\\\/wp-content\\\/uploads\\\/2018\\\/11\\\/LogoSysmatec.jpg\",\"width\":301,\"height\":297,\"caption\":\"Sysmatec\"},\"image\":{\"@id\":\"https:\\\/\\\/sysmatec.ch\\\/de\\\/#\\\/schema\\\/logo\\\/image\\\/\"}}]}<\/script>\n<!-- \/ Yoast SEO plugin. -->","yoast_head_json":{"title":"4K-Autofokus-Digitalvideomikroskop BVM-7000-4KAF - Sysmatec","description":"Digitales Mikroskop mit integriertem Bildschirm f\u00fcr Anwendungen in Wissenschaft, Qualit\u00e4tskontrolle und Lehre. Mit Autofokusfunktion.","robots":{"index":"index","follow":"follow","max-snippet":"max-snippet:-1","max-image-preview":"max-image-preview:large","max-video-preview":"max-video-preview:-1"},"canonical":"https:\/\/sysmatec.ch\/de\/Produkt\/4k-autofokus-digitalvideomikroskop-bvm-7000-4kaf\/","og_locale":"de_DE","og_type":"article","og_title":"4K-Autofokus-Digitalvideomikroskop BVM-7000-4KAF - Sysmatec","og_description":"Digitales Mikroskop mit integriertem Bildschirm f\u00fcr Anwendungen in Wissenschaft, Qualit\u00e4tskontrolle und Lehre. Mit Autofokusfunktion.","og_url":"https:\/\/sysmatec.ch\/de\/Produkt\/4k-autofokus-digitalvideomikroskop-bvm-7000-4kaf\/","og_site_name":"Sysmatec","article_modified_time":"2025-12-28T15:49:13+00:00","og_image":[{"width":532,"height":627,"url":"https:\/\/sysmatec.ch\/wp-content\/uploads\/2025\/12\/MicroscopeDigital_BVM7000Bycindustrial.jpg","type":"image\/jpeg"}],"twitter_card":"summary_large_image","twitter_misc":{"Gesch\u00e4tzte Lesezeit":"2\u00a0Minuten"},"schema":{"@context":"https:\/\/schema.org","@graph":[{"@type":"WebPage","@id":"https:\/\/sysmatec.ch\/de\/Produkt\/4k-autofokus-digitalvideomikroskop-bvm-7000-4kaf\/","url":"https:\/\/sysmatec.ch\/de\/Produkt\/4k-autofokus-digitalvideomikroskop-bvm-7000-4kaf\/","name":"4K-Autofokus-Digitalvideomikroskop BVM-7000-4KAF - Sysmatec","isPartOf":{"@id":"https:\/\/sysmatec.ch\/de\/#website"},"primaryImageOfPage":{"@id":"https:\/\/sysmatec.ch\/de\/Produkt\/4k-autofokus-digitalvideomikroskop-bvm-7000-4kaf\/#primaryimage"},"image":{"@id":"https:\/\/sysmatec.ch\/de\/Produkt\/4k-autofokus-digitalvideomikroskop-bvm-7000-4kaf\/#primaryimage"},"thumbnailUrl":"https:\/\/sysmatec.ch\/wp-content\/uploads\/2025\/12\/MicroscopeDigital_BVM7000Bycindustrial.jpg","datePublished":"2025-12-28T15:21:30+00:00","dateModified":"2025-12-28T15:49:13+00:00","description":"Digitales Mikroskop mit integriertem Bildschirm f\u00fcr Anwendungen in Wissenschaft, Qualit\u00e4tskontrolle und Lehre. Mit Autofokusfunktion.","breadcrumb":{"@id":"https:\/\/sysmatec.ch\/de\/Produkt\/4k-autofokus-digitalvideomikroskop-bvm-7000-4kaf\/#breadcrumb"},"inLanguage":"de","potentialAction":[{"@type":"ReadAction","target":["https:\/\/sysmatec.ch\/de\/Produkt\/4k-autofokus-digitalvideomikroskop-bvm-7000-4kaf\/"]}]},{"@type":"ImageObject","inLanguage":"de","@id":"https:\/\/sysmatec.ch\/de\/Produkt\/4k-autofokus-digitalvideomikroskop-bvm-7000-4kaf\/#primaryimage","url":"https:\/\/sysmatec.ch\/wp-content\/uploads\/2025\/12\/MicroscopeDigital_BVM7000Bycindustrial.jpg","contentUrl":"https:\/\/sysmatec.ch\/wp-content\/uploads\/2025\/12\/MicroscopeDigital_BVM7000Bycindustrial.jpg","width":532,"height":627},{"@type":"BreadcrumbList","@id":"https:\/\/sysmatec.ch\/de\/Produkt\/4k-autofokus-digitalvideomikroskop-bvm-7000-4kaf\/#breadcrumb","itemListElement":[{"@type":"ListItem","position":1,"name":"Accueil","item":"https:\/\/sysmatec.ch\/de\/"},{"@type":"ListItem","position":2,"name":"Die Aktivit\u00e4t von Sysmatec","item":"https:\/\/sysmatec.ch\/de\/"},{"@type":"ListItem","position":3,"name":"4K-Autofokus-Digitalvideomikroskop BVM-7000-4KAF"}]},{"@type":"WebSite","@id":"https:\/\/sysmatec.ch\/de\/#website","url":"https:\/\/sysmatec.ch\/de\/","name":"Sysmatec","description":"Equipement de laboratoire et logiciels","publisher":{"@id":"https:\/\/sysmatec.ch\/de\/#organization"},"potentialAction":[{"@type":"SearchAction","target":{"@type":"EntryPoint","urlTemplate":"https:\/\/sysmatec.ch\/de\/?s={search_term_string}"},"query-input":{"@type":"PropertyValueSpecification","valueRequired":true,"valueName":"search_term_string"}}],"inLanguage":"de"},{"@type":"Organization","@id":"https:\/\/sysmatec.ch\/de\/#organization","name":"Sysmatec","url":"https:\/\/sysmatec.ch\/de\/","logo":{"@type":"ImageObject","inLanguage":"de","@id":"https:\/\/sysmatec.ch\/de\/#\/schema\/logo\/image\/","url":"https:\/\/sysmatec.ch\/wp-content\/uploads\/2018\/11\/LogoSysmatec.jpg","contentUrl":"https:\/\/sysmatec.ch\/wp-content\/uploads\/2018\/11\/LogoSysmatec.jpg","width":301,"height":297,"caption":"Sysmatec"},"image":{"@id":"https:\/\/sysmatec.ch\/de\/#\/schema\/logo\/image\/"}}]}},"_links":{"self":[{"href":"https:\/\/sysmatec.ch\/de\/wp-json\/wp\/v2\/product\/30928","targetHints":{"allow":["GET"]}}],"collection":[{"href":"https:\/\/sysmatec.ch\/de\/wp-json\/wp\/v2\/product"}],"about":[{"href":"https:\/\/sysmatec.ch\/de\/wp-json\/wp\/v2\/types\/product"}],"wp:featuredmedia":[{"embeddable":true,"href":"https:\/\/sysmatec.ch\/de\/wp-json\/wp\/v2\/media\/30932"}],"wp:attachment":[{"href":"https:\/\/sysmatec.ch\/de\/wp-json\/wp\/v2\/media?parent=30928"}],"wp:term":[{"taxonomy":"product_brand","embeddable":true,"href":"https:\/\/sysmatec.ch\/de\/wp-json\/wp\/v2\/product_brand?post=30928"},{"taxonomy":"product_cat","embeddable":true,"href":"https:\/\/sysmatec.ch\/de\/wp-json\/wp\/v2\/product_cat?post=30928"},{"taxonomy":"product_tag","embeddable":true,"href":"https:\/\/sysmatec.ch\/de\/wp-json\/wp\/v2\/product_tag?post=30928"}],"curies":[{"name":"wp","href":"https:\/\/api.w.org\/{rel}","templated":true}]}}