{"id":30914,"date":"2025-12-02T09:48:18","date_gmt":"2025-12-02T08:48:18","guid":{"rendered":"https:\/\/sysmatec.ch\/?post_type=product&#038;p=30914"},"modified":"2025-12-02T10:51:24","modified_gmt":"2025-12-02T09:51:24","slug":"kuehlbarer-labor-proben-homogenisator-deimos","status":"publish","type":"product","link":"https:\/\/sysmatec.ch\/de\/Produkt\/kuehlbarer-labor-proben-homogenisator-deimos\/","title":{"rendered":"K\u00fchlbarer Labor Proben Homogenisator DEIMOS"},"content":{"rendered":"<p>Die korrekte Probenvorbereitung und das Mahlverfahren f\u00fcr Lebens- und Futtermittelproben sind die Grundlage f\u00fcr eine hohe Genauigkeit und Reproduzierbarkeit der Analyseergebnisse. Ihre gro\u00dfe Bedeutung ist allen Laborfachkr\u00e4ften wohlbekannt. Der neue, k\u00fchlbare Probenhomogenisator wurde entwickelt, um die h\u00f6chsten Anforderungen von Laboren zu erf\u00fcllen, die \u00fcblicherweise komplexe Proben wie Fleisch, Salami, Futtermittel, verarbeitete Lebensmittel usw. analysieren. Seine praktische Homogenisierungskammer mit integriertem Wasserk\u00fchlsystem (separat erh\u00e4ltlich) gew\u00e4hrleistet eine pr\u00e4zise Homogenisierung ohne \u00dcberhitzungsrisiko der Probe. Dadurch werden der damit verbundene Verlust an relativer Feuchtigkeit und Fehler in der nachfolgenden chemischen Analyse vermieden.<\/p>\n<h2>Merkmale<\/h2>\n<ul>\n<li>Hauptstruktur aus Edelstahl AISI 304<\/li>\n<li>Probenbeh\u00e4lter aus Edelstahl mit Griffen<\/li>\n<li>Scharfe, mikrogesch\u00e4rfte Rotationsmesser aus Edelstahl<\/li>\n<li>Transparenter Deckel<\/li>\n<li>Stufenlos einstellbare Messerdrehzahl von 1.100 bis 2.600 U\/min<\/li>\n<li>Hervorragende W\u00e4rmeisolierung zwischen Motor und Probe<\/li>\n<li>Homogenisierungskammer mit integriertem Wasserk\u00fchlsystem (optional)<\/li>\n<li>Sicherheitseinrichtungen: NVR-System, Mikroschalter am Deckelverschluss, Schalter bei 24 V<\/li>\n<li>Kapazit\u00e4t des Probenbeh\u00e4lters: 3,3 Liter<\/li>\n<li>Abmessungen: 38 x 32 x 27 cm (B x T x H)<\/li>\n<li>Gewicht: 10 kg<\/li>\n<li>Leistungsaufnahme: max. 350 W<\/li>\n<\/ul>\n","protected":false},"excerpt":{"rendered":"<p>Proben Homogenisator zur Aufbereitung und Zerkleinerung von Lebens-\/Futtermittelproben.<\/p>\n","protected":false},"featured_media":30917,"template":"","meta":{"_crdt_document":""},"product_brand":[],"product_cat":[134,135],"product_tag":[],"class_list":{"0":"post-30914","1":"product","2":"type-product","3":"status-publish","4":"has-post-thumbnail","6":"product_cat-probe","7":"product_cat-vorbereitung","9":"first","10":"instock","11":"taxable","12":"shipping-taxable","13":"product-type-simple"},"yoast_head":"<!-- This site is optimized with the Yoast SEO plugin v27.4 - https:\/\/yoast.com\/product\/yoast-seo-wordpress\/ -->\n<title>K\u00fchlbarer Labor Proben Homogenisator DEIMOS - Sysmatec<\/title>\n<meta name=\"description\" content=\"Homogenisator f\u00fcr Laborproben zur Aufbereitung und zum Zerkleinern von Lebens- und Futtermittelproben. K\u00fchlbar mit externem Wasserbad.\" \/>\n<meta name=\"robots\" content=\"index, follow, max-snippet:-1, max-image-preview:large, max-video-preview:-1\" \/>\n<link rel=\"canonical\" href=\"https:\/\/sysmatec.ch\/de\/Produkt\/kuehlbarer-labor-proben-homogenisator-deimos\/\" \/>\n<meta property=\"og:locale\" content=\"de_DE\" \/>\n<meta property=\"og:type\" content=\"article\" \/>\n<meta property=\"og:title\" content=\"K\u00fchlbarer Labor Proben Homogenisator DEIMOS - Sysmatec\" \/>\n<meta property=\"og:description\" content=\"Homogenisator f\u00fcr Laborproben zur Aufbereitung und zum Zerkleinern von Lebens- und Futtermittelproben. K\u00fchlbar mit externem Wasserbad.\" \/>\n<meta property=\"og:url\" content=\"https:\/\/sysmatec.ch\/de\/Produkt\/kuehlbarer-labor-proben-homogenisator-deimos\/\" \/>\n<meta property=\"og:site_name\" content=\"Sysmatec\" \/>\n<meta property=\"article:modified_time\" content=\"2025-12-02T09:51:24+00:00\" \/>\n<meta property=\"og:image\" content=\"https:\/\/sysmatec.ch\/wp-content\/uploads\/2025\/12\/Homogeneisateur_DeimosAstori1.jpg\" \/>\n\t<meta property=\"og:image:width\" content=\"800\" \/>\n\t<meta property=\"og:image:height\" content=\"509\" \/>\n\t<meta property=\"og:image:type\" content=\"image\/jpeg\" \/>\n<meta name=\"twitter:card\" content=\"summary_large_image\" \/>\n<meta name=\"twitter:label1\" content=\"Gesch\u00e4tzte Lesezeit\" \/>\n\t<meta name=\"twitter:data1\" content=\"2\u00a0Minuten\" \/>\n<script type=\"application\/ld+json\" class=\"yoast-schema-graph\">{\"@context\":\"https:\\\/\\\/schema.org\",\"@graph\":[{\"@type\":\"WebPage\",\"@id\":\"https:\\\/\\\/sysmatec.ch\\\/de\\\/Produkt\\\/kuehlbarer-labor-proben-homogenisator-deimos\\\/\",\"url\":\"https:\\\/\\\/sysmatec.ch\\\/de\\\/Produkt\\\/kuehlbarer-labor-proben-homogenisator-deimos\\\/\",\"name\":\"K\u00fchlbarer Labor Proben Homogenisator DEIMOS - Sysmatec\",\"isPartOf\":{\"@id\":\"https:\\\/\\\/sysmatec.ch\\\/de\\\/#website\"},\"primaryImageOfPage\":{\"@id\":\"https:\\\/\\\/sysmatec.ch\\\/de\\\/Produkt\\\/kuehlbarer-labor-proben-homogenisator-deimos\\\/#primaryimage\"},\"image\":{\"@id\":\"https:\\\/\\\/sysmatec.ch\\\/de\\\/Produkt\\\/kuehlbarer-labor-proben-homogenisator-deimos\\\/#primaryimage\"},\"thumbnailUrl\":\"https:\\\/\\\/sysmatec.ch\\\/wp-content\\\/uploads\\\/2025\\\/12\\\/Homogeneisateur_DeimosAstori1.jpg\",\"datePublished\":\"2025-12-02T08:48:18+00:00\",\"dateModified\":\"2025-12-02T09:51:24+00:00\",\"description\":\"Homogenisator f\u00fcr Laborproben zur Aufbereitung und zum Zerkleinern von Lebens- und Futtermittelproben. K\u00fchlbar mit externem Wasserbad.\",\"breadcrumb\":{\"@id\":\"https:\\\/\\\/sysmatec.ch\\\/de\\\/Produkt\\\/kuehlbarer-labor-proben-homogenisator-deimos\\\/#breadcrumb\"},\"inLanguage\":\"de\",\"potentialAction\":[{\"@type\":\"ReadAction\",\"target\":[\"https:\\\/\\\/sysmatec.ch\\\/de\\\/Produkt\\\/kuehlbarer-labor-proben-homogenisator-deimos\\\/\"]}]},{\"@type\":\"ImageObject\",\"inLanguage\":\"de\",\"@id\":\"https:\\\/\\\/sysmatec.ch\\\/de\\\/Produkt\\\/kuehlbarer-labor-proben-homogenisator-deimos\\\/#primaryimage\",\"url\":\"https:\\\/\\\/sysmatec.ch\\\/wp-content\\\/uploads\\\/2025\\\/12\\\/Homogeneisateur_DeimosAstori1.jpg\",\"contentUrl\":\"https:\\\/\\\/sysmatec.ch\\\/wp-content\\\/uploads\\\/2025\\\/12\\\/Homogeneisateur_DeimosAstori1.jpg\",\"width\":800,\"height\":509},{\"@type\":\"BreadcrumbList\",\"@id\":\"https:\\\/\\\/sysmatec.ch\\\/de\\\/Produkt\\\/kuehlbarer-labor-proben-homogenisator-deimos\\\/#breadcrumb\",\"itemListElement\":[{\"@type\":\"ListItem\",\"position\":1,\"name\":\"Accueil\",\"item\":\"https:\\\/\\\/sysmatec.ch\\\/de\\\/\"},{\"@type\":\"ListItem\",\"position\":2,\"name\":\"Die Aktivit\u00e4t von Sysmatec\",\"item\":\"https:\\\/\\\/sysmatec.ch\\\/de\\\/\"},{\"@type\":\"ListItem\",\"position\":3,\"name\":\"K\u00fchlbarer Labor Proben Homogenisator DEIMOS\"}]},{\"@type\":\"WebSite\",\"@id\":\"https:\\\/\\\/sysmatec.ch\\\/de\\\/#website\",\"url\":\"https:\\\/\\\/sysmatec.ch\\\/de\\\/\",\"name\":\"Sysmatec\",\"description\":\"Equipement de laboratoire et logiciels\",\"publisher\":{\"@id\":\"https:\\\/\\\/sysmatec.ch\\\/de\\\/#organization\"},\"potentialAction\":[{\"@type\":\"SearchAction\",\"target\":{\"@type\":\"EntryPoint\",\"urlTemplate\":\"https:\\\/\\\/sysmatec.ch\\\/de\\\/?s={search_term_string}\"},\"query-input\":{\"@type\":\"PropertyValueSpecification\",\"valueRequired\":true,\"valueName\":\"search_term_string\"}}],\"inLanguage\":\"de\"},{\"@type\":\"Organization\",\"@id\":\"https:\\\/\\\/sysmatec.ch\\\/de\\\/#organization\",\"name\":\"Sysmatec\",\"url\":\"https:\\\/\\\/sysmatec.ch\\\/de\\\/\",\"logo\":{\"@type\":\"ImageObject\",\"inLanguage\":\"de\",\"@id\":\"https:\\\/\\\/sysmatec.ch\\\/de\\\/#\\\/schema\\\/logo\\\/image\\\/\",\"url\":\"https:\\\/\\\/sysmatec.ch\\\/wp-content\\\/uploads\\\/2018\\\/11\\\/LogoSysmatec.jpg\",\"contentUrl\":\"https:\\\/\\\/sysmatec.ch\\\/wp-content\\\/uploads\\\/2018\\\/11\\\/LogoSysmatec.jpg\",\"width\":301,\"height\":297,\"caption\":\"Sysmatec\"},\"image\":{\"@id\":\"https:\\\/\\\/sysmatec.ch\\\/de\\\/#\\\/schema\\\/logo\\\/image\\\/\"}}]}<\/script>\n<!-- \/ Yoast SEO plugin. -->","yoast_head_json":{"title":"K\u00fchlbarer Labor Proben Homogenisator DEIMOS - Sysmatec","description":"Homogenisator f\u00fcr Laborproben zur Aufbereitung und zum Zerkleinern von Lebens- und Futtermittelproben. K\u00fchlbar mit externem Wasserbad.","robots":{"index":"index","follow":"follow","max-snippet":"max-snippet:-1","max-image-preview":"max-image-preview:large","max-video-preview":"max-video-preview:-1"},"canonical":"https:\/\/sysmatec.ch\/de\/Produkt\/kuehlbarer-labor-proben-homogenisator-deimos\/","og_locale":"de_DE","og_type":"article","og_title":"K\u00fchlbarer Labor Proben Homogenisator DEIMOS - Sysmatec","og_description":"Homogenisator f\u00fcr Laborproben zur Aufbereitung und zum Zerkleinern von Lebens- und Futtermittelproben. K\u00fchlbar mit externem Wasserbad.","og_url":"https:\/\/sysmatec.ch\/de\/Produkt\/kuehlbarer-labor-proben-homogenisator-deimos\/","og_site_name":"Sysmatec","article_modified_time":"2025-12-02T09:51:24+00:00","og_image":[{"width":800,"height":509,"url":"https:\/\/sysmatec.ch\/wp-content\/uploads\/2025\/12\/Homogeneisateur_DeimosAstori1.jpg","type":"image\/jpeg"}],"twitter_card":"summary_large_image","twitter_misc":{"Gesch\u00e4tzte Lesezeit":"2\u00a0Minuten"},"schema":{"@context":"https:\/\/schema.org","@graph":[{"@type":"WebPage","@id":"https:\/\/sysmatec.ch\/de\/Produkt\/kuehlbarer-labor-proben-homogenisator-deimos\/","url":"https:\/\/sysmatec.ch\/de\/Produkt\/kuehlbarer-labor-proben-homogenisator-deimos\/","name":"K\u00fchlbarer Labor Proben Homogenisator DEIMOS - Sysmatec","isPartOf":{"@id":"https:\/\/sysmatec.ch\/de\/#website"},"primaryImageOfPage":{"@id":"https:\/\/sysmatec.ch\/de\/Produkt\/kuehlbarer-labor-proben-homogenisator-deimos\/#primaryimage"},"image":{"@id":"https:\/\/sysmatec.ch\/de\/Produkt\/kuehlbarer-labor-proben-homogenisator-deimos\/#primaryimage"},"thumbnailUrl":"https:\/\/sysmatec.ch\/wp-content\/uploads\/2025\/12\/Homogeneisateur_DeimosAstori1.jpg","datePublished":"2025-12-02T08:48:18+00:00","dateModified":"2025-12-02T09:51:24+00:00","description":"Homogenisator f\u00fcr Laborproben zur Aufbereitung und zum Zerkleinern von Lebens- und Futtermittelproben. K\u00fchlbar mit externem Wasserbad.","breadcrumb":{"@id":"https:\/\/sysmatec.ch\/de\/Produkt\/kuehlbarer-labor-proben-homogenisator-deimos\/#breadcrumb"},"inLanguage":"de","potentialAction":[{"@type":"ReadAction","target":["https:\/\/sysmatec.ch\/de\/Produkt\/kuehlbarer-labor-proben-homogenisator-deimos\/"]}]},{"@type":"ImageObject","inLanguage":"de","@id":"https:\/\/sysmatec.ch\/de\/Produkt\/kuehlbarer-labor-proben-homogenisator-deimos\/#primaryimage","url":"https:\/\/sysmatec.ch\/wp-content\/uploads\/2025\/12\/Homogeneisateur_DeimosAstori1.jpg","contentUrl":"https:\/\/sysmatec.ch\/wp-content\/uploads\/2025\/12\/Homogeneisateur_DeimosAstori1.jpg","width":800,"height":509},{"@type":"BreadcrumbList","@id":"https:\/\/sysmatec.ch\/de\/Produkt\/kuehlbarer-labor-proben-homogenisator-deimos\/#breadcrumb","itemListElement":[{"@type":"ListItem","position":1,"name":"Accueil","item":"https:\/\/sysmatec.ch\/de\/"},{"@type":"ListItem","position":2,"name":"Die Aktivit\u00e4t von Sysmatec","item":"https:\/\/sysmatec.ch\/de\/"},{"@type":"ListItem","position":3,"name":"K\u00fchlbarer Labor Proben Homogenisator DEIMOS"}]},{"@type":"WebSite","@id":"https:\/\/sysmatec.ch\/de\/#website","url":"https:\/\/sysmatec.ch\/de\/","name":"Sysmatec","description":"Equipement de laboratoire et logiciels","publisher":{"@id":"https:\/\/sysmatec.ch\/de\/#organization"},"potentialAction":[{"@type":"SearchAction","target":{"@type":"EntryPoint","urlTemplate":"https:\/\/sysmatec.ch\/de\/?s={search_term_string}"},"query-input":{"@type":"PropertyValueSpecification","valueRequired":true,"valueName":"search_term_string"}}],"inLanguage":"de"},{"@type":"Organization","@id":"https:\/\/sysmatec.ch\/de\/#organization","name":"Sysmatec","url":"https:\/\/sysmatec.ch\/de\/","logo":{"@type":"ImageObject","inLanguage":"de","@id":"https:\/\/sysmatec.ch\/de\/#\/schema\/logo\/image\/","url":"https:\/\/sysmatec.ch\/wp-content\/uploads\/2018\/11\/LogoSysmatec.jpg","contentUrl":"https:\/\/sysmatec.ch\/wp-content\/uploads\/2018\/11\/LogoSysmatec.jpg","width":301,"height":297,"caption":"Sysmatec"},"image":{"@id":"https:\/\/sysmatec.ch\/de\/#\/schema\/logo\/image\/"}}]}},"_links":{"self":[{"href":"https:\/\/sysmatec.ch\/de\/wp-json\/wp\/v2\/product\/30914","targetHints":{"allow":["GET"]}}],"collection":[{"href":"https:\/\/sysmatec.ch\/de\/wp-json\/wp\/v2\/product"}],"about":[{"href":"https:\/\/sysmatec.ch\/de\/wp-json\/wp\/v2\/types\/product"}],"wp:featuredmedia":[{"embeddable":true,"href":"https:\/\/sysmatec.ch\/de\/wp-json\/wp\/v2\/media\/30917"}],"wp:attachment":[{"href":"https:\/\/sysmatec.ch\/de\/wp-json\/wp\/v2\/media?parent=30914"}],"wp:term":[{"taxonomy":"product_brand","embeddable":true,"href":"https:\/\/sysmatec.ch\/de\/wp-json\/wp\/v2\/product_brand?post=30914"},{"taxonomy":"product_cat","embeddable":true,"href":"https:\/\/sysmatec.ch\/de\/wp-json\/wp\/v2\/product_cat?post=30914"},{"taxonomy":"product_tag","embeddable":true,"href":"https:\/\/sysmatec.ch\/de\/wp-json\/wp\/v2\/product_tag?post=30914"}],"curies":[{"name":"wp","href":"https:\/\/api.w.org\/{rel}","templated":true}]}}