{"id":30904,"date":"2025-12-01T17:03:21","date_gmt":"2025-12-01T16:03:21","guid":{"rendered":"https:\/\/sysmatec.ch\/?post_type=product&#038;p=30904"},"modified":"2025-12-01T18:30:56","modified_gmt":"2025-12-01T17:30:56","slug":"analyseur-do2-et-ph-pour-microplaques-phoxycube","status":"publish","type":"product","link":"https:\/\/sysmatec.ch\/de\/Produkt\/analyseur-do2-et-ph-pour-microplaques-phoxycube\/","title":{"rendered":"O2- und pH-Analysator f\u00fcr Mikrotiterplatten Phoxycube"},"content":{"rendered":"<p>Dieses System zur Messung von Sauerstoff (DO) und pH-Wert in Mikrotiterplatten kann im Inkubator eingesetzt werden und eignet sich ideal f\u00fcr Hochdurchsatz-Screenings, Zellkultivierungen oder eine Vielzahl paralleler Atmungsmessungen. Die speziellen Mikrotiterplatten, die PhoxyPlates, verf\u00fcgen \u00fcber in jedes Well integrierte optische Sensoren, deren Messwerte nicht-invasiv durch den transparenten Plattenboden mit der Ausleseeinheit erfasst werden. Dank der innovativen bildbasierten Auslesetechnologie ist PhoxyCube mit verschiedenen Plattengeometrien kompatibel. Aktuell sind Mikrotiterplatten im 24-Well-Format mit Sauerstoff- und pH-Sensoren sowie 96-Well-Platten mit wahlweise Sauerstoff- oder pH-Sensoren erh\u00e4ltlich. Das PhoxyCube-System wird \u00fcber eine intuitive Software gesteuert, die zahlreiche Funktionen wie Farbcodierung und Gruppierung von Wells bietet und die Messdaten in Echtzeit grafisch darstellt.<\/p>\n<h2>Vorteile<\/h2>\n<ul>\n<li class=\"3AufzhlungkleinCxSpFirst\">Nichtinvasive Messung von O\u2082 und pH-Wert durch den Boden der Vertiefungen<\/li>\n<li class=\"3AufzhlungkleinCxSpFirst\">Innovative bildbasierte Auslesung, kompatibel mit variablen Plattengeometrien<\/li>\n<li class=\"3AufzhlungkleinCxSpFirst\">F\u00fcr den Einsatz im Inkubator<\/li>\n<li class=\"3AufzhlungkleinCxSpFirst\">Ideal f\u00fcr die Zellkultivierung<\/li>\n<li class=\"3AufzhlungkleinCxSpFirst\">Mehrere parallele Atmungsmessungen m\u00f6glich<\/li>\n<li class=\"3AufzhlungkleinCxSpFirst\">Gebrauchsfertige Einwegartikel<\/li>\n<li class=\"3AufzhlungkleinCxSpFirst\">Visualisierung der Kinetik in Echtzeit<\/li>\n<\/ul>\n<h2>Beispiele<\/h2>\n<ul>\n<li>Gleichzeitige O\u2082- und pH-Wert-\u00dcberwachung in Zellkulturen<\/li>\n<li>Dosis-Wirkungs-Studie in der pharmakologischen Forschung<\/li>\n<li>Atemmessungen mit PhoxyCube<\/li>\n<\/ul>\n<h2>Specifikationen<\/h2>\n<table class=\"contenttable\">\n<thead>\n<tr>\n<th scope=\"col\"><span style=\"font-weight: 400;\">Specificationen<\/span><\/th>\n<th scope=\"col\"><span style=\"font-weight: 400;\">Sauerstoff<\/span><\/th>\n<th colspan=\"2\" rowspan=\"1\" scope=\"col\"><span style=\"font-weight: 400;\">pH<\/span><\/th>\n<\/tr>\n<\/thead>\n<tbody>\n<tr>\n<td>Sensor Typ<\/td>\n<td>RPSu4<\/td>\n<td colspan=\"2\" rowspan=\"1\">HP5R-OIW<\/td>\n<\/tr>\n<tr>\n<td>Messebereich*<\/td>\n<td>0 &#8211; 100 % a. s.<br \/>\n0 \u2013 20.9 % O<sub>2<\/sub><\/td>\n<td colspan=\"2\" rowspan=\"1\">5.5 &#8211; 8.0 pH<\/td>\n<\/tr>\n<tr>\n<td>Genauigkeit*<sup>,<\/sup>**<\/td>\n<td>\u00b1 0.2 % a.s. at 0 % a.s.<br \/>\n\u00b1 1.6 % a.s. at 100 % a.s.<\/td>\n<td colspan=\"2\" rowspan=\"1\">\u00b1 0.01 pH at pH = 7<\/td>\n<\/tr>\n<tr>\n<td>Drift*<\/td>\n<td>&lt; 1 % a.s. innerhalb einer Woche (Probenahmeintervall 10 min)<\/td>\n<td colspan=\"2\" rowspan=\"1\">&lt; 0,25 pH-Einheiten innerhalb einer Woche (Probenahmeintervall 10 min) im Dual-Analyten-Modus<\/p>\n<p>&lt; 0,1 pH-Einheiten innerhalb einer Woche (Probenahmeintervall 10 min) im Single-Analyten-Modus<\/td>\n<\/tr>\n<tr>\n<td>Ansprechzeit (t90) bei 37 \u00b0C<\/td>\n<td>&lt; 60 sec.<\/td>\n<td colspan=\"2\" rowspan=\"1\">&lt; 60 sec.<\/td>\n<\/tr>\n<tr class=\"row-highlight\">\n<td>Ger\u00e4t<\/td>\n<td>PhoxyCube Readout Unit<\/td>\n<td>PhoxyCube Connection Box<\/td>\n<td>Stromspeisung<\/td>\n<\/tr>\n<tr>\n<td>Typ<\/td>\n<td>PhoxyCube v1 oder h\u00f6her<\/td>\n<td>PhoxyCube connection box v2 oderr h\u00f6her<\/td>\n<td>TR18RDM180<\/td>\n<\/tr>\n<tr>\n<td>Eingang<\/td>\n<td>18 V DC, 1 A \/ 18 W<\/td>\n<td>18 V DC, 1 A \/ 18 W<\/td>\n<td>100 \/ 240 V AC, 50 \u2013 60 Hz, max. 1 A<\/td>\n<\/tr>\n<tr>\n<td>Arbeitsbedingungen<\/td>\n<td>+ 10 \u00b0C bis + 45 \u00b0C<br \/>\n850 hPa bis 1100 hPa<br \/>\n&lt; 80 % rel. Feuchte (non-condensing)<\/td>\n<td><\/td>\n<td><\/td>\n<\/tr>\n<tr>\n<td>Lagerbedingungen<\/td>\n<td>+ 5 \u00b0C bis + 25 \u00b0C<\/td>\n<td><\/td>\n<td><\/td>\n<\/tr>\n<tr>\n<td>Gewicht<\/td>\n<td>ca. 1940 g<\/td>\n<td><\/td>\n<td><\/td>\n<\/tr>\n<tr>\n<td>Dimension<\/td>\n<td>120mm x 190.4 mm x 105.7 mm (Readout Unit)<\/td>\n<td><\/td>\n<td><\/td>\n<\/tr>\n<tr>\n<td colspan=\"4\">*in physiologischen L\u00f6sungen bei 37 \u00b0C<br \/>\n**typische Pr\u00e4zision (Mittelwert aller Messpositionen), Pr\u00e4zision gem\u00e4\u00df ISO 5725-1<\/td>\n<\/tr>\n<\/tbody>\n<\/table>\n","protected":false},"excerpt":{"rendered":"<p>Gleichzeitige Messung von pH-Wert und Sauerstoffgehalt in Mikrotiterplatten<\/p>\n","protected":false},"featured_media":30908,"template":"","meta":{"_crdt_document":""},"product_brand":[],"product_cat":[180,241,246],"product_tag":[],"class_list":{"0":"post-30904","1":"product","2":"type-product","3":"status-publish","4":"has-post-thumbnail","6":"product_cat-messung","7":"product_cat-ph-de","8":"product_cat-sauerstoff","10":"first","11":"instock","12":"taxable","13":"shipping-taxable","14":"product-type-simple"},"yoast_head":"<!-- This site is optimized with the Yoast SEO plugin v27.4 - https:\/\/yoast.com\/product\/yoast-seo-wordpress\/ -->\n<title>O2- und pH-Analysator f\u00fcr Mikrotiterplatten Phoxycube - Sysmatec<\/title>\n<meta name=\"description\" content=\"pH-Wert und O\u2082-Gehalt werden parallel mittels nicht-invasiver Sensoren in Mikrotiterplatten gemessen. Die optische Methode ist durch die transparente Wand hindurch m\u00f6glich.\" \/>\n<meta name=\"robots\" content=\"index, follow, max-snippet:-1, max-image-preview:large, max-video-preview:-1\" \/>\n<link rel=\"canonical\" href=\"https:\/\/sysmatec.ch\/de\/Produkt\/analyseur-do2-et-ph-pour-microplaques-phoxycube\/\" \/>\n<meta property=\"og:locale\" content=\"de_DE\" \/>\n<meta property=\"og:type\" content=\"article\" \/>\n<meta property=\"og:title\" content=\"O2- und pH-Analysator f\u00fcr Mikrotiterplatten Phoxycube - Sysmatec\" \/>\n<meta property=\"og:description\" content=\"pH-Wert und O\u2082-Gehalt werden parallel mittels nicht-invasiver Sensoren in Mikrotiterplatten gemessen. Die optische Methode ist durch die transparente Wand hindurch m\u00f6glich.\" \/>\n<meta property=\"og:url\" content=\"https:\/\/sysmatec.ch\/de\/Produkt\/analyseur-do2-et-ph-pour-microplaques-phoxycube\/\" \/>\n<meta property=\"og:site_name\" content=\"Sysmatec\" \/>\n<meta property=\"article:modified_time\" content=\"2025-12-01T17:30:56+00:00\" \/>\n<meta property=\"og:image\" content=\"https:\/\/sysmatec.ch\/wp-content\/uploads\/2025\/12\/OxygenAndpH_PhoxyCubePresens.jpg\" \/>\n\t<meta property=\"og:image:width\" content=\"611\" \/>\n\t<meta property=\"og:image:height\" content=\"587\" \/>\n\t<meta property=\"og:image:type\" content=\"image\/jpeg\" \/>\n<meta name=\"twitter:card\" content=\"summary_large_image\" \/>\n<meta name=\"twitter:label1\" content=\"Gesch\u00e4tzte Lesezeit\" \/>\n\t<meta name=\"twitter:data1\" content=\"2\u00a0Minuten\" \/>\n<script type=\"application\/ld+json\" class=\"yoast-schema-graph\">{\"@context\":\"https:\\\/\\\/schema.org\",\"@graph\":[{\"@type\":\"WebPage\",\"@id\":\"https:\\\/\\\/sysmatec.ch\\\/de\\\/Produkt\\\/analyseur-do2-et-ph-pour-microplaques-phoxycube\\\/\",\"url\":\"https:\\\/\\\/sysmatec.ch\\\/de\\\/Produkt\\\/analyseur-do2-et-ph-pour-microplaques-phoxycube\\\/\",\"name\":\"O2- und pH-Analysator f\u00fcr Mikrotiterplatten Phoxycube - Sysmatec\",\"isPartOf\":{\"@id\":\"https:\\\/\\\/sysmatec.ch\\\/de\\\/#website\"},\"primaryImageOfPage\":{\"@id\":\"https:\\\/\\\/sysmatec.ch\\\/de\\\/Produkt\\\/analyseur-do2-et-ph-pour-microplaques-phoxycube\\\/#primaryimage\"},\"image\":{\"@id\":\"https:\\\/\\\/sysmatec.ch\\\/de\\\/Produkt\\\/analyseur-do2-et-ph-pour-microplaques-phoxycube\\\/#primaryimage\"},\"thumbnailUrl\":\"https:\\\/\\\/sysmatec.ch\\\/wp-content\\\/uploads\\\/2025\\\/12\\\/OxygenAndpH_PhoxyCubePresens.jpg\",\"datePublished\":\"2025-12-01T16:03:21+00:00\",\"dateModified\":\"2025-12-01T17:30:56+00:00\",\"description\":\"pH-Wert und O\u2082-Gehalt werden parallel mittels nicht-invasiver Sensoren in Mikrotiterplatten gemessen. Die optische Methode ist durch die transparente Wand hindurch m\u00f6glich.\",\"breadcrumb\":{\"@id\":\"https:\\\/\\\/sysmatec.ch\\\/de\\\/Produkt\\\/analyseur-do2-et-ph-pour-microplaques-phoxycube\\\/#breadcrumb\"},\"inLanguage\":\"de\",\"potentialAction\":[{\"@type\":\"ReadAction\",\"target\":[\"https:\\\/\\\/sysmatec.ch\\\/de\\\/Produkt\\\/analyseur-do2-et-ph-pour-microplaques-phoxycube\\\/\"]}]},{\"@type\":\"ImageObject\",\"inLanguage\":\"de\",\"@id\":\"https:\\\/\\\/sysmatec.ch\\\/de\\\/Produkt\\\/analyseur-do2-et-ph-pour-microplaques-phoxycube\\\/#primaryimage\",\"url\":\"https:\\\/\\\/sysmatec.ch\\\/wp-content\\\/uploads\\\/2025\\\/12\\\/OxygenAndpH_PhoxyCubePresens.jpg\",\"contentUrl\":\"https:\\\/\\\/sysmatec.ch\\\/wp-content\\\/uploads\\\/2025\\\/12\\\/OxygenAndpH_PhoxyCubePresens.jpg\",\"width\":611,\"height\":587},{\"@type\":\"BreadcrumbList\",\"@id\":\"https:\\\/\\\/sysmatec.ch\\\/de\\\/Produkt\\\/analyseur-do2-et-ph-pour-microplaques-phoxycube\\\/#breadcrumb\",\"itemListElement\":[{\"@type\":\"ListItem\",\"position\":1,\"name\":\"Accueil\",\"item\":\"https:\\\/\\\/sysmatec.ch\\\/de\\\/\"},{\"@type\":\"ListItem\",\"position\":2,\"name\":\"Die Aktivit\u00e4t von Sysmatec\",\"item\":\"https:\\\/\\\/sysmatec.ch\\\/de\\\/\"},{\"@type\":\"ListItem\",\"position\":3,\"name\":\"O2- und pH-Analysator f\u00fcr Mikrotiterplatten Phoxycube\"}]},{\"@type\":\"WebSite\",\"@id\":\"https:\\\/\\\/sysmatec.ch\\\/de\\\/#website\",\"url\":\"https:\\\/\\\/sysmatec.ch\\\/de\\\/\",\"name\":\"Sysmatec\",\"description\":\"Equipement de laboratoire et logiciels\",\"publisher\":{\"@id\":\"https:\\\/\\\/sysmatec.ch\\\/de\\\/#organization\"},\"potentialAction\":[{\"@type\":\"SearchAction\",\"target\":{\"@type\":\"EntryPoint\",\"urlTemplate\":\"https:\\\/\\\/sysmatec.ch\\\/de\\\/?s={search_term_string}\"},\"query-input\":{\"@type\":\"PropertyValueSpecification\",\"valueRequired\":true,\"valueName\":\"search_term_string\"}}],\"inLanguage\":\"de\"},{\"@type\":\"Organization\",\"@id\":\"https:\\\/\\\/sysmatec.ch\\\/de\\\/#organization\",\"name\":\"Sysmatec\",\"url\":\"https:\\\/\\\/sysmatec.ch\\\/de\\\/\",\"logo\":{\"@type\":\"ImageObject\",\"inLanguage\":\"de\",\"@id\":\"https:\\\/\\\/sysmatec.ch\\\/de\\\/#\\\/schema\\\/logo\\\/image\\\/\",\"url\":\"https:\\\/\\\/sysmatec.ch\\\/wp-content\\\/uploads\\\/2018\\\/11\\\/LogoSysmatec.jpg\",\"contentUrl\":\"https:\\\/\\\/sysmatec.ch\\\/wp-content\\\/uploads\\\/2018\\\/11\\\/LogoSysmatec.jpg\",\"width\":301,\"height\":297,\"caption\":\"Sysmatec\"},\"image\":{\"@id\":\"https:\\\/\\\/sysmatec.ch\\\/de\\\/#\\\/schema\\\/logo\\\/image\\\/\"}}]}<\/script>\n<!-- \/ Yoast SEO plugin. -->","yoast_head_json":{"title":"O2- und pH-Analysator f\u00fcr Mikrotiterplatten Phoxycube - Sysmatec","description":"pH-Wert und O\u2082-Gehalt werden parallel mittels nicht-invasiver Sensoren in Mikrotiterplatten gemessen. Die optische Methode ist durch die transparente Wand hindurch m\u00f6glich.","robots":{"index":"index","follow":"follow","max-snippet":"max-snippet:-1","max-image-preview":"max-image-preview:large","max-video-preview":"max-video-preview:-1"},"canonical":"https:\/\/sysmatec.ch\/de\/Produkt\/analyseur-do2-et-ph-pour-microplaques-phoxycube\/","og_locale":"de_DE","og_type":"article","og_title":"O2- und pH-Analysator f\u00fcr Mikrotiterplatten Phoxycube - Sysmatec","og_description":"pH-Wert und O\u2082-Gehalt werden parallel mittels nicht-invasiver Sensoren in Mikrotiterplatten gemessen. Die optische Methode ist durch die transparente Wand hindurch m\u00f6glich.","og_url":"https:\/\/sysmatec.ch\/de\/Produkt\/analyseur-do2-et-ph-pour-microplaques-phoxycube\/","og_site_name":"Sysmatec","article_modified_time":"2025-12-01T17:30:56+00:00","og_image":[{"width":611,"height":587,"url":"https:\/\/sysmatec.ch\/wp-content\/uploads\/2025\/12\/OxygenAndpH_PhoxyCubePresens.jpg","type":"image\/jpeg"}],"twitter_card":"summary_large_image","twitter_misc":{"Gesch\u00e4tzte Lesezeit":"2\u00a0Minuten"},"schema":{"@context":"https:\/\/schema.org","@graph":[{"@type":"WebPage","@id":"https:\/\/sysmatec.ch\/de\/Produkt\/analyseur-do2-et-ph-pour-microplaques-phoxycube\/","url":"https:\/\/sysmatec.ch\/de\/Produkt\/analyseur-do2-et-ph-pour-microplaques-phoxycube\/","name":"O2- und pH-Analysator f\u00fcr Mikrotiterplatten Phoxycube - Sysmatec","isPartOf":{"@id":"https:\/\/sysmatec.ch\/de\/#website"},"primaryImageOfPage":{"@id":"https:\/\/sysmatec.ch\/de\/Produkt\/analyseur-do2-et-ph-pour-microplaques-phoxycube\/#primaryimage"},"image":{"@id":"https:\/\/sysmatec.ch\/de\/Produkt\/analyseur-do2-et-ph-pour-microplaques-phoxycube\/#primaryimage"},"thumbnailUrl":"https:\/\/sysmatec.ch\/wp-content\/uploads\/2025\/12\/OxygenAndpH_PhoxyCubePresens.jpg","datePublished":"2025-12-01T16:03:21+00:00","dateModified":"2025-12-01T17:30:56+00:00","description":"pH-Wert und O\u2082-Gehalt werden parallel mittels nicht-invasiver Sensoren in Mikrotiterplatten gemessen. Die optische Methode ist durch die transparente Wand hindurch m\u00f6glich.","breadcrumb":{"@id":"https:\/\/sysmatec.ch\/de\/Produkt\/analyseur-do2-et-ph-pour-microplaques-phoxycube\/#breadcrumb"},"inLanguage":"de","potentialAction":[{"@type":"ReadAction","target":["https:\/\/sysmatec.ch\/de\/Produkt\/analyseur-do2-et-ph-pour-microplaques-phoxycube\/"]}]},{"@type":"ImageObject","inLanguage":"de","@id":"https:\/\/sysmatec.ch\/de\/Produkt\/analyseur-do2-et-ph-pour-microplaques-phoxycube\/#primaryimage","url":"https:\/\/sysmatec.ch\/wp-content\/uploads\/2025\/12\/OxygenAndpH_PhoxyCubePresens.jpg","contentUrl":"https:\/\/sysmatec.ch\/wp-content\/uploads\/2025\/12\/OxygenAndpH_PhoxyCubePresens.jpg","width":611,"height":587},{"@type":"BreadcrumbList","@id":"https:\/\/sysmatec.ch\/de\/Produkt\/analyseur-do2-et-ph-pour-microplaques-phoxycube\/#breadcrumb","itemListElement":[{"@type":"ListItem","position":1,"name":"Accueil","item":"https:\/\/sysmatec.ch\/de\/"},{"@type":"ListItem","position":2,"name":"Die Aktivit\u00e4t von Sysmatec","item":"https:\/\/sysmatec.ch\/de\/"},{"@type":"ListItem","position":3,"name":"O2- und pH-Analysator f\u00fcr Mikrotiterplatten Phoxycube"}]},{"@type":"WebSite","@id":"https:\/\/sysmatec.ch\/de\/#website","url":"https:\/\/sysmatec.ch\/de\/","name":"Sysmatec","description":"Equipement de laboratoire et logiciels","publisher":{"@id":"https:\/\/sysmatec.ch\/de\/#organization"},"potentialAction":[{"@type":"SearchAction","target":{"@type":"EntryPoint","urlTemplate":"https:\/\/sysmatec.ch\/de\/?s={search_term_string}"},"query-input":{"@type":"PropertyValueSpecification","valueRequired":true,"valueName":"search_term_string"}}],"inLanguage":"de"},{"@type":"Organization","@id":"https:\/\/sysmatec.ch\/de\/#organization","name":"Sysmatec","url":"https:\/\/sysmatec.ch\/de\/","logo":{"@type":"ImageObject","inLanguage":"de","@id":"https:\/\/sysmatec.ch\/de\/#\/schema\/logo\/image\/","url":"https:\/\/sysmatec.ch\/wp-content\/uploads\/2018\/11\/LogoSysmatec.jpg","contentUrl":"https:\/\/sysmatec.ch\/wp-content\/uploads\/2018\/11\/LogoSysmatec.jpg","width":301,"height":297,"caption":"Sysmatec"},"image":{"@id":"https:\/\/sysmatec.ch\/de\/#\/schema\/logo\/image\/"}}]}},"_links":{"self":[{"href":"https:\/\/sysmatec.ch\/de\/wp-json\/wp\/v2\/product\/30904","targetHints":{"allow":["GET"]}}],"collection":[{"href":"https:\/\/sysmatec.ch\/de\/wp-json\/wp\/v2\/product"}],"about":[{"href":"https:\/\/sysmatec.ch\/de\/wp-json\/wp\/v2\/types\/product"}],"wp:featuredmedia":[{"embeddable":true,"href":"https:\/\/sysmatec.ch\/de\/wp-json\/wp\/v2\/media\/30908"}],"wp:attachment":[{"href":"https:\/\/sysmatec.ch\/de\/wp-json\/wp\/v2\/media?parent=30904"}],"wp:term":[{"taxonomy":"product_brand","embeddable":true,"href":"https:\/\/sysmatec.ch\/de\/wp-json\/wp\/v2\/product_brand?post=30904"},{"taxonomy":"product_cat","embeddable":true,"href":"https:\/\/sysmatec.ch\/de\/wp-json\/wp\/v2\/product_cat?post=30904"},{"taxonomy":"product_tag","embeddable":true,"href":"https:\/\/sysmatec.ch\/de\/wp-json\/wp\/v2\/product_tag?post=30904"}],"curies":[{"name":"wp","href":"https:\/\/api.w.org\/{rel}","templated":true}]}}