{"id":30873,"date":"2025-10-13T18:21:55","date_gmt":"2025-10-13T16:21:55","guid":{"rendered":"https:\/\/sysmatec.ch\/?post_type=product&#038;p=30873"},"modified":"2025-10-13T18:50:27","modified_gmt":"2025-10-13T16:50:27","slug":"pipette-capsolo","status":"publish","type":"product","link":"https:\/\/sysmatec.ch\/de\/Produkt\/pipette-capsolo\/","title":{"rendered":"Pipette CapSolo"},"content":{"rendered":"<p>Dieser Pipettentyp ist eine hochpr\u00e4zise und benutzerfreundliche L\u00f6sung f\u00fcr Routineaufgaben im Labor. Das leichte, ergonomische Design sorgt f\u00fcr minimale Erm\u00fcdung der Hand und eignet sich daher perfekt f\u00fcr den Langzeitgebrauch ohne Kompromisse beim Komfort. Dank ihrer robusten Konstruktion und der einfachen Wartung garantiert die CappSolo-Pipette eine lang anhaltende Leistung.<\/p>\n<h2>Vorteile<\/h2>\n<ul>\n<li>Sehr leichtes Pipettengeh\u00e4use reduziert das Risiko von Verletzungen durch wiederholte Belastung.<\/li>\n<li>Feinabstimmung f\u00fcr hohe Pipettierpr\u00e4zision und langfristige Kalibrierungsstabilit\u00e4t.<\/li>\n<li>Der Verriegelungsmechanismus verhindert versehentliches Verdrehen beim Pipettieren.<\/li>\n<li>Austauschbare Farbeins\u00e4tze zur einfachen Identifizierung der Pipetten nach Benutzer oder Volumen.<\/li>\n<li>Hergestellt f\u00fcr h\u00e4rteste Laborbedingungen, einschlie\u00dflich Chemikalienbelastung, Fallenlassen und Autoklavieren.<\/li>\n<li>Metallkonstruktion.<\/li>\n<li>Gro\u00dfer Volumenbereich: Erm\u00f6glicht pr\u00e4zises Pipettieren von 0,1 \u00b5l bis 10.000 \u00b5l und bietet Vielseitigkeit f\u00fcr verschiedene Laboranwendungen.<\/li>\n<li>Kompatibilit\u00e4t mit universellen Spitzen: Kompatibel mit Pipettenspitzen der g\u00e4ngigsten Marken der Branche f\u00fcr Flexibilit\u00e4t und Komfort f\u00fcr Anwender.<\/li>\n<\/ul>\n<h2>Merkmale<\/h2>\n<table id=\"variant-table\">\n<thead>\n<tr>\n<th><\/th>\n<th>Beschreibung<\/th>\n<th class=\"filterable\">Volum<\/th>\n<th class=\"filterable\">Typ<\/th>\n<th class=\"filterable\">Kan\u00e4le<\/th>\n<th>Code<\/th>\n<\/tr>\n<\/thead>\n<tbody>\n<tr>\n<td><img decoding=\"async\" src=\"https:\/\/ahn-bio.com\/wp-content\/uploads\/2025\/02\/CAPPsolo-single-channel-4.webp\" alt=\"CAPPsolo-single-channel-4\" \/><\/td>\n<td>CAPP Solo 0.1-2.5 \u00b5L<\/td>\n<td>0.1-2.5 \u00b5L<\/td>\n<td>Variable<\/td>\n<td>1<\/td>\n<td>S2-1<\/td>\n<\/tr>\n<tr>\n<td><img decoding=\"async\" src=\"https:\/\/ahn-bio.com\/wp-content\/uploads\/2025\/02\/CAPPsolo-single-channel-1.webp\" alt=\"CAPPsolo-single-channel-1\" \/><\/td>\n<td>CAPP Solo 0.5-10 \u00b5L<\/td>\n<td>0.5-10 \u00b5L<\/td>\n<td>Variable<\/td>\n<td>1<\/td>\n<td>S10-1<\/td>\n<\/tr>\n<tr>\n<td><img decoding=\"async\" src=\"https:\/\/ahn-bio.com\/wp-content\/uploads\/2025\/02\/CAPPsolo-single-channel-1.webp\" alt=\"CAPPsolo-single-channel-1\" \/><\/td>\n<td>CAPP Solo 2-20 \u00b5L<\/td>\n<td>2-20 \u00b5L<\/td>\n<td>Variable<\/td>\n<td>1<\/td>\n<td>S20-1<\/td>\n<\/tr>\n<tr>\n<td><img decoding=\"async\" src=\"https:\/\/ahn-bio.com\/wp-content\/uploads\/2025\/02\/CAPPsolo-single-channel-1.webp\" alt=\"CAPPsolo-single-channel-1\" \/><\/td>\n<td>CAPP Solo 5-50 \u00b5L<\/td>\n<td>5-50 \u00b5L<\/td>\n<td>Variable<\/td>\n<td>1<\/td>\n<td>S50-1<\/td>\n<\/tr>\n<tr>\n<td><img decoding=\"async\" src=\"https:\/\/ahn-bio.com\/wp-content\/uploads\/2025\/02\/CAPPsolo-single-channel-1.webp\" alt=\"CAPPsolo-single-channel-1\" \/><\/td>\n<td>CAPP Solo 10-100 \u00b5L<\/td>\n<td>10-100 \u00b5L<\/td>\n<td>Variable<\/td>\n<td>1<\/td>\n<td>S100-1<\/td>\n<\/tr>\n<tr>\n<td><img decoding=\"async\" src=\"https:\/\/ahn-bio.com\/wp-content\/uploads\/2025\/02\/CAPPsolo-single-channel-1.webp\" alt=\"CAPPsolo-single-channel-1\" \/><\/td>\n<td>CAPP Solo 20-200 \u00b5L<\/td>\n<td>20-200 \u00b5L<\/td>\n<td>Variable<\/td>\n<td>1<\/td>\n<td>S200-1<\/td>\n<\/tr>\n<tr>\n<td><img decoding=\"async\" src=\"https:\/\/ahn-bio.com\/wp-content\/uploads\/2025\/02\/Capp-Solo.81.webp\" alt=\"Capp-Solo.81\" \/><\/td>\n<td>CAPP Solo 100-1000 \u00b5L<\/td>\n<td>100-1000 \u00b5L<\/td>\n<td>Variable<\/td>\n<td>1<\/td>\n<td>S1000-1<\/td>\n<\/tr>\n<tr>\n<td><img decoding=\"async\" src=\"https:\/\/ahn-bio.com\/wp-content\/uploads\/2025\/02\/Capp-Solo.81.webp\" alt=\"Capp-Solo.81\" \/><\/td>\n<td>CAPP Solo 0,5-5 mL<\/td>\n<td>0.5-5 mL<\/td>\n<td>Variable<\/td>\n<td>1<\/td>\n<td>S5000-1<\/td>\n<\/tr>\n<tr>\n<td><img decoding=\"async\" src=\"https:\/\/ahn-bio.com\/wp-content\/uploads\/2025\/02\/Capp-Solo.81.webp\" alt=\"Capp-Solo.81\" \/><\/td>\n<td>CAPP Solo 0.5-5mL<\/td>\n<td>0.5-5 mL<\/td>\n<td>Variable<\/td>\n<td>1<\/td>\n<td>S5000-1-N<\/td>\n<\/tr>\n<tr>\n<td><img decoding=\"async\" src=\"https:\/\/ahn-bio.com\/wp-content\/uploads\/2025\/02\/Capp-Solo.81.webp\" alt=\"Capp-Solo.81\" \/><\/td>\n<td>CAPP Solo 1-10 mL<\/td>\n<td>1-10 mL<\/td>\n<td>Variable<\/td>\n<td>1<\/td>\n<td>S10000-1<\/td>\n<\/tr>\n<tr>\n<td><img decoding=\"async\" src=\"https:\/\/ahn-bio.com\/wp-content\/uploads\/2025\/02\/Capp-Solo.81.webp\" alt=\"Capp-Solo.81\" \/><\/td>\n<td>CAPP Solo 1-10mL<\/td>\n<td>1-10 mL<\/td>\n<td>Variable<\/td>\n<td>1<\/td>\n<td>S10000-1-N<\/td>\n<\/tr>\n<tr>\n<td><img decoding=\"async\" src=\"https:\/\/ahn-bio.com\/wp-content\/uploads\/2025\/02\/Capp-Solo.81.webp\" alt=\"Capp-Solo.81\" \/><\/td>\n<td>CAPP Solo 5 \u00b5L<\/td>\n<td>5 \u00b5L<\/td>\n<td>Fix<\/td>\n<td>1<\/td>\n<td>S5-1F<\/td>\n<\/tr>\n<tr>\n<td><img decoding=\"async\" src=\"https:\/\/ahn-bio.com\/wp-content\/uploads\/2025\/02\/Capp-Solo.81.webp\" alt=\"Capp-Solo.81\" \/><\/td>\n<td>CAPP Solo 10 \u00b5L<\/td>\n<td>10 \u00b5L<\/td>\n<td>Fix<\/td>\n<td>1<\/td>\n<td>S10-1F<\/td>\n<\/tr>\n<tr>\n<td><img decoding=\"async\" src=\"https:\/\/ahn-bio.com\/wp-content\/uploads\/2025\/02\/Capp-Solo.81.webp\" alt=\"Capp-Solo.81\" \/><\/td>\n<td>CAPP Solo 20 \u00b5L<\/td>\n<td>20 \u00b5L<\/td>\n<td>Fix<\/td>\n<td>1<\/td>\n<td>S20-1F<\/td>\n<\/tr>\n<tr>\n<td><img decoding=\"async\" src=\"https:\/\/ahn-bio.com\/wp-content\/uploads\/2025\/02\/Capp-Solo.81.webp\" alt=\"Capp-Solo.81\" \/><\/td>\n<td>CAPP Solo 25 \u00b5L<\/td>\n<td>25 \u00b5L<\/td>\n<td>Fix<\/td>\n<td>1<\/td>\n<td>S25-1F<\/td>\n<\/tr>\n<tr>\n<td><img decoding=\"async\" src=\"https:\/\/ahn-bio.com\/wp-content\/uploads\/2025\/02\/Capp-Solo.81.webp\" alt=\"Capp-Solo.81\" \/><\/td>\n<td>CAPP Solo 50 \u00b5L<\/td>\n<td>50 \u00b5L<\/td>\n<td>Fix<\/td>\n<td>1<\/td>\n<td>S50-1F<\/td>\n<\/tr>\n<tr>\n<td><img decoding=\"async\" src=\"https:\/\/ahn-bio.com\/wp-content\/uploads\/2025\/02\/Capp-Solo.81.webp\" alt=\"Capp-Solo.81\" \/><\/td>\n<td>CAPP Solo 100 \u00b5L<\/td>\n<td>100 \u00b5L<\/td>\n<td>Fix<\/td>\n<td>1<\/td>\n<td>S100-1F<\/td>\n<\/tr>\n<tr>\n<td><img decoding=\"async\" src=\"https:\/\/ahn-bio.com\/wp-content\/uploads\/2025\/02\/Capp-Solo.81.webp\" alt=\"Capp-Solo.81\" \/><\/td>\n<td>CAPP Solo 200 \u00b5L<\/td>\n<td>200 \u00b5L<\/td>\n<td>Fix<\/td>\n<td>1<\/td>\n<td>S200-1F<\/td>\n<\/tr>\n<tr>\n<td><img decoding=\"async\" src=\"https:\/\/ahn-bio.com\/wp-content\/uploads\/2025\/02\/Capp-Solo.81.webp\" alt=\"Capp-Solo.81\" \/><\/td>\n<td>CAPP Solo 250 \u00b5L<\/td>\n<td>250 \u00b5L<\/td>\n<td>Fix<\/td>\n<td>1<\/td>\n<td>S250-1F<\/td>\n<\/tr>\n<tr>\n<td><img decoding=\"async\" src=\"https:\/\/ahn-bio.com\/wp-content\/uploads\/2025\/02\/Capp-Solo.81.webp\" alt=\"Capp-Solo.81\" \/><\/td>\n<td>CAPP Solo 500 \u00b5L<\/td>\n<td>500 \u00b5L<\/td>\n<td>Fix<\/td>\n<td>1<\/td>\n<td>S500-1F<\/td>\n<\/tr>\n<tr>\n<td><img decoding=\"async\" src=\"https:\/\/ahn-bio.com\/wp-content\/uploads\/2025\/02\/Capp-Solo.81.webp\" alt=\"Capp-Solo.81\" \/><\/td>\n<td>CAPP Solo 1000 \u00b5L<\/td>\n<td>1000 \u00b5L<\/td>\n<td>Fix<\/td>\n<td>1<\/td>\n<td>S1000-1F<\/td>\n<\/tr>\n<tr>\n<td><img decoding=\"async\" src=\"https:\/\/ahn-bio.com\/wp-content\/uploads\/2025\/02\/Capp-Solo.81.webp\" alt=\"Capp-Solo.81\" \/><\/td>\n<td>CAPP Solo 2000 \u00b5L<\/td>\n<td>2 mL<\/td>\n<td>Fix<\/td>\n<td>1<\/td>\n<td>S2000-1F<\/td>\n<\/tr>\n<tr>\n<td><img decoding=\"async\" src=\"https:\/\/ahn-bio.com\/wp-content\/uploads\/2025\/02\/Capp-Solo.81.webp\" alt=\"Capp-Solo.81\" \/><\/td>\n<td>CAPP Solo 2500 \u00b5L<\/td>\n<td>2.5 mL<\/td>\n<td>Fix<\/td>\n<td>1<\/td>\n<td>S2500-1F<\/td>\n<\/tr>\n<tr>\n<td><img decoding=\"async\" src=\"https:\/\/ahn-bio.com\/wp-content\/uploads\/2025\/02\/Capp-Solo.81.webp\" alt=\"Capp-Solo.81\" \/><\/td>\n<td>CAPP Solo 5000 \u00b5L<\/td>\n<td>5 mL<\/td>\n<td>Fix<\/td>\n<td>1<\/td>\n<td>S5000-1F<\/td>\n<\/tr>\n<tr>\n<td><img decoding=\"async\" src=\"https:\/\/ahn-bio.com\/wp-content\/uploads\/2025\/02\/Capp-Solo.81.webp\" alt=\"Capp-Solo.81\" \/><\/td>\n<td>CAPP Solo 10000 \u00b5L<\/td>\n<td>10 mL<\/td>\n<td>Fix<\/td>\n<td>1<\/td>\n<td>S10000-1F<\/td>\n<\/tr>\n<tr>\n<td><img decoding=\"async\" src=\"https:\/\/ahn-bio.com\/wp-content\/uploads\/2025\/02\/Capp_Solo_8_Channel-Pipette-2.webp\" alt=\"Capp_Solo_8_Channel-Pipette-2\" \/><\/td>\n<td>CAPP Solo 8 ch pipette, 0.5-10 \u00b5L<\/td>\n<td>0.5 \u2013 10 \u00b5L<\/td>\n<td>Variable<\/td>\n<td>8<\/td>\n<td>S10-8<\/td>\n<\/tr>\n<tr>\n<td><img decoding=\"async\" src=\"https:\/\/ahn-bio.com\/wp-content\/uploads\/2025\/02\/Capp_Solo_8_Channel-Pipette-2.webp\" alt=\"Capp_Solo_8_Channel-Pipette-2\" \/><\/td>\n<td>CAPP Solo 8 ch pipette, 10-100 \u00b5L<\/td>\n<td>10 \u2013 100 \u00b5L<\/td>\n<td>Variable<\/td>\n<td>8<\/td>\n<td>S100-8<\/td>\n<\/tr>\n<tr>\n<td><img decoding=\"async\" src=\"https:\/\/ahn-bio.com\/wp-content\/uploads\/2025\/02\/Capp_Solo_8_Channel-Pipette-2.webp\" alt=\"Capp_Solo_8_Channel-Pipette-2\" \/><\/td>\n<td>CAPP Solo 8 ch pipette, 30-300 \u00b5L<\/td>\n<td>30 \u2013 300 \u00b5L<\/td>\n<td>Variable<\/td>\n<td>8<\/td>\n<td>S300-8<\/td>\n<\/tr>\n<tr>\n<td><img decoding=\"async\" src=\"https:\/\/ahn-bio.com\/wp-content\/uploads\/2025\/02\/Capp_Solo_16_Channel-Pipette.webp\" alt=\"Capp_Solo_16_Channel-Pipette\" \/><\/td>\n<td>CAPP Solo 12 ch pipette, 0.5-10 \u00b5L<\/td>\n<td>0.5 \u2013 10 \u00b5L<\/td>\n<td>Variable<\/td>\n<td>12<\/td>\n<td>S10-12<\/td>\n<\/tr>\n<tr>\n<td><img decoding=\"async\" src=\"https:\/\/ahn-bio.com\/wp-content\/uploads\/2025\/02\/Capp_Solo_16_Channel-Pipette.webp\" alt=\"Capp_Solo_16_Channel-Pipette\" \/><\/td>\n<td>CAPP Solo 12 ch pipette, 10-100 \u00b5L<\/td>\n<td>10 \u2013 100 \u00b5L<\/td>\n<td>Variable<\/td>\n<td>12<\/td>\n<td>S100-12<\/td>\n<\/tr>\n<tr>\n<td><img decoding=\"async\" src=\"https:\/\/ahn-bio.com\/wp-content\/uploads\/2025\/02\/Capp_Solo_16_Channel-Pipette.webp\" alt=\"Capp_Solo_16_Channel-Pipette\" \/><\/td>\n<td>CAPP Solo 12 ch pipette, 30-300 \u00b5L<\/td>\n<td>30 \u2013 300 \u00b5L<\/td>\n<td>Variable<\/td>\n<td>12<\/td>\n<td>S300-12<\/td>\n<\/tr>\n<\/tbody>\n<\/table>\n","protected":false},"excerpt":{"rendered":"<p>Pipette mit festem oder variablem Volumen, Einkanal und Mehrkanal<\/p>\n","protected":false},"featured_media":30877,"template":"","meta":{"_crdt_document":""},"product_brand":[],"product_cat":[129],"product_tag":[],"class_list":{"0":"post-30873","1":"product","2":"type-product","3":"status-publish","4":"has-post-thumbnail","6":"product_cat-pipette-de","8":"first","9":"instock","10":"taxable","11":"shipping-taxable","12":"product-type-simple"},"yoast_head":"<!-- This site is optimized with the Yoast SEO plugin v27.4 - https:\/\/yoast.com\/product\/yoast-seo-wordpress\/ -->\n<title>Pipette CapSolo - Sysmatec<\/title>\n<meta name=\"description\" content=\"Einkanal- und Mehrkanalpipetten. Sie k\u00f6nnen mit variablem oder festem Volumen sein. F\u00fcr Volumina von 0,1 \u00b5L bis 10.000 \u00b5L\" \/>\n<meta name=\"robots\" content=\"index, follow, max-snippet:-1, max-image-preview:large, max-video-preview:-1\" \/>\n<link rel=\"canonical\" href=\"https:\/\/sysmatec.ch\/de\/Produkt\/pipette-capsolo\/\" \/>\n<meta property=\"og:locale\" content=\"de_DE\" \/>\n<meta property=\"og:type\" content=\"article\" \/>\n<meta property=\"og:title\" content=\"Pipette CapSolo - Sysmatec\" \/>\n<meta property=\"og:description\" content=\"Einkanal- und Mehrkanalpipetten. Sie k\u00f6nnen mit variablem oder festem Volumen sein. F\u00fcr Volumina von 0,1 \u00b5L bis 10.000 \u00b5L\" \/>\n<meta property=\"og:url\" content=\"https:\/\/sysmatec.ch\/de\/Produkt\/pipette-capsolo\/\" \/>\n<meta property=\"og:site_name\" content=\"Sysmatec\" \/>\n<meta property=\"article:modified_time\" content=\"2025-10-13T16:50:27+00:00\" \/>\n<meta property=\"og:image\" content=\"https:\/\/sysmatec.ch\/wp-content\/uploads\/2025\/10\/Pipette_CapSolo.jpg\" \/>\n\t<meta property=\"og:image:width\" content=\"791\" \/>\n\t<meta property=\"og:image:height\" content=\"814\" \/>\n\t<meta property=\"og:image:type\" content=\"image\/jpeg\" \/>\n<meta name=\"twitter:card\" content=\"summary_large_image\" \/>\n<meta name=\"twitter:label1\" content=\"Gesch\u00e4tzte Lesezeit\" \/>\n\t<meta name=\"twitter:data1\" content=\"9\u00a0Minuten\" \/>\n<script type=\"application\/ld+json\" class=\"yoast-schema-graph\">{\"@context\":\"https:\\\/\\\/schema.org\",\"@graph\":[{\"@type\":\"WebPage\",\"@id\":\"https:\\\/\\\/sysmatec.ch\\\/de\\\/Produkt\\\/pipette-capsolo\\\/\",\"url\":\"https:\\\/\\\/sysmatec.ch\\\/de\\\/Produkt\\\/pipette-capsolo\\\/\",\"name\":\"Pipette CapSolo - Sysmatec\",\"isPartOf\":{\"@id\":\"https:\\\/\\\/sysmatec.ch\\\/de\\\/#website\"},\"primaryImageOfPage\":{\"@id\":\"https:\\\/\\\/sysmatec.ch\\\/de\\\/Produkt\\\/pipette-capsolo\\\/#primaryimage\"},\"image\":{\"@id\":\"https:\\\/\\\/sysmatec.ch\\\/de\\\/Produkt\\\/pipette-capsolo\\\/#primaryimage\"},\"thumbnailUrl\":\"https:\\\/\\\/sysmatec.ch\\\/wp-content\\\/uploads\\\/2025\\\/10\\\/Pipette_CapSolo.jpg\",\"datePublished\":\"2025-10-13T16:21:55+00:00\",\"dateModified\":\"2025-10-13T16:50:27+00:00\",\"description\":\"Einkanal- und Mehrkanalpipetten. Sie k\u00f6nnen mit variablem oder festem Volumen sein. F\u00fcr Volumina von 0,1 \u00b5L bis 10.000 \u00b5L\",\"breadcrumb\":{\"@id\":\"https:\\\/\\\/sysmatec.ch\\\/de\\\/Produkt\\\/pipette-capsolo\\\/#breadcrumb\"},\"inLanguage\":\"de\",\"potentialAction\":[{\"@type\":\"ReadAction\",\"target\":[\"https:\\\/\\\/sysmatec.ch\\\/de\\\/Produkt\\\/pipette-capsolo\\\/\"]}]},{\"@type\":\"ImageObject\",\"inLanguage\":\"de\",\"@id\":\"https:\\\/\\\/sysmatec.ch\\\/de\\\/Produkt\\\/pipette-capsolo\\\/#primaryimage\",\"url\":\"https:\\\/\\\/sysmatec.ch\\\/wp-content\\\/uploads\\\/2025\\\/10\\\/Pipette_CapSolo.jpg\",\"contentUrl\":\"https:\\\/\\\/sysmatec.ch\\\/wp-content\\\/uploads\\\/2025\\\/10\\\/Pipette_CapSolo.jpg\",\"width\":791,\"height\":814},{\"@type\":\"BreadcrumbList\",\"@id\":\"https:\\\/\\\/sysmatec.ch\\\/de\\\/Produkt\\\/pipette-capsolo\\\/#breadcrumb\",\"itemListElement\":[{\"@type\":\"ListItem\",\"position\":1,\"name\":\"Accueil\",\"item\":\"https:\\\/\\\/sysmatec.ch\\\/de\\\/\"},{\"@type\":\"ListItem\",\"position\":2,\"name\":\"Die Aktivit\u00e4t von Sysmatec\",\"item\":\"https:\\\/\\\/sysmatec.ch\\\/de\\\/\"},{\"@type\":\"ListItem\",\"position\":3,\"name\":\"Pipette CapSolo\"}]},{\"@type\":\"WebSite\",\"@id\":\"https:\\\/\\\/sysmatec.ch\\\/de\\\/#website\",\"url\":\"https:\\\/\\\/sysmatec.ch\\\/de\\\/\",\"name\":\"Sysmatec\",\"description\":\"Equipement de laboratoire et logiciels\",\"publisher\":{\"@id\":\"https:\\\/\\\/sysmatec.ch\\\/de\\\/#organization\"},\"potentialAction\":[{\"@type\":\"SearchAction\",\"target\":{\"@type\":\"EntryPoint\",\"urlTemplate\":\"https:\\\/\\\/sysmatec.ch\\\/de\\\/?s={search_term_string}\"},\"query-input\":{\"@type\":\"PropertyValueSpecification\",\"valueRequired\":true,\"valueName\":\"search_term_string\"}}],\"inLanguage\":\"de\"},{\"@type\":\"Organization\",\"@id\":\"https:\\\/\\\/sysmatec.ch\\\/de\\\/#organization\",\"name\":\"Sysmatec\",\"url\":\"https:\\\/\\\/sysmatec.ch\\\/de\\\/\",\"logo\":{\"@type\":\"ImageObject\",\"inLanguage\":\"de\",\"@id\":\"https:\\\/\\\/sysmatec.ch\\\/de\\\/#\\\/schema\\\/logo\\\/image\\\/\",\"url\":\"https:\\\/\\\/sysmatec.ch\\\/wp-content\\\/uploads\\\/2018\\\/11\\\/LogoSysmatec.jpg\",\"contentUrl\":\"https:\\\/\\\/sysmatec.ch\\\/wp-content\\\/uploads\\\/2018\\\/11\\\/LogoSysmatec.jpg\",\"width\":301,\"height\":297,\"caption\":\"Sysmatec\"},\"image\":{\"@id\":\"https:\\\/\\\/sysmatec.ch\\\/de\\\/#\\\/schema\\\/logo\\\/image\\\/\"}}]}<\/script>\n<!-- \/ Yoast SEO plugin. -->","yoast_head_json":{"title":"Pipette CapSolo - Sysmatec","description":"Einkanal- und Mehrkanalpipetten. Sie k\u00f6nnen mit variablem oder festem Volumen sein. F\u00fcr Volumina von 0,1 \u00b5L bis 10.000 \u00b5L","robots":{"index":"index","follow":"follow","max-snippet":"max-snippet:-1","max-image-preview":"max-image-preview:large","max-video-preview":"max-video-preview:-1"},"canonical":"https:\/\/sysmatec.ch\/de\/Produkt\/pipette-capsolo\/","og_locale":"de_DE","og_type":"article","og_title":"Pipette CapSolo - Sysmatec","og_description":"Einkanal- und Mehrkanalpipetten. Sie k\u00f6nnen mit variablem oder festem Volumen sein. F\u00fcr Volumina von 0,1 \u00b5L bis 10.000 \u00b5L","og_url":"https:\/\/sysmatec.ch\/de\/Produkt\/pipette-capsolo\/","og_site_name":"Sysmatec","article_modified_time":"2025-10-13T16:50:27+00:00","og_image":[{"width":791,"height":814,"url":"https:\/\/sysmatec.ch\/wp-content\/uploads\/2025\/10\/Pipette_CapSolo.jpg","type":"image\/jpeg"}],"twitter_card":"summary_large_image","twitter_misc":{"Gesch\u00e4tzte Lesezeit":"9\u00a0Minuten"},"schema":{"@context":"https:\/\/schema.org","@graph":[{"@type":"WebPage","@id":"https:\/\/sysmatec.ch\/de\/Produkt\/pipette-capsolo\/","url":"https:\/\/sysmatec.ch\/de\/Produkt\/pipette-capsolo\/","name":"Pipette CapSolo - Sysmatec","isPartOf":{"@id":"https:\/\/sysmatec.ch\/de\/#website"},"primaryImageOfPage":{"@id":"https:\/\/sysmatec.ch\/de\/Produkt\/pipette-capsolo\/#primaryimage"},"image":{"@id":"https:\/\/sysmatec.ch\/de\/Produkt\/pipette-capsolo\/#primaryimage"},"thumbnailUrl":"https:\/\/sysmatec.ch\/wp-content\/uploads\/2025\/10\/Pipette_CapSolo.jpg","datePublished":"2025-10-13T16:21:55+00:00","dateModified":"2025-10-13T16:50:27+00:00","description":"Einkanal- und Mehrkanalpipetten. Sie k\u00f6nnen mit variablem oder festem Volumen sein. F\u00fcr Volumina von 0,1 \u00b5L bis 10.000 \u00b5L","breadcrumb":{"@id":"https:\/\/sysmatec.ch\/de\/Produkt\/pipette-capsolo\/#breadcrumb"},"inLanguage":"de","potentialAction":[{"@type":"ReadAction","target":["https:\/\/sysmatec.ch\/de\/Produkt\/pipette-capsolo\/"]}]},{"@type":"ImageObject","inLanguage":"de","@id":"https:\/\/sysmatec.ch\/de\/Produkt\/pipette-capsolo\/#primaryimage","url":"https:\/\/sysmatec.ch\/wp-content\/uploads\/2025\/10\/Pipette_CapSolo.jpg","contentUrl":"https:\/\/sysmatec.ch\/wp-content\/uploads\/2025\/10\/Pipette_CapSolo.jpg","width":791,"height":814},{"@type":"BreadcrumbList","@id":"https:\/\/sysmatec.ch\/de\/Produkt\/pipette-capsolo\/#breadcrumb","itemListElement":[{"@type":"ListItem","position":1,"name":"Accueil","item":"https:\/\/sysmatec.ch\/de\/"},{"@type":"ListItem","position":2,"name":"Die Aktivit\u00e4t von Sysmatec","item":"https:\/\/sysmatec.ch\/de\/"},{"@type":"ListItem","position":3,"name":"Pipette CapSolo"}]},{"@type":"WebSite","@id":"https:\/\/sysmatec.ch\/de\/#website","url":"https:\/\/sysmatec.ch\/de\/","name":"Sysmatec","description":"Equipement de laboratoire et logiciels","publisher":{"@id":"https:\/\/sysmatec.ch\/de\/#organization"},"potentialAction":[{"@type":"SearchAction","target":{"@type":"EntryPoint","urlTemplate":"https:\/\/sysmatec.ch\/de\/?s={search_term_string}"},"query-input":{"@type":"PropertyValueSpecification","valueRequired":true,"valueName":"search_term_string"}}],"inLanguage":"de"},{"@type":"Organization","@id":"https:\/\/sysmatec.ch\/de\/#organization","name":"Sysmatec","url":"https:\/\/sysmatec.ch\/de\/","logo":{"@type":"ImageObject","inLanguage":"de","@id":"https:\/\/sysmatec.ch\/de\/#\/schema\/logo\/image\/","url":"https:\/\/sysmatec.ch\/wp-content\/uploads\/2018\/11\/LogoSysmatec.jpg","contentUrl":"https:\/\/sysmatec.ch\/wp-content\/uploads\/2018\/11\/LogoSysmatec.jpg","width":301,"height":297,"caption":"Sysmatec"},"image":{"@id":"https:\/\/sysmatec.ch\/de\/#\/schema\/logo\/image\/"}}]}},"_links":{"self":[{"href":"https:\/\/sysmatec.ch\/de\/wp-json\/wp\/v2\/product\/30873","targetHints":{"allow":["GET"]}}],"collection":[{"href":"https:\/\/sysmatec.ch\/de\/wp-json\/wp\/v2\/product"}],"about":[{"href":"https:\/\/sysmatec.ch\/de\/wp-json\/wp\/v2\/types\/product"}],"wp:featuredmedia":[{"embeddable":true,"href":"https:\/\/sysmatec.ch\/de\/wp-json\/wp\/v2\/media\/30877"}],"wp:attachment":[{"href":"https:\/\/sysmatec.ch\/de\/wp-json\/wp\/v2\/media?parent=30873"}],"wp:term":[{"taxonomy":"product_brand","embeddable":true,"href":"https:\/\/sysmatec.ch\/de\/wp-json\/wp\/v2\/product_brand?post=30873"},{"taxonomy":"product_cat","embeddable":true,"href":"https:\/\/sysmatec.ch\/de\/wp-json\/wp\/v2\/product_cat?post=30873"},{"taxonomy":"product_tag","embeddable":true,"href":"https:\/\/sysmatec.ch\/de\/wp-json\/wp\/v2\/product_tag?post=30873"}],"curies":[{"name":"wp","href":"https:\/\/api.w.org\/{rel}","templated":true}]}}