{"id":3085,"date":"2019-02-16T16:47:40","date_gmt":"2019-02-16T15:47:40","guid":{"rendered":"https:\/\/sysmatec.ch\/produit\/balance-de-sol-kern-bfs-n\/"},"modified":"2022-02-27T09:40:12","modified_gmt":"2022-02-27T08:40:12","slug":"bodenwaage-kern-bfs-n","status":"publish","type":"product","link":"https:\/\/sysmatec.ch\/de\/Produkt\/bodenwaage-kern-bfs-n\/","title":{"rendered":"Bodenwaage KERN BFS-N"},"content":{"rendered":"<ul>\n<li>Bodenwaage mit verschraubter W\u00e4geplatte (IP67), St\u00fcckz\u00e4hlfunktion, 99 Artikelspeicherpl\u00e4tzen und Eichzulassung [M]<\/li>\n<li>Industriequalit\u00e4t: durch die stabile Konstruktion ideal f\u00fcr den robusten Einsatz im industriellen Umfeld geeignet<\/li>\n<li>W\u00e4gebr\u00fccke: Stahl, lackiert, extrem biegesteif durch hohe Materialst\u00e4rke,, Staub- und Spritzwasserschutz IP67, 4 silikonbeschichtete Stahl-W\u00e4gezellen. W\u00e4gebr\u00fccke als Komponente auch ohne Auswerteger\u00e4t lieferbar, KXP V20 IP67<\/li>\n<li>Bequemes Nivellieren der W\u00e4gebr\u00fccke sowie Zugang zur Junction-Box von oben<\/li>\n<li>Bequemes Nivellieren der W\u00e4gebr\u00fccke von oben<\/li>\n<li>Auswerteger\u00e4t mit gro\u00dfem Tastenblock und 3 kontrastreichen LCD-Displays f\u00fcr bequemes Eingeben und Ablesen z. B. von Tarawerten, Referenzgewichten, Grenzwerten etc. beim St\u00fcckz\u00e4hlen. Auswerteger\u00e4t als Komponente auch ohne W\u00e4gebr\u00fccke lieferbar, KFS-TM<\/li>\n<li>Tischfu\u00df inkl. Wandhalterung f\u00fcr das Auswerteger\u00e4t serienm\u00e4\u00dfig<\/li>\n<li>99 Artikelspeicherpl\u00e4tze f\u00fcr Stammdaten wie Referenzgewicht, Referenzmenge, Beh\u00e4ltergewicht (Taravorabzug) etc&#8230;Ausdruck mit Datum und Uhrzeit<\/li>\n<li>Summieren von Z\u00e4hlteilen<\/li>\n<li>Hinweis: F\u00fcr eichpflichtige Anwendung Eichung bitte gleich mitbestellen, eine nachtr\u00e4gliche Ersteichung ist nicht m\u00f6glich.<\/li>\n<\/ul>\n<table border=\"1\" width=\"511\" cellspacing=\"0\" cellpadding=\"2\">\n<tbody>\n<tr>\n<td>Modell<\/td>\n<td width=\"10%\">Ablesbarkeit<\/td>\n<td width=\"10%\">W\u00e4gebereich<\/td>\n<td width=\"10%\">W\u00e4geplatte<\/td>\n<\/tr>\n<tr>\n<td><\/td>\n<td width=\"10%\">g<\/td>\n<td width=\"10%\">kg<\/td>\n<td width=\"10%\">mm<\/td>\n<\/tr>\n<tr>\n<td>BFS 600K-1NM<\/td>\n<td width=\"10%\">200<\/td>\n<td width=\"10%\">600<\/td>\n<td width=\"10%\">1500&#215;1250<\/td>\n<\/tr>\n<tr>\n<td>BFS 1T-4SNM<\/td>\n<td width=\"10%\">500<\/td>\n<td width=\"10%\">1500<\/td>\n<td width=\"10%\">1000&#215;1000<\/td>\n<\/tr>\n<tr>\n<td>BFS 3T-3LM<\/td>\n<td width=\"10%\">1000<\/td>\n<td width=\"10%\">3000<\/td>\n<td width=\"10%\">1500&#215;1500<\/td>\n<\/tr>\n<tr>\n<td>BFS 6T-3M<\/td>\n<td width=\"10%\">2000<\/td>\n<td width=\"10%\">6000<\/td>\n<td width=\"10%\">1500&#215;1500<\/td>\n<\/tr>\n<tr>\n<td><\/td>\n<td width=\"10%\"><\/td>\n<td width=\"10%\"><\/td>\n<td width=\"10%\"><\/td>\n<\/tr>\n<\/tbody>\n<\/table>\n","protected":false},"excerpt":{"rendered":"<p>Bodenwaage 0-600 kg bis 0-6000 kg, IP67<\/p>\n","protected":false},"featured_media":24070,"template":"","meta":{"_crdt_document":""},"product_brand":[],"product_cat":[165,339],"product_tag":[],"class_list":{"0":"post-3085","1":"product","2":"type-product","3":"status-publish","4":"has-post-thumbnail","6":"product_cat-gewicht","7":"product_cat-plattform","9":"first","10":"instock","11":"taxable","12":"shipping-taxable","13":"purchasable","14":"product-type-variable"},"yoast_head":"<!-- This site is optimized with the Yoast SEO plugin v27.3 - https:\/\/yoast.com\/product\/yoast-seo-wordpress\/ -->\n<title>Bodenwaage KERN BFS-N - Sysmatec<\/title>\n<meta name=\"description\" content=\"W\u00e4geplattform zum Aufstellen oder Einsetzen in einen Brunnen. Optionale Zugangsrampen. Wiegebereiche 0-600 kg bis 0-6000 kg.\" \/>\n<meta name=\"robots\" content=\"index, follow, max-snippet:-1, max-image-preview:large, max-video-preview:-1\" \/>\n<link rel=\"canonical\" href=\"https:\/\/sysmatec.ch\/de\/produit\/bodenwaage-kern-bfs-n\/\" \/>\n<meta property=\"og:locale\" content=\"de_DE\" \/>\n<meta property=\"og:type\" content=\"article\" \/>\n<meta property=\"og:title\" content=\"Bodenwaage KERN BFS-N - Sysmatec\" \/>\n<meta property=\"og:description\" content=\"W\u00e4geplattform zum Aufstellen oder Einsetzen in einen Brunnen. Optionale Zugangsrampen. Wiegebereiche 0-600 kg bis 0-6000 kg.\" \/>\n<meta property=\"og:url\" content=\"https:\/\/sysmatec.ch\/de\/produit\/bodenwaage-kern-bfs-n\/\" \/>\n<meta property=\"og:site_name\" content=\"Sysmatec\" \/>\n<meta property=\"article:modified_time\" content=\"2022-02-27T08:40:12+00:00\" \/>\n<meta property=\"og:image\" content=\"https:\/\/sysmatec.ch\/wp-content\/uploads\/2019\/02\/Balance_BFS-600K-1NM-scaled.jpg\" \/>\n\t<meta property=\"og:image:width\" content=\"2560\" \/>\n\t<meta property=\"og:image:height\" content=\"2016\" \/>\n\t<meta property=\"og:image:type\" content=\"image\/jpeg\" \/>\n<meta name=\"twitter:card\" content=\"summary_large_image\" \/>\n<meta name=\"twitter:label1\" content=\"Gesch\u00e4tzte Lesezeit\" \/>\n\t<meta name=\"twitter:data1\" content=\"1\u00a0Minute\" \/>\n<script type=\"application\/ld+json\" class=\"yoast-schema-graph\">{\"@context\":\"https:\\\/\\\/schema.org\",\"@graph\":[{\"@type\":\"WebPage\",\"@id\":\"https:\\\/\\\/sysmatec.ch\\\/de\\\/produit\\\/bodenwaage-kern-bfs-n\\\/\",\"url\":\"https:\\\/\\\/sysmatec.ch\\\/de\\\/produit\\\/bodenwaage-kern-bfs-n\\\/\",\"name\":\"Bodenwaage KERN BFS-N - Sysmatec\",\"isPartOf\":{\"@id\":\"https:\\\/\\\/sysmatec.ch\\\/de\\\/#website\"},\"primaryImageOfPage\":{\"@id\":\"https:\\\/\\\/sysmatec.ch\\\/de\\\/produit\\\/bodenwaage-kern-bfs-n\\\/#primaryimage\"},\"image\":{\"@id\":\"https:\\\/\\\/sysmatec.ch\\\/de\\\/produit\\\/bodenwaage-kern-bfs-n\\\/#primaryimage\"},\"thumbnailUrl\":\"https:\\\/\\\/sysmatec.ch\\\/wp-content\\\/uploads\\\/2019\\\/02\\\/Balance_BFS-600K-1NM-scaled.jpg\",\"datePublished\":\"2019-02-16T15:47:40+00:00\",\"dateModified\":\"2022-02-27T08:40:12+00:00\",\"description\":\"W\u00e4geplattform zum Aufstellen oder Einsetzen in einen Brunnen. Optionale Zugangsrampen. Wiegebereiche 0-600 kg bis 0-6000 kg.\",\"breadcrumb\":{\"@id\":\"https:\\\/\\\/sysmatec.ch\\\/de\\\/produit\\\/bodenwaage-kern-bfs-n\\\/#breadcrumb\"},\"inLanguage\":\"de\",\"potentialAction\":[{\"@type\":\"ReadAction\",\"target\":[\"https:\\\/\\\/sysmatec.ch\\\/de\\\/produit\\\/bodenwaage-kern-bfs-n\\\/\"]}]},{\"@type\":\"ImageObject\",\"inLanguage\":\"de\",\"@id\":\"https:\\\/\\\/sysmatec.ch\\\/de\\\/produit\\\/bodenwaage-kern-bfs-n\\\/#primaryimage\",\"url\":\"https:\\\/\\\/sysmatec.ch\\\/wp-content\\\/uploads\\\/2019\\\/02\\\/Balance_BFS-600K-1NM-scaled.jpg\",\"contentUrl\":\"https:\\\/\\\/sysmatec.ch\\\/wp-content\\\/uploads\\\/2019\\\/02\\\/Balance_BFS-600K-1NM-scaled.jpg\",\"width\":2560,\"height\":2016},{\"@type\":\"BreadcrumbList\",\"@id\":\"https:\\\/\\\/sysmatec.ch\\\/de\\\/produit\\\/bodenwaage-kern-bfs-n\\\/#breadcrumb\",\"itemListElement\":[{\"@type\":\"ListItem\",\"position\":1,\"name\":\"Accueil\",\"item\":\"https:\\\/\\\/sysmatec.ch\\\/de\\\/\"},{\"@type\":\"ListItem\",\"position\":2,\"name\":\"Die Aktivit\u00e4t von Sysmatec\",\"item\":\"https:\\\/\\\/sysmatec.ch\\\/de\\\/\"},{\"@type\":\"ListItem\",\"position\":3,\"name\":\"Bodenwaage KERN BFS-N\"}]},{\"@type\":\"WebSite\",\"@id\":\"https:\\\/\\\/sysmatec.ch\\\/de\\\/#website\",\"url\":\"https:\\\/\\\/sysmatec.ch\\\/de\\\/\",\"name\":\"Sysmatec\",\"description\":\"Equipement de laboratoire et logiciels\",\"publisher\":{\"@id\":\"https:\\\/\\\/sysmatec.ch\\\/de\\\/#organization\"},\"potentialAction\":[{\"@type\":\"SearchAction\",\"target\":{\"@type\":\"EntryPoint\",\"urlTemplate\":\"https:\\\/\\\/sysmatec.ch\\\/de\\\/?s={search_term_string}\"},\"query-input\":{\"@type\":\"PropertyValueSpecification\",\"valueRequired\":true,\"valueName\":\"search_term_string\"}}],\"inLanguage\":\"de\"},{\"@type\":\"Organization\",\"@id\":\"https:\\\/\\\/sysmatec.ch\\\/de\\\/#organization\",\"name\":\"Sysmatec\",\"url\":\"https:\\\/\\\/sysmatec.ch\\\/de\\\/\",\"logo\":{\"@type\":\"ImageObject\",\"inLanguage\":\"de\",\"@id\":\"https:\\\/\\\/sysmatec.ch\\\/de\\\/#\\\/schema\\\/logo\\\/image\\\/\",\"url\":\"https:\\\/\\\/sysmatec.ch\\\/wp-content\\\/uploads\\\/2018\\\/11\\\/LogoSysmatec.jpg\",\"contentUrl\":\"https:\\\/\\\/sysmatec.ch\\\/wp-content\\\/uploads\\\/2018\\\/11\\\/LogoSysmatec.jpg\",\"width\":301,\"height\":297,\"caption\":\"Sysmatec\"},\"image\":{\"@id\":\"https:\\\/\\\/sysmatec.ch\\\/de\\\/#\\\/schema\\\/logo\\\/image\\\/\"}}]}<\/script>\n<!-- \/ Yoast SEO plugin. -->","yoast_head_json":{"title":"Bodenwaage KERN BFS-N - Sysmatec","description":"W\u00e4geplattform zum Aufstellen oder Einsetzen in einen Brunnen. Optionale Zugangsrampen. Wiegebereiche 0-600 kg bis 0-6000 kg.","robots":{"index":"index","follow":"follow","max-snippet":"max-snippet:-1","max-image-preview":"max-image-preview:large","max-video-preview":"max-video-preview:-1"},"canonical":"https:\/\/sysmatec.ch\/de\/produit\/bodenwaage-kern-bfs-n\/","og_locale":"de_DE","og_type":"article","og_title":"Bodenwaage KERN BFS-N - Sysmatec","og_description":"W\u00e4geplattform zum Aufstellen oder Einsetzen in einen Brunnen. Optionale Zugangsrampen. Wiegebereiche 0-600 kg bis 0-6000 kg.","og_url":"https:\/\/sysmatec.ch\/de\/produit\/bodenwaage-kern-bfs-n\/","og_site_name":"Sysmatec","article_modified_time":"2022-02-27T08:40:12+00:00","og_image":[{"width":2560,"height":2016,"url":"https:\/\/sysmatec.ch\/wp-content\/uploads\/2019\/02\/Balance_BFS-600K-1NM-scaled.jpg","type":"image\/jpeg"}],"twitter_card":"summary_large_image","twitter_misc":{"Gesch\u00e4tzte Lesezeit":"1\u00a0Minute"},"schema":{"@context":"https:\/\/schema.org","@graph":[{"@type":"WebPage","@id":"https:\/\/sysmatec.ch\/de\/produit\/bodenwaage-kern-bfs-n\/","url":"https:\/\/sysmatec.ch\/de\/produit\/bodenwaage-kern-bfs-n\/","name":"Bodenwaage KERN BFS-N - Sysmatec","isPartOf":{"@id":"https:\/\/sysmatec.ch\/de\/#website"},"primaryImageOfPage":{"@id":"https:\/\/sysmatec.ch\/de\/produit\/bodenwaage-kern-bfs-n\/#primaryimage"},"image":{"@id":"https:\/\/sysmatec.ch\/de\/produit\/bodenwaage-kern-bfs-n\/#primaryimage"},"thumbnailUrl":"https:\/\/sysmatec.ch\/wp-content\/uploads\/2019\/02\/Balance_BFS-600K-1NM-scaled.jpg","datePublished":"2019-02-16T15:47:40+00:00","dateModified":"2022-02-27T08:40:12+00:00","description":"W\u00e4geplattform zum Aufstellen oder Einsetzen in einen Brunnen. Optionale Zugangsrampen. Wiegebereiche 0-600 kg bis 0-6000 kg.","breadcrumb":{"@id":"https:\/\/sysmatec.ch\/de\/produit\/bodenwaage-kern-bfs-n\/#breadcrumb"},"inLanguage":"de","potentialAction":[{"@type":"ReadAction","target":["https:\/\/sysmatec.ch\/de\/produit\/bodenwaage-kern-bfs-n\/"]}]},{"@type":"ImageObject","inLanguage":"de","@id":"https:\/\/sysmatec.ch\/de\/produit\/bodenwaage-kern-bfs-n\/#primaryimage","url":"https:\/\/sysmatec.ch\/wp-content\/uploads\/2019\/02\/Balance_BFS-600K-1NM-scaled.jpg","contentUrl":"https:\/\/sysmatec.ch\/wp-content\/uploads\/2019\/02\/Balance_BFS-600K-1NM-scaled.jpg","width":2560,"height":2016},{"@type":"BreadcrumbList","@id":"https:\/\/sysmatec.ch\/de\/produit\/bodenwaage-kern-bfs-n\/#breadcrumb","itemListElement":[{"@type":"ListItem","position":1,"name":"Accueil","item":"https:\/\/sysmatec.ch\/de\/"},{"@type":"ListItem","position":2,"name":"Die Aktivit\u00e4t von Sysmatec","item":"https:\/\/sysmatec.ch\/de\/"},{"@type":"ListItem","position":3,"name":"Bodenwaage KERN BFS-N"}]},{"@type":"WebSite","@id":"https:\/\/sysmatec.ch\/de\/#website","url":"https:\/\/sysmatec.ch\/de\/","name":"Sysmatec","description":"Equipement de laboratoire et logiciels","publisher":{"@id":"https:\/\/sysmatec.ch\/de\/#organization"},"potentialAction":[{"@type":"SearchAction","target":{"@type":"EntryPoint","urlTemplate":"https:\/\/sysmatec.ch\/de\/?s={search_term_string}"},"query-input":{"@type":"PropertyValueSpecification","valueRequired":true,"valueName":"search_term_string"}}],"inLanguage":"de"},{"@type":"Organization","@id":"https:\/\/sysmatec.ch\/de\/#organization","name":"Sysmatec","url":"https:\/\/sysmatec.ch\/de\/","logo":{"@type":"ImageObject","inLanguage":"de","@id":"https:\/\/sysmatec.ch\/de\/#\/schema\/logo\/image\/","url":"https:\/\/sysmatec.ch\/wp-content\/uploads\/2018\/11\/LogoSysmatec.jpg","contentUrl":"https:\/\/sysmatec.ch\/wp-content\/uploads\/2018\/11\/LogoSysmatec.jpg","width":301,"height":297,"caption":"Sysmatec"},"image":{"@id":"https:\/\/sysmatec.ch\/de\/#\/schema\/logo\/image\/"}}]}},"_links":{"self":[{"href":"https:\/\/sysmatec.ch\/de\/wp-json\/wp\/v2\/product\/3085","targetHints":{"allow":["GET"]}}],"collection":[{"href":"https:\/\/sysmatec.ch\/de\/wp-json\/wp\/v2\/product"}],"about":[{"href":"https:\/\/sysmatec.ch\/de\/wp-json\/wp\/v2\/types\/product"}],"wp:featuredmedia":[{"embeddable":true,"href":"https:\/\/sysmatec.ch\/de\/wp-json\/wp\/v2\/media\/24070"}],"wp:attachment":[{"href":"https:\/\/sysmatec.ch\/de\/wp-json\/wp\/v2\/media?parent=3085"}],"wp:term":[{"taxonomy":"product_brand","embeddable":true,"href":"https:\/\/sysmatec.ch\/de\/wp-json\/wp\/v2\/product_brand?post=3085"},{"taxonomy":"product_cat","embeddable":true,"href":"https:\/\/sysmatec.ch\/de\/wp-json\/wp\/v2\/product_cat?post=3085"},{"taxonomy":"product_tag","embeddable":true,"href":"https:\/\/sysmatec.ch\/de\/wp-json\/wp\/v2\/product_tag?post=3085"}],"curies":[{"name":"wp","href":"https:\/\/api.w.org\/{rel}","templated":true}]}}