{"id":30823,"date":"2025-10-05T10:17:53","date_gmt":"2025-10-05T08:17:53","guid":{"rendered":"https:\/\/sysmatec.ch\/?post_type=product&#038;p=30823"},"modified":"2025-10-05T10:37:38","modified_gmt":"2025-10-05T08:37:38","slug":"isolierter-rs-422-485-repeater-ex-9510h","status":"publish","type":"product","link":"https:\/\/sysmatec.ch\/de\/Produkt\/isolierter-rs-422-485-repeater-ex-9510h\/","title":{"rendered":"Isolierter RS-422\/485-Repeater EX-9510H"},"content":{"rendered":"<p>Der Repeater EX-9510H (RS485)\/EX-9510AH (RS422) verst\u00e4rkt die RS-422\/485-Signale, um die Reichweite auf bis zu 1200 m zu erh\u00f6hen und die maximale Anzahl angeschlossener Knoten auf bis zu 128 zu erh\u00f6hen.<\/p>\n<p>Mithilfe einer speziellen Schaltung erkennt der EX-9510H\/AH den Datenfluss automatisch und schaltet die Richtung der Datenleitungen entsprechend um.<\/p>\n<p>Die automatische Baudratenerkennung erm\u00f6glicht dem EX-9510H\/AH die automatische Konfiguration von RS-422(EX9510AH)\/485-Signalen auf jede beliebige Baudrate ohne externe Schaltereinstellung.<\/p>\n<p>Die integrierte Opto-Isolation des EX-9510H\/AH bietet eine Isolation von 3000 VDC, um den Host-Computer vor Erdschleifen und zerst\u00f6rerischen Spannungsspitzen auf den RS-422(EX9510AH)\/485-Datenleitungen zu sch\u00fctzen.<\/p>\n<p>Das EX-9510H\/AH bietet au\u00dferdem einen internen \u00dcberspannungsschutz f\u00fcr die Datenleitungen. Interne Hochgeschwindigkeits-Transientenunterdr\u00fccker auf jeder Datenleitung sch\u00fctzen das Modul vor gef\u00e4hrlichen Spannungspegeln oder Spannungsspitzen.<\/p>\n<h2>Merkmale<\/h2>\n<ul>\n<li>Automatische interne RS-422 (9510AH)\/485 (9510H) Bus\u00fcberwachung<\/li>\n<li>Keine externen Flusskontrollsignale f\u00fcr RS-485 erforderlich<\/li>\n<li>Mindestens 3000 VDC Isolationsschutz<\/li>\n<li>Transientenunterdr\u00fcckung auf RS-485-Datenleitungen<\/li>\n<li>Unterst\u00fctzte Baudraten (bps): 1200, 2400, 4800, 9600, 19,2 K, 38,4 K, 57,6 K, 115,2 K<\/li>\n<li>Reichweite bis zu 1200 m<\/li>\n<li>Reservierter Platz auf der Leiterplatte zum Anl\u00f6ten von Abschlusswiderst\u00e4nden (R8, R9). Zus\u00e4tzlich kann ein Abschlusswiderstand (110\/220\/330 Ohm) zwischen D+ und D- am externen Klemmenblock auf beiden Seiten angeschlossen werden. Dieser Abschlusswiderstand wird in der Regel bei der Erweiterung der Distanz und der Modulanzahl ben\u00f6tigt (er muss der Netzwerkimpedanz entsprechen).<\/li>\n<li>Strom- und Datenflussanzeige zur Fehlerbehebung<\/li>\n<li>Strombedarf: +10 V bis +30 V DC<\/li>\n<li>Einfache Montage auf DIN-Schiene oder Schalttafel<\/li>\n<li>Steckbare Schraubklemmenverdrahtung: Geeignet f\u00fcr Kabel der St\u00e4rken AWG 1\u2013#12 bis #22 (0,5 bis 2,5 mm)<\/li>\n<li>Leistungsaufnahme: 2,2 W<\/li>\n<li>Betriebstemperatur: 0\u201370 \u00b0C<\/li>\n<li>Lagertemperatur: -25\u201385 \u00b0C<\/li>\n<li>Luftfeuchtigkeit: 5\u201395 %, nicht kondensierend<\/li>\n<\/ul>\n<p>&nbsp;<\/p>\n","protected":false},"excerpt":{"rendered":"<p>RS485 \/ RS422 Repeater mit automatischer Geschwindigkeitserkennung<\/p>\n","protected":false},"featured_media":30830,"template":"","meta":{"_crdt_document":""},"product_brand":[],"product_cat":[191,353],"product_tag":[],"class_list":{"0":"post-30823","1":"product","2":"type-product","3":"status-publish","4":"has-post-thumbnail","6":"product_cat-automation-de","7":"product_cat-kommunikation","9":"first","10":"instock","11":"taxable","12":"shipping-taxable","13":"purchasable","14":"product-type-variable"},"yoast_head":"<!-- This site is optimized with the Yoast SEO plugin v27.4 - https:\/\/yoast.com\/product\/yoast-seo-wordpress\/ -->\n<title>Isolierter RS-422\/485-Repeater EX-9510H - Sysmatec<\/title>\n<meta name=\"description\" content=\"RS485 \/ RS422 Repeater mit automatischer Geschwindigkeitserkennung. Kann d ie L\u00e4nge bis zu 1200 m erweitern\" \/>\n<meta name=\"robots\" content=\"index, follow, max-snippet:-1, max-image-preview:large, max-video-preview:-1\" \/>\n<link rel=\"canonical\" href=\"https:\/\/sysmatec.ch\/de\/Produkt\/isolierter-rs-422-485-repeater-ex-9510h\/\" \/>\n<meta property=\"og:locale\" content=\"de_DE\" \/>\n<meta property=\"og:type\" content=\"article\" \/>\n<meta property=\"og:title\" content=\"Isolierter RS-422\/485-Repeater EX-9510H - Sysmatec\" \/>\n<meta property=\"og:description\" content=\"RS485 \/ RS422 Repeater mit automatischer Geschwindigkeitserkennung. Kann d ie L\u00e4nge bis zu 1200 m erweitern\" \/>\n<meta property=\"og:url\" content=\"https:\/\/sysmatec.ch\/de\/Produkt\/isolierter-rs-422-485-repeater-ex-9510h\/\" \/>\n<meta property=\"og:site_name\" content=\"Sysmatec\" \/>\n<meta property=\"article:modified_time\" content=\"2025-10-05T08:37:38+00:00\" \/>\n<meta property=\"og:image\" content=\"https:\/\/sysmatec.ch\/wp-content\/uploads\/2025\/10\/RepeaterRS485_EX9510TOPSCC.jpg\" \/>\n\t<meta property=\"og:image:width\" content=\"360\" \/>\n\t<meta property=\"og:image:height\" content=\"360\" \/>\n\t<meta property=\"og:image:type\" content=\"image\/jpeg\" \/>\n<meta name=\"twitter:card\" content=\"summary_large_image\" \/>\n<meta name=\"twitter:label1\" content=\"Gesch\u00e4tzte Lesezeit\" \/>\n\t<meta name=\"twitter:data1\" content=\"2\u00a0Minuten\" \/>\n<script type=\"application\/ld+json\" class=\"yoast-schema-graph\">{\"@context\":\"https:\\\/\\\/schema.org\",\"@graph\":[{\"@type\":\"WebPage\",\"@id\":\"https:\\\/\\\/sysmatec.ch\\\/de\\\/Produkt\\\/isolierter-rs-422-485-repeater-ex-9510h\\\/\",\"url\":\"https:\\\/\\\/sysmatec.ch\\\/de\\\/Produkt\\\/isolierter-rs-422-485-repeater-ex-9510h\\\/\",\"name\":\"Isolierter RS-422\\\/485-Repeater EX-9510H - Sysmatec\",\"isPartOf\":{\"@id\":\"https:\\\/\\\/sysmatec.ch\\\/de\\\/#website\"},\"primaryImageOfPage\":{\"@id\":\"https:\\\/\\\/sysmatec.ch\\\/de\\\/Produkt\\\/isolierter-rs-422-485-repeater-ex-9510h\\\/#primaryimage\"},\"image\":{\"@id\":\"https:\\\/\\\/sysmatec.ch\\\/de\\\/Produkt\\\/isolierter-rs-422-485-repeater-ex-9510h\\\/#primaryimage\"},\"thumbnailUrl\":\"https:\\\/\\\/sysmatec.ch\\\/wp-content\\\/uploads\\\/2025\\\/10\\\/RepeaterRS485_EX9510TOPSCC.jpg\",\"datePublished\":\"2025-10-05T08:17:53+00:00\",\"dateModified\":\"2025-10-05T08:37:38+00:00\",\"description\":\"RS485 \\\/ RS422 Repeater mit automatischer Geschwindigkeitserkennung. Kann d ie L\u00e4nge bis zu 1200 m erweitern\",\"breadcrumb\":{\"@id\":\"https:\\\/\\\/sysmatec.ch\\\/de\\\/Produkt\\\/isolierter-rs-422-485-repeater-ex-9510h\\\/#breadcrumb\"},\"inLanguage\":\"de\",\"potentialAction\":[{\"@type\":\"ReadAction\",\"target\":[\"https:\\\/\\\/sysmatec.ch\\\/de\\\/Produkt\\\/isolierter-rs-422-485-repeater-ex-9510h\\\/\"]}]},{\"@type\":\"ImageObject\",\"inLanguage\":\"de\",\"@id\":\"https:\\\/\\\/sysmatec.ch\\\/de\\\/Produkt\\\/isolierter-rs-422-485-repeater-ex-9510h\\\/#primaryimage\",\"url\":\"https:\\\/\\\/sysmatec.ch\\\/wp-content\\\/uploads\\\/2025\\\/10\\\/RepeaterRS485_EX9510TOPSCC.jpg\",\"contentUrl\":\"https:\\\/\\\/sysmatec.ch\\\/wp-content\\\/uploads\\\/2025\\\/10\\\/RepeaterRS485_EX9510TOPSCC.jpg\",\"width\":360,\"height\":360},{\"@type\":\"BreadcrumbList\",\"@id\":\"https:\\\/\\\/sysmatec.ch\\\/de\\\/Produkt\\\/isolierter-rs-422-485-repeater-ex-9510h\\\/#breadcrumb\",\"itemListElement\":[{\"@type\":\"ListItem\",\"position\":1,\"name\":\"Accueil\",\"item\":\"https:\\\/\\\/sysmatec.ch\\\/de\\\/\"},{\"@type\":\"ListItem\",\"position\":2,\"name\":\"Die Aktivit\u00e4t von Sysmatec\",\"item\":\"https:\\\/\\\/sysmatec.ch\\\/de\\\/\"},{\"@type\":\"ListItem\",\"position\":3,\"name\":\"Isolierter RS-422\\\/485-Repeater EX-9510H\"}]},{\"@type\":\"WebSite\",\"@id\":\"https:\\\/\\\/sysmatec.ch\\\/de\\\/#website\",\"url\":\"https:\\\/\\\/sysmatec.ch\\\/de\\\/\",\"name\":\"Sysmatec\",\"description\":\"Equipement de laboratoire et logiciels\",\"publisher\":{\"@id\":\"https:\\\/\\\/sysmatec.ch\\\/de\\\/#organization\"},\"potentialAction\":[{\"@type\":\"SearchAction\",\"target\":{\"@type\":\"EntryPoint\",\"urlTemplate\":\"https:\\\/\\\/sysmatec.ch\\\/de\\\/?s={search_term_string}\"},\"query-input\":{\"@type\":\"PropertyValueSpecification\",\"valueRequired\":true,\"valueName\":\"search_term_string\"}}],\"inLanguage\":\"de\"},{\"@type\":\"Organization\",\"@id\":\"https:\\\/\\\/sysmatec.ch\\\/de\\\/#organization\",\"name\":\"Sysmatec\",\"url\":\"https:\\\/\\\/sysmatec.ch\\\/de\\\/\",\"logo\":{\"@type\":\"ImageObject\",\"inLanguage\":\"de\",\"@id\":\"https:\\\/\\\/sysmatec.ch\\\/de\\\/#\\\/schema\\\/logo\\\/image\\\/\",\"url\":\"https:\\\/\\\/sysmatec.ch\\\/wp-content\\\/uploads\\\/2018\\\/11\\\/LogoSysmatec.jpg\",\"contentUrl\":\"https:\\\/\\\/sysmatec.ch\\\/wp-content\\\/uploads\\\/2018\\\/11\\\/LogoSysmatec.jpg\",\"width\":301,\"height\":297,\"caption\":\"Sysmatec\"},\"image\":{\"@id\":\"https:\\\/\\\/sysmatec.ch\\\/de\\\/#\\\/schema\\\/logo\\\/image\\\/\"}}]}<\/script>\n<!-- \/ Yoast SEO plugin. -->","yoast_head_json":{"title":"Isolierter RS-422\/485-Repeater EX-9510H - Sysmatec","description":"RS485 \/ RS422 Repeater mit automatischer Geschwindigkeitserkennung. Kann d ie L\u00e4nge bis zu 1200 m erweitern","robots":{"index":"index","follow":"follow","max-snippet":"max-snippet:-1","max-image-preview":"max-image-preview:large","max-video-preview":"max-video-preview:-1"},"canonical":"https:\/\/sysmatec.ch\/de\/Produkt\/isolierter-rs-422-485-repeater-ex-9510h\/","og_locale":"de_DE","og_type":"article","og_title":"Isolierter RS-422\/485-Repeater EX-9510H - Sysmatec","og_description":"RS485 \/ RS422 Repeater mit automatischer Geschwindigkeitserkennung. Kann d ie L\u00e4nge bis zu 1200 m erweitern","og_url":"https:\/\/sysmatec.ch\/de\/Produkt\/isolierter-rs-422-485-repeater-ex-9510h\/","og_site_name":"Sysmatec","article_modified_time":"2025-10-05T08:37:38+00:00","og_image":[{"width":360,"height":360,"url":"https:\/\/sysmatec.ch\/wp-content\/uploads\/2025\/10\/RepeaterRS485_EX9510TOPSCC.jpg","type":"image\/jpeg"}],"twitter_card":"summary_large_image","twitter_misc":{"Gesch\u00e4tzte Lesezeit":"2\u00a0Minuten"},"schema":{"@context":"https:\/\/schema.org","@graph":[{"@type":"WebPage","@id":"https:\/\/sysmatec.ch\/de\/Produkt\/isolierter-rs-422-485-repeater-ex-9510h\/","url":"https:\/\/sysmatec.ch\/de\/Produkt\/isolierter-rs-422-485-repeater-ex-9510h\/","name":"Isolierter RS-422\/485-Repeater EX-9510H - Sysmatec","isPartOf":{"@id":"https:\/\/sysmatec.ch\/de\/#website"},"primaryImageOfPage":{"@id":"https:\/\/sysmatec.ch\/de\/Produkt\/isolierter-rs-422-485-repeater-ex-9510h\/#primaryimage"},"image":{"@id":"https:\/\/sysmatec.ch\/de\/Produkt\/isolierter-rs-422-485-repeater-ex-9510h\/#primaryimage"},"thumbnailUrl":"https:\/\/sysmatec.ch\/wp-content\/uploads\/2025\/10\/RepeaterRS485_EX9510TOPSCC.jpg","datePublished":"2025-10-05T08:17:53+00:00","dateModified":"2025-10-05T08:37:38+00:00","description":"RS485 \/ RS422 Repeater mit automatischer Geschwindigkeitserkennung. Kann d ie L\u00e4nge bis zu 1200 m erweitern","breadcrumb":{"@id":"https:\/\/sysmatec.ch\/de\/Produkt\/isolierter-rs-422-485-repeater-ex-9510h\/#breadcrumb"},"inLanguage":"de","potentialAction":[{"@type":"ReadAction","target":["https:\/\/sysmatec.ch\/de\/Produkt\/isolierter-rs-422-485-repeater-ex-9510h\/"]}]},{"@type":"ImageObject","inLanguage":"de","@id":"https:\/\/sysmatec.ch\/de\/Produkt\/isolierter-rs-422-485-repeater-ex-9510h\/#primaryimage","url":"https:\/\/sysmatec.ch\/wp-content\/uploads\/2025\/10\/RepeaterRS485_EX9510TOPSCC.jpg","contentUrl":"https:\/\/sysmatec.ch\/wp-content\/uploads\/2025\/10\/RepeaterRS485_EX9510TOPSCC.jpg","width":360,"height":360},{"@type":"BreadcrumbList","@id":"https:\/\/sysmatec.ch\/de\/Produkt\/isolierter-rs-422-485-repeater-ex-9510h\/#breadcrumb","itemListElement":[{"@type":"ListItem","position":1,"name":"Accueil","item":"https:\/\/sysmatec.ch\/de\/"},{"@type":"ListItem","position":2,"name":"Die Aktivit\u00e4t von Sysmatec","item":"https:\/\/sysmatec.ch\/de\/"},{"@type":"ListItem","position":3,"name":"Isolierter RS-422\/485-Repeater EX-9510H"}]},{"@type":"WebSite","@id":"https:\/\/sysmatec.ch\/de\/#website","url":"https:\/\/sysmatec.ch\/de\/","name":"Sysmatec","description":"Equipement de laboratoire et logiciels","publisher":{"@id":"https:\/\/sysmatec.ch\/de\/#organization"},"potentialAction":[{"@type":"SearchAction","target":{"@type":"EntryPoint","urlTemplate":"https:\/\/sysmatec.ch\/de\/?s={search_term_string}"},"query-input":{"@type":"PropertyValueSpecification","valueRequired":true,"valueName":"search_term_string"}}],"inLanguage":"de"},{"@type":"Organization","@id":"https:\/\/sysmatec.ch\/de\/#organization","name":"Sysmatec","url":"https:\/\/sysmatec.ch\/de\/","logo":{"@type":"ImageObject","inLanguage":"de","@id":"https:\/\/sysmatec.ch\/de\/#\/schema\/logo\/image\/","url":"https:\/\/sysmatec.ch\/wp-content\/uploads\/2018\/11\/LogoSysmatec.jpg","contentUrl":"https:\/\/sysmatec.ch\/wp-content\/uploads\/2018\/11\/LogoSysmatec.jpg","width":301,"height":297,"caption":"Sysmatec"},"image":{"@id":"https:\/\/sysmatec.ch\/de\/#\/schema\/logo\/image\/"}}]}},"_links":{"self":[{"href":"https:\/\/sysmatec.ch\/de\/wp-json\/wp\/v2\/product\/30823","targetHints":{"allow":["GET"]}}],"collection":[{"href":"https:\/\/sysmatec.ch\/de\/wp-json\/wp\/v2\/product"}],"about":[{"href":"https:\/\/sysmatec.ch\/de\/wp-json\/wp\/v2\/types\/product"}],"wp:featuredmedia":[{"embeddable":true,"href":"https:\/\/sysmatec.ch\/de\/wp-json\/wp\/v2\/media\/30830"}],"wp:attachment":[{"href":"https:\/\/sysmatec.ch\/de\/wp-json\/wp\/v2\/media?parent=30823"}],"wp:term":[{"taxonomy":"product_brand","embeddable":true,"href":"https:\/\/sysmatec.ch\/de\/wp-json\/wp\/v2\/product_brand?post=30823"},{"taxonomy":"product_cat","embeddable":true,"href":"https:\/\/sysmatec.ch\/de\/wp-json\/wp\/v2\/product_cat?post=30823"},{"taxonomy":"product_tag","embeddable":true,"href":"https:\/\/sysmatec.ch\/de\/wp-json\/wp\/v2\/product_tag?post=30823"}],"curies":[{"name":"wp","href":"https:\/\/api.w.org\/{rel}","templated":true}]}}