{"id":30806,"date":"2025-09-03T14:21:47","date_gmt":"2025-09-03T12:21:47","guid":{"rendered":"https:\/\/sysmatec.ch\/?post_type=product&#038;p=30806"},"modified":"2025-09-03T14:58:09","modified_gmt":"2025-09-03T12:58:09","slug":"belichtungsmesser-ji600d","status":"publish","type":"product","link":"https:\/\/sysmatec.ch\/de\/Produkt\/belichtungsmesser-ji600d\/","title":{"rendered":"Belichtungsmesser JI600D"},"content":{"rendered":"<p>Das JI600D ist ein leichtes, tragbares und einfach zu bedienendes LED-Messger\u00e4t mit Bluetooth-Fernbedienung und Datenspeicher auf Micro-SD-Karte. Dieses Produkt verf\u00fcgt \u00fcber grundlegende Funktionen f\u00fcr schnelle und einfache Lichtmessungen.<\/p>\n<h2>Beschreibung<\/h2>\n<ul>\n<li>70 g Taschenformat \u2013 das leichteste Handspektrometer der Welt<\/li>\n<li>Flimmermessung zur Krankheitspr\u00e4vention und Gesundheitsvorsorge<\/li>\n<li>Standalone-Betrieb, keine Smartphone- oder PC-Verbindung erforderlich<\/li>\n<li>Unterst\u00fctzt Micro-SD-Karten, unbegrenzter Datenspeicher f\u00fcr Messungen<\/li>\n<li>Spektrumdiagramm mit 27 Lichtmesseinheiten<\/li>\n<li>Kompatibel mit Mobilger\u00e4ten, kabellos per Bluetooth steuerbar<\/li>\n<li>Zus\u00e4tzliche uSPECTRUM App und Software f\u00fcr erweiterte Analysen<\/li>\n<li>Sensor: CMOS-Linearbildsensor<\/li>\n<li>Wellenl\u00e4ngenbereich: 380 nm bis 780 nm<\/li>\n<li>Wellenl\u00e4ngen-Dateninkrement: 1 nm<\/li>\n<li>Spektrale Bandbreite: Ca. 12 nm (halbe Bandbreite)<\/li>\n<li>Wellenl\u00e4ngen-Reproduzierbarkeit: \u00b11 nm*1<\/li>\n<li>Messbereich: 70 lx bis 70.000 lx<\/li>\n<li>Beleuchtungsst\u00e4rkegenauigkeit: \u00b15 %<\/li>\n<li>Farbgenauigkeit: \u00b10,0025 in CIE 1931 x,y<\/li>\n<li>Farbwiederholbarkeit: \u00b10,0005 in CIE 1931 x,y<\/li>\n<li>CTT-Genauigkeit: \u00b12 %<\/li>\n<li>CRI-Genauigkeit @ Ra: \u00b11 %<\/li>\n<li>Streulicht: -25 dB max.*3<\/li>\n<li>Integrationszeitbereich: 6 ms bis 1.000 ms<\/li>\n<li>Digitale Aufl\u00f6sung: 16 Bit<\/li>\n<li>Frequenzbereich: 10 Hz bis 165 Hz<\/li>\n<li>Aufnahmefunktion: Einmalig\/Dauerhaft<\/li>\n<li>Betriebsmodus: Standalone-Modus\/Bluetooth-Modus*4\/USB-Modus (PC-Verbindung)<\/li>\n<li>Integration: Modus Auto\/Manuell<\/li>\n<li>Messfunktionen:<br \/>\n1. Beleuchtungsst\u00e4rke (LUX)\/Foot Candle (fc)<br \/>\n2. Korrelierte Farbtemperatur (CCT)<br \/>\n3. CIE-Farbortkoordinaten. (1) CIE 1931 x,y-Koordinaten, (2) CIE 1976 u\u2019,v\u2019-Koordinaten<br \/>\n4. Farbwiedergabeindex (CRI, Ra)\/R9<br \/>\n5. Prozentuales Flimmern<br \/>\n6. Spektrale Leistungsverteilung (SPD) mW\/m\u00b2<br \/>\n7. Spitzenwellenl\u00e4nge (\u03bbp)<\/li>\n<li>Display: 0,96 Zoll 128 x 96 Mono-OLED<\/li>\n<li>Max. Dateien: 1,2 Millionen Dateien auf 8 GB Micro-SD-Karte (Excel)<\/li>\n<li>Akkulaufzeit: \u2264 3 Stunden (vollst\u00e4ndig geladen)<\/li>\n<li>USB-Stromversorgung: 700 mAh (3,7 V wiederaufladbarer Lithium-Ionen-Akku)<\/li>\n<li>Datenausgabeschnittstelle: Mini-SD-Karte (SD 2.0, SDHC\/bis zu 32 GB)\/USB-Anschluss (USB 2.0)\/Bluetooth 3.0 und 4.0 Kompatibel mit IOS und Android<\/li>\n<\/ul>\n<p>&nbsp;<\/p>\n","protected":false},"excerpt":{"rendered":"<p>Dieses Lichtmessger\u00e4t misst Lichtparameter im Bereich von 380 nm bis 780 nm<\/p>\n","protected":false},"featured_media":30809,"template":"","meta":{"_crdt_document":""},"product_brand":[],"product_cat":[224],"product_tag":[],"class_list":{"0":"post-30806","1":"product","2":"type-product","3":"status-publish","4":"has-post-thumbnail","6":"product_cat-spektrophotometer","8":"first","9":"instock","10":"taxable","11":"shipping-taxable","12":"product-type-simple"},"yoast_head":"<!-- This site is optimized with the Yoast SEO plugin v27.4 - https:\/\/yoast.com\/product\/yoast-seo-wordpress\/ -->\n<title>Belichtungsmesser JI600D - Sysmatec<\/title>\n<meta name=\"description\" content=\"Dieses Lichtmessger\u00e4t kann Lichtparameter im Bereich von 380 nm bis 780 nm messen. Es kann die Beleuchtungsst\u00e4rke, die Farbtemperatur, die CIE-Chromatizit\u00e4tskoordinaten usw. messen.\" \/>\n<meta name=\"robots\" content=\"index, follow, max-snippet:-1, max-image-preview:large, max-video-preview:-1\" \/>\n<link rel=\"canonical\" href=\"https:\/\/sysmatec.ch\/de\/Produkt\/belichtungsmesser-ji600d\/\" \/>\n<meta property=\"og:locale\" content=\"de_DE\" \/>\n<meta property=\"og:type\" content=\"article\" \/>\n<meta property=\"og:title\" content=\"Belichtungsmesser JI600D - Sysmatec\" \/>\n<meta property=\"og:description\" content=\"Dieses Lichtmessger\u00e4t kann Lichtparameter im Bereich von 380 nm bis 780 nm messen. Es kann die Beleuchtungsst\u00e4rke, die Farbtemperatur, die CIE-Chromatizit\u00e4tskoordinaten usw. messen.\" \/>\n<meta property=\"og:url\" content=\"https:\/\/sysmatec.ch\/de\/Produkt\/belichtungsmesser-ji600d\/\" \/>\n<meta property=\"og:site_name\" content=\"Sysmatec\" \/>\n<meta property=\"article:modified_time\" content=\"2025-09-03T12:58:09+00:00\" \/>\n<meta property=\"og:image\" content=\"https:\/\/sysmatec.ch\/wp-content\/uploads\/2025\/09\/Spectrophotmetre_JI600DJiupo.jpg\" \/>\n\t<meta property=\"og:image:width\" content=\"818\" \/>\n\t<meta property=\"og:image:height\" content=\"736\" \/>\n\t<meta property=\"og:image:type\" content=\"image\/jpeg\" \/>\n<meta name=\"twitter:card\" content=\"summary_large_image\" \/>\n<meta name=\"twitter:label1\" content=\"Gesch\u00e4tzte Lesezeit\" \/>\n\t<meta name=\"twitter:data1\" content=\"2\u00a0Minuten\" \/>\n<script type=\"application\/ld+json\" class=\"yoast-schema-graph\">{\"@context\":\"https:\\\/\\\/schema.org\",\"@graph\":[{\"@type\":\"WebPage\",\"@id\":\"https:\\\/\\\/sysmatec.ch\\\/de\\\/Produkt\\\/belichtungsmesser-ji600d\\\/\",\"url\":\"https:\\\/\\\/sysmatec.ch\\\/de\\\/Produkt\\\/belichtungsmesser-ji600d\\\/\",\"name\":\"Belichtungsmesser JI600D - Sysmatec\",\"isPartOf\":{\"@id\":\"https:\\\/\\\/sysmatec.ch\\\/de\\\/#website\"},\"primaryImageOfPage\":{\"@id\":\"https:\\\/\\\/sysmatec.ch\\\/de\\\/Produkt\\\/belichtungsmesser-ji600d\\\/#primaryimage\"},\"image\":{\"@id\":\"https:\\\/\\\/sysmatec.ch\\\/de\\\/Produkt\\\/belichtungsmesser-ji600d\\\/#primaryimage\"},\"thumbnailUrl\":\"https:\\\/\\\/sysmatec.ch\\\/wp-content\\\/uploads\\\/2025\\\/09\\\/Spectrophotmetre_JI600DJiupo.jpg\",\"datePublished\":\"2025-09-03T12:21:47+00:00\",\"dateModified\":\"2025-09-03T12:58:09+00:00\",\"description\":\"Dieses Lichtmessger\u00e4t kann Lichtparameter im Bereich von 380 nm bis 780 nm messen. Es kann die Beleuchtungsst\u00e4rke, die Farbtemperatur, die CIE-Chromatizit\u00e4tskoordinaten usw. messen.\",\"breadcrumb\":{\"@id\":\"https:\\\/\\\/sysmatec.ch\\\/de\\\/Produkt\\\/belichtungsmesser-ji600d\\\/#breadcrumb\"},\"inLanguage\":\"de\",\"potentialAction\":[{\"@type\":\"ReadAction\",\"target\":[\"https:\\\/\\\/sysmatec.ch\\\/de\\\/Produkt\\\/belichtungsmesser-ji600d\\\/\"]}]},{\"@type\":\"ImageObject\",\"inLanguage\":\"de\",\"@id\":\"https:\\\/\\\/sysmatec.ch\\\/de\\\/Produkt\\\/belichtungsmesser-ji600d\\\/#primaryimage\",\"url\":\"https:\\\/\\\/sysmatec.ch\\\/wp-content\\\/uploads\\\/2025\\\/09\\\/Spectrophotmetre_JI600DJiupo.jpg\",\"contentUrl\":\"https:\\\/\\\/sysmatec.ch\\\/wp-content\\\/uploads\\\/2025\\\/09\\\/Spectrophotmetre_JI600DJiupo.jpg\",\"width\":818,\"height\":736},{\"@type\":\"BreadcrumbList\",\"@id\":\"https:\\\/\\\/sysmatec.ch\\\/de\\\/Produkt\\\/belichtungsmesser-ji600d\\\/#breadcrumb\",\"itemListElement\":[{\"@type\":\"ListItem\",\"position\":1,\"name\":\"Accueil\",\"item\":\"https:\\\/\\\/sysmatec.ch\\\/de\\\/\"},{\"@type\":\"ListItem\",\"position\":2,\"name\":\"Die Aktivit\u00e4t von Sysmatec\",\"item\":\"https:\\\/\\\/sysmatec.ch\\\/de\\\/\"},{\"@type\":\"ListItem\",\"position\":3,\"name\":\"Belichtungsmesser JI600D\"}]},{\"@type\":\"WebSite\",\"@id\":\"https:\\\/\\\/sysmatec.ch\\\/de\\\/#website\",\"url\":\"https:\\\/\\\/sysmatec.ch\\\/de\\\/\",\"name\":\"Sysmatec\",\"description\":\"Equipement de laboratoire et logiciels\",\"publisher\":{\"@id\":\"https:\\\/\\\/sysmatec.ch\\\/de\\\/#organization\"},\"potentialAction\":[{\"@type\":\"SearchAction\",\"target\":{\"@type\":\"EntryPoint\",\"urlTemplate\":\"https:\\\/\\\/sysmatec.ch\\\/de\\\/?s={search_term_string}\"},\"query-input\":{\"@type\":\"PropertyValueSpecification\",\"valueRequired\":true,\"valueName\":\"search_term_string\"}}],\"inLanguage\":\"de\"},{\"@type\":\"Organization\",\"@id\":\"https:\\\/\\\/sysmatec.ch\\\/de\\\/#organization\",\"name\":\"Sysmatec\",\"url\":\"https:\\\/\\\/sysmatec.ch\\\/de\\\/\",\"logo\":{\"@type\":\"ImageObject\",\"inLanguage\":\"de\",\"@id\":\"https:\\\/\\\/sysmatec.ch\\\/de\\\/#\\\/schema\\\/logo\\\/image\\\/\",\"url\":\"https:\\\/\\\/sysmatec.ch\\\/wp-content\\\/uploads\\\/2018\\\/11\\\/LogoSysmatec.jpg\",\"contentUrl\":\"https:\\\/\\\/sysmatec.ch\\\/wp-content\\\/uploads\\\/2018\\\/11\\\/LogoSysmatec.jpg\",\"width\":301,\"height\":297,\"caption\":\"Sysmatec\"},\"image\":{\"@id\":\"https:\\\/\\\/sysmatec.ch\\\/de\\\/#\\\/schema\\\/logo\\\/image\\\/\"}}]}<\/script>\n<!-- \/ Yoast SEO plugin. -->","yoast_head_json":{"title":"Belichtungsmesser JI600D - Sysmatec","description":"Dieses Lichtmessger\u00e4t kann Lichtparameter im Bereich von 380 nm bis 780 nm messen. Es kann die Beleuchtungsst\u00e4rke, die Farbtemperatur, die CIE-Chromatizit\u00e4tskoordinaten usw. messen.","robots":{"index":"index","follow":"follow","max-snippet":"max-snippet:-1","max-image-preview":"max-image-preview:large","max-video-preview":"max-video-preview:-1"},"canonical":"https:\/\/sysmatec.ch\/de\/Produkt\/belichtungsmesser-ji600d\/","og_locale":"de_DE","og_type":"article","og_title":"Belichtungsmesser JI600D - Sysmatec","og_description":"Dieses Lichtmessger\u00e4t kann Lichtparameter im Bereich von 380 nm bis 780 nm messen. Es kann die Beleuchtungsst\u00e4rke, die Farbtemperatur, die CIE-Chromatizit\u00e4tskoordinaten usw. messen.","og_url":"https:\/\/sysmatec.ch\/de\/Produkt\/belichtungsmesser-ji600d\/","og_site_name":"Sysmatec","article_modified_time":"2025-09-03T12:58:09+00:00","og_image":[{"width":818,"height":736,"url":"https:\/\/sysmatec.ch\/wp-content\/uploads\/2025\/09\/Spectrophotmetre_JI600DJiupo.jpg","type":"image\/jpeg"}],"twitter_card":"summary_large_image","twitter_misc":{"Gesch\u00e4tzte Lesezeit":"2\u00a0Minuten"},"schema":{"@context":"https:\/\/schema.org","@graph":[{"@type":"WebPage","@id":"https:\/\/sysmatec.ch\/de\/Produkt\/belichtungsmesser-ji600d\/","url":"https:\/\/sysmatec.ch\/de\/Produkt\/belichtungsmesser-ji600d\/","name":"Belichtungsmesser JI600D - Sysmatec","isPartOf":{"@id":"https:\/\/sysmatec.ch\/de\/#website"},"primaryImageOfPage":{"@id":"https:\/\/sysmatec.ch\/de\/Produkt\/belichtungsmesser-ji600d\/#primaryimage"},"image":{"@id":"https:\/\/sysmatec.ch\/de\/Produkt\/belichtungsmesser-ji600d\/#primaryimage"},"thumbnailUrl":"https:\/\/sysmatec.ch\/wp-content\/uploads\/2025\/09\/Spectrophotmetre_JI600DJiupo.jpg","datePublished":"2025-09-03T12:21:47+00:00","dateModified":"2025-09-03T12:58:09+00:00","description":"Dieses Lichtmessger\u00e4t kann Lichtparameter im Bereich von 380 nm bis 780 nm messen. Es kann die Beleuchtungsst\u00e4rke, die Farbtemperatur, die CIE-Chromatizit\u00e4tskoordinaten usw. messen.","breadcrumb":{"@id":"https:\/\/sysmatec.ch\/de\/Produkt\/belichtungsmesser-ji600d\/#breadcrumb"},"inLanguage":"de","potentialAction":[{"@type":"ReadAction","target":["https:\/\/sysmatec.ch\/de\/Produkt\/belichtungsmesser-ji600d\/"]}]},{"@type":"ImageObject","inLanguage":"de","@id":"https:\/\/sysmatec.ch\/de\/Produkt\/belichtungsmesser-ji600d\/#primaryimage","url":"https:\/\/sysmatec.ch\/wp-content\/uploads\/2025\/09\/Spectrophotmetre_JI600DJiupo.jpg","contentUrl":"https:\/\/sysmatec.ch\/wp-content\/uploads\/2025\/09\/Spectrophotmetre_JI600DJiupo.jpg","width":818,"height":736},{"@type":"BreadcrumbList","@id":"https:\/\/sysmatec.ch\/de\/Produkt\/belichtungsmesser-ji600d\/#breadcrumb","itemListElement":[{"@type":"ListItem","position":1,"name":"Accueil","item":"https:\/\/sysmatec.ch\/de\/"},{"@type":"ListItem","position":2,"name":"Die Aktivit\u00e4t von Sysmatec","item":"https:\/\/sysmatec.ch\/de\/"},{"@type":"ListItem","position":3,"name":"Belichtungsmesser JI600D"}]},{"@type":"WebSite","@id":"https:\/\/sysmatec.ch\/de\/#website","url":"https:\/\/sysmatec.ch\/de\/","name":"Sysmatec","description":"Equipement de laboratoire et logiciels","publisher":{"@id":"https:\/\/sysmatec.ch\/de\/#organization"},"potentialAction":[{"@type":"SearchAction","target":{"@type":"EntryPoint","urlTemplate":"https:\/\/sysmatec.ch\/de\/?s={search_term_string}"},"query-input":{"@type":"PropertyValueSpecification","valueRequired":true,"valueName":"search_term_string"}}],"inLanguage":"de"},{"@type":"Organization","@id":"https:\/\/sysmatec.ch\/de\/#organization","name":"Sysmatec","url":"https:\/\/sysmatec.ch\/de\/","logo":{"@type":"ImageObject","inLanguage":"de","@id":"https:\/\/sysmatec.ch\/de\/#\/schema\/logo\/image\/","url":"https:\/\/sysmatec.ch\/wp-content\/uploads\/2018\/11\/LogoSysmatec.jpg","contentUrl":"https:\/\/sysmatec.ch\/wp-content\/uploads\/2018\/11\/LogoSysmatec.jpg","width":301,"height":297,"caption":"Sysmatec"},"image":{"@id":"https:\/\/sysmatec.ch\/de\/#\/schema\/logo\/image\/"}}]}},"_links":{"self":[{"href":"https:\/\/sysmatec.ch\/de\/wp-json\/wp\/v2\/product\/30806","targetHints":{"allow":["GET"]}}],"collection":[{"href":"https:\/\/sysmatec.ch\/de\/wp-json\/wp\/v2\/product"}],"about":[{"href":"https:\/\/sysmatec.ch\/de\/wp-json\/wp\/v2\/types\/product"}],"wp:featuredmedia":[{"embeddable":true,"href":"https:\/\/sysmatec.ch\/de\/wp-json\/wp\/v2\/media\/30809"}],"wp:attachment":[{"href":"https:\/\/sysmatec.ch\/de\/wp-json\/wp\/v2\/media?parent=30806"}],"wp:term":[{"taxonomy":"product_brand","embeddable":true,"href":"https:\/\/sysmatec.ch\/de\/wp-json\/wp\/v2\/product_brand?post=30806"},{"taxonomy":"product_cat","embeddable":true,"href":"https:\/\/sysmatec.ch\/de\/wp-json\/wp\/v2\/product_cat?post=30806"},{"taxonomy":"product_tag","embeddable":true,"href":"https:\/\/sysmatec.ch\/de\/wp-json\/wp\/v2\/product_tag?post=30806"}],"curies":[{"name":"wp","href":"https:\/\/api.w.org\/{rel}","templated":true}]}}