{"id":30768,"date":"2025-09-01T16:57:48","date_gmt":"2025-09-01T14:57:48","guid":{"rendered":"https:\/\/sysmatec.ch\/?post_type=product&#038;p=30768"},"modified":"2025-09-01T20:44:18","modified_gmt":"2025-09-01T18:44:18","slug":"ultraschall-dickenmessgeraet-novotest-ut-1m","status":"publish","type":"product","link":"https:\/\/sysmatec.ch\/de\/Produkt\/ultraschall-dickenmessgeraet-novotest-ut-1m\/","title":{"rendered":"Ultraschall-Dickenmessger\u00e4t NOVOTEST UT-1M"},"content":{"rendered":"<p>Die Methode des Ultraschall-Dickenmessger\u00e4ts basiert auf der Eigenschaft von Materialien, Ultraschall zu leiten. Ultraschallwellen werden durch die piezokeramische Platte im Messumformer angeregt und dringen durch das Koppelmittel in das Material ein, werden dann von der Unterseite der Pr\u00fcfprobe reflektiert und kehren zum Messumformer zur\u00fcck. Anhand der ermittelten Schalllaufzeit im Material berechnet das Ger\u00e4t die Dicke entsprechend der Ausbreitungsgeschwindigkeit der Ultraschallwellen in der Pr\u00fcfprobe. Der Dickenwert wird auf dem Display des Ger\u00e4ts angezeigt. Der Messvorgang dauert ca. 1 Sekunde.<\/p>\n<p>Das Dickenmessger\u00e4t kann je nach Sensor im Impuls-Echo-Modus (direkte Messung ohne Beschichtung) oder im Echo-Echo-Modus (mit Beschichtung) verwendet werden (siehe Tabelle unten).<\/p>\n<p>Das Ger\u00e4t erm\u00f6glicht die Aufzeichnung der Messergebnisse im Archiv des Ger\u00e4ts und die anschlie\u00dfende \u00dcbertragung auf einen PC mit spezieller Software.<\/p>\n<p>Zur Visualisierung des Produktprofils ist bei Bedarf neben der Punktmessung auch ein B-Scan im Ger\u00e4t implementiert, der dem Anwender die Verd\u00fcnnung und Verdickung der Wand des Pr\u00fcfobjekts visuell erkennen l\u00e4sst. Zur einfacheren Bedienung verf\u00fcgt das Ger\u00e4t au\u00dferdem \u00fcber eine automatische Fehleralarmfunktion. Der Bediener kann Grenzdickenwerte (Minimum und Maximum) ausw\u00e4hlen, deren \u00dcberschreiten das Ger\u00e4t \u00fcber den Lautsprecher signalisiert und zus\u00e4tzlich optisch signalisiert.<\/p>\n<p>Die Version UT-1M erm\u00f6glicht die drahtlose Kommunikation mit Android-Smartphones und -Tablets.<\/p>\n<h2>Beschreibung<\/h2>\n<table width=\"882\">\n<tbody>\n<tr>\n<td width=\"412\">Kompatible Sondentypen<\/td>\n<td width=\"470\">Ultraschall, Zweielement, Longitudinalwellen (auch Sonden anderer Hersteller)<\/td>\n<\/tr>\n<tr>\n<td rowspan=\"2\" width=\"412\">Sondenkalibrierungen (V-Pfad, TVG usw.)<\/td>\n<td width=\"470\">Werkseitig f\u00fcr NOVOTEST-Sonden<\/td>\n<\/tr>\n<tr>\n<td width=\"470\">Benutzerseitig f\u00fcr Sonden anderer Hersteller<\/td>\n<\/tr>\n<tr>\n<td width=\"412\">Sondenkabelanschlusstyp<\/td>\n<td width=\"470\">2 Lemo 00<\/td>\n<\/tr>\n<tr>\n<td width=\"412\">Sondenkabell\u00e4nge, m<\/td>\n<td width=\"470\">1,2<\/td>\n<\/tr>\n<tr>\n<td rowspan=\"2\" width=\"412\">Messskalen<\/td>\n<td width=\"470\">mm (m\/s)<\/td>\n<\/tr>\n<tr>\n<td width=\"470\">Zoll (Zoll\/\u00b5s)<\/td>\n<\/tr>\n<tr>\n<td rowspan=\"2\" width=\"412\">Messaufl\u00f6sung, mm\/Zoll<\/td>\n<td width=\"470\">0,01\/0,001<\/td>\n<\/tr>\n<tr>\n<td width=\"470\">(0,01\/0,0001 auf Anfrage)<\/td>\n<\/tr>\n<tr>\n<td rowspan=\"2\" width=\"412\">Grundmessgenauigkeit, mm<\/td>\n<td width=\"470\">\u00b1 (0,01 T+0,05)<\/td>\n<\/tr>\n<tr>\n<td width=\"470\">(*F\u00fcr Messbereich 0,8 \u2013 300 mm)<\/td>\n<\/tr>\n<tr>\n<td width=\"412\">Verst\u00e4rkungsbereich, dB<\/td>\n<td width=\"470\">\u00b1 20<\/td>\n<\/tr>\n<tr>\n<td width=\"412\">Ansprechzeit, maximal s<\/td>\n<td width=\"470\">1<\/td>\n<\/tr>\n<tr>\n<td width=\"412\">Einstellbereich der Ultraschallgeschwindigkeit, m\/s<\/td>\n<td width=\"470\">1000\u201317000<\/td>\n<\/tr>\n<tr>\n<td width=\"412\">Voreingestellte Geschwindigkeiten f\u00fcr Materialien<\/td>\n<td width=\"470\">Stahl (8 verschiedene G\u00fcten), Aluminium, Eisen, Gusseisen, Zink, Chrom, Kupfer, Messing, Bronze, Silber, Gold, Nickel, Wolfram, Zinn, Blei, Molybd\u00e4n, Mangan, Magnesium, Gummi, Polystyrol, Plexiglas, Capron, Caprolon, ED-5, Ebonit, Porzellan, Teflon, Textolit, Silikatglas, Acrylglas, Benutzer<\/td>\n<\/tr>\n<tr>\n<td rowspan=\"5\" width=\"412\">Ger\u00e4temen\u00fcmodi<\/td>\n<td width=\"470\">Messung<\/td>\n<\/tr>\n<tr>\n<td width=\"470\">Kalibrierung<\/td>\n<\/tr>\n<tr>\n<td width=\"470\">Archiv<\/td>\n<\/tr>\n<tr>\n<td width=\"470\">Speicher Karte<\/td>\n<\/tr>\n<tr>\n<td width=\"470\">Informationen<\/td>\n<\/tr>\n<tr>\n<td rowspan=\"3\" width=\"412\">Betriebsarten<\/td>\n<td width=\"470\">Normal<\/td>\n<\/tr>\n<tr>\n<td width=\"470\">B-Bild<\/td>\n<\/tr>\n<tr>\n<td width=\"470\">Regelmodus<\/td>\n<\/tr>\n<tr>\n<td rowspan=\"3\" width=\"412\">Normen<\/td>\n<td width=\"470\">ASTM E797<\/td>\n<\/tr>\n<tr>\n<td width=\"470\">EN 14127<\/td>\n<\/tr>\n<tr>\n<td width=\"470\">EN15317<\/td>\n<\/tr>\n<tr>\n<td width=\"412\">Geh\u00e4usetyp<\/td>\n<td width=\"470\">Kunststoff, mit sto\u00dffestem Silikongeh\u00e4use<\/td>\n<\/tr>\n<tr>\n<td width=\"412\">Staub- und Feuchtigkeitsschutz<\/td>\n<td width=\"470\">Standard f\u00fcr Werkstatt- und Feldbetrieb, IP54<\/td>\n<\/tr>\n<tr>\n<td width=\"412\">Kalibrierdickenblock am Geh\u00e4use<\/td>\n<td width=\"470\">6 mm (Stahl\/~6080 m\/s)<\/td>\n<\/tr>\n<tr>\n<td width=\"412\">PC-Kabelverbindung<\/td>\n<td>Online \u2013\u00a0NOVOTEST.INFO\/USB-connect<\/td>\n<\/tr>\n<tr>\n<td rowspan=\"2\">Drahtlose Verbindung mit Android-Ger\u00e4ten \u00fcber die\u00a0NOVOTEST Lab App<\/td>\n<td width=\"470\">UT-1M \u2013 Nein<\/td>\n<\/tr>\n<tr>\n<td>UT-1M (Labor) \u2013 Ja<\/td>\n<\/tr>\n<tr>\n<td rowspan=\"2\" width=\"412\">Speicherkapazit\u00e4t der Messergebnisse<\/td>\n<td width=\"470\">UT-1M \u2013\u00a0128<\/td>\n<\/tr>\n<tr>\n<td>UT-1M (Labor) \u2013\u00a0128 im Ger\u00e4t + in der NOVOTEST Lab App, nur begrenzt durch den Speicher der Android-Ger\u00e4te<\/td>\n<\/tr>\n<tr>\n<td rowspan=\"5\" width=\"412\">Archivierung<\/td>\n<td width=\"470\">Ger\u00e4temen\u00fc<\/td>\n<\/tr>\n<tr>\n<td>Android-Smartphone\/-Tablet<\/td>\n<\/tr>\n<tr>\n<td>Cloud Speicher\/PC<\/td>\n<\/tr>\n<tr>\n<td>PDF<\/td>\n<\/tr>\n<tr>\n<td>Excel (CSV)<\/td>\n<\/tr>\n<tr>\n<td width=\"412\">Men\u00fcsprachen<\/td>\n<td width=\"470\">Englisch, Spanisch, Ukrainisch, Russisch (weitere Sprachen optional)<\/td>\n<\/tr>\n<tr>\n<td rowspan=\"2\" width=\"412\">Betriebsumgebung<\/td>\n<td width=\"470\">Temperatur: -20 \u00b0C bis 40 \u00b0C<\/td>\n<\/tr>\n<tr>\n<td width=\"470\">Luftfeuchtigkeit: 30 % bis 80 % relative Luftfeuchtigkeit<\/td>\n<\/tr>\n<tr>\n<td width=\"412\">Stromversorgung<\/td>\n<td width=\"470\">DC 3 V (2 Standardbatterien) AA)<\/td>\n<\/tr>\n<tr>\n<td width=\"412\">Dauerbetriebszeit (mindestens Stunden)<\/td>\n<td width=\"470\">25<\/td>\n<\/tr>\n<tr>\n<td width=\"412\">Laden<\/td>\n<td width=\"470\">Externes Ladeger\u00e4t f\u00fcr 2 AA-Batterien<\/td>\n<\/tr>\n<tr>\n<td width=\"412\">Gewicht der Elektronikeinheit mit Batterien (max.) in kg<\/td>\n<td width=\"470\">0,25<\/td>\n<\/tr>\n<tr>\n<td width=\"412\">Abmessungen (mm)<\/td>\n<td width=\"470\">120 x 60 x 25<\/td>\n<\/tr>\n<tr>\n<td width=\"412\">Verpackungsgewicht (kg)<\/td>\n<td width=\"470\">1,5<\/td>\n<\/tr>\n<tr>\n<td width=\"412\">Verpackungsma\u00dfe, cm<\/td>\n<td width=\"470\">33*27*10<\/td>\n<\/tr>\n<tr>\n<td rowspan=\"2\" width=\"412\">Garantie<\/td>\n<td width=\"470\">\u2013 12 Monate f\u00fcr die Elektronikeinheit<\/td>\n<\/tr>\n<tr>\n<td width=\"470\">\u2013 6 Monate f\u00fcr die Sonden<\/td>\n<\/tr>\n<\/tbody>\n<\/table>\n<h2>Verf\u00fcgbare Sonden<\/h2>\n<table width=\"542\">\n<tbody>\n<tr>\n<td width=\"241\">Sonde<\/td>\n<td width=\"301\">Bereich<\/td>\n<\/tr>\n<tr>\n<td width=\"241\">Sonde 10 MHz \u2013 P112-10-2\u00d73<\/td>\n<td width=\"301\">Messbereich 0,4\u201315 mm<\/td>\n<\/tr>\n<tr>\n<td width=\"241\">Sonde 10 MHz \u2013 P112-10-6 \/ 2<\/td>\n<td width=\"301\">Messbereich 0,45\u2013300 mm<\/td>\n<\/tr>\n<tr>\n<td width=\"241\">Sonde 5 MHz \u2013 P112-5-10 \/ 2<\/td>\n<td width=\"301\">Messbereich 0,8\u2013500 mm<\/td>\n<\/tr>\n<tr>\n<td width=\"241\">Sonde 2,5 MHz \u2013 P112-2,5-12 \/ 2<\/td>\n<td width=\"301\">Messbereich 2,5\u20131000 mm<\/td>\n<\/tr>\n<tr>\n<td width=\"241\">Sonde 2 MHz \u2013 P112-2-20 \/ 2<\/td>\n<td width=\"301\">Messbereich 3\u20131200 mm<\/td>\n<\/tr>\n<tr>\n<td width=\"241\">Sonde 1,25 MHz \u2013 P112-1.25-20 \/ 2<\/td>\n<td width=\"301\">Messbereich 4\u20131500 mm<\/td>\n<\/tr>\n<tr>\n<td width=\"241\">5 MHz Hochtemperatursonde (Echo) 10\/2<\/td>\n<td width=\"301\">Messbereich 0,8\u2013300 mm, Oberfl\u00e4chentemperatur bis 250 \u00b0\u0421\/482 \u00b0F<\/td>\n<\/tr>\n<tr>\n<td width=\"241\">2,5 MHz-Sonde (Echo-Echo) 12\/2 f\u00fcr Durchbeschichtung<\/td>\n<td width=\"301\">Messbereich 6 \u2013 30 mm,<br \/>\nSchichtdickenbereich \u2013 bis 1 mm<\/td>\n<\/tr>\n<tr>\n<td width=\"241\">5 MHz-Sonde (Echo-Echo) 10\/2 f\u00fcr Durchbeschichtung<\/td>\n<td width=\"301\">Messbereich\u00a03,5 \u2013 26 mm, Schichtdickenbereich \u2013 bis 1 mm<\/td>\n<\/tr>\n<tr>\n<td width=\"241\">10 MHz-Sonde (Echo-Echo) 6\/2 f\u00fcr Durchbeschichtung<\/td>\n<td width=\"301\">Messbereich\u00a02 \u2013\u00a012 mm, Schichtdickenbereich \u2013 bis 0,6 mm<\/td>\n<\/tr>\n<tr>\n<td width=\"241\">5-MHz-Sonde (Echo-Echo) 10\/2 f\u00fcr Durchbeschichtung, Unterwasser, 10 m Kabel<\/td>\n<td width=\"301\">Reichweite\u00a03,5 \u2013 26 mm, Schichtdickenbereich \u2013 bis 1 mm<\/td>\n<\/tr>\n<tr>\n<td width=\"241\">5-MHz-Sonde (Echo-Echo) 10\/2 f\u00fcr Durchbeschichtung, Unterwasser, 20 m Kabel<\/td>\n<td width=\"301\">Reichweite\u00a03,5 \u2013 26 mm, Schichtdickenbereich \u2013 bis 1 mm<\/td>\n<\/tr>\n<tr>\n<td width=\"241\">5-MHz-Sonde (Echo-Echo) 10\/2 f\u00fcr Durchbeschichtung, Unterwasser, 30 m Kabel<\/td>\n<td width=\"301\">range\u00a03,5 \u2013 26 mm, coating thickness range \u2013 up to 1 mm<\/td>\n<\/tr>\n<\/tbody>\n<\/table>\n<p>Standardlieferumfang<\/p>\n<ul>\n<li>1 x UT-1M<\/li>\n<li>1 x Sonde (Puls-Echo) \u2013 1 St\u00fcck (2,5 MHz, 5 MHz oder 10 MHz zur Auswahl)<\/li>\n<li>2 x AA-Batterien<\/li>\n<li>Ladeger\u00e4t<\/li>\n<li>USB-Kabel f\u00fcr PC<\/li>\n<li>PC-Software (kostenlos zum Download)<\/li>\n<li>Bedienungsanleitung\/Kurzanleitung in Englisch<\/li>\n<li>Transportkoffer aus Kunststoff<\/li>\n<\/ul>\n<p>&nbsp;<\/p>\n","protected":false},"excerpt":{"rendered":"<p>Messung der Dicke von Materialien (Eisen, Stahl usw.) ohne oder mit Beschichtung.<\/p>\n","protected":false},"featured_media":30776,"template":"","meta":{"_crdt_document":""},"product_brand":[],"product_cat":[312,180],"product_tag":[],"class_list":{"0":"post-30768","1":"product","2":"type-product","3":"status-publish","4":"has-post-thumbnail","6":"product_cat-dicke","7":"product_cat-messung","9":"first","10":"instock","11":"taxable","12":"shipping-taxable","13":"product-type-simple"},"yoast_head":"<!-- This site is optimized with the Yoast SEO plugin v27.4 - https:\/\/yoast.com\/product\/yoast-seo-wordpress\/ -->\n<title>Ultraschall-Dickenmessger\u00e4t NOVOTEST UT-1M - Sysmatec<\/title>\n<meta name=\"description\" content=\"Digitales Ger\u00e4t zur Messung der Dicke von Materialien (Eisen, Stahl usw.) ohne und mit Beschichtung, je nach gew\u00e4hlter Sonde.\" \/>\n<meta name=\"robots\" content=\"index, follow, max-snippet:-1, max-image-preview:large, max-video-preview:-1\" \/>\n<link rel=\"canonical\" href=\"https:\/\/sysmatec.ch\/de\/Produkt\/ultraschall-dickenmessgeraet-novotest-ut-1m\/\" \/>\n<meta property=\"og:locale\" content=\"de_DE\" \/>\n<meta property=\"og:type\" content=\"article\" \/>\n<meta property=\"og:title\" content=\"Ultraschall-Dickenmessger\u00e4t NOVOTEST UT-1M - Sysmatec\" \/>\n<meta property=\"og:description\" content=\"Digitales Ger\u00e4t zur Messung der Dicke von Materialien (Eisen, Stahl usw.) ohne und mit Beschichtung, je nach gew\u00e4hlter Sonde.\" \/>\n<meta property=\"og:url\" content=\"https:\/\/sysmatec.ch\/de\/Produkt\/ultraschall-dickenmessgeraet-novotest-ut-1m\/\" \/>\n<meta property=\"og:site_name\" content=\"Sysmatec\" \/>\n<meta property=\"article:modified_time\" content=\"2025-09-01T18:44:18+00:00\" \/>\n<meta property=\"og:image\" content=\"https:\/\/sysmatec.ch\/wp-content\/uploads\/2025\/09\/Epaisseur_UT1MNovotest1.jpg\" \/>\n\t<meta property=\"og:image:width\" content=\"366\" \/>\n\t<meta property=\"og:image:height\" content=\"366\" \/>\n\t<meta property=\"og:image:type\" content=\"image\/jpeg\" \/>\n<meta name=\"twitter:card\" content=\"summary_large_image\" \/>\n<meta name=\"twitter:label1\" content=\"Gesch\u00e4tzte Lesezeit\" \/>\n\t<meta name=\"twitter:data1\" content=\"4\u00a0Minuten\" \/>\n<script type=\"application\/ld+json\" class=\"yoast-schema-graph\">{\"@context\":\"https:\\\/\\\/schema.org\",\"@graph\":[{\"@type\":\"WebPage\",\"@id\":\"https:\\\/\\\/sysmatec.ch\\\/de\\\/Produkt\\\/ultraschall-dickenmessgeraet-novotest-ut-1m\\\/\",\"url\":\"https:\\\/\\\/sysmatec.ch\\\/de\\\/Produkt\\\/ultraschall-dickenmessgeraet-novotest-ut-1m\\\/\",\"name\":\"Ultraschall-Dickenmessger\u00e4t NOVOTEST UT-1M - Sysmatec\",\"isPartOf\":{\"@id\":\"https:\\\/\\\/sysmatec.ch\\\/de\\\/#website\"},\"primaryImageOfPage\":{\"@id\":\"https:\\\/\\\/sysmatec.ch\\\/de\\\/Produkt\\\/ultraschall-dickenmessgeraet-novotest-ut-1m\\\/#primaryimage\"},\"image\":{\"@id\":\"https:\\\/\\\/sysmatec.ch\\\/de\\\/Produkt\\\/ultraschall-dickenmessgeraet-novotest-ut-1m\\\/#primaryimage\"},\"thumbnailUrl\":\"https:\\\/\\\/sysmatec.ch\\\/wp-content\\\/uploads\\\/2025\\\/09\\\/Epaisseur_UT1MNovotest1.jpg\",\"datePublished\":\"2025-09-01T14:57:48+00:00\",\"dateModified\":\"2025-09-01T18:44:18+00:00\",\"description\":\"Digitales Ger\u00e4t zur Messung der Dicke von Materialien (Eisen, Stahl usw.) ohne und mit Beschichtung, je nach gew\u00e4hlter Sonde.\",\"breadcrumb\":{\"@id\":\"https:\\\/\\\/sysmatec.ch\\\/de\\\/Produkt\\\/ultraschall-dickenmessgeraet-novotest-ut-1m\\\/#breadcrumb\"},\"inLanguage\":\"de\",\"potentialAction\":[{\"@type\":\"ReadAction\",\"target\":[\"https:\\\/\\\/sysmatec.ch\\\/de\\\/Produkt\\\/ultraschall-dickenmessgeraet-novotest-ut-1m\\\/\"]}]},{\"@type\":\"ImageObject\",\"inLanguage\":\"de\",\"@id\":\"https:\\\/\\\/sysmatec.ch\\\/de\\\/Produkt\\\/ultraschall-dickenmessgeraet-novotest-ut-1m\\\/#primaryimage\",\"url\":\"https:\\\/\\\/sysmatec.ch\\\/wp-content\\\/uploads\\\/2025\\\/09\\\/Epaisseur_UT1MNovotest1.jpg\",\"contentUrl\":\"https:\\\/\\\/sysmatec.ch\\\/wp-content\\\/uploads\\\/2025\\\/09\\\/Epaisseur_UT1MNovotest1.jpg\",\"width\":366,\"height\":366},{\"@type\":\"BreadcrumbList\",\"@id\":\"https:\\\/\\\/sysmatec.ch\\\/de\\\/Produkt\\\/ultraschall-dickenmessgeraet-novotest-ut-1m\\\/#breadcrumb\",\"itemListElement\":[{\"@type\":\"ListItem\",\"position\":1,\"name\":\"Accueil\",\"item\":\"https:\\\/\\\/sysmatec.ch\\\/de\\\/\"},{\"@type\":\"ListItem\",\"position\":2,\"name\":\"Die Aktivit\u00e4t von Sysmatec\",\"item\":\"https:\\\/\\\/sysmatec.ch\\\/de\\\/\"},{\"@type\":\"ListItem\",\"position\":3,\"name\":\"Ultraschall-Dickenmessger\u00e4t NOVOTEST UT-1M\"}]},{\"@type\":\"WebSite\",\"@id\":\"https:\\\/\\\/sysmatec.ch\\\/de\\\/#website\",\"url\":\"https:\\\/\\\/sysmatec.ch\\\/de\\\/\",\"name\":\"Sysmatec\",\"description\":\"Equipement de laboratoire et logiciels\",\"publisher\":{\"@id\":\"https:\\\/\\\/sysmatec.ch\\\/de\\\/#organization\"},\"potentialAction\":[{\"@type\":\"SearchAction\",\"target\":{\"@type\":\"EntryPoint\",\"urlTemplate\":\"https:\\\/\\\/sysmatec.ch\\\/de\\\/?s={search_term_string}\"},\"query-input\":{\"@type\":\"PropertyValueSpecification\",\"valueRequired\":true,\"valueName\":\"search_term_string\"}}],\"inLanguage\":\"de\"},{\"@type\":\"Organization\",\"@id\":\"https:\\\/\\\/sysmatec.ch\\\/de\\\/#organization\",\"name\":\"Sysmatec\",\"url\":\"https:\\\/\\\/sysmatec.ch\\\/de\\\/\",\"logo\":{\"@type\":\"ImageObject\",\"inLanguage\":\"de\",\"@id\":\"https:\\\/\\\/sysmatec.ch\\\/de\\\/#\\\/schema\\\/logo\\\/image\\\/\",\"url\":\"https:\\\/\\\/sysmatec.ch\\\/wp-content\\\/uploads\\\/2018\\\/11\\\/LogoSysmatec.jpg\",\"contentUrl\":\"https:\\\/\\\/sysmatec.ch\\\/wp-content\\\/uploads\\\/2018\\\/11\\\/LogoSysmatec.jpg\",\"width\":301,\"height\":297,\"caption\":\"Sysmatec\"},\"image\":{\"@id\":\"https:\\\/\\\/sysmatec.ch\\\/de\\\/#\\\/schema\\\/logo\\\/image\\\/\"}}]}<\/script>\n<!-- \/ Yoast SEO plugin. -->","yoast_head_json":{"title":"Ultraschall-Dickenmessger\u00e4t NOVOTEST UT-1M - Sysmatec","description":"Digitales Ger\u00e4t zur Messung der Dicke von Materialien (Eisen, Stahl usw.) ohne und mit Beschichtung, je nach gew\u00e4hlter Sonde.","robots":{"index":"index","follow":"follow","max-snippet":"max-snippet:-1","max-image-preview":"max-image-preview:large","max-video-preview":"max-video-preview:-1"},"canonical":"https:\/\/sysmatec.ch\/de\/Produkt\/ultraschall-dickenmessgeraet-novotest-ut-1m\/","og_locale":"de_DE","og_type":"article","og_title":"Ultraschall-Dickenmessger\u00e4t NOVOTEST UT-1M - Sysmatec","og_description":"Digitales Ger\u00e4t zur Messung der Dicke von Materialien (Eisen, Stahl usw.) ohne und mit Beschichtung, je nach gew\u00e4hlter Sonde.","og_url":"https:\/\/sysmatec.ch\/de\/Produkt\/ultraschall-dickenmessgeraet-novotest-ut-1m\/","og_site_name":"Sysmatec","article_modified_time":"2025-09-01T18:44:18+00:00","og_image":[{"width":366,"height":366,"url":"https:\/\/sysmatec.ch\/wp-content\/uploads\/2025\/09\/Epaisseur_UT1MNovotest1.jpg","type":"image\/jpeg"}],"twitter_card":"summary_large_image","twitter_misc":{"Gesch\u00e4tzte Lesezeit":"4\u00a0Minuten"},"schema":{"@context":"https:\/\/schema.org","@graph":[{"@type":"WebPage","@id":"https:\/\/sysmatec.ch\/de\/Produkt\/ultraschall-dickenmessgeraet-novotest-ut-1m\/","url":"https:\/\/sysmatec.ch\/de\/Produkt\/ultraschall-dickenmessgeraet-novotest-ut-1m\/","name":"Ultraschall-Dickenmessger\u00e4t NOVOTEST UT-1M - Sysmatec","isPartOf":{"@id":"https:\/\/sysmatec.ch\/de\/#website"},"primaryImageOfPage":{"@id":"https:\/\/sysmatec.ch\/de\/Produkt\/ultraschall-dickenmessgeraet-novotest-ut-1m\/#primaryimage"},"image":{"@id":"https:\/\/sysmatec.ch\/de\/Produkt\/ultraschall-dickenmessgeraet-novotest-ut-1m\/#primaryimage"},"thumbnailUrl":"https:\/\/sysmatec.ch\/wp-content\/uploads\/2025\/09\/Epaisseur_UT1MNovotest1.jpg","datePublished":"2025-09-01T14:57:48+00:00","dateModified":"2025-09-01T18:44:18+00:00","description":"Digitales Ger\u00e4t zur Messung der Dicke von Materialien (Eisen, Stahl usw.) ohne und mit Beschichtung, je nach gew\u00e4hlter Sonde.","breadcrumb":{"@id":"https:\/\/sysmatec.ch\/de\/Produkt\/ultraschall-dickenmessgeraet-novotest-ut-1m\/#breadcrumb"},"inLanguage":"de","potentialAction":[{"@type":"ReadAction","target":["https:\/\/sysmatec.ch\/de\/Produkt\/ultraschall-dickenmessgeraet-novotest-ut-1m\/"]}]},{"@type":"ImageObject","inLanguage":"de","@id":"https:\/\/sysmatec.ch\/de\/Produkt\/ultraschall-dickenmessgeraet-novotest-ut-1m\/#primaryimage","url":"https:\/\/sysmatec.ch\/wp-content\/uploads\/2025\/09\/Epaisseur_UT1MNovotest1.jpg","contentUrl":"https:\/\/sysmatec.ch\/wp-content\/uploads\/2025\/09\/Epaisseur_UT1MNovotest1.jpg","width":366,"height":366},{"@type":"BreadcrumbList","@id":"https:\/\/sysmatec.ch\/de\/Produkt\/ultraschall-dickenmessgeraet-novotest-ut-1m\/#breadcrumb","itemListElement":[{"@type":"ListItem","position":1,"name":"Accueil","item":"https:\/\/sysmatec.ch\/de\/"},{"@type":"ListItem","position":2,"name":"Die Aktivit\u00e4t von Sysmatec","item":"https:\/\/sysmatec.ch\/de\/"},{"@type":"ListItem","position":3,"name":"Ultraschall-Dickenmessger\u00e4t NOVOTEST UT-1M"}]},{"@type":"WebSite","@id":"https:\/\/sysmatec.ch\/de\/#website","url":"https:\/\/sysmatec.ch\/de\/","name":"Sysmatec","description":"Equipement de laboratoire et logiciels","publisher":{"@id":"https:\/\/sysmatec.ch\/de\/#organization"},"potentialAction":[{"@type":"SearchAction","target":{"@type":"EntryPoint","urlTemplate":"https:\/\/sysmatec.ch\/de\/?s={search_term_string}"},"query-input":{"@type":"PropertyValueSpecification","valueRequired":true,"valueName":"search_term_string"}}],"inLanguage":"de"},{"@type":"Organization","@id":"https:\/\/sysmatec.ch\/de\/#organization","name":"Sysmatec","url":"https:\/\/sysmatec.ch\/de\/","logo":{"@type":"ImageObject","inLanguage":"de","@id":"https:\/\/sysmatec.ch\/de\/#\/schema\/logo\/image\/","url":"https:\/\/sysmatec.ch\/wp-content\/uploads\/2018\/11\/LogoSysmatec.jpg","contentUrl":"https:\/\/sysmatec.ch\/wp-content\/uploads\/2018\/11\/LogoSysmatec.jpg","width":301,"height":297,"caption":"Sysmatec"},"image":{"@id":"https:\/\/sysmatec.ch\/de\/#\/schema\/logo\/image\/"}}]}},"_links":{"self":[{"href":"https:\/\/sysmatec.ch\/de\/wp-json\/wp\/v2\/product\/30768","targetHints":{"allow":["GET"]}}],"collection":[{"href":"https:\/\/sysmatec.ch\/de\/wp-json\/wp\/v2\/product"}],"about":[{"href":"https:\/\/sysmatec.ch\/de\/wp-json\/wp\/v2\/types\/product"}],"wp:featuredmedia":[{"embeddable":true,"href":"https:\/\/sysmatec.ch\/de\/wp-json\/wp\/v2\/media\/30776"}],"wp:attachment":[{"href":"https:\/\/sysmatec.ch\/de\/wp-json\/wp\/v2\/media?parent=30768"}],"wp:term":[{"taxonomy":"product_brand","embeddable":true,"href":"https:\/\/sysmatec.ch\/de\/wp-json\/wp\/v2\/product_brand?post=30768"},{"taxonomy":"product_cat","embeddable":true,"href":"https:\/\/sysmatec.ch\/de\/wp-json\/wp\/v2\/product_cat?post=30768"},{"taxonomy":"product_tag","embeddable":true,"href":"https:\/\/sysmatec.ch\/de\/wp-json\/wp\/v2\/product_tag?post=30768"}],"curies":[{"name":"wp","href":"https:\/\/api.w.org\/{rel}","templated":true}]}}