{"id":30753,"date":"2025-08-31T09:55:16","date_gmt":"2025-08-31T07:55:16","guid":{"rendered":"https:\/\/sysmatec.ch\/?post_type=product&#038;p=30753"},"modified":"2025-08-31T10:54:14","modified_gmt":"2025-08-31T08:54:14","slug":"mikrobieller-wachstumskurvenanalysator-mgc","status":"publish","type":"product","link":"https:\/\/sysmatec.ch\/de\/Produkt\/mikrobieller-wachstumskurvenanalysator-mgc\/","title":{"rendered":"Mikrobieller Wachstumskurvenanalysator MGC"},"content":{"rendered":"<p>Der mikrobielle Wachstumskurvenanalysator der MGC-200-Serie ist ein vollautomatisches Ger\u00e4t, das den mikrobiellen Wachstumsstatus bei unterschiedlichen Wachstumstemperaturen, Medienkomponenten und Lichtkombinationen in Echtzeit erfasst und automatisch Wachstumskurven erstellt, um die mikrobielle Forschung effektiv zu unterst\u00fctzen. Der gesamte Prozess erfordert keine h\u00e4ufige Probenahme und eliminiert das Kontaminationsrisiko vollst\u00e4ndig. Das Wachstum kann unter verschiedenen O\u2082- oder CO\u2082-Atmosph\u00e4ren erfolgen.<\/p>\n<p>Dieser mikrobielle Wachstumsanalysator kann mit verschiedenen Mikroorganismen wie sauerstoffabh\u00e4ngigen aeroben und anaeroben Bakterien verwendet werden.<br \/>\nEr misst das Wachstum bei unterschiedlichen Kulturtemperaturen, unterschiedlichen Gasumgebungen, Sch\u00fctteln und Lichtkombinationen. Er erm\u00f6glicht beispielsweise die Optimierung von N\u00e4hrstoffen wie Kohlenstoffquellen, Vitaminen usw.<\/p>\n<p>Zwei Modelle sind erh\u00e4ltlich: der MGC-200 f\u00fcr Standardanwendungen und der MGC-500 mit der M\u00f6glichkeit zur Kontrolle der Gasatmosph\u00e4re.<\/p>\n<h2>Beschreibung<\/h2>\n<table width=\"429\">\n<tbody>\n<tr>\n<td width=\"158\">Modell<\/td>\n<td width=\"133\">MGC-200<\/td>\n<td width=\"138\">MGC-500<\/td>\n<\/tr>\n<tr>\n<td>Dimension<\/td>\n<td colspan=\"2\">530x680x360 mm<\/td>\n<\/tr>\n<tr>\n<td>Detektionswellenl\u00e4nge<\/td>\n<td colspan=\"2\">300-850 nm<\/td>\n<\/tr>\n<tr>\n<td>Container<\/td>\n<td colspan=\"2\">Kulturplatten, ELISA-Platten<\/td>\n<\/tr>\n<tr>\n<td>Anzahl Kan\u00e4le<\/td>\n<td colspan=\"2\">2 Platinenpl\u00e4tze, bis zu 192 Kan\u00e4le<\/td>\n<\/tr>\n<tr>\n<td>Max Volum<\/td>\n<td colspan=\"2\">2.5 mL<\/td>\n<\/tr>\n<tr>\n<td>Lichtquelle<\/td>\n<td colspan=\"2\">Xenon lamp<\/td>\n<\/tr>\n<tr>\n<td>Temperaturekontroll<\/td>\n<td>15-60 \u00b0C<\/td>\n<td>15-45 \u00b0C<\/td>\n<\/tr>\n<tr>\n<td>R\u00fchrungsgeschwindigkeit<\/td>\n<td colspan=\"2\">200-1250 rpm<\/td>\n<\/tr>\n<tr>\n<td>Nachweismethode<\/td>\n<td colspan=\"2\">Einzelloch-Mehrpunkterkennung<\/td>\n<\/tr>\n<tr>\n<td>Absorptionsbereich<\/td>\n<td colspan=\"2\">OD 8<\/td>\n<\/tr>\n<tr>\n<td>Messintervall<\/td>\n<td colspan=\"2\">5-360 Minuten<\/td>\n<\/tr>\n<tr>\n<td>L\u00e4ngste Inkubationszeit<\/td>\n<td colspan=\"2\">1600 Stunden<\/td>\n<\/tr>\n<tr>\n<td>Sterilisation Modus<\/td>\n<td colspan=\"2\">UV Licht<\/td>\n<\/tr>\n<tr>\n<td>Vollspektrum-Scan<\/td>\n<td colspan=\"2\">ja<\/td>\n<\/tr>\n<tr>\n<td>Gas Eingang<\/td>\n<td>0<\/td>\n<td>4<\/td>\n<\/tr>\n<tr>\n<td>CO2 Monitoring<\/td>\n<td>nein<\/td>\n<td>ja<\/td>\n<\/tr>\n<tr>\n<td>O2 Monitoring<\/td>\n<td>nein<\/td>\n<td>ja<\/td>\n<\/tr>\n<tr>\n<td>Gas Kontroll<\/td>\n<td>nein<\/td>\n<td>ja<\/td>\n<\/tr>\n<tr>\n<td>Illumination<\/td>\n<td>optional<\/td>\n<td>optional<\/td>\n<\/tr>\n<\/tbody>\n<\/table>\n<p>&nbsp;<\/p>\n","protected":false},"excerpt":{"rendered":"<p>Bioreaktor zur automatischen Bestimmung von Wachstumskurven<\/p>\n","protected":false},"featured_media":30757,"template":"","meta":{"_crdt_document":""},"product_brand":[],"product_cat":[117],"product_tag":[],"class_list":{"0":"post-30753","1":"product","2":"type-product","3":"status-publish","4":"has-post-thumbnail","6":"product_cat-bioreaktor","8":"first","9":"instock","10":"taxable","11":"shipping-taxable","12":"product-type-simple"},"yoast_head":"<!-- This site is optimized with the Yoast SEO plugin v27.3 - https:\/\/yoast.com\/product\/yoast-seo-wordpress\/ -->\n<title>Mikrobieller Wachstumskurvenanalysator MGC - Sysmatec<\/title>\n<meta name=\"description\" content=\"Ger\u00e4t zur automatischen Erstellung von Wachstumskurven f\u00fcr die Kultur von Mikroorganismen unter verschiedenen Bedingungen.\" \/>\n<meta name=\"robots\" content=\"index, follow, max-snippet:-1, max-image-preview:large, max-video-preview:-1\" \/>\n<link rel=\"canonical\" href=\"https:\/\/sysmatec.ch\/de\/Produkt\/mikrobieller-wachstumskurvenanalysator-mgc\/\" \/>\n<meta property=\"og:locale\" content=\"de_DE\" \/>\n<meta property=\"og:type\" content=\"article\" \/>\n<meta property=\"og:title\" content=\"Mikrobieller Wachstumskurvenanalysator MGC - Sysmatec\" \/>\n<meta property=\"og:description\" content=\"Ger\u00e4t zur automatischen Erstellung von Wachstumskurven f\u00fcr die Kultur von Mikroorganismen unter verschiedenen Bedingungen.\" \/>\n<meta property=\"og:url\" content=\"https:\/\/sysmatec.ch\/de\/Produkt\/mikrobieller-wachstumskurvenanalysator-mgc\/\" \/>\n<meta property=\"og:site_name\" content=\"Sysmatec\" \/>\n<meta property=\"article:modified_time\" content=\"2025-08-31T08:54:14+00:00\" \/>\n<meta property=\"og:image\" content=\"https:\/\/sysmatec.ch\/wp-content\/uploads\/2025\/08\/CourbeCroissance_MGC500RedCrown1.jpg\" \/>\n\t<meta property=\"og:image:width\" content=\"622\" \/>\n\t<meta property=\"og:image:height\" content=\"423\" \/>\n\t<meta property=\"og:image:type\" content=\"image\/jpeg\" \/>\n<meta name=\"twitter:card\" content=\"summary_large_image\" \/>\n<meta name=\"twitter:label1\" content=\"Gesch\u00e4tzte Lesezeit\" \/>\n\t<meta name=\"twitter:data1\" content=\"2\u00a0Minuten\" \/>\n<script type=\"application\/ld+json\" class=\"yoast-schema-graph\">{\"@context\":\"https:\\\/\\\/schema.org\",\"@graph\":[{\"@type\":\"WebPage\",\"@id\":\"https:\\\/\\\/sysmatec.ch\\\/de\\\/Produkt\\\/mikrobieller-wachstumskurvenanalysator-mgc\\\/\",\"url\":\"https:\\\/\\\/sysmatec.ch\\\/de\\\/Produkt\\\/mikrobieller-wachstumskurvenanalysator-mgc\\\/\",\"name\":\"Mikrobieller Wachstumskurvenanalysator MGC - Sysmatec\",\"isPartOf\":{\"@id\":\"https:\\\/\\\/sysmatec.ch\\\/de\\\/#website\"},\"primaryImageOfPage\":{\"@id\":\"https:\\\/\\\/sysmatec.ch\\\/de\\\/Produkt\\\/mikrobieller-wachstumskurvenanalysator-mgc\\\/#primaryimage\"},\"image\":{\"@id\":\"https:\\\/\\\/sysmatec.ch\\\/de\\\/Produkt\\\/mikrobieller-wachstumskurvenanalysator-mgc\\\/#primaryimage\"},\"thumbnailUrl\":\"https:\\\/\\\/sysmatec.ch\\\/wp-content\\\/uploads\\\/2025\\\/08\\\/CourbeCroissance_MGC500RedCrown1.jpg\",\"datePublished\":\"2025-08-31T07:55:16+00:00\",\"dateModified\":\"2025-08-31T08:54:14+00:00\",\"description\":\"Ger\u00e4t zur automatischen Erstellung von Wachstumskurven f\u00fcr die Kultur von Mikroorganismen unter verschiedenen Bedingungen.\",\"breadcrumb\":{\"@id\":\"https:\\\/\\\/sysmatec.ch\\\/de\\\/Produkt\\\/mikrobieller-wachstumskurvenanalysator-mgc\\\/#breadcrumb\"},\"inLanguage\":\"de\",\"potentialAction\":[{\"@type\":\"ReadAction\",\"target\":[\"https:\\\/\\\/sysmatec.ch\\\/de\\\/Produkt\\\/mikrobieller-wachstumskurvenanalysator-mgc\\\/\"]}]},{\"@type\":\"ImageObject\",\"inLanguage\":\"de\",\"@id\":\"https:\\\/\\\/sysmatec.ch\\\/de\\\/Produkt\\\/mikrobieller-wachstumskurvenanalysator-mgc\\\/#primaryimage\",\"url\":\"https:\\\/\\\/sysmatec.ch\\\/wp-content\\\/uploads\\\/2025\\\/08\\\/CourbeCroissance_MGC500RedCrown1.jpg\",\"contentUrl\":\"https:\\\/\\\/sysmatec.ch\\\/wp-content\\\/uploads\\\/2025\\\/08\\\/CourbeCroissance_MGC500RedCrown1.jpg\",\"width\":622,\"height\":423},{\"@type\":\"BreadcrumbList\",\"@id\":\"https:\\\/\\\/sysmatec.ch\\\/de\\\/Produkt\\\/mikrobieller-wachstumskurvenanalysator-mgc\\\/#breadcrumb\",\"itemListElement\":[{\"@type\":\"ListItem\",\"position\":1,\"name\":\"Accueil\",\"item\":\"https:\\\/\\\/sysmatec.ch\\\/de\\\/\"},{\"@type\":\"ListItem\",\"position\":2,\"name\":\"Die Aktivit\u00e4t von Sysmatec\",\"item\":\"https:\\\/\\\/sysmatec.ch\\\/de\\\/\"},{\"@type\":\"ListItem\",\"position\":3,\"name\":\"Mikrobieller Wachstumskurvenanalysator MGC\"}]},{\"@type\":\"WebSite\",\"@id\":\"https:\\\/\\\/sysmatec.ch\\\/de\\\/#website\",\"url\":\"https:\\\/\\\/sysmatec.ch\\\/de\\\/\",\"name\":\"Sysmatec\",\"description\":\"Equipement de laboratoire et logiciels\",\"publisher\":{\"@id\":\"https:\\\/\\\/sysmatec.ch\\\/de\\\/#organization\"},\"potentialAction\":[{\"@type\":\"SearchAction\",\"target\":{\"@type\":\"EntryPoint\",\"urlTemplate\":\"https:\\\/\\\/sysmatec.ch\\\/de\\\/?s={search_term_string}\"},\"query-input\":{\"@type\":\"PropertyValueSpecification\",\"valueRequired\":true,\"valueName\":\"search_term_string\"}}],\"inLanguage\":\"de\"},{\"@type\":\"Organization\",\"@id\":\"https:\\\/\\\/sysmatec.ch\\\/de\\\/#organization\",\"name\":\"Sysmatec\",\"url\":\"https:\\\/\\\/sysmatec.ch\\\/de\\\/\",\"logo\":{\"@type\":\"ImageObject\",\"inLanguage\":\"de\",\"@id\":\"https:\\\/\\\/sysmatec.ch\\\/de\\\/#\\\/schema\\\/logo\\\/image\\\/\",\"url\":\"https:\\\/\\\/sysmatec.ch\\\/wp-content\\\/uploads\\\/2018\\\/11\\\/LogoSysmatec.jpg\",\"contentUrl\":\"https:\\\/\\\/sysmatec.ch\\\/wp-content\\\/uploads\\\/2018\\\/11\\\/LogoSysmatec.jpg\",\"width\":301,\"height\":297,\"caption\":\"Sysmatec\"},\"image\":{\"@id\":\"https:\\\/\\\/sysmatec.ch\\\/de\\\/#\\\/schema\\\/logo\\\/image\\\/\"}}]}<\/script>\n<!-- \/ Yoast SEO plugin. -->","yoast_head_json":{"title":"Mikrobieller Wachstumskurvenanalysator MGC - Sysmatec","description":"Ger\u00e4t zur automatischen Erstellung von Wachstumskurven f\u00fcr die Kultur von Mikroorganismen unter verschiedenen Bedingungen.","robots":{"index":"index","follow":"follow","max-snippet":"max-snippet:-1","max-image-preview":"max-image-preview:large","max-video-preview":"max-video-preview:-1"},"canonical":"https:\/\/sysmatec.ch\/de\/Produkt\/mikrobieller-wachstumskurvenanalysator-mgc\/","og_locale":"de_DE","og_type":"article","og_title":"Mikrobieller Wachstumskurvenanalysator MGC - Sysmatec","og_description":"Ger\u00e4t zur automatischen Erstellung von Wachstumskurven f\u00fcr die Kultur von Mikroorganismen unter verschiedenen Bedingungen.","og_url":"https:\/\/sysmatec.ch\/de\/Produkt\/mikrobieller-wachstumskurvenanalysator-mgc\/","og_site_name":"Sysmatec","article_modified_time":"2025-08-31T08:54:14+00:00","og_image":[{"width":622,"height":423,"url":"https:\/\/sysmatec.ch\/wp-content\/uploads\/2025\/08\/CourbeCroissance_MGC500RedCrown1.jpg","type":"image\/jpeg"}],"twitter_card":"summary_large_image","twitter_misc":{"Gesch\u00e4tzte Lesezeit":"2\u00a0Minuten"},"schema":{"@context":"https:\/\/schema.org","@graph":[{"@type":"WebPage","@id":"https:\/\/sysmatec.ch\/de\/Produkt\/mikrobieller-wachstumskurvenanalysator-mgc\/","url":"https:\/\/sysmatec.ch\/de\/Produkt\/mikrobieller-wachstumskurvenanalysator-mgc\/","name":"Mikrobieller Wachstumskurvenanalysator MGC - Sysmatec","isPartOf":{"@id":"https:\/\/sysmatec.ch\/de\/#website"},"primaryImageOfPage":{"@id":"https:\/\/sysmatec.ch\/de\/Produkt\/mikrobieller-wachstumskurvenanalysator-mgc\/#primaryimage"},"image":{"@id":"https:\/\/sysmatec.ch\/de\/Produkt\/mikrobieller-wachstumskurvenanalysator-mgc\/#primaryimage"},"thumbnailUrl":"https:\/\/sysmatec.ch\/wp-content\/uploads\/2025\/08\/CourbeCroissance_MGC500RedCrown1.jpg","datePublished":"2025-08-31T07:55:16+00:00","dateModified":"2025-08-31T08:54:14+00:00","description":"Ger\u00e4t zur automatischen Erstellung von Wachstumskurven f\u00fcr die Kultur von Mikroorganismen unter verschiedenen Bedingungen.","breadcrumb":{"@id":"https:\/\/sysmatec.ch\/de\/Produkt\/mikrobieller-wachstumskurvenanalysator-mgc\/#breadcrumb"},"inLanguage":"de","potentialAction":[{"@type":"ReadAction","target":["https:\/\/sysmatec.ch\/de\/Produkt\/mikrobieller-wachstumskurvenanalysator-mgc\/"]}]},{"@type":"ImageObject","inLanguage":"de","@id":"https:\/\/sysmatec.ch\/de\/Produkt\/mikrobieller-wachstumskurvenanalysator-mgc\/#primaryimage","url":"https:\/\/sysmatec.ch\/wp-content\/uploads\/2025\/08\/CourbeCroissance_MGC500RedCrown1.jpg","contentUrl":"https:\/\/sysmatec.ch\/wp-content\/uploads\/2025\/08\/CourbeCroissance_MGC500RedCrown1.jpg","width":622,"height":423},{"@type":"BreadcrumbList","@id":"https:\/\/sysmatec.ch\/de\/Produkt\/mikrobieller-wachstumskurvenanalysator-mgc\/#breadcrumb","itemListElement":[{"@type":"ListItem","position":1,"name":"Accueil","item":"https:\/\/sysmatec.ch\/de\/"},{"@type":"ListItem","position":2,"name":"Die Aktivit\u00e4t von Sysmatec","item":"https:\/\/sysmatec.ch\/de\/"},{"@type":"ListItem","position":3,"name":"Mikrobieller Wachstumskurvenanalysator MGC"}]},{"@type":"WebSite","@id":"https:\/\/sysmatec.ch\/de\/#website","url":"https:\/\/sysmatec.ch\/de\/","name":"Sysmatec","description":"Equipement de laboratoire et logiciels","publisher":{"@id":"https:\/\/sysmatec.ch\/de\/#organization"},"potentialAction":[{"@type":"SearchAction","target":{"@type":"EntryPoint","urlTemplate":"https:\/\/sysmatec.ch\/de\/?s={search_term_string}"},"query-input":{"@type":"PropertyValueSpecification","valueRequired":true,"valueName":"search_term_string"}}],"inLanguage":"de"},{"@type":"Organization","@id":"https:\/\/sysmatec.ch\/de\/#organization","name":"Sysmatec","url":"https:\/\/sysmatec.ch\/de\/","logo":{"@type":"ImageObject","inLanguage":"de","@id":"https:\/\/sysmatec.ch\/de\/#\/schema\/logo\/image\/","url":"https:\/\/sysmatec.ch\/wp-content\/uploads\/2018\/11\/LogoSysmatec.jpg","contentUrl":"https:\/\/sysmatec.ch\/wp-content\/uploads\/2018\/11\/LogoSysmatec.jpg","width":301,"height":297,"caption":"Sysmatec"},"image":{"@id":"https:\/\/sysmatec.ch\/de\/#\/schema\/logo\/image\/"}}]}},"_links":{"self":[{"href":"https:\/\/sysmatec.ch\/de\/wp-json\/wp\/v2\/product\/30753","targetHints":{"allow":["GET"]}}],"collection":[{"href":"https:\/\/sysmatec.ch\/de\/wp-json\/wp\/v2\/product"}],"about":[{"href":"https:\/\/sysmatec.ch\/de\/wp-json\/wp\/v2\/types\/product"}],"wp:featuredmedia":[{"embeddable":true,"href":"https:\/\/sysmatec.ch\/de\/wp-json\/wp\/v2\/media\/30757"}],"wp:attachment":[{"href":"https:\/\/sysmatec.ch\/de\/wp-json\/wp\/v2\/media?parent=30753"}],"wp:term":[{"taxonomy":"product_brand","embeddable":true,"href":"https:\/\/sysmatec.ch\/de\/wp-json\/wp\/v2\/product_brand?post=30753"},{"taxonomy":"product_cat","embeddable":true,"href":"https:\/\/sysmatec.ch\/de\/wp-json\/wp\/v2\/product_cat?post=30753"},{"taxonomy":"product_tag","embeddable":true,"href":"https:\/\/sysmatec.ch\/de\/wp-json\/wp\/v2\/product_tag?post=30753"}],"curies":[{"name":"wp","href":"https:\/\/api.w.org\/{rel}","templated":true}]}}