{"id":30742,"date":"2025-08-29T08:17:50","date_gmt":"2025-08-29T06:17:50","guid":{"rendered":"https:\/\/sysmatec.ch\/?post_type=product&#038;p=30742"},"modified":"2025-08-29T08:56:14","modified_gmt":"2025-08-29T06:56:14","slug":"labor-ultraschallreiniger-sn-d","status":"publish","type":"product","link":"https:\/\/sysmatec.ch\/de\/Produkt\/labor-ultraschallreiniger-sn-d\/","title":{"rendered":"Labor-Ultraschallreiniger SN-D"},"content":{"rendered":"<p>Die Labor-Ultraschallreiniger wurden speziell f\u00fcr Labore entwickelt. Sie k\u00f6nnen f\u00fcr Ultraschallreinigung, Probenvorbehandlung, Ultraschallwasserbad, Ultraschallschwingung, Emulgierung, Mischung, Extraktion, Dispersion, Eliminierung, Entgasung, zellzerkleinernde katalytische Reaktion und unterst\u00fctzende Funktionen wie Aufl\u00f6sung, Beschleunigung chemischer Reaktionen, Viskosit\u00e4tsreduzierung von Klebstoffen, Halbleiter-Siliziumwafer, neue Materialien und Energie, &#8230; verwendet werden.<\/p>\n<h2>Beschreibung<\/h2>\n<ul>\n<li>Bedienfeld: LCD-Farbbildschirm; AUTO-Touch-Bedienung<\/li>\n<li>Material: Die gesamte Maschine besteht aus SUS304 Edelstahl mit integriertem Laserschnitt, ist leicht zu reinigen und zu entladen.<\/li>\n<li>Elektrisches Design: Deutscher Infineon IGBT-Speicherchip mit Frequenzdurchlauf-Entgasungsfunktion, hoher Frequenzstabilit\u00e4t und niedrigem Energieverbrauch.<\/li>\n<li>Temperaturregelung: Hochpr\u00e4ziser PT100-Temperaturregler f\u00fcr pr\u00e4zise Temperatur und Echtzeit-Wassertemperaturanzeige. Die Heizung nutzt Keramikheizplatten f\u00fcr eine schnelle und gleichm\u00e4\u00dfige Temperaturerh\u00f6hung.<\/li>\n<li>Sicherheitsdesign: Automatischer Pufferschutz beim Start, Temperaturregelungsschutz, \u00dcberstrom- und \u00dcberspannungsschutz, antistatisches Erdungssystem usw.<\/li>\n<li>Doppelfrequenz optional: 28 kHz, 45 kHz (optional 45 kHz, 80 kHz).<\/li>\n<\/ul>\n<table cellspacing=\"0\" cellpadding=\"0\">\n<tbody>\n<tr>\n<td>Modell<\/td>\n<td>Frequenz<\/td>\n<td>Ultrasonic Power<\/td>\n<td>Tankgr\u00f6sse<\/td>\n<td>Kapazit\u00e4t<\/td>\n<td>Heizleistung<\/td>\n<td>Temperatur Bereich<\/td>\n<td>Einstellbare Zeit<\/td>\n<td>LCD display<\/td>\n<td>Degas<\/td>\n<td>Power supply<\/td>\n<td>Ein-Aus<\/td>\n<\/tr>\n<tr>\n<td>SN-07DP-40<\/td>\n<td rowspan=\"1\">40KHz<\/td>\n<td>270W[20 levels]<\/td>\n<td>300*150*150mm<\/td>\n<td>6.5L<\/td>\n<td>500W<\/td>\n<td rowspan=\"5\">20\u2103-80\u00b0C<\/td>\n<td rowspan=\"5\">0-99h<\/td>\n<td rowspan=\"5\">YES<\/td>\n<td rowspan=\"5\">YES<\/td>\n<td rowspan=\"5\">220V 50HZ<\/td>\n<td rowspan=\"5\">4&#8242;<\/td>\n<\/tr>\n<tr>\n<td>SN-10DP-40<\/td>\n<td colspan=\"1\" align=\"null\" valign=\"null\"><\/td>\n<td>450W[20 levels]<\/td>\n<td>300*240*150mm<\/td>\n<td>10L<\/td>\n<td>500W<\/td>\n<\/tr>\n<tr>\n<td>SN-16DP-40<\/td>\n<td colspan=\"1\" align=\"null\" valign=\"null\"><\/td>\n<td>630W[20 levels]<\/td>\n<td>330*300*150mm<\/td>\n<td>15L<\/td>\n<td>800W<\/td>\n<\/tr>\n<tr>\n<td>SN-23DP-40<\/td>\n<td colspan=\"1\" align=\"null\" valign=\"null\"><\/td>\n<td>810W[20 levels]<\/td>\n<td>500*300*150mm<\/td>\n<td>22.5L<\/td>\n<td>1000W<\/td>\n<\/tr>\n<tr>\n<td>SN-30DP-40<\/td>\n<td colspan=\"1\" align=\"null\" valign=\"null\"><\/td>\n<td>900W[20 levels]<\/td>\n<td>500*300*200mm<\/td>\n<td>30L<\/td>\n<td>1500W<\/td>\n<\/tr>\n<\/tbody>\n<\/table>\n<table cellspacing=\"0\" cellpadding=\"0\">\n<tbody>\n<tr>\n<td>Modell<\/td>\n<td>Frequenz<\/td>\n<td>Ultrasonic Power<\/td>\n<td>Tankgr\u00f6sse<\/td>\n<td>Kapazit\u00e4t<\/td>\n<td>Heizleistung<\/td>\n<td>Temperatur Bereich<\/td>\n<td>Einstellbare Zeit<\/td>\n<td>LCD display<\/td>\n<td>Degas<\/td>\n<td>Power supply<\/td>\n<td>Ein-Aus<\/td>\n<\/tr>\n<tr>\n<td>SN-07D-28\/45<\/td>\n<td rowspan=\"1\">28\/45KHz<\/td>\n<td>0-180W[20 levels]<\/td>\n<td>300*150*150mm<\/td>\n<td>6.5L<\/td>\n<td>500W<\/td>\n<td rowspan=\"5\">20\u2103-80\u00b0C<\/td>\n<td rowspan=\"5\">0-99h<\/td>\n<td rowspan=\"5\">YES<\/td>\n<td rowspan=\"5\">YES<\/td>\n<td rowspan=\"5\">220V 50HZ<\/td>\n<td rowspan=\"5\">4&#8242;<\/td>\n<\/tr>\n<tr>\n<td>SN-10D-28\/45<\/td>\n<td colspan=\"1\" align=\"null\" valign=\"null\"><\/td>\n<td>0-240W[20 levels]<\/td>\n<td>300*240*150mm<\/td>\n<td>10L<\/td>\n<td>500W<\/td>\n<\/tr>\n<tr>\n<td>SN-16D-28\/45<\/td>\n<td colspan=\"1\" align=\"null\" valign=\"null\"><\/td>\n<td>0-360W[20 levels]<\/td>\n<td>330*300*150mm<\/td>\n<td>15L<\/td>\n<td>600W<\/td>\n<\/tr>\n<tr>\n<td>SN-23D-28\/45<\/td>\n<td colspan=\"1\" align=\"null\" valign=\"null\"><\/td>\n<td>0-480W[20 levels]<\/td>\n<td>500*300*150mm<\/td>\n<td>22.5L<\/td>\n<td>800W<\/td>\n<\/tr>\n<tr>\n<td>SN-30D-28\/45<\/td>\n<td colspan=\"1\" align=\"null\" valign=\"null\"><\/td>\n<td>0-600W[20 levels]<\/td>\n<td>500*300*200mm<\/td>\n<td>30L<\/td>\n<td>1000W<\/td>\n<\/tr>\n<\/tbody>\n<\/table>\n<table cellspacing=\"0\" cellpadding=\"0\">\n<tbody>\n<tr>\n<td>Modell<\/td>\n<td>Frequenz<\/td>\n<td>Ultrasonic Power<\/td>\n<td>Tankgr\u00f6sse<\/td>\n<td>Kapazit\u00e4t<\/td>\n<td>Heizleistung<\/td>\n<td>Temperatur Bereich<\/td>\n<td>Einstellbare Zeit<\/td>\n<td>LCD display<\/td>\n<td>Degas<\/td>\n<td>Power supply<\/td>\n<td>Ein-Aus<\/td>\n<\/tr>\n<tr>\n<td>SN-10D-45\/80<\/td>\n<td>45\/80KHz<\/td>\n<td>0-240W[20 levels]<\/td>\n<td>300*240*150MM<\/td>\n<td>10L<\/td>\n<td>500W<\/td>\n<td>20\u2103-80\u00b0C<\/td>\n<td>0-99h<\/td>\n<td>YES<\/td>\n<td>YES<\/td>\n<td>220V 50HZ<\/td>\n<td>4&#8242;<\/td>\n<\/tr>\n<\/tbody>\n<\/table>\n<table cellspacing=\"0\" cellpadding=\"0\">\n<tbody>\n<tr>\n<td>Modell<\/td>\n<td>Frequenz<\/td>\n<td>Ultrasonic Power<\/td>\n<td>Tankgr\u00f6sse<\/td>\n<td>Kapazit\u00e4t<\/td>\n<td>Heizleistung<\/td>\n<td>Temperatur Bereich<\/td>\n<td>Einstellbare Zeit<\/td>\n<td>LCD display<\/td>\n<td>Degas<\/td>\n<td>Power supply<\/td>\n<td>Ein-Aus<\/td>\n<\/tr>\n<tr>\n<td>SN-03D-40<\/td>\n<td rowspan=\"1\">40KHz<\/td>\n<td>0-120W[20 levels]<\/td>\n<td>240*135*100MM<\/td>\n<td>3.2L<\/td>\n<td>400W<\/td>\n<td rowspan=\"9\">20\u2103-80\u00b0C<\/td>\n<td rowspan=\"9\">0-99h<\/td>\n<td rowspan=\"9\">YES<\/td>\n<td rowspan=\"9\">YES<\/td>\n<td rowspan=\"9\">220V 50HZ<\/td>\n<td rowspan=\"9\">4&#8242;<\/td>\n<\/tr>\n<tr>\n<td>SN-05D-40<\/td>\n<td colspan=\"1\" align=\"null\" valign=\"null\"><\/td>\n<td>0-180W[20 levels]<\/td>\n<td>300*150*100MM<\/td>\n<td>4.5L<\/td>\n<td>400W<\/td>\n<\/tr>\n<tr>\n<td>SN-07D-40<\/td>\n<td colspan=\"1\" align=\"null\" valign=\"null\"><\/td>\n<td>0-180W[20 levels]<\/td>\n<td>300*150*150MM<\/td>\n<td>6.5L<\/td>\n<td>500W<\/td>\n<\/tr>\n<tr>\n<td>SN-10D-40<\/td>\n<td colspan=\"1\" align=\"null\" valign=\"null\"><\/td>\n<td>0-240W[20 levels]<\/td>\n<td>300*240*150MM<\/td>\n<td>10L<\/td>\n<td>500W<\/td>\n<\/tr>\n<tr>\n<td>SN-15D-40<\/td>\n<td colspan=\"1\" align=\"null\" valign=\"null\"><\/td>\n<td>0-360W[20 levels]<\/td>\n<td>300*240*200MM<\/td>\n<td>14.5L<\/td>\n<td>500W<\/td>\n<\/tr>\n<tr>\n<td>SN-16D-40<\/td>\n<td colspan=\"1\" align=\"null\" valign=\"null\"><\/td>\n<td>0-360W[20 levels]<\/td>\n<td>330*300*150MM<\/td>\n<td>15L<\/td>\n<td>600W<\/td>\n<\/tr>\n<tr>\n<td>SN-20D-40<\/td>\n<td colspan=\"1\" align=\"null\" valign=\"null\"><\/td>\n<td>0-480W[20 levels]<\/td>\n<td>330*300*200MM<\/td>\n<td>20L<\/td>\n<td>600W<\/td>\n<\/tr>\n<tr>\n<td>SN-23D-40<\/td>\n<td colspan=\"1\" align=\"null\" valign=\"null\"><\/td>\n<td>0-480W[20 levels]<\/td>\n<td>500*300*150MM<\/td>\n<td>22.5L<\/td>\n<td>800w<\/td>\n<\/tr>\n<tr>\n<td>SN-30D-40<\/td>\n<td colspan=\"1\" align=\"null\" valign=\"null\"><\/td>\n<td>0-600W[20 levels]<\/td>\n<td>500*300*200MM<\/td>\n<td>30L<\/td>\n<td>1000W<\/td>\n<\/tr>\n<\/tbody>\n<\/table>\n<table cellspacing=\"0\" cellpadding=\"0\">\n<tbody>\n<tr>\n<td>Modell<\/td>\n<td>Frequenz<\/td>\n<td>Ultrasonic Power<\/td>\n<td>Tankgr\u00f6sse<\/td>\n<td>Kapazit\u00e4t<\/td>\n<td>Heizleistung<\/td>\n<td>Temperatur Bereich<\/td>\n<td>Einstellbare Zeit<\/td>\n<td>LCD display<\/td>\n<td>Degas<\/td>\n<td>Power supply<\/td>\n<td>Ein-Aus<\/td>\n<\/tr>\n<tr>\n<td>SNY-10D-40<\/td>\n<td rowspan=\"1\">40KHz<\/td>\n<td>0-240W[20 levels]<\/td>\n<td>300*240*150MM<\/td>\n<td>10L<\/td>\n<td>500W<\/td>\n<td rowspan=\"3\">20\u2103-80\u00b0C<\/td>\n<td rowspan=\"3\">0-99h<\/td>\n<td rowspan=\"3\">YES<\/td>\n<td rowspan=\"3\">YES<\/td>\n<td rowspan=\"3\">220V 50HZ<\/td>\n<td rowspan=\"3\">4&#8242;<\/td>\n<\/tr>\n<tr>\n<td>SNY-15D-40<\/td>\n<td colspan=\"1\" align=\"null\" valign=\"null\"><\/td>\n<td>0-360W[20 levels]<\/td>\n<td>300*240*200MM<\/td>\n<td>14.5L<\/td>\n<td>500W<\/td>\n<\/tr>\n<tr>\n<td>SNY-30D-40<\/td>\n<td colspan=\"1\" align=\"null\" valign=\"null\"><\/td>\n<td>0-600W[20 levels]<\/td>\n<td>500*300*200MM<\/td>\n<td>30L<\/td>\n<td>1000W<\/td>\n<\/tr>\n<\/tbody>\n<\/table>\n<table cellspacing=\"0\" cellpadding=\"0\">\n<tbody>\n<tr>\n<td>Modell<\/td>\n<td>Frequenz<\/td>\n<td>Ultrasonic Power<\/td>\n<td>Tankgr\u00f6sse<\/td>\n<td>Kapazit\u00e4t<\/td>\n<td>Heizleistung<\/td>\n<td>Temperatur Bereich<\/td>\n<td>Einstellbare Zeit<\/td>\n<td>LCD display<\/td>\n<td>Degas<\/td>\n<td>Power supply<\/td>\n<td>Ein-Aus<\/td>\n<\/tr>\n<tr>\n<td>SNY-10D-2P<\/td>\n<td rowspan=\"1\">45\/80KHz<\/td>\n<td>0-240W[20 levels]<\/td>\n<td>300*240*150MM<\/td>\n<td>10L<\/td>\n<td>500W<\/td>\n<td rowspan=\"3\">20\u2103-80\u00b0C<\/td>\n<td rowspan=\"3\">0-99h<\/td>\n<td rowspan=\"3\">YES<\/td>\n<td rowspan=\"3\">YES<\/td>\n<td rowspan=\"3\">220V 50HZ<\/td>\n<td rowspan=\"3\">4&#8242;<\/td>\n<\/tr>\n<tr>\n<td>SNY-15D-2P<\/td>\n<td colspan=\"1\" align=\"null\" valign=\"null\"><\/td>\n<td>0-360W[20 levels]<\/td>\n<td>300*240*200MM<\/td>\n<td>14.5L<\/td>\n<td>500W<\/td>\n<\/tr>\n<tr>\n<td>SNY-30D-2P<\/td>\n<td colspan=\"1\" align=\"null\" valign=\"null\"><\/td>\n<td>0-600W[20 levels]<\/td>\n<td>500*300*200MM<\/td>\n<td>30L<\/td>\n<td>1000W<\/td>\n<\/tr>\n<\/tbody>\n<\/table>\n","protected":false},"excerpt":{"rendered":"<p>Tisch-Ultraschalltank mit verschiedenen Frequenzen: 28, 40, 45, 80 kHz.<\/p>\n","protected":false},"featured_media":30746,"template":"","meta":{"_crdt_document":""},"product_brand":[],"product_cat":[155],"product_tag":[],"class_list":{"0":"post-30742","1":"product","2":"type-product","3":"status-publish","4":"has-post-thumbnail","6":"product_cat-ultraschallbad","8":"first","9":"instock","10":"taxable","11":"shipping-taxable","12":"product-type-simple"},"yoast_head":"<!-- This site is optimized with the Yoast SEO plugin v27.3 - https:\/\/yoast.com\/product\/yoast-seo-wordpress\/ -->\n<title>Labor-Ultraschallreiniger SN-D - Sysmatec<\/title>\n<meta name=\"description\" content=\"Ultraschalltank mit Frequenz 28, 40, 45, 80 kHz. Edelstahltank mit Fassungsverm\u00f6gen von 6,5 L bis 30 L\" \/>\n<meta name=\"robots\" content=\"index, follow, max-snippet:-1, max-image-preview:large, max-video-preview:-1\" \/>\n<link rel=\"canonical\" href=\"https:\/\/sysmatec.ch\/de\/Produkt\/labor-ultraschallreiniger-sn-d\/\" \/>\n<meta property=\"og:locale\" content=\"de_DE\" \/>\n<meta property=\"og:type\" content=\"article\" \/>\n<meta property=\"og:title\" content=\"Labor-Ultraschallreiniger SN-D - Sysmatec\" \/>\n<meta property=\"og:description\" content=\"Ultraschalltank mit Frequenz 28, 40, 45, 80 kHz. Edelstahltank mit Fassungsverm\u00f6gen von 6,5 L bis 30 L\" \/>\n<meta property=\"og:url\" content=\"https:\/\/sysmatec.ch\/de\/Produkt\/labor-ultraschallreiniger-sn-d\/\" \/>\n<meta property=\"og:site_name\" content=\"Sysmatec\" \/>\n<meta property=\"article:modified_time\" content=\"2025-08-29T06:56:14+00:00\" \/>\n<meta property=\"og:image\" content=\"https:\/\/sysmatec.ch\/wp-content\/uploads\/2025\/08\/BainUltrasons_SNDRedcrown1.jpg\" \/>\n\t<meta property=\"og:image:width\" content=\"749\" \/>\n\t<meta property=\"og:image:height\" content=\"558\" \/>\n\t<meta property=\"og:image:type\" content=\"image\/jpeg\" \/>\n<meta name=\"twitter:card\" content=\"summary_large_image\" \/>\n<meta name=\"twitter:label1\" content=\"Gesch\u00e4tzte Lesezeit\" \/>\n\t<meta name=\"twitter:data1\" content=\"3\u00a0Minuten\" \/>\n<script type=\"application\/ld+json\" class=\"yoast-schema-graph\">{\"@context\":\"https:\\\/\\\/schema.org\",\"@graph\":[{\"@type\":\"WebPage\",\"@id\":\"https:\\\/\\\/sysmatec.ch\\\/de\\\/Produkt\\\/labor-ultraschallreiniger-sn-d\\\/\",\"url\":\"https:\\\/\\\/sysmatec.ch\\\/de\\\/Produkt\\\/labor-ultraschallreiniger-sn-d\\\/\",\"name\":\"Labor-Ultraschallreiniger SN-D - Sysmatec\",\"isPartOf\":{\"@id\":\"https:\\\/\\\/sysmatec.ch\\\/de\\\/#website\"},\"primaryImageOfPage\":{\"@id\":\"https:\\\/\\\/sysmatec.ch\\\/de\\\/Produkt\\\/labor-ultraschallreiniger-sn-d\\\/#primaryimage\"},\"image\":{\"@id\":\"https:\\\/\\\/sysmatec.ch\\\/de\\\/Produkt\\\/labor-ultraschallreiniger-sn-d\\\/#primaryimage\"},\"thumbnailUrl\":\"https:\\\/\\\/sysmatec.ch\\\/wp-content\\\/uploads\\\/2025\\\/08\\\/BainUltrasons_SNDRedcrown1.jpg\",\"datePublished\":\"2025-08-29T06:17:50+00:00\",\"dateModified\":\"2025-08-29T06:56:14+00:00\",\"description\":\"Ultraschalltank mit Frequenz 28, 40, 45, 80 kHz. Edelstahltank mit Fassungsverm\u00f6gen von 6,5 L bis 30 L\",\"breadcrumb\":{\"@id\":\"https:\\\/\\\/sysmatec.ch\\\/de\\\/Produkt\\\/labor-ultraschallreiniger-sn-d\\\/#breadcrumb\"},\"inLanguage\":\"de\",\"potentialAction\":[{\"@type\":\"ReadAction\",\"target\":[\"https:\\\/\\\/sysmatec.ch\\\/de\\\/Produkt\\\/labor-ultraschallreiniger-sn-d\\\/\"]}]},{\"@type\":\"ImageObject\",\"inLanguage\":\"de\",\"@id\":\"https:\\\/\\\/sysmatec.ch\\\/de\\\/Produkt\\\/labor-ultraschallreiniger-sn-d\\\/#primaryimage\",\"url\":\"https:\\\/\\\/sysmatec.ch\\\/wp-content\\\/uploads\\\/2025\\\/08\\\/BainUltrasons_SNDRedcrown1.jpg\",\"contentUrl\":\"https:\\\/\\\/sysmatec.ch\\\/wp-content\\\/uploads\\\/2025\\\/08\\\/BainUltrasons_SNDRedcrown1.jpg\",\"width\":749,\"height\":558},{\"@type\":\"BreadcrumbList\",\"@id\":\"https:\\\/\\\/sysmatec.ch\\\/de\\\/Produkt\\\/labor-ultraschallreiniger-sn-d\\\/#breadcrumb\",\"itemListElement\":[{\"@type\":\"ListItem\",\"position\":1,\"name\":\"Accueil\",\"item\":\"https:\\\/\\\/sysmatec.ch\\\/de\\\/\"},{\"@type\":\"ListItem\",\"position\":2,\"name\":\"Die Aktivit\u00e4t von Sysmatec\",\"item\":\"https:\\\/\\\/sysmatec.ch\\\/de\\\/\"},{\"@type\":\"ListItem\",\"position\":3,\"name\":\"Labor-Ultraschallreiniger SN-D\"}]},{\"@type\":\"WebSite\",\"@id\":\"https:\\\/\\\/sysmatec.ch\\\/de\\\/#website\",\"url\":\"https:\\\/\\\/sysmatec.ch\\\/de\\\/\",\"name\":\"Sysmatec\",\"description\":\"Equipement de laboratoire et logiciels\",\"publisher\":{\"@id\":\"https:\\\/\\\/sysmatec.ch\\\/de\\\/#organization\"},\"potentialAction\":[{\"@type\":\"SearchAction\",\"target\":{\"@type\":\"EntryPoint\",\"urlTemplate\":\"https:\\\/\\\/sysmatec.ch\\\/de\\\/?s={search_term_string}\"},\"query-input\":{\"@type\":\"PropertyValueSpecification\",\"valueRequired\":true,\"valueName\":\"search_term_string\"}}],\"inLanguage\":\"de\"},{\"@type\":\"Organization\",\"@id\":\"https:\\\/\\\/sysmatec.ch\\\/de\\\/#organization\",\"name\":\"Sysmatec\",\"url\":\"https:\\\/\\\/sysmatec.ch\\\/de\\\/\",\"logo\":{\"@type\":\"ImageObject\",\"inLanguage\":\"de\",\"@id\":\"https:\\\/\\\/sysmatec.ch\\\/de\\\/#\\\/schema\\\/logo\\\/image\\\/\",\"url\":\"https:\\\/\\\/sysmatec.ch\\\/wp-content\\\/uploads\\\/2018\\\/11\\\/LogoSysmatec.jpg\",\"contentUrl\":\"https:\\\/\\\/sysmatec.ch\\\/wp-content\\\/uploads\\\/2018\\\/11\\\/LogoSysmatec.jpg\",\"width\":301,\"height\":297,\"caption\":\"Sysmatec\"},\"image\":{\"@id\":\"https:\\\/\\\/sysmatec.ch\\\/de\\\/#\\\/schema\\\/logo\\\/image\\\/\"}}]}<\/script>\n<!-- \/ Yoast SEO plugin. -->","yoast_head_json":{"title":"Labor-Ultraschallreiniger SN-D - Sysmatec","description":"Ultraschalltank mit Frequenz 28, 40, 45, 80 kHz. Edelstahltank mit Fassungsverm\u00f6gen von 6,5 L bis 30 L","robots":{"index":"index","follow":"follow","max-snippet":"max-snippet:-1","max-image-preview":"max-image-preview:large","max-video-preview":"max-video-preview:-1"},"canonical":"https:\/\/sysmatec.ch\/de\/Produkt\/labor-ultraschallreiniger-sn-d\/","og_locale":"de_DE","og_type":"article","og_title":"Labor-Ultraschallreiniger SN-D - Sysmatec","og_description":"Ultraschalltank mit Frequenz 28, 40, 45, 80 kHz. Edelstahltank mit Fassungsverm\u00f6gen von 6,5 L bis 30 L","og_url":"https:\/\/sysmatec.ch\/de\/Produkt\/labor-ultraschallreiniger-sn-d\/","og_site_name":"Sysmatec","article_modified_time":"2025-08-29T06:56:14+00:00","og_image":[{"width":749,"height":558,"url":"https:\/\/sysmatec.ch\/wp-content\/uploads\/2025\/08\/BainUltrasons_SNDRedcrown1.jpg","type":"image\/jpeg"}],"twitter_card":"summary_large_image","twitter_misc":{"Gesch\u00e4tzte Lesezeit":"3\u00a0Minuten"},"schema":{"@context":"https:\/\/schema.org","@graph":[{"@type":"WebPage","@id":"https:\/\/sysmatec.ch\/de\/Produkt\/labor-ultraschallreiniger-sn-d\/","url":"https:\/\/sysmatec.ch\/de\/Produkt\/labor-ultraschallreiniger-sn-d\/","name":"Labor-Ultraschallreiniger SN-D - Sysmatec","isPartOf":{"@id":"https:\/\/sysmatec.ch\/de\/#website"},"primaryImageOfPage":{"@id":"https:\/\/sysmatec.ch\/de\/Produkt\/labor-ultraschallreiniger-sn-d\/#primaryimage"},"image":{"@id":"https:\/\/sysmatec.ch\/de\/Produkt\/labor-ultraschallreiniger-sn-d\/#primaryimage"},"thumbnailUrl":"https:\/\/sysmatec.ch\/wp-content\/uploads\/2025\/08\/BainUltrasons_SNDRedcrown1.jpg","datePublished":"2025-08-29T06:17:50+00:00","dateModified":"2025-08-29T06:56:14+00:00","description":"Ultraschalltank mit Frequenz 28, 40, 45, 80 kHz. Edelstahltank mit Fassungsverm\u00f6gen von 6,5 L bis 30 L","breadcrumb":{"@id":"https:\/\/sysmatec.ch\/de\/Produkt\/labor-ultraschallreiniger-sn-d\/#breadcrumb"},"inLanguage":"de","potentialAction":[{"@type":"ReadAction","target":["https:\/\/sysmatec.ch\/de\/Produkt\/labor-ultraschallreiniger-sn-d\/"]}]},{"@type":"ImageObject","inLanguage":"de","@id":"https:\/\/sysmatec.ch\/de\/Produkt\/labor-ultraschallreiniger-sn-d\/#primaryimage","url":"https:\/\/sysmatec.ch\/wp-content\/uploads\/2025\/08\/BainUltrasons_SNDRedcrown1.jpg","contentUrl":"https:\/\/sysmatec.ch\/wp-content\/uploads\/2025\/08\/BainUltrasons_SNDRedcrown1.jpg","width":749,"height":558},{"@type":"BreadcrumbList","@id":"https:\/\/sysmatec.ch\/de\/Produkt\/labor-ultraschallreiniger-sn-d\/#breadcrumb","itemListElement":[{"@type":"ListItem","position":1,"name":"Accueil","item":"https:\/\/sysmatec.ch\/de\/"},{"@type":"ListItem","position":2,"name":"Die Aktivit\u00e4t von Sysmatec","item":"https:\/\/sysmatec.ch\/de\/"},{"@type":"ListItem","position":3,"name":"Labor-Ultraschallreiniger SN-D"}]},{"@type":"WebSite","@id":"https:\/\/sysmatec.ch\/de\/#website","url":"https:\/\/sysmatec.ch\/de\/","name":"Sysmatec","description":"Equipement de laboratoire et logiciels","publisher":{"@id":"https:\/\/sysmatec.ch\/de\/#organization"},"potentialAction":[{"@type":"SearchAction","target":{"@type":"EntryPoint","urlTemplate":"https:\/\/sysmatec.ch\/de\/?s={search_term_string}"},"query-input":{"@type":"PropertyValueSpecification","valueRequired":true,"valueName":"search_term_string"}}],"inLanguage":"de"},{"@type":"Organization","@id":"https:\/\/sysmatec.ch\/de\/#organization","name":"Sysmatec","url":"https:\/\/sysmatec.ch\/de\/","logo":{"@type":"ImageObject","inLanguage":"de","@id":"https:\/\/sysmatec.ch\/de\/#\/schema\/logo\/image\/","url":"https:\/\/sysmatec.ch\/wp-content\/uploads\/2018\/11\/LogoSysmatec.jpg","contentUrl":"https:\/\/sysmatec.ch\/wp-content\/uploads\/2018\/11\/LogoSysmatec.jpg","width":301,"height":297,"caption":"Sysmatec"},"image":{"@id":"https:\/\/sysmatec.ch\/de\/#\/schema\/logo\/image\/"}}]}},"_links":{"self":[{"href":"https:\/\/sysmatec.ch\/de\/wp-json\/wp\/v2\/product\/30742","targetHints":{"allow":["GET"]}}],"collection":[{"href":"https:\/\/sysmatec.ch\/de\/wp-json\/wp\/v2\/product"}],"about":[{"href":"https:\/\/sysmatec.ch\/de\/wp-json\/wp\/v2\/types\/product"}],"wp:featuredmedia":[{"embeddable":true,"href":"https:\/\/sysmatec.ch\/de\/wp-json\/wp\/v2\/media\/30746"}],"wp:attachment":[{"href":"https:\/\/sysmatec.ch\/de\/wp-json\/wp\/v2\/media?parent=30742"}],"wp:term":[{"taxonomy":"product_brand","embeddable":true,"href":"https:\/\/sysmatec.ch\/de\/wp-json\/wp\/v2\/product_brand?post=30742"},{"taxonomy":"product_cat","embeddable":true,"href":"https:\/\/sysmatec.ch\/de\/wp-json\/wp\/v2\/product_cat?post=30742"},{"taxonomy":"product_tag","embeddable":true,"href":"https:\/\/sysmatec.ch\/de\/wp-json\/wp\/v2\/product_tag?post=30742"}],"curies":[{"name":"wp","href":"https:\/\/api.w.org\/{rel}","templated":true}]}}