{"id":30733,"date":"2025-08-27T20:56:51","date_gmt":"2025-08-27T18:56:51","guid":{"rendered":"https:\/\/sysmatec.ch\/?post_type=product&#038;p=30733"},"modified":"2025-08-27T21:33:44","modified_gmt":"2025-08-27T19:33:44","slug":"ultraschallreiniger-typ-jp","status":"publish","type":"product","link":"https:\/\/sysmatec.ch\/de\/Produkt\/ultraschallreiniger-typ-jp\/","title":{"rendered":"Ultraschallreiniger Typ JP"},"content":{"rendered":"<p>Diese Ultraschallreiniger nutzen fortschrittliche Technologien. Sie nutzen Hochfrequenz-Ultraschallwandler (typischerweise 20\u201340 kHz), um Kavitationsblasen zu erzeugen und so eine gr\u00fcndliche Reinigung schwer erreichbarer Bereiche zu gew\u00e4hrleisten.<\/p>\n<h2>Beschreibung<\/h2>\n<ul>\n<li>Robuste Konstruktion: Ausgestattet mit korrosionsbest\u00e4ndigen Edelstahltanks SUS304 und langlebigen Komponenten f\u00fcr langfristige Zuverl\u00e4ssigkeit in anspruchsvollen Umgebungen.<\/li>\n<li>Anpassbare Einstellungen: Individuelle Temperaturregelung (0\u201380 \u00b0C), Timerfunktionen (0\u201360 Minuten) und Ultraschallintensit\u00e4t f\u00fcr unterschiedliche Reinigungsanforderungen.<\/li>\n<li>Sicherheit und Effizienz: Ausgestattet mit \u00dcberhitzungsschutz, automatischer Abschaltung und Energiesparmodi zur Reduzierung von Betriebskosten und -risiken.<\/li>\n<li>Vielseitigkeit: Kompatibel mit verschiedenen Reinigungsmitteln (wasserbasiert oder chemisch) und f\u00fcr verschiedene Reinigungsgutgr\u00f6\u00dfen geeignet. Mehrere Tankkapazit\u00e4ten (0.8\u201338 Liter).<\/li>\n<li>Zertifizierungen: CE, RoHS f\u00fcr Sicherheit und Umweltvertr\u00e4glichkeit.<\/li>\n<\/ul>\n<h2>Anwendungen<\/h2>\n<ul>\n<li>Reinigung von Pr\u00e4zisionsinstrumenten (z. B. chirurgische Instrumente, zahnmedizinische Ger\u00e4te, Laborglaswaren).<\/li>\n<li>Entfettung von mechanischen Teilen, Fahrzeugkomponenten und elektronischen Schaltkreisen.<\/li>\n<li>Restaurierung von Schmuck, Uhren und optischen Linsen.<\/li>\n<li>Sterilisation von Ger\u00e4ten in der medizinischen, pharmazeutischen oder lebensmittelverarbeitenden Industrie.<\/li>\n<li>Entfernung von R\u00fcckst\u00e4nden von 3D-gedruckten Teilen, Druckmaschinenkomponenten und Industrieformen.<\/li>\n<\/ul>\n<p>&nbsp;<\/p>\n<table width=\"995\">\n<tbody>\n<tr>\n<td width=\"115\">Typ<\/td>\n<td width=\"80\">JP-008<\/td>\n<td width=\"80\">JP-009<\/td>\n<td width=\"80\">JP-010<\/td>\n<td width=\"80\">JP-020E<\/td>\n<td width=\"80\">JP-030<\/td>\n<td width=\"80\">JP-031<\/td>\n<td width=\"80\">JP-040<\/td>\n<td width=\"80\">JP-060<\/td>\n<td width=\"80\">JP-080<\/td>\n<td width=\"80\">JP-100<\/td>\n<td width=\"80\">JP-120<\/td>\n<\/tr>\n<tr>\n<td>\u00a0Volum<\/td>\n<td>0.8L<\/td>\n<td>1.3L<\/td>\n<td>2L<\/td>\n<td>\u00a03.2L<\/td>\n<td>\u00a04.5L<\/td>\n<td>\u00a06.5L<\/td>\n<td>10L<\/td>\n<td>\u00a015L<\/td>\n<td>22L<\/td>\n<td>\u00a030L<\/td>\n<td>38L<\/td>\n<\/tr>\n<tr>\n<td>Tank Gr\u00f6sse (mm)<\/td>\n<td>150*85*65<\/td>\n<td>150*135*65<\/td>\n<td>150*135*100<\/td>\n<td>240*135*100<\/td>\n<td>\u00a0300*150*100<\/td>\n<td>300*150*150<\/td>\n<td>300*240*150<\/td>\n<td>330*300*150<\/td>\n<td>\u00a0500*300*150<\/td>\n<td>\u00a0500*300*200<\/td>\n<td>500*300*250<\/td>\n<\/tr>\n<tr>\n<td>Gesamte Gr\u00f6sse(mm)<\/td>\n<td>178*110*130<\/td>\n<td>172*162*165<\/td>\n<td>175*160*210<\/td>\n<td>270*165*230<\/td>\n<td>\u00a0330*175*235<\/td>\n<td>\u00a0330*175*275<\/td>\n<td>330*270*275<\/td>\n<td>360*325*280<\/td>\n<td>\u00a0530*330*280<\/td>\n<td>\u00a0530*330*333<\/td>\n<td>595*345*385<\/td>\n<\/tr>\n<tr>\n<td>\u00a0Frequenz<\/td>\n<td>40kHz<\/td>\n<td>40kHz<\/td>\n<td>40kHz<\/td>\n<td>40kHz<\/td>\n<td>40kHz<\/td>\n<td>40kHz<\/td>\n<td>40kHz<\/td>\n<td>40kHz<\/td>\n<td>40kHz<\/td>\n<td>40kHz<\/td>\n<td>40kHz<\/td>\n<\/tr>\n<tr>\n<td>Ultraschall-Leistung<\/td>\n<td>35W<\/td>\n<td>60W<\/td>\n<td>60W<\/td>\n<td>180W<\/td>\n<td>180W<\/td>\n<td>180W<\/td>\n<td>240W<\/td>\n<td>360W<\/td>\n<td>480W<\/td>\n<td>600W<\/td>\n<td>720W<\/td>\n<\/tr>\n<tr>\n<td>Heinzung Leistung<\/td>\n<td>NA<\/td>\n<td>100W<\/td>\n<td>100W<\/td>\n<td>100W<\/td>\n<td>200W<\/td>\n<td>200W<\/td>\n<td>200W<\/td>\n<td>300W<\/td>\n<td>500W<\/td>\n<td>500W<\/td>\n<td>800W<\/td>\n<\/tr>\n<tr>\n<td>\u00a0Timer<\/td>\n<td>0-30min<\/td>\n<td>0-30min<\/td>\n<td>0-30min<\/td>\n<td>0-30min<\/td>\n<td>0-30min<\/td>\n<td>0-30min<\/td>\n<td>0-30min<\/td>\n<td>0-30min<\/td>\n<td>0-30min<\/td>\n<td>0-30min<\/td>\n<td>0-30min<\/td>\n<\/tr>\n<tr>\n<td>Temperatur<\/p>\n<p>Einstellung<\/td>\n<td>20-80\u00b0C<\/td>\n<td>20-80\u00b0C<\/td>\n<td>20-80\u00b0C<\/td>\n<td>20-80\u00b0C<\/td>\n<td>20-80\u00b0C<\/td>\n<td>20-80\u00b0C<\/td>\n<td>20-80\u00b0C<\/td>\n<td>20-80\u00b0C<\/td>\n<td>20-80\u00b0C<\/td>\n<td>20-80\u00b0C<\/td>\n<td>20-80\u00b0C<\/td>\n<\/tr>\n<\/tbody>\n<\/table>\n","protected":false},"excerpt":{"rendered":"<p>Tisch-Ultraschalltank mit fester Frequenz von 40 Hz.<\/p>\n","protected":false},"featured_media":30739,"template":"","meta":{"_crdt_document":""},"product_brand":[],"product_cat":[155],"product_tag":[],"class_list":{"0":"post-30733","1":"product","2":"type-product","3":"status-publish","4":"has-post-thumbnail","6":"product_cat-ultraschallbad","8":"first","9":"instock","10":"taxable","11":"shipping-taxable","12":"product-type-simple"},"yoast_head":"<!-- This site is optimized with the Yoast SEO plugin v27.4 - https:\/\/yoast.com\/product\/yoast-seo-wordpress\/ -->\n<title>Ultraschallreiniger Typ JP - Sysmatec<\/title>\n<meta name=\"description\" content=\"Ultraschalltank mit 40 kHz Frequenz. Edelstahltank mit Fassungsverm\u00f6gen von 0,8 L bis 38 L\" \/>\n<meta name=\"robots\" content=\"index, follow, max-snippet:-1, max-image-preview:large, max-video-preview:-1\" \/>\n<link rel=\"canonical\" href=\"https:\/\/sysmatec.ch\/de\/Produkt\/ultraschallreiniger-typ-jp\/\" \/>\n<meta property=\"og:locale\" content=\"de_DE\" \/>\n<meta property=\"og:type\" content=\"article\" \/>\n<meta property=\"og:title\" content=\"Ultraschallreiniger Typ JP - Sysmatec\" \/>\n<meta property=\"og:description\" content=\"Ultraschalltank mit 40 kHz Frequenz. Edelstahltank mit Fassungsverm\u00f6gen von 0,8 L bis 38 L\" \/>\n<meta property=\"og:url\" content=\"https:\/\/sysmatec.ch\/de\/Produkt\/ultraschallreiniger-typ-jp\/\" \/>\n<meta property=\"og:site_name\" content=\"Sysmatec\" \/>\n<meta property=\"article:modified_time\" content=\"2025-08-27T19:33:44+00:00\" \/>\n<meta property=\"og:image\" content=\"https:\/\/sysmatec.ch\/wp-content\/uploads\/2025\/08\/BainUltrasons_JPRedcrown1.png\" \/>\n\t<meta property=\"og:image:width\" content=\"595\" \/>\n\t<meta property=\"og:image:height\" content=\"534\" \/>\n\t<meta property=\"og:image:type\" content=\"image\/png\" \/>\n<meta name=\"twitter:card\" content=\"summary_large_image\" \/>\n<meta name=\"twitter:label1\" content=\"Gesch\u00e4tzte Lesezeit\" \/>\n\t<meta name=\"twitter:data1\" content=\"2\u00a0Minuten\" \/>\n<script type=\"application\/ld+json\" class=\"yoast-schema-graph\">{\"@context\":\"https:\\\/\\\/schema.org\",\"@graph\":[{\"@type\":\"WebPage\",\"@id\":\"https:\\\/\\\/sysmatec.ch\\\/de\\\/Produkt\\\/ultraschallreiniger-typ-jp\\\/\",\"url\":\"https:\\\/\\\/sysmatec.ch\\\/de\\\/Produkt\\\/ultraschallreiniger-typ-jp\\\/\",\"name\":\"Ultraschallreiniger Typ JP - Sysmatec\",\"isPartOf\":{\"@id\":\"https:\\\/\\\/sysmatec.ch\\\/de\\\/#website\"},\"primaryImageOfPage\":{\"@id\":\"https:\\\/\\\/sysmatec.ch\\\/de\\\/Produkt\\\/ultraschallreiniger-typ-jp\\\/#primaryimage\"},\"image\":{\"@id\":\"https:\\\/\\\/sysmatec.ch\\\/de\\\/Produkt\\\/ultraschallreiniger-typ-jp\\\/#primaryimage\"},\"thumbnailUrl\":\"https:\\\/\\\/sysmatec.ch\\\/wp-content\\\/uploads\\\/2025\\\/08\\\/BainUltrasons_JPRedcrown1.png\",\"datePublished\":\"2025-08-27T18:56:51+00:00\",\"dateModified\":\"2025-08-27T19:33:44+00:00\",\"description\":\"Ultraschalltank mit 40 kHz Frequenz. Edelstahltank mit Fassungsverm\u00f6gen von 0,8 L bis 38 L\",\"breadcrumb\":{\"@id\":\"https:\\\/\\\/sysmatec.ch\\\/de\\\/Produkt\\\/ultraschallreiniger-typ-jp\\\/#breadcrumb\"},\"inLanguage\":\"de\",\"potentialAction\":[{\"@type\":\"ReadAction\",\"target\":[\"https:\\\/\\\/sysmatec.ch\\\/de\\\/Produkt\\\/ultraschallreiniger-typ-jp\\\/\"]}]},{\"@type\":\"ImageObject\",\"inLanguage\":\"de\",\"@id\":\"https:\\\/\\\/sysmatec.ch\\\/de\\\/Produkt\\\/ultraschallreiniger-typ-jp\\\/#primaryimage\",\"url\":\"https:\\\/\\\/sysmatec.ch\\\/wp-content\\\/uploads\\\/2025\\\/08\\\/BainUltrasons_JPRedcrown1.png\",\"contentUrl\":\"https:\\\/\\\/sysmatec.ch\\\/wp-content\\\/uploads\\\/2025\\\/08\\\/BainUltrasons_JPRedcrown1.png\",\"width\":595,\"height\":534},{\"@type\":\"BreadcrumbList\",\"@id\":\"https:\\\/\\\/sysmatec.ch\\\/de\\\/Produkt\\\/ultraschallreiniger-typ-jp\\\/#breadcrumb\",\"itemListElement\":[{\"@type\":\"ListItem\",\"position\":1,\"name\":\"Accueil\",\"item\":\"https:\\\/\\\/sysmatec.ch\\\/de\\\/\"},{\"@type\":\"ListItem\",\"position\":2,\"name\":\"Die Aktivit\u00e4t von Sysmatec\",\"item\":\"https:\\\/\\\/sysmatec.ch\\\/de\\\/\"},{\"@type\":\"ListItem\",\"position\":3,\"name\":\"Ultraschallreiniger Typ JP\"}]},{\"@type\":\"WebSite\",\"@id\":\"https:\\\/\\\/sysmatec.ch\\\/de\\\/#website\",\"url\":\"https:\\\/\\\/sysmatec.ch\\\/de\\\/\",\"name\":\"Sysmatec\",\"description\":\"Equipement de laboratoire et logiciels\",\"publisher\":{\"@id\":\"https:\\\/\\\/sysmatec.ch\\\/de\\\/#organization\"},\"potentialAction\":[{\"@type\":\"SearchAction\",\"target\":{\"@type\":\"EntryPoint\",\"urlTemplate\":\"https:\\\/\\\/sysmatec.ch\\\/de\\\/?s={search_term_string}\"},\"query-input\":{\"@type\":\"PropertyValueSpecification\",\"valueRequired\":true,\"valueName\":\"search_term_string\"}}],\"inLanguage\":\"de\"},{\"@type\":\"Organization\",\"@id\":\"https:\\\/\\\/sysmatec.ch\\\/de\\\/#organization\",\"name\":\"Sysmatec\",\"url\":\"https:\\\/\\\/sysmatec.ch\\\/de\\\/\",\"logo\":{\"@type\":\"ImageObject\",\"inLanguage\":\"de\",\"@id\":\"https:\\\/\\\/sysmatec.ch\\\/de\\\/#\\\/schema\\\/logo\\\/image\\\/\",\"url\":\"https:\\\/\\\/sysmatec.ch\\\/wp-content\\\/uploads\\\/2018\\\/11\\\/LogoSysmatec.jpg\",\"contentUrl\":\"https:\\\/\\\/sysmatec.ch\\\/wp-content\\\/uploads\\\/2018\\\/11\\\/LogoSysmatec.jpg\",\"width\":301,\"height\":297,\"caption\":\"Sysmatec\"},\"image\":{\"@id\":\"https:\\\/\\\/sysmatec.ch\\\/de\\\/#\\\/schema\\\/logo\\\/image\\\/\"}}]}<\/script>\n<!-- \/ Yoast SEO plugin. -->","yoast_head_json":{"title":"Ultraschallreiniger Typ JP - Sysmatec","description":"Ultraschalltank mit 40 kHz Frequenz. Edelstahltank mit Fassungsverm\u00f6gen von 0,8 L bis 38 L","robots":{"index":"index","follow":"follow","max-snippet":"max-snippet:-1","max-image-preview":"max-image-preview:large","max-video-preview":"max-video-preview:-1"},"canonical":"https:\/\/sysmatec.ch\/de\/Produkt\/ultraschallreiniger-typ-jp\/","og_locale":"de_DE","og_type":"article","og_title":"Ultraschallreiniger Typ JP - Sysmatec","og_description":"Ultraschalltank mit 40 kHz Frequenz. Edelstahltank mit Fassungsverm\u00f6gen von 0,8 L bis 38 L","og_url":"https:\/\/sysmatec.ch\/de\/Produkt\/ultraschallreiniger-typ-jp\/","og_site_name":"Sysmatec","article_modified_time":"2025-08-27T19:33:44+00:00","og_image":[{"width":595,"height":534,"url":"https:\/\/sysmatec.ch\/wp-content\/uploads\/2025\/08\/BainUltrasons_JPRedcrown1.png","type":"image\/png"}],"twitter_card":"summary_large_image","twitter_misc":{"Gesch\u00e4tzte Lesezeit":"2\u00a0Minuten"},"schema":{"@context":"https:\/\/schema.org","@graph":[{"@type":"WebPage","@id":"https:\/\/sysmatec.ch\/de\/Produkt\/ultraschallreiniger-typ-jp\/","url":"https:\/\/sysmatec.ch\/de\/Produkt\/ultraschallreiniger-typ-jp\/","name":"Ultraschallreiniger Typ JP - Sysmatec","isPartOf":{"@id":"https:\/\/sysmatec.ch\/de\/#website"},"primaryImageOfPage":{"@id":"https:\/\/sysmatec.ch\/de\/Produkt\/ultraschallreiniger-typ-jp\/#primaryimage"},"image":{"@id":"https:\/\/sysmatec.ch\/de\/Produkt\/ultraschallreiniger-typ-jp\/#primaryimage"},"thumbnailUrl":"https:\/\/sysmatec.ch\/wp-content\/uploads\/2025\/08\/BainUltrasons_JPRedcrown1.png","datePublished":"2025-08-27T18:56:51+00:00","dateModified":"2025-08-27T19:33:44+00:00","description":"Ultraschalltank mit 40 kHz Frequenz. Edelstahltank mit Fassungsverm\u00f6gen von 0,8 L bis 38 L","breadcrumb":{"@id":"https:\/\/sysmatec.ch\/de\/Produkt\/ultraschallreiniger-typ-jp\/#breadcrumb"},"inLanguage":"de","potentialAction":[{"@type":"ReadAction","target":["https:\/\/sysmatec.ch\/de\/Produkt\/ultraschallreiniger-typ-jp\/"]}]},{"@type":"ImageObject","inLanguage":"de","@id":"https:\/\/sysmatec.ch\/de\/Produkt\/ultraschallreiniger-typ-jp\/#primaryimage","url":"https:\/\/sysmatec.ch\/wp-content\/uploads\/2025\/08\/BainUltrasons_JPRedcrown1.png","contentUrl":"https:\/\/sysmatec.ch\/wp-content\/uploads\/2025\/08\/BainUltrasons_JPRedcrown1.png","width":595,"height":534},{"@type":"BreadcrumbList","@id":"https:\/\/sysmatec.ch\/de\/Produkt\/ultraschallreiniger-typ-jp\/#breadcrumb","itemListElement":[{"@type":"ListItem","position":1,"name":"Accueil","item":"https:\/\/sysmatec.ch\/de\/"},{"@type":"ListItem","position":2,"name":"Die Aktivit\u00e4t von Sysmatec","item":"https:\/\/sysmatec.ch\/de\/"},{"@type":"ListItem","position":3,"name":"Ultraschallreiniger Typ JP"}]},{"@type":"WebSite","@id":"https:\/\/sysmatec.ch\/de\/#website","url":"https:\/\/sysmatec.ch\/de\/","name":"Sysmatec","description":"Equipement de laboratoire et logiciels","publisher":{"@id":"https:\/\/sysmatec.ch\/de\/#organization"},"potentialAction":[{"@type":"SearchAction","target":{"@type":"EntryPoint","urlTemplate":"https:\/\/sysmatec.ch\/de\/?s={search_term_string}"},"query-input":{"@type":"PropertyValueSpecification","valueRequired":true,"valueName":"search_term_string"}}],"inLanguage":"de"},{"@type":"Organization","@id":"https:\/\/sysmatec.ch\/de\/#organization","name":"Sysmatec","url":"https:\/\/sysmatec.ch\/de\/","logo":{"@type":"ImageObject","inLanguage":"de","@id":"https:\/\/sysmatec.ch\/de\/#\/schema\/logo\/image\/","url":"https:\/\/sysmatec.ch\/wp-content\/uploads\/2018\/11\/LogoSysmatec.jpg","contentUrl":"https:\/\/sysmatec.ch\/wp-content\/uploads\/2018\/11\/LogoSysmatec.jpg","width":301,"height":297,"caption":"Sysmatec"},"image":{"@id":"https:\/\/sysmatec.ch\/de\/#\/schema\/logo\/image\/"}}]}},"_links":{"self":[{"href":"https:\/\/sysmatec.ch\/de\/wp-json\/wp\/v2\/product\/30733","targetHints":{"allow":["GET"]}}],"collection":[{"href":"https:\/\/sysmatec.ch\/de\/wp-json\/wp\/v2\/product"}],"about":[{"href":"https:\/\/sysmatec.ch\/de\/wp-json\/wp\/v2\/types\/product"}],"wp:featuredmedia":[{"embeddable":true,"href":"https:\/\/sysmatec.ch\/de\/wp-json\/wp\/v2\/media\/30739"}],"wp:attachment":[{"href":"https:\/\/sysmatec.ch\/de\/wp-json\/wp\/v2\/media?parent=30733"}],"wp:term":[{"taxonomy":"product_brand","embeddable":true,"href":"https:\/\/sysmatec.ch\/de\/wp-json\/wp\/v2\/product_brand?post=30733"},{"taxonomy":"product_cat","embeddable":true,"href":"https:\/\/sysmatec.ch\/de\/wp-json\/wp\/v2\/product_cat?post=30733"},{"taxonomy":"product_tag","embeddable":true,"href":"https:\/\/sysmatec.ch\/de\/wp-json\/wp\/v2\/product_tag?post=30733"}],"curies":[{"name":"wp","href":"https:\/\/api.w.org\/{rel}","templated":true}]}}