{"id":30725,"date":"2025-08-07T16:26:29","date_gmt":"2025-08-07T14:26:29","guid":{"rendered":"https:\/\/sysmatec.ch\/?post_type=product&#038;p=30725"},"modified":"2025-08-07T16:58:21","modified_gmt":"2025-08-07T14:58:21","slug":"thermostat-hrsc012-mit-co2","status":"publish","type":"product","link":"https:\/\/sysmatec.ch\/de\/Produkt\/thermostat-hrsc012-mit-co2\/","title":{"rendered":"Thermostat HRSC012 mit CO2"},"content":{"rendered":"<p>Dies ist ein Temperaturregler f\u00fcr W\u00e4rmetr\u00e4gerfl\u00fcssigkeiten, der CO2 anstelle des \u00fcblichen fluorierten K\u00e4ltemittelgases verwendet. Er ist f\u00fcr die Regelung der Temperatur in einem Bereich von 5 bis 40 \u00b0C ausgelegt.<\/p>\n<h2>Merkmale<\/h2>\n<ul>\n<li>K\u00fchlmethode: Luftgek\u00fchlt<\/li>\n<li>K\u00e4ltemittelf\u00fcllung (kg): 0.43<\/li>\n<li>Regelung: PID<\/li>\n<li>Umgebungstemperatur\/Luftfeuchtigkeit\/H\u00f6he\/Aufstellungsort: 5 bis 40 \u00b0C, 30 bis 70 %, H\u00f6he &lt; 3000 m<\/li>\n<li>Heizmedium: Leitungswasser, 15 % Ethylenglykol-L\u00f6sung<\/li>\n<li>K\u00fchlleistung: 1300 W<\/li>\n<li>Heizleistung: 650 W<\/li>\n<li>Temperaturstabilit\u00e4t: 0,1 \u00b0C<\/li>\n<li>Tankvolumen: 5 l<\/li>\n<li>Anschluss: Rc1\/2<\/li>\n<li>Material der Medien: Edelstahl, Kupfer (W\u00e4rmetauscher-L\u00f6ten), Messing, Aluminiumoxidkeramik\u221713,<br \/>\nKohle, PP, PE, POM, FKM, EPDM, PVC, SiC<\/li>\n<li>Stromversorgung: Einphasig, 200 bis 230 VAC (50\/60 Hz)<\/li>\n<\/ul>\n","protected":false},"excerpt":{"rendered":"<p>Umw\u00e4lzthermostat zum K\u00fchlen und Heizen im Betriebstemperaturbereich von 5\u00b0C bis +40\u00b0C, mit CO2.<\/p>\n","protected":false},"featured_media":30729,"template":"","meta":{"_crdt_document":""},"product_brand":[],"product_cat":[153],"product_tag":[],"class_list":{"0":"post-30725","1":"product","2":"type-product","3":"status-publish","4":"has-post-thumbnail","6":"product_cat-wasserbad","8":"first","9":"instock","10":"taxable","11":"shipping-taxable","12":"product-type-simple"},"yoast_head":"<!-- This site is optimized with the Yoast SEO plugin v27.3 - https:\/\/yoast.com\/product\/yoast-seo-wordpress\/ -->\n<title>Thermostat HRSC012 mit CO2 - Sysmatec<\/title>\n<meta name=\"description\" content=\"Umw\u00e4lzthermostat zum Heizen und K\u00fchlen mit einem Betriebstemperaturbereich von -5 bis 40 \u00b0C, unter Verwendung von CO2 als K\u00e4ltemittelgas.\" \/>\n<meta name=\"robots\" content=\"index, follow, max-snippet:-1, max-image-preview:large, max-video-preview:-1\" \/>\n<link rel=\"canonical\" href=\"https:\/\/sysmatec.ch\/de\/Produkt\/thermostat-hrsc012-mit-co2\/\" \/>\n<meta property=\"og:locale\" content=\"de_DE\" \/>\n<meta property=\"og:type\" content=\"article\" \/>\n<meta property=\"og:title\" content=\"Thermostat HRSC012 mit CO2 - Sysmatec\" \/>\n<meta property=\"og:description\" content=\"Umw\u00e4lzthermostat zum Heizen und K\u00fchlen mit einem Betriebstemperaturbereich von -5 bis 40 \u00b0C, unter Verwendung von CO2 als K\u00e4ltemittelgas.\" \/>\n<meta property=\"og:url\" content=\"https:\/\/sysmatec.ch\/de\/Produkt\/thermostat-hrsc012-mit-co2\/\" \/>\n<meta property=\"og:site_name\" content=\"Sysmatec\" \/>\n<meta property=\"article:modified_time\" content=\"2025-08-07T14:58:21+00:00\" \/>\n<meta property=\"og:image\" content=\"https:\/\/sysmatec.ch\/wp-content\/uploads\/2025\/08\/Thermostat_HRSC012SMC.jpg\" \/>\n\t<meta property=\"og:image:width\" content=\"241\" \/>\n\t<meta property=\"og:image:height\" content=\"291\" \/>\n\t<meta property=\"og:image:type\" content=\"image\/jpeg\" \/>\n<meta name=\"twitter:card\" content=\"summary_large_image\" \/>\n<meta name=\"twitter:label1\" content=\"Gesch\u00e4tzte Lesezeit\" \/>\n\t<meta name=\"twitter:data1\" content=\"1\u00a0Minute\" \/>\n<script type=\"application\/ld+json\" class=\"yoast-schema-graph\">{\"@context\":\"https:\\\/\\\/schema.org\",\"@graph\":[{\"@type\":\"WebPage\",\"@id\":\"https:\\\/\\\/sysmatec.ch\\\/de\\\/Produkt\\\/thermostat-hrsc012-mit-co2\\\/\",\"url\":\"https:\\\/\\\/sysmatec.ch\\\/de\\\/Produkt\\\/thermostat-hrsc012-mit-co2\\\/\",\"name\":\"Thermostat HRSC012 mit CO2 - Sysmatec\",\"isPartOf\":{\"@id\":\"https:\\\/\\\/sysmatec.ch\\\/de\\\/#website\"},\"primaryImageOfPage\":{\"@id\":\"https:\\\/\\\/sysmatec.ch\\\/de\\\/Produkt\\\/thermostat-hrsc012-mit-co2\\\/#primaryimage\"},\"image\":{\"@id\":\"https:\\\/\\\/sysmatec.ch\\\/de\\\/Produkt\\\/thermostat-hrsc012-mit-co2\\\/#primaryimage\"},\"thumbnailUrl\":\"https:\\\/\\\/sysmatec.ch\\\/wp-content\\\/uploads\\\/2025\\\/08\\\/Thermostat_HRSC012SMC.jpg\",\"datePublished\":\"2025-08-07T14:26:29+00:00\",\"dateModified\":\"2025-08-07T14:58:21+00:00\",\"description\":\"Umw\u00e4lzthermostat zum Heizen und K\u00fchlen mit einem Betriebstemperaturbereich von -5 bis 40 \u00b0C, unter Verwendung von CO2 als K\u00e4ltemittelgas.\",\"breadcrumb\":{\"@id\":\"https:\\\/\\\/sysmatec.ch\\\/de\\\/Produkt\\\/thermostat-hrsc012-mit-co2\\\/#breadcrumb\"},\"inLanguage\":\"de\",\"potentialAction\":[{\"@type\":\"ReadAction\",\"target\":[\"https:\\\/\\\/sysmatec.ch\\\/de\\\/Produkt\\\/thermostat-hrsc012-mit-co2\\\/\"]}]},{\"@type\":\"ImageObject\",\"inLanguage\":\"de\",\"@id\":\"https:\\\/\\\/sysmatec.ch\\\/de\\\/Produkt\\\/thermostat-hrsc012-mit-co2\\\/#primaryimage\",\"url\":\"https:\\\/\\\/sysmatec.ch\\\/wp-content\\\/uploads\\\/2025\\\/08\\\/Thermostat_HRSC012SMC.jpg\",\"contentUrl\":\"https:\\\/\\\/sysmatec.ch\\\/wp-content\\\/uploads\\\/2025\\\/08\\\/Thermostat_HRSC012SMC.jpg\",\"width\":241,\"height\":291},{\"@type\":\"BreadcrumbList\",\"@id\":\"https:\\\/\\\/sysmatec.ch\\\/de\\\/Produkt\\\/thermostat-hrsc012-mit-co2\\\/#breadcrumb\",\"itemListElement\":[{\"@type\":\"ListItem\",\"position\":1,\"name\":\"Accueil\",\"item\":\"https:\\\/\\\/sysmatec.ch\\\/de\\\/\"},{\"@type\":\"ListItem\",\"position\":2,\"name\":\"Die Aktivit\u00e4t von Sysmatec\",\"item\":\"https:\\\/\\\/sysmatec.ch\\\/de\\\/\"},{\"@type\":\"ListItem\",\"position\":3,\"name\":\"Thermostat HRSC012 mit CO2\"}]},{\"@type\":\"WebSite\",\"@id\":\"https:\\\/\\\/sysmatec.ch\\\/de\\\/#website\",\"url\":\"https:\\\/\\\/sysmatec.ch\\\/de\\\/\",\"name\":\"Sysmatec\",\"description\":\"Equipement de laboratoire et logiciels\",\"publisher\":{\"@id\":\"https:\\\/\\\/sysmatec.ch\\\/de\\\/#organization\"},\"potentialAction\":[{\"@type\":\"SearchAction\",\"target\":{\"@type\":\"EntryPoint\",\"urlTemplate\":\"https:\\\/\\\/sysmatec.ch\\\/de\\\/?s={search_term_string}\"},\"query-input\":{\"@type\":\"PropertyValueSpecification\",\"valueRequired\":true,\"valueName\":\"search_term_string\"}}],\"inLanguage\":\"de\"},{\"@type\":\"Organization\",\"@id\":\"https:\\\/\\\/sysmatec.ch\\\/de\\\/#organization\",\"name\":\"Sysmatec\",\"url\":\"https:\\\/\\\/sysmatec.ch\\\/de\\\/\",\"logo\":{\"@type\":\"ImageObject\",\"inLanguage\":\"de\",\"@id\":\"https:\\\/\\\/sysmatec.ch\\\/de\\\/#\\\/schema\\\/logo\\\/image\\\/\",\"url\":\"https:\\\/\\\/sysmatec.ch\\\/wp-content\\\/uploads\\\/2018\\\/11\\\/LogoSysmatec.jpg\",\"contentUrl\":\"https:\\\/\\\/sysmatec.ch\\\/wp-content\\\/uploads\\\/2018\\\/11\\\/LogoSysmatec.jpg\",\"width\":301,\"height\":297,\"caption\":\"Sysmatec\"},\"image\":{\"@id\":\"https:\\\/\\\/sysmatec.ch\\\/de\\\/#\\\/schema\\\/logo\\\/image\\\/\"}}]}<\/script>\n<!-- \/ Yoast SEO plugin. -->","yoast_head_json":{"title":"Thermostat HRSC012 mit CO2 - Sysmatec","description":"Umw\u00e4lzthermostat zum Heizen und K\u00fchlen mit einem Betriebstemperaturbereich von -5 bis 40 \u00b0C, unter Verwendung von CO2 als K\u00e4ltemittelgas.","robots":{"index":"index","follow":"follow","max-snippet":"max-snippet:-1","max-image-preview":"max-image-preview:large","max-video-preview":"max-video-preview:-1"},"canonical":"https:\/\/sysmatec.ch\/de\/Produkt\/thermostat-hrsc012-mit-co2\/","og_locale":"de_DE","og_type":"article","og_title":"Thermostat HRSC012 mit CO2 - Sysmatec","og_description":"Umw\u00e4lzthermostat zum Heizen und K\u00fchlen mit einem Betriebstemperaturbereich von -5 bis 40 \u00b0C, unter Verwendung von CO2 als K\u00e4ltemittelgas.","og_url":"https:\/\/sysmatec.ch\/de\/Produkt\/thermostat-hrsc012-mit-co2\/","og_site_name":"Sysmatec","article_modified_time":"2025-08-07T14:58:21+00:00","og_image":[{"width":241,"height":291,"url":"https:\/\/sysmatec.ch\/wp-content\/uploads\/2025\/08\/Thermostat_HRSC012SMC.jpg","type":"image\/jpeg"}],"twitter_card":"summary_large_image","twitter_misc":{"Gesch\u00e4tzte Lesezeit":"1\u00a0Minute"},"schema":{"@context":"https:\/\/schema.org","@graph":[{"@type":"WebPage","@id":"https:\/\/sysmatec.ch\/de\/Produkt\/thermostat-hrsc012-mit-co2\/","url":"https:\/\/sysmatec.ch\/de\/Produkt\/thermostat-hrsc012-mit-co2\/","name":"Thermostat HRSC012 mit CO2 - Sysmatec","isPartOf":{"@id":"https:\/\/sysmatec.ch\/de\/#website"},"primaryImageOfPage":{"@id":"https:\/\/sysmatec.ch\/de\/Produkt\/thermostat-hrsc012-mit-co2\/#primaryimage"},"image":{"@id":"https:\/\/sysmatec.ch\/de\/Produkt\/thermostat-hrsc012-mit-co2\/#primaryimage"},"thumbnailUrl":"https:\/\/sysmatec.ch\/wp-content\/uploads\/2025\/08\/Thermostat_HRSC012SMC.jpg","datePublished":"2025-08-07T14:26:29+00:00","dateModified":"2025-08-07T14:58:21+00:00","description":"Umw\u00e4lzthermostat zum Heizen und K\u00fchlen mit einem Betriebstemperaturbereich von -5 bis 40 \u00b0C, unter Verwendung von CO2 als K\u00e4ltemittelgas.","breadcrumb":{"@id":"https:\/\/sysmatec.ch\/de\/Produkt\/thermostat-hrsc012-mit-co2\/#breadcrumb"},"inLanguage":"de","potentialAction":[{"@type":"ReadAction","target":["https:\/\/sysmatec.ch\/de\/Produkt\/thermostat-hrsc012-mit-co2\/"]}]},{"@type":"ImageObject","inLanguage":"de","@id":"https:\/\/sysmatec.ch\/de\/Produkt\/thermostat-hrsc012-mit-co2\/#primaryimage","url":"https:\/\/sysmatec.ch\/wp-content\/uploads\/2025\/08\/Thermostat_HRSC012SMC.jpg","contentUrl":"https:\/\/sysmatec.ch\/wp-content\/uploads\/2025\/08\/Thermostat_HRSC012SMC.jpg","width":241,"height":291},{"@type":"BreadcrumbList","@id":"https:\/\/sysmatec.ch\/de\/Produkt\/thermostat-hrsc012-mit-co2\/#breadcrumb","itemListElement":[{"@type":"ListItem","position":1,"name":"Accueil","item":"https:\/\/sysmatec.ch\/de\/"},{"@type":"ListItem","position":2,"name":"Die Aktivit\u00e4t von Sysmatec","item":"https:\/\/sysmatec.ch\/de\/"},{"@type":"ListItem","position":3,"name":"Thermostat HRSC012 mit CO2"}]},{"@type":"WebSite","@id":"https:\/\/sysmatec.ch\/de\/#website","url":"https:\/\/sysmatec.ch\/de\/","name":"Sysmatec","description":"Equipement de laboratoire et logiciels","publisher":{"@id":"https:\/\/sysmatec.ch\/de\/#organization"},"potentialAction":[{"@type":"SearchAction","target":{"@type":"EntryPoint","urlTemplate":"https:\/\/sysmatec.ch\/de\/?s={search_term_string}"},"query-input":{"@type":"PropertyValueSpecification","valueRequired":true,"valueName":"search_term_string"}}],"inLanguage":"de"},{"@type":"Organization","@id":"https:\/\/sysmatec.ch\/de\/#organization","name":"Sysmatec","url":"https:\/\/sysmatec.ch\/de\/","logo":{"@type":"ImageObject","inLanguage":"de","@id":"https:\/\/sysmatec.ch\/de\/#\/schema\/logo\/image\/","url":"https:\/\/sysmatec.ch\/wp-content\/uploads\/2018\/11\/LogoSysmatec.jpg","contentUrl":"https:\/\/sysmatec.ch\/wp-content\/uploads\/2018\/11\/LogoSysmatec.jpg","width":301,"height":297,"caption":"Sysmatec"},"image":{"@id":"https:\/\/sysmatec.ch\/de\/#\/schema\/logo\/image\/"}}]}},"_links":{"self":[{"href":"https:\/\/sysmatec.ch\/de\/wp-json\/wp\/v2\/product\/30725","targetHints":{"allow":["GET"]}}],"collection":[{"href":"https:\/\/sysmatec.ch\/de\/wp-json\/wp\/v2\/product"}],"about":[{"href":"https:\/\/sysmatec.ch\/de\/wp-json\/wp\/v2\/types\/product"}],"wp:featuredmedia":[{"embeddable":true,"href":"https:\/\/sysmatec.ch\/de\/wp-json\/wp\/v2\/media\/30729"}],"wp:attachment":[{"href":"https:\/\/sysmatec.ch\/de\/wp-json\/wp\/v2\/media?parent=30725"}],"wp:term":[{"taxonomy":"product_brand","embeddable":true,"href":"https:\/\/sysmatec.ch\/de\/wp-json\/wp\/v2\/product_brand?post=30725"},{"taxonomy":"product_cat","embeddable":true,"href":"https:\/\/sysmatec.ch\/de\/wp-json\/wp\/v2\/product_cat?post=30725"},{"taxonomy":"product_tag","embeddable":true,"href":"https:\/\/sysmatec.ch\/de\/wp-json\/wp\/v2\/product_tag?post=30725"}],"curies":[{"name":"wp","href":"https:\/\/api.w.org\/{rel}","templated":true}]}}