{"id":30700,"date":"2025-07-17T08:36:25","date_gmt":"2025-07-17T06:36:25","guid":{"rendered":"https:\/\/sysmatec.ch\/?post_type=product&#038;p=30700"},"modified":"2025-07-17T09:14:20","modified_gmt":"2025-07-17T07:14:20","slug":"schwimmer-fuer-klares-bewegtes-wasser-bip-stop","status":"publish","type":"product","link":"https:\/\/sysmatec.ch\/de\/Produkt\/schwimmer-fuer-klares-bewegtes-wasser-bip-stop\/","title":{"rendered":"Schwimmer f\u00fcr klares, bewegtes Wasser BIP STOP"},"content":{"rendered":"<p>Diese Schwimmerschalter sind F\u00fcllstandssensoren zur Automatisierung oder Regelung von Pumpen in Regenwasser, Klarwasser oder leicht verschmutzten, bewegten Fl\u00fcssigkeiten.<\/p>\n<p>Dieser Ein-\/Aus-Schwimmerschalter erm\u00f6glicht die Automatisierung kleiner Pumpen entweder direkt (bis 1,5 PS) \u00fcber seinen 20-A-Mikroschalter bis 400 V oder unbegrenzt \u00fcber ein Relais.<br \/>\nDank seines gro\u00dfen Differenzwinkels von 110\u00b0 erm\u00f6glicht er einen sanften F\u00fcllstandskontakt an Pumpenmotoren und elektrischen Ger\u00e4ten. Er erm\u00f6glicht au\u00dferdem die Erkennung von hohem und niedrigem F\u00fcllstand im selben Tank mit einer Hysterese von maximal 1,5 m.<\/p>\n<h2>Merkmale<\/h2>\n<ul>\n<li>Schaltwinkel: 110\u00b0<\/li>\n<li>F\u00fcr bewegte Fl\u00fcssigkeiten<\/li>\n<li>Stromversorgung: 50 bis 400 V, 50\u201360 Hz<\/li>\n<li>Schaltleistung: 20 A<\/li>\n<li>Kabelgewicht optional<\/li>\n<li>Abmessungen: 130 mm bis \u00d8 70 mm<\/li>\n<li>Zul\u00e4ssige Fl\u00fcssigkeitsdichte: 0,70 bis 1,15 g\/cm\u00b3<\/li>\n<li>Zul\u00e4ssiger Betriebsdruck: 3,5 bar<\/li>\n<li>Maximale Temperatur: 85 \u00b0C<\/li>\n<li>Schutzart: IP68<\/li>\n<li>Geh\u00e4use: Polypropylen-Copolymer<\/li>\n<li>Kabel: Neopren oder HR HY 3 x 1 mm\u00b2<\/li>\n<li>Schwimmergewicht ohne Kabel: 105 g<\/li>\n<\/ul>\n<p>&nbsp;<\/p>\n","protected":false},"excerpt":{"rendered":"<p>Schwimmk\u00f6rper f\u00fcr Regenwasser, Klarwasser oder leicht belastete Fl\u00fcssigkeiten.<\/p>\n","protected":false},"featured_media":30704,"template":"","meta":{"_crdt_document":""},"product_brand":[],"product_cat":[236],"product_tag":[],"class_list":{"0":"post-30700","1":"product","2":"type-product","3":"status-publish","4":"has-post-thumbnail","6":"product_cat-fuellstand","8":"first","9":"instock","10":"taxable","11":"shipping-taxable","12":"product-type-simple"},"yoast_head":"<!-- This site is optimized with the Yoast SEO plugin v27.3 - https:\/\/yoast.com\/product\/yoast-seo-wordpress\/ -->\n<title>Schwimmer f\u00fcr klares, bewegtes Wasser BIP STOP - Sysmatec<\/title>\n<meta name=\"description\" content=\"iese Schwimmer sind F\u00fcllstandsanzeiger f\u00fcr Regenwasser, Klarwasser oder leicht belastete und bewegte Fl\u00fcssigkeiten.\" \/>\n<meta name=\"robots\" content=\"index, follow, max-snippet:-1, max-image-preview:large, max-video-preview:-1\" \/>\n<link rel=\"canonical\" href=\"https:\/\/sysmatec.ch\/de\/Produkt\/schwimmer-fuer-klares-bewegtes-wasser-bip-stop\/\" \/>\n<meta property=\"og:locale\" content=\"de_DE\" \/>\n<meta property=\"og:type\" content=\"article\" \/>\n<meta property=\"og:title\" content=\"Schwimmer f\u00fcr klares, bewegtes Wasser BIP STOP - Sysmatec\" \/>\n<meta property=\"og:description\" content=\"iese Schwimmer sind F\u00fcllstandsanzeiger f\u00fcr Regenwasser, Klarwasser oder leicht belastete und bewegte Fl\u00fcssigkeiten.\" \/>\n<meta property=\"og:url\" content=\"https:\/\/sysmatec.ch\/de\/Produkt\/schwimmer-fuer-klares-bewegtes-wasser-bip-stop\/\" \/>\n<meta property=\"og:site_name\" content=\"Sysmatec\" \/>\n<meta property=\"article:modified_time\" content=\"2025-07-17T07:14:20+00:00\" \/>\n<meta property=\"og:image\" content=\"https:\/\/sysmatec.ch\/wp-content\/uploads\/2025\/07\/Flotteur_BipStopATMI.jpg\" \/>\n\t<meta property=\"og:image:width\" content=\"447\" \/>\n\t<meta property=\"og:image:height\" content=\"434\" \/>\n\t<meta property=\"og:image:type\" content=\"image\/jpeg\" \/>\n<meta name=\"twitter:card\" content=\"summary_large_image\" \/>\n<meta name=\"twitter:label1\" content=\"Gesch\u00e4tzte Lesezeit\" \/>\n\t<meta name=\"twitter:data1\" content=\"1\u00a0Minute\" \/>\n<script type=\"application\/ld+json\" class=\"yoast-schema-graph\">{\"@context\":\"https:\\\/\\\/schema.org\",\"@graph\":[{\"@type\":\"WebPage\",\"@id\":\"https:\\\/\\\/sysmatec.ch\\\/de\\\/Produkt\\\/schwimmer-fuer-klares-bewegtes-wasser-bip-stop\\\/\",\"url\":\"https:\\\/\\\/sysmatec.ch\\\/de\\\/Produkt\\\/schwimmer-fuer-klares-bewegtes-wasser-bip-stop\\\/\",\"name\":\"Schwimmer f\u00fcr klares, bewegtes Wasser BIP STOP - Sysmatec\",\"isPartOf\":{\"@id\":\"https:\\\/\\\/sysmatec.ch\\\/de\\\/#website\"},\"primaryImageOfPage\":{\"@id\":\"https:\\\/\\\/sysmatec.ch\\\/de\\\/Produkt\\\/schwimmer-fuer-klares-bewegtes-wasser-bip-stop\\\/#primaryimage\"},\"image\":{\"@id\":\"https:\\\/\\\/sysmatec.ch\\\/de\\\/Produkt\\\/schwimmer-fuer-klares-bewegtes-wasser-bip-stop\\\/#primaryimage\"},\"thumbnailUrl\":\"https:\\\/\\\/sysmatec.ch\\\/wp-content\\\/uploads\\\/2025\\\/07\\\/Flotteur_BipStopATMI.jpg\",\"datePublished\":\"2025-07-17T06:36:25+00:00\",\"dateModified\":\"2025-07-17T07:14:20+00:00\",\"description\":\"iese Schwimmer sind F\u00fcllstandsanzeiger f\u00fcr Regenwasser, Klarwasser oder leicht belastete und bewegte Fl\u00fcssigkeiten.\",\"breadcrumb\":{\"@id\":\"https:\\\/\\\/sysmatec.ch\\\/de\\\/Produkt\\\/schwimmer-fuer-klares-bewegtes-wasser-bip-stop\\\/#breadcrumb\"},\"inLanguage\":\"de\",\"potentialAction\":[{\"@type\":\"ReadAction\",\"target\":[\"https:\\\/\\\/sysmatec.ch\\\/de\\\/Produkt\\\/schwimmer-fuer-klares-bewegtes-wasser-bip-stop\\\/\"]}]},{\"@type\":\"ImageObject\",\"inLanguage\":\"de\",\"@id\":\"https:\\\/\\\/sysmatec.ch\\\/de\\\/Produkt\\\/schwimmer-fuer-klares-bewegtes-wasser-bip-stop\\\/#primaryimage\",\"url\":\"https:\\\/\\\/sysmatec.ch\\\/wp-content\\\/uploads\\\/2025\\\/07\\\/Flotteur_BipStopATMI.jpg\",\"contentUrl\":\"https:\\\/\\\/sysmatec.ch\\\/wp-content\\\/uploads\\\/2025\\\/07\\\/Flotteur_BipStopATMI.jpg\",\"width\":447,\"height\":434},{\"@type\":\"BreadcrumbList\",\"@id\":\"https:\\\/\\\/sysmatec.ch\\\/de\\\/Produkt\\\/schwimmer-fuer-klares-bewegtes-wasser-bip-stop\\\/#breadcrumb\",\"itemListElement\":[{\"@type\":\"ListItem\",\"position\":1,\"name\":\"Accueil\",\"item\":\"https:\\\/\\\/sysmatec.ch\\\/de\\\/\"},{\"@type\":\"ListItem\",\"position\":2,\"name\":\"Die Aktivit\u00e4t von Sysmatec\",\"item\":\"https:\\\/\\\/sysmatec.ch\\\/de\\\/\"},{\"@type\":\"ListItem\",\"position\":3,\"name\":\"Schwimmer f\u00fcr klares, bewegtes Wasser BIP STOP\"}]},{\"@type\":\"WebSite\",\"@id\":\"https:\\\/\\\/sysmatec.ch\\\/de\\\/#website\",\"url\":\"https:\\\/\\\/sysmatec.ch\\\/de\\\/\",\"name\":\"Sysmatec\",\"description\":\"Equipement de laboratoire et logiciels\",\"publisher\":{\"@id\":\"https:\\\/\\\/sysmatec.ch\\\/de\\\/#organization\"},\"potentialAction\":[{\"@type\":\"SearchAction\",\"target\":{\"@type\":\"EntryPoint\",\"urlTemplate\":\"https:\\\/\\\/sysmatec.ch\\\/de\\\/?s={search_term_string}\"},\"query-input\":{\"@type\":\"PropertyValueSpecification\",\"valueRequired\":true,\"valueName\":\"search_term_string\"}}],\"inLanguage\":\"de\"},{\"@type\":\"Organization\",\"@id\":\"https:\\\/\\\/sysmatec.ch\\\/de\\\/#organization\",\"name\":\"Sysmatec\",\"url\":\"https:\\\/\\\/sysmatec.ch\\\/de\\\/\",\"logo\":{\"@type\":\"ImageObject\",\"inLanguage\":\"de\",\"@id\":\"https:\\\/\\\/sysmatec.ch\\\/de\\\/#\\\/schema\\\/logo\\\/image\\\/\",\"url\":\"https:\\\/\\\/sysmatec.ch\\\/wp-content\\\/uploads\\\/2018\\\/11\\\/LogoSysmatec.jpg\",\"contentUrl\":\"https:\\\/\\\/sysmatec.ch\\\/wp-content\\\/uploads\\\/2018\\\/11\\\/LogoSysmatec.jpg\",\"width\":301,\"height\":297,\"caption\":\"Sysmatec\"},\"image\":{\"@id\":\"https:\\\/\\\/sysmatec.ch\\\/de\\\/#\\\/schema\\\/logo\\\/image\\\/\"}}]}<\/script>\n<!-- \/ Yoast SEO plugin. -->","yoast_head_json":{"title":"Schwimmer f\u00fcr klares, bewegtes Wasser BIP STOP - Sysmatec","description":"iese Schwimmer sind F\u00fcllstandsanzeiger f\u00fcr Regenwasser, Klarwasser oder leicht belastete und bewegte Fl\u00fcssigkeiten.","robots":{"index":"index","follow":"follow","max-snippet":"max-snippet:-1","max-image-preview":"max-image-preview:large","max-video-preview":"max-video-preview:-1"},"canonical":"https:\/\/sysmatec.ch\/de\/Produkt\/schwimmer-fuer-klares-bewegtes-wasser-bip-stop\/","og_locale":"de_DE","og_type":"article","og_title":"Schwimmer f\u00fcr klares, bewegtes Wasser BIP STOP - Sysmatec","og_description":"iese Schwimmer sind F\u00fcllstandsanzeiger f\u00fcr Regenwasser, Klarwasser oder leicht belastete und bewegte Fl\u00fcssigkeiten.","og_url":"https:\/\/sysmatec.ch\/de\/Produkt\/schwimmer-fuer-klares-bewegtes-wasser-bip-stop\/","og_site_name":"Sysmatec","article_modified_time":"2025-07-17T07:14:20+00:00","og_image":[{"width":447,"height":434,"url":"https:\/\/sysmatec.ch\/wp-content\/uploads\/2025\/07\/Flotteur_BipStopATMI.jpg","type":"image\/jpeg"}],"twitter_card":"summary_large_image","twitter_misc":{"Gesch\u00e4tzte Lesezeit":"1\u00a0Minute"},"schema":{"@context":"https:\/\/schema.org","@graph":[{"@type":"WebPage","@id":"https:\/\/sysmatec.ch\/de\/Produkt\/schwimmer-fuer-klares-bewegtes-wasser-bip-stop\/","url":"https:\/\/sysmatec.ch\/de\/Produkt\/schwimmer-fuer-klares-bewegtes-wasser-bip-stop\/","name":"Schwimmer f\u00fcr klares, bewegtes Wasser BIP STOP - Sysmatec","isPartOf":{"@id":"https:\/\/sysmatec.ch\/de\/#website"},"primaryImageOfPage":{"@id":"https:\/\/sysmatec.ch\/de\/Produkt\/schwimmer-fuer-klares-bewegtes-wasser-bip-stop\/#primaryimage"},"image":{"@id":"https:\/\/sysmatec.ch\/de\/Produkt\/schwimmer-fuer-klares-bewegtes-wasser-bip-stop\/#primaryimage"},"thumbnailUrl":"https:\/\/sysmatec.ch\/wp-content\/uploads\/2025\/07\/Flotteur_BipStopATMI.jpg","datePublished":"2025-07-17T06:36:25+00:00","dateModified":"2025-07-17T07:14:20+00:00","description":"iese Schwimmer sind F\u00fcllstandsanzeiger f\u00fcr Regenwasser, Klarwasser oder leicht belastete und bewegte Fl\u00fcssigkeiten.","breadcrumb":{"@id":"https:\/\/sysmatec.ch\/de\/Produkt\/schwimmer-fuer-klares-bewegtes-wasser-bip-stop\/#breadcrumb"},"inLanguage":"de","potentialAction":[{"@type":"ReadAction","target":["https:\/\/sysmatec.ch\/de\/Produkt\/schwimmer-fuer-klares-bewegtes-wasser-bip-stop\/"]}]},{"@type":"ImageObject","inLanguage":"de","@id":"https:\/\/sysmatec.ch\/de\/Produkt\/schwimmer-fuer-klares-bewegtes-wasser-bip-stop\/#primaryimage","url":"https:\/\/sysmatec.ch\/wp-content\/uploads\/2025\/07\/Flotteur_BipStopATMI.jpg","contentUrl":"https:\/\/sysmatec.ch\/wp-content\/uploads\/2025\/07\/Flotteur_BipStopATMI.jpg","width":447,"height":434},{"@type":"BreadcrumbList","@id":"https:\/\/sysmatec.ch\/de\/Produkt\/schwimmer-fuer-klares-bewegtes-wasser-bip-stop\/#breadcrumb","itemListElement":[{"@type":"ListItem","position":1,"name":"Accueil","item":"https:\/\/sysmatec.ch\/de\/"},{"@type":"ListItem","position":2,"name":"Die Aktivit\u00e4t von Sysmatec","item":"https:\/\/sysmatec.ch\/de\/"},{"@type":"ListItem","position":3,"name":"Schwimmer f\u00fcr klares, bewegtes Wasser BIP STOP"}]},{"@type":"WebSite","@id":"https:\/\/sysmatec.ch\/de\/#website","url":"https:\/\/sysmatec.ch\/de\/","name":"Sysmatec","description":"Equipement de laboratoire et logiciels","publisher":{"@id":"https:\/\/sysmatec.ch\/de\/#organization"},"potentialAction":[{"@type":"SearchAction","target":{"@type":"EntryPoint","urlTemplate":"https:\/\/sysmatec.ch\/de\/?s={search_term_string}"},"query-input":{"@type":"PropertyValueSpecification","valueRequired":true,"valueName":"search_term_string"}}],"inLanguage":"de"},{"@type":"Organization","@id":"https:\/\/sysmatec.ch\/de\/#organization","name":"Sysmatec","url":"https:\/\/sysmatec.ch\/de\/","logo":{"@type":"ImageObject","inLanguage":"de","@id":"https:\/\/sysmatec.ch\/de\/#\/schema\/logo\/image\/","url":"https:\/\/sysmatec.ch\/wp-content\/uploads\/2018\/11\/LogoSysmatec.jpg","contentUrl":"https:\/\/sysmatec.ch\/wp-content\/uploads\/2018\/11\/LogoSysmatec.jpg","width":301,"height":297,"caption":"Sysmatec"},"image":{"@id":"https:\/\/sysmatec.ch\/de\/#\/schema\/logo\/image\/"}}]}},"_links":{"self":[{"href":"https:\/\/sysmatec.ch\/de\/wp-json\/wp\/v2\/product\/30700","targetHints":{"allow":["GET"]}}],"collection":[{"href":"https:\/\/sysmatec.ch\/de\/wp-json\/wp\/v2\/product"}],"about":[{"href":"https:\/\/sysmatec.ch\/de\/wp-json\/wp\/v2\/types\/product"}],"wp:featuredmedia":[{"embeddable":true,"href":"https:\/\/sysmatec.ch\/de\/wp-json\/wp\/v2\/media\/30704"}],"wp:attachment":[{"href":"https:\/\/sysmatec.ch\/de\/wp-json\/wp\/v2\/media?parent=30700"}],"wp:term":[{"taxonomy":"product_brand","embeddable":true,"href":"https:\/\/sysmatec.ch\/de\/wp-json\/wp\/v2\/product_brand?post=30700"},{"taxonomy":"product_cat","embeddable":true,"href":"https:\/\/sysmatec.ch\/de\/wp-json\/wp\/v2\/product_cat?post=30700"},{"taxonomy":"product_tag","embeddable":true,"href":"https:\/\/sysmatec.ch\/de\/wp-json\/wp\/v2\/product_tag?post=30700"}],"curies":[{"name":"wp","href":"https:\/\/api.w.org\/{rel}","templated":true}]}}