{"id":30687,"date":"2025-07-15T08:12:29","date_gmt":"2025-07-15T06:12:29","guid":{"rendered":"https:\/\/sysmatec.ch\/?post_type=product&#038;p=30687"},"modified":"2025-07-15T08:59:57","modified_gmt":"2025-07-15T06:59:57","slug":"ex-multimode-ultraschall-dickenmessgeraet-cygnus-1","status":"publish","type":"product","link":"https:\/\/sysmatec.ch\/de\/Produkt\/ex-multimode-ultraschall-dickenmessgeraet-cygnus-1\/","title":{"rendered":"Ex Multimode-Ultraschall-Dickenmessger\u00e4t Cygnus 1"},"content":{"rendered":"<p>Das Cygnus 1 Ex ist ein eigensicheres Dickenmessger\u00e4t, zertifiziert f\u00fcr Zone 0 und f\u00fcr explosionsgef\u00e4hrdete Bereiche geeignet.<\/p>\n<p>Explosionsgef\u00e4hrdete Bereiche sind Bereiche, in denen aufgrund entz\u00fcndlicher oder brennbarer Stoffe in der Luft Brand- oder Explosionsgefahr besteht. Zu diesen Stoffen geh\u00f6ren Gase, D\u00e4mpfe und St\u00e4ube, die in der Luft in Konzentrationen vorhanden sind, die ein entz\u00fcndbares Gemisch bilden. Ex-Systeme werden weltweit eingesetzt und basieren meist auf IECEx. Regionen wie die europ\u00e4ische ATEX-Norm und die nordamerikanischen NEC\/UL-Normen verwenden die IEC 60079 als Grundlage.<\/p>\n<p>Sowohl im IECEx- als auch im ATEX-System werden explosionsgef\u00e4hrdete Bereiche anhand der H\u00e4ufigkeit und Dauer des Auftretens einer explosionsf\u00e4higen Atmosph\u00e4re in Zonen eingeteilt:<\/p>\n<ul>\n<li>Zone 0 \u2013 Ein Bereich, in dem eine explosionsf\u00e4hige Gasatmosph\u00e4re st\u00e4ndig oder \u00fcber l\u00e4ngere Zeitr\u00e4ume vorhanden ist;<\/li>\n<li>Zone 1 \u2013 Ein Bereich, in dem bei Normalbetrieb mit dem Auftreten einer explosionsf\u00e4higen Gasatmosph\u00e4re zu rechnen ist;<\/li>\n<li>Zone 2 \u2013 Ein Bereich, in dem bei Normalbetrieb mit dem Auftreten einer explosionsf\u00e4higen Gasatmosph\u00e4re nicht zu rechnen ist und diese, falls sie auftritt, nur kurzzeitig vorhanden ist.<\/li>\n<\/ul>\n<p>Das Cygnus 1 Ex-Messger\u00e4t wurde gem\u00e4\u00df den Anforderungen von IECEx, ATEX und UKEX zugelassen und ist das EINZIGE Messger\u00e4t, das die h\u00f6chste Klassifizierung der ATEX-Zone 0 erf\u00fcllt, was NEC (UL) Klasse I Division 1 Gruppe \u201eALLE\u201c entspricht.<\/p>\n<h2>Eigenschaften des Dickenmessger\u00e4ts<\/h2>\n<ul>\n<li>Certified to ATEX, IECEx, UKEX for use in all hazardous gas Zones (0, 1, 2), coal mines and combustible dust Zones (21, 22)<\/li>\n<li>Intrinsic Safety protection \u2013 No need for hot work permits<\/li>\n<li>Continuous measurement on hot assets in-service, using the\u00a0NEW Cygnus High Temperature Ex Probe<\/li>\n<li>3 measuring modes for levels of corrosion, various materials and through-coat measurements<\/li>\n<li>Deep Coat function ignores thick coatings<\/li>\n<li>Manual Measurement Mode allows gates and gain to be configured to suit your application<\/li>\n<li>Live A-Scans aid visual measurement verification<\/li>\n<li>Live B-scans give a quick, cross-sectional representation<\/li>\n<li>4 function keys for easy controls and dynamic views<\/li>\n<li>User Access feature protects records with correct user access levels<\/li>\n<li>Measurement setup can be saved and restored for a quick start<\/li>\n<li>Measurement Freeze function and Ref\/Min\/Max thickness limits<\/li>\n<li>A solid-state electronic instrument with a rugged IP67 rated enclosure<\/li>\n<li>Bluetooth connection for transferring data to CygLink<\/li>\n<li>Available as SC, TC, PLUS and PRO variants with options of upgradeable features<\/li>\n<\/ul>\n<h2>Specifikationen<\/h2>\n<table class=\"specification-table\" border=\"0\" width=\"100%\" cellspacing=\"0\" cellpadding=\"0\">\n<tbody>\n<tr>\n<td width=\"30%\">Messmodi<\/td>\n<td>Einzelecho mit Doppelkristallsonden<br \/>\nEcho-Echo mit Doppelkristallsonden<br \/>\nMehrfachecho mit Einzelkristallsonden<\/td>\n<\/tr>\n<tr>\n<td width=\"30%\">Materialien<\/td>\n<td>Schallgeschwindigkeit von 1000 m\/s bis 9000 m\/s [0,0390 in\/us bis 0,3543 in\/us]<\/td>\n<\/tr>\n<tr>\n<td width=\"30%\">Genauigkeit<\/td>\n<td>\u00b10,1 mm (\u00b10,004 Zoll) oder 0,1 % der Dickenmessung, je nachdem, welcher Wert gr\u00f6\u00dfer ist<\/td>\n<\/tr>\n<tr>\n<td width=\"30%\">Aufl\u00f6sung<\/td>\n<td>0,1 mm, 0,05 mm oder 0,01 mm, je nach Sondentyp<\/td>\n<\/tr>\n<tr>\n<td width=\"30%\">Sondenoptionen<\/td>\n<td>Einkristall- und Doppelkristallsonden<\/td>\n<\/tr>\n<tr>\n<td width=\"30%\">Messbereich in Stahl<\/td>\n<td>0,8 mm bis 250 mm (0,031 Zoll \u2013 10 Zoll), abh\u00e4ngig von gew\u00e4hlter Sonde und Konfiguration, Material und Temperatur<\/td>\n<\/tr>\n<tr>\n<td width=\"30%\">Anschluss<\/td>\n<td>Einzelner dualer Koaxialstecker<\/td>\n<\/tr>\n<tr>\n<td width=\"30%\">Stromversorgung<\/td>\n<td>Wiederaufladbarer, herausnehmbarer Lithium-Ionen-Akku<\/td>\n<\/tr>\n<tr>\n<td width=\"30%\">Nennleistung<\/td>\n<td>2W<\/td>\n<\/tr>\n<tr>\n<td width=\"30%\">Sondenbuchsen<\/td>\n<td>Einzelner dualer Koaxialstecker<\/td>\n<\/tr>\n<tr>\n<td width=\"30%\">Akkulaufzeit<\/td>\n<td>6-8 Stunden kontinuierliche Messung<\/td>\n<\/tr>\n<tr>\n<td width=\"30%\">Display<\/td>\n<td>3,5-Zoll-VGA-Farbdisplay, auch bei Sonnenlicht lesbar<\/td>\n<\/tr>\n<tr>\n<td width=\"30%\">Gr\u00f6sse<\/td>\n<td>270 mm hoch, 135 mm breit, 80 mm tief<\/td>\n<\/tr>\n<tr>\n<td width=\"30%\">Gewicht<\/td>\n<td>1 kg (Messger\u00e4t mit Batterie)<br \/>\n5 kg (komplettes Messger\u00e4te-Set)<\/td>\n<\/tr>\n<tr>\n<td width=\"30%\">Betriebstemperatur.<\/td>\n<td>-0\u00b0C bis +50\u00b0C<\/td>\n<\/tr>\n<tr>\n<td width=\"30%\">Lagertemperatur.<\/td>\n<td>-10\u00b0C bis +65\u00b0C<\/td>\n<\/tr>\n<tr>\n<td width=\"30%\">Data Logging<\/td>\n<td>10.000 Messungen und A-Scans pro Datensatz<\/td>\n<\/tr>\n<tr>\n<td width=\"30%\">Computer Software<\/td>\n<td>CygLink erm\u00f6glicht die Fernaufzeichnung und -anzeige von A-Scan-Diagrammen. Die Erstellung von Umfragen und Berichten im PDF-Format. Grafische Datenanalyse und statistische Berechnungen.<br \/>\nBluetooth-Verbindung zur Daten\u00fcbertragung auf einen Windows\u00ae-Computer mit CygLink.<\/td>\n<\/tr>\n<tr>\n<td width=\"30%\">Zertifizierung<\/td>\n<td>ATEX, IECEx and UKEX<br \/>\nI M1 Ex ia Ma<br \/>\nII 1G Ex ia IIC T4 Ga<br \/>\nII 2D Ex ib IIIB T100C Db<br \/>\nTamb = 0\u00b0C to +50\u00b0CCertificate Numbers;<br \/>\nATEX: ExVeritas 21ATEX0860X<br \/>\nUKEX: ExVeritas 21UKEX0861X<br \/>\nIECEx: IECEx EXV 21.0035X<\/td>\n<\/tr>\n<tr>\n<td width=\"30%\">Schutzklasse<\/td>\n<td>IP67<br \/>\nPollution degree 3<\/td>\n<\/tr>\n<tr>\n<td width=\"30%\">Standards<\/td>\n<td>BS EN 15317-2013<\/td>\n<\/tr>\n<tr>\n<td width=\"30%\">Garantie<\/td>\n<td>3 Jahre auf Messger\u00e4t und 6 Monate auf Sonde<\/td>\n<\/tr>\n<\/tbody>\n<\/table>\n","protected":false},"excerpt":{"rendered":"<p>ATEX Multimode-Ultraschall-Dickenmessger\u00e4t<\/p>\n","protected":false},"featured_media":30691,"template":"","meta":{"_crdt_document":""},"product_brand":[],"product_cat":[312,180],"product_tag":[],"class_list":{"0":"post-30687","1":"product","2":"type-product","3":"status-publish","4":"has-post-thumbnail","6":"product_cat-dicke","7":"product_cat-messung","9":"first","10":"instock","11":"taxable","12":"shipping-taxable","13":"product-type-simple"},"yoast_head":"<!-- This site is optimized with the Yoast SEO plugin v27.3 - https:\/\/yoast.com\/product\/yoast-seo-wordpress\/ -->\n<title>Ex Multimode-Ultraschall-Dickenmessger\u00e4t Cygnus 1 - Sysmatec<\/title>\n<meta name=\"description\" content=\"Ultraschall-Dickenmessger\u00e4t. Funktioniert im Einzel-Echo-, Echo-Echo- oder Mehrfach-Echo-Modus. Erm\u00f6glicht die Subtraktion der Farbdicke.\" \/>\n<meta name=\"robots\" content=\"index, follow, max-snippet:-1, max-image-preview:large, max-video-preview:-1\" \/>\n<link rel=\"canonical\" href=\"https:\/\/sysmatec.ch\/de\/Produkt\/ex-multimode-ultraschall-dickenmessgeraet-cygnus-1\/\" \/>\n<meta property=\"og:locale\" content=\"de_DE\" \/>\n<meta property=\"og:type\" content=\"article\" \/>\n<meta property=\"og:title\" content=\"Ex Multimode-Ultraschall-Dickenmessger\u00e4t Cygnus 1 - Sysmatec\" \/>\n<meta property=\"og:description\" content=\"Ultraschall-Dickenmessger\u00e4t. Funktioniert im Einzel-Echo-, Echo-Echo- oder Mehrfach-Echo-Modus. Erm\u00f6glicht die Subtraktion der Farbdicke.\" \/>\n<meta property=\"og:url\" content=\"https:\/\/sysmatec.ch\/de\/Produkt\/ex-multimode-ultraschall-dickenmessgeraet-cygnus-1\/\" \/>\n<meta property=\"og:site_name\" content=\"Sysmatec\" \/>\n<meta property=\"article:modified_time\" content=\"2025-07-15T06:59:57+00:00\" \/>\n<meta name=\"twitter:card\" content=\"summary_large_image\" \/>\n<meta name=\"twitter:label1\" content=\"Gesch\u00e4tzte Lesezeit\" \/>\n\t<meta name=\"twitter:data1\" content=\"4\u00a0Minuten\" \/>\n<script type=\"application\/ld+json\" class=\"yoast-schema-graph\">{\"@context\":\"https:\\\/\\\/schema.org\",\"@graph\":[{\"@type\":\"WebPage\",\"@id\":\"https:\\\/\\\/sysmatec.ch\\\/de\\\/Produkt\\\/ex-multimode-ultraschall-dickenmessgeraet-cygnus-1\\\/\",\"url\":\"https:\\\/\\\/sysmatec.ch\\\/de\\\/Produkt\\\/ex-multimode-ultraschall-dickenmessgeraet-cygnus-1\\\/\",\"name\":\"Ex Multimode-Ultraschall-Dickenmessger\u00e4t Cygnus 1 - Sysmatec\",\"isPartOf\":{\"@id\":\"https:\\\/\\\/sysmatec.ch\\\/de\\\/#website\"},\"primaryImageOfPage\":{\"@id\":\"https:\\\/\\\/sysmatec.ch\\\/de\\\/Produkt\\\/ex-multimode-ultraschall-dickenmessgeraet-cygnus-1\\\/#primaryimage\"},\"image\":{\"@id\":\"https:\\\/\\\/sysmatec.ch\\\/de\\\/Produkt\\\/ex-multimode-ultraschall-dickenmessgeraet-cygnus-1\\\/#primaryimage\"},\"thumbnailUrl\":\"https:\\\/\\\/sysmatec.ch\\\/wp-content\\\/uploads\\\/2025\\\/07\\\/JaugeEpaisseur_Cygnus1Ex.jpg\",\"datePublished\":\"2025-07-15T06:12:29+00:00\",\"dateModified\":\"2025-07-15T06:59:57+00:00\",\"description\":\"Ultraschall-Dickenmessger\u00e4t. Funktioniert im Einzel-Echo-, Echo-Echo- oder Mehrfach-Echo-Modus. Erm\u00f6glicht die Subtraktion der Farbdicke.\",\"breadcrumb\":{\"@id\":\"https:\\\/\\\/sysmatec.ch\\\/de\\\/Produkt\\\/ex-multimode-ultraschall-dickenmessgeraet-cygnus-1\\\/#breadcrumb\"},\"inLanguage\":\"de\",\"potentialAction\":[{\"@type\":\"ReadAction\",\"target\":[\"https:\\\/\\\/sysmatec.ch\\\/de\\\/Produkt\\\/ex-multimode-ultraschall-dickenmessgeraet-cygnus-1\\\/\"]}]},{\"@type\":\"ImageObject\",\"inLanguage\":\"de\",\"@id\":\"https:\\\/\\\/sysmatec.ch\\\/de\\\/Produkt\\\/ex-multimode-ultraschall-dickenmessgeraet-cygnus-1\\\/#primaryimage\",\"url\":\"https:\\\/\\\/sysmatec.ch\\\/wp-content\\\/uploads\\\/2025\\\/07\\\/JaugeEpaisseur_Cygnus1Ex.jpg\",\"contentUrl\":\"https:\\\/\\\/sysmatec.ch\\\/wp-content\\\/uploads\\\/2025\\\/07\\\/JaugeEpaisseur_Cygnus1Ex.jpg\",\"width\":654,\"height\":747},{\"@type\":\"BreadcrumbList\",\"@id\":\"https:\\\/\\\/sysmatec.ch\\\/de\\\/Produkt\\\/ex-multimode-ultraschall-dickenmessgeraet-cygnus-1\\\/#breadcrumb\",\"itemListElement\":[{\"@type\":\"ListItem\",\"position\":1,\"name\":\"Accueil\",\"item\":\"https:\\\/\\\/sysmatec.ch\\\/de\\\/\"},{\"@type\":\"ListItem\",\"position\":2,\"name\":\"Die Aktivit\u00e4t von Sysmatec\",\"item\":\"https:\\\/\\\/sysmatec.ch\\\/de\\\/\"},{\"@type\":\"ListItem\",\"position\":3,\"name\":\"Ex Multimode-Ultraschall-Dickenmessger\u00e4t Cygnus 1\"}]},{\"@type\":\"WebSite\",\"@id\":\"https:\\\/\\\/sysmatec.ch\\\/de\\\/#website\",\"url\":\"https:\\\/\\\/sysmatec.ch\\\/de\\\/\",\"name\":\"Sysmatec\",\"description\":\"Equipement de laboratoire et logiciels\",\"publisher\":{\"@id\":\"https:\\\/\\\/sysmatec.ch\\\/de\\\/#organization\"},\"potentialAction\":[{\"@type\":\"SearchAction\",\"target\":{\"@type\":\"EntryPoint\",\"urlTemplate\":\"https:\\\/\\\/sysmatec.ch\\\/de\\\/?s={search_term_string}\"},\"query-input\":{\"@type\":\"PropertyValueSpecification\",\"valueRequired\":true,\"valueName\":\"search_term_string\"}}],\"inLanguage\":\"de\"},{\"@type\":\"Organization\",\"@id\":\"https:\\\/\\\/sysmatec.ch\\\/de\\\/#organization\",\"name\":\"Sysmatec\",\"url\":\"https:\\\/\\\/sysmatec.ch\\\/de\\\/\",\"logo\":{\"@type\":\"ImageObject\",\"inLanguage\":\"de\",\"@id\":\"https:\\\/\\\/sysmatec.ch\\\/de\\\/#\\\/schema\\\/logo\\\/image\\\/\",\"url\":\"https:\\\/\\\/sysmatec.ch\\\/wp-content\\\/uploads\\\/2018\\\/11\\\/LogoSysmatec.jpg\",\"contentUrl\":\"https:\\\/\\\/sysmatec.ch\\\/wp-content\\\/uploads\\\/2018\\\/11\\\/LogoSysmatec.jpg\",\"width\":301,\"height\":297,\"caption\":\"Sysmatec\"},\"image\":{\"@id\":\"https:\\\/\\\/sysmatec.ch\\\/de\\\/#\\\/schema\\\/logo\\\/image\\\/\"}}]}<\/script>\n<!-- \/ Yoast SEO plugin. -->","yoast_head_json":{"title":"Ex Multimode-Ultraschall-Dickenmessger\u00e4t Cygnus 1 - Sysmatec","description":"Ultraschall-Dickenmessger\u00e4t. Funktioniert im Einzel-Echo-, Echo-Echo- oder Mehrfach-Echo-Modus. Erm\u00f6glicht die Subtraktion der Farbdicke.","robots":{"index":"index","follow":"follow","max-snippet":"max-snippet:-1","max-image-preview":"max-image-preview:large","max-video-preview":"max-video-preview:-1"},"canonical":"https:\/\/sysmatec.ch\/de\/Produkt\/ex-multimode-ultraschall-dickenmessgeraet-cygnus-1\/","og_locale":"de_DE","og_type":"article","og_title":"Ex Multimode-Ultraschall-Dickenmessger\u00e4t Cygnus 1 - Sysmatec","og_description":"Ultraschall-Dickenmessger\u00e4t. Funktioniert im Einzel-Echo-, Echo-Echo- oder Mehrfach-Echo-Modus. Erm\u00f6glicht die Subtraktion der Farbdicke.","og_url":"https:\/\/sysmatec.ch\/de\/Produkt\/ex-multimode-ultraschall-dickenmessgeraet-cygnus-1\/","og_site_name":"Sysmatec","article_modified_time":"2025-07-15T06:59:57+00:00","twitter_card":"summary_large_image","twitter_misc":{"Gesch\u00e4tzte Lesezeit":"4\u00a0Minuten"},"schema":{"@context":"https:\/\/schema.org","@graph":[{"@type":"WebPage","@id":"https:\/\/sysmatec.ch\/de\/Produkt\/ex-multimode-ultraschall-dickenmessgeraet-cygnus-1\/","url":"https:\/\/sysmatec.ch\/de\/Produkt\/ex-multimode-ultraschall-dickenmessgeraet-cygnus-1\/","name":"Ex Multimode-Ultraschall-Dickenmessger\u00e4t Cygnus 1 - Sysmatec","isPartOf":{"@id":"https:\/\/sysmatec.ch\/de\/#website"},"primaryImageOfPage":{"@id":"https:\/\/sysmatec.ch\/de\/Produkt\/ex-multimode-ultraschall-dickenmessgeraet-cygnus-1\/#primaryimage"},"image":{"@id":"https:\/\/sysmatec.ch\/de\/Produkt\/ex-multimode-ultraschall-dickenmessgeraet-cygnus-1\/#primaryimage"},"thumbnailUrl":"https:\/\/sysmatec.ch\/wp-content\/uploads\/2025\/07\/JaugeEpaisseur_Cygnus1Ex.jpg","datePublished":"2025-07-15T06:12:29+00:00","dateModified":"2025-07-15T06:59:57+00:00","description":"Ultraschall-Dickenmessger\u00e4t. Funktioniert im Einzel-Echo-, Echo-Echo- oder Mehrfach-Echo-Modus. Erm\u00f6glicht die Subtraktion der Farbdicke.","breadcrumb":{"@id":"https:\/\/sysmatec.ch\/de\/Produkt\/ex-multimode-ultraschall-dickenmessgeraet-cygnus-1\/#breadcrumb"},"inLanguage":"de","potentialAction":[{"@type":"ReadAction","target":["https:\/\/sysmatec.ch\/de\/Produkt\/ex-multimode-ultraschall-dickenmessgeraet-cygnus-1\/"]}]},{"@type":"ImageObject","inLanguage":"de","@id":"https:\/\/sysmatec.ch\/de\/Produkt\/ex-multimode-ultraschall-dickenmessgeraet-cygnus-1\/#primaryimage","url":"https:\/\/sysmatec.ch\/wp-content\/uploads\/2025\/07\/JaugeEpaisseur_Cygnus1Ex.jpg","contentUrl":"https:\/\/sysmatec.ch\/wp-content\/uploads\/2025\/07\/JaugeEpaisseur_Cygnus1Ex.jpg","width":654,"height":747},{"@type":"BreadcrumbList","@id":"https:\/\/sysmatec.ch\/de\/Produkt\/ex-multimode-ultraschall-dickenmessgeraet-cygnus-1\/#breadcrumb","itemListElement":[{"@type":"ListItem","position":1,"name":"Accueil","item":"https:\/\/sysmatec.ch\/de\/"},{"@type":"ListItem","position":2,"name":"Die Aktivit\u00e4t von Sysmatec","item":"https:\/\/sysmatec.ch\/de\/"},{"@type":"ListItem","position":3,"name":"Ex Multimode-Ultraschall-Dickenmessger\u00e4t Cygnus 1"}]},{"@type":"WebSite","@id":"https:\/\/sysmatec.ch\/de\/#website","url":"https:\/\/sysmatec.ch\/de\/","name":"Sysmatec","description":"Equipement de laboratoire et logiciels","publisher":{"@id":"https:\/\/sysmatec.ch\/de\/#organization"},"potentialAction":[{"@type":"SearchAction","target":{"@type":"EntryPoint","urlTemplate":"https:\/\/sysmatec.ch\/de\/?s={search_term_string}"},"query-input":{"@type":"PropertyValueSpecification","valueRequired":true,"valueName":"search_term_string"}}],"inLanguage":"de"},{"@type":"Organization","@id":"https:\/\/sysmatec.ch\/de\/#organization","name":"Sysmatec","url":"https:\/\/sysmatec.ch\/de\/","logo":{"@type":"ImageObject","inLanguage":"de","@id":"https:\/\/sysmatec.ch\/de\/#\/schema\/logo\/image\/","url":"https:\/\/sysmatec.ch\/wp-content\/uploads\/2018\/11\/LogoSysmatec.jpg","contentUrl":"https:\/\/sysmatec.ch\/wp-content\/uploads\/2018\/11\/LogoSysmatec.jpg","width":301,"height":297,"caption":"Sysmatec"},"image":{"@id":"https:\/\/sysmatec.ch\/de\/#\/schema\/logo\/image\/"}}]}},"_links":{"self":[{"href":"https:\/\/sysmatec.ch\/de\/wp-json\/wp\/v2\/product\/30687","targetHints":{"allow":["GET"]}}],"collection":[{"href":"https:\/\/sysmatec.ch\/de\/wp-json\/wp\/v2\/product"}],"about":[{"href":"https:\/\/sysmatec.ch\/de\/wp-json\/wp\/v2\/types\/product"}],"wp:featuredmedia":[{"embeddable":true,"href":"https:\/\/sysmatec.ch\/de\/wp-json\/wp\/v2\/media\/30691"}],"wp:attachment":[{"href":"https:\/\/sysmatec.ch\/de\/wp-json\/wp\/v2\/media?parent=30687"}],"wp:term":[{"taxonomy":"product_brand","embeddable":true,"href":"https:\/\/sysmatec.ch\/de\/wp-json\/wp\/v2\/product_brand?post=30687"},{"taxonomy":"product_cat","embeddable":true,"href":"https:\/\/sysmatec.ch\/de\/wp-json\/wp\/v2\/product_cat?post=30687"},{"taxonomy":"product_tag","embeddable":true,"href":"https:\/\/sysmatec.ch\/de\/wp-json\/wp\/v2\/product_tag?post=30687"}],"curies":[{"name":"wp","href":"https:\/\/api.w.org\/{rel}","templated":true}]}}