{"id":30667,"date":"2025-06-22T11:14:39","date_gmt":"2025-06-22T09:14:39","guid":{"rendered":"https:\/\/sysmatec.ch\/?post_type=product&#038;p=30667"},"modified":"2025-06-22T11:41:11","modified_gmt":"2025-06-22T09:41:11","slug":"optisches-mikroskop-obl-137c832","status":"publish","type":"product","link":"https:\/\/sysmatec.ch\/de\/Produkt\/optisches-mikroskop-obl-137c832\/","title":{"rendered":"Optisches Mikroskop OBL 137C832"},"content":{"rendered":"<p>Optisches Mikroskop mit Kamera.<\/p>\n<p>Die OBL-Serie zeichnet sich durch ihr unendlich korrigiertes optisches System aus. Daher eignet sich diese Serie perfekt f\u00fcr alle Durchlichtanwendungen.<\/p>\n<p>Der feste, vorzentrierte und fokussierbare 1,25-Abbe-Kondensor mit Apertur und Leuchtfeldblende erm\u00f6glicht eine vereinfachte K\u00f6hler-Beleuchtung, ohne dass das Zentrum bewegt werden muss.<\/p>\n<p>Die Kamera verf\u00fcgt \u00fcber einen USB-Anschluss f\u00fcr eine schnelle Bild\u00fcbertragung.<\/p>\n<p>Eine Schutzh\u00fclle ist im Lieferumfang enthalten.<\/p>\n<h2>Merkmale<\/h2>\n<table class=\"table-technical-data\">\n<tbody>\n<tr>\n<td>Optisches System<\/td>\n<td>Infinity<\/td>\n<\/tr>\n<tr>\n<td>Tubus Art<\/td>\n<td>Trinokular<\/td>\n<\/tr>\n<tr>\n<td>Okular Vergr\u00f6\u00dferung<\/td>\n<td>10x<\/td>\n<\/tr>\n<tr>\n<td>Okular Sehfeld<\/td>\n<td>20 mm<\/td>\n<\/tr>\n<tr>\n<td>Standard-Objektive<\/td>\n<td>4x, 10x, 40x, 100x<\/td>\n<\/tr>\n<tr>\n<td>Objektivqualit\u00e4t<\/td>\n<td>Infinity E-Plan<\/td>\n<\/tr>\n<tr>\n<td>Objektivrevolver-Einschraubpl\u00e4tze<\/td>\n<td>4<\/td>\n<\/tr>\n<tr>\n<td>Beleuchtungsrichtung<\/td>\n<td>Durchlicht<\/td>\n<\/tr>\n<tr>\n<td>Beleuchtungsst\u00e4rke Durchlicht<\/td>\n<td>3W<\/td>\n<\/tr>\n<tr>\n<td>Beleuchtungsart Durchlicht<\/td>\n<td>LED<\/td>\n<\/tr>\n<tr>\n<td>Beleuchtungsart Auflicht<\/td>\n<td>keine<\/td>\n<\/tr>\n<tr>\n<td>Kondensor-Typ<\/td>\n<td>ABBE<\/td>\n<\/tr>\n<tr>\n<td>Kondensor-Apertur<\/td>\n<td>1,25<\/td>\n<\/tr>\n<tr>\n<td>Kondensor-Montage<\/td>\n<td>fix<\/td>\n<\/tr>\n<tr>\n<td>Fokussierungsmechanik<\/td>\n<td>Koaxialer Grob- und Feintrieb<\/td>\n<\/tr>\n<tr>\n<td>Feintrieb-Minimum<\/td>\n<td>0,002 mm<\/td>\n<\/tr>\n<tr>\n<td>Kamera &#8211; Sensorart<\/td>\n<td>CMOS<\/td>\n<\/tr>\n<tr>\n<td>Kamera &#8211; Farbtiefe<\/td>\n<td>Farbe<\/td>\n<\/tr>\n<tr>\n<td>Kamera &#8211; Sensorgr\u00f6\u00dfe<\/td>\n<td>1\/2,5&#8243;<\/td>\n<\/tr>\n<tr>\n<td>Kamera &#8211; Aufl\u00f6sung<\/td>\n<td>5,1 MP<\/td>\n<\/tr>\n<tr>\n<td>Kamera &#8211; Framerate<\/td>\n<td>14,2 &#8211; 101,2 fps<\/td>\n<\/tr>\n<tr>\n<td>Schnittstellen<\/td>\n<td>USB 3.0<\/td>\n<\/tr>\n<tr>\n<td>Abmessungen (B\u00d7T\u00d7H)<\/td>\n<td>394\u00d7185\u00d7450 mm<\/td>\n<\/tr>\n<tr>\n<td>GTIN\/EAN-Nummer<\/td>\n<td>4045761228818<\/td>\n<\/tr>\n<\/tbody>\n<\/table>\n","protected":false},"excerpt":{"rendered":"<p>Trinokularmikroskop mit Kamera<\/p>\n","protected":false},"featured_media":30670,"template":"","meta":{"_crdt_document":""},"product_brand":[],"product_cat":[101],"product_tag":[],"class_list":{"0":"post-30667","1":"product","2":"type-product","3":"status-publish","4":"has-post-thumbnail","6":"product_cat-mikroskopie","8":"first","9":"instock","10":"taxable","11":"shipping-taxable","12":"product-type-simple"},"yoast_head":"<!-- This site is optimized with the Yoast SEO plugin v27.4 - https:\/\/yoast.com\/product\/yoast-seo-wordpress\/ -->\n<title>Optisches Mikroskop OBL 137C832 - Sysmatec<\/title>\n<meta name=\"description\" content=\"Trinokulares Mikroskop mit Farbkamera. Es ist mit einem Abbe-Kondensor ausgestattet. Vergr\u00f6\u00dfert bis zu 1000x\" \/>\n<meta name=\"robots\" content=\"index, follow, max-snippet:-1, max-image-preview:large, max-video-preview:-1\" \/>\n<link rel=\"canonical\" href=\"https:\/\/sysmatec.ch\/de\/Produkt\/optisches-mikroskop-obl-137c832\/\" \/>\n<meta property=\"og:locale\" content=\"de_DE\" \/>\n<meta property=\"og:type\" content=\"article\" \/>\n<meta property=\"og:title\" content=\"Optisches Mikroskop OBL 137C832 - Sysmatec\" \/>\n<meta property=\"og:description\" content=\"Trinokulares Mikroskop mit Farbkamera. Es ist mit einem Abbe-Kondensor ausgestattet. Vergr\u00f6\u00dfert bis zu 1000x\" \/>\n<meta property=\"og:url\" content=\"https:\/\/sysmatec.ch\/de\/Produkt\/optisches-mikroskop-obl-137c832\/\" \/>\n<meta property=\"og:site_name\" content=\"Sysmatec\" \/>\n<meta property=\"article:modified_time\" content=\"2025-06-22T09:41:11+00:00\" \/>\n<meta property=\"og:image\" content=\"https:\/\/sysmatec.ch\/wp-content\/uploads\/2025\/06\/Microscope_KernOBL137C832.jpg\" \/>\n\t<meta property=\"og:image:width\" content=\"773\" \/>\n\t<meta property=\"og:image:height\" content=\"800\" \/>\n\t<meta property=\"og:image:type\" content=\"image\/jpeg\" \/>\n<meta name=\"twitter:card\" content=\"summary_large_image\" \/>\n<meta name=\"twitter:label1\" content=\"Gesch\u00e4tzte Lesezeit\" \/>\n\t<meta name=\"twitter:data1\" content=\"1\u00a0Minute\" \/>\n<script type=\"application\/ld+json\" class=\"yoast-schema-graph\">{\"@context\":\"https:\\\/\\\/schema.org\",\"@graph\":[{\"@type\":\"WebPage\",\"@id\":\"https:\\\/\\\/sysmatec.ch\\\/de\\\/Produkt\\\/optisches-mikroskop-obl-137c832\\\/\",\"url\":\"https:\\\/\\\/sysmatec.ch\\\/de\\\/Produkt\\\/optisches-mikroskop-obl-137c832\\\/\",\"name\":\"Optisches Mikroskop OBL 137C832 - Sysmatec\",\"isPartOf\":{\"@id\":\"https:\\\/\\\/sysmatec.ch\\\/de\\\/#website\"},\"primaryImageOfPage\":{\"@id\":\"https:\\\/\\\/sysmatec.ch\\\/de\\\/Produkt\\\/optisches-mikroskop-obl-137c832\\\/#primaryimage\"},\"image\":{\"@id\":\"https:\\\/\\\/sysmatec.ch\\\/de\\\/Produkt\\\/optisches-mikroskop-obl-137c832\\\/#primaryimage\"},\"thumbnailUrl\":\"https:\\\/\\\/sysmatec.ch\\\/wp-content\\\/uploads\\\/2025\\\/06\\\/Microscope_KernOBL137C832.jpg\",\"datePublished\":\"2025-06-22T09:14:39+00:00\",\"dateModified\":\"2025-06-22T09:41:11+00:00\",\"description\":\"Trinokulares Mikroskop mit Farbkamera. Es ist mit einem Abbe-Kondensor ausgestattet. Vergr\u00f6\u00dfert bis zu 1000x\",\"breadcrumb\":{\"@id\":\"https:\\\/\\\/sysmatec.ch\\\/de\\\/Produkt\\\/optisches-mikroskop-obl-137c832\\\/#breadcrumb\"},\"inLanguage\":\"de\",\"potentialAction\":[{\"@type\":\"ReadAction\",\"target\":[\"https:\\\/\\\/sysmatec.ch\\\/de\\\/Produkt\\\/optisches-mikroskop-obl-137c832\\\/\"]}]},{\"@type\":\"ImageObject\",\"inLanguage\":\"de\",\"@id\":\"https:\\\/\\\/sysmatec.ch\\\/de\\\/Produkt\\\/optisches-mikroskop-obl-137c832\\\/#primaryimage\",\"url\":\"https:\\\/\\\/sysmatec.ch\\\/wp-content\\\/uploads\\\/2025\\\/06\\\/Microscope_KernOBL137C832.jpg\",\"contentUrl\":\"https:\\\/\\\/sysmatec.ch\\\/wp-content\\\/uploads\\\/2025\\\/06\\\/Microscope_KernOBL137C832.jpg\",\"width\":773,\"height\":800},{\"@type\":\"BreadcrumbList\",\"@id\":\"https:\\\/\\\/sysmatec.ch\\\/de\\\/Produkt\\\/optisches-mikroskop-obl-137c832\\\/#breadcrumb\",\"itemListElement\":[{\"@type\":\"ListItem\",\"position\":1,\"name\":\"Accueil\",\"item\":\"https:\\\/\\\/sysmatec.ch\\\/de\\\/\"},{\"@type\":\"ListItem\",\"position\":2,\"name\":\"Die Aktivit\u00e4t von Sysmatec\",\"item\":\"https:\\\/\\\/sysmatec.ch\\\/de\\\/\"},{\"@type\":\"ListItem\",\"position\":3,\"name\":\"Optisches Mikroskop OBL 137C832\"}]},{\"@type\":\"WebSite\",\"@id\":\"https:\\\/\\\/sysmatec.ch\\\/de\\\/#website\",\"url\":\"https:\\\/\\\/sysmatec.ch\\\/de\\\/\",\"name\":\"Sysmatec\",\"description\":\"Equipement de laboratoire et logiciels\",\"publisher\":{\"@id\":\"https:\\\/\\\/sysmatec.ch\\\/de\\\/#organization\"},\"potentialAction\":[{\"@type\":\"SearchAction\",\"target\":{\"@type\":\"EntryPoint\",\"urlTemplate\":\"https:\\\/\\\/sysmatec.ch\\\/de\\\/?s={search_term_string}\"},\"query-input\":{\"@type\":\"PropertyValueSpecification\",\"valueRequired\":true,\"valueName\":\"search_term_string\"}}],\"inLanguage\":\"de\"},{\"@type\":\"Organization\",\"@id\":\"https:\\\/\\\/sysmatec.ch\\\/de\\\/#organization\",\"name\":\"Sysmatec\",\"url\":\"https:\\\/\\\/sysmatec.ch\\\/de\\\/\",\"logo\":{\"@type\":\"ImageObject\",\"inLanguage\":\"de\",\"@id\":\"https:\\\/\\\/sysmatec.ch\\\/de\\\/#\\\/schema\\\/logo\\\/image\\\/\",\"url\":\"https:\\\/\\\/sysmatec.ch\\\/wp-content\\\/uploads\\\/2018\\\/11\\\/LogoSysmatec.jpg\",\"contentUrl\":\"https:\\\/\\\/sysmatec.ch\\\/wp-content\\\/uploads\\\/2018\\\/11\\\/LogoSysmatec.jpg\",\"width\":301,\"height\":297,\"caption\":\"Sysmatec\"},\"image\":{\"@id\":\"https:\\\/\\\/sysmatec.ch\\\/de\\\/#\\\/schema\\\/logo\\\/image\\\/\"}}]}<\/script>\n<!-- \/ Yoast SEO plugin. -->","yoast_head_json":{"title":"Optisches Mikroskop OBL 137C832 - Sysmatec","description":"Trinokulares Mikroskop mit Farbkamera. Es ist mit einem Abbe-Kondensor ausgestattet. Vergr\u00f6\u00dfert bis zu 1000x","robots":{"index":"index","follow":"follow","max-snippet":"max-snippet:-1","max-image-preview":"max-image-preview:large","max-video-preview":"max-video-preview:-1"},"canonical":"https:\/\/sysmatec.ch\/de\/Produkt\/optisches-mikroskop-obl-137c832\/","og_locale":"de_DE","og_type":"article","og_title":"Optisches Mikroskop OBL 137C832 - Sysmatec","og_description":"Trinokulares Mikroskop mit Farbkamera. Es ist mit einem Abbe-Kondensor ausgestattet. Vergr\u00f6\u00dfert bis zu 1000x","og_url":"https:\/\/sysmatec.ch\/de\/Produkt\/optisches-mikroskop-obl-137c832\/","og_site_name":"Sysmatec","article_modified_time":"2025-06-22T09:41:11+00:00","og_image":[{"width":773,"height":800,"url":"https:\/\/sysmatec.ch\/wp-content\/uploads\/2025\/06\/Microscope_KernOBL137C832.jpg","type":"image\/jpeg"}],"twitter_card":"summary_large_image","twitter_misc":{"Gesch\u00e4tzte Lesezeit":"1\u00a0Minute"},"schema":{"@context":"https:\/\/schema.org","@graph":[{"@type":"WebPage","@id":"https:\/\/sysmatec.ch\/de\/Produkt\/optisches-mikroskop-obl-137c832\/","url":"https:\/\/sysmatec.ch\/de\/Produkt\/optisches-mikroskop-obl-137c832\/","name":"Optisches Mikroskop OBL 137C832 - Sysmatec","isPartOf":{"@id":"https:\/\/sysmatec.ch\/de\/#website"},"primaryImageOfPage":{"@id":"https:\/\/sysmatec.ch\/de\/Produkt\/optisches-mikroskop-obl-137c832\/#primaryimage"},"image":{"@id":"https:\/\/sysmatec.ch\/de\/Produkt\/optisches-mikroskop-obl-137c832\/#primaryimage"},"thumbnailUrl":"https:\/\/sysmatec.ch\/wp-content\/uploads\/2025\/06\/Microscope_KernOBL137C832.jpg","datePublished":"2025-06-22T09:14:39+00:00","dateModified":"2025-06-22T09:41:11+00:00","description":"Trinokulares Mikroskop mit Farbkamera. Es ist mit einem Abbe-Kondensor ausgestattet. Vergr\u00f6\u00dfert bis zu 1000x","breadcrumb":{"@id":"https:\/\/sysmatec.ch\/de\/Produkt\/optisches-mikroskop-obl-137c832\/#breadcrumb"},"inLanguage":"de","potentialAction":[{"@type":"ReadAction","target":["https:\/\/sysmatec.ch\/de\/Produkt\/optisches-mikroskop-obl-137c832\/"]}]},{"@type":"ImageObject","inLanguage":"de","@id":"https:\/\/sysmatec.ch\/de\/Produkt\/optisches-mikroskop-obl-137c832\/#primaryimage","url":"https:\/\/sysmatec.ch\/wp-content\/uploads\/2025\/06\/Microscope_KernOBL137C832.jpg","contentUrl":"https:\/\/sysmatec.ch\/wp-content\/uploads\/2025\/06\/Microscope_KernOBL137C832.jpg","width":773,"height":800},{"@type":"BreadcrumbList","@id":"https:\/\/sysmatec.ch\/de\/Produkt\/optisches-mikroskop-obl-137c832\/#breadcrumb","itemListElement":[{"@type":"ListItem","position":1,"name":"Accueil","item":"https:\/\/sysmatec.ch\/de\/"},{"@type":"ListItem","position":2,"name":"Die Aktivit\u00e4t von Sysmatec","item":"https:\/\/sysmatec.ch\/de\/"},{"@type":"ListItem","position":3,"name":"Optisches Mikroskop OBL 137C832"}]},{"@type":"WebSite","@id":"https:\/\/sysmatec.ch\/de\/#website","url":"https:\/\/sysmatec.ch\/de\/","name":"Sysmatec","description":"Equipement de laboratoire et logiciels","publisher":{"@id":"https:\/\/sysmatec.ch\/de\/#organization"},"potentialAction":[{"@type":"SearchAction","target":{"@type":"EntryPoint","urlTemplate":"https:\/\/sysmatec.ch\/de\/?s={search_term_string}"},"query-input":{"@type":"PropertyValueSpecification","valueRequired":true,"valueName":"search_term_string"}}],"inLanguage":"de"},{"@type":"Organization","@id":"https:\/\/sysmatec.ch\/de\/#organization","name":"Sysmatec","url":"https:\/\/sysmatec.ch\/de\/","logo":{"@type":"ImageObject","inLanguage":"de","@id":"https:\/\/sysmatec.ch\/de\/#\/schema\/logo\/image\/","url":"https:\/\/sysmatec.ch\/wp-content\/uploads\/2018\/11\/LogoSysmatec.jpg","contentUrl":"https:\/\/sysmatec.ch\/wp-content\/uploads\/2018\/11\/LogoSysmatec.jpg","width":301,"height":297,"caption":"Sysmatec"},"image":{"@id":"https:\/\/sysmatec.ch\/de\/#\/schema\/logo\/image\/"}}]}},"_links":{"self":[{"href":"https:\/\/sysmatec.ch\/de\/wp-json\/wp\/v2\/product\/30667","targetHints":{"allow":["GET"]}}],"collection":[{"href":"https:\/\/sysmatec.ch\/de\/wp-json\/wp\/v2\/product"}],"about":[{"href":"https:\/\/sysmatec.ch\/de\/wp-json\/wp\/v2\/types\/product"}],"wp:featuredmedia":[{"embeddable":true,"href":"https:\/\/sysmatec.ch\/de\/wp-json\/wp\/v2\/media\/30670"}],"wp:attachment":[{"href":"https:\/\/sysmatec.ch\/de\/wp-json\/wp\/v2\/media?parent=30667"}],"wp:term":[{"taxonomy":"product_brand","embeddable":true,"href":"https:\/\/sysmatec.ch\/de\/wp-json\/wp\/v2\/product_brand?post=30667"},{"taxonomy":"product_cat","embeddable":true,"href":"https:\/\/sysmatec.ch\/de\/wp-json\/wp\/v2\/product_cat?post=30667"},{"taxonomy":"product_tag","embeddable":true,"href":"https:\/\/sysmatec.ch\/de\/wp-json\/wp\/v2\/product_tag?post=30667"}],"curies":[{"name":"wp","href":"https:\/\/api.w.org\/{rel}","templated":true}]}}