{"id":30651,"date":"2025-06-22T10:33:45","date_gmt":"2025-06-22T08:33:45","guid":{"rendered":"https:\/\/sysmatec.ch\/?post_type=product&#038;p=30651"},"modified":"2025-06-22T10:53:52","modified_gmt":"2025-06-22T08:53:52","slug":"autofokus-mikroskop-bvm-af6800-4ku","status":"publish","type":"product","link":"https:\/\/sysmatec.ch\/de\/Produkt\/autofokus-mikroskop-bvm-af6800-4ku\/","title":{"rendered":"Autofokus-Mikroskop BVM-AF6800-4KU"},"content":{"rendered":"<p>Es erm\u00f6glicht die automatische Fokussierung<\/p>\n<h2><span class=\"JLqJ4b ChMk0b\" data-language-for-alternatives=\"fr\" data-language-to-translate-into=\"en\" data-phrase-index=\"2\" data-number-of-phrases=\"23\"><span class=\"Q4iAWc\">Merkmale<\/span><\/span><\/h2>\n<ul>\n<li>4K-Bild<\/li>\n<li>Motorisierter Zoom<\/li>\n<li>0,7- bis 4,8-facher optischer Zoom<\/li>\n<li>1- bis 6-facher digitaler Zoom<\/li>\n<li>USB-3.0-Anschluss f\u00fcr PC<\/li>\n<li>Highspeed 60 Bilder\/s in 4K<\/li>\n<li>LED-Ringlicht mit 4 Helligkeitszonen, maussteuerbar<\/li>\n<li>Optionale optische 3D-Anzeige<\/li>\n<li>Farb-CMOS-Sensor<\/li>\n<li>Autofokus<\/li>\n<li>Maximale Aufl\u00f6sung: 3840 x 2160 Pixel<\/li>\n<li>Scan: Progressive Scan<\/li>\n<li>Speicher: USB-Anschluss<\/li>\n<li>Anschl\u00fcsse: USB (f\u00fcr PC), LAN (f\u00fcr PC), HDMI (f\u00fcr Display)<\/li>\n<\/ul>\n","protected":false},"excerpt":{"rendered":"<p>Digitales Videomikroskop mit Autofokusfunktion.<\/p>\n","protected":false},"featured_media":30655,"template":"","meta":{"_crdt_document":""},"product_brand":[],"product_cat":[101],"product_tag":[],"class_list":{"0":"post-30651","1":"product","2":"type-product","3":"status-publish","4":"has-post-thumbnail","6":"product_cat-mikroskopie","8":"first","9":"instock","10":"taxable","11":"shipping-taxable","12":"product-type-simple"},"yoast_head":"<!-- This site is optimized with the Yoast SEO plugin v27.3 - https:\/\/yoast.com\/product\/yoast-seo-wordpress\/ -->\n<title>Autofokus-Mikroskop BVM-AF6800-4KU - Sysmatec<\/title>\n<meta name=\"description\" content=\"Digitales Mikroskop mit Autofokus f\u00fcr wissenschaftliche Anwendungen, Qualit\u00e4tskontrolle und Bildung.\" \/>\n<meta name=\"robots\" content=\"index, follow, max-snippet:-1, max-image-preview:large, max-video-preview:-1\" \/>\n<link rel=\"canonical\" href=\"https:\/\/sysmatec.ch\/de\/Produkt\/autofokus-mikroskop-bvm-af6800-4ku\/\" \/>\n<meta property=\"og:locale\" content=\"de_DE\" \/>\n<meta property=\"og:type\" content=\"article\" \/>\n<meta property=\"og:title\" content=\"Autofokus-Mikroskop BVM-AF6800-4KU - Sysmatec\" \/>\n<meta property=\"og:description\" content=\"Digitales Mikroskop mit Autofokus f\u00fcr wissenschaftliche Anwendungen, Qualit\u00e4tskontrolle und Bildung.\" \/>\n<meta property=\"og:url\" content=\"https:\/\/sysmatec.ch\/de\/Produkt\/autofokus-mikroskop-bvm-af6800-4ku\/\" \/>\n<meta property=\"og:site_name\" content=\"Sysmatec\" \/>\n<meta property=\"article:modified_time\" content=\"2025-06-22T08:53:52+00:00\" \/>\n<meta property=\"og:image\" content=\"https:\/\/sysmatec.ch\/wp-content\/uploads\/2025\/06\/Microscope_BYC-BVM-AF68004KU.jpg\" \/>\n\t<meta property=\"og:image:width\" content=\"559\" \/>\n\t<meta property=\"og:image:height\" content=\"577\" \/>\n\t<meta property=\"og:image:type\" content=\"image\/jpeg\" \/>\n<meta name=\"twitter:card\" content=\"summary_large_image\" \/>\n<meta name=\"twitter:label1\" content=\"Gesch\u00e4tzte Lesezeit\" \/>\n\t<meta name=\"twitter:data1\" content=\"1\u00a0Minute\" \/>\n<script type=\"application\/ld+json\" class=\"yoast-schema-graph\">{\"@context\":\"https:\\\/\\\/schema.org\",\"@graph\":[{\"@type\":\"WebPage\",\"@id\":\"https:\\\/\\\/sysmatec.ch\\\/de\\\/Produkt\\\/autofokus-mikroskop-bvm-af6800-4ku\\\/\",\"url\":\"https:\\\/\\\/sysmatec.ch\\\/de\\\/Produkt\\\/autofokus-mikroskop-bvm-af6800-4ku\\\/\",\"name\":\"Autofokus-Mikroskop BVM-AF6800-4KU - Sysmatec\",\"isPartOf\":{\"@id\":\"https:\\\/\\\/sysmatec.ch\\\/de\\\/#website\"},\"primaryImageOfPage\":{\"@id\":\"https:\\\/\\\/sysmatec.ch\\\/de\\\/Produkt\\\/autofokus-mikroskop-bvm-af6800-4ku\\\/#primaryimage\"},\"image\":{\"@id\":\"https:\\\/\\\/sysmatec.ch\\\/de\\\/Produkt\\\/autofokus-mikroskop-bvm-af6800-4ku\\\/#primaryimage\"},\"thumbnailUrl\":\"https:\\\/\\\/sysmatec.ch\\\/wp-content\\\/uploads\\\/2025\\\/06\\\/Microscope_BYC-BVM-AF68004KU.jpg\",\"datePublished\":\"2025-06-22T08:33:45+00:00\",\"dateModified\":\"2025-06-22T08:53:52+00:00\",\"description\":\"Digitales Mikroskop mit Autofokus f\u00fcr wissenschaftliche Anwendungen, Qualit\u00e4tskontrolle und Bildung.\",\"breadcrumb\":{\"@id\":\"https:\\\/\\\/sysmatec.ch\\\/de\\\/Produkt\\\/autofokus-mikroskop-bvm-af6800-4ku\\\/#breadcrumb\"},\"inLanguage\":\"de\",\"potentialAction\":[{\"@type\":\"ReadAction\",\"target\":[\"https:\\\/\\\/sysmatec.ch\\\/de\\\/Produkt\\\/autofokus-mikroskop-bvm-af6800-4ku\\\/\"]}]},{\"@type\":\"ImageObject\",\"inLanguage\":\"de\",\"@id\":\"https:\\\/\\\/sysmatec.ch\\\/de\\\/Produkt\\\/autofokus-mikroskop-bvm-af6800-4ku\\\/#primaryimage\",\"url\":\"https:\\\/\\\/sysmatec.ch\\\/wp-content\\\/uploads\\\/2025\\\/06\\\/Microscope_BYC-BVM-AF68004KU.jpg\",\"contentUrl\":\"https:\\\/\\\/sysmatec.ch\\\/wp-content\\\/uploads\\\/2025\\\/06\\\/Microscope_BYC-BVM-AF68004KU.jpg\",\"width\":559,\"height\":577},{\"@type\":\"BreadcrumbList\",\"@id\":\"https:\\\/\\\/sysmatec.ch\\\/de\\\/Produkt\\\/autofokus-mikroskop-bvm-af6800-4ku\\\/#breadcrumb\",\"itemListElement\":[{\"@type\":\"ListItem\",\"position\":1,\"name\":\"Accueil\",\"item\":\"https:\\\/\\\/sysmatec.ch\\\/de\\\/\"},{\"@type\":\"ListItem\",\"position\":2,\"name\":\"Die Aktivit\u00e4t von Sysmatec\",\"item\":\"https:\\\/\\\/sysmatec.ch\\\/de\\\/\"},{\"@type\":\"ListItem\",\"position\":3,\"name\":\"Autofokus-Mikroskop BVM-AF6800-4KU\"}]},{\"@type\":\"WebSite\",\"@id\":\"https:\\\/\\\/sysmatec.ch\\\/de\\\/#website\",\"url\":\"https:\\\/\\\/sysmatec.ch\\\/de\\\/\",\"name\":\"Sysmatec\",\"description\":\"Equipement de laboratoire et logiciels\",\"publisher\":{\"@id\":\"https:\\\/\\\/sysmatec.ch\\\/de\\\/#organization\"},\"potentialAction\":[{\"@type\":\"SearchAction\",\"target\":{\"@type\":\"EntryPoint\",\"urlTemplate\":\"https:\\\/\\\/sysmatec.ch\\\/de\\\/?s={search_term_string}\"},\"query-input\":{\"@type\":\"PropertyValueSpecification\",\"valueRequired\":true,\"valueName\":\"search_term_string\"}}],\"inLanguage\":\"de\"},{\"@type\":\"Organization\",\"@id\":\"https:\\\/\\\/sysmatec.ch\\\/de\\\/#organization\",\"name\":\"Sysmatec\",\"url\":\"https:\\\/\\\/sysmatec.ch\\\/de\\\/\",\"logo\":{\"@type\":\"ImageObject\",\"inLanguage\":\"de\",\"@id\":\"https:\\\/\\\/sysmatec.ch\\\/de\\\/#\\\/schema\\\/logo\\\/image\\\/\",\"url\":\"https:\\\/\\\/sysmatec.ch\\\/wp-content\\\/uploads\\\/2018\\\/11\\\/LogoSysmatec.jpg\",\"contentUrl\":\"https:\\\/\\\/sysmatec.ch\\\/wp-content\\\/uploads\\\/2018\\\/11\\\/LogoSysmatec.jpg\",\"width\":301,\"height\":297,\"caption\":\"Sysmatec\"},\"image\":{\"@id\":\"https:\\\/\\\/sysmatec.ch\\\/de\\\/#\\\/schema\\\/logo\\\/image\\\/\"}}]}<\/script>\n<!-- \/ Yoast SEO plugin. -->","yoast_head_json":{"title":"Autofokus-Mikroskop BVM-AF6800-4KU - Sysmatec","description":"Digitales Mikroskop mit Autofokus f\u00fcr wissenschaftliche Anwendungen, Qualit\u00e4tskontrolle und Bildung.","robots":{"index":"index","follow":"follow","max-snippet":"max-snippet:-1","max-image-preview":"max-image-preview:large","max-video-preview":"max-video-preview:-1"},"canonical":"https:\/\/sysmatec.ch\/de\/Produkt\/autofokus-mikroskop-bvm-af6800-4ku\/","og_locale":"de_DE","og_type":"article","og_title":"Autofokus-Mikroskop BVM-AF6800-4KU - Sysmatec","og_description":"Digitales Mikroskop mit Autofokus f\u00fcr wissenschaftliche Anwendungen, Qualit\u00e4tskontrolle und Bildung.","og_url":"https:\/\/sysmatec.ch\/de\/Produkt\/autofokus-mikroskop-bvm-af6800-4ku\/","og_site_name":"Sysmatec","article_modified_time":"2025-06-22T08:53:52+00:00","og_image":[{"width":559,"height":577,"url":"https:\/\/sysmatec.ch\/wp-content\/uploads\/2025\/06\/Microscope_BYC-BVM-AF68004KU.jpg","type":"image\/jpeg"}],"twitter_card":"summary_large_image","twitter_misc":{"Gesch\u00e4tzte Lesezeit":"1\u00a0Minute"},"schema":{"@context":"https:\/\/schema.org","@graph":[{"@type":"WebPage","@id":"https:\/\/sysmatec.ch\/de\/Produkt\/autofokus-mikroskop-bvm-af6800-4ku\/","url":"https:\/\/sysmatec.ch\/de\/Produkt\/autofokus-mikroskop-bvm-af6800-4ku\/","name":"Autofokus-Mikroskop BVM-AF6800-4KU - Sysmatec","isPartOf":{"@id":"https:\/\/sysmatec.ch\/de\/#website"},"primaryImageOfPage":{"@id":"https:\/\/sysmatec.ch\/de\/Produkt\/autofokus-mikroskop-bvm-af6800-4ku\/#primaryimage"},"image":{"@id":"https:\/\/sysmatec.ch\/de\/Produkt\/autofokus-mikroskop-bvm-af6800-4ku\/#primaryimage"},"thumbnailUrl":"https:\/\/sysmatec.ch\/wp-content\/uploads\/2025\/06\/Microscope_BYC-BVM-AF68004KU.jpg","datePublished":"2025-06-22T08:33:45+00:00","dateModified":"2025-06-22T08:53:52+00:00","description":"Digitales Mikroskop mit Autofokus f\u00fcr wissenschaftliche Anwendungen, Qualit\u00e4tskontrolle und Bildung.","breadcrumb":{"@id":"https:\/\/sysmatec.ch\/de\/Produkt\/autofokus-mikroskop-bvm-af6800-4ku\/#breadcrumb"},"inLanguage":"de","potentialAction":[{"@type":"ReadAction","target":["https:\/\/sysmatec.ch\/de\/Produkt\/autofokus-mikroskop-bvm-af6800-4ku\/"]}]},{"@type":"ImageObject","inLanguage":"de","@id":"https:\/\/sysmatec.ch\/de\/Produkt\/autofokus-mikroskop-bvm-af6800-4ku\/#primaryimage","url":"https:\/\/sysmatec.ch\/wp-content\/uploads\/2025\/06\/Microscope_BYC-BVM-AF68004KU.jpg","contentUrl":"https:\/\/sysmatec.ch\/wp-content\/uploads\/2025\/06\/Microscope_BYC-BVM-AF68004KU.jpg","width":559,"height":577},{"@type":"BreadcrumbList","@id":"https:\/\/sysmatec.ch\/de\/Produkt\/autofokus-mikroskop-bvm-af6800-4ku\/#breadcrumb","itemListElement":[{"@type":"ListItem","position":1,"name":"Accueil","item":"https:\/\/sysmatec.ch\/de\/"},{"@type":"ListItem","position":2,"name":"Die Aktivit\u00e4t von Sysmatec","item":"https:\/\/sysmatec.ch\/de\/"},{"@type":"ListItem","position":3,"name":"Autofokus-Mikroskop BVM-AF6800-4KU"}]},{"@type":"WebSite","@id":"https:\/\/sysmatec.ch\/de\/#website","url":"https:\/\/sysmatec.ch\/de\/","name":"Sysmatec","description":"Equipement de laboratoire et logiciels","publisher":{"@id":"https:\/\/sysmatec.ch\/de\/#organization"},"potentialAction":[{"@type":"SearchAction","target":{"@type":"EntryPoint","urlTemplate":"https:\/\/sysmatec.ch\/de\/?s={search_term_string}"},"query-input":{"@type":"PropertyValueSpecification","valueRequired":true,"valueName":"search_term_string"}}],"inLanguage":"de"},{"@type":"Organization","@id":"https:\/\/sysmatec.ch\/de\/#organization","name":"Sysmatec","url":"https:\/\/sysmatec.ch\/de\/","logo":{"@type":"ImageObject","inLanguage":"de","@id":"https:\/\/sysmatec.ch\/de\/#\/schema\/logo\/image\/","url":"https:\/\/sysmatec.ch\/wp-content\/uploads\/2018\/11\/LogoSysmatec.jpg","contentUrl":"https:\/\/sysmatec.ch\/wp-content\/uploads\/2018\/11\/LogoSysmatec.jpg","width":301,"height":297,"caption":"Sysmatec"},"image":{"@id":"https:\/\/sysmatec.ch\/de\/#\/schema\/logo\/image\/"}}]}},"_links":{"self":[{"href":"https:\/\/sysmatec.ch\/de\/wp-json\/wp\/v2\/product\/30651","targetHints":{"allow":["GET"]}}],"collection":[{"href":"https:\/\/sysmatec.ch\/de\/wp-json\/wp\/v2\/product"}],"about":[{"href":"https:\/\/sysmatec.ch\/de\/wp-json\/wp\/v2\/types\/product"}],"wp:featuredmedia":[{"embeddable":true,"href":"https:\/\/sysmatec.ch\/de\/wp-json\/wp\/v2\/media\/30655"}],"wp:attachment":[{"href":"https:\/\/sysmatec.ch\/de\/wp-json\/wp\/v2\/media?parent=30651"}],"wp:term":[{"taxonomy":"product_brand","embeddable":true,"href":"https:\/\/sysmatec.ch\/de\/wp-json\/wp\/v2\/product_brand?post=30651"},{"taxonomy":"product_cat","embeddable":true,"href":"https:\/\/sysmatec.ch\/de\/wp-json\/wp\/v2\/product_cat?post=30651"},{"taxonomy":"product_tag","embeddable":true,"href":"https:\/\/sysmatec.ch\/de\/wp-json\/wp\/v2\/product_tag?post=30651"}],"curies":[{"name":"wp","href":"https:\/\/api.w.org\/{rel}","templated":true}]}}