{"id":30642,"date":"2025-06-10T21:00:18","date_gmt":"2025-06-10T19:00:18","guid":{"rendered":"https:\/\/sysmatec.ch\/?post_type=product&#038;p=30642"},"modified":"2025-06-10T21:27:11","modified_gmt":"2025-06-10T19:27:11","slug":"ofen-snol-20-300-55-300-120-300-220-300-420-300-und-700-300","status":"publish","type":"product","link":"https:\/\/sysmatec.ch\/de\/Produkt\/ofen-snol-20-300-55-300-120-300-220-300-420-300-und-700-300\/","title":{"rendered":"Ofen Snol 20\/300, 55\/300, 120\/300, 220\/300 420\/300 und 700\/300"},"content":{"rendered":"<p>Sie sind f\u00fcr die W\u00e4rmebehandlung verschiedener Materialien bis zu 300 \u00b0C ausgelegt. Diese Elektro\u00f6fen eignen sich f\u00fcr W\u00e4rmebehandlungen wie Trocknen, Erhitzen, Alterungsstudien usw. Die Zwangsluftkonvektion sorgt f\u00fcr eine gleichm\u00e4\u00dfige Temperaturverteilung und garantiert optimale Ergebnisse. Diese \u00d6fen werden in wissenschaftlichen Laboren, Bildungseinrichtungen, der Medizin und der Industrie eingesetzt.<\/p>\n<h2>Allgemeine Eigenschaften<\/h2>\n<ul>\n<li type=\"disc\">Maximaltemperatur: 300 \u00b0C<\/li>\n<li type=\"disc\">Bedienfeld \u00fcber der T\u00fcr<\/li>\n<li type=\"disc\">L\u00fcftermotor an der R\u00fcckseite<\/li>\n<li type=\"disc\">Horizontale Umluft<\/li>\n<li type=\"disc\">Garraum aus Edelstahl 304<\/li>\n<li type=\"disc\">Au\u00dfenseite aus lackiertem Blech<\/li>\n<li type=\"disc\">Gesteuertes Ventil f\u00fcr den Luftaustausch im Garraum<\/li>\n<li type=\"disc\">Steinwolleisolierung (vollkommen asbestfrei)<\/li>\n<li type=\"disc\">T\u00fcr\u00f6ffnung nach rechts, Edelstahlinnenraum, Silikondichtung<\/li>\n<li type=\"disc\">\u00dcberhitzungsschutz<\/li>\n<li type=\"disc\">Mikroprozessor-Temperaturregler<\/li>\n<li type=\"disc\">Akustischer Alarm<\/li>\n<li type=\"disc\">Niedriger Stromverbrauch f\u00fcr verbesserte Energieeffizienz<\/li>\n<li type=\"disc\">Schneller Temperaturanstieg<\/li>\n<li type=\"disc\">2 T\u00fcren ab 220 l<\/li>\n<\/ul>\n<h2>Optionen<\/h2>\n<ul>\n<li type=\"disc\">Programmierbare Temperaturregelung<\/li>\n<li type=\"disc\">Zus\u00e4tzliche Einsch\u00fcbe<\/li>\n<li type=\"disc\">Verst\u00e4rkte Einsch\u00fcbe<\/li>\n<li type=\"disc\">Metallblech<\/li>\n<li type=\"disc\">Digitaler Timer<\/li>\n<li type=\"disc\">USB-Anschluss<\/li>\n<li type=\"disc\">Edelstahl-Backofengeh\u00e4use<\/li>\n<li type=\"disc\">Backofentisch<\/li>\n<li type=\"disc\">Sichtfenster in den Backofen<\/li>\n<\/ul>\n<h2>Modellen<\/h2>\n<table width=\"1001\">\n<tbody>\n<tr>\n<td width=\"121\">\n<p data-sort=\"vol\">Typ<\/p>\n<\/td>\n<td width=\"80\">Vol<\/td>\n<td width=\"80\">Tmax<\/td>\n<td colspan=\"3\" width=\"240\">Innenma\u00dfe<\/td>\n<td colspan=\"3\" width=\"240\">Au\u00dfenenma\u00dfe<\/td>\n<td width=\"80\">Leistung<\/td>\n<td width=\"80\">Spannung<\/td>\n<td width=\"80\">Gewicht<\/td>\n<\/tr>\n<tr>\n<td><\/td>\n<td>L<\/td>\n<td>\u00b0C<\/td>\n<td>L (mm)<\/td>\n<td>P (mm)<\/td>\n<td>H (mm)<\/td>\n<td>L (mm)<\/td>\n<td>P (mm)<\/td>\n<td>H (mm)<\/td>\n<td>kW<\/td>\n<td>V<\/td>\n<td>kg<\/td>\n<\/tr>\n<tr>\n<td>SNOL 20\/300 NNL<\/td>\n<td>20<\/td>\n<td>300<\/td>\n<td>240<\/td>\n<td>280<\/td>\n<td>345<\/td>\n<td>470<\/td>\n<td>655<\/td>\n<td>670<\/td>\n<td>1<\/td>\n<td>230<\/td>\n<td>38<\/td>\n<\/tr>\n<tr>\n<td>SNOL 55\/300 NNL<\/td>\n<td>55<\/td>\n<td>300<\/td>\n<td>380<\/td>\n<td>380<\/td>\n<td>380<\/td>\n<td>610<\/td>\n<td>760<\/td>\n<td>710<\/td>\n<td>2<\/td>\n<td>230<\/td>\n<td>53<\/td>\n<\/tr>\n<tr>\n<td>SNOL 120\/300 NNL<\/td>\n<td>120<\/td>\n<td>300<\/td>\n<td>550<\/td>\n<td>380<\/td>\n<td>585<\/td>\n<td>780<\/td>\n<td>760<\/td>\n<td>910<\/td>\n<td>2<\/td>\n<td>230<\/td>\n<td>75<\/td>\n<\/tr>\n<tr>\n<td>SNOL 220\/300 NNL<\/td>\n<td>220<\/td>\n<td>300<\/td>\n<td>730<\/td>\n<td>470<\/td>\n<td>620<\/td>\n<td>965<\/td>\n<td>845<\/td>\n<td>955<\/td>\n<td>3.6<\/td>\n<td>230<\/td>\n<td>100<\/td>\n<\/tr>\n<tr>\n<td>SNOL 420\/300 NNL<\/td>\n<td>420<\/td>\n<td>300<\/td>\n<td>995<\/td>\n<td>470<\/td>\n<td>860<\/td>\n<td>1235<\/td>\n<td>830<\/td>\n<td>1205<\/td>\n<td>6.2<\/td>\n<td>400<\/td>\n<td>190<\/td>\n<\/tr>\n<tr>\n<td>SNOL 700\/300 NNL<\/td>\n<td>700<\/td>\n<td>300<\/td>\n<td>915<\/td>\n<td>590<\/td>\n<td>1300<\/td>\n<td>1155<\/td>\n<td>960<\/td>\n<td>1655<\/td>\n<td>8<\/td>\n<td>400<\/td>\n<td>240<\/td>\n<\/tr>\n<\/tbody>\n<\/table>\n","protected":false},"excerpt":{"rendered":"<p>\u00d6fen f\u00fcr Temperaturen bis 300\u00b0C.<\/p>\n","protected":false},"featured_media":30645,"template":"","meta":{"_crdt_document":""},"product_brand":[],"product_cat":[107],"product_tag":[],"class_list":{"0":"post-30642","1":"product","2":"type-product","3":"status-publish","4":"has-post-thumbnail","6":"product_cat-ofen","8":"first","9":"instock","10":"taxable","11":"shipping-taxable","12":"product-type-simple"},"yoast_head":"<!-- This site is optimized with the Yoast SEO plugin v27.3 - https:\/\/yoast.com\/product\/yoast-seo-wordpress\/ -->\n<title>Ofen Snol 20\/300, 55\/300, 120\/300, 220\/300 420\/300 und 700\/300 - Sysmatec<\/title>\n<meta name=\"description\" content=\"\u00d6fen f\u00fcr Temperaturen bis 300 \u00b0C. Verf\u00fcgbare Volumina von 20 l bis 700 l. Sie verf\u00fcgen \u00fcber einen Ventilator.\" \/>\n<meta name=\"robots\" content=\"index, follow, max-snippet:-1, max-image-preview:large, max-video-preview:-1\" \/>\n<link rel=\"canonical\" href=\"https:\/\/sysmatec.ch\/de\/Produkt\/ofen-snol-20-300-55-300-120-300-220-300-420-300-und-700-300\/\" \/>\n<meta property=\"og:locale\" content=\"de_DE\" \/>\n<meta property=\"og:type\" content=\"article\" \/>\n<meta property=\"og:title\" content=\"Ofen Snol 20\/300, 55\/300, 120\/300, 220\/300 420\/300 und 700\/300 - Sysmatec\" \/>\n<meta property=\"og:description\" content=\"\u00d6fen f\u00fcr Temperaturen bis 300 \u00b0C. Verf\u00fcgbare Volumina von 20 l bis 700 l. Sie verf\u00fcgen \u00fcber einen Ventilator.\" \/>\n<meta property=\"og:url\" content=\"https:\/\/sysmatec.ch\/de\/Produkt\/ofen-snol-20-300-55-300-120-300-220-300-420-300-und-700-300\/\" \/>\n<meta property=\"og:site_name\" content=\"Sysmatec\" \/>\n<meta property=\"article:modified_time\" content=\"2025-06-10T19:27:11+00:00\" \/>\n<meta property=\"og:image\" content=\"https:\/\/sysmatec.ch\/wp-content\/uploads\/2025\/06\/Four_Snol20_300NNL.jpg\" \/>\n\t<meta property=\"og:image:width\" content=\"506\" \/>\n\t<meta property=\"og:image:height\" content=\"565\" \/>\n\t<meta property=\"og:image:type\" content=\"image\/jpeg\" \/>\n<meta name=\"twitter:card\" content=\"summary_large_image\" \/>\n<meta name=\"twitter:label1\" content=\"Gesch\u00e4tzte Lesezeit\" \/>\n\t<meta name=\"twitter:data1\" content=\"2\u00a0Minuten\" \/>\n<script type=\"application\/ld+json\" class=\"yoast-schema-graph\">{\"@context\":\"https:\\\/\\\/schema.org\",\"@graph\":[{\"@type\":\"WebPage\",\"@id\":\"https:\\\/\\\/sysmatec.ch\\\/de\\\/Produkt\\\/ofen-snol-20-300-55-300-120-300-220-300-420-300-und-700-300\\\/\",\"url\":\"https:\\\/\\\/sysmatec.ch\\\/de\\\/Produkt\\\/ofen-snol-20-300-55-300-120-300-220-300-420-300-und-700-300\\\/\",\"name\":\"Ofen Snol 20\\\/300, 55\\\/300, 120\\\/300, 220\\\/300 420\\\/300 und 700\\\/300 - Sysmatec\",\"isPartOf\":{\"@id\":\"https:\\\/\\\/sysmatec.ch\\\/de\\\/#website\"},\"primaryImageOfPage\":{\"@id\":\"https:\\\/\\\/sysmatec.ch\\\/de\\\/Produkt\\\/ofen-snol-20-300-55-300-120-300-220-300-420-300-und-700-300\\\/#primaryimage\"},\"image\":{\"@id\":\"https:\\\/\\\/sysmatec.ch\\\/de\\\/Produkt\\\/ofen-snol-20-300-55-300-120-300-220-300-420-300-und-700-300\\\/#primaryimage\"},\"thumbnailUrl\":\"https:\\\/\\\/sysmatec.ch\\\/wp-content\\\/uploads\\\/2025\\\/06\\\/Four_Snol20_300NNL.jpg\",\"datePublished\":\"2025-06-10T19:00:18+00:00\",\"dateModified\":\"2025-06-10T19:27:11+00:00\",\"description\":\"\u00d6fen f\u00fcr Temperaturen bis 300 \u00b0C. Verf\u00fcgbare Volumina von 20 l bis 700 l. Sie verf\u00fcgen \u00fcber einen Ventilator.\",\"breadcrumb\":{\"@id\":\"https:\\\/\\\/sysmatec.ch\\\/de\\\/Produkt\\\/ofen-snol-20-300-55-300-120-300-220-300-420-300-und-700-300\\\/#breadcrumb\"},\"inLanguage\":\"de\",\"potentialAction\":[{\"@type\":\"ReadAction\",\"target\":[\"https:\\\/\\\/sysmatec.ch\\\/de\\\/Produkt\\\/ofen-snol-20-300-55-300-120-300-220-300-420-300-und-700-300\\\/\"]}]},{\"@type\":\"ImageObject\",\"inLanguage\":\"de\",\"@id\":\"https:\\\/\\\/sysmatec.ch\\\/de\\\/Produkt\\\/ofen-snol-20-300-55-300-120-300-220-300-420-300-und-700-300\\\/#primaryimage\",\"url\":\"https:\\\/\\\/sysmatec.ch\\\/wp-content\\\/uploads\\\/2025\\\/06\\\/Four_Snol20_300NNL.jpg\",\"contentUrl\":\"https:\\\/\\\/sysmatec.ch\\\/wp-content\\\/uploads\\\/2025\\\/06\\\/Four_Snol20_300NNL.jpg\",\"width\":506,\"height\":565},{\"@type\":\"BreadcrumbList\",\"@id\":\"https:\\\/\\\/sysmatec.ch\\\/de\\\/Produkt\\\/ofen-snol-20-300-55-300-120-300-220-300-420-300-und-700-300\\\/#breadcrumb\",\"itemListElement\":[{\"@type\":\"ListItem\",\"position\":1,\"name\":\"Accueil\",\"item\":\"https:\\\/\\\/sysmatec.ch\\\/de\\\/\"},{\"@type\":\"ListItem\",\"position\":2,\"name\":\"Die Aktivit\u00e4t von Sysmatec\",\"item\":\"https:\\\/\\\/sysmatec.ch\\\/de\\\/\"},{\"@type\":\"ListItem\",\"position\":3,\"name\":\"Ofen Snol 20\\\/300, 55\\\/300, 120\\\/300, 220\\\/300 420\\\/300 und 700\\\/300\"}]},{\"@type\":\"WebSite\",\"@id\":\"https:\\\/\\\/sysmatec.ch\\\/de\\\/#website\",\"url\":\"https:\\\/\\\/sysmatec.ch\\\/de\\\/\",\"name\":\"Sysmatec\",\"description\":\"Equipement de laboratoire et logiciels\",\"publisher\":{\"@id\":\"https:\\\/\\\/sysmatec.ch\\\/de\\\/#organization\"},\"potentialAction\":[{\"@type\":\"SearchAction\",\"target\":{\"@type\":\"EntryPoint\",\"urlTemplate\":\"https:\\\/\\\/sysmatec.ch\\\/de\\\/?s={search_term_string}\"},\"query-input\":{\"@type\":\"PropertyValueSpecification\",\"valueRequired\":true,\"valueName\":\"search_term_string\"}}],\"inLanguage\":\"de\"},{\"@type\":\"Organization\",\"@id\":\"https:\\\/\\\/sysmatec.ch\\\/de\\\/#organization\",\"name\":\"Sysmatec\",\"url\":\"https:\\\/\\\/sysmatec.ch\\\/de\\\/\",\"logo\":{\"@type\":\"ImageObject\",\"inLanguage\":\"de\",\"@id\":\"https:\\\/\\\/sysmatec.ch\\\/de\\\/#\\\/schema\\\/logo\\\/image\\\/\",\"url\":\"https:\\\/\\\/sysmatec.ch\\\/wp-content\\\/uploads\\\/2018\\\/11\\\/LogoSysmatec.jpg\",\"contentUrl\":\"https:\\\/\\\/sysmatec.ch\\\/wp-content\\\/uploads\\\/2018\\\/11\\\/LogoSysmatec.jpg\",\"width\":301,\"height\":297,\"caption\":\"Sysmatec\"},\"image\":{\"@id\":\"https:\\\/\\\/sysmatec.ch\\\/de\\\/#\\\/schema\\\/logo\\\/image\\\/\"}}]}<\/script>\n<!-- \/ Yoast SEO plugin. -->","yoast_head_json":{"title":"Ofen Snol 20\/300, 55\/300, 120\/300, 220\/300 420\/300 und 700\/300 - Sysmatec","description":"\u00d6fen f\u00fcr Temperaturen bis 300 \u00b0C. Verf\u00fcgbare Volumina von 20 l bis 700 l. Sie verf\u00fcgen \u00fcber einen Ventilator.","robots":{"index":"index","follow":"follow","max-snippet":"max-snippet:-1","max-image-preview":"max-image-preview:large","max-video-preview":"max-video-preview:-1"},"canonical":"https:\/\/sysmatec.ch\/de\/Produkt\/ofen-snol-20-300-55-300-120-300-220-300-420-300-und-700-300\/","og_locale":"de_DE","og_type":"article","og_title":"Ofen Snol 20\/300, 55\/300, 120\/300, 220\/300 420\/300 und 700\/300 - Sysmatec","og_description":"\u00d6fen f\u00fcr Temperaturen bis 300 \u00b0C. Verf\u00fcgbare Volumina von 20 l bis 700 l. Sie verf\u00fcgen \u00fcber einen Ventilator.","og_url":"https:\/\/sysmatec.ch\/de\/Produkt\/ofen-snol-20-300-55-300-120-300-220-300-420-300-und-700-300\/","og_site_name":"Sysmatec","article_modified_time":"2025-06-10T19:27:11+00:00","og_image":[{"width":506,"height":565,"url":"https:\/\/sysmatec.ch\/wp-content\/uploads\/2025\/06\/Four_Snol20_300NNL.jpg","type":"image\/jpeg"}],"twitter_card":"summary_large_image","twitter_misc":{"Gesch\u00e4tzte Lesezeit":"2\u00a0Minuten"},"schema":{"@context":"https:\/\/schema.org","@graph":[{"@type":"WebPage","@id":"https:\/\/sysmatec.ch\/de\/Produkt\/ofen-snol-20-300-55-300-120-300-220-300-420-300-und-700-300\/","url":"https:\/\/sysmatec.ch\/de\/Produkt\/ofen-snol-20-300-55-300-120-300-220-300-420-300-und-700-300\/","name":"Ofen Snol 20\/300, 55\/300, 120\/300, 220\/300 420\/300 und 700\/300 - Sysmatec","isPartOf":{"@id":"https:\/\/sysmatec.ch\/de\/#website"},"primaryImageOfPage":{"@id":"https:\/\/sysmatec.ch\/de\/Produkt\/ofen-snol-20-300-55-300-120-300-220-300-420-300-und-700-300\/#primaryimage"},"image":{"@id":"https:\/\/sysmatec.ch\/de\/Produkt\/ofen-snol-20-300-55-300-120-300-220-300-420-300-und-700-300\/#primaryimage"},"thumbnailUrl":"https:\/\/sysmatec.ch\/wp-content\/uploads\/2025\/06\/Four_Snol20_300NNL.jpg","datePublished":"2025-06-10T19:00:18+00:00","dateModified":"2025-06-10T19:27:11+00:00","description":"\u00d6fen f\u00fcr Temperaturen bis 300 \u00b0C. Verf\u00fcgbare Volumina von 20 l bis 700 l. Sie verf\u00fcgen \u00fcber einen Ventilator.","breadcrumb":{"@id":"https:\/\/sysmatec.ch\/de\/Produkt\/ofen-snol-20-300-55-300-120-300-220-300-420-300-und-700-300\/#breadcrumb"},"inLanguage":"de","potentialAction":[{"@type":"ReadAction","target":["https:\/\/sysmatec.ch\/de\/Produkt\/ofen-snol-20-300-55-300-120-300-220-300-420-300-und-700-300\/"]}]},{"@type":"ImageObject","inLanguage":"de","@id":"https:\/\/sysmatec.ch\/de\/Produkt\/ofen-snol-20-300-55-300-120-300-220-300-420-300-und-700-300\/#primaryimage","url":"https:\/\/sysmatec.ch\/wp-content\/uploads\/2025\/06\/Four_Snol20_300NNL.jpg","contentUrl":"https:\/\/sysmatec.ch\/wp-content\/uploads\/2025\/06\/Four_Snol20_300NNL.jpg","width":506,"height":565},{"@type":"BreadcrumbList","@id":"https:\/\/sysmatec.ch\/de\/Produkt\/ofen-snol-20-300-55-300-120-300-220-300-420-300-und-700-300\/#breadcrumb","itemListElement":[{"@type":"ListItem","position":1,"name":"Accueil","item":"https:\/\/sysmatec.ch\/de\/"},{"@type":"ListItem","position":2,"name":"Die Aktivit\u00e4t von Sysmatec","item":"https:\/\/sysmatec.ch\/de\/"},{"@type":"ListItem","position":3,"name":"Ofen Snol 20\/300, 55\/300, 120\/300, 220\/300 420\/300 und 700\/300"}]},{"@type":"WebSite","@id":"https:\/\/sysmatec.ch\/de\/#website","url":"https:\/\/sysmatec.ch\/de\/","name":"Sysmatec","description":"Equipement de laboratoire et logiciels","publisher":{"@id":"https:\/\/sysmatec.ch\/de\/#organization"},"potentialAction":[{"@type":"SearchAction","target":{"@type":"EntryPoint","urlTemplate":"https:\/\/sysmatec.ch\/de\/?s={search_term_string}"},"query-input":{"@type":"PropertyValueSpecification","valueRequired":true,"valueName":"search_term_string"}}],"inLanguage":"de"},{"@type":"Organization","@id":"https:\/\/sysmatec.ch\/de\/#organization","name":"Sysmatec","url":"https:\/\/sysmatec.ch\/de\/","logo":{"@type":"ImageObject","inLanguage":"de","@id":"https:\/\/sysmatec.ch\/de\/#\/schema\/logo\/image\/","url":"https:\/\/sysmatec.ch\/wp-content\/uploads\/2018\/11\/LogoSysmatec.jpg","contentUrl":"https:\/\/sysmatec.ch\/wp-content\/uploads\/2018\/11\/LogoSysmatec.jpg","width":301,"height":297,"caption":"Sysmatec"},"image":{"@id":"https:\/\/sysmatec.ch\/de\/#\/schema\/logo\/image\/"}}]}},"_links":{"self":[{"href":"https:\/\/sysmatec.ch\/de\/wp-json\/wp\/v2\/product\/30642","targetHints":{"allow":["GET"]}}],"collection":[{"href":"https:\/\/sysmatec.ch\/de\/wp-json\/wp\/v2\/product"}],"about":[{"href":"https:\/\/sysmatec.ch\/de\/wp-json\/wp\/v2\/types\/product"}],"wp:featuredmedia":[{"embeddable":true,"href":"https:\/\/sysmatec.ch\/de\/wp-json\/wp\/v2\/media\/30645"}],"wp:attachment":[{"href":"https:\/\/sysmatec.ch\/de\/wp-json\/wp\/v2\/media?parent=30642"}],"wp:term":[{"taxonomy":"product_brand","embeddable":true,"href":"https:\/\/sysmatec.ch\/de\/wp-json\/wp\/v2\/product_brand?post=30642"},{"taxonomy":"product_cat","embeddable":true,"href":"https:\/\/sysmatec.ch\/de\/wp-json\/wp\/v2\/product_cat?post=30642"},{"taxonomy":"product_tag","embeddable":true,"href":"https:\/\/sysmatec.ch\/de\/wp-json\/wp\/v2\/product_tag?post=30642"}],"curies":[{"name":"wp","href":"https:\/\/api.w.org\/{rel}","templated":true}]}}