{"id":30627,"date":"2025-06-03T18:17:29","date_gmt":"2025-06-03T16:17:29","guid":{"rendered":"https:\/\/sysmatec.ch\/?post_type=product&#038;p=30627"},"modified":"2025-06-03T18:56:28","modified_gmt":"2025-06-03T16:56:28","slug":"reinstwasser-labaqua","status":"publish","type":"product","link":"https:\/\/sysmatec.ch\/de\/Produkt\/reinstwasser-labaqua\/","title":{"rendered":"Reinstwasser Labaqua"},"content":{"rendered":"<p>Zur Herstellung von Wasser der Typen 1 und 2<\/p>\n<p>Labaqua Trace produziert Wasser, das den Anforderungen anorganischer Analysemethoden entspricht.<\/p>\n<p>Das Labaqua HPLC-System erzeugt Wasser mit sehr niedrigem organischem Kohlenstoffgehalt (TOC) und erf\u00fcllt somit die Anforderungen der Fl\u00fcssigchromatographie. Das mit der Labaqua HPLC erzeugte Wasser kann auch f\u00fcr bestimmte mikrobiologische und molekularbiologische Anwendungen eingesetzt werden.<\/p>\n<p>Das Labaqua Bio-System produziert Wasser mit sehr niedrigem Gehalt an organischer Substanz und RNase\/DNase f\u00fcr die Anwendung in der Molekularbiologie, einschlie\u00dflich RNase-sensitiver Anwendungen.<\/p>\n<h2>Beschreibung<\/h2>\n<table width=\"934\">\n<tbody>\n<tr>\n<td width=\"231\"><\/td>\n<td width=\"255\">Labaqua Trace<\/td>\n<td width=\"255\">Labaqua HPLC<\/td>\n<td width=\"193\">Labaqua Bio<\/td>\n<\/tr>\n<tr>\n<td width=\"231\">Reinstwasser (Typ 1) Resistivit\u00e4t<\/td>\n<td width=\"255\">18.2 M\u03a9 x cm<\/td>\n<td width=\"255\">18.2 M\u03a9 x cm<\/td>\n<td width=\"193\">18.2 M\u03a9 x cm<\/td>\n<\/tr>\n<tr>\n<td width=\"231\">Reinstwasser (Typ 1) Wasserleitf\u00e4higkeit<\/td>\n<td width=\"255\">0.055 \u03bcS\/cm<\/td>\n<td width=\"255\">0.055 \u03bcS\/cm<\/td>\n<td width=\"193\">0.055 \u03bcS\/cm<\/td>\n<\/tr>\n<tr>\n<td width=\"231\">Reinwasser (Typ 2) Resistivit\u00e4t<\/td>\n<td width=\"255\">10 M\u03a9 x cm<\/td>\n<td width=\"255\">10 M\u03a9 x cm<\/td>\n<td width=\"193\">10 M\u03a9 x cm<\/td>\n<\/tr>\n<tr>\n<td width=\"231\">Reinwasser (Typ 2) Wasserleitf\u00e4higkeit<\/td>\n<td width=\"255\">0.1 \u03bcS\/cm<\/td>\n<td width=\"255\">0.1 \u03bcS\/cm<\/td>\n<td width=\"193\">0.1 \u03bcS\/cm<\/td>\n<\/tr>\n<tr>\n<td width=\"231\">TOC<\/td>\n<td width=\"255\">&lt; 10 ppb<\/td>\n<td width=\"255\">&lt; 5 ppb<\/td>\n<td width=\"193\">&lt; 5 ppb<\/td>\n<\/tr>\n<tr>\n<td width=\"231\">RNase<\/td>\n<td width=\"255\"><\/td>\n<td width=\"255\"><\/td>\n<td width=\"193\">&lt; 0.01 ng\/ml<\/td>\n<\/tr>\n<tr>\n<td width=\"231\">DNase<\/td>\n<td width=\"255\"><\/td>\n<td width=\"255\"><\/td>\n<td width=\"193\">&lt; 4 pg\/\u03bcl<\/td>\n<\/tr>\n<tr>\n<td width=\"231\">Bakterien<\/td>\n<td width=\"255\">&lt; 0.01 CFU\/ml<\/td>\n<td width=\"255\">&lt; 0.01 CFU\/ml<\/td>\n<td width=\"193\">&lt; 0.01 CFU\/ml<\/td>\n<\/tr>\n<tr>\n<td width=\"231\">Endotoxine<\/td>\n<td width=\"255\">&lt; 0.15 EU\/mL<\/td>\n<td width=\"255\">&lt; 0.15 EU\/mL<\/td>\n<td width=\"193\">&lt; 0.001 EU\/mL<\/td>\n<\/tr>\n<tr>\n<td width=\"231\">Partikel &gt; 0,22 \u03bcm<\/td>\n<td width=\"255\">&lt; 1\/mL<\/td>\n<td width=\"255\">&lt; 1\/mL<\/td>\n<td width=\"193\">&lt; 1\/mL<\/td>\n<\/tr>\n<tr>\n<td width=\"231\">Lebensdauer des Deionisierungsmoduls (Standardmodul)<\/td>\n<td width=\"255\">1 m3<\/td>\n<td width=\"255\">1 m3<\/td>\n<td width=\"193\">1 m3<\/td>\n<\/tr>\n<tr>\n<td width=\"231\">Speicherbecken<\/td>\n<td width=\"255\">30 L<\/td>\n<td width=\"255\">30 L<\/td>\n<td width=\"193\">30 L<\/td>\n<\/tr>\n<tr>\n<td width=\"231\">Speisewasserdruck<\/td>\n<td width=\"255\">0.5 \u2013 5 bar<\/td>\n<td width=\"255\">0.5 \u2013 5 bar<\/td>\n<td width=\"193\">0.5 \u2013 5 bar<\/td>\n<\/tr>\n<tr>\n<td width=\"231\">Speisewasserleitf\u00e4higkeit<\/td>\n<td width=\"255\">&lt; 1300 \u03bcS\/cm<\/td>\n<td width=\"255\">&lt; 1300 \u03bcS\/cm<\/td>\n<td width=\"193\">&lt; 1300 \u03bcS\/cm<\/td>\n<\/tr>\n<tr>\n<td width=\"231\">Abmessungen (B x T x H)<\/td>\n<td width=\"255\">320\u00d7560\u00d7620 mm<\/td>\n<td width=\"255\">320\u00d7560\u00d7620 mm<\/td>\n<td width=\"193\">320\u00d7560\u00d7620 mm<\/td>\n<\/tr>\n<tr>\n<td width=\"231\">Gewicht<\/td>\n<td width=\"255\">24 kg<\/td>\n<td width=\"255\">25 kg<\/td>\n<td width=\"193\">26 kg<\/td>\n<\/tr>\n<tr>\n<td width=\"231\">Stromverbrauch<\/td>\n<td width=\"255\">130 W<\/td>\n<td width=\"255\">130 W<\/td>\n<td width=\"193\">130 W<\/td>\n<\/tr>\n<tr>\n<td width=\"231\">Betriebsnennspannung<\/td>\n<td width=\"255\">100-240VAC 50\/60Hz<\/td>\n<td width=\"255\">100-240VAC 50\/60Hz<\/td>\n<td width=\"193\">100-240VAC 50\/60Hz<\/td>\n<\/tr>\n<\/tbody>\n<\/table>\n<h2>Optionale Materiale und Verbrauchsmaterial<\/h2>\n<p>Art.-Nr. BS-070104-LK, Externes Vorfilter-Kit (Polyphosphat\/Aktivkohle\/1 \u03bcm) mit Manometer<\/p>\n<p>Art.-Nr. BS-070104-KK, Externes Vorfilter-Kit (Aktivkohle\/1 \u03bcm) mit Manometer<\/p>\n<p>Art.-Nr. BS-070104-AK, Internes Vorfilter-Set<\/p>\n<p>Art.-Nr. BS-070104-BK, Poliermodul<\/p>\n<p>Art.-Nr. BS-070104-IK, Deionisierungsmodul<\/p>\n<p>Art.-Nr. BS-070104-EK, Mikrofilter \u2013 0,22 \u03bcm, unsteril<\/p>\n<p>Art.-Nr. BS-070104-FK, Mikrofilter \u2013 0,22 \u03bcm, steril<\/p>\n<p>Art.-Nr. BS-070104-GK, Ultrafilter<\/p>\n<p>Art.-Nr. BS-070104-RK, 254 nm UV Lampe<\/p>\n<p>Ref. BS-070104-DK, 185 nm UV-Lampe<\/p>\n<p>Ref. BS-070102-SK, 60-l-Vorratsbeh\u00e4lter mit Sockel, Hahn und Mehrpunkt-Niveauschalter<\/p>\n<p>Ref. BS-070102-FK, 100-l-Vorratsbeh\u00e4lter mit Sockel, Hahn und Mehrpunkt-Niveauschalter<\/p>\n<p>Ref. BS-070110-AK, Ferndosierer \u2013 Wassertyp 1<\/p>\n<p>Ref. BS-070104-JK, Ferndosierer \u2013 Wassertyp 2<\/p>\n","protected":false},"excerpt":{"rendered":"<p>Ultrareines und reines Wasser Typ I und II<\/p>\n","protected":false},"featured_media":30637,"template":"","meta":{"_crdt_document":""},"product_brand":[],"product_cat":[125],"product_tag":[],"class_list":{"0":"post-30627","1":"product","2":"type-product","3":"status-publish","4":"has-post-thumbnail","6":"product_cat-reinstwasser","8":"first","9":"instock","10":"taxable","11":"shipping-taxable","12":"product-type-simple"},"yoast_head":"<!-- This site is optimized with the Yoast SEO plugin v27.3 - https:\/\/yoast.com\/product\/yoast-seo-wordpress\/ -->\n<title>Reinstwasser Labaqua - Sysmatec<\/title>\n<meta name=\"description\" content=\"Wasseraufbereitungssystem mittels Umkehrosmose, Aktivkohle und Ionenaustausch zur Gewinnung von Reinstwasser des Typs I und II.\" \/>\n<meta name=\"robots\" content=\"index, follow, max-snippet:-1, max-image-preview:large, max-video-preview:-1\" \/>\n<link rel=\"canonical\" href=\"https:\/\/sysmatec.ch\/de\/Produkt\/reinstwasser-labaqua\/\" \/>\n<meta property=\"og:locale\" content=\"de_DE\" \/>\n<meta property=\"og:type\" content=\"article\" \/>\n<meta property=\"og:title\" content=\"Reinstwasser Labaqua - Sysmatec\" \/>\n<meta property=\"og:description\" content=\"Wasseraufbereitungssystem mittels Umkehrosmose, Aktivkohle und Ionenaustausch zur Gewinnung von Reinstwasser des Typs I und II.\" \/>\n<meta property=\"og:url\" content=\"https:\/\/sysmatec.ch\/de\/Produkt\/reinstwasser-labaqua\/\" \/>\n<meta property=\"og:site_name\" content=\"Sysmatec\" \/>\n<meta property=\"article:modified_time\" content=\"2025-06-03T16:56:28+00:00\" \/>\n<meta property=\"og:image\" content=\"https:\/\/sysmatec.ch\/wp-content\/uploads\/2025\/06\/EauUltraPure_LabquaBiosan1.jpg\" \/>\n\t<meta property=\"og:image:width\" content=\"508\" \/>\n\t<meta property=\"og:image:height\" content=\"540\" \/>\n\t<meta property=\"og:image:type\" content=\"image\/jpeg\" \/>\n<meta name=\"twitter:card\" content=\"summary_large_image\" \/>\n<meta name=\"twitter:label1\" content=\"Gesch\u00e4tzte Lesezeit\" \/>\n\t<meta name=\"twitter:data1\" content=\"2\u00a0Minuten\" \/>\n<script type=\"application\/ld+json\" class=\"yoast-schema-graph\">{\"@context\":\"https:\\\/\\\/schema.org\",\"@graph\":[{\"@type\":\"WebPage\",\"@id\":\"https:\\\/\\\/sysmatec.ch\\\/de\\\/Produkt\\\/reinstwasser-labaqua\\\/\",\"url\":\"https:\\\/\\\/sysmatec.ch\\\/de\\\/Produkt\\\/reinstwasser-labaqua\\\/\",\"name\":\"Reinstwasser Labaqua - Sysmatec\",\"isPartOf\":{\"@id\":\"https:\\\/\\\/sysmatec.ch\\\/de\\\/#website\"},\"primaryImageOfPage\":{\"@id\":\"https:\\\/\\\/sysmatec.ch\\\/de\\\/Produkt\\\/reinstwasser-labaqua\\\/#primaryimage\"},\"image\":{\"@id\":\"https:\\\/\\\/sysmatec.ch\\\/de\\\/Produkt\\\/reinstwasser-labaqua\\\/#primaryimage\"},\"thumbnailUrl\":\"https:\\\/\\\/sysmatec.ch\\\/wp-content\\\/uploads\\\/2025\\\/06\\\/EauUltraPure_LabquaBiosan1.jpg\",\"datePublished\":\"2025-06-03T16:17:29+00:00\",\"dateModified\":\"2025-06-03T16:56:28+00:00\",\"description\":\"Wasseraufbereitungssystem mittels Umkehrosmose, Aktivkohle und Ionenaustausch zur Gewinnung von Reinstwasser des Typs I und II.\",\"breadcrumb\":{\"@id\":\"https:\\\/\\\/sysmatec.ch\\\/de\\\/Produkt\\\/reinstwasser-labaqua\\\/#breadcrumb\"},\"inLanguage\":\"de\",\"potentialAction\":[{\"@type\":\"ReadAction\",\"target\":[\"https:\\\/\\\/sysmatec.ch\\\/de\\\/Produkt\\\/reinstwasser-labaqua\\\/\"]}]},{\"@type\":\"ImageObject\",\"inLanguage\":\"de\",\"@id\":\"https:\\\/\\\/sysmatec.ch\\\/de\\\/Produkt\\\/reinstwasser-labaqua\\\/#primaryimage\",\"url\":\"https:\\\/\\\/sysmatec.ch\\\/wp-content\\\/uploads\\\/2025\\\/06\\\/EauUltraPure_LabquaBiosan1.jpg\",\"contentUrl\":\"https:\\\/\\\/sysmatec.ch\\\/wp-content\\\/uploads\\\/2025\\\/06\\\/EauUltraPure_LabquaBiosan1.jpg\",\"width\":508,\"height\":540},{\"@type\":\"BreadcrumbList\",\"@id\":\"https:\\\/\\\/sysmatec.ch\\\/de\\\/Produkt\\\/reinstwasser-labaqua\\\/#breadcrumb\",\"itemListElement\":[{\"@type\":\"ListItem\",\"position\":1,\"name\":\"Accueil\",\"item\":\"https:\\\/\\\/sysmatec.ch\\\/de\\\/\"},{\"@type\":\"ListItem\",\"position\":2,\"name\":\"Die Aktivit\u00e4t von Sysmatec\",\"item\":\"https:\\\/\\\/sysmatec.ch\\\/de\\\/\"},{\"@type\":\"ListItem\",\"position\":3,\"name\":\"Reinstwasser Labaqua\"}]},{\"@type\":\"WebSite\",\"@id\":\"https:\\\/\\\/sysmatec.ch\\\/de\\\/#website\",\"url\":\"https:\\\/\\\/sysmatec.ch\\\/de\\\/\",\"name\":\"Sysmatec\",\"description\":\"Equipement de laboratoire et logiciels\",\"publisher\":{\"@id\":\"https:\\\/\\\/sysmatec.ch\\\/de\\\/#organization\"},\"potentialAction\":[{\"@type\":\"SearchAction\",\"target\":{\"@type\":\"EntryPoint\",\"urlTemplate\":\"https:\\\/\\\/sysmatec.ch\\\/de\\\/?s={search_term_string}\"},\"query-input\":{\"@type\":\"PropertyValueSpecification\",\"valueRequired\":true,\"valueName\":\"search_term_string\"}}],\"inLanguage\":\"de\"},{\"@type\":\"Organization\",\"@id\":\"https:\\\/\\\/sysmatec.ch\\\/de\\\/#organization\",\"name\":\"Sysmatec\",\"url\":\"https:\\\/\\\/sysmatec.ch\\\/de\\\/\",\"logo\":{\"@type\":\"ImageObject\",\"inLanguage\":\"de\",\"@id\":\"https:\\\/\\\/sysmatec.ch\\\/de\\\/#\\\/schema\\\/logo\\\/image\\\/\",\"url\":\"https:\\\/\\\/sysmatec.ch\\\/wp-content\\\/uploads\\\/2018\\\/11\\\/LogoSysmatec.jpg\",\"contentUrl\":\"https:\\\/\\\/sysmatec.ch\\\/wp-content\\\/uploads\\\/2018\\\/11\\\/LogoSysmatec.jpg\",\"width\":301,\"height\":297,\"caption\":\"Sysmatec\"},\"image\":{\"@id\":\"https:\\\/\\\/sysmatec.ch\\\/de\\\/#\\\/schema\\\/logo\\\/image\\\/\"}}]}<\/script>\n<!-- \/ Yoast SEO plugin. -->","yoast_head_json":{"title":"Reinstwasser Labaqua - Sysmatec","description":"Wasseraufbereitungssystem mittels Umkehrosmose, Aktivkohle und Ionenaustausch zur Gewinnung von Reinstwasser des Typs I und II.","robots":{"index":"index","follow":"follow","max-snippet":"max-snippet:-1","max-image-preview":"max-image-preview:large","max-video-preview":"max-video-preview:-1"},"canonical":"https:\/\/sysmatec.ch\/de\/Produkt\/reinstwasser-labaqua\/","og_locale":"de_DE","og_type":"article","og_title":"Reinstwasser Labaqua - Sysmatec","og_description":"Wasseraufbereitungssystem mittels Umkehrosmose, Aktivkohle und Ionenaustausch zur Gewinnung von Reinstwasser des Typs I und II.","og_url":"https:\/\/sysmatec.ch\/de\/Produkt\/reinstwasser-labaqua\/","og_site_name":"Sysmatec","article_modified_time":"2025-06-03T16:56:28+00:00","og_image":[{"width":508,"height":540,"url":"https:\/\/sysmatec.ch\/wp-content\/uploads\/2025\/06\/EauUltraPure_LabquaBiosan1.jpg","type":"image\/jpeg"}],"twitter_card":"summary_large_image","twitter_misc":{"Gesch\u00e4tzte Lesezeit":"2\u00a0Minuten"},"schema":{"@context":"https:\/\/schema.org","@graph":[{"@type":"WebPage","@id":"https:\/\/sysmatec.ch\/de\/Produkt\/reinstwasser-labaqua\/","url":"https:\/\/sysmatec.ch\/de\/Produkt\/reinstwasser-labaqua\/","name":"Reinstwasser Labaqua - Sysmatec","isPartOf":{"@id":"https:\/\/sysmatec.ch\/de\/#website"},"primaryImageOfPage":{"@id":"https:\/\/sysmatec.ch\/de\/Produkt\/reinstwasser-labaqua\/#primaryimage"},"image":{"@id":"https:\/\/sysmatec.ch\/de\/Produkt\/reinstwasser-labaqua\/#primaryimage"},"thumbnailUrl":"https:\/\/sysmatec.ch\/wp-content\/uploads\/2025\/06\/EauUltraPure_LabquaBiosan1.jpg","datePublished":"2025-06-03T16:17:29+00:00","dateModified":"2025-06-03T16:56:28+00:00","description":"Wasseraufbereitungssystem mittels Umkehrosmose, Aktivkohle und Ionenaustausch zur Gewinnung von Reinstwasser des Typs I und II.","breadcrumb":{"@id":"https:\/\/sysmatec.ch\/de\/Produkt\/reinstwasser-labaqua\/#breadcrumb"},"inLanguage":"de","potentialAction":[{"@type":"ReadAction","target":["https:\/\/sysmatec.ch\/de\/Produkt\/reinstwasser-labaqua\/"]}]},{"@type":"ImageObject","inLanguage":"de","@id":"https:\/\/sysmatec.ch\/de\/Produkt\/reinstwasser-labaqua\/#primaryimage","url":"https:\/\/sysmatec.ch\/wp-content\/uploads\/2025\/06\/EauUltraPure_LabquaBiosan1.jpg","contentUrl":"https:\/\/sysmatec.ch\/wp-content\/uploads\/2025\/06\/EauUltraPure_LabquaBiosan1.jpg","width":508,"height":540},{"@type":"BreadcrumbList","@id":"https:\/\/sysmatec.ch\/de\/Produkt\/reinstwasser-labaqua\/#breadcrumb","itemListElement":[{"@type":"ListItem","position":1,"name":"Accueil","item":"https:\/\/sysmatec.ch\/de\/"},{"@type":"ListItem","position":2,"name":"Die Aktivit\u00e4t von Sysmatec","item":"https:\/\/sysmatec.ch\/de\/"},{"@type":"ListItem","position":3,"name":"Reinstwasser Labaqua"}]},{"@type":"WebSite","@id":"https:\/\/sysmatec.ch\/de\/#website","url":"https:\/\/sysmatec.ch\/de\/","name":"Sysmatec","description":"Equipement de laboratoire et logiciels","publisher":{"@id":"https:\/\/sysmatec.ch\/de\/#organization"},"potentialAction":[{"@type":"SearchAction","target":{"@type":"EntryPoint","urlTemplate":"https:\/\/sysmatec.ch\/de\/?s={search_term_string}"},"query-input":{"@type":"PropertyValueSpecification","valueRequired":true,"valueName":"search_term_string"}}],"inLanguage":"de"},{"@type":"Organization","@id":"https:\/\/sysmatec.ch\/de\/#organization","name":"Sysmatec","url":"https:\/\/sysmatec.ch\/de\/","logo":{"@type":"ImageObject","inLanguage":"de","@id":"https:\/\/sysmatec.ch\/de\/#\/schema\/logo\/image\/","url":"https:\/\/sysmatec.ch\/wp-content\/uploads\/2018\/11\/LogoSysmatec.jpg","contentUrl":"https:\/\/sysmatec.ch\/wp-content\/uploads\/2018\/11\/LogoSysmatec.jpg","width":301,"height":297,"caption":"Sysmatec"},"image":{"@id":"https:\/\/sysmatec.ch\/de\/#\/schema\/logo\/image\/"}}]}},"_links":{"self":[{"href":"https:\/\/sysmatec.ch\/de\/wp-json\/wp\/v2\/product\/30627","targetHints":{"allow":["GET"]}}],"collection":[{"href":"https:\/\/sysmatec.ch\/de\/wp-json\/wp\/v2\/product"}],"about":[{"href":"https:\/\/sysmatec.ch\/de\/wp-json\/wp\/v2\/types\/product"}],"wp:featuredmedia":[{"embeddable":true,"href":"https:\/\/sysmatec.ch\/de\/wp-json\/wp\/v2\/media\/30637"}],"wp:attachment":[{"href":"https:\/\/sysmatec.ch\/de\/wp-json\/wp\/v2\/media?parent=30627"}],"wp:term":[{"taxonomy":"product_brand","embeddable":true,"href":"https:\/\/sysmatec.ch\/de\/wp-json\/wp\/v2\/product_brand?post=30627"},{"taxonomy":"product_cat","embeddable":true,"href":"https:\/\/sysmatec.ch\/de\/wp-json\/wp\/v2\/product_cat?post=30627"},{"taxonomy":"product_tag","embeddable":true,"href":"https:\/\/sysmatec.ch\/de\/wp-json\/wp\/v2\/product_tag?post=30627"}],"curies":[{"name":"wp","href":"https:\/\/api.w.org\/{rel}","templated":true}]}}