{"id":30618,"date":"2025-05-15T11:50:30","date_gmt":"2025-05-15T09:50:30","guid":{"rendered":"https:\/\/sysmatec.ch\/?post_type=product&#038;p=30618"},"modified":"2025-05-15T12:17:25","modified_gmt":"2025-05-15T10:17:25","slug":"compact-co2-inkubator-biotherm-s-bt-smart","status":"publish","type":"product","link":"https:\/\/sysmatec.ch\/de\/Produkt\/compact-co2-inkubator-biotherm-s-bt-smart\/","title":{"rendered":"Compact CO2-Inkubator Biotherm S-Bt Smart"},"content":{"rendered":"<p>Dieser CO2-Inkubator ist ein ideales Werkzeug f\u00fcr Zellkulturen. Die Heizelemente befinden sich an den W\u00e4nden und an der T\u00fcr und gew\u00e4hrleisten eine hervorragende, gleichm\u00e4\u00dfige Temperaturverteilung auf 6 Seiten, unabh\u00e4ngig von \u00e4u\u00dferen Faktoren wie der Au\u00dfentemperatur und der Position des Ger\u00e4ts.<\/p>\n<p>Ein integrierter Infrarotsensor erm\u00f6glicht eine pr\u00e4zise \u00dcberwachung des CO2-Gehalts. Dieser Sensor macht die Messung unempfindlich gegen\u00fcber Temperatur- und Feuchtigkeitsschwankungen im Inkubator.<\/p>\n<p>Die Kammer besteht aus leicht zu reinigendem Edelstahl.<\/p>\n<p>Der Inkubator ist mit einem Luftumw\u00e4lzsystem und einer UV-Lampe hinter einer Wand ausgestattet, wodurch die Dekontamination des Arbeitsvolumens gew\u00e4hrleistet wird.<\/p>\n<p>Zur einfacheren Durchf\u00fchrung von Kabeln ist in die Wand des Inkubators eine \u00d6ffnung integriert. Dieser Anschluss wird unabh\u00e4ngig beheizt, um die Bildung von Kondenswasser zu verhindern.<\/p>\n<p>Das Ger\u00e4t ist mit einem Speicher zur Aufzeichnung von Temperatur, Luftfeuchtigkeit und CO2-Konzentration sowie T\u00fcr\u00f6ffnungs-, UV-Lampen-, L\u00fcfter- und Fehlerzust\u00e4nden ausgestattet.<\/p>\n<p>Auch eine Bluetooth-Verbindung zu einem PC ist m\u00f6glich.<\/p>\n<h2>Merkmale<\/h2>\n<table class=\"specification-table\">\n<tbody>\n<tr class=\"product-spec\">\n<th>Arbeitskammermaterial<\/th>\n<td>Edelstahl (1 mm)<\/td>\n<\/tr>\n<tr class=\"product-spec\">\n<th>Temperatur-Einstellbereich<\/th>\n<td>+25\u00b0C &#8230; +60\u00b0C<\/td>\n<\/tr>\n<tr class=\"product-spec\">\n<th>Stabilit\u00e4t<\/th>\n<td>\u00b10.1\u00b0C<\/td>\n<\/tr>\n<tr class=\"product-spec\">\n<th>Temperaturgleichm\u00e4\u00dfigkeit bei +37\u00b0C<\/th>\n<td>\u00b10.3\u00b0C<\/td>\n<\/tr>\n<tr class=\"product-spec\">\n<th>Arbeitsvolumen<\/th>\n<td>46 Liter<\/td>\n<\/tr>\n<tr class=\"product-spec\">\n<th>Anzahl der Einlegeb\u00f6den<\/th>\n<td>3 (max. 6)<\/td>\n<\/tr>\n<tr class=\"product-spec\">\n<th>Innent\u00fcr<\/th>\n<td>Glas<\/td>\n<\/tr>\n<tr class=\"product-spec\">\n<th>Relative Feuchte<\/th>\n<td>&gt; 90 % @ 37 \u00b0C<\/td>\n<\/tr>\n<tr class=\"product-spec\">\n<th>Feuchteabgabe<\/th>\n<td>Wasserbad<\/td>\n<\/tr>\n<tr class=\"product-spec\">\n<th>CO2-Steuerungsbereich*<\/th>\n<td>0 \u2013 20%<\/td>\n<\/tr>\n<tr class=\"product-spec\">\n<th>*Bei der eingestellten Temperatur von Umgebungstemperatur bis 50 \u00b0C<\/th>\n<td>+<\/td>\n<\/tr>\n<tr class=\"product-spec\">\n<th>CO2-Sensor<\/th>\n<td>Infrarotsensor<\/td>\n<\/tr>\n<tr class=\"product-spec\">\n<th>Temperatur- und CO2-Werteingabe<\/th>\n<td>Digital<\/td>\n<\/tr>\n<tr class=\"product-spec\">\n<th>UV-Lampe<\/th>\n<td>1 \u00d7 6 W, TUV G6T5<\/td>\n<\/tr>\n<tr class=\"product-spec\">\n<th>Daten\u00fcbertragung<\/th>\n<td>Kabellos<\/td>\n<\/tr>\n<tr class=\"product-spec\">\n<th>Zugangsport<\/th>\n<td>1 (\u00f8 26 mm)<\/td>\n<\/tr>\n<tr class=\"product-spec\">\n<th>Erforderliches PC-System<\/th>\n<td>Intel\/AMD Processor, 1 GB RAM, Windows Vista\/7\/8\/8.1\/10, USB, Bluetooth<\/td>\n<\/tr>\n<tr class=\"product-spec\">\n<th>Innere Kammerabmessungen<\/th>\n<td>350 \u00d7 330 \u00d7 390 mm<\/td>\n<\/tr>\n<tr class=\"product-spec\">\n<th>Gesamtabmessungen (B x T x H)<\/th>\n<td>500 \u00d7 560 \u00d7 550 mm<\/td>\n<\/tr>\n<tr class=\"product-spec\">\n<th>Gewicht<\/th>\n<td>37.7 kg<\/td>\n<\/tr>\n<tr class=\"product-spec\">\n<th>Stromverbrauch<\/th>\n<td>600 W<\/td>\n<\/tr>\n<tr class=\"product-spec\">\n<th>Betriebsnennspannung<\/th>\n<td>230V, 50\/60 Hz; 115 V, 50\/60 Hz<\/td>\n<\/tr>\n<\/tbody>\n<\/table>\n","protected":false},"excerpt":{"rendered":"<p>Kompakter CO2-Inkubator f\u00fcr Temperaturen bis 65 \u00b0C.<\/p>\n","protected":false},"featured_media":30622,"template":"","meta":{"_crdt_document":""},"product_brand":[],"product_cat":[105],"product_tag":[],"class_list":{"0":"post-30618","1":"product","2":"type-product","3":"status-publish","4":"has-post-thumbnail","6":"product_cat-inkubator","8":"first","9":"instock","10":"taxable","11":"shipping-taxable","12":"product-type-simple"},"yoast_head":"<!-- This site is optimized with the Yoast SEO plugin v27.3 - https:\/\/yoast.com\/product\/yoast-seo-wordpress\/ -->\n<title>Compact CO2-Inkubator Biotherm S-Bt Smart - Sysmatec<\/title>\n<meta name=\"description\" content=\"Kompakter CO2-Inkubator f\u00fcr Temperaturen bis 65 \u00b0C. Es verf\u00fcgt \u00fcber eine Bel\u00fcftung und eine UV-Lampe zur Dekontamination.\" \/>\n<meta name=\"robots\" content=\"index, follow, max-snippet:-1, max-image-preview:large, max-video-preview:-1\" \/>\n<link rel=\"canonical\" href=\"https:\/\/sysmatec.ch\/de\/Produkt\/compact-co2-inkubator-biotherm-s-bt-smart\/\" \/>\n<meta property=\"og:locale\" content=\"de_DE\" \/>\n<meta property=\"og:type\" content=\"article\" \/>\n<meta property=\"og:title\" content=\"Compact CO2-Inkubator Biotherm S-Bt Smart - Sysmatec\" \/>\n<meta property=\"og:description\" content=\"Kompakter CO2-Inkubator f\u00fcr Temperaturen bis 65 \u00b0C. Es verf\u00fcgt \u00fcber eine Bel\u00fcftung und eine UV-Lampe zur Dekontamination.\" \/>\n<meta property=\"og:url\" content=\"https:\/\/sysmatec.ch\/de\/Produkt\/compact-co2-inkubator-biotherm-s-bt-smart\/\" \/>\n<meta property=\"og:site_name\" content=\"Sysmatec\" \/>\n<meta property=\"article:modified_time\" content=\"2025-05-15T10:17:25+00:00\" \/>\n<meta property=\"og:image\" content=\"https:\/\/sysmatec.ch\/wp-content\/uploads\/2025\/05\/IncubateurCO2_SmartBiothermBiosan.jpg\" \/>\n\t<meta property=\"og:image:width\" content=\"491\" \/>\n\t<meta property=\"og:image:height\" content=\"522\" \/>\n\t<meta property=\"og:image:type\" content=\"image\/jpeg\" \/>\n<meta name=\"twitter:card\" content=\"summary_large_image\" \/>\n<meta name=\"twitter:label1\" content=\"Gesch\u00e4tzte Lesezeit\" \/>\n\t<meta name=\"twitter:data1\" content=\"2\u00a0Minuten\" \/>\n<script type=\"application\/ld+json\" class=\"yoast-schema-graph\">{\"@context\":\"https:\\\/\\\/schema.org\",\"@graph\":[{\"@type\":\"WebPage\",\"@id\":\"https:\\\/\\\/sysmatec.ch\\\/de\\\/Produkt\\\/compact-co2-inkubator-biotherm-s-bt-smart\\\/\",\"url\":\"https:\\\/\\\/sysmatec.ch\\\/de\\\/Produkt\\\/compact-co2-inkubator-biotherm-s-bt-smart\\\/\",\"name\":\"Compact CO2-Inkubator Biotherm S-Bt Smart - Sysmatec\",\"isPartOf\":{\"@id\":\"https:\\\/\\\/sysmatec.ch\\\/de\\\/#website\"},\"primaryImageOfPage\":{\"@id\":\"https:\\\/\\\/sysmatec.ch\\\/de\\\/Produkt\\\/compact-co2-inkubator-biotherm-s-bt-smart\\\/#primaryimage\"},\"image\":{\"@id\":\"https:\\\/\\\/sysmatec.ch\\\/de\\\/Produkt\\\/compact-co2-inkubator-biotherm-s-bt-smart\\\/#primaryimage\"},\"thumbnailUrl\":\"https:\\\/\\\/sysmatec.ch\\\/wp-content\\\/uploads\\\/2025\\\/05\\\/IncubateurCO2_SmartBiothermBiosan.jpg\",\"datePublished\":\"2025-05-15T09:50:30+00:00\",\"dateModified\":\"2025-05-15T10:17:25+00:00\",\"description\":\"Kompakter CO2-Inkubator f\u00fcr Temperaturen bis 65 \u00b0C. Es verf\u00fcgt \u00fcber eine Bel\u00fcftung und eine UV-Lampe zur Dekontamination.\",\"breadcrumb\":{\"@id\":\"https:\\\/\\\/sysmatec.ch\\\/de\\\/Produkt\\\/compact-co2-inkubator-biotherm-s-bt-smart\\\/#breadcrumb\"},\"inLanguage\":\"de\",\"potentialAction\":[{\"@type\":\"ReadAction\",\"target\":[\"https:\\\/\\\/sysmatec.ch\\\/de\\\/Produkt\\\/compact-co2-inkubator-biotherm-s-bt-smart\\\/\"]}]},{\"@type\":\"ImageObject\",\"inLanguage\":\"de\",\"@id\":\"https:\\\/\\\/sysmatec.ch\\\/de\\\/Produkt\\\/compact-co2-inkubator-biotherm-s-bt-smart\\\/#primaryimage\",\"url\":\"https:\\\/\\\/sysmatec.ch\\\/wp-content\\\/uploads\\\/2025\\\/05\\\/IncubateurCO2_SmartBiothermBiosan.jpg\",\"contentUrl\":\"https:\\\/\\\/sysmatec.ch\\\/wp-content\\\/uploads\\\/2025\\\/05\\\/IncubateurCO2_SmartBiothermBiosan.jpg\",\"width\":491,\"height\":522},{\"@type\":\"BreadcrumbList\",\"@id\":\"https:\\\/\\\/sysmatec.ch\\\/de\\\/Produkt\\\/compact-co2-inkubator-biotherm-s-bt-smart\\\/#breadcrumb\",\"itemListElement\":[{\"@type\":\"ListItem\",\"position\":1,\"name\":\"Accueil\",\"item\":\"https:\\\/\\\/sysmatec.ch\\\/de\\\/\"},{\"@type\":\"ListItem\",\"position\":2,\"name\":\"Die Aktivit\u00e4t von Sysmatec\",\"item\":\"https:\\\/\\\/sysmatec.ch\\\/de\\\/\"},{\"@type\":\"ListItem\",\"position\":3,\"name\":\"Compact CO2-Inkubator Biotherm S-Bt Smart\"}]},{\"@type\":\"WebSite\",\"@id\":\"https:\\\/\\\/sysmatec.ch\\\/de\\\/#website\",\"url\":\"https:\\\/\\\/sysmatec.ch\\\/de\\\/\",\"name\":\"Sysmatec\",\"description\":\"Equipement de laboratoire et logiciels\",\"publisher\":{\"@id\":\"https:\\\/\\\/sysmatec.ch\\\/de\\\/#organization\"},\"potentialAction\":[{\"@type\":\"SearchAction\",\"target\":{\"@type\":\"EntryPoint\",\"urlTemplate\":\"https:\\\/\\\/sysmatec.ch\\\/de\\\/?s={search_term_string}\"},\"query-input\":{\"@type\":\"PropertyValueSpecification\",\"valueRequired\":true,\"valueName\":\"search_term_string\"}}],\"inLanguage\":\"de\"},{\"@type\":\"Organization\",\"@id\":\"https:\\\/\\\/sysmatec.ch\\\/de\\\/#organization\",\"name\":\"Sysmatec\",\"url\":\"https:\\\/\\\/sysmatec.ch\\\/de\\\/\",\"logo\":{\"@type\":\"ImageObject\",\"inLanguage\":\"de\",\"@id\":\"https:\\\/\\\/sysmatec.ch\\\/de\\\/#\\\/schema\\\/logo\\\/image\\\/\",\"url\":\"https:\\\/\\\/sysmatec.ch\\\/wp-content\\\/uploads\\\/2018\\\/11\\\/LogoSysmatec.jpg\",\"contentUrl\":\"https:\\\/\\\/sysmatec.ch\\\/wp-content\\\/uploads\\\/2018\\\/11\\\/LogoSysmatec.jpg\",\"width\":301,\"height\":297,\"caption\":\"Sysmatec\"},\"image\":{\"@id\":\"https:\\\/\\\/sysmatec.ch\\\/de\\\/#\\\/schema\\\/logo\\\/image\\\/\"}}]}<\/script>\n<!-- \/ Yoast SEO plugin. -->","yoast_head_json":{"title":"Compact CO2-Inkubator Biotherm S-Bt Smart - Sysmatec","description":"Kompakter CO2-Inkubator f\u00fcr Temperaturen bis 65 \u00b0C. Es verf\u00fcgt \u00fcber eine Bel\u00fcftung und eine UV-Lampe zur Dekontamination.","robots":{"index":"index","follow":"follow","max-snippet":"max-snippet:-1","max-image-preview":"max-image-preview:large","max-video-preview":"max-video-preview:-1"},"canonical":"https:\/\/sysmatec.ch\/de\/Produkt\/compact-co2-inkubator-biotherm-s-bt-smart\/","og_locale":"de_DE","og_type":"article","og_title":"Compact CO2-Inkubator Biotherm S-Bt Smart - Sysmatec","og_description":"Kompakter CO2-Inkubator f\u00fcr Temperaturen bis 65 \u00b0C. Es verf\u00fcgt \u00fcber eine Bel\u00fcftung und eine UV-Lampe zur Dekontamination.","og_url":"https:\/\/sysmatec.ch\/de\/Produkt\/compact-co2-inkubator-biotherm-s-bt-smart\/","og_site_name":"Sysmatec","article_modified_time":"2025-05-15T10:17:25+00:00","og_image":[{"width":491,"height":522,"url":"https:\/\/sysmatec.ch\/wp-content\/uploads\/2025\/05\/IncubateurCO2_SmartBiothermBiosan.jpg","type":"image\/jpeg"}],"twitter_card":"summary_large_image","twitter_misc":{"Gesch\u00e4tzte Lesezeit":"2\u00a0Minuten"},"schema":{"@context":"https:\/\/schema.org","@graph":[{"@type":"WebPage","@id":"https:\/\/sysmatec.ch\/de\/Produkt\/compact-co2-inkubator-biotherm-s-bt-smart\/","url":"https:\/\/sysmatec.ch\/de\/Produkt\/compact-co2-inkubator-biotherm-s-bt-smart\/","name":"Compact CO2-Inkubator Biotherm S-Bt Smart - Sysmatec","isPartOf":{"@id":"https:\/\/sysmatec.ch\/de\/#website"},"primaryImageOfPage":{"@id":"https:\/\/sysmatec.ch\/de\/Produkt\/compact-co2-inkubator-biotherm-s-bt-smart\/#primaryimage"},"image":{"@id":"https:\/\/sysmatec.ch\/de\/Produkt\/compact-co2-inkubator-biotherm-s-bt-smart\/#primaryimage"},"thumbnailUrl":"https:\/\/sysmatec.ch\/wp-content\/uploads\/2025\/05\/IncubateurCO2_SmartBiothermBiosan.jpg","datePublished":"2025-05-15T09:50:30+00:00","dateModified":"2025-05-15T10:17:25+00:00","description":"Kompakter CO2-Inkubator f\u00fcr Temperaturen bis 65 \u00b0C. Es verf\u00fcgt \u00fcber eine Bel\u00fcftung und eine UV-Lampe zur Dekontamination.","breadcrumb":{"@id":"https:\/\/sysmatec.ch\/de\/Produkt\/compact-co2-inkubator-biotherm-s-bt-smart\/#breadcrumb"},"inLanguage":"de","potentialAction":[{"@type":"ReadAction","target":["https:\/\/sysmatec.ch\/de\/Produkt\/compact-co2-inkubator-biotherm-s-bt-smart\/"]}]},{"@type":"ImageObject","inLanguage":"de","@id":"https:\/\/sysmatec.ch\/de\/Produkt\/compact-co2-inkubator-biotherm-s-bt-smart\/#primaryimage","url":"https:\/\/sysmatec.ch\/wp-content\/uploads\/2025\/05\/IncubateurCO2_SmartBiothermBiosan.jpg","contentUrl":"https:\/\/sysmatec.ch\/wp-content\/uploads\/2025\/05\/IncubateurCO2_SmartBiothermBiosan.jpg","width":491,"height":522},{"@type":"BreadcrumbList","@id":"https:\/\/sysmatec.ch\/de\/Produkt\/compact-co2-inkubator-biotherm-s-bt-smart\/#breadcrumb","itemListElement":[{"@type":"ListItem","position":1,"name":"Accueil","item":"https:\/\/sysmatec.ch\/de\/"},{"@type":"ListItem","position":2,"name":"Die Aktivit\u00e4t von Sysmatec","item":"https:\/\/sysmatec.ch\/de\/"},{"@type":"ListItem","position":3,"name":"Compact CO2-Inkubator Biotherm S-Bt Smart"}]},{"@type":"WebSite","@id":"https:\/\/sysmatec.ch\/de\/#website","url":"https:\/\/sysmatec.ch\/de\/","name":"Sysmatec","description":"Equipement de laboratoire et logiciels","publisher":{"@id":"https:\/\/sysmatec.ch\/de\/#organization"},"potentialAction":[{"@type":"SearchAction","target":{"@type":"EntryPoint","urlTemplate":"https:\/\/sysmatec.ch\/de\/?s={search_term_string}"},"query-input":{"@type":"PropertyValueSpecification","valueRequired":true,"valueName":"search_term_string"}}],"inLanguage":"de"},{"@type":"Organization","@id":"https:\/\/sysmatec.ch\/de\/#organization","name":"Sysmatec","url":"https:\/\/sysmatec.ch\/de\/","logo":{"@type":"ImageObject","inLanguage":"de","@id":"https:\/\/sysmatec.ch\/de\/#\/schema\/logo\/image\/","url":"https:\/\/sysmatec.ch\/wp-content\/uploads\/2018\/11\/LogoSysmatec.jpg","contentUrl":"https:\/\/sysmatec.ch\/wp-content\/uploads\/2018\/11\/LogoSysmatec.jpg","width":301,"height":297,"caption":"Sysmatec"},"image":{"@id":"https:\/\/sysmatec.ch\/de\/#\/schema\/logo\/image\/"}}]}},"_links":{"self":[{"href":"https:\/\/sysmatec.ch\/de\/wp-json\/wp\/v2\/product\/30618","targetHints":{"allow":["GET"]}}],"collection":[{"href":"https:\/\/sysmatec.ch\/de\/wp-json\/wp\/v2\/product"}],"about":[{"href":"https:\/\/sysmatec.ch\/de\/wp-json\/wp\/v2\/types\/product"}],"wp:featuredmedia":[{"embeddable":true,"href":"https:\/\/sysmatec.ch\/de\/wp-json\/wp\/v2\/media\/30622"}],"wp:attachment":[{"href":"https:\/\/sysmatec.ch\/de\/wp-json\/wp\/v2\/media?parent=30618"}],"wp:term":[{"taxonomy":"product_brand","embeddable":true,"href":"https:\/\/sysmatec.ch\/de\/wp-json\/wp\/v2\/product_brand?post=30618"},{"taxonomy":"product_cat","embeddable":true,"href":"https:\/\/sysmatec.ch\/de\/wp-json\/wp\/v2\/product_cat?post=30618"},{"taxonomy":"product_tag","embeddable":true,"href":"https:\/\/sysmatec.ch\/de\/wp-json\/wp\/v2\/product_tag?post=30618"}],"curies":[{"name":"wp","href":"https:\/\/api.w.org\/{rel}","templated":true}]}}