{"id":30602,"date":"2025-05-13T15:18:39","date_gmt":"2025-05-13T13:18:39","guid":{"rendered":"https:\/\/sysmatec.ch\/?post_type=product&#038;p=30602"},"modified":"2025-05-13T15:49:32","modified_gmt":"2025-05-13T13:49:32","slug":"ruehrwerk-microstar-30","status":"publish","type":"product","link":"https:\/\/sysmatec.ch\/de\/Produkt\/ruehrwerk-microstar-30\/","title":{"rendered":"R\u00fchrwerk Microstar 30"},"content":{"rendered":"<p>Diese Laborr\u00fchrer garantieren ein konstantes Drehmoment \u00fcber den gesamten Drehzahlbereich. Die neuen Ger\u00e4te gibt es in sechs verschiedenen Modellen mit Drehzahlen bis zu 500 U\/min. und einem maximalen Drehmoment von 80 Ncm. Die Steuerung erfolgt \u00fcber einen Drucktaster. Das Display zeigt die Drehzahl deutlich an. \u00dcber eine USB-Schnittstelle lassen sich regelm\u00e4\u00dfige Software-Updates schnell und einfach durchf\u00fchren.<\/p>\n<h2>Merkmale<\/h2>\n<table id=\"tech_data\" cellspacing=\"0\" cellpadding=\"0\">\n<tbody>\n<tr class=\"ika-flex-table-row\">\n<td class=\"ika-flex-table-column\">R\u00fchrmenge max. pro R\u00fchrstelle (H2O)<\/td>\n<td class=\"ika-flex-table-column\">20 l<\/td>\n<\/tr>\n<tr class=\"ika-flex-table-row\">\n<td class=\"ika-flex-table-column\">Motorleistung Aufnahme<\/td>\n<td class=\"ika-flex-table-column\">32 W<\/td>\n<\/tr>\n<tr class=\"ika-flex-table-row\">\n<td class=\"ika-flex-table-column\">Motorleistung Abgabe<\/td>\n<td class=\"ika-flex-table-column\">22 W<\/td>\n<\/tr>\n<tr class=\"ika-flex-table-row\">\n<td class=\"ika-flex-table-column\">Motorprinzip<\/td>\n<td class=\"ika-flex-table-column\">B\u00fcrstenlos Gleichstrom<\/td>\n<\/tr>\n<tr class=\"ika-flex-table-row\">\n<td class=\"ika-flex-table-column\">Drehzahlanzeige<\/td>\n<td class=\"ika-flex-table-column\">LED<\/td>\n<\/tr>\n<tr class=\"ika-flex-table-row\">\n<td class=\"ika-flex-table-column\">Drehzahlbereich<\/td>\n<td class=\"ika-flex-table-column\">0\/50 &#8211; 500 rpm<\/td>\n<\/tr>\n<tr class=\"ika-flex-table-row\">\n<td class=\"ika-flex-table-column\">Viskosit\u00e4t max.<\/td>\n<td class=\"ika-flex-table-column\">20000 mPas<\/td>\n<\/tr>\n<tr class=\"ika-flex-table-row\">\n<td class=\"ika-flex-table-column\">Leistung max. an der R\u00fchrwelle<\/td>\n<td class=\"ika-flex-table-column\">15.7 W<\/td>\n<\/tr>\n<tr class=\"ika-flex-table-row\">\n<td class=\"ika-flex-table-column\">Zul\u00e4ssige Einschaltdauer<\/td>\n<td class=\"ika-flex-table-column\">100 %<\/td>\n<\/tr>\n<tr class=\"ika-flex-table-row\">\n<td class=\"ika-flex-table-column\">Drehmoment max. an der R\u00fchrwelle<\/td>\n<td class=\"ika-flex-table-column\">30 Ncm<\/td>\n<\/tr>\n<tr class=\"ika-flex-table-row\">\n<td class=\"ika-flex-table-column\">Einstellm\u00f6glichkeit Drehzahl<\/td>\n<td class=\"ika-flex-table-column\">Drehknopf<\/td>\n<\/tr>\n<tr class=\"ika-flex-table-row\">\n<td class=\"ika-flex-table-column\">Einstellgenauigkeit Drehzahl<\/td>\n<td class=\"ika-flex-table-column\">\u00b11 rpm<\/td>\n<\/tr>\n<tr class=\"ika-flex-table-row\">\n<td class=\"ika-flex-table-column\">Abweichung Drehzahlmessung n &gt; 300rpm<\/td>\n<td class=\"ika-flex-table-column\">\u00b11 %<\/td>\n<\/tr>\n<tr class=\"ika-flex-table-row\">\n<td class=\"ika-flex-table-column\">Abweichung Drehzahlmessung n &lt; 300rpm<\/td>\n<td class=\"ika-flex-table-column\">\u00b13 rpm<\/td>\n<\/tr>\n<tr class=\"ika-flex-table-row\">\n<td class=\"ika-flex-table-column\">R\u00fchrwerkzeugbesfestigung<\/td>\n<td class=\"ika-flex-table-column\">Spannfutter<\/td>\n<\/tr>\n<tr class=\"ika-flex-table-row\">\n<td class=\"ika-flex-table-column\">Spannfutter-Spannbereich<\/td>\n<td class=\"ika-flex-table-column\">0.5 &#8211; 8.2 mm<\/td>\n<\/tr>\n<tr class=\"ika-flex-table-row\">\n<td class=\"ika-flex-table-column\">Hohlwelle, Innendurchmesser<\/td>\n<td class=\"ika-flex-table-column\">8.5 mm<\/td>\n<\/tr>\n<tr class=\"ika-flex-table-row\">\n<td class=\"ika-flex-table-column\">Hohlwelle (durchsteckbar &#8211; im Stillstand)<\/td>\n<td class=\"ika-flex-table-column\">ja<\/td>\n<\/tr>\n<tr class=\"ika-flex-table-row\">\n<td class=\"ika-flex-table-column\">Befestigung am Stativ<\/td>\n<td class=\"ika-flex-table-column\">Ausleger<\/td>\n<\/tr>\n<tr class=\"ika-flex-table-row\">\n<td class=\"ika-flex-table-column\">Auslegerdurchmesser<\/td>\n<td class=\"ika-flex-table-column\">13 mm<\/td>\n<\/tr>\n<tr class=\"ika-flex-table-row\">\n<td class=\"ika-flex-table-column\">Auslegerl\u00e4nge<\/td>\n<td class=\"ika-flex-table-column\">160 mm<\/td>\n<\/tr>\n<tr class=\"ika-flex-table-row\">\n<td class=\"ika-flex-table-column\">Nenndrehmoment<\/td>\n<td class=\"ika-flex-table-column\">0.3 Nm<\/td>\n<\/tr>\n<tr class=\"ika-flex-table-row\">\n<td class=\"ika-flex-table-column\">Anzeige Zeitschaltuhr<\/td>\n<td class=\"ika-flex-table-column\">keine<\/td>\n<\/tr>\n<tr class=\"ika-flex-table-row\">\n<td class=\"ika-flex-table-column\">Geh\u00e4usewerkstoff<\/td>\n<td class=\"ika-flex-table-column\">Alu-Guss beschichtet \/ thermoplastischer Kunststoff<\/td>\n<\/tr>\n<tr class=\"ika-flex-table-row\">\n<td class=\"ika-flex-table-column\">Abmessungen (B x H x T)<\/td>\n<td class=\"ika-flex-table-column\">60 x 173 x 126 mm<\/td>\n<\/tr>\n<tr class=\"ika-flex-table-row\">\n<td class=\"ika-flex-table-column\">Gewicht<\/td>\n<td class=\"ika-flex-table-column\">1.26 kg<\/td>\n<\/tr>\n<tr class=\"ika-flex-table-row\">\n<td class=\"ika-flex-table-column\">Zul\u00e4ssiger Umgebungstemperaturbereich<\/td>\n<td class=\"ika-flex-table-column\">5 &#8211; 40 \u00b0C<\/td>\n<\/tr>\n<tr class=\"ika-flex-table-row\">\n<td class=\"ika-flex-table-column\">Zul\u00e4ssige Relative Feuchte<\/td>\n<td class=\"ika-flex-table-column\">80 %<\/td>\n<\/tr>\n<tr class=\"ika-flex-table-row\">\n<td class=\"ika-flex-table-column\">Schutzart nach DIN EN 60529<\/td>\n<td class=\"ika-flex-table-column\">IP 54<\/td>\n<\/tr>\n<tr class=\"ika-flex-table-row\">\n<td class=\"ika-flex-table-column\">USB Schnittstelle<\/td>\n<td class=\"ika-flex-table-column\">Micro-USB<\/td>\n<\/tr>\n<tr class=\"ika-flex-table-row\">\n<td class=\"ika-flex-table-column\">Spannung<\/td>\n<td class=\"ika-flex-table-column\">100 &#8211; 240 V<\/td>\n<\/tr>\n<tr class=\"ika-flex-table-row\">\n<td class=\"ika-flex-table-column\">Frequenz<\/td>\n<td class=\"ika-flex-table-column\">50\/60 Hz<\/td>\n<\/tr>\n<tr class=\"ika-flex-table-row\">\n<td class=\"ika-flex-table-column\">Ger\u00e4teaufnahmeleistung<\/td>\n<td class=\"ika-flex-table-column\">32 W<\/td>\n<\/tr>\n<tr class=\"ika-flex-table-row\">\n<td class=\"ika-flex-table-column\">Ger\u00e4teaufnahmeleistung Standby<\/td>\n<td class=\"ika-flex-table-column\">0.3 W<\/td>\n<\/tr>\n<tr class=\"ika-flex-table-row\">\n<td class=\"ika-flex-table-column\">Gleichspannung<\/td>\n<td class=\"ika-flex-table-column\">24 V=<\/td>\n<\/tr>\n<tr class=\"ika-flex-table-row\">\n<td class=\"ika-flex-table-column\">Stromaufnahme<\/td>\n<td class=\"ika-flex-table-column\">1300 mA<\/td>\n<\/tr>\n<\/tbody>\n<\/table>\n","protected":false},"excerpt":{"rendered":"<p>Laborr\u00fchrer 0 bis 500 U\/min \/ 20 L<\/p>\n","protected":false},"featured_media":30606,"template":"","meta":{"_crdt_document":""},"product_brand":[],"product_cat":[95,87],"product_tag":[],"class_list":{"0":"post-30602","1":"product","2":"type-product","3":"status-publish","4":"has-post-thumbnail","6":"product_cat-motor-de","7":"product_cat-ruehren","9":"first","10":"instock","11":"taxable","12":"shipping-taxable","13":"purchasable","14":"product-type-simple"},"yoast_head":"<!-- This site is optimized with the Yoast SEO plugin v27.3 - https:\/\/yoast.com\/product\/yoast-seo-wordpress\/ -->\n<title>R\u00fchrwerk Microstar 30 - Sysmatec<\/title>\n<meta name=\"description\" content=\"Laborr\u00fchrmotor. Wellenleistung 16 W. Drehzahl 0 bis 500 U\/min. Maximales Drehmoment an der Welle 30 Ncm. Maximales Volumen 20\" \/>\n<meta name=\"robots\" content=\"index, follow, max-snippet:-1, max-image-preview:large, max-video-preview:-1\" \/>\n<link rel=\"canonical\" href=\"https:\/\/sysmatec.ch\/de\/Produkt\/ruehrwerk-microstar-30\/\" \/>\n<meta property=\"og:locale\" content=\"de_DE\" \/>\n<meta property=\"og:type\" content=\"article\" \/>\n<meta property=\"og:title\" content=\"R\u00fchrwerk Microstar 30 - Sysmatec\" \/>\n<meta property=\"og:description\" content=\"Laborr\u00fchrmotor. Wellenleistung 16 W. Drehzahl 0 bis 500 U\/min. Maximales Drehmoment an der Welle 30 Ncm. Maximales Volumen 20\" \/>\n<meta property=\"og:url\" content=\"https:\/\/sysmatec.ch\/de\/Produkt\/ruehrwerk-microstar-30\/\" \/>\n<meta property=\"og:site_name\" content=\"Sysmatec\" \/>\n<meta property=\"article:modified_time\" content=\"2025-05-13T13:49:32+00:00\" \/>\n<meta property=\"og:image\" content=\"https:\/\/sysmatec.ch\/wp-content\/uploads\/2025\/05\/Agitateur_Microstar30.jpg\" \/>\n\t<meta property=\"og:image:width\" content=\"668\" \/>\n\t<meta property=\"og:image:height\" content=\"739\" \/>\n\t<meta property=\"og:image:type\" content=\"image\/jpeg\" \/>\n<meta name=\"twitter:card\" content=\"summary_large_image\" \/>\n<meta name=\"twitter:label1\" content=\"Gesch\u00e4tzte Lesezeit\" \/>\n\t<meta name=\"twitter:data1\" content=\"2\u00a0Minuten\" \/>\n<script type=\"application\/ld+json\" class=\"yoast-schema-graph\">{\"@context\":\"https:\\\/\\\/schema.org\",\"@graph\":[{\"@type\":\"WebPage\",\"@id\":\"https:\\\/\\\/sysmatec.ch\\\/de\\\/Produkt\\\/ruehrwerk-microstar-30\\\/\",\"url\":\"https:\\\/\\\/sysmatec.ch\\\/de\\\/Produkt\\\/ruehrwerk-microstar-30\\\/\",\"name\":\"R\u00fchrwerk Microstar 30 - Sysmatec\",\"isPartOf\":{\"@id\":\"https:\\\/\\\/sysmatec.ch\\\/de\\\/#website\"},\"primaryImageOfPage\":{\"@id\":\"https:\\\/\\\/sysmatec.ch\\\/de\\\/Produkt\\\/ruehrwerk-microstar-30\\\/#primaryimage\"},\"image\":{\"@id\":\"https:\\\/\\\/sysmatec.ch\\\/de\\\/Produkt\\\/ruehrwerk-microstar-30\\\/#primaryimage\"},\"thumbnailUrl\":\"https:\\\/\\\/sysmatec.ch\\\/wp-content\\\/uploads\\\/2025\\\/05\\\/Agitateur_Microstar30.jpg\",\"datePublished\":\"2025-05-13T13:18:39+00:00\",\"dateModified\":\"2025-05-13T13:49:32+00:00\",\"description\":\"Laborr\u00fchrmotor. Wellenleistung 16 W. Drehzahl 0 bis 500 U\\\/min. Maximales Drehmoment an der Welle 30 Ncm. Maximales Volumen 20\",\"breadcrumb\":{\"@id\":\"https:\\\/\\\/sysmatec.ch\\\/de\\\/Produkt\\\/ruehrwerk-microstar-30\\\/#breadcrumb\"},\"inLanguage\":\"de\",\"potentialAction\":[{\"@type\":\"ReadAction\",\"target\":[\"https:\\\/\\\/sysmatec.ch\\\/de\\\/Produkt\\\/ruehrwerk-microstar-30\\\/\"]}]},{\"@type\":\"ImageObject\",\"inLanguage\":\"de\",\"@id\":\"https:\\\/\\\/sysmatec.ch\\\/de\\\/Produkt\\\/ruehrwerk-microstar-30\\\/#primaryimage\",\"url\":\"https:\\\/\\\/sysmatec.ch\\\/wp-content\\\/uploads\\\/2025\\\/05\\\/Agitateur_Microstar30.jpg\",\"contentUrl\":\"https:\\\/\\\/sysmatec.ch\\\/wp-content\\\/uploads\\\/2025\\\/05\\\/Agitateur_Microstar30.jpg\",\"width\":668,\"height\":739},{\"@type\":\"BreadcrumbList\",\"@id\":\"https:\\\/\\\/sysmatec.ch\\\/de\\\/Produkt\\\/ruehrwerk-microstar-30\\\/#breadcrumb\",\"itemListElement\":[{\"@type\":\"ListItem\",\"position\":1,\"name\":\"Accueil\",\"item\":\"https:\\\/\\\/sysmatec.ch\\\/de\\\/\"},{\"@type\":\"ListItem\",\"position\":2,\"name\":\"Die Aktivit\u00e4t von Sysmatec\",\"item\":\"https:\\\/\\\/sysmatec.ch\\\/de\\\/\"},{\"@type\":\"ListItem\",\"position\":3,\"name\":\"R\u00fchrwerk Microstar 30\"}]},{\"@type\":\"WebSite\",\"@id\":\"https:\\\/\\\/sysmatec.ch\\\/de\\\/#website\",\"url\":\"https:\\\/\\\/sysmatec.ch\\\/de\\\/\",\"name\":\"Sysmatec\",\"description\":\"Equipement de laboratoire et logiciels\",\"publisher\":{\"@id\":\"https:\\\/\\\/sysmatec.ch\\\/de\\\/#organization\"},\"potentialAction\":[{\"@type\":\"SearchAction\",\"target\":{\"@type\":\"EntryPoint\",\"urlTemplate\":\"https:\\\/\\\/sysmatec.ch\\\/de\\\/?s={search_term_string}\"},\"query-input\":{\"@type\":\"PropertyValueSpecification\",\"valueRequired\":true,\"valueName\":\"search_term_string\"}}],\"inLanguage\":\"de\"},{\"@type\":\"Organization\",\"@id\":\"https:\\\/\\\/sysmatec.ch\\\/de\\\/#organization\",\"name\":\"Sysmatec\",\"url\":\"https:\\\/\\\/sysmatec.ch\\\/de\\\/\",\"logo\":{\"@type\":\"ImageObject\",\"inLanguage\":\"de\",\"@id\":\"https:\\\/\\\/sysmatec.ch\\\/de\\\/#\\\/schema\\\/logo\\\/image\\\/\",\"url\":\"https:\\\/\\\/sysmatec.ch\\\/wp-content\\\/uploads\\\/2018\\\/11\\\/LogoSysmatec.jpg\",\"contentUrl\":\"https:\\\/\\\/sysmatec.ch\\\/wp-content\\\/uploads\\\/2018\\\/11\\\/LogoSysmatec.jpg\",\"width\":301,\"height\":297,\"caption\":\"Sysmatec\"},\"image\":{\"@id\":\"https:\\\/\\\/sysmatec.ch\\\/de\\\/#\\\/schema\\\/logo\\\/image\\\/\"}}]}<\/script>\n<!-- \/ Yoast SEO plugin. -->","yoast_head_json":{"title":"R\u00fchrwerk Microstar 30 - Sysmatec","description":"Laborr\u00fchrmotor. Wellenleistung 16 W. Drehzahl 0 bis 500 U\/min. Maximales Drehmoment an der Welle 30 Ncm. Maximales Volumen 20","robots":{"index":"index","follow":"follow","max-snippet":"max-snippet:-1","max-image-preview":"max-image-preview:large","max-video-preview":"max-video-preview:-1"},"canonical":"https:\/\/sysmatec.ch\/de\/Produkt\/ruehrwerk-microstar-30\/","og_locale":"de_DE","og_type":"article","og_title":"R\u00fchrwerk Microstar 30 - Sysmatec","og_description":"Laborr\u00fchrmotor. Wellenleistung 16 W. Drehzahl 0 bis 500 U\/min. Maximales Drehmoment an der Welle 30 Ncm. Maximales Volumen 20","og_url":"https:\/\/sysmatec.ch\/de\/Produkt\/ruehrwerk-microstar-30\/","og_site_name":"Sysmatec","article_modified_time":"2025-05-13T13:49:32+00:00","og_image":[{"width":668,"height":739,"url":"https:\/\/sysmatec.ch\/wp-content\/uploads\/2025\/05\/Agitateur_Microstar30.jpg","type":"image\/jpeg"}],"twitter_card":"summary_large_image","twitter_misc":{"Gesch\u00e4tzte Lesezeit":"2\u00a0Minuten"},"schema":{"@context":"https:\/\/schema.org","@graph":[{"@type":"WebPage","@id":"https:\/\/sysmatec.ch\/de\/Produkt\/ruehrwerk-microstar-30\/","url":"https:\/\/sysmatec.ch\/de\/Produkt\/ruehrwerk-microstar-30\/","name":"R\u00fchrwerk Microstar 30 - Sysmatec","isPartOf":{"@id":"https:\/\/sysmatec.ch\/de\/#website"},"primaryImageOfPage":{"@id":"https:\/\/sysmatec.ch\/de\/Produkt\/ruehrwerk-microstar-30\/#primaryimage"},"image":{"@id":"https:\/\/sysmatec.ch\/de\/Produkt\/ruehrwerk-microstar-30\/#primaryimage"},"thumbnailUrl":"https:\/\/sysmatec.ch\/wp-content\/uploads\/2025\/05\/Agitateur_Microstar30.jpg","datePublished":"2025-05-13T13:18:39+00:00","dateModified":"2025-05-13T13:49:32+00:00","description":"Laborr\u00fchrmotor. Wellenleistung 16 W. Drehzahl 0 bis 500 U\/min. Maximales Drehmoment an der Welle 30 Ncm. Maximales Volumen 20","breadcrumb":{"@id":"https:\/\/sysmatec.ch\/de\/Produkt\/ruehrwerk-microstar-30\/#breadcrumb"},"inLanguage":"de","potentialAction":[{"@type":"ReadAction","target":["https:\/\/sysmatec.ch\/de\/Produkt\/ruehrwerk-microstar-30\/"]}]},{"@type":"ImageObject","inLanguage":"de","@id":"https:\/\/sysmatec.ch\/de\/Produkt\/ruehrwerk-microstar-30\/#primaryimage","url":"https:\/\/sysmatec.ch\/wp-content\/uploads\/2025\/05\/Agitateur_Microstar30.jpg","contentUrl":"https:\/\/sysmatec.ch\/wp-content\/uploads\/2025\/05\/Agitateur_Microstar30.jpg","width":668,"height":739},{"@type":"BreadcrumbList","@id":"https:\/\/sysmatec.ch\/de\/Produkt\/ruehrwerk-microstar-30\/#breadcrumb","itemListElement":[{"@type":"ListItem","position":1,"name":"Accueil","item":"https:\/\/sysmatec.ch\/de\/"},{"@type":"ListItem","position":2,"name":"Die Aktivit\u00e4t von Sysmatec","item":"https:\/\/sysmatec.ch\/de\/"},{"@type":"ListItem","position":3,"name":"R\u00fchrwerk Microstar 30"}]},{"@type":"WebSite","@id":"https:\/\/sysmatec.ch\/de\/#website","url":"https:\/\/sysmatec.ch\/de\/","name":"Sysmatec","description":"Equipement de laboratoire et logiciels","publisher":{"@id":"https:\/\/sysmatec.ch\/de\/#organization"},"potentialAction":[{"@type":"SearchAction","target":{"@type":"EntryPoint","urlTemplate":"https:\/\/sysmatec.ch\/de\/?s={search_term_string}"},"query-input":{"@type":"PropertyValueSpecification","valueRequired":true,"valueName":"search_term_string"}}],"inLanguage":"de"},{"@type":"Organization","@id":"https:\/\/sysmatec.ch\/de\/#organization","name":"Sysmatec","url":"https:\/\/sysmatec.ch\/de\/","logo":{"@type":"ImageObject","inLanguage":"de","@id":"https:\/\/sysmatec.ch\/de\/#\/schema\/logo\/image\/","url":"https:\/\/sysmatec.ch\/wp-content\/uploads\/2018\/11\/LogoSysmatec.jpg","contentUrl":"https:\/\/sysmatec.ch\/wp-content\/uploads\/2018\/11\/LogoSysmatec.jpg","width":301,"height":297,"caption":"Sysmatec"},"image":{"@id":"https:\/\/sysmatec.ch\/de\/#\/schema\/logo\/image\/"}}]}},"_links":{"self":[{"href":"https:\/\/sysmatec.ch\/de\/wp-json\/wp\/v2\/product\/30602","targetHints":{"allow":["GET"]}}],"collection":[{"href":"https:\/\/sysmatec.ch\/de\/wp-json\/wp\/v2\/product"}],"about":[{"href":"https:\/\/sysmatec.ch\/de\/wp-json\/wp\/v2\/types\/product"}],"wp:featuredmedia":[{"embeddable":true,"href":"https:\/\/sysmatec.ch\/de\/wp-json\/wp\/v2\/media\/30606"}],"wp:attachment":[{"href":"https:\/\/sysmatec.ch\/de\/wp-json\/wp\/v2\/media?parent=30602"}],"wp:term":[{"taxonomy":"product_brand","embeddable":true,"href":"https:\/\/sysmatec.ch\/de\/wp-json\/wp\/v2\/product_brand?post=30602"},{"taxonomy":"product_cat","embeddable":true,"href":"https:\/\/sysmatec.ch\/de\/wp-json\/wp\/v2\/product_cat?post=30602"},{"taxonomy":"product_tag","embeddable":true,"href":"https:\/\/sysmatec.ch\/de\/wp-json\/wp\/v2\/product_tag?post=30602"}],"curies":[{"name":"wp","href":"https:\/\/api.w.org\/{rel}","templated":true}]}}