{"id":3059,"date":"2019-02-16T14:09:01","date_gmt":"2019-02-16T13:09:01","guid":{"rendered":"https:\/\/sysmatec.ch\/produit\/balance-de-sol-kern-bbn\/"},"modified":"2022-02-27T09:55:58","modified_gmt":"2022-02-27T08:55:58","slug":"drahtloses-multisensorgeraet-sp1-sim","status":"publish","type":"product","link":"https:\/\/sysmatec.ch\/de\/Produkt\/drahtloses-multisensorgeraet-sp1-sim\/","title":{"rendered":"Drahtloses Multisensorger\u00e4t SP1-SIM"},"content":{"rendered":"<p><span class=\"VIiyi\" lang=\"de\"><span class=\"JLqJ4b ChMk0b\" data-language-for-alternatives=\"de\" data-language-to-translate-into=\"en\" data-phrase-index=\"0\">UbiBot \u00ae Smart Switch SP1-SIM, es kann eine Vielzahl von Sensoren anschlie\u00dfen und angeschlossen werden<\/span> <span class=\"JLqJ4b ChMk0b\" data-language-for-alternatives=\"de\" data-language-to-translate-into=\"en\" data-phrase-index=\"2\">\u00fcber WLAN, GPRS und 4G ins Internet.<\/span> <span class=\"JLqJ4b ChMk0b\" data-language-for-alternatives=\"de\" data-language-to-translate-into=\"en\" data-phrase-index=\"3\">Die Daten werden extern erhoben collected<\/span> <span class=\"JLqJ4b ChMk0b\" data-language-for-alternatives=\"de\" data-language-to-translate-into=\"en\" data-phrase-index=\"5\">Sensoren und der Status des Stromausfalls k\u00f6nnen auf die UbiBot \u00ae -Datenplattform hochgeladen werden.<\/span> <span class=\"JLqJ4b ChMk0b\" data-language-for-alternatives=\"de\" data-language-to-translate-into=\"en\" data-phrase-index=\"7\">\u00dcber die Plattform k\u00f6nnen relevante Verkn\u00fcpfungen und Alarme eingestellt werden, um das Intelligente zu f\u00f6rdern<\/span> <span class=\"JLqJ4b ChMk0b\" data-language-for-alternatives=\"de\" data-language-to-translate-into=\"en\" data-phrase-index=\"9\">Entwicklungsrichtung von Industrie, Landwirtschaft, Haushalt und anderen Bereichen.<\/span> <\/span><\/p>\n<ul>\n<li><span class=\"VIiyi\" lang=\"de\"><span class=\"JLqJ4b ChMk0b\" data-language-for-alternatives=\"de\" data-language-to-translate-into=\"en\" data-phrase-index=\"11\">Materialien: Flammbest\u00e4ndiges ABS &amp; PC<\/span><\/span><\/li>\n<li><span class=\"VIiyi\" lang=\"de\"><span class=\"JLqJ4b ChMk0b\" data-language-for-alternatives=\"de\" data-language-to-translate-into=\"en\" data-phrase-index=\"13\">Abmessungen: 66*120*35mm<\/span><\/span><\/li>\n<li><span class=\"VIiyi\" lang=\"de\"><span class=\"JLqJ4b ChMk0b\" data-language-for-alternatives=\"de\" data-language-to-translate-into=\"en\" data-phrase-index=\"15\">Verlustleistung: \u22640,1W<\/span><\/span><\/li>\n<li><span class=\"VIiyi\" lang=\"de\"><span class=\"JLqJ4b ChMk0b\" data-language-for-alternatives=\"de\" data-language-to-translate-into=\"en\" data-phrase-index=\"17\">Externe Sensoren: RS485, DS18B20<\/span><\/span><\/li>\n<li><span class=\"VIiyi\" lang=\"de\"><span class=\"JLqJ4b ChMk0b\" data-language-for-alternatives=\"de\" data-language-to-translate-into=\"en\" data-phrase-index=\"19\">Messgenauigkeit: \u00b10.01A, \u00b10.1V, \u00b10.1W<\/span><\/span><\/li>\n<li><span class=\"VIiyi\" lang=\"de\"><span class=\"JLqJ4b ChMk0b\" data-language-for-alternatives=\"de\" data-language-to-translate-into=\"en\" data-phrase-index=\"21\">Betriebstemperatur: 0~40\u2103<\/span><\/span><\/li>\n<li><span class=\"VIiyi\" lang=\"de\"><span class=\"JLqJ4b ChMk0b\" data-language-for-alternatives=\"de\" data-language-to-translate-into=\"en\" data-phrase-index=\"23\">Netzwerkunterst\u00fctzung: WiFi\uff0cGPRS, 4G<\/span><\/span><\/li>\n<li><span class=\"VIiyi\" lang=\"de\"><span class=\"JLqJ4b ChMk0b\" data-language-for-alternatives=\"de\" data-language-to-translate-into=\"en\" data-phrase-index=\"25\">Sensoren: Temperatur, Feuchtigkeit, pH, Leitf\u00e4higkeit, CO2, Wind, Leckage<\/span><\/span><\/li>\n<\/ul>\n","protected":false},"excerpt":{"rendered":"<p><span class=\"VIiyi\" lang=\"de\"><span class=\"JLqJ4b ChMk0b\" data-language-for-alternatives=\"de\" data-language-to-translate-into=\"fr\" data-phrase-index=\"0\">Multifunktionsmessger\u00e4t (Temperatur, Feuchte, Anemometer) mit GPRS- und 4G-Kommunikation<\/span><\/span><\/p>\n","protected":false},"featured_media":25284,"template":"","meta":{"_crdt_document":""},"product_brand":[],"product_cat":[175,194,180,173],"product_tag":[],"class_list":{"0":"post-3059","1":"product","2":"type-product","3":"status-publish","4":"has-post-thumbnail","6":"product_cat-feuchte","7":"product_cat-leitfaehigkeit","8":"product_cat-messung","9":"product_cat-temperatur","11":"first","12":"instock","13":"taxable","14":"shipping-taxable","15":"product-type-simple"},"yoast_head":"<!-- This site is optimized with the Yoast SEO plugin v27.4 - https:\/\/yoast.com\/product\/yoast-seo-wordpress\/ -->\n<title>Drahtloses Multisensorger\u00e4t SP1-SIM - Sysmatec<\/title>\n<meta name=\"description\" content=\"Modul zum Anschluss von Sensoren wie Temperatur, Feuchtigkeit, pH, Leitf\u00e4higkeit, CO2, Wind, Leckagen. Die Daten werden per 4G-Netz an eine Cloud gesendet.\" \/>\n<meta name=\"robots\" content=\"index, follow, max-snippet:-1, max-image-preview:large, max-video-preview:-1\" \/>\n<link rel=\"canonical\" href=\"https:\/\/sysmatec.ch\/de\/produit\/drahtloses-multisensorgeraet-sp1-sim\/\" \/>\n<meta property=\"og:locale\" content=\"de_DE\" \/>\n<meta property=\"og:type\" content=\"article\" \/>\n<meta property=\"og:title\" content=\"Drahtloses Multisensorger\u00e4t SP1-SIM - Sysmatec\" \/>\n<meta property=\"og:description\" content=\"Modul zum Anschluss von Sensoren wie Temperatur, Feuchtigkeit, pH, Leitf\u00e4higkeit, CO2, Wind, Leckagen. Die Daten werden per 4G-Netz an eine Cloud gesendet.\" \/>\n<meta property=\"og:url\" content=\"https:\/\/sysmatec.ch\/de\/produit\/drahtloses-multisensorgeraet-sp1-sim\/\" \/>\n<meta property=\"og:site_name\" content=\"Sysmatec\" \/>\n<meta property=\"article:modified_time\" content=\"2022-02-27T08:55:58+00:00\" \/>\n<meta property=\"og:image\" content=\"https:\/\/sysmatec.ch\/wp-content\/uploads\/2019\/02\/Temperature_UbibotSP1_1.jpg\" \/>\n\t<meta property=\"og:image:width\" content=\"439\" \/>\n\t<meta property=\"og:image:height\" content=\"631\" \/>\n\t<meta property=\"og:image:type\" content=\"image\/jpeg\" \/>\n<meta name=\"twitter:card\" content=\"summary_large_image\" \/>\n<meta name=\"twitter:label1\" content=\"Gesch\u00e4tzte Lesezeit\" \/>\n\t<meta name=\"twitter:data1\" content=\"1\u00a0Minute\" \/>\n<script type=\"application\/ld+json\" class=\"yoast-schema-graph\">{\"@context\":\"https:\\\/\\\/schema.org\",\"@graph\":[{\"@type\":\"WebPage\",\"@id\":\"https:\\\/\\\/sysmatec.ch\\\/de\\\/produit\\\/drahtloses-multisensorgeraet-sp1-sim\\\/\",\"url\":\"https:\\\/\\\/sysmatec.ch\\\/de\\\/produit\\\/drahtloses-multisensorgeraet-sp1-sim\\\/\",\"name\":\"Drahtloses Multisensorger\u00e4t SP1-SIM - Sysmatec\",\"isPartOf\":{\"@id\":\"https:\\\/\\\/sysmatec.ch\\\/de\\\/#website\"},\"primaryImageOfPage\":{\"@id\":\"https:\\\/\\\/sysmatec.ch\\\/de\\\/produit\\\/drahtloses-multisensorgeraet-sp1-sim\\\/#primaryimage\"},\"image\":{\"@id\":\"https:\\\/\\\/sysmatec.ch\\\/de\\\/produit\\\/drahtloses-multisensorgeraet-sp1-sim\\\/#primaryimage\"},\"thumbnailUrl\":\"https:\\\/\\\/sysmatec.ch\\\/wp-content\\\/uploads\\\/2019\\\/02\\\/Temperature_UbibotSP1_1.jpg\",\"datePublished\":\"2019-02-16T13:09:01+00:00\",\"dateModified\":\"2022-02-27T08:55:58+00:00\",\"description\":\"Modul zum Anschluss von Sensoren wie Temperatur, Feuchtigkeit, pH, Leitf\u00e4higkeit, CO2, Wind, Leckagen. Die Daten werden per 4G-Netz an eine Cloud gesendet.\",\"breadcrumb\":{\"@id\":\"https:\\\/\\\/sysmatec.ch\\\/de\\\/produit\\\/drahtloses-multisensorgeraet-sp1-sim\\\/#breadcrumb\"},\"inLanguage\":\"de\",\"potentialAction\":[{\"@type\":\"ReadAction\",\"target\":[\"https:\\\/\\\/sysmatec.ch\\\/de\\\/produit\\\/drahtloses-multisensorgeraet-sp1-sim\\\/\"]}]},{\"@type\":\"ImageObject\",\"inLanguage\":\"de\",\"@id\":\"https:\\\/\\\/sysmatec.ch\\\/de\\\/produit\\\/drahtloses-multisensorgeraet-sp1-sim\\\/#primaryimage\",\"url\":\"https:\\\/\\\/sysmatec.ch\\\/wp-content\\\/uploads\\\/2019\\\/02\\\/Temperature_UbibotSP1_1.jpg\",\"contentUrl\":\"https:\\\/\\\/sysmatec.ch\\\/wp-content\\\/uploads\\\/2019\\\/02\\\/Temperature_UbibotSP1_1.jpg\",\"width\":439,\"height\":631},{\"@type\":\"BreadcrumbList\",\"@id\":\"https:\\\/\\\/sysmatec.ch\\\/de\\\/produit\\\/drahtloses-multisensorgeraet-sp1-sim\\\/#breadcrumb\",\"itemListElement\":[{\"@type\":\"ListItem\",\"position\":1,\"name\":\"Accueil\",\"item\":\"https:\\\/\\\/sysmatec.ch\\\/de\\\/\"},{\"@type\":\"ListItem\",\"position\":2,\"name\":\"Die Aktivit\u00e4t von Sysmatec\",\"item\":\"https:\\\/\\\/sysmatec.ch\\\/de\\\/\"},{\"@type\":\"ListItem\",\"position\":3,\"name\":\"Drahtloses Multisensorger\u00e4t SP1-SIM\"}]},{\"@type\":\"WebSite\",\"@id\":\"https:\\\/\\\/sysmatec.ch\\\/de\\\/#website\",\"url\":\"https:\\\/\\\/sysmatec.ch\\\/de\\\/\",\"name\":\"Sysmatec\",\"description\":\"Equipement de laboratoire et logiciels\",\"publisher\":{\"@id\":\"https:\\\/\\\/sysmatec.ch\\\/de\\\/#organization\"},\"potentialAction\":[{\"@type\":\"SearchAction\",\"target\":{\"@type\":\"EntryPoint\",\"urlTemplate\":\"https:\\\/\\\/sysmatec.ch\\\/de\\\/?s={search_term_string}\"},\"query-input\":{\"@type\":\"PropertyValueSpecification\",\"valueRequired\":true,\"valueName\":\"search_term_string\"}}],\"inLanguage\":\"de\"},{\"@type\":\"Organization\",\"@id\":\"https:\\\/\\\/sysmatec.ch\\\/de\\\/#organization\",\"name\":\"Sysmatec\",\"url\":\"https:\\\/\\\/sysmatec.ch\\\/de\\\/\",\"logo\":{\"@type\":\"ImageObject\",\"inLanguage\":\"de\",\"@id\":\"https:\\\/\\\/sysmatec.ch\\\/de\\\/#\\\/schema\\\/logo\\\/image\\\/\",\"url\":\"https:\\\/\\\/sysmatec.ch\\\/wp-content\\\/uploads\\\/2018\\\/11\\\/LogoSysmatec.jpg\",\"contentUrl\":\"https:\\\/\\\/sysmatec.ch\\\/wp-content\\\/uploads\\\/2018\\\/11\\\/LogoSysmatec.jpg\",\"width\":301,\"height\":297,\"caption\":\"Sysmatec\"},\"image\":{\"@id\":\"https:\\\/\\\/sysmatec.ch\\\/de\\\/#\\\/schema\\\/logo\\\/image\\\/\"}}]}<\/script>\n<!-- \/ Yoast SEO plugin. -->","yoast_head_json":{"title":"Drahtloses Multisensorger\u00e4t SP1-SIM - Sysmatec","description":"Modul zum Anschluss von Sensoren wie Temperatur, Feuchtigkeit, pH, Leitf\u00e4higkeit, CO2, Wind, Leckagen. Die Daten werden per 4G-Netz an eine Cloud gesendet.","robots":{"index":"index","follow":"follow","max-snippet":"max-snippet:-1","max-image-preview":"max-image-preview:large","max-video-preview":"max-video-preview:-1"},"canonical":"https:\/\/sysmatec.ch\/de\/produit\/drahtloses-multisensorgeraet-sp1-sim\/","og_locale":"de_DE","og_type":"article","og_title":"Drahtloses Multisensorger\u00e4t SP1-SIM - Sysmatec","og_description":"Modul zum Anschluss von Sensoren wie Temperatur, Feuchtigkeit, pH, Leitf\u00e4higkeit, CO2, Wind, Leckagen. Die Daten werden per 4G-Netz an eine Cloud gesendet.","og_url":"https:\/\/sysmatec.ch\/de\/produit\/drahtloses-multisensorgeraet-sp1-sim\/","og_site_name":"Sysmatec","article_modified_time":"2022-02-27T08:55:58+00:00","og_image":[{"width":439,"height":631,"url":"https:\/\/sysmatec.ch\/wp-content\/uploads\/2019\/02\/Temperature_UbibotSP1_1.jpg","type":"image\/jpeg"}],"twitter_card":"summary_large_image","twitter_misc":{"Gesch\u00e4tzte Lesezeit":"1\u00a0Minute"},"schema":{"@context":"https:\/\/schema.org","@graph":[{"@type":"WebPage","@id":"https:\/\/sysmatec.ch\/de\/produit\/drahtloses-multisensorgeraet-sp1-sim\/","url":"https:\/\/sysmatec.ch\/de\/produit\/drahtloses-multisensorgeraet-sp1-sim\/","name":"Drahtloses Multisensorger\u00e4t SP1-SIM - Sysmatec","isPartOf":{"@id":"https:\/\/sysmatec.ch\/de\/#website"},"primaryImageOfPage":{"@id":"https:\/\/sysmatec.ch\/de\/produit\/drahtloses-multisensorgeraet-sp1-sim\/#primaryimage"},"image":{"@id":"https:\/\/sysmatec.ch\/de\/produit\/drahtloses-multisensorgeraet-sp1-sim\/#primaryimage"},"thumbnailUrl":"https:\/\/sysmatec.ch\/wp-content\/uploads\/2019\/02\/Temperature_UbibotSP1_1.jpg","datePublished":"2019-02-16T13:09:01+00:00","dateModified":"2022-02-27T08:55:58+00:00","description":"Modul zum Anschluss von Sensoren wie Temperatur, Feuchtigkeit, pH, Leitf\u00e4higkeit, CO2, Wind, Leckagen. Die Daten werden per 4G-Netz an eine Cloud gesendet.","breadcrumb":{"@id":"https:\/\/sysmatec.ch\/de\/produit\/drahtloses-multisensorgeraet-sp1-sim\/#breadcrumb"},"inLanguage":"de","potentialAction":[{"@type":"ReadAction","target":["https:\/\/sysmatec.ch\/de\/produit\/drahtloses-multisensorgeraet-sp1-sim\/"]}]},{"@type":"ImageObject","inLanguage":"de","@id":"https:\/\/sysmatec.ch\/de\/produit\/drahtloses-multisensorgeraet-sp1-sim\/#primaryimage","url":"https:\/\/sysmatec.ch\/wp-content\/uploads\/2019\/02\/Temperature_UbibotSP1_1.jpg","contentUrl":"https:\/\/sysmatec.ch\/wp-content\/uploads\/2019\/02\/Temperature_UbibotSP1_1.jpg","width":439,"height":631},{"@type":"BreadcrumbList","@id":"https:\/\/sysmatec.ch\/de\/produit\/drahtloses-multisensorgeraet-sp1-sim\/#breadcrumb","itemListElement":[{"@type":"ListItem","position":1,"name":"Accueil","item":"https:\/\/sysmatec.ch\/de\/"},{"@type":"ListItem","position":2,"name":"Die Aktivit\u00e4t von Sysmatec","item":"https:\/\/sysmatec.ch\/de\/"},{"@type":"ListItem","position":3,"name":"Drahtloses Multisensorger\u00e4t SP1-SIM"}]},{"@type":"WebSite","@id":"https:\/\/sysmatec.ch\/de\/#website","url":"https:\/\/sysmatec.ch\/de\/","name":"Sysmatec","description":"Equipement de laboratoire et logiciels","publisher":{"@id":"https:\/\/sysmatec.ch\/de\/#organization"},"potentialAction":[{"@type":"SearchAction","target":{"@type":"EntryPoint","urlTemplate":"https:\/\/sysmatec.ch\/de\/?s={search_term_string}"},"query-input":{"@type":"PropertyValueSpecification","valueRequired":true,"valueName":"search_term_string"}}],"inLanguage":"de"},{"@type":"Organization","@id":"https:\/\/sysmatec.ch\/de\/#organization","name":"Sysmatec","url":"https:\/\/sysmatec.ch\/de\/","logo":{"@type":"ImageObject","inLanguage":"de","@id":"https:\/\/sysmatec.ch\/de\/#\/schema\/logo\/image\/","url":"https:\/\/sysmatec.ch\/wp-content\/uploads\/2018\/11\/LogoSysmatec.jpg","contentUrl":"https:\/\/sysmatec.ch\/wp-content\/uploads\/2018\/11\/LogoSysmatec.jpg","width":301,"height":297,"caption":"Sysmatec"},"image":{"@id":"https:\/\/sysmatec.ch\/de\/#\/schema\/logo\/image\/"}}]}},"_links":{"self":[{"href":"https:\/\/sysmatec.ch\/de\/wp-json\/wp\/v2\/product\/3059","targetHints":{"allow":["GET"]}}],"collection":[{"href":"https:\/\/sysmatec.ch\/de\/wp-json\/wp\/v2\/product"}],"about":[{"href":"https:\/\/sysmatec.ch\/de\/wp-json\/wp\/v2\/types\/product"}],"wp:featuredmedia":[{"embeddable":true,"href":"https:\/\/sysmatec.ch\/de\/wp-json\/wp\/v2\/media\/25284"}],"wp:attachment":[{"href":"https:\/\/sysmatec.ch\/de\/wp-json\/wp\/v2\/media?parent=3059"}],"wp:term":[{"taxonomy":"product_brand","embeddable":true,"href":"https:\/\/sysmatec.ch\/de\/wp-json\/wp\/v2\/product_brand?post=3059"},{"taxonomy":"product_cat","embeddable":true,"href":"https:\/\/sysmatec.ch\/de\/wp-json\/wp\/v2\/product_cat?post=3059"},{"taxonomy":"product_tag","embeddable":true,"href":"https:\/\/sysmatec.ch\/de\/wp-json\/wp\/v2\/product_tag?post=3059"}],"curies":[{"name":"wp","href":"https:\/\/api.w.org\/{rel}","templated":true}]}}